{"id":181865,"date":"2024-02-02T12:19:48","date_gmt":"2024-02-02T11:19:48","guid":{"rendered":"https:\/\/www.sitema.de\/iletisim\/somut-talep\/"},"modified":"2025-12-05T18:21:14","modified_gmt":"2025-12-05T17:21:14","slug":"somut-talep","status":"publish","type":"page","link":"https:\/\/www.sitema.de\/tr\/iletisim\/somut-talep\/","title":{"rendered":"Somut talep"},"content":{"rendered":"\n<section class=\"wp-block-group alignfull header-generic has-global-padding is-layout-constrained wp-block-group-is-layout-constrained\" id=\"header-generic\">\n<div class=\"wp-block-cover alignfull\" style=\"min-height:350px;aspect-ratio:unset;\"><span aria-hidden=\"true\" class=\"wp-block-cover__background has-background-dim-60 has-background-dim wp-block-cover__gradient-background has-background-gradient\" style=\"background:linear-gradient(90deg,rgb(255,255,255) 0%,rgba(0,0,0,0) 100%)\"><\/span><img decoding=\"async\" width=\"1920\" height=\"350\" class=\"wp-block-cover__image-background wp-image-33439\" alt=\"\" src=\"https:\/\/www.sitema.de\/wp-content\/uploads\/unternehmen\/kontakt_header.jpg\" style=\"object-position:100% 50%\" data-object-fit=\"cover\" data-object-position=\"100% 50%\" srcset=\"https:\/\/www.sitema.de\/wp-content\/uploads\/unternehmen\/kontakt_header.jpg 1920w, https:\/\/www.sitema.de\/wp-content\/uploads\/unternehmen\/kontakt_header-300x55.jpg 300w, https:\/\/www.sitema.de\/wp-content\/uploads\/unternehmen\/kontakt_header-1024x187.jpg 1024w, https:\/\/www.sitema.de\/wp-content\/uploads\/unternehmen\/kontakt_header-768x140.jpg 768w, https:\/\/www.sitema.de\/wp-content\/uploads\/unternehmen\/kontakt_header-1536x280.jpg 1536w\" sizes=\"(max-width: 1920px) 100vw, 1920px\" \/><div class=\"wp-block-cover__inner-container has-global-padding is-layout-constrained wp-block-cover-is-layout-constrained\">\n<h1 class=\"wp-block-heading has-text-align-left has-blue-20-color has-text-color has-title-h-1-font-size\">Somut talep<\/h1>\n<\/div><\/div>\n<\/section>\n\n<div class=\"wp-block-group is-style-overlap has-global-padding is-layout-constrained wp-block-group-is-layout-constrained\">\r\n\r\n\r\n<div class=\"bootstrap-custom-container\">\r\n    <div id=\"cookie-error\" class=\"col-12 d-none\">\r\n        <div class=\"alert alert-danger alert-dismissible fade show\" role=\"alert\">\r\n            Hata: Formu g&ouml;nderebilmek i&ccedil;in &ccedil;erezler kabul edilmelidir.            <a title=\"&Ccedil;erez ayarlar\u0131\" href=\"javascript:cookiePreference();\" class=\"text-primary\">&Ccedil;erez ayarlar\u0131<\/a>\r\n            <button type=\"button\" class=\"btn-close\" data-bs-dismiss=\"alert\" aria-label=\"Close\"><\/button>\r\n        <\/div>\r\n    <\/div>\r\n<\/div>\r\n\r\n<div class=\"wp-block-group has-white-background-color has-background has-global-padding is-layout-constrained wp-container-core-group-layout-11 wp-block-group-is-layout-constrained\" style=\"border-radius:4px;padding-top:var(--wp--preset--spacing--1-rem);padding-right:var(--wp--preset--spacing--1-rem);padding-bottom:var(--wp--preset--spacing--1-rem);padding-left:var(--wp--preset--spacing--1-rem)\">\r\n    <div class=\"bootstrap-custom-container\">\r\n\r\n        <div id=\"formContainer\" class=\"col-12 py-4 px-3\">\r\n                        <form action=\"\/tr\/wp-json\/wp\/v2\/pages\/181865\" id=\"konkrete-form\" method=\"post\" class=\"needs-validation g-3\" name=\"specific-inquiry\" novalidate>\r\n                <div class=\"row\">\r\n                    <h2 class=\"title\">1. &Uuml;r&uuml;n<\/h2>\r\n                    <div class=\"d-flex flex-row-reverse mb-3\">\r\n                        <p class=\"float-end mb-0\">* L&uuml;tfen bu alanlar\u0131 mutlaka doldurun<\/p>\r\n                    <\/div>\r\n                    <div class=\"col-md-3 mb-3\">\r\n                        <label>*&Uuml;r&uuml;n:<\/label>\r\n                    <\/div>\r\n                    <div class=\"col-md-9 mb-3\">\r\n                        <div class=\"col-md-12 mb-3\">\r\n                            <label for=\"s_product_type\" class=\"form-label\">Tip<\/label>\r\n                            <input type=\"text\" name=\"s_product_type\" class=\"form-control\" id=\"s_product_type\" placeholder=\"z.B. KR 80, KFH 56, KFPA 80-25, KSP 22\" value=\"\" title=\"L&uuml;tfen ge&ccedil;erli bir de\u011fer girin\" required>\r\n\r\n                            <div id=\"typHelp\" class=\"form-text\">(Ayn\u0131 yap\u0131 tipine ve mil \u00e7ap\u0131na sahip farkl\u0131 versiyonlar i\u00e7in toplu adland\u0131rma, \u00f6rn. KR 80, KFH 56, KFPA 80-25, KSP 22)\r\n                            <\/div>\r\n                            <div class=\"invalid-feedback\">\r\n                                L&uuml;tfen ge&ccedil;erli bir de\u011fer girin                            <\/div>\r\n                        <\/div>\r\n\r\n                        <div class=\"col-md-12 mb-3\">\r\n                            <label for=\"s_product_ident_no\" class=\"form-label\">ID no.<\/label>\r\n                            <input type=\"text\" name=\"s_product_ident_no\" class=\"form-control\" id=\"s_product_ident_no\" placeholder=\"z.B. SK 056 051, KFPA 080 025-1, KSP 022 02\" value=\"\" title=\"L&uuml;tfen ge&ccedil;erli bir de\u011fer girin\" required>\r\n\r\n                            <div id=\"typHelp\" class=\"form-text\">(Benzersiz tan\u0131mlama, ayn\u0131 zamanda sipari\u015f numaras\u0131d\u0131r, \u00f6rn. SK 056 051, KFPA 080 025-1, KSP 022 02)                            <\/div>\r\n                            <div class=\"invalid-feedback\">\r\n                                L&uuml;tfen ge&ccedil;erli bir de\u011fer girin                            <\/div>\r\n                        <\/div>\r\n\r\n                        <div class=\"col-md-12 mb-3\">\r\n                            <label for=\"s_serial_no\" class=\"form-label\">Seri numaras\u0131 (destek talebinde mutlaka gereklidir)<\/label>\r\n                            <input type=\"text\" name=\"s_serial_no\" class=\"form-control\" id=\"s_serial_no\" placeholder=\"z.B. 1234, 12345, 123456\" title=\"L&uuml;tfen ge&ccedil;erli bir de\u011fer girin\">\r\n                            <div id=\"typHelp\" class=\"form-text\">(Seri numaras\u0131n\u0131 tip etiketinde veya g\u00f6vde \u00fczerindeki kabartma numara olarak bulabilirsiniz)                            <\/div>\r\n\r\n                        <\/div>\r\n                    <\/div>\r\n                <\/div>\r\n                <hr>\r\n\r\n                <div class=\"row\">\r\n                    <div class=\"col-md-12 mb-3\">\r\n                        <h2 class=\"title\">2. Talebiniz<\/h2>\r\n                    <\/div>\r\n                    <div class=\"d-flex flex-row-reverse mb-3\">\r\n                        <p class=\"float-end mb-0\">* L&uuml;tfen bu alanlar\u0131 mutlaka doldurun<\/p>\r\n                    <\/div>\r\n                    <div class=\"row fieldset-container\">\r\n                        <div class=\"col-md-3 mb-3 input-fieldset-switch\">\r\n                            <div class=\"form-check\">\r\n                                <input name=\"s_request\" value=\"Talep\" class=\"form-check-input ena-dis-fieldset radio-ena-dis-fieldset\" type=\"radio\" id=\"s_request_1\" checked>\r\n                                <label class=\"form-check-label\" for=\"s_request_1\">Talep<\/label>\r\n                            <\/div>\r\n                        <\/div>\r\n                        <div class=\"col-md-9\">\r\n                            <fieldset>\r\n                                <div class=\"col-md-12 specific-fieldset\">\r\n                                    <div class=\"row\">\r\n                                        <div class=\"col-md-3\">\r\n                                            *<label class=\"form-label\">Miktar:<\/label>\r\n                                        <\/div>\r\n                                        <div class=\"col-md-7\">\r\n                                            <div class=\"col-md-12 mb-1 fieldset-container\">\r\n                                                <div class=\"form-check\">\r\n                                                    <input name=\"s_quantity\" id=\"s_quantity_1\" value=\"tek seferlik\" class=\"form-check-input mt-0 specific-radio\" type=\"radio\" required>\r\n                                                    <label class=\"form-check-label\" for=\"s_quantity_1\">tek seferlik<\/label>\r\n\r\n                                                <\/div>\r\n                                                <div class=\"input-group mb-3\">\r\n                                                    <fieldset disabled>\r\n                                                        <input name=\"s_once\" type=\"text\" class=\"form-control specific-inputs\" required>\r\n                                                    <\/fieldset>\r\n                                                    <span class=\"input-group-text\">adet<\/span>\r\n                                                    <div class=\"invalid-feedback\">\r\n                                                        L&uuml;tfen ge&ccedil;erli bir de\u011fer girin                                                    <\/div>\r\n                                                <\/div>\r\n                                            <\/div>\r\n\r\n                                            <div class=\"col-md-12 mb-1 fieldset-container\">\r\n                                                <div class=\"form-check\">\r\n                                                    <input name=\"s_quantity\" id=\"s_quantity_2\" value=\"ayl\u0131k\" class=\"form-check-input mt-0 specific-radio\" type=\"radio\" required>\r\n                                                    <label class=\"form-check-label\" for=\"s_quantity_2\">ayl\u0131k<\/label>\r\n                                                <\/div>\r\n                                                <div class=\"input-group mb-3\">\r\n                                                    <fieldset disabled>\r\n                                                        <input name=\"s_month\" type=\"text\" class=\"form-control specific-inputs\" required>\r\n                                                    <\/fieldset>\r\n                                                    <span class=\"input-group-text\">adet<\/span>\r\n                                                    <div class=\"invalid-feedback\">\r\n                                                        L&uuml;tfen ge&ccedil;erli bir de\u011fer girin                                                    <\/div>\r\n                                                <\/div>\r\n                                            <\/div>\r\n\r\n                                            <div class=\"col-md-12 mb-1 fieldset-container\">\r\n                                                <div class=\"form-check\">\r\n                                                    <input name=\"s_quantity\" id=\"s_quantity_3\" value=\"y\u0131ll\u0131k\" class=\"form-check-input mt-0 specific-radio\" type=\"radio\" required>\r\n                                                    <label class=\"form-check-label\" for=\"s_quantity_3\">y\u0131ll\u0131k<\/label>\r\n                                                <\/div>\r\n                                                <div class=\"input-group\">\r\n                                                    <fieldset disabled>\r\n                                                        <input name=\"s_year\" type=\"text\" class=\"form-control specific-inputs\" required>\r\n                                                    <\/fieldset>\r\n                                                    <span class=\"input-group-text\">adet<\/span>\r\n                                                    <div class=\"invalid-feedback\">\r\n                                                        L&uuml;tfen ge&ccedil;erli bir de\u011fer girin                                                    <\/div>\r\n                                                <\/div>\r\n                                            <\/div>\r\n                                            <div class=\"col-12 mt-2\">\r\n                                                <input name=\"s_quantity\" value=\"\" class=\"d-none\" type=\"radio\" required>\r\n                                                <div class=\"invalid-feedback\">\r\n                                                    L&uuml;tfen bir se&ccedil;enek se&ccedil;in                                                <\/div>\r\n                                            <\/div>\r\n                                        <\/div>\r\n                                    <\/div>\r\n\r\n                                    <div class=\"row mt-2\">\r\n                                        <div class=\"col-md-3\">\r\n                                            <label for=\"s_date\" class=\"form-label\">\u0130stenen teslim tarihi:<\/label>\r\n                                        <\/div>\r\n                                        <div class=\"col-md-6\" id=\"datepicker-container\">\r\n                                            <div class=\"input-group mb-3\">\r\n                                                <input name=\"s_date\" type=\"text\" class=\"form-control\" id=\"s_date\">\r\n                                                <label for=\"s_date\" class=\"input-group-text\"><i class=\"bi bi-calendar\"><\/i><\/label>\r\n                                            <\/div>\r\n                                        <\/div>\r\n                                    <\/div>\r\n                                <\/div>\r\n                            <\/fieldset>\r\n                        <\/div>\r\n                        <hr>\r\n                        <div class=\"col-md-3 input-fieldset-switch\">\r\n                            <div class=\"form-check\">\r\n                                <input name=\"s_request\" class=\"form-check-input ena-dis-fieldset radio-ena-dis-fieldset\" type=\"radio\" id=\"s_request_2\" value=\"Teknik destek\">\r\n                                <label class=\"form-check-label\" for=\"s_request_2\">Teknik destek<\/label>\r\n                            <\/div>\r\n                        <\/div>\r\n                        <div class=\"col-md-9 multiple_check_validation fieldset-container\">\r\n                            <fieldset disabled>\r\n                                <div class=\"col-md-12 mb-3\">\r\n                                    <div class=\"form-check\">\r\n                                        <input name=\"s_delivery\" class=\"form-check-input ena-dis-fieldset\" type=\"checkbox\" id=\"s_delivery\" required>\r\n                                        <label class=\"form-check-label\" for=\"s_delivery\">\r\n                                            L&uuml;tfen yukar\u0131da belirtilen &uuml;r&uuml;n&uuml;n kullan\u0131m k\u0131lavuzunu bana g&ouml;nderin                                        <\/label>\r\n                                    <\/div>\r\n                                <\/div>\r\n                                <div class=\"col-md-12 mb-3 input-fieldset-switch\">\r\n                                    <div class=\"form-check\">\r\n                                        <input name=\"s_help\" class=\"form-check-input ena-dis-fieldset\" type=\"checkbox\" id=\"s_help\" required>\r\n                                        <label class=\"form-check-label\" for=\"s_help\">\r\n                                            L&uuml;tfen \u015fu sorunla ilgili bana yard\u0131mc\u0131 olun (ayr\u0131nt\u0131l\u0131 a&ccedil;\u0131klama ve seri numaras\u0131 gerekli)                                        <\/label>\r\n                                    <\/div>\r\n                                <\/div>\r\n                                <div class=\"col-md-10\">\r\n                                    <fieldset disabled>\r\n                                        <div class=\"form-group\">\r\n                                            <textarea name=\"s_help_text\" class=\"form-control\"><\/textarea>\r\n                                        <\/div>\r\n                                    <\/fieldset>\r\n                                <\/div>\r\n                            <\/fieldset>\r\n                        <\/div>\r\n                    <\/div>\r\n                <\/div>\r\n                <hr>\r\n\r\n                <div class=\"row\">\r\n                    <div class=\"col-md-12 mb-3\">\r\n                        <h2 class=\"title\">3. Ki\u015fisel bilgiler<\/h2>\r\n                    <\/div>\r\n                    <div class=\"d-flex flex-row-reverse mb-3\">\r\n                        <p class=\"float-end mb-0\">* L&uuml;tfen bu alanlar\u0131 mutlaka doldurun<\/p>\r\n                    <\/div>\r\n                    <div class=\"col-md-4 mb-3\">\r\n                        <label for=\"s_company\" class=\"form-label\">*Firma<\/label>\r\n                        <input name=\"s_company\" type=\"text\" class=\"form-control\" id=\"s_company\" title=\"L&uuml;tfen bir firma ad\u0131 girin\" required>\r\n                        <div class=\"invalid-feedback\">\r\n                            L&uuml;tfen bir firma ad\u0131 girin                        <\/div>\r\n                    <\/div>\r\n                    <div class=\"col-md-4 mb-3\">\r\n                        <label for=\"s_name\" class=\"form-label\">*Ad\u0131<\/label>\r\n                        <input name=\"s_name\" type=\"text\" class=\"form-control\" id=\"s_name\" title=\"L&uuml;tfen bir isim girin\" required>\r\n                        <div class=\"invalid-feedback\">\r\n                            L&uuml;tfen bir isim girin                        <\/div>\r\n                    <\/div>\r\n                    <div class=\"col-md-4 mb-3\">\r\n                        <label for=\"s_dept\" class=\"form-label\">Departman<\/label>\r\n                        <input name=\"s_dept\" type=\"text\" class=\"form-control\" id=\"s_dept\">\r\n                    <\/div>\r\n                    <div class=\"col-md-4 mb-3\">\r\n                        <label for=\"s_email\" class=\"form-label\">*E-posta<\/label>\r\n                        <input name=\"s_email\" type=\"email\" class=\"form-control\" id=\"s_email\" title=\"L&uuml;tfen ge&ccedil;erli bir e-posta adresi girin\" required>\r\n                        <div class=\"invalid-feedback\">\r\n                            L&uuml;tfen ge&ccedil;erli bir e-posta adresi girin                        <\/div>\r\n                    <\/div>\r\n                    <div class=\"col-md-4 mb-3\">\r\n                        <label for=\"s_phone\" class=\"form-label\">Telefon<\/label>\r\n                        <input name=\"s_phone\" type=\"text\" class=\"form-control\" id=\"s_phone\">\r\n                    <\/div>\r\n                    <div class=\"col-md-4 mb-3\">\r\n                        <label for=\"s_street\" class=\"form-label\">Sokak \/ No.<\/label>\r\n                        <input name=\"s_street\" type=\"text\" class=\"form-control\" id=\"s_street\">\r\n                    <\/div>\r\n                    <div class=\"col-md-4 mb-3\">\r\n                        <label for=\"s_postal\" class=\"form-label\">Posta kodu \/ \u015eehir<\/label>\r\n                        <input name=\"s_postal\" type=\"text\" class=\"form-control\" id=\"s_postal\">\r\n                    <\/div>\r\n                    <div class=\"col-md-4 mb-3\">\r\n                        <label for=\"s_country\" class=\"form-label\">&Uuml;lke<\/label>\r\n                        <input name=\"s_country\" type=\"text\" class=\"form-control\" id=\"s_country\">\r\n                    <\/div>\r\n                    <div class=\"col-md-12 mb-3\">\r\n                        <div class=\"form-group\">\r\n                            <label class=\"form-check-label mb-3\" for=\"s_other\">Di\u011fer notlar:<\/label>\r\n                            <textarea name=\"s_other\" class=\"form-control\"><\/textarea>\r\n                            <input class=\"visually-hidden\" type=\"text\" name=\"company_fax\">\r\n                        <\/div>\r\n                    <\/div>\r\n                    <div class=\"col-md-12\">\r\n                        <div class=\"form-check\">\r\n                            <input name=\"s_call_me\" class=\"form-check-input\" type=\"checkbox\" id=\"s_call_me\">\r\n                            <label class=\"form-check-label\" for=\"s_call_me\">\r\n                                Beni geri aray\u0131n                            <\/label>\r\n                        <\/div>\r\n                    <\/div>\r\n                    <div class=\"col-md-12\">\r\n                        <div class=\"form-check\">\r\n                            <input name=\"s_email_me\" class=\"form-check-input\" type=\"checkbox\" id=\"s_email_me\">\r\n                            <label class=\"form-check-label\" for=\"s_email_me\">\r\n                                Bana e-posta g\u00f6nderin                            <\/label>\r\n                        <\/div>\r\n                    <\/div>\r\n                    <div class=\"col-md-12 mb-3\">\r\n                        <div class=\"form-check\">\r\n                            <input name=\"s_legal\" class=\"form-check-input\" type=\"checkbox\" id=\"s_legal\" required>\r\n                            <label class=\"form-check-label\" for=\"s_legal\">\r\n                                *Kabul ediyorum <a target=\"_blank\" href=\"https:\/\/www.sitema.de\/tr\/\/datenschutz\"> SITEMA&rsquo;n\u0131n veri koruma politikas\u0131n\u0131<\/a>\r\n                            <\/label>\r\n                            <div class=\"invalid-feedback\">\r\n                                L&uuml;tfen veri koruma politikas\u0131n\u0131 okuyup kabul edin                            <\/div>\r\n                        <\/div>\r\n                    <\/div>\r\n                <\/div>\r\n\r\n\r\n                <div class=\"row\">\r\n                    <div class=\"col-12 mb-3\">\r\n                        <div class=\"g-recaptcha\" data-sitekey=\"6Ldy_GQqAAAAAPgA0xqwS1y_BFkGuejQKZJzUOJi\"><\/div>\r\n                        <noscript>\r\n                            <div style=\"width: 302px; height: 352px;\">\r\n                                <div style=\"width: 302px; height: 352px; position: relative;\">\r\n                                    <div style=\"width: 302px; height: 352px; position: absolute;\">\r\n                                        <iframe src=\"https:\/\/www.google.com\/recaptcha\/api\/fallback?k=6Ldy_GQqAAAAAPgA0xqwS1y_BFkGuejQKZJzUOJi\"\r\n                                            frameborder=\"0\" scrolling=\"no\"\r\n                                            style=\"width: 302px; height:352px; border-style: none;\">\r\n                                        <\/iframe>\r\n                                    <\/div>\r\n                                    <div style=\"width: 250px; height: 80px; position: absolute; border-style: none;\r\n             bottom: 21px; left: 25px; margin: 0px; padding: 0px; right: 25px;\">\r\n                                        <textarea id=\"g-recaptcha-response\" name=\"g-recaptcha-response\"\r\n                                            class=\"g-recaptcha-response\"\r\n                                            style=\"width: 250px; height: 80px; border: 1px solid #c1c1c1;\r\n                      margin: 0px; padding: 0px; resize: none;\" value=\"\">\r\n            <\/textarea>\r\n                                    <\/div>\r\n                                <\/div>\r\n                            <\/div>\r\n                        <\/noscript>\r\n                        <span id=\"recaptcha_alert\" style=\"display:none; float:left; font-size:12px; color:#EA1F26;\"><\/span>\r\n                        <div class=\"recaptcha-error-msg invalid-feedback\">\r\n                            L&uuml;tfen bir se&ccedil;enek se&ccedil;in                        <\/div>\r\n                    <\/div>\r\n                <\/div>\r\n\r\n                <div class=\"row\">\r\n                    <div class=\"col-12\">\r\n                        <button id=\"submit-button\" class=\"btn btn-primary\" type=\"submit\">Formu g&ouml;nder<\/button>\r\n                    <\/div>\r\n                    <div id=\"loading-status\" class=\"spinner-border text-primary m-3 d-none\" role=\"status\">\r\n                        <span class=\"visually-hidden\"><\/span>\r\n                    <\/div>\r\n                <\/div>\r\n                <input type=\"hidden\" name=\"s_contact\">\r\n                <input type=\"hidden\" id=\"specific_contact_nonce\" name=\"specific_contact_nonce\" value=\"43574e3f52\" \/><input type=\"hidden\" name=\"_wp_http_referer\" value=\"\/tr\/wp-json\/wp\/v2\/pages\/181865\" \/>            <\/form>\r\n        <\/div>\r\n\r\n        <div id=\"cookiesAcceptModal\" class=\"col-12 d-none\">\r\n            <div class=\"bootstrap-custom-container\">\r\n                <div class=\"col-12 py-5 my-5 px-3 text-center\">\r\n                    <p class=\"mb-0\">Bu formu g&ouml;ndermek i&ccedil;in reCAPTCHA &ccedil;erezlerini kabul etmeniz gerekir.<br> A\u015fa\u011f\u0131dakine t\u0131klay\u0131n <a title=\"&Ccedil;erez y&ouml;netimi\" href=\"javascript:cookiePreference();\" class=\"primary\"> link<\/a>, <strong>reCAPTCHA<\/strong> kullan\u0131m\u0131n\u0131 etkinle\u015ftirin ve \u0130zin Ver se&ccedil;ene\u011fine t\u0131klay\u0131n<\/p>\r\n                <\/div>\r\n            <\/div>\r\n        <\/div>\r\n\r\n    <\/div>\r\n<\/div><\/div>\n","protected":false},"excerpt":{"rendered":"","protected":false},"author":1,"featured_media":0,"parent":181854,"menu_order":0,"comment_status":"closed","ping_status":"closed","template":"","meta":{"_acf_changed":false,"_seopress_robots_primary_cat":"","_seopress_titles_title":"Somut talep - %%sitetitle%%","_seopress_titles_desc":"\u00dcr\u00fcn talepleri veya teknik destek i\u00e7in ileti\u015fim formumuzu doldurun. \u0130ster \u00fcr\u00fcnlerimizden birini sat\u0131n almak isteyin ister mevcut bir \u00fcr\u00fcn i\u00e7in teknik deste\u011fe ihtiya\u00e7 duyun, biz buraday\u0131z.","_seopress_robots_index":"","footnotes":""},"class_list":["post-181865","page","type-page","status-publish","hentry"],"acf":[],"_links":{"self":[{"href":"https:\/\/www.sitema.de\/tr\/wp-json\/wp\/v2\/pages\/181865","targetHints":{"allow":["GET"]}}],"collection":[{"href":"https:\/\/www.sitema.de\/tr\/wp-json\/wp\/v2\/pages"}],"about":[{"href":"https:\/\/www.sitema.de\/tr\/wp-json\/wp\/v2\/types\/page"}],"author":[{"embeddable":true,"href":"https:\/\/www.sitema.de\/tr\/wp-json\/wp\/v2\/users\/1"}],"replies":[{"embeddable":true,"href":"https:\/\/www.sitema.de\/tr\/wp-json\/wp\/v2\/comments?post=181865"}],"version-history":[{"count":3,"href":"https:\/\/www.sitema.de\/tr\/wp-json\/wp\/v2\/pages\/181865\/revisions"}],"predecessor-version":[{"id":195042,"href":"https:\/\/www.sitema.de\/tr\/wp-json\/wp\/v2\/pages\/181865\/revisions\/195042"}],"up":[{"embeddable":true,"href":"https:\/\/www.sitema.de\/tr\/wp-json\/wp\/v2\/pages\/181854"}],"wp:attachment":[{"href":"https:\/\/www.sitema.de\/tr\/wp-json\/wp\/v2\/media?parent=181865"}],"curies":[{"name":"wp","href":"https:\/\/api.w.org\/{rel}","templated":true}]}}