{"id":181848,"date":"2024-03-04T16:03:18","date_gmt":"2024-03-04T15:03:18","guid":{"rendered":"https:\/\/www.sitema.de\/zel-zmler\/"},"modified":"2025-12-05T18:20:31","modified_gmt":"2025-12-05T17:20:31","slug":"zel-zmler","status":"publish","type":"page","link":"https:\/\/www.sitema.de\/tr\/zel-zmler\/","title":{"rendered":"&Ouml;zel &ccedil;&ouml;z&uuml;mler"},"content":{"rendered":"\n<section class=\"wp-block-group alignfull header-generic has-global-padding is-layout-constrained wp-block-group-is-layout-constrained\" id=\"header-generic\">\n<div class=\"wp-block-cover alignfull is-light\" style=\"min-height:350px;aspect-ratio:unset;\"><span aria-hidden=\"true\" class=\"wp-block-cover__background has-background-dim-30 has-background-dim wp-block-cover__gradient-background has-background-gradient\" style=\"background:linear-gradient(90deg,rgb(128,128,128) 0%,rgba(0,0,0,0) 100%)\"><\/span><img decoding=\"async\" width=\"1920\" height=\"350\" class=\"wp-block-cover__image-background wp-image-29952\" alt=\"\" src=\"https:\/\/www.sitema.de\/wp-content\/uploads\/2024\/10\/sonderloesungen_header.jpg\" style=\"object-position:100% 50%\" data-object-fit=\"cover\" data-object-position=\"100% 50%\"\/><div class=\"wp-block-cover__inner-container has-global-padding is-layout-constrained wp-block-cover-is-layout-constrained\">\n<h1 class=\"wp-block-heading has-text-align-left has-blue-20-color has-text-color has-title-h-1-font-size\">SITEMA s\u0131k\u0131\u015ft\u0131rma ba\u015fl\u0131klar\u0131<\/h1>\n\n\n\n<h2 class=\"wp-block-heading has-text-align-left has-blue-20-color has-text-color has-headline-h-2-font-size\">i\u00e7in aksesuarlar<\/h2>\n<\/div><\/div>\n<\/section>\n\n<div id=\"category-list\" class=\"wp-block-group category-list has-global-padding is-layout-constrained wp-block-group-is-layout-constrained\" style=\"margin-top:var(--wp--preset--spacing--5-rem);margin-bottom:var(--wp--preset--spacing--5-rem)\">\n<h2 class=\"wp-block-heading has-headline-h-3-font-size\">\u00d6zel \u00e7\u00f6z\u00fcmlerimiz<\/h2>\n\n\n\n<div class=\"wp-block-group category-list-grid has-global-padding is-layout-constrained wp-block-group-is-layout-constrained\" style=\"padding-bottom:125px\">\r\n        \r\n        <div class=\"wp-block-group category-element product-container has-white-background-color has-background has-global-padding is-layout-constrained wp-container-core-group-is-layout-0189ff54 wp-block-group-is-layout-constrained\" style=\"border-radius:5px;padding-top:24px;padding-right:32px;padding-bottom:55px;padding-left:32px\" data-ansteuerung=\"\" data-funktion=\"\" data-tragmittel=\"\" >\r\n            \r\n\r\n            <figure class=\"wp-block-image aligncenter size-large\">\r\n                <img decoding=\"async\" src=\"https:\/\/www.sitema.de\/wp-content\/uploads\/produkte\/sonderloesungen-feststelleinheiten-drehmoment.png\" alt=\"Feststelleinheit f\u00fcr Drehmoment\"\/>\r\n            <\/figure>\r\n            \r\n\r\n            \r\n            \r\n            <h3 class=\"wp-block-heading has-blue-20-color has-text-color has-headline-h-5-font-size\">\r\n                <a title=\"Siehe Tork i&ccedil;in kilitleme &uuml;niteleri\" href=\"https:\/\/www.sitema.de\/tr\/produkt\/tork-iin-kilitleme-niteleri\/\" >Tork i&ccedil;in kilitleme &uuml;niteleri<\/a>\r\n            <\/h3>\r\n            \r\n\r\n            \r\n            <h5 class=\"wp-block-heading has-orange-50-color has-text-color has-base-font-size\" style=\"margin-top:32px\">\r\n                <strong><\/strong>\r\n            <\/h5>\r\n            \r\n        <\/div>\r\n        \r\n        \r\n\r\n\n\n\r\n        \r\n        <div class=\"wp-block-group category-element product-container has-white-background-color has-background has-global-padding is-layout-constrained wp-container-core-group-is-layout-0189ff54 wp-block-group-is-layout-constrained\" style=\"border-radius:5px;padding-top:24px;padding-right:32px;padding-bottom:55px;padding-left:32px\" data-ansteuerung=\"\" data-funktion=\"\" data-tragmittel=\"\" >\r\n            \r\n\r\n            <figure class=\"wp-block-image aligncenter size-large\">\r\n                <img decoding=\"async\" src=\"https:\/\/www.sitema.de\/wp-content\/uploads\/produkte\/sonderloesungen-stange-verlaesst-klemmkopf.png\" alt=\"Stange verl\u00e4sst Klemmkopf\"\/>\r\n            <\/figure>\r\n            \r\n\r\n            \r\n            \r\n            <h3 class=\"wp-block-heading has-blue-20-color has-text-color has-headline-h-5-font-size\">\r\n                <a title=\"Siehe &Ccedil;ubuk s\u0131k\u0131\u015ft\u0131rma ba\u015fl\u0131\u011f\u0131ndan ayr\u0131l\u0131yor\" href=\"https:\/\/www.sitema.de\/tr\/produkt\/ubuk-sikistirma-basligindan-ayriliyor\/\" >&Ccedil;ubuk s\u0131k\u0131\u015ft\u0131rma ba\u015fl\u0131\u011f\u0131ndan ayr\u0131l\u0131yor<\/a>\r\n            <\/h3>\r\n            \r\n\r\n            \r\n            <h5 class=\"wp-block-heading has-orange-50-color has-text-color has-base-font-size\" style=\"margin-top:32px\">\r\n                <strong><\/strong>\r\n            <\/h5>\r\n            \r\n        <\/div>\r\n        \r\n        \r\n\r\n\n\n\r\n        \r\n        <div class=\"wp-block-group category-element product-container has-white-background-color has-background has-global-padding is-layout-constrained wp-container-core-group-is-layout-0189ff54 wp-block-group-is-layout-constrained\" style=\"border-radius:5px;padding-top:24px;padding-right:32px;padding-bottom:55px;padding-left:32px\" data-ansteuerung=\"\" data-funktion=\"\" data-tragmittel=\"\" >\r\n            \r\n\r\n            <figure class=\"wp-block-image aligncenter size-large\">\r\n                <img decoding=\"async\" src=\"https:\/\/www.sitema.de\/wp-content\/uploads\/produkte\/sonderloesungen-absturzsicherungen-mechanisch.png\" alt=\"Absturzsicherungen mechanisch\"\/>\r\n            <\/figure>\r\n            \r\n\r\n            \r\n            \r\n            <h3 class=\"wp-block-heading has-blue-20-color has-text-color has-headline-h-5-font-size\">\r\n                <a title=\"Siehe Mekanik g&uuml;venlik yakalay\u0131c\u0131s\u0131\" href=\"https:\/\/www.sitema.de\/tr\/produkt\/mekanik-gvenlik-yakalayicisi\/\" >Mekanik g&uuml;venlik yakalay\u0131c\u0131s\u0131<\/a>\r\n            <\/h3>\r\n            \r\n\r\n            \r\n            <h5 class=\"wp-block-heading has-orange-50-color has-text-color has-base-font-size\" style=\"margin-top:32px\">\r\n                <strong><\/strong>\r\n            <\/h5>\r\n            \r\n        <\/div>\r\n        \r\n        \r\n\r\n\n\n\r\n        \r\n        <div class=\"wp-block-group category-element product-container has-white-background-color has-background has-global-padding is-layout-constrained wp-container-core-group-is-layout-0189ff54 wp-block-group-is-layout-constrained\" style=\"border-radius:5px;padding-top:24px;padding-right:32px;padding-bottom:55px;padding-left:32px\" data-ansteuerung=\"\" data-funktion=\"\" data-tragmittel=\"\" >\r\n            \r\n\r\n            <figure class=\"wp-block-image aligncenter size-large\">\r\n                <img decoding=\"async\" src=\"https:\/\/www.sitema.de\/wp-content\/uploads\/produkte\/sonderloesungen-feststelleinheiten-elektrisch.png\" alt=\"Feststelleinheiten elektrisch\"\/>\r\n            <\/figure>\r\n            \r\n\r\n            \r\n            \r\n            <h3 class=\"wp-block-heading has-blue-20-color has-text-color has-headline-h-5-font-size\">\r\n                <a title=\"Siehe Elektrikli kilitleme &uuml;nitesi\" href=\"https:\/\/www.sitema.de\/tr\/produkt\/elektrikli-kilitleme-nitesi\/\" >Elektrikli kilitleme &uuml;nitesi<\/a>\r\n            <\/h3>\r\n            \r\n\r\n            \r\n            <h5 class=\"wp-block-heading has-orange-50-color has-text-color has-base-font-size\" style=\"margin-top:32px\">\r\n                <strong><\/strong>\r\n            <\/h5>\r\n            \r\n        <\/div>\r\n        \r\n        \r\n\r\n\n\n\r\n        \r\n        <div class=\"wp-block-group category-element product-container has-white-background-color has-background has-global-padding is-layout-constrained wp-container-core-group-is-layout-0189ff54 wp-block-group-is-layout-constrained\" style=\"border-radius:5px;padding-top:24px;padding-right:32px;padding-bottom:55px;padding-left:32px\" data-ansteuerung=\"\" data-funktion=\"\" data-tragmittel=\"\" >\r\n            \r\n\r\n            <figure class=\"wp-block-image aligncenter size-large\">\r\n                <img decoding=\"async\" src=\"https:\/\/www.sitema.de\/wp-content\/uploads\/produkte\/spezielle-kundenanforderungen-list.png\" alt=\"Spezielle Kundenanforderungen\"\/>\r\n            <\/figure>\r\n            \r\n\r\n            \r\n            \r\n            <h3 class=\"wp-block-heading has-blue-20-color has-text-color has-headline-h-5-font-size\">\r\n                <a title=\"Siehe &Ouml;zel m&uuml;\u015fteri talepleri\" href=\"https:\/\/www.sitema.de\/tr\/produkt\/zel-msteri-talepleri\/\" >&Ouml;zel m&uuml;\u015fteri talepleri<\/a>\r\n            <\/h3>\r\n            \r\n\r\n            \r\n            <h5 class=\"wp-block-heading has-orange-50-color has-text-color has-base-font-size\" style=\"margin-top:32px\">\r\n                <strong><\/strong>\r\n            <\/h5>\r\n            \r\n        <\/div>\r\n        \r\n        \r\n\r\n<\/div>\n<\/div>\n","protected":false},"excerpt":{"rendered":"<p>\u00d6zel \u00e7\u00f6z\u00fcmlerimiz<\/p>\n","protected":false},"author":1,"featured_media":166611,"parent":0,"menu_order":0,"comment_status":"closed","ping_status":"closed","template":"","meta":{"_acf_changed":false,"_seopress_robots_primary_cat":"","_seopress_titles_title":"\u00d6zel \u00e7\u00f6z\u00fcmler - %%sitetitle%%","_seopress_titles_desc":"SITEMA size end\u00fcstriyel uygulaman\u0131z i\u00e7in \u00f6zel \u00e7\u00f6z\u00fcmler sunar. Bizimle irtibata ge\u00e7in.","_seopress_robots_index":"","footnotes":""},"class_list":["post-181848","page","type-page","status-publish","has-post-thumbnail","hentry"],"acf":[],"_links":{"self":[{"href":"https:\/\/www.sitema.de\/tr\/wp-json\/wp\/v2\/pages\/181848","targetHints":{"allow":["GET"]}}],"collection":[{"href":"https:\/\/www.sitema.de\/tr\/wp-json\/wp\/v2\/pages"}],"about":[{"href":"https:\/\/www.sitema.de\/tr\/wp-json\/wp\/v2\/types\/page"}],"author":[{"embeddable":true,"href":"https:\/\/www.sitema.de\/tr\/wp-json\/wp\/v2\/users\/1"}],"replies":[{"embeddable":true,"href":"https:\/\/www.sitema.de\/tr\/wp-json\/wp\/v2\/comments?post=181848"}],"version-history":[{"count":1,"href":"https:\/\/www.sitema.de\/tr\/wp-json\/wp\/v2\/pages\/181848\/revisions"}],"predecessor-version":[{"id":181849,"href":"https:\/\/www.sitema.de\/tr\/wp-json\/wp\/v2\/pages\/181848\/revisions\/181849"}],"wp:featuredmedia":[{"embeddable":true,"href":"https:\/\/www.sitema.de\/tr\/wp-json\/wp\/v2\/media\/166611"}],"wp:attachment":[{"href":"https:\/\/www.sitema.de\/tr\/wp-json\/wp\/v2\/media?parent=181848"}],"curies":[{"name":"wp","href":"https:\/\/api.w.org\/{rel}","templated":true}]}}