{"id":181844,"date":"2024-03-11T16:04:56","date_gmt":"2024-03-11T15:04:56","guid":{"rendered":"https:\/\/www.sitema.de\/sirket\/"},"modified":"2025-12-05T18:20:19","modified_gmt":"2025-12-05T17:20:19","slug":"sirket","status":"publish","type":"page","link":"https:\/\/www.sitema.de\/tr\/sirket\/","title":{"rendered":"\u015eirket"},"content":{"rendered":"\n<section class=\"wp-block-group alignfull header-generic has-global-padding is-layout-constrained wp-block-group-is-layout-constrained\" id=\"header-generic\">\n<div class=\"wp-block-cover alignfull\" style=\"min-height:350px;aspect-ratio:unset;\"><span aria-hidden=\"true\" class=\"wp-block-cover__background has-background-dim wp-block-cover__gradient-background has-background-gradient\" style=\"background:linear-gradient(90deg,rgb(128,128,128) 0%,rgba(0,0,0,0) 100%)\"><\/span><img decoding=\"async\" width=\"1600\" height=\"800\" class=\"wp-block-cover__image-background wp-image-17952\" alt=\"\" src=\"https:\/\/www.sitema.de\/wp-content\/uploads\/unternehmen\/unternehmen_halle.jpg\" style=\"object-position:53% 61%\" data-object-fit=\"cover\" data-object-position=\"53% 61%\" srcset=\"https:\/\/www.sitema.de\/wp-content\/uploads\/unternehmen\/unternehmen_halle.jpg 1600w, https:\/\/www.sitema.de\/wp-content\/uploads\/unternehmen\/unternehmen_halle-300x150.jpg 300w, https:\/\/www.sitema.de\/wp-content\/uploads\/unternehmen\/unternehmen_halle-1024x512.jpg 1024w, https:\/\/www.sitema.de\/wp-content\/uploads\/unternehmen\/unternehmen_halle-768x384.jpg 768w, https:\/\/www.sitema.de\/wp-content\/uploads\/unternehmen\/unternehmen_halle-1536x768.jpg 1536w\" sizes=\"(max-width: 1600px) 100vw, 1600px\" \/><div class=\"wp-block-cover__inner-container has-global-padding is-layout-constrained wp-block-cover-is-layout-constrained\">\n<h1 class=\"wp-block-heading has-text-align-left has-blue-20-color has-text-color has-title-h-1-font-size\"><strong>\u015eirket<\/strong><\/h1>\n<\/div><\/div>\n<\/section>\n\n<div class=\"wp-block-group is-style-overlap has-global-padding is-layout-constrained wp-block-group-is-layout-constrained\">\r\n<section id=\"company-accordion\" class=\"company-accordion-container\">\r\n            <div class=\"company-accordion\">\r\n            <button type=\"button\">\r\n                <img decoding=\"async\" src=\"https:\/\/www.sitema.de\/wp-content\/themes\/sitema\/assets\/images\/icon-company-1.jpg\">\r\n                <h3>\u015eeffafl\u0131k bizi ba\u015far\u0131l\u0131 k\u0131lar<\/h3>\r\n            <\/button>\r\n            <div class=\"company-accordion-content\">\r\n                <p>\u015eirket merkezimiz, &ccedil;al\u0131\u015fma bi&ccedil;imimiz gibi in\u015fa edilmi\u015ftir: d&uuml;zg&uuml;n ve \u015feffaf. Ba\u011flant\u0131lar olu\u015fturan ve net bir g&ouml;r&uuml;\u015f sunan a&ccedil;\u0131k bir mimariyle. Ekip &ccedil;al\u0131\u015fmas\u0131n\u0131 destekleyen ve ortak ba\u015far\u0131m\u0131za odaklanmay\u0131 sa\u011flayan bir alan konseptiyle.<\/p>\r\n            <\/div>\r\n        <\/div>\r\n            <div class=\"company-accordion\">\r\n            <button type=\"button\">\r\n                <img decoding=\"async\" src=\"https:\/\/www.sitema.de\/wp-content\/themes\/sitema\/assets\/images\/icon-company-2.jpg\">\r\n                <h3>Sizin g&uuml;venli\u011finiz i&ccedil;in her \u015feyi yap\u0131yoruz<\/h3>\r\n            <\/button>\r\n            <div class=\"company-accordion-content\">\r\n                <p>Geli\u015ftirme ve tasar\u0131m. Proje y&ouml;netimi ve m&uuml;\u015fteriyle ileti\u015fim. &Uuml;retim ve montaj. &Ccedil;\u0131k\u0131\u015f kontrol&uuml; ve g&ouml;nderim. G&uuml;venli\u011finizi elden b\u0131rakm\u0131yor, tamamen kendi y&ouml;netimimiz alt\u0131nda ger&ccedil;ekle\u015ftiriyoruz.<\/p>\r\n            <\/div>\r\n        <\/div>\r\n            <div class=\"company-accordion\">\r\n            <button type=\"button\">\r\n                <img decoding=\"async\" src=\"https:\/\/www.sitema.de\/wp-content\/themes\/sitema\/assets\/images\/icon-company-3.jpg\">\r\n                <h3>De\u011ferlerimiz g&uuml;veni garanti eder<\/h3>\r\n            <\/button>\r\n            <div class=\"company-accordion-content\">\r\n                <p>&ldquo;M&uuml;\u015fterilerimizin kalite beklentilerini kar\u015f\u0131lamak, t&uuml;m \u015firket s&uuml;re&ccedil;lerimizin birinci hedefidir&rdquo; &ndash; felsefemizin bu ana ilkesi \u015funu g&ouml;sterir: Kalite, ba\u011fl\u0131 kald\u0131\u011f\u0131m\u0131z bir \u015firket ilkesidir.<\/p>\r\n            <\/div>\r\n        <\/div>\r\n    <\/section><\/div>\n\n<div class=\"wp-block-group has-white-background-color has-background has-global-padding is-layout-constrained wp-container-core-group-is-layout-21e5db97 wp-block-group-is-layout-constrained\" style=\"border-radius:4px;margin-top:var(--wp--preset--spacing--4-rem);margin-bottom:0;padding-top:var(--wp--preset--spacing--4-rem);padding-right:var(--wp--preset--spacing--4-rem);padding-bottom:var(--wp--preset--spacing--4-rem);padding-left:var(--wp--preset--spacing--4-rem)\">\n<h3 class=\"wp-block-heading\">\u015eirket g\u00fcvenli\u011fi<\/h3>\n\n\n\n<div class=\"wp-block-columns is-layout-flex wp-container-core-columns-is-layout-28f84493 wp-block-columns-is-layout-flex\">\n<div class=\"wp-block-column is-layout-flow wp-block-column-is-layout-flow\" style=\"flex-basis:100%\">\n<h5 class=\"wp-block-heading has-orange-50-color has-text-color has-link-color wp-elements-e437552d48c06358ffdd55953e10a23c\">Biz uzman\u0131z<\/h5>\n\n\n\n<p>SITEMA, yuvarlak miller \u00fczerinde s\u0131k\u0131\u015ft\u0131rma \u00fcniteleri ve lineer frenlerin geli\u015ftirilmesi ve \u00fcretimine \u00f6zel olarak odaklanan d\u00fcnyadaki tek \u015firkettir. Bu uzmanla\u015fman\u0131n sonucu: SITEMA, makine imalat\u0131 end\u00fcstrisi i\u00e7in uluslararas\u0131 d\u00fczeyde sayg\u0131n bir i\u015f orta\u011f\u0131d\u0131r. Eksenel olarak hareket eden y\u00fcklerin emniyete al\u0131nmas\u0131, s\u0131k\u0131\u015ft\u0131r\u0131lmas\u0131 ve sabitlenmesi bizim uzmanl\u0131k alan\u0131m\u0131zd\u0131r \u2013 bu alanda SITEMA s\u0131k\u0131\u015ft\u0131rma ba\u015fl\u0131klar\u0131 bir marka kavram\u0131d\u0131r. Geni\u015f \u00fcr\u00fcn yelpazemizle her g\u00f6rev i\u00e7in benzersiz dan\u0131\u015fmanl\u0131k ve \u00e7\u00f6z\u00fcm yetkinli\u011fi sunuyoruz.<\/p>\n<\/div>\n\n\n\n<div class=\"wp-block-column is-layout-flow wp-block-column-is-layout-flow\" style=\"flex-basis:100%\">\n<h5 class=\"wp-block-heading has-orange-50-color has-text-color has-link-color wp-elements-a5f260df9949a397dd0c7ee0e8653e00\">\u00d6nc\u00fc deneyim<\/h5>\n\n\n\n<p>SITEMA, hidrolik asans\u00f6rlerin y\u00fcksek fren kuvvetlerini do\u011frudan piston miline aktarmay\u0131 m\u00fcmk\u00fcn k\u0131lan ilk sistemi 1979 y\u0131l\u0131nda geli\u015ftirdi. Bu yeni teknoloji, farkl\u0131 s\u0131k\u0131\u015ft\u0131rma ba\u015fl\u0131klar\u0131n\u0131n daha da geli\u015ftirilmesi ve \u00e7e\u015fitlendirilmesi i\u00e7in temel olu\u015fturdu. Bug\u00fcn SITEMA, \u00e7ok \u00e7e\u015fitli uygulama alanlar\u0131 i\u00e7in hidrolik, pn\u00f6matik, mekanik ve elektrikle kumanda edilen s\u0131k\u0131\u015ft\u0131rma \u00fcniteleri geli\u015ftiriyor ve \u00fcretiyor.<\/p>\n<\/div>\n<\/div>\n<\/div>\n\n<figure class=\"wp-block-video border-radius-4\" style=\"margin-top:var(--wp--preset--spacing--4-rem)\"><video height=\"658\" style=\"aspect-ratio: 1170 \/ 658;\" width=\"1170\" controls=\"\" poster=\"https:\/\/www.sitema.de\/wp-content\/uploads\/unternehmen\/sitema-image-film_poster.jpg\" src=\"https:\/\/www.sitema.de\/wp-content\/uploads\/videos\/28_11_2016_projekt_sitema_imagefilm_WEB_1170p.mp4\"><\/video><\/figure>\n\n<div class=\"wp-block-media-text has-media-on-the-right is-stacked-on-mobile is-image-fill-element border-radius-4 has-white-background-color has-background\" style=\"margin-top:var(--wp--preset--spacing--4-rem);margin-bottom:var(--wp--preset--spacing--4-rem);grid-template-columns:auto 40%\"><div class=\"wp-block-media-text__content\">\n<div class=\"wp-block-group has-global-padding is-layout-constrained wp-block-group-is-layout-constrained\">\n<h3 class=\"wp-block-heading\" style=\"margin-top:var(--wp--preset--spacing--4-rem)\">Kalite g\u00fcven olu\u015fturur<\/h3>\n\n\n\n<h5 class=\"wp-block-heading has-orange-50-color has-text-color has-headline-h-5-font-size\">Garantili g\u00fcvenilirlik<\/h5>\n\n\n\n<p>\u00dcr\u00fcnlerimizin kalitesine y\u00f6nelik en y\u00fcksek talepler bizi ba\u015far\u0131l\u0131 k\u0131lm\u0131\u015ft\u0131r. \u00c7\u00fcnk\u00fc g\u00fcvenlik a\u00e7\u0131s\u0131ndan kritik bile\u015fenlerde mutlak i\u015flevsel g\u00fcvenlik bir zorunluluktur; bizim i\u00e7in de olmas\u0131 gereken zaten budur. SITEMA s\u0131k\u0131\u015ft\u0131rma ba\u015fl\u0131klar\u0131, yetkili Avrupa kurumlar\u0131 taraf\u0131ndan y\u00fck tutma tertibat\u0131 olarak onaylanm\u0131\u015ft\u0131r. ISO 9001 ve ISO 14001 sertifikal\u0131 SITEMA, uluslararas\u0131 kabul edilen standartlara uygun, g\u00fcvenilirlik ve kaliteyi i\u00e7 s\u00fcre\u00e7ler i\u00e7in de g\u00fcvence alt\u0131na alan verimli bir y\u00f6netim sistemine sahiptir.<\/p>\n\n\n\n<h5 class=\"wp-block-heading has-orange-50-color has-text-color has-headline-h-5-font-size\">%100 \u00e7\u0131k\u0131\u015f kontrol\u00fc<\/h5>\n\n\n\n<p style=\"margin-bottom:var(--wp--preset--spacing--4-rem)\">\u00dcretimin hemen ard\u0131ndan, her bir s\u0131k\u0131\u015ft\u0131rma \u00fcnitesi kendi test tesislerimizde i\u015flev ve tutma kuvveti a\u00e7\u0131s\u0131ndan kontrol edilir. T\u00fcm test dok\u00fcmantasyonu ar\u015fivlenir ve m\u00fc\u015fteri i\u00e7in her zaman haz\u0131rda tutulur.<\/p>\n<\/div>\n<\/div><figure class=\"wp-block-media-text__media\"><img decoding=\"async\" width=\"585\" height=\"410\" src=\"https:\/\/www.sitema.de\/wp-content\/uploads\/unternehmen\/edd694d93979af7b3cfe359ed6abc476.jpg\" alt=\"\" class=\"wp-image-7889 size-full\" style=\"object-position:50% 50%\" srcset=\"https:\/\/www.sitema.de\/wp-content\/uploads\/unternehmen\/edd694d93979af7b3cfe359ed6abc476.jpg 585w, https:\/\/www.sitema.de\/wp-content\/uploads\/unternehmen\/edd694d93979af7b3cfe359ed6abc476-300x210.jpg 300w\" sizes=\"(max-width: 585px) 100vw, 585px\" \/><\/figure><\/div>\n\n<div id=\"company-certifications\" class=\"wp-block-group company-certifications has-white-background-color has-background has-global-padding is-layout-constrained wp-container-core-group-is-layout-21e5db97 wp-block-group-is-layout-constrained\" style=\"border-radius:4px;margin-top:var(--wp--preset--spacing--4-rem);margin-bottom:0;padding-top:var(--wp--preset--spacing--4-rem);padding-right:var(--wp--preset--spacing--4-rem);padding-bottom:var(--wp--preset--spacing--4-rem);padding-left:var(--wp--preset--spacing--4-rem)\">\n<h3 class=\"wp-block-heading\">Onaylar ve sertifikalar<\/h3>\n\n\n\n<div class=\"wp-block-columns is-layout-flex wp-container-core-columns-is-layout-28f84493 wp-block-columns-is-layout-flex\">\n<div class=\"wp-block-column is-layout-flow wp-block-column-is-layout-flow\">\n<figure class=\"wp-block-image aligncenter size-full\"><img decoding=\"async\" src=\"https:\/\/www.sitema.de\/wp-content\/themes\/sitema\/assets\/images\/certificate-1.jpg\" alt=\"\" class=\"wp-image-5948\"\/><\/figure>\n\n\n\n<p class=\"has-text-align-center has-small-font-size\" style=\"line-height:1.4\">G\u00fcvenlik yakalay\u0131c\u0131lar\u0131 i\u00e7in DGUV test onay\u0131 (\u00f6rne\u011fin ISO 16092 veya EN 693 uyar\u0131nca presler i\u00e7in)<\/p>\n<\/div>\n\n\n\n<div class=\"wp-block-column is-layout-flow wp-block-column-is-layout-flow\">\n<figure class=\"wp-block-image aligncenter size-full\"><img decoding=\"async\" src=\"https:\/\/www.sitema.de\/wp-content\/themes\/sitema\/assets\/images\/certificate-2.jpg\" alt=\"\" class=\"wp-image-6014\"\/><\/figure>\n\n\n\n<p class=\"has-text-align-center has-small-font-size\" style=\"line-height:1.4\">Emniyet frenleri i\u00e7in DGUV test onay\u0131<\/p>\n<\/div>\n\n\n\n<div class=\"wp-block-column is-layout-flow wp-block-column-is-layout-flow\">\n<figure class=\"wp-block-image aligncenter size-full\"><img decoding=\"async\" src=\"https:\/\/www.sitema.de\/wp-content\/themes\/sitema\/assets\/images\/certificate-3.jpg\" alt=\"\" class=\"wp-image-6003\"\/><\/figure>\n\n\n\n<p class=\"has-text-align-center has-small-font-size\" style=\"line-height:1.4\">KFHS kilitleme \u00fcniteleri i\u00e7in DGUV test onay\u0131<\/p>\n<\/div>\n\n\n\n<div class=\"wp-block-column is-layout-flow wp-block-column-is-layout-flow\">\n<figure class=\"wp-block-image aligncenter size-full\"><img decoding=\"async\" width=\"152\" height=\"146\" src=\"https:\/\/www.sitema.de\/wp-content\/uploads\/zertifikate\/certificate-8.jpg\" alt=\"\" class=\"wp-image-92023\"\/><\/figure>\n\n\n\n<p class=\"has-text-align-center has-small-font-size\" style=\"line-height:1.4\">KSE emniyet freninin CE ve UL uyumlulu\u011fu i\u00e7in T\u00dcV <br\/>onay\u0131<\/p>\n<\/div>\n\n\n\n<div class=\"wp-block-column is-layout-flow wp-block-column-is-layout-flow\">\n<figure class=\"wp-block-image aligncenter size-full\"><img decoding=\"async\" src=\"https:\/\/www.sitema.de\/wp-content\/themes\/sitema\/assets\/images\/certificate-4.jpg\" alt=\"\" class=\"wp-image-5992\"\/><\/figure>\n\n\n\n<p class=\"has-text-align-center has-small-font-size\" style=\"line-height:1.4\">KFHL kilitleme \u00fcniteleri i\u00e7in Lloyd\u2019s Register sertifikas\u0131<\/p>\n<\/div>\n\n\n\n<div class=\"wp-block-column is-layout-flow wp-block-column-is-layout-flow\">\n<figure class=\"wp-block-image aligncenter size-full\"><img decoding=\"async\" src=\"https:\/\/www.sitema.de\/wp-content\/themes\/sitema\/assets\/images\/certificate-5.jpg\" alt=\"\" class=\"wp-image-5981\"\/><\/figure>\n\n\n\n<p class=\"has-text-align-center has-small-font-size\" style=\"line-height:1.4\">ISO 9001:2015 sertifikas\u0131 <a href=\"http:\/\/www.tuev-sued.de\/ms-zert\">www.tuev-sued.de\/ms-zert<\/a><\/p>\n<\/div>\n\n\n\n<div class=\"wp-block-column is-layout-flow wp-block-column-is-layout-flow\">\n<figure class=\"wp-block-image aligncenter size-full\"><img decoding=\"async\" src=\"https:\/\/www.sitema.de\/wp-content\/themes\/sitema\/assets\/images\/certificate-6.jpg\" alt=\"\" class=\"wp-image-5970\"\/><\/figure>\n\n\n\n<p class=\"has-text-align-center has-small-font-size\" style=\"line-height:1.4\">ISO 14001:2015 sertifikas\u0131 <a href=\"http:\/\/www.tuev-sued.de\/ms-zert\">www.tuev-sued.de\/ms-zert<\/a><\/p>\n<\/div>\n\n\n\n<div class=\"wp-block-column is-layout-flow wp-block-column-is-layout-flow\">\n<figure class=\"wp-block-image aligncenter size-full\"><img decoding=\"async\" src=\"https:\/\/www.sitema.de\/wp-content\/themes\/sitema\/assets\/images\/certificate-7.jpg\" alt=\"\" class=\"wp-image-5959\"\/><\/figure>\n<\/div>\n<\/div>\n<\/div>\n\n<div class=\"wp-block-group border-radius-4 has-global-padding is-layout-constrained wp-block-group-is-layout-constrained\" style=\"border-radius:4px;margin-top:var(--wp--preset--spacing--4-rem);margin-bottom:var(--wp--preset--spacing--4-rem)\">\n<div class=\"wp-block-media-text is-stacked-on-mobile is-image-fill-element has-white-background-color has-background\" style=\"margin-top:0;margin-bottom:0\"><figure class=\"wp-block-media-text__media\"><img decoding=\"async\" width=\"585\" height=\"410\" src=\"https:\/\/www.sitema.de\/wp-content\/uploads\/unternehmen\/d2b0c040e92560f887a108eab806cf27.jpg\" alt=\"\" class=\"wp-image-7862 size-full\" style=\"object-position:50% 50%\" srcset=\"https:\/\/www.sitema.de\/wp-content\/uploads\/unternehmen\/d2b0c040e92560f887a108eab806cf27.jpg 585w, https:\/\/www.sitema.de\/wp-content\/uploads\/unternehmen\/d2b0c040e92560f887a108eab806cf27-300x210.jpg 300w\" sizes=\"(max-width: 585px) 100vw, 585px\" \/><\/figure><div class=\"wp-block-media-text__content\">\n<div class=\"wp-block-group has-global-padding is-layout-constrained wp-block-group-is-layout-constrained\" style=\"min-height:380px\">\n<h3 class=\"wp-block-heading\" style=\"margin-top:var(--wp--preset--spacing--4-rem)\">Verimlili\u011finiz i\u00e7in hizmetimiz<\/h3>\n\n\n\n<h5 class=\"wp-block-heading has-orange-50-color has-text-color has-headline-h-5-font-size\">H\u0131zl\u0131 tepki<\/h5>\n\n\n\n<p style=\"padding-bottom:var(--wp--preset--spacing--4-rem)\">\u0130ster dan\u0131\u015fmanl\u0131k, ister bak\u0131m, ister g\u00f6nderim olsun: SITEMA hizmet yelpazesi h\u0131zl\u0131 tepkilere \u00f6ncelik verir. Arkas\u0131nda, karma\u015f\u0131k m\u00fc\u015fteri gereksinimlerini k\u0131sa s\u00fcrede ve verimli bir \u015fekilde \u00e7\u00f6zen, y\u00fcksek motivasyonlu ve m\u00fc\u015fteri odakl\u0131 bir ekip bulunur. Eksiksiz bile\u015fenlerin h\u0131zl\u0131 teslimi ve yetkin servis ile destek hizmeti, m\u00fc\u015fterilerimizin \u00fcretkenli\u011fini g\u00fcvence alt\u0131na al\u0131r.<\/p>\n<\/div>\n<\/div><\/div>\n\n\n\n<div class=\"wp-block-media-text has-media-on-the-right is-stacked-on-mobile is-image-fill-element has-white-background-color has-background\" style=\"margin-top:0;margin-bottom:0\"><div class=\"wp-block-media-text__content\">\n<div class=\"wp-block-group has-global-padding is-layout-constrained wp-block-group-is-layout-constrained\" style=\"min-height:380px\">\n<h3 class=\"wp-block-heading\" style=\"margin-top:var(--wp--preset--spacing--4-rem)\">H\u0131zl\u0131 teslimatlar \u00fcretkenli\u011finizi g\u00fcvence alt\u0131na al\u0131r<\/h3>\n\n\n\n<h5 class=\"wp-block-heading has-orange-50-color has-text-color has-headline-h-5-font-size\">K\u0131sa teslimat s\u00fcreleri<\/h5>\n\n\n\n<p style=\"padding-bottom:var(--wp--preset--spacing--4-rem)\">Standart \u00fcr\u00fcnler i\u00e7in teslimata hemen haz\u0131r olmam\u0131z, b\u00fcy\u00fck stok kapasitesi ile sa\u011flan\u0131r. Farkl\u0131 tutma kuvvetlerine ve bir\u00e7ok mil \u00e7ap\u0131na sahip yakla\u015f\u0131k 2000 SITEMA s\u0131k\u0131\u015ft\u0131rma ba\u015fl\u0131\u011f\u0131 s\u00fcrekli olarak h\u0131zl\u0131 teslimat i\u00e7in haz\u0131rd\u0131r. \u201cTan\u0131nm\u0131\u015f g\u00f6nderici\u201d stat\u00fcs\u00fcyle SITEMA, d\u00fcnya \u00e7ap\u0131nda h\u0131zl\u0131 hava kargo g\u00f6nderileri i\u00e7in t\u00fcm ko\u015fullar\u0131 sa\u011fl\u0131yor.<\/p>\n<\/div>\n<\/div><figure class=\"wp-block-media-text__media\"><img decoding=\"async\" width=\"585\" height=\"410\" src=\"https:\/\/www.sitema.de\/wp-content\/uploads\/unternehmen\/0719a23477fbd1480c57db87e69a00c9.jpg\" alt=\"\" class=\"wp-image-7851 size-full\" style=\"object-position:50% 50%\" srcset=\"https:\/\/www.sitema.de\/wp-content\/uploads\/unternehmen\/0719a23477fbd1480c57db87e69a00c9.jpg 585w, https:\/\/www.sitema.de\/wp-content\/uploads\/unternehmen\/0719a23477fbd1480c57db87e69a00c9-300x210.jpg 300w\" sizes=\"(max-width: 585px) 100vw, 585px\" \/><\/figure><\/div>\n\n\n\n<div class=\"wp-block-media-text is-stacked-on-mobile is-image-fill-element has-white-background-color has-background\" style=\"margin-top:0;margin-bottom:0\"><figure class=\"wp-block-media-text__media\"><img decoding=\"async\" width=\"585\" height=\"410\" src=\"https:\/\/www.sitema.de\/wp-content\/uploads\/unternehmen\/3351ed3e05e11e8f65261c883f30c11e.jpg\" alt=\"\" class=\"wp-image-7840 size-full\" style=\"object-position:50% 50%\" srcset=\"https:\/\/www.sitema.de\/wp-content\/uploads\/unternehmen\/3351ed3e05e11e8f65261c883f30c11e.jpg 585w, https:\/\/www.sitema.de\/wp-content\/uploads\/unternehmen\/3351ed3e05e11e8f65261c883f30c11e-300x210.jpg 300w\" sizes=\"(max-width: 585px) 100vw, 585px\" \/><\/figure><div class=\"wp-block-media-text__content\">\n<div class=\"wp-block-group has-global-padding is-layout-constrained wp-block-group-is-layout-constrained\" style=\"min-height:380px\">\n<h3 class=\"wp-block-heading\" style=\"margin-top:var(--wp--preset--spacing--4-rem)\">Size \u00f6zel tasarlan\u0131r<\/h3>\n\n\n\n<h5 class=\"wp-block-heading has-orange-50-color has-text-color has-headline-h-5-font-size\">Bireysel ve h\u0131zl\u0131 \u00f6zel \u00e7\u00f6z\u00fcmler<\/h5>\n\n\n\n<p style=\"padding-bottom:var(--wp--preset--spacing--4-rem)\">Tek par\u00e7alar ve k\u00fc\u00e7\u00fck seriler i\u00e7in teknik gereksinimler, SITEMA geli\u015ftirme ekibi taraf\u0131ndan deneyimli bir \u015fekilde analiz edilir ve bu temelde b\u00fcy\u00fck bir \u00f6zveri ile bireysel, \u00f6zel \u00e7\u00f6z\u00fcmler tasarlan\u0131p uygulamaya al\u0131n\u0131r. Bir s\u0131k\u0131\u015ft\u0131rma ba\u015fl\u0131\u011f\u0131 i\u00e7in uygulama ne kadar s\u0131ra d\u0131\u015f\u0131 olursa, yeni bir \u00e7\u00f6z\u00fcm bulma iste\u011fimiz o kadar artar.<\/p>\n<\/div>\n<\/div><\/div>\n\n\n\n<div class=\"wp-block-media-text has-media-on-the-right is-stacked-on-mobile is-image-fill-element has-white-background-color has-background\" style=\"margin-top:0;margin-bottom:0\"><div class=\"wp-block-media-text__content\">\n<div class=\"wp-block-group has-global-padding is-layout-constrained wp-block-group-is-layout-constrained\" style=\"min-height:380px\">\n<h3 class=\"wp-block-heading\" style=\"margin-top:var(--wp--preset--spacing--4-rem)\">S\u00fcrekli daha iyiye do\u011fru<\/h3>\n\n\n\n<h5 class=\"wp-block-heading has-orange-50-color has-text-color has-headline-h-5-font-size\">Tutarl\u0131 \u015fekilde geli\u015fmeye devam<\/h5>\n\n\n\n<p>Olgunla\u015fm\u0131\u015f \u00fcr\u00fcnlerde iyile\u015ftirmeler detaylardan ba\u015flar. SITEMA geli\u015ftirme ekibi, \u00fcr\u00fcn program\u0131n\u0131n s\u00fcrekli yap\u0131sal iyile\u015ftirilmesini ve geni\u015fletilmesini hedefler. Bu \u015fekilde, \u00f6rne\u011fin kal\u0131plar\u0131n kapal\u0131 tutulmas\u0131 i\u00e7in yenilik\u00e7i bir \u00e7\u00f6z\u00fcm olan PowerStroke geli\u015ftirildi.<\/p>\n\n\n\n<h5 class=\"wp-block-heading has-orange-50-color has-text-color has-headline-h-5-font-size\">M\u00fc\u015fteri odakl\u0131 test<\/h5>\n\n\n\n<p style=\"padding-bottom:var(--wp--preset--spacing--4-rem)\">S\u0131k\u0131\u015ft\u0131rma kuvveti testleri i\u00e7in SITEMA, 1000 ton test kuvvetine kadar preslere ve 3 m\/s\u2019ye kadar d\u00fc\u015fme h\u0131zlar\u0131 i\u00e7in dinamik bir test tezgah\u0131na sahiptir. M\u00fc\u015fterilerimizin geli\u015ftirme ekipleriyle yak\u0131n i\u015f birli\u011fi i\u00e7inde olmas\u0131 sayesinde, bir SITEMA s\u0131k\u0131\u015ft\u0131rma ba\u015fl\u0131\u011f\u0131n\u0131n m\u00fc\u015fteri gereksinimlerini her zaman kar\u015f\u0131lad\u0131\u011f\u0131ndan emin oluruz.<\/p>\n<\/div>\n<\/div><figure class=\"wp-block-media-text__media\"><img decoding=\"async\" width=\"585\" height=\"410\" src=\"https:\/\/www.sitema.de\/wp-content\/uploads\/unternehmen\/eb5c2ce06ebac46c6762ed0c4e3e0806.jpg\" alt=\"\" class=\"wp-image-7829 size-full\" style=\"object-position:50% 50%\" srcset=\"https:\/\/www.sitema.de\/wp-content\/uploads\/unternehmen\/eb5c2ce06ebac46c6762ed0c4e3e0806.jpg 585w, https:\/\/www.sitema.de\/wp-content\/uploads\/unternehmen\/eb5c2ce06ebac46c6762ed0c4e3e0806-300x210.jpg 300w\" sizes=\"(max-width: 585px) 100vw, 585px\" \/><\/figure><\/div>\n<\/div>\n\n<div class=\"wp-block-cover alignfull is-light\" style=\"min-height:500px;aspect-ratio:unset;\"><span aria-hidden=\"true\" class=\"wp-block-cover__background has-background-dim-0 has-background-dim\" style=\"background-color:#9da8b1\"><\/span><img decoding=\"async\" width=\"2000\" height=\"835\" class=\"wp-block-cover__image-background wp-image-10834\" alt=\"\" src=\"https:\/\/www.sitema.de\/wp-content\/uploads\/unternehmen\/vertrieb.jpg\" style=\"object-position:67% 29%\" data-object-fit=\"cover\" data-object-position=\"67% 29%\" srcset=\"https:\/\/www.sitema.de\/wp-content\/uploads\/unternehmen\/vertrieb.jpg 2000w, https:\/\/www.sitema.de\/wp-content\/uploads\/unternehmen\/vertrieb-300x125.jpg 300w, https:\/\/www.sitema.de\/wp-content\/uploads\/unternehmen\/vertrieb-1024x428.jpg 1024w, https:\/\/www.sitema.de\/wp-content\/uploads\/unternehmen\/vertrieb-768x321.jpg 768w, https:\/\/www.sitema.de\/wp-content\/uploads\/unternehmen\/vertrieb-1536x641.jpg 1536w\" sizes=\"(max-width: 2000px) 100vw, 2000px\" \/><div class=\"wp-block-cover__inner-container has-global-padding is-layout-constrained wp-block-cover-is-layout-constrained\">\n<p class=\"has-text-align-center has-large-font-size\"><\/p>\n<\/div><\/div>\n","protected":false},"excerpt":{"rendered":"<p>\u015eirket g\u00fcvenli\u011fi Biz uzman\u0131z SITEMA, yuvarlak miller \u00fczerinde s\u0131k\u0131\u015ft\u0131rma \u00fcniteleri ve lineer frenlerin geli\u015ftirilmesi ve \u00fcretimine \u00f6zel olarak odaklanan d\u00fcnyadaki tek \u015firkettir. Bu uzmanla\u015fman\u0131n sonucu: SITEMA, makine imalat\u0131 end\u00fcstrisi i\u00e7in uluslararas\u0131 d\u00fczeyde sayg\u0131n bir i\u015f orta\u011f\u0131d\u0131r. Eksenel olarak hareket eden y\u00fcklerin emniyete al\u0131nmas\u0131, s\u0131k\u0131\u015ft\u0131r\u0131lmas\u0131 ve sabitlenmesi bizim uzmanl\u0131k alan\u0131m\u0131zd\u0131r \u2013 bu alanda SITEMA s\u0131k\u0131\u015ft\u0131rma ba\u015fl\u0131klar\u0131 [&hellip;]<\/p>\n","protected":false},"author":1,"featured_media":0,"parent":0,"menu_order":0,"comment_status":"closed","ping_status":"closed","template":"","meta":{"_acf_changed":false,"_seopress_robots_primary_cat":"","_seopress_titles_title":"\u015eirket - %%sitetitle%%","_seopress_titles_desc":"SITEMA, s\u0131k\u0131\u015ft\u0131rma ba\u015fl\u0131klar\u0131 ve lineer frenlerin geli\u015ftirilmesi ve \u00fcretimi konusunda uzmanla\u015fm\u0131\u015f d\u00fcnyadaki tek \u015firkettir. Bu uzmanla\u015fma sayesinde SITEMA, makine imalat\u0131nda uluslararas\u0131 d\u00fczeyde sayg\u0131n bir i\u015f orta\u011f\u0131d\u0131r.","_seopress_robots_index":"","footnotes":""},"class_list":["post-181844","page","type-page","status-publish","hentry"],"acf":[],"_links":{"self":[{"href":"https:\/\/www.sitema.de\/tr\/wp-json\/wp\/v2\/pages\/181844","targetHints":{"allow":["GET"]}}],"collection":[{"href":"https:\/\/www.sitema.de\/tr\/wp-json\/wp\/v2\/pages"}],"about":[{"href":"https:\/\/www.sitema.de\/tr\/wp-json\/wp\/v2\/types\/page"}],"author":[{"embeddable":true,"href":"https:\/\/www.sitema.de\/tr\/wp-json\/wp\/v2\/users\/1"}],"replies":[{"embeddable":true,"href":"https:\/\/www.sitema.de\/tr\/wp-json\/wp\/v2\/comments?post=181844"}],"version-history":[{"count":3,"href":"https:\/\/www.sitema.de\/tr\/wp-json\/wp\/v2\/pages\/181844\/revisions"}],"predecessor-version":[{"id":195023,"href":"https:\/\/www.sitema.de\/tr\/wp-json\/wp\/v2\/pages\/181844\/revisions\/195023"}],"wp:attachment":[{"href":"https:\/\/www.sitema.de\/tr\/wp-json\/wp\/v2\/media?parent=181844"}],"curies":[{"name":"wp","href":"https:\/\/api.w.org\/{rel}","templated":true}]}}