{"id":181842,"date":"2024-03-11T16:21:06","date_gmt":"2024-03-11T15:21:06","guid":{"rendered":"https:\/\/www.sitema.de\/siforce-technology\/"},"modified":"2026-01-20T10:59:07","modified_gmt":"2026-01-20T09:59:07","slug":"siforce-technology","status":"publish","type":"page","link":"https:\/\/www.sitema.de\/tr\/sirket\/siforce-technology\/","title":{"rendered":"SiForce Technology"},"content":{"rendered":"\n<section class=\"wp-block-group alignfull header-generic has-global-padding is-layout-constrained wp-block-group-is-layout-constrained\" id=\"header-generic\">\n<div class=\"wp-block-cover alignfull\" style=\"min-height:350px;aspect-ratio:unset;\"><img decoding=\"async\" width=\"1180\" height=\"330\" class=\"wp-block-cover__image-background wp-image-9466\" alt=\"\" src=\"https:\/\/www.sitema.de\/wp-content\/uploads\/siforce-tec\/siforce.jpeg\" data-object-fit=\"cover\" srcset=\"https:\/\/www.sitema.de\/wp-content\/uploads\/siforce-tec\/siforce.jpeg 1180w, https:\/\/www.sitema.de\/wp-content\/uploads\/siforce-tec\/siforce-300x84.jpeg 300w, https:\/\/www.sitema.de\/wp-content\/uploads\/siforce-tec\/siforce-1024x286.jpeg 1024w, https:\/\/www.sitema.de\/wp-content\/uploads\/siforce-tec\/siforce-768x215.jpeg 768w\" sizes=\"(max-width: 1180px) 100vw, 1180px\" \/><span aria-hidden=\"true\" class=\"wp-block-cover__background has-background-dim-30 has-background-dim wp-block-cover__gradient-background has-background-gradient\" style=\"background:linear-gradient(90deg,rgb(128,128,128) 0%,rgba(0,0,0,0) 100%)\"><\/span><div class=\"wp-block-cover__inner-container has-global-padding is-layout-constrained wp-block-cover-is-layout-constrained\">\n<h1 class=\"wp-block-heading has-text-align-left has-blue-20-color has-text-color has-title-h-1-font-size\">B\u00fcy\u00fck bir<\/h1>\n\n\n\n<h2 class=\"wp-block-heading has-text-align-left has-blue-20-color has-text-color has-headline-h-2-font-size\">G\u00fcvenlik unsuru<\/h2>\n<\/div><\/div>\n<\/section>\n\n\n\n<div class=\"wp-block-group siforce-text-block box-shadow is-style-overlap border-radius-4 has-global-padding is-layout-constrained wp-block-group-is-layout-constrained\" style=\"margin-bottom:var(--wp--preset--spacing--5-rem)\">\n<div class=\"wp-block-media-text is-stacked-on-mobile has-background\" style=\"background-color:#f1f1f1;margin-top:0;margin-bottom:0;padding-top:0;padding-bottom:0\"><figure class=\"wp-block-media-text__media\"><img decoding=\"async\" width=\"648\" height=\"350\" src=\"https:\/\/www.sitema.de\/wp-content\/uploads\/siforce-tec\/product-extra-1.jpg\" alt=\"\" class=\"wp-image-13240 size-full\" srcset=\"https:\/\/www.sitema.de\/wp-content\/uploads\/siforce-tec\/product-extra-1.jpg 648w, https:\/\/www.sitema.de\/wp-content\/uploads\/siforce-tec\/product-extra-1-300x162.jpg 300w\" sizes=\"(max-width: 648px) 100vw, 648px\" \/><\/figure><div class=\"wp-block-media-text__content\">\n<h3 class=\"wp-block-heading\" style=\"margin-top:var(--wp--preset--spacing--4-rem)\">E\u015fsiz bir teknoloji i\u00e7in g\u00fc\u00e7l\u00fc bir marka<\/h3>\n\n\n\n<p style=\"margin-bottom:var(--wp--preset--spacing--3-rem)\">D\u00fcnyada kendini kan\u0131tlam\u0131\u015f kendili\u011finden g\u00fc\u00e7lendirmeli s\u0131k\u0131\u015ft\u0131rma teknolojisinin bir ad\u0131 var. Bu sayede s\u0131k\u0131\u015ft\u0131rma \u00fcniteleri ve lineer frenler pazar\u0131nda tan\u0131nma yoluyla \u015feffafl\u0131k sa\u011fl\u0131yoruz. Bu ba\u011flamda SiForce Technology yaln\u0131zca g\u00fcvenli\u011fi de\u011fil, ayn\u0131 zamanda kendili\u011finden g\u00fc\u00e7lendirmeli kuvvet ilkesini (\u201cSelf Intensifying Force\u201d) de temsil ediyor.<\/p>\n\n\n\n<p class=\"has-orange-50-color has-text-color\"><strong>\u0130nsan ve makine i\u00e7in b\u00fcy\u00fck bir g\u00fcvenlik unsuru<\/strong><\/p>\n\n\n\n<p style=\"margin-bottom:var(--wp--preset--spacing--4-rem)\">Kendili\u011finden g\u00fc\u00e7lendirmeli s\u0131k\u0131\u015ft\u0131rman\u0131n ba\u015fl\u0131ca uygulama alan\u0131, \u00fcst\u00fcn makine ve \u00f6zellikle de insan g\u00fcvenli\u011fi sa\u011flayan b\u00fcy\u00fck eksenel kuvvetlerin ve y\u00fcklerin g\u00fcvenilir \u015fekilde emniyete al\u0131nmas\u0131d\u0131r. Mutlak ar\u0131za emniyetinin yan\u0131 s\u0131ra kalite ve bununla ba\u011flant\u0131l\u0131 olarak s\u0131k\u0131\u015ft\u0131rma ba\u015fl\u0131klar\u0131n\u0131n uzun bir kullan\u0131m \u00f6mr\u00fcne sahip olmas\u0131 en y\u00fcksek \u00f6nceli\u011fe sahiptir.<\/p>\n<\/div><\/div>\n\n\n\n<div class=\"wp-block-media-text has-media-on-the-right is-stacked-on-mobile has-background\" style=\"background-color:#14abe0;margin-top:0;margin-bottom:0\"><div class=\"wp-block-media-text__content\">\n<h3 class=\"wp-block-heading\" style=\"margin-top:var(--wp--preset--spacing--4-rem)\">Tek bak\u0131\u015fta avantajlar<\/h3>\n\n\n\n<ul class=\"wp-block-list\">\n<li>Y\u00fck alt\u0131ndayken \u00e7\u00f6zme m\u00fcmk\u00fcn de\u011fildir, bu nedenle yanl\u0131\u015fl\u0131kla \u00e7\u00f6z\u00fclmeye kar\u015f\u0131 g\u00fcvenlidir.<\/li>\n\n\n\n<li>Kapal\u0131 s\u0131k\u0131\u015ft\u0131rma sistemi y\u00fck alt\u0131nda de\u011filse (emniyetli durum), basit bir bas\u0131n\u00e7 uygulamas\u0131 \u00e7\u00f6zmek i\u00e7in yeterlidir (y\u00fck\u00fc kald\u0131rmaya gerek yoktur).<\/li>\n\n\n\n<li>Y\u00fck alt\u0131ndaki s\u0131k\u0131\u015ft\u0131rma ba\u015fl\u0131\u011f\u0131n\u0131n \u00e7\u00f6z\u00fclmesi (\u00f6rne\u011fin acil durdurma sonras\u0131nda) ancak s\u0131k\u0131\u015ft\u0131rma ba\u015fl\u0131\u011f\u0131n\u0131n y\u00fck\u00fc al\u0131nd\u0131ktan sonra m\u00fcmk\u00fcnd\u00fcr. B\u00f6ylece y\u00fck\u00fcn ba\u015fka bir sistem (\u00f6rne\u011fin tahrik) taraf\u0131ndan otomatik olarak g\u00fcvenli bi\u00e7imde devral\u0131nmas\u0131 garanti edilir. Y\u00fck\u00fc almak i\u00e7in basit\u00e7e y\u00fck\u00fc kald\u0131rmak yeterlidir, ek bir kuvvet (\u201cserbest s\u00fcrme\u201d) gerekmez.<\/li>\n\n\n\n<li>B\u00f6ylece bir silindir \u00fczerinde kullan\u0131ld\u0131\u011f\u0131nda da otomatik olarak yumu\u015fak bir \u00e7\u00f6zme elde edilir.<\/li>\n\n\n\n<li>Kapal\u0131 s\u0131k\u0131\u015ft\u0131rma esnas\u0131nda bile, \u00f6rne\u011fin s\u0131k\u0131\u015fm\u0131\u015f bir ki\u015fiyi kurtarmak i\u00e7in yukar\u0131 do\u011fru hareket etmek daima m\u00fcmk\u00fcnd\u00fcr.<\/li>\n\n\n\n<li>S\u0131k\u0131\u015ft\u0131rma sistemi yaln\u0131zca ger\u00e7ekten gerekli oldu\u011funda y\u00fcklenir.<\/li>\n\n\n\n<li>Bu sayede uzun bir kullan\u0131m \u00f6mr\u00fc (B<sub>10D<\/sub> de\u011ferleri 6 milyon \u00e7evrime kadar) elde edilir.<\/li>\n\n\n\n<li>G\u00fcvenlik fakt\u00f6r\u00fc &gt; 2 dahildir.<\/li>\n\n\n\n<li>220 kN\u2019a kadar y\u00fckler pn\u00f6matik olarak da emniyete al\u0131nabilir.<\/li>\n<\/ul>\n\n\n\n<p class=\"has-orange-50-color has-text-color has-link-color wp-elements-8bdb31da2ac121872387cf8f742607b2\" style=\"margin-bottom:var(--wp--preset--spacing--4-rem)\"><strong>Tek tek maddelere ili\u015fkin a\u00e7\u0131klamalar\u0131 bu sayfan\u0131n ilerleyen b\u00f6l\u00fcmlerinde bulabilirsiniz.<\/strong><\/p>\n<\/div><figure class=\"wp-block-media-text__media\"><img decoding=\"async\" width=\"800\" height=\"640\" src=\"https:\/\/www.sitema.de\/wp-content\/uploads\/siforce-tec\/siforce-2-2.jpg\" alt=\"\" class=\"wp-image-13867 size-full\" srcset=\"https:\/\/www.sitema.de\/wp-content\/uploads\/siforce-tec\/siforce-2-2.jpg 800w, https:\/\/www.sitema.de\/wp-content\/uploads\/siforce-tec\/siforce-2-2-300x240.jpg 300w, https:\/\/www.sitema.de\/wp-content\/uploads\/siforce-tec\/siforce-2-2-768x614.jpg 768w\" sizes=\"(max-width: 800px) 100vw, 800px\" \/><\/figure><\/div>\n\n\n\n<div class=\"wp-block-media-text is-stacked-on-mobile has-background\" style=\"background-color:#e1e6ea;margin-top:0;margin-bottom:0\"><figure class=\"wp-block-media-text__media\"><img decoding=\"async\" width=\"660\" height=\"528\" src=\"https:\/\/www.sitema.de\/wp-content\/uploads\/siforce-tec\/tr_haltekraft-taktzyklen_tr.jpg\" alt=\"\" class=\"wp-image-213074 size-full\" srcset=\"https:\/\/www.sitema.de\/wp-content\/uploads\/siforce-tec\/tr_haltekraft-taktzyklen_tr.jpg 660w, https:\/\/www.sitema.de\/wp-content\/uploads\/siforce-tec\/tr_haltekraft-taktzyklen_tr-300x240.jpg 300w\" sizes=\"(max-width: 660px) 100vw, 660px\" \/><\/figure><div class=\"wp-block-media-text__content\">\n<h3 class=\"wp-block-heading\" style=\"margin-top:var(--wp--preset--spacing--4-rem)\">Uzun kullan\u0131m \u00f6mr\u00fc<\/h3>\n\n\n\n<p style=\"margin-bottom:var(--wp--preset--spacing--4-rem)\">SiForce Technology olmayan, yayla \u00e7al\u0131\u015fan bir s\u0131k\u0131\u015ft\u0131rma \u00fcnitesinde tutma kuvveti, s\u0131k\u0131\u015ft\u0131rma sistemini mile bast\u0131ran disk veya helezon yaylarla \u00fcretilir. Bu kuvvet her zaman sabittir ve yaln\u0131zca yaylara ba\u011fl\u0131d\u0131r. S\u0131k\u0131\u015ft\u0131rma her etkinle\u015ftirildi\u011finde tam tutma kuvveti ve buna ba\u011fl\u0131 tam a\u015f\u0131nma ortaya \u00e7\u0131kar.<br><br>SiForce Technology\u2019li kendinden g\u00fc\u00e7lendirmeli bir s\u0131k\u0131\u015ft\u0131rmada ise yaylar da kullan\u0131l\u0131r. Ancak bunlar tutma kuvvetine k\u0131yasla \u00e7ok daha d\u00fc\u015f\u00fck bir kuvvete sahiptir ve yaln\u0131zca s\u0131k\u0131\u015ft\u0131rma sistemini g\u00fcvenilir \u015fekilde do\u011fru konuma getirmeye yarar. Tutma kuvvetinin \u00fcretilmesiyle ilgileri yoktur. Bu nedenle s\u0131k\u0131\u015ft\u0131rma sistemi salt emniyet s\u0131ras\u0131nda neredeyse hi\u00e7, y\u00fck\u00fc devral\u0131rken de yaln\u0131zca a\u011f\u0131rl\u0131k kuvvetine orant\u0131l\u0131 olarak y\u00fcklenir. B\u00f6ylece SiForce Technology\u2019li s\u0131k\u0131\u015ft\u0131rma ba\u015fl\u0131klar\u0131, bu teknolojiye sahip olmayan yayl\u0131 s\u0131k\u0131\u015ft\u0131rmalara g\u00f6re \u00e7ok daha uzun bir kullan\u0131m \u00f6mr\u00fc elde eder.<\/p>\n<\/div><\/div>\n\n\n\n<div class=\"wp-block-media-text has-media-on-the-right is-stacked-on-mobile has-background\" style=\"background-color:#e1e6ea;margin-top:0;margin-bottom:0\"><div class=\"wp-block-media-text__content\">\n<h3 class=\"wp-block-heading\" style=\"margin-top:var(--wp--preset--spacing--4-rem)\">Kompakt yap\u0131<\/h3>\n\n\n\n<p style=\"margin-bottom:var(--wp--preset--spacing--4-rem)\">B\u00fcy\u00fck yay paketlerine gerek kalmad\u0131\u011f\u0131ndan, SiForce Technology\u2019li s\u0131k\u0131\u015ft\u0131rma ba\u015fl\u0131klar\u0131 \u00e7ok kompakt tasarlan\u0131r. Bir \u00f6rnek: 6 ton y\u00fck\u00fc g\u00fcvenlik fakt\u00f6r\u00fc &gt; 2 ile emniyete almak i\u00e7in SiForce Technology olmayan standart yayl\u0131 bir \u00fcnite yakla\u015f\u0131k 220 mm \u00e7ap ve yakla\u015f\u0131k 315 mm uzunlu\u011fundad\u0131r. Buna kar\u015f\u0131l\u0131k SiForce s\u0131k\u0131\u015ft\u0131rma ba\u015fl\u0131\u011f\u0131 (\u00f6rnek: SITEMA g\u00fcvenlik yakalay\u0131c\u0131s\u0131 KR 56) g\u00f6zle g\u00f6r\u00fcl\u00fcr seviyede daha k\u00fc\u00e7\u00fckt\u00fcr: yaln\u0131zca 140 mm \u00e7ap ve 262 mm uzunlu\u011fa sahiptir!<\/p>\n<\/div><figure class=\"wp-block-media-text__media\"><img decoding=\"async\" width=\"660\" height=\"525\" src=\"https:\/\/www.sitema.de\/wp-content\/uploads\/siforce-tec\/tr_haltekraft-bauvolumen_tr.jpg\" alt=\"\" class=\"wp-image-213062 size-full\" srcset=\"https:\/\/www.sitema.de\/wp-content\/uploads\/siforce-tec\/tr_haltekraft-bauvolumen_tr.jpg 660w, https:\/\/www.sitema.de\/wp-content\/uploads\/siforce-tec\/tr_haltekraft-bauvolumen_tr-300x239.jpg 300w\" sizes=\"(max-width: 660px) 100vw, 660px\" \/><\/figure><\/div>\n\n\n\n<div class=\"wp-block-media-text is-stacked-on-mobile has-background\" style=\"background-color:#e1e6ea;margin-top:0;margin-bottom:0\"><figure class=\"wp-block-media-text__media\"><img decoding=\"async\" width=\"660\" height=\"418\" src=\"https:\/\/www.sitema.de\/wp-content\/uploads\/siforce-tec\/siforce-5.jpg\" alt=\"\" class=\"wp-image-9363 size-full\" srcset=\"https:\/\/www.sitema.de\/wp-content\/uploads\/siforce-tec\/siforce-5.jpg 660w, https:\/\/www.sitema.de\/wp-content\/uploads\/siforce-tec\/siforce-5-300x190.jpg 300w\" sizes=\"(max-width: 660px) 100vw, 660px\" \/><\/figure><div class=\"wp-block-media-text__content\">\n<h3 class=\"wp-block-heading\" style=\"margin-top:var(--wp--preset--spacing--4-rem)\">Pn\u00f6matik olarak da \u00e7ok g\u00fc\u00e7l\u00fc<\/h3>\n\n\n\n<p style=\"margin-bottom:var(--wp--preset--spacing--4-rem)\">SiForce Technology olmayan yayla \u00e7al\u0131\u015fan bir lineer freni a\u00e7mak ve a\u00e7\u0131k tutmak i\u00e7in her seferinde tam yay kuvvetinin a\u015f\u0131lmas\u0131 gerekir ve bu nedenle pn\u00f6matik kumandada nispeten k\u00fc\u00e7\u00fck tutma kuvvetleriyle s\u0131n\u0131rl\u0131d\u0131r.&nbsp;<br><br>SiForce Technology ile ise yaln\u0131zca konik veya kamal\u0131 s\u0131k\u0131\u015ft\u0131rma sisteminin nispeten d\u00fc\u015f\u00fck a\u011f\u0131rl\u0131\u011f\u0131 ve sistemi konumland\u0131ran yaylar\u0131n az kuvveti a\u015f\u0131l\u0131r. B\u00f6ylece SiForce Technology\u2019li SITEMA g\u00fcvenlik yakalay\u0131c\u0131larla 22 tona kadar y\u00fck tamamen pn\u00f6matik olarak emniyete al\u0131nabilir.<\/p>\n<\/div><\/div>\n\n\n\n<div class=\"wp-block-media-text has-media-on-the-right is-stacked-on-mobile has-background\" style=\"background-color:#e1e6ea;margin-top:0;margin-bottom:0\"><div class=\"wp-block-media-text__content\">\n<h3 class=\"wp-block-heading\" style=\"margin-top:var(--wp--preset--spacing--4-rem)\">G\u00fcvenlik fakt\u00f6r\u00fc<\/h3>\n\n\n\n<p>SiForce Technology\u2019li sertifikal\u0131 SITEMA s\u0131k\u0131\u015ft\u0131rma ba\u015fl\u0131klar\u0131m\u0131z\u0131n (g\u00fcvenlik yakalay\u0131c\u0131lar\u0131 ve emniyet frenleri) izin verilen bir y\u00fck\u00fc vard\u0131r. DGUV test sertifikas\u0131, bu y\u00fck\u00fcn en az iki kat\u0131 tutma kuvvetinin garanti edilmesini talep eder. Yani nominal y\u00fck\u00fcn iki kat\u0131n\u0131n da emniyete al\u0131nabilmesi gerekir.\u2028\u2028<\/p>\n\n\n\n<p style=\"margin-bottom:var(--wp--preset--spacing--4-rem)\">SITEMA\u2019n\u0131n \u015firket i\u00e7i standartlar\u0131 ise bundan \u00e7ok daha y\u00fcksek bir g\u00fcvenlik fakt\u00f6rleri gerektirir. Bu nedenle, \u00f6rne\u011fin SiForce Technology\u2019li SITEMA g\u00fcvenlik yakalay\u0131c\u0131s\u0131 KR 40 veya KRP 40, 3,3 ton nominal y\u00fckte ger\u00e7ekte 10 tonun \u00fczerinde bir tutma kuvvetine sahiptir!<\/p>\n<\/div><figure class=\"wp-block-media-text__media\"><img decoding=\"async\" width=\"660\" height=\"508\" src=\"https:\/\/www.sitema.de\/wp-content\/uploads\/siforce-tec\/tr_sicherheitsfaktor_tr.jpg\" alt=\"\" class=\"wp-image-213086 size-full\" srcset=\"https:\/\/www.sitema.de\/wp-content\/uploads\/siforce-tec\/tr_sicherheitsfaktor_tr.jpg 660w, https:\/\/www.sitema.de\/wp-content\/uploads\/siforce-tec\/tr_sicherheitsfaktor_tr-300x231.jpg 300w\" sizes=\"(max-width: 660px) 100vw, 660px\" \/><\/figure><\/div>\n\n\n\n<div class=\"wp-block-media-text is-stacked-on-mobile has-background\" style=\"background-color:#14abe0;margin-top:0;margin-bottom:0\"><figure class=\"wp-block-media-text__media\"><img decoding=\"async\" width=\"660\" height=\"508\" src=\"https:\/\/www.sitema.de\/wp-content\/uploads\/siforce-tec\/siforce-7.jpg\" alt=\"\" class=\"wp-image-9341 size-full\" srcset=\"https:\/\/www.sitema.de\/wp-content\/uploads\/siforce-tec\/siforce-7.jpg 660w, https:\/\/www.sitema.de\/wp-content\/uploads\/siforce-tec\/siforce-7-300x231.jpg 300w\" sizes=\"(max-width: 660px) 100vw, 660px\" \/><\/figure><div class=\"wp-block-media-text__content\">\n<h3 class=\"wp-block-heading\" style=\"margin-top:var(--wp--preset--spacing--4-rem)\">Ki\u015filerin kurtar\u0131lmas\u0131<\/h3>\n\n\n\n<p style=\"margin-bottom:var(--wp--preset--spacing--4-rem)\">Lineer frenlerin kullan\u0131ld\u0131\u011f\u0131 bir\u00e7ok makinede, s\u0131k\u0131\u015ft\u0131rma \u00fcniteleri a\u00e7\u0131lmay\u0131 sa\u011flamak i\u00e7in hidrolik veya pn\u00f6matik bas\u0131n\u00e7 kullan\u0131r. Bu sistemde bas\u0131n\u00e7 d\u00fc\u015ferse s\u0131k\u0131\u015ft\u0131rma kapan\u0131r. Bu bir ar\u0131za nedeniyle olursa, SiForce Technology olmayan yayl\u0131 s\u0131k\u0131\u015ft\u0131rma \u00fcnitelerinde d\u00fc\u015fm\u00fc\u015f y\u00fck, tam tutma kuvvetine kar\u015f\u0131 hareket ettirilebilir ki bu \u00e7o\u011fu zaman m\u00fcmk\u00fcn de\u011fildir.<br><br>Oysa SiForce Technology\u2019li bir s\u0131k\u0131\u015ft\u0131rma ba\u015fl\u0131\u011f\u0131nda, kapal\u0131 yani bas\u0131n\u00e7s\u0131z durumda bile mil her zaman y\u00fck y\u00f6n\u00fcn\u00fcn tersine hareket ettirilebilir. Bu nedenle acil durumda s\u0131k\u0131\u015fan ki\u015filerin daha h\u0131zl\u0131 ve kolay kurtar\u0131lmas\u0131 m\u00fcmk\u00fcn olur ve bu da hayati \u00f6nem ta\u015f\u0131yabilir.<\/p>\n<\/div><\/div>\n\n\n\n<div class=\"wp-block-media-text has-media-on-the-right is-stacked-on-mobile has-background\" style=\"background-color:#e1e6ea;margin-top:0;margin-bottom:0\"><div class=\"wp-block-media-text__content\">\n<h3 class=\"wp-block-heading\" style=\"margin-top:var(--wp--preset--spacing--4-rem)\">\u00c7al\u0131\u015fma prensibi<\/h3>\n\n\n\n<p>Kendili\u011finden g\u00fc\u00e7lendirmeli bir s\u0131k\u0131\u015ft\u0131rma sistemi g\u00fcc\u00fcn\u00fc yaylardan de\u011fil, tutaca\u011f\u0131 k\u00fctlenin enerjisinden al\u0131r. Yatay uygulamalarda, emniyete al\u0131nacak tahrik kuvveti kullan\u0131l\u0131r. SiForce s\u0131k\u0131\u015ft\u0131rma ba\u015fl\u0131\u011f\u0131 hidrolik veya pn\u00f6matik bas\u0131n\u00e7la a\u00e7\u0131k tutulur. S\u0131k\u0131\u015ft\u0131rmay\u0131 kapatmak i\u00e7in bas\u0131n\u00e7 kesilir.\u2028<br>Bir y\u00fck emniyete al\u0131nd\u0131\u011f\u0131nda, bu y\u00fck normal \u00e7al\u0131\u015fmada makine tahriki taraf\u0131ndan durdurulur ve ayr\u0131ca s\u0131k\u0131\u015ft\u0131rma ba\u015fl\u0131\u011f\u0131 taraf\u0131ndan emniyete al\u0131n\u0131r.\u2028<br>S\u0131k\u0131\u015ft\u0131rma sistemi bu s\u0131rada y\u00fck\u00fc emniyete almak i\u00e7in \u00f6nce sadece mile temas eder, tutma kuvveti olu\u015fturmaz. Bu durumda y\u00fck yine de emniyete al\u0131nm\u0131\u015f olur ve s\u0131k\u0131\u015ft\u0131rma ba\u015fl\u0131\u011f\u0131 bunu uygun bir sinyalle g\u00f6sterir. S\u0131k\u0131\u015ft\u0131rma \u015fimdi basit bir bas\u0131n\u00e7 uygulamas\u0131 ile tekrar \u00e7\u00f6z\u00fclebilir.<\/p>\n\n\n\n<p class=\"has-orange-50-color has-text-color has-link-color wp-elements-80f7630e9d6df06f3f08db80a51ba953\"><strong>\u00dcberlegene Haltekraft<\/strong><\/p>\n\n\n\n<p style=\"margin-bottom:var(--wp--preset--spacing--4-rem)\">\u00c7al\u0131\u015fma freni veya tahrik ar\u0131zaland\u0131\u011f\u0131nda, yani y\u00fck temas halinde ve b\u00f6ylece emniyette iken al\u00e7almaya ba\u015flad\u0131\u011f\u0131nda, s\u0131k\u0131\u015ft\u0131rma sistemi kendini \u00e7eker ve kendili\u011finden g\u00fc\u00e7lendirmeli \u00e7ok y\u00fcksek bir tutma kuvveti olu\u015fturur. Buradaki kural \u015fudur: Eksenel kuvvet ne kadar b\u00fcy\u00fckse s\u0131k\u0131\u015ft\u0131rma o kadar s\u0131k\u0131 olur ve tutma kuvveti o kadar artar.<\/p>\n<\/div><figure class=\"wp-block-media-text__media\"><img decoding=\"async\" width=\"533\" height=\"260\" src=\"https:\/\/www.sitema.de\/wp-content\/uploads\/grafiken-animationen\/siforce-8.png\" alt=\"\" class=\"wp-image-13852 size-full\" srcset=\"https:\/\/www.sitema.de\/wp-content\/uploads\/grafiken-animationen\/siforce-8.png 533w, https:\/\/www.sitema.de\/wp-content\/uploads\/grafiken-animationen\/siforce-8-300x146.png 300w\" sizes=\"(max-width: 533px) 100vw, 533px\" \/><\/figure><\/div>\n\n\n\n<div class=\"wp-block-media-text is-stacked-on-mobile has-background\" style=\"background-color:#e1e6ea;margin-top:0;margin-bottom:0\"><figure class=\"wp-block-media-text__media\"><img decoding=\"async\" width=\"660\" height=\"508\" src=\"https:\/\/www.sitema.de\/wp-content\/uploads\/siforce-tec\/siforce-9.jpg\" alt=\"\" class=\"wp-image-9319 size-full\" srcset=\"https:\/\/www.sitema.de\/wp-content\/uploads\/siforce-tec\/siforce-9.jpg 660w, https:\/\/www.sitema.de\/wp-content\/uploads\/siforce-tec\/siforce-9-300x231.jpg 300w\" sizes=\"(max-width: 660px) 100vw, 660px\" \/><\/figure><div class=\"wp-block-media-text__content\">\n<h3 class=\"wp-block-heading\" style=\"margin-top:var(--wp--preset--spacing--4-rem)\">Tam ar\u0131za g\u00fcvenli\u011fi<\/h3>\n\n\n\n<p style=\"margin-bottom:var(--wp--preset--spacing--4-rem)\">SiForce Technology\u2019e sahip olmayan yayl\u0131 bir lineer fren, bir ar\u0131za veya yanl\u0131\u015f kullan\u0131m nedeniyle y\u00fck alt\u0131ndayken bile her zaman a\u00e7\u0131labilirken, SiForce Technology\u2019de \u00f6nce y\u00fck\u00fcn ba\u015fka bir \u015fekilde g\u00fcvenle devral\u0131nmas\u0131 gerekir. Yani s\u0131k\u0131\u015ft\u0131rman\u0131n \u00f6nce bo\u015falt\u0131lmas\u0131 (ve yaln\u0131zca o zaman!) gerekir ki a\u00e7\u0131labilsin. Genellikle s\u0131k\u0131\u015ft\u0131rmay\u0131 bo\u015faltmak, yani y\u00fck\u00fc kald\u0131rmak, yaln\u0131zca y\u00fck\u00fc devralacak bir \u015fey varsa (\u00f6rne\u011fin makinenin sa\u011flam tahriki) m\u00fcmk\u00fcnd\u00fcr. \u2028\u2028B\u00f6ylece SiForce Technology, s\u0131k\u0131\u015ft\u0131rman\u0131n \u00e7\u00f6z\u00fclmesinin her zaman g\u00fcvenli olmas\u0131n\u0131 otomatik olarak garanti eder \u00e7\u00fcnk\u00fc y\u00fck\u00fcn bu s\u0131rada ba\u015fka bir \u015fekilde desteklenmi\u015f olmas\u0131 gerekir. Bilinmesi gereken: SiForce Technology\u2019li s\u0131k\u0131\u015ft\u0131rma ba\u015fl\u0131\u011f\u0131 y\u00fck\u00fc yaln\u0131zca emniyete alm\u0131\u015f ancak hen\u00fcz devralmam\u0131\u015fsa, basit bir bas\u0131n\u00e7 uygulamas\u0131 ile t\u0131pk\u0131 yayl\u0131 bir lineer fren gibi a\u00e7\u0131labilir.<\/p>\n<\/div><\/div>\n\n\n\n<div class=\"wp-block-media-text has-media-on-the-right is-stacked-on-mobile has-background\" style=\"background-color:#f1f1f1;margin-top:0;margin-bottom:0\"><div class=\"wp-block-media-text__content\">\n<h3 class=\"wp-block-heading\" style=\"margin-top:var(--wp--preset--spacing--4-rem)\">\u201cSerbest s\u00fcrme\u201d gerekmez<\/h3>\n\n\n\n<p>Sekt\u00f6rde s\u0131k\u00e7a, kendili\u011finden g\u00fc\u00e7lendirmeli s\u0131k\u0131\u015ft\u0131rma sistemlerinin her zaman \u201cserbest s\u00fcrme\u201d gerektirdi\u011fi ve bunun bir dezavantaj oldu\u011fu y\u00f6n\u00fcnde bir efsane duyulur. Fakat bu iddia ger\u00e7e\u011fe uygun de\u011fildir. Ne \u201cserbest s\u00fcrme\u201d zorunlulu\u011fu vard\u0131r ne de bir g\u00fcvenlik analizinde istenmeyen \u00e7\u00f6z\u00fclmeye kar\u015f\u0131 koruma bir dezavantaj olarak de\u011ferlendirilebilir.<\/p>\n\n\n\n<p class=\"has-orange-50-color has-text-color has-link-color wp-elements-09735bf66fdf358513e1118f8dd3a318\" style=\"margin-bottom:var(--wp--preset--spacing--4-rem)\"><strong>Bu nedenle bir lineer fren kullan\u0131rken, tesisinizin kullan\u0131c\u0131lar\u0131 i\u00e7in en iyi korumay\u0131 sa\u011flamak \u00fczere her zaman SiForce logosuna dikkat edin.<\/strong><\/p>\n<\/div><figure class=\"wp-block-media-text__media\"><img decoding=\"async\" width=\"648\" height=\"350\" src=\"https:\/\/www.sitema.de\/wp-content\/uploads\/siforce-tec\/product-extra-1.jpg\" alt=\"\" class=\"wp-image-13240 size-full\" srcset=\"https:\/\/www.sitema.de\/wp-content\/uploads\/siforce-tec\/product-extra-1.jpg 648w, https:\/\/www.sitema.de\/wp-content\/uploads\/siforce-tec\/product-extra-1-300x162.jpg 300w\" sizes=\"(max-width: 648px) 100vw, 648px\" \/><\/figure><\/div>\n<\/div>\n","protected":false},"excerpt":{"rendered":"<p>E\u015fsiz bir teknoloji i\u00e7in g\u00fc\u00e7l\u00fc bir marka D\u00fcnyada kendini kan\u0131tlam\u0131\u015f kendili\u011finden g\u00fc\u00e7lendirmeli s\u0131k\u0131\u015ft\u0131rma teknolojisinin bir ad\u0131 var. Bu sayede s\u0131k\u0131\u015ft\u0131rma \u00fcniteleri ve lineer frenler pazar\u0131nda tan\u0131nma yoluyla \u015feffafl\u0131k sa\u011fl\u0131yoruz. Bu ba\u011flamda SiForce Technology yaln\u0131zca g\u00fcvenli\u011fi de\u011fil, ayn\u0131 zamanda kendili\u011finden g\u00fc\u00e7lendirmeli kuvvet ilkesini (\u201cSelf Intensifying Force\u201d) de temsil ediyor. \u0130nsan ve makine i\u00e7in b\u00fcy\u00fck bir g\u00fcvenlik [&hellip;]<\/p>\n","protected":false},"author":1,"featured_media":0,"parent":181844,"menu_order":0,"comment_status":"closed","ping_status":"closed","template":"","meta":{"_acf_changed":false,"_seopress_robots_primary_cat":"","_seopress_titles_title":"SiForce Technology - %%sitetitle%%","_seopress_titles_desc":"Germe tekni\u011finde \u00f6nde gelen bir marka olan SiForce Technology\u2019yi ke\u015ffedin. \u00dcr\u00fcnlerimiz insan ve makine i\u00e7in maksimum g\u00fcvenlik garantisi sunar ve kaza \u00f6nleme, g\u00fcvenli otomatik \u00e7\u00f6zme ve uzun kullan\u0131m \u00f6mr\u00fc gibi avantajlar sa\u011flar.","_seopress_robots_index":"","footnotes":""},"class_list":["post-181842","page","type-page","status-publish","hentry"],"acf":[],"_links":{"self":[{"href":"https:\/\/www.sitema.de\/tr\/wp-json\/wp\/v2\/pages\/181842","targetHints":{"allow":["GET"]}}],"collection":[{"href":"https:\/\/www.sitema.de\/tr\/wp-json\/wp\/v2\/pages"}],"about":[{"href":"https:\/\/www.sitema.de\/tr\/wp-json\/wp\/v2\/types\/page"}],"author":[{"embeddable":true,"href":"https:\/\/www.sitema.de\/tr\/wp-json\/wp\/v2\/users\/1"}],"replies":[{"embeddable":true,"href":"https:\/\/www.sitema.de\/tr\/wp-json\/wp\/v2\/comments?post=181842"}],"version-history":[{"count":4,"href":"https:\/\/www.sitema.de\/tr\/wp-json\/wp\/v2\/pages\/181842\/revisions"}],"predecessor-version":[{"id":213089,"href":"https:\/\/www.sitema.de\/tr\/wp-json\/wp\/v2\/pages\/181842\/revisions\/213089"}],"up":[{"embeddable":true,"href":"https:\/\/www.sitema.de\/tr\/wp-json\/wp\/v2\/pages\/181844"}],"wp:attachment":[{"href":"https:\/\/www.sitema.de\/tr\/wp-json\/wp\/v2\/media?parent=181842"}],"curies":[{"name":"wp","href":"https:\/\/api.w.org\/{rel}","templated":true}]}}