{"id":181836,"date":"2024-03-14T14:51:34","date_gmt":"2024-03-14T13:51:34","guid":{"rendered":"https:\/\/www.sitema.de\/interactive-3d-simulation\/"},"modified":"2025-12-05T18:19:32","modified_gmt":"2025-12-05T17:19:32","slug":"interactive-3d-simulation","status":"publish","type":"page","link":"https:\/\/www.sitema.de\/tr\/interactive-3d-simulation\/","title":{"rendered":"Etkile\u015fimli 3D sim&uuml;lasyonu"},"content":{"rendered":"\n<section class=\"wp-block-group alignfull header-generic has-global-padding is-layout-constrained wp-block-group-is-layout-constrained\" id=\"header-generic\">\n<div class=\"wp-block-cover alignfull\" style=\"min-height:350px;aspect-ratio:unset;\"><span aria-hidden=\"true\" class=\"wp-block-cover__background has-background-dim-30 has-background-dim wp-block-cover__gradient-background has-background-gradient\" style=\"background:linear-gradient(90deg,rgb(128,128,128) 0%,rgba(0,0,0,0) 100%)\"><\/span><img decoding=\"async\" class=\"wp-block-cover__image-background wp-image-801\" alt=\"\" src=\"https:\/\/www.sitema.de\/wp-content\/themes\/sitema\/assets\/images\/custom-header.jpg\" style=\"object-position:50% 50%\" data-object-fit=\"cover\" data-object-position=\"50% 50%\"\/><div class=\"wp-block-cover__inner-container has-global-padding is-layout-constrained wp-block-cover-is-layout-constrained\">\n<h1 class=\"wp-block-heading has-text-align-left has-blue-20-color has-text-color has-title-h-1-font-size\">Etkile\u015fimdi ve 3D<\/h1>\n<\/div><\/div>\n<\/section>\n\n<section id=\"block-content-image-gallery\" class=\"wp-block-group pattern__image-gallery has-white-background-color has-background has-global-padding is-layout-constrained wp-container-core-group-is-layout-8b30ac19 wp-block-group-is-layout-constrained\" style=\"padding-top:var(--wp--preset--spacing--5-rem);padding-right:var(--wp--preset--spacing--5-rem);padding-bottom:var(--wp--preset--spacing--5-rem);padding-left:var(--wp--preset--spacing--5-rem)\">\n<div class=\"wp-block-columns is-layout-flex wp-container-core-columns-is-layout-28f84493 wp-block-columns-is-layout-flex\">\n<div class=\"wp-block-column is-layout-flow wp-block-column-is-layout-flow\">\n<h3 class=\"wp-block-heading has-blue-20-color has-text-color has-headline-h-3-font-size\">SITEMA s\u0131k\u0131\u015ft\u0131rma ba\u015fl\u0131klar\u0131 nerede ve nas\u0131l kullan\u0131l\u0131r? &#8211; Etkile\u015fimli 3D sim\u00fclasyonu<\/h3>\n\n\n\n<p>(MS Edge, Firefox, Chrome ve Opera\u2019n\u0131n g\u00fcncel s\u00fcr\u00fcmlerinde \u00e7al\u0131\u015f\u0131r. Ba\u011flant\u0131 h\u0131z\u0131na ba\u011fl\u0131 olarak y\u00fckleme birka\u00e7 dakika s\u00fcrebilir.)<\/p>\n<\/div>\n<\/div>\n<\/section>\n<div class=\"bootstrap-custom-container\">\r\n    <div class=\"row\">\r\n        <div class=\"col-md-6\">\r\n            <div class=\"video-modal-box cf mod-modal-link\" data-modal-link=\"animation_1\">\r\n                <video src=\"https:\/\/www.sitema.de\/wp-content\/themes\/sitema\/assets\/videos\/sitema_maschinen.mp4\" autoplay=\"\" muted=\"\" loop=\"\"><\/video>\r\n                <div class=\"description-title\">Maschinenbau<\/div>\r\n                <img decoding=\"async\" id=\"play-button\" class=\"play-button\" src=\"https:\/\/www.sitema.de\/wp-content\/themes\/sitema\/assets\/images\/play-button.svg\" alt=\"play\">\r\n            <\/div>\r\n        <\/div>\r\n        <div class=\"col-md-6\">\r\n            <div class=\"video-modal-box cf mod-modal-link\" data-modal-link=\"animation_2\">\r\n                <video src=\"https:\/\/www.sitema.de\/wp-content\/themes\/sitema\/assets\/videos\/sitema_maritim.mp4\" autoplay=\"\" muted=\"\" loop=\"\"><\/video>\r\n                <div class=\"description-title\">Gemi yap\u0131m\u0131 \/ denizcilik uygulamalar\u0131<\/div>\r\n                <img decoding=\"async\" id=\"play-button\" class=\"play-button\" src=\"https:\/\/www.sitema.de\/wp-content\/themes\/sitema\/assets\/images\/play-button.svg\" alt=\"play\">\r\n            <\/div>\r\n        <\/div>\r\n    <\/div>\r\n    <\/div>\r\n    \r\n    <div class=\"mod-modal\" data-modal-content=\"animation_1\">\r\n    <div class=\"mod-modal-close icon-close\"><\/div>\r\n    <div class=\"webgl-wrapper\">\r\n        <div class=\"webgl-content\">\r\n            <div id=\"gameContainer_1\" style=\"width: 100%; height: auto\"><\/div>\r\n            <div class=\"footer\">\r\n                <div class=\"fullscreen\"><\/div>\r\n                <div class=\"title\">Tam ekran<\/div>\r\n            <\/div>\r\n        <\/div>\r\n    <\/div>\r\n    <\/div>\r\n    <div class=\"mod-modal\" data-modal-content=\"animation_2\">\r\n    <div class=\"mod-modal-close icon-close\"><\/div>\r\n    <div class=\"webgl-wrapper\">\r\n        <div class=\"webgl-content\">\r\n            <div id=\"gameContainer_2\" style=\"width: 100%; height: auto\"><\/div>\r\n            <div class=\"footer\">\r\n                <div class=\"fullscreen\"><\/div>\r\n                <div class=\"title\">Tam ekran<\/div>\r\n            <\/div>\r\n        <\/div>\r\n    <\/div>\r\n    <\/div>\r\n\n<section id=\"block-content-image-gallery\" class=\"wp-block-group pattern__image-gallery has-white-background-color has-background has-global-padding is-layout-constrained wp-container-core-group-is-layout-8b30ac19 wp-block-group-is-layout-constrained\" style=\"padding-top:var(--wp--preset--spacing--5-rem);padding-right:var(--wp--preset--spacing--5-rem);padding-bottom:var(--wp--preset--spacing--5-rem);padding-left:var(--wp--preset--spacing--5-rem)\">\n<div class=\"wp-block-columns is-layout-flex wp-container-core-columns-is-layout-28f84493 wp-block-columns-is-layout-flex\">\n<div class=\"wp-block-column is-layout-flow wp-block-column-is-layout-flow\">\n<h3 class=\"wp-block-heading has-blue-20-color has-text-color has-headline-h-3-font-size\">SITEMA s\u0131k\u0131\u015ft\u0131rma ba\u015fl\u0131klar\u0131 bir makinede hangi g\u00f6revleri yerine getirir?<\/h3>\n\n\n\n<p>Etkile\u015fimli 3D showroom\u2019umuzda kendiniz deneyin:<\/p>\n\n\n\n<ul class=\"wp-block-list\">\n<li>Tipik uygulama alanlar\u0131na g\u00f6z at\u0131n<\/li>\n\n\n\n<li>SITEMA s\u0131k\u0131\u015ft\u0131rma ba\u015fl\u0131klar\u0131n\u0131n orada nas\u0131l kullan\u0131ld\u0131\u011f\u0131n\u0131 \u00f6\u011frenin<\/li>\n\n\n\n<li>Tesis kullan\u0131c\u0131lar\u0131n\u0131 koruyun<\/li>\n\n\n\n<li>S\u0131k\u0131\u015ft\u0131rma ba\u015fl\u0131kl\u0131 veya s\u0131k\u0131\u015ft\u0131rma ba\u015fl\u0131\u011f\u0131 olmadan bir acil durumda neler olaca\u011f\u0131n\u0131 canl\u0131 olarak deneyimleyin<\/li>\n\n\n\n<li>PowerStroke modelimiz ile yenilik\u00e7i tahrik konseptlerini ke\u015ffedin<\/li>\n<\/ul>\n\n\n\n<p>Uygulamalar\u0131 \u00fccretsiz olarak ak\u0131ll\u0131 telefonunuza veya tabletinize de indirebilirsiniz. Android veya Apple uygulama ma\u011fazas\u0131nda \u201cSITEMA\u201d yazarak arama yapman\u0131z yeterlidir.<\/p>\n<\/div>\n<\/div>\n<\/section>\n","protected":false},"excerpt":{"rendered":"<p>SITEMA s\u0131k\u0131\u015ft\u0131rma ba\u015fl\u0131klar\u0131 nerede ve nas\u0131l kullan\u0131l\u0131r? &#8211; Etkile\u015fimli 3D sim\u00fclasyonu (MS Edge, Firefox, Chrome ve Opera\u2019n\u0131n g\u00fcncel s\u00fcr\u00fcmlerinde \u00e7al\u0131\u015f\u0131r. Ba\u011flant\u0131 h\u0131z\u0131na ba\u011fl\u0131 olarak y\u00fckleme birka\u00e7 dakika s\u00fcrebilir.) SITEMA s\u0131k\u0131\u015ft\u0131rma ba\u015fl\u0131klar\u0131 bir makinede hangi g\u00f6revleri yerine getirir? Etkile\u015fimli 3D showroom\u2019umuzda kendiniz deneyin: Uygulamalar\u0131 \u00fccretsiz olarak ak\u0131ll\u0131 telefonunuza veya tabletinize de indirebilirsiniz. Android veya Apple uygulama [&hellip;]<\/p>\n","protected":false},"author":1,"featured_media":0,"parent":0,"menu_order":0,"comment_status":"closed","ping_status":"closed","template":"","meta":{"_acf_changed":false,"_seopress_robots_primary_cat":"","_seopress_titles_title":"Etkile\u015fimli 3D animasyonu: S\u0131k\u0131\u015ft\u0131rma ba\u015fl\u0131klar\u0131 uygulamalar\u0131 - %%sitetitle%%","_seopress_titles_desc":"Etkile\u015fimli animasyonlarda SITEMA s\u0131k\u0131\u015ft\u0131rma ba\u015fl\u0131klar\u0131n\u0131n \u00e7e\u015fitli uygulamalarda nas\u0131l kullan\u0131ld\u0131\u011f\u0131n\u0131 ke\u015ffedin. Kullan\u0131c\u0131lar\u0131 koruyun ve acil durumlarda nas\u0131l \u00e7al\u0131\u015ft\u0131klar\u0131n\u0131 anlay\u0131n.","_seopress_robots_index":"","footnotes":""},"class_list":["post-181836","page","type-page","status-publish","hentry"],"acf":[],"_links":{"self":[{"href":"https:\/\/www.sitema.de\/tr\/wp-json\/wp\/v2\/pages\/181836","targetHints":{"allow":["GET"]}}],"collection":[{"href":"https:\/\/www.sitema.de\/tr\/wp-json\/wp\/v2\/pages"}],"about":[{"href":"https:\/\/www.sitema.de\/tr\/wp-json\/wp\/v2\/types\/page"}],"author":[{"embeddable":true,"href":"https:\/\/www.sitema.de\/tr\/wp-json\/wp\/v2\/users\/1"}],"replies":[{"embeddable":true,"href":"https:\/\/www.sitema.de\/tr\/wp-json\/wp\/v2\/comments?post=181836"}],"version-history":[{"count":5,"href":"https:\/\/www.sitema.de\/tr\/wp-json\/wp\/v2\/pages\/181836\/revisions"}],"predecessor-version":[{"id":194984,"href":"https:\/\/www.sitema.de\/tr\/wp-json\/wp\/v2\/pages\/181836\/revisions\/194984"}],"wp:attachment":[{"href":"https:\/\/www.sitema.de\/tr\/wp-json\/wp\/v2\/media?parent=181836"}],"curies":[{"name":"wp","href":"https:\/\/api.w.org\/{rel}","templated":true}]}}