{"id":166610,"date":"2024-02-19T09:44:35","date_gmt":"2024-02-19T08:44:35","guid":{"rendered":"https:\/\/www.sitema.de\/urunler\/"},"modified":"2025-08-13T16:56:59","modified_gmt":"2025-08-13T14:56:59","slug":"urunler","status":"publish","type":"page","link":"https:\/\/www.sitema.de\/tr\/urunler\/","title":{"rendered":"\u00dcr\u00fcnler"},"content":{"rendered":"\n<section class=\"wp-block-group alignfull header-generic has-global-padding is-layout-constrained wp-block-group-is-layout-constrained\" id=\"header-generic\">\n<div class=\"wp-block-cover alignfull\" style=\"min-height:350px;aspect-ratio:unset;\"><span aria-hidden=\"true\" class=\"wp-block-cover__background has-background-dim-30 has-background-dim wp-block-cover__gradient-background has-background-gradient\" style=\"background:linear-gradient(90deg,rgb(128,128,128) 0%,rgba(0,0,0,0) 100%)\"><\/span><img decoding=\"async\" class=\"wp-block-cover__image-background wp-image-801\" alt=\"\" src=\"https:\/\/www.sitema.de\/wp-content\/themes\/sitema\/assets\/images\/custom-header.jpg\" style=\"object-position:50% 50%\" data-object-fit=\"cover\" data-object-position=\"50% 50%\"\/><div class=\"wp-block-cover__inner-container has-global-padding is-layout-constrained wp-block-cover-is-layout-constrained\">\n<h1 class=\"wp-block-heading has-text-align-left has-blue-20-color has-text-color has-title-h-1-font-size\">\u00dcr\u00fcnlerimiz<\/h1>\n\n\n\n<h2 class=\"wp-block-heading has-text-align-left has-blue-20-color has-text-color has-headline-h-2-font-size\">Genel bak\u0131\u015fta<\/h2>\n<\/div><\/div>\n<\/section>\n\n<div id=\"category-list\" class=\"wp-block-group category-list has-global-padding is-layout-constrained wp-block-group-is-layout-constrained\" style=\"margin-top:var(--wp--preset--spacing--5-rem);margin-bottom:var(--wp--preset--spacing--5-rem)\">\r\n\r\n        <div class=\"wp-block-group category-element product-filter-container has-white-background-color has-background has-global-padding is-layout-constrained wp-container-core-group-is-layout-0189ff54 wp-block-group-is-layout-constrained\" style=\"border-radius:5px;padding-top:24px;padding-right:32px;padding-bottom:24px;padding-left:32px;z-index:1;\">\r\n    <div class=\"bootstrap-custom-container\">\r\n<div class=\"row\" id=\"filter-container\">\r\n\r\n<div id=\"filter-ansteuerung\" class=\"col-md-6 mb-3 d-none\">\r\n    <div class=\"title-container\">\r\n        <p><strong>Kumanda<\/strong><\/p>\r\n        <div id=\"loading-status\" class=\"spinner-border text-primary m-3\" role=\"status\" style=\"display:none;\">\r\n            <span><\/span>\r\n        <\/div>\r\n    <\/div>\r\n    <div class=\"btn-group d-flex flex-xl-row flex-column flex-wrap\" role=\"group\">\r\n        <input type=\"radio\" class=\"btn-check\" name=\"ansteuerung\" id=\"ansteuerung_all\" data-all=\"show\" checked=\"checked\">\r\n        <label class=\"btn btn-primary me-3 mb-2\" style=\"flex:initial;\" for=\"ansteuerung_all\" data-all-label=\"show\">T\u00fcm\u00fc<\/label>\r\n\r\n        <input type=\"radio\" class=\"btn-check d-none\" name=\"ansteuerung\" id=\"electric-tr\" data-count=\"actuation1\">\r\n        <label class=\"btn btn-outline-primary me-3 mb-2 d-none\" style=\"flex:initial;\" for=\"electric-tr\" data-count=\"actuation1\">elektrikli<\/label>\r\n        \r\n        <input type=\"radio\" class=\"btn-check d-none\" name=\"ansteuerung\" id=\"hidrolik\" data-count=\"actuation2\">\r\n        <label class=\"btn btn-outline-primary me-3 mb-2 d-none\" style=\"flex:initial;\" for=\"hidrolik\" data-count=\"actuation2\">hidrolik<\/label>\r\n        \r\n        <input type=\"radio\" class=\"btn-check d-none\" name=\"ansteuerung\" id=\"pnoematik\" data-count=\"actuation3\">\r\n        <label class=\"btn btn-outline-primary me-3 mb-2 d-none\" style=\"flex:initial;\" for=\"pnoematik\" data-count=\"actuation3\">pn\u00f6matik<\/label>\r\n              \r\n    <\/div>\r\n<\/div>\r\n\r\n<div id=\"filter-funktion\" class=\"col-md-6 mb-3 d-none\">\r\n    <div class=\"title-container\">\r\n        <p><strong>Fonksiyonlar<\/strong><\/p>\r\n        <div id=\"loading-status\" class=\"spinner-border text-primary m-3\" role=\"status\" style=\"display:none;\">\r\n            <span><\/span>\r\n        <\/div>\r\n    <\/div>\r\n    <div class=\"btn-group d-flex flex-xl-row flex-column flex-wrap\" role=\"group\">\r\n        <input type=\"radio\" class=\"btn-check\" name=\"funktion\" id=\"funktion_all\" data-all=\"show\" checked=\"checked\">\r\n        <label class=\"btn btn-primary me-3 mb-2\" style=\"flex:initial;\" for=\"funktion_all\" data-all-label=\"show\">T\u00fcm\u00fc<\/label>\r\n\r\n        <input type=\"radio\" class=\"btn-check\" name=\"funktion\" id=\"securing-tr\" data-count=\"function1\">\r\n        <label class=\"btn btn-outline-primary me-3 mb-2\" style=\"flex:initial;\" for=\"securing-tr\" data-count=\"function1\">Emniyete alma<\/label>\r\n        \r\n        <input type=\"radio\" class=\"btn-check\" name=\"funktion\" id=\"countering-tr\" data-count=\"function2\">\r\n        <label class=\"btn btn-outline-primary me-3 mb-2\" style=\"flex:initial;\" for=\"countering-tr\" data-count=\"function2\">Kar\u015f\u0131 kuvvet<\/label>\r\n        \r\n        <input type=\"radio\" class=\"btn-check\" name=\"funktion\" id=\"positioning-tr\" data-count=\"function3\">\r\n        <label class=\"btn btn-outline-primary me-3 mb-2\" style=\"flex:initial;\" for=\"positioning-tr\" data-count=\"function3\">Pozisyon kilitleme<\/label>\r\n        \r\n        <input type=\"radio\" class=\"btn-check\" name=\"funktion\" id=\"securing-with-siforce-tr\" data-count=\"function4\">\r\n        <label class=\"btn btn-outline-primary me-3 mb-2\" style=\"flex:initial;\" for=\"securing-with-siforce-tr\" data-count=\"function4\">SiForce ile emniyete alma<\/label>\r\n        \r\n        <input type=\"radio\" class=\"btn-check\" name=\"funktion\" id=\"drive-tr\" data-count=\"function5\">\r\n        <label class=\"btn btn-outline-primary me-3 mb-2\" style=\"flex:initial;\" for=\"drive-tr\" data-count=\"function5\">Tahrik<\/label>\r\n              \r\n    <\/div>\r\n<\/div>\r\n\r\n<div id=\"no-results\" class=\"col-md-6 mb-3 d-none\">\r\n    <div class=\"title-container\">\r\n        <h2><strong>Sonu&ccedil; yok<\/strong><\/h2>\r\n    <\/div>\r\n<\/div>\r\n<\/div>\r\n<\/div>\r\n<\/div>\r\n<script type=\"text\/javascript\">\r\n    const allText = 'Alle'\r\n<\/script>\n\n\n<h2 class=\"wp-block-heading has-headline-h-3-font-size\">\u00dcr\u00fcnlere genel bak\u0131\u015f<\/h2>\n\n\n\n<div class=\"wp-block-group category-list-grid has-global-padding is-layout-constrained wp-block-group-is-layout-constrained\" style=\"padding-bottom:125px\">\r\n        \r\n        <div class=\"wp-block-group category-element product-container has-white-background-color has-background has-global-padding is-layout-constrained wp-container-core-group-is-layout-0189ff54 wp-block-group-is-layout-constrained\" style=\"border-radius:5px;padding-top:24px;padding-right:32px;padding-bottom:55px;padding-left:32px\" data-ansteuerung=\"hidrolik pnoematik\" data-funktion=\"securing-tr securing-with-siforce-tr\" data-tragmittel=\"\" >\r\n            \r\n\r\n            <figure class=\"wp-block-image aligncenter size-large\">\r\n                <img decoding=\"async\" src=\"https:\/\/www.sitema.de\/wp-content\/uploads\/produkte\/product-absturzsicherungen-1.png\" alt=\"Absturzsicherungen\"\/>\r\n            <\/figure>\r\n            \r\n\r\n            \r\n            \r\n            <h3 class=\"wp-block-heading has-blue-20-color has-text-color has-headline-h-5-font-size\">\r\n                <a title=\"Siehe G&uuml;venlik yakalay\u0131c\u0131lar\u0131\" href=\"https:\/\/www.sitema.de\/tr\/produkt\/gvenlik-yakalayicilari\/\" >G&uuml;venlik yakalay\u0131c\u0131lar\u0131<\/a>\r\n            <\/h3>\r\n            \r\n\r\n            \r\n            <h5 class=\"wp-block-heading has-orange-50-color has-text-color has-base-font-size\" style=\"margin-top:32px\">\r\n                <strong>Versiyon K, KR, KRP &#8230;<\/strong>\r\n            <\/h5>\r\n            \r\n            <ul class=\"has-small-font-size wp-block-list\" style=\"margin-top:48px;padding-left:20px\">\r\n            \r\n                \r\n                <li class=\"has-small-font-size\" style=\"line-height:1.7\">Tek y\u00fck y\u00f6n\u00fc i\u00e7in hidrolik veya pn\u00f6matik kumanda 10 kN ile 1000 kN aras\u0131 y\u00fckler i\u00e7in<\/li>\r\n                \r\n                \r\n            <\/ul>\r\n            \r\n        <\/div>\r\n        \r\n        \r\n\r\n\n\n\r\n        \r\n        <div class=\"wp-block-group category-element product-container has-white-background-color has-background has-global-padding is-layout-constrained wp-container-core-group-is-layout-0189ff54 wp-block-group-is-layout-constrained\" style=\"border-radius:5px;padding-top:24px;padding-right:32px;padding-bottom:55px;padding-left:32px\" data-ansteuerung=\"electric-tr pnoematik\" data-funktion=\"securing-tr securing-with-siforce-tr\" data-tragmittel=\"\" >\r\n            \r\n\r\n            <figure class=\"wp-block-image aligncenter size-large\">\r\n                <img decoding=\"async\" src=\"https:\/\/www.sitema.de\/wp-content\/uploads\/produkte\/product-sicherheitsbremsen-1.png\" alt=\"Sicherheitsbremsen\"\/>\r\n            <\/figure>\r\n            \r\n\r\n            \r\n            \r\n            <h3 class=\"wp-block-heading has-blue-20-color has-text-color has-headline-h-5-font-size\">\r\n                <a title=\"Siehe Emniyet frenleri\" href=\"https:\/\/www.sitema.de\/tr\/produkt\/emniyet-frenleri\/\" >Emniyet frenleri<\/a>\r\n            <\/h3>\r\n            \r\n\r\n            \r\n            <h5 class=\"wp-block-heading has-orange-50-color has-text-color has-base-font-size\" style=\"margin-top:32px\">\r\n                <strong>Versiyon KSP, KSE<\/strong>\r\n            <\/h5>\r\n            \r\n            <ul class=\"has-small-font-size wp-block-list\" style=\"margin-top:48px;padding-left:20px\">\r\n            \r\n                \r\n                <li class=\"has-small-font-size\" style=\"line-height:1.7\">Tek y\u00fck y\u00f6n\u00fc pn\u00f6matik veya elektrikli kumanda 30 kN\u2019a kadar y\u00fckler i\u00e7in<\/li>\r\n                \r\n                \r\n            <\/ul>\r\n            \r\n        <\/div>\r\n        \r\n        \r\n\r\n\n\n\r\n        \r\n        <div class=\"wp-block-group category-element product-container has-white-background-color has-background has-global-padding is-layout-constrained wp-container-core-group-is-layout-0189ff54 wp-block-group-is-layout-constrained\" style=\"border-radius:5px;padding-top:24px;padding-right:32px;padding-bottom:55px;padding-left:32px\" data-ansteuerung=\"hidrolik\" data-funktion=\"securing-tr countering-tr\" data-tragmittel=\"\" >\r\n            \r\n\r\n            <figure class=\"wp-block-image aligncenter size-large\">\r\n                <img decoding=\"async\" src=\"https:\/\/www.sitema.de\/wp-content\/uploads\/produkte\/product-stangenblockierungen-1.png\" alt=\"Stangenblockierungen\"\/>\r\n            <\/figure>\r\n            \r\n\r\n            \r\n            \r\n            <h3 class=\"wp-block-heading has-blue-20-color has-text-color has-headline-h-5-font-size\">\r\n                <a title=\"Siehe G&uuml;venlik kilitleri\" href=\"https:\/\/www.sitema.de\/tr\/produkt\/gvenlik-kilitleri\/\" >G&uuml;venlik kilitleri<\/a>\r\n            <\/h3>\r\n            \r\n\r\n            \r\n            <h5 class=\"wp-block-heading has-orange-50-color has-text-color has-base-font-size\" style=\"margin-top:32px\">\r\n                <strong>Versiyon KRG<\/strong>\r\n            <\/h5>\r\n            \r\n            <ul class=\"has-small-font-size wp-block-list\" style=\"margin-top:48px;padding-left:20px\">\r\n            \r\n                \r\n                <li class=\"has-small-font-size\" style=\"line-height:1.7\">Tek y\u00fck y\u00f6n\u00fc i\u00e7in hidrolik kumanda 10 kN ile 400 kN aras\u0131 y\u00fckler i\u00e7in<\/li>\r\n                \r\n                \r\n            <\/ul>\r\n            \r\n        <\/div>\r\n        \r\n        \r\n\r\n\n\n\r\n        \r\n        <div class=\"wp-block-group category-element product-container has-white-background-color has-background has-global-padding is-layout-constrained wp-container-core-group-is-layout-0189ff54 wp-block-group-is-layout-constrained\" style=\"border-radius:5px;padding-top:24px;padding-right:32px;padding-bottom:55px;padding-left:32px\" data-ansteuerung=\"hidrolik pnoematik\" data-funktion=\"securing-tr countering-tr positioning-tr\" data-tragmittel=\"\" >\r\n            \r\n\r\n            <figure class=\"wp-block-image aligncenter size-large\">\r\n                <img decoding=\"async\" src=\"https:\/\/www.sitema.de\/wp-content\/uploads\/produkte\/product-feststelleinheiten-1.png\" alt=\"Feststelleinheiten\"\/>\r\n            <\/figure>\r\n            \r\n\r\n            \r\n            \r\n            <h3 class=\"wp-block-heading has-blue-20-color has-text-color has-headline-h-5-font-size\">\r\n                <a title=\"Siehe Kilitleme &uuml;niteleri\" href=\"https:\/\/www.sitema.de\/tr\/produkt\/kilitleme-niteleri\/\" >Kilitleme &uuml;niteleri<\/a>\r\n            <\/h3>\r\n            \r\n\r\n            \r\n            <h5 class=\"wp-block-heading has-orange-50-color has-text-color has-base-font-size\" style=\"margin-top:32px\">\r\n                <strong>Versiyon KFH, KFP, KB &#8230;<\/strong>\r\n            <\/h5>\r\n            \r\n            <ul class=\"has-small-font-size wp-block-list\" style=\"margin-top:48px;padding-left:20px\">\r\n            \r\n                \r\n                <li class=\"has-small-font-size\" style=\"line-height:1.7\">Her iki y\u00fck y\u00f6n\u00fc hidrolik veya pn\u00f6matik kumanda tutma kuvvetleri 1 kN ile 1500 kN aras\u0131nda<\/li>\r\n                \r\n                \r\n            <\/ul>\r\n            \r\n        <\/div>\r\n        \r\n        \r\n\r\n\n\n\r\n        \r\n        <div class=\"wp-block-group category-element product-container has-white-background-color has-background has-global-padding is-layout-constrained wp-container-core-group-is-layout-0189ff54 wp-block-group-is-layout-constrained\" style=\"border-radius:5px;padding-top:24px;padding-right:32px;padding-bottom:55px;padding-left:32px\" data-ansteuerung=\"hidrolik pnoematik\" data-funktion=\"drive-tr\" data-tragmittel=\"\" >\r\n            \r\n\r\n            <figure class=\"wp-block-image aligncenter size-large\">\r\n                <img decoding=\"async\" src=\"https:\/\/www.sitema.de\/wp-content\/uploads\/produkte\/PowerStroke_Produktabbildung.png\" alt=\"\"\/>\r\n            <\/figure>\r\n            \r\n\r\n            \r\n            \r\n            <h3 class=\"wp-block-heading has-blue-20-color has-text-color has-headline-h-5-font-size\">\r\n                <a title=\"Siehe PowerStroke\" href=\"https:\/\/www.sitema.de\/tr\/produkt\/powerstroke\/\" >PowerStroke<\/a>\r\n            <\/h3>\r\n            \r\n\r\n            \r\n            <h5 class=\"wp-block-heading has-orange-50-color has-text-color has-base-font-size\" style=\"margin-top:32px\">\r\n                <strong>Versiyon FSK, FSKP<\/strong>\r\n            <\/h5>\r\n            \r\n            <ul class=\"has-small-font-size wp-block-list\" style=\"margin-top:48px;padding-left:20px\">\r\n            \r\n                \r\n                <li class=\"has-small-font-size\" style=\"line-height:1.7\">K\u0131sa strok fonksiyonlu s\u0131k\u0131\u015ft\u0131rma ba\u015fl\u0131\u011f\u0131 hidrolik veya pn\u00f6matik kumanda 2000 kN\u2019a kadar \u00e7al\u0131\u015fma kuvvetleri<\/li>\r\n                \r\n                \r\n            <\/ul>\r\n            \r\n        <\/div>\r\n        \r\n        \r\n\r\n\n\n\n<div class=\"wp-block-group category-element has-white-background-color has-background has-global-padding is-layout-constrained wp-container-core-group-is-layout-0189ff54 wp-block-group-is-layout-constrained\" style=\"border-radius:5px;padding-top:24px;padding-right:32px;padding-bottom:55px;padding-left:32px\">\n<figure class=\"wp-block-image aligncenter size-full\"><img decoding=\"async\" width=\"272\" height=\"262\" src=\"https:\/\/www.sitema.de\/wp-content\/uploads\/produkte\/sonderlosungen.png\" alt=\"&#xD6;zel &#xE7;&#xF6;z&#xFC;mler\" class=\"wp-image-7506\"\/><\/figure>\n\n\n\n<h3 class=\"wp-block-heading has-blue-20-color has-text-color has-headline-h-5-font-size\"><a href=\"https:\/\/www.sitema.de\/tr\/zel-zmler\/\" data-type=\"page\" data-id=\"7531\">\u00d6zel \u00e7\u00f6z\u00fcmler<\/a><\/h3>\n\n\n\n<ul style=\"margin-top:48px;padding-left:20px\" class=\"wp-block-list has-small-font-size\">\n<li class=\"has-small-font-size\" style=\"line-height:1.7\">Tork i\u00e7in kilitleme \u00fcniteleri<\/li>\n\n\n\n<li class=\"has-small-font-size\" style=\"line-height:1.7\">\u00c7ubuk s\u0131k\u0131\u015ft\u0131rma ba\u015fl\u0131\u011f\u0131ndan ayr\u0131l\u0131yor<\/li>\n\n\n\n<li class=\"has-small-font-size\" style=\"line-height:1.7\">D\u00fc\u015fme korumas\u0131 mekanik olarak etkinle\u015ftirildi<\/li>\n\n\n\n<li class=\"has-small-font-size\" style=\"line-height:1.7\">Kilitleme \u00fcnitesi elektrikle etkinle\u015ftirildi<\/li>\n\n\n\n<li class=\"has-small-font-size\" style=\"line-height:1.7\">\u00d6zel m\u00fc\u015fteri talepleri<\/li>\n<\/ul>\n<\/div>\n\n\n\n<div class=\"wp-block-group category-element has-white-background-color has-background has-global-padding is-layout-constrained wp-container-core-group-is-layout-0189ff54 wp-block-group-is-layout-constrained\" style=\"border-radius:5px;padding-top:24px;padding-right:32px;padding-bottom:55px;padding-left:32px\">\n<figure class=\"wp-block-image aligncenter size-full\"><img decoding=\"async\" width=\"272\" height=\"262\" src=\"https:\/\/www.sitema.de\/wp-content\/uploads\/produkte\/zubehor.png\" alt=\"Aksesuarlar \" class=\"wp-image-7517\"\/><\/figure>\n\n\n\n<h3 class=\"wp-block-heading has-blue-20-color has-text-color has-headline-h-5-font-size\"><a href=\"https:\/\/www.sitema.de\/tr\/aksesuar\/\" data-type=\"page\" data-id=\"7177\">Aksesuarlar<\/a><\/h3>\n\n\n\n<h5 class=\"wp-block-heading has-orange-50-color has-text-color has-base-font-size\" style=\"margin-top:32px\"><strong>SITEMA s\u0131k\u0131\u015ft\u0131rma ba\u015fl\u0131klar\u0131 i\u00e7in<\/strong><\/h5>\n\n\n\n<ul style=\"margin-top:48px;padding-left:20px\" class=\"wp-block-list has-small-font-size\">\n<li class=\"has-small-font-size\" style=\"line-height:1.7\">Elektropn\u00f6matik mod\u00fcl EPM<\/li>\n\n\n\n<li class=\"has-small-font-size\" style=\"line-height:1.7\">Mekanik valf tetikleyici<\/li>\n\n\n\n<li class=\"has-small-font-size\" style=\"line-height:1.7\">\u00c7ubuklu sabitleme aparat\u0131 STB<\/li>\n\n\n\n<li class=\"has-small-font-size\" style=\"line-height:1.7\">Hava tahliyesi otomat\u0131<\/li>\n\n\n\n<li class=\"has-small-font-size\" style=\"line-height:1.7\">Flan\u015flar ve yayl\u0131 tabanlar<\/li>\n<\/ul>\n<\/div>\n<\/div>\n<\/div>\n","protected":false},"excerpt":{"rendered":"<p>\u00dcr\u00fcnlere genel bak\u0131\u015f \u00d6zel \u00e7\u00f6z\u00fcmler Aksesuarlar SITEMA s\u0131k\u0131\u015ft\u0131rma ba\u015fl\u0131klar\u0131 i\u00e7in<\/p>\n","protected":false},"author":1,"featured_media":0,"parent":0,"menu_order":0,"comment_status":"closed","ping_status":"closed","template":"","meta":{"_acf_changed":false,"_seopress_robots_primary_cat":"","_seopress_titles_title":"\u00dcr\u00fcnler - %%sitetitle%%","_seopress_titles_desc":"D\u00fc\u015fme korumalar\u0131, emniyet frenleri, \u00e7ubuklu kilitler, kilitleme \u00fcniteleri, PowerStroke, m\u00fc\u015fteriye \u00f6zel \u00e7\u00f6z\u00fcmler ve aksesuarlar da dahil olmak \u00fczere geni\u015f bir yelpazeye sahip g\u00fcvenlik \u00fcr\u00fcnlerimizi ke\u015ffedin.","_seopress_robots_index":"","footnotes":""},"class_list":["post-166610","page","type-page","status-publish","hentry"],"acf":[],"_links":{"self":[{"href":"https:\/\/www.sitema.de\/tr\/wp-json\/wp\/v2\/pages\/166610","targetHints":{"allow":["GET"]}}],"collection":[{"href":"https:\/\/www.sitema.de\/tr\/wp-json\/wp\/v2\/pages"}],"about":[{"href":"https:\/\/www.sitema.de\/tr\/wp-json\/wp\/v2\/types\/page"}],"author":[{"embeddable":true,"href":"https:\/\/www.sitema.de\/tr\/wp-json\/wp\/v2\/users\/1"}],"replies":[{"embeddable":true,"href":"https:\/\/www.sitema.de\/tr\/wp-json\/wp\/v2\/comments?post=166610"}],"version-history":[{"count":1,"href":"https:\/\/www.sitema.de\/tr\/wp-json\/wp\/v2\/pages\/166610\/revisions"}],"predecessor-version":[{"id":166614,"href":"https:\/\/www.sitema.de\/tr\/wp-json\/wp\/v2\/pages\/166610\/revisions\/166614"}],"wp:attachment":[{"href":"https:\/\/www.sitema.de\/tr\/wp-json\/wp\/v2\/media?parent=166610"}],"curies":[{"name":"wp","href":"https:\/\/api.w.org\/{rel}","templated":true}]}}