{"id":18175,"date":"2024-02-02T12:19:48","date_gmt":"2024-02-02T12:19:48","guid":{"rendered":"https:\/\/www.sitema.de\/contato\/specific-inquiry\/"},"modified":"2024-08-19T06:56:03","modified_gmt":"2024-08-19T06:56:03","slug":"specific-inquiry","status":"publish","type":"page","link":"https:\/\/www.sitema.de\/pt-br\/contato\/specific-inquiry\/","title":{"rendered":"Consulta espec\u00edfica"},"content":{"rendered":"\n<section class=\"wp-block-group alignfull header-generic has-global-padding is-layout-constrained wp-block-group-is-layout-constrained\" id=\"header-generic\">\n<div class=\"wp-block-cover alignfull\" style=\"min-height:350px;aspect-ratio:unset;\"><span aria-hidden=\"true\" class=\"wp-block-cover__background has-background-dim-60 has-background-dim wp-block-cover__gradient-background has-background-gradient\" style=\"background:linear-gradient(90deg,rgb(255,255,255) 0%,rgba(0,0,0,0) 100%)\"><\/span><img decoding=\"async\" width=\"1180\" height=\"330\" class=\"wp-block-cover__image-background wp-image-9381\" alt=\"\" src=\"https:\/\/www.sitema.de\/wp-content\/uploads\/icons-symbole-banner\/sitema.jpg\" data-object-fit=\"cover\" srcset=\"https:\/\/www.sitema.de\/wp-content\/uploads\/icons-symbole-banner\/sitema.jpg 1180w, https:\/\/www.sitema.de\/wp-content\/uploads\/icons-symbole-banner\/sitema-300x84.jpg 300w, https:\/\/www.sitema.de\/wp-content\/uploads\/icons-symbole-banner\/sitema-1024x286.jpg 1024w, https:\/\/www.sitema.de\/wp-content\/uploads\/icons-symbole-banner\/sitema-768x215.jpg 768w\" sizes=\"(max-width: 1180px) 100vw, 1180px\" \/><div class=\"wp-block-cover__inner-container has-global-padding is-layout-constrained wp-block-cover-is-layout-constrained\">\n<h1 class=\"wp-block-heading has-text-align-left has-blue-20-color has-text-color has-title-h-1-font-size\">Consulta espec\u00edfica<\/h1>\n<\/div><\/div>\n<\/section>\n\n<div class=\"wp-block-group is-style-overlap has-global-padding is-layout-constrained wp-block-group-is-layout-constrained\">\r\n\r\n\r\n<div class=\"bootstrap-custom-container\">\r\n    <div id=\"cookie-error\" class=\"col-12 d-none\">\r\n        <div class=\"alert alert-danger alert-dismissible fade show\" role=\"alert\">\r\n            Erro: os cookies devem ser aceitos para que o formul\u00e1rio seja enviado.            <a title=\"Configura\u00e7\u00f5es de cookies\" href=\"javascript:cookiePreference();\" class=\"text-primary\">Configura\u00e7\u00f5es de cookies<\/a>\r\n            <button type=\"button\" class=\"btn-close\" data-bs-dismiss=\"alert\" aria-label=\"Close\"><\/button>\r\n        <\/div>\r\n    <\/div>\r\n<\/div>\r\n\r\n<div class=\"wp-block-group has-white-background-color has-background has-global-padding is-layout-constrained wp-container-core-group-layout-11 wp-block-group-is-layout-constrained\" style=\"border-radius:4px;padding-top:var(--wp--preset--spacing--1-rem);padding-right:var(--wp--preset--spacing--1-rem);padding-bottom:var(--wp--preset--spacing--1-rem);padding-left:var(--wp--preset--spacing--1-rem)\">\r\n    <div class=\"bootstrap-custom-container\">\r\n\r\n        <div id=\"formContainer\" class=\"col-12 py-4 px-3\">\r\n                        <form action=\"\/pt-br\/wp-json\/wp\/v2\/pages\/18175\" id=\"konkrete-form\" method=\"post\" class=\"needs-validation g-3\" name=\"specific-inquiry\" novalidate>\r\n                <div class=\"row\">\r\n                    <h2 class=\"title\">1. Produto<\/h2>\r\n                    <div class=\"d-flex flex-row-reverse mb-3\">\r\n                        <p class=\"float-end mb-0\">* Certifique-se de preencher esses campos<\/p>\r\n                    <\/div>\r\n                    <div class=\"col-md-3 mb-3\">\r\n                        <label>*Produto:<\/label>\r\n                    <\/div>\r\n                    <div class=\"col-md-9 mb-3\">\r\n                        <div class=\"col-md-12 mb-3\">\r\n                            <label for=\"s_product_type\" class=\"form-label\">Tipo<\/label>\r\n                            <input type=\"text\" name=\"s_product_type\" class=\"form-control\" id=\"s_product_type\" placeholder=\"z.B. KR 80, KFH 56, KFPA 80-25, KSP 22\" value=\"\" title=\"Digite um valor v\u00e1lido\" required>\r\n\r\n                            <div id=\"typHelp\" class=\"form-text\">(Nome coletivo para diferentes designs da mesma s\u00e9rie e di\u00e2metro da barra)\r\n                            <\/div>\r\n                            <div class=\"invalid-feedback\">\r\n                                Digite um valor v\u00e1lido                            <\/div>\r\n                        <\/div>\r\n\r\n                        <div class=\"col-md-12 mb-3\">\r\n                            <label for=\"s_product_ident_no\" class=\"form-label\">N\u00b0. identifica\u00e7\u00e3o (n.\u00b0 pedido)<\/label>\r\n                            <input type=\"text\" name=\"s_product_ident_no\" class=\"form-control\" id=\"s_product_ident_no\" placeholder=\"z.B. SK 056 051, KFPA 080 025-1, KSP 022 02\" value=\"\" title=\"Digite um valor v\u00e1lido\" required>\r\n\r\n                            <div id=\"typHelp\" class=\"form-text\">(Designa\u00e7\u00e3o \u00fanica e n\u00famero do pedido simultaneamente)                            <\/div>\r\n                            <div class=\"invalid-feedback\">\r\n                                Digite um valor v\u00e1lido                            <\/div>\r\n                        <\/div>\r\n\r\n                        <div class=\"col-md-12 mb-3\">\r\n                            <label for=\"s_serial_no\" class=\"form-label\">N\u00famero de s\u00e9rie (absolutamente necess\u00e1rio para solicita\u00e7\u00f5es de suporte):<\/label>\r\n                            <input type=\"text\" name=\"s_serial_no\" class=\"form-control\" id=\"s_serial_no\" placeholder=\"z.B. 1234, 12345, 123456\" title=\"Digite um valor v\u00e1lido\">\r\n                            <div id=\"typHelp\" class=\"form-text\">(O n\u00famero de s\u00e9rie pode ser encontrado na placa de identifica\u00e7\u00e3o ou como n\u00famero afixado na carca\u00e7a)                            <\/div>\r\n\r\n                        <\/div>\r\n                    <\/div>\r\n                <\/div>\r\n                <hr>\r\n\r\n                <div class=\"row\">\r\n                    <div class=\"col-md-12 mb-3\">\r\n                        <h2 class=\"title\">2. Sua pergunta<\/h2>\r\n                    <\/div>\r\n                    <div class=\"d-flex flex-row-reverse mb-3\">\r\n                        <p class=\"float-end mb-0\">* Certifique-se de preencher esses campos<\/p>\r\n                    <\/div>\r\n                    <div class=\"row fieldset-container\">\r\n                        <div class=\"col-md-3 mb-3 input-fieldset-switch\">\r\n                            <div class=\"form-check\">\r\n                                <input name=\"s_request\" value=\"Consulta\" class=\"form-check-input ena-dis-fieldset radio-ena-dis-fieldset\" type=\"radio\" id=\"s_request_1\" checked>\r\n                                <label class=\"form-check-label\" for=\"s_request_1\">Consulta<\/label>\r\n                            <\/div>\r\n                        <\/div>\r\n                        <div class=\"col-md-9\">\r\n                            <fieldset>\r\n                                <div class=\"col-md-12 specific-fieldset\">\r\n                                    <div class=\"row\">\r\n                                        <div class=\"col-md-3\">\r\n                                            *<label class=\"form-label\">Quantidade:\n<\/label>\r\n                                        <\/div>\r\n                                        <div class=\"col-md-7\">\r\n                                            <div class=\"col-md-12 mb-1 fieldset-container\">\r\n                                                <div class=\"form-check\">\r\n                                                    <input name=\"s_quantity\" id=\"s_quantity_1\" value=\"uma \u00fanica vez\" class=\"form-check-input mt-0 specific-radio\" type=\"radio\" required>\r\n                                                    <label class=\"form-check-label\" for=\"s_quantity_1\">uma \u00fanica vez<\/label>\r\n\r\n                                                <\/div>\r\n                                                <div class=\"input-group mb-3\">\r\n                                                    <fieldset disabled>\r\n                                                        <input name=\"s_once\" type=\"text\" class=\"form-control specific-inputs\" required>\r\n                                                    <\/fieldset>\r\n                                                    <span class=\"input-group-text\">pe\u00e7a(s)<\/span>\r\n                                                    <div class=\"invalid-feedback\">\r\n                                                        Digite um valor v\u00e1lido                                                    <\/div>\r\n                                                <\/div>\r\n                                            <\/div>\r\n\r\n                                            <div class=\"col-md-12 mb-1 fieldset-container\">\r\n                                                <div class=\"form-check\">\r\n                                                    <input name=\"s_quantity\" id=\"s_quantity_2\" value=\"por m\u00eas\" class=\"form-check-input mt-0 specific-radio\" type=\"radio\" required>\r\n                                                    <label class=\"form-check-label\" for=\"s_quantity_2\">por m\u00eas<\/label>\r\n                                                <\/div>\r\n                                                <div class=\"input-group mb-3\">\r\n                                                    <fieldset disabled>\r\n                                                        <input name=\"s_month\" type=\"text\" class=\"form-control specific-inputs\" required>\r\n                                                    <\/fieldset>\r\n                                                    <span class=\"input-group-text\">pe\u00e7a(s)<\/span>\r\n                                                    <div class=\"invalid-feedback\">\r\n                                                        Digite um valor v\u00e1lido                                                    <\/div>\r\n                                                <\/div>\r\n                                            <\/div>\r\n\r\n                                            <div class=\"col-md-12 mb-1 fieldset-container\">\r\n                                                <div class=\"form-check\">\r\n                                                    <input name=\"s_quantity\" id=\"s_quantity_3\" value=\"por ano\" class=\"form-check-input mt-0 specific-radio\" type=\"radio\" required>\r\n                                                    <label class=\"form-check-label\" for=\"s_quantity_3\">por ano<\/label>\r\n                                                <\/div>\r\n                                                <div class=\"input-group\">\r\n                                                    <fieldset disabled>\r\n                                                        <input name=\"s_year\" type=\"text\" class=\"form-control specific-inputs\" required>\r\n                                                    <\/fieldset>\r\n                                                    <span class=\"input-group-text\">pe\u00e7a(s)<\/span>\r\n                                                    <div class=\"invalid-feedback\">\r\n                                                        Digite um valor v\u00e1lido                                                    <\/div>\r\n                                                <\/div>\r\n                                            <\/div>\r\n                                            <div class=\"col-12 mt-2\">\r\n                                                <input name=\"s_quantity\" value=\"\" class=\"d-none\" type=\"radio\" required>\r\n                                                <div class=\"invalid-feedback\">\r\n                                                    Selecione uma op\u00e7\u00e3o                                                <\/div>\r\n                                            <\/div>\r\n                                        <\/div>\r\n                                    <\/div>\r\n\r\n                                    <div class=\"row mt-2\">\r\n                                        <div class=\"col-md-3\">\r\n                                            <label for=\"s_date\" class=\"form-label\">Prazo de entrega desejado:<\/label>\r\n                                        <\/div>\r\n                                        <div class=\"col-md-6\" id=\"datepicker-container\">\r\n                                            <div class=\"input-group mb-3\">\r\n                                                <input name=\"s_date\" type=\"text\" class=\"form-control\" id=\"s_date\">\r\n                                                <label for=\"s_date\" class=\"input-group-text\"><i class=\"bi bi-calendar\"><\/i><\/label>\r\n                                            <\/div>\r\n                                        <\/div>\r\n                                    <\/div>\r\n                                <\/div>\r\n                            <\/fieldset>\r\n                        <\/div>\r\n                        <hr>\r\n                        <div class=\"col-md-3 input-fieldset-switch\">\r\n                            <div class=\"form-check\">\r\n                                <input name=\"s_request\" class=\"form-check-input ena-dis-fieldset radio-ena-dis-fieldset\" type=\"radio\" id=\"s_request_2\" value=\"Suporte t\u00e9cnico\">\r\n                                <label class=\"form-check-label\" for=\"s_request_2\">Suporte t\u00e9cnico<\/label>\r\n                            <\/div>\r\n                        <\/div>\r\n                        <div class=\"col-md-9 multiple_check_validation fieldset-container\">\r\n                            <fieldset disabled>\r\n                                <div class=\"col-md-12 mb-3\">\r\n                                    <div class=\"form-check\">\r\n                                        <input name=\"s_delivery\" class=\"form-check-input ena-dis-fieldset\" type=\"checkbox\" id=\"s_delivery\" required>\r\n                                        <label class=\"form-check-label\" for=\"s_delivery\">\r\n                                            Por favor, envie-me as instru\u00e7\u00f5es de opera\u00e7\u00e3o do produto acima                                        <\/label>\r\n                                    <\/div>\r\n                                <\/div>\r\n                                <div class=\"col-md-12 mb-3 input-fieldset-switch\">\r\n                                    <div class=\"form-check\">\r\n                                        <input name=\"s_help\" class=\"form-check-input ena-dis-fieldset\" type=\"checkbox\" id=\"s_help\" required>\r\n                                        <label class=\"form-check-label\" for=\"s_help\">\r\n                                            Por favor, me ajude com o seguinte problema (descri\u00e7\u00e3o exata e n\u00famero de s\u00e9rie necess\u00e1rios)                                        <\/label>\r\n                                    <\/div>\r\n                                <\/div>\r\n                                <div class=\"col-md-10\">\r\n                                    <fieldset disabled>\r\n                                        <div class=\"form-group\">\r\n                                            <textarea name=\"s_help_text\" class=\"form-control\"><\/textarea>\r\n                                        <\/div>\r\n                                    <\/fieldset>\r\n                                <\/div>\r\n                            <\/fieldset>\r\n                        <\/div>\r\n                    <\/div>\r\n                <\/div>\r\n                <hr>\r\n\r\n                <div class=\"row\">\r\n                    <div class=\"col-md-12 mb-3\">\r\n                        <h2 class=\"title\">3. Dados pessoais<\/h2>\r\n                    <\/div>\r\n                    <div class=\"d-flex flex-row-reverse mb-3\">\r\n                        <p class=\"float-end mb-0\">* Certifique-se de preencher esses campos<\/p>\r\n                    <\/div>\r\n                    <div class=\"col-md-4 mb-3\">\r\n                        <label for=\"s_company\" class=\"form-label\">*Empresa<\/label>\r\n                        <input name=\"s_company\" type=\"text\" class=\"form-control\" id=\"s_company\" title=\"Digite o nome da empresa\" required>\r\n                        <div class=\"invalid-feedback\">\r\n                            Digite o nome da empresa                        <\/div>\r\n                    <\/div>\r\n                    <div class=\"col-md-4 mb-3\">\r\n                        <label for=\"s_name\" class=\"form-label\">*Nome<\/label>\r\n                        <input name=\"s_name\" type=\"text\" class=\"form-control\" id=\"s_name\" title=\"Digite um nome\" required>\r\n                        <div class=\"invalid-feedback\">\r\n                            Digite um nome                        <\/div>\r\n                    <\/div>\r\n                    <div class=\"col-md-4 mb-3\">\r\n                        <label for=\"s_dept\" class=\"form-label\">Departamento<\/label>\r\n                        <input name=\"s_dept\" type=\"text\" class=\"form-control\" id=\"s_dept\">\r\n                    <\/div>\r\n                    <div class=\"col-md-4 mb-3\">\r\n                        <label for=\"s_email\" class=\"form-label\">*E-mail<\/label>\r\n                        <input name=\"s_email\" type=\"email\" class=\"form-control\" id=\"s_email\" title=\"Digite um endere\u00e7o de e-mail v\u00e1lido\" required>\r\n                        <div class=\"invalid-feedback\">\r\n                            Digite um endere\u00e7o de e-mail v\u00e1lido                        <\/div>\r\n                    <\/div>\r\n                    <div class=\"col-md-4 mb-3\">\r\n                        <label for=\"s_phone\" class=\"form-label\">Telefone<\/label>\r\n                        <input name=\"s_phone\" type=\"text\" class=\"form-control\" id=\"s_phone\">\r\n                    <\/div>\r\n                    <div class=\"col-md-4 mb-3\">\r\n                        <label for=\"s_street\" class=\"form-label\">Rua \/ N\u00ba.<\/label>\r\n                        <input name=\"s_street\" type=\"text\" class=\"form-control\" id=\"s_street\">\r\n                    <\/div>\r\n                    <div class=\"col-md-4 mb-3\">\r\n                        <label for=\"s_postal\" class=\"form-label\">C\u00f3digo postal \/ Cidade<\/label>\r\n                        <input name=\"s_postal\" type=\"text\" class=\"form-control\" id=\"s_postal\">\r\n                    <\/div>\r\n                    <div class=\"col-md-4 mb-3\">\r\n                        <label for=\"s_country\" class=\"form-label\">Pa\u00eds<\/label>\r\n                        <input name=\"s_country\" type=\"text\" class=\"form-control\" id=\"s_country\">\r\n                    <\/div>\r\n                    <div class=\"col-md-12 mb-3\">\r\n                        <div class=\"form-group\">\r\n                            <label class=\"form-check-label mb-3\" for=\"s_other\">Outras observa\u00e7\u00f5es:<\/label>\r\n                            <textarea name=\"s_other\" class=\"form-control\"><\/textarea>\r\n                            <input class=\"visually-hidden\" type=\"text\" name=\"company_fax\">\r\n                        <\/div>\r\n                    <\/div>\r\n                    <div class=\"col-md-12\">\r\n                        <div class=\"form-check\">\r\n                            <input name=\"s_call_me\" class=\"form-check-input\" type=\"checkbox\" id=\"s_call_me\">\r\n                            <label class=\"form-check-label\" for=\"s_call_me\">\r\n                                Entre em contato comigo                             <\/label>\r\n                        <\/div>\r\n                    <\/div>\r\n                    <div class=\"col-md-12\">\r\n                        <div class=\"form-check\">\r\n                            <input name=\"s_email_me\" class=\"form-check-input\" type=\"checkbox\" id=\"s_email_me\">\r\n                            <label class=\"form-check-label\" for=\"s_email_me\">\r\n                                Envie-me um e-mail                            <\/label>\r\n                        <\/div>\r\n                    <\/div>\r\n                    <div class=\"col-md-12 mb-3\">\r\n                        <div class=\"form-check\">\r\n                            <input name=\"s_legal\" class=\"form-check-input\" type=\"checkbox\" id=\"s_legal\" required>\r\n                            <label class=\"form-check-label\" for=\"s_legal\">\r\n                                *Aceito a <a target=\"_blank\" href=\"https:\/\/www.sitema.de\/pt-br\/\/datenschutz\"> pol\u00edtica de privacidade da SITEMA<\/a>\r\n                            <\/label>\r\n                            <div class=\"invalid-feedback\">\r\n                                Leia e aceite a pol\u00edtica de privacidade                            <\/div>\r\n                        <\/div>\r\n                    <\/div>\r\n                <\/div>\r\n\r\n\r\n                <div class=\"row\">\r\n                    <div class=\"col-12 mb-3\">\r\n                        <div class=\"g-recaptcha\" data-sitekey=\"6Ldy_GQqAAAAAPgA0xqwS1y_BFkGuejQKZJzUOJi\"><\/div>\r\n                        <noscript>\r\n                            <div style=\"width: 302px; height: 352px;\">\r\n                                <div style=\"width: 302px; height: 352px; position: relative;\">\r\n                                    <div style=\"width: 302px; height: 352px; position: absolute;\">\r\n                                        <iframe src=\"https:\/\/www.google.com\/recaptcha\/api\/fallback?k=6Ldy_GQqAAAAAPgA0xqwS1y_BFkGuejQKZJzUOJi\"\r\n                                            frameborder=\"0\" scrolling=\"no\"\r\n                                            style=\"width: 302px; height:352px; border-style: none;\">\r\n                                        <\/iframe>\r\n                                    <\/div>\r\n                                    <div style=\"width: 250px; height: 80px; position: absolute; border-style: none;\r\n             bottom: 21px; left: 25px; margin: 0px; padding: 0px; right: 25px;\">\r\n                                        <textarea id=\"g-recaptcha-response\" name=\"g-recaptcha-response\"\r\n                                            class=\"g-recaptcha-response\"\r\n                                            style=\"width: 250px; height: 80px; border: 1px solid #c1c1c1;\r\n                      margin: 0px; padding: 0px; resize: none;\" value=\"\">\r\n            <\/textarea>\r\n                                    <\/div>\r\n                                <\/div>\r\n                            <\/div>\r\n                        <\/noscript>\r\n                        <span id=\"recaptcha_alert\" style=\"display:none; float:left; font-size:12px; color:#EA1F26;\"><\/span>\r\n                        <div class=\"recaptcha-error-msg invalid-feedback\">\r\n                            Selecione uma op\u00e7\u00e3o                        <\/div>\r\n                    <\/div>\r\n                <\/div>\r\n\r\n                <div class=\"row\">\r\n                    <div class=\"col-12\">\r\n                        <button id=\"submit-button\" class=\"btn btn-primary\" type=\"submit\">Enviar formul\u00e1rio<\/button>\r\n                    <\/div>\r\n                    <div id=\"loading-status\" class=\"spinner-border text-primary m-3 d-none\" role=\"status\">\r\n                        <span class=\"visually-hidden\"><\/span>\r\n                    <\/div>\r\n                <\/div>\r\n                <input type=\"hidden\" name=\"s_contact\">\r\n                <input type=\"hidden\" id=\"specific_contact_nonce\" name=\"specific_contact_nonce\" value=\"128a56e6d1\" \/><input type=\"hidden\" name=\"_wp_http_referer\" value=\"\/pt-br\/wp-json\/wp\/v2\/pages\/18175\" \/>            <\/form>\r\n        <\/div>\r\n\r\n        <div id=\"cookiesAcceptModal\" class=\"col-12 d-none\">\r\n            <div class=\"bootstrap-custom-container\">\r\n                <div class=\"col-12 py-5 my-5 px-3 text-center\">\r\n                    <p class=\"mb-0\">Para submeter este formul\u00e1rio, tem de aceitar os cookies do recaptcha.<br> Clique no bot\u00e3o seguinte. <a title=\"Gerenciamento de cookies\" href=\"javascript:cookiePreference();\" class=\"primary\"> liga\u00e7\u00e3o<\/a>, ative o uso do <strong>reCAPTCHA<\/strong> e clique em Permitir<\/p>\r\n                <\/div>\r\n            <\/div>\r\n        <\/div>\r\n\r\n    <\/div>\r\n<\/div><\/div>\n","protected":false},"excerpt":{"rendered":"","protected":false},"author":1,"featured_media":0,"parent":17497,"menu_order":0,"comment_status":"closed","ping_status":"closed","template":"","meta":{"_acf_changed":false,"_seopress_robots_primary_cat":"","_seopress_titles_title":"Consulta espec\u00edfica - %%sitetitle%%","_seopress_titles_desc":"Preencha nosso formul\u00e1rio de contato para consultas sobre produtos ou solicita\u00e7\u00f5es de suporte t\u00e9cnico. Se estiver interessado em adquirir um de nossos produtos ou precisar de suporte t\u00e9cnico para um produto existente, estamos \u00e0 sua disposi\u00e7\u00e3o. ","_seopress_robots_index":"","_seopress_analysis_target_kw":"","footnotes":""},"class_list":["post-18175","page","type-page","status-publish","hentry"],"acf":[],"_links":{"self":[{"href":"https:\/\/www.sitema.de\/pt-br\/wp-json\/wp\/v2\/pages\/18175","targetHints":{"allow":["GET"]}}],"collection":[{"href":"https:\/\/www.sitema.de\/pt-br\/wp-json\/wp\/v2\/pages"}],"about":[{"href":"https:\/\/www.sitema.de\/pt-br\/wp-json\/wp\/v2\/types\/page"}],"author":[{"embeddable":true,"href":"https:\/\/www.sitema.de\/pt-br\/wp-json\/wp\/v2\/users\/1"}],"replies":[{"embeddable":true,"href":"https:\/\/www.sitema.de\/pt-br\/wp-json\/wp\/v2\/comments?post=18175"}],"version-history":[{"count":1,"href":"https:\/\/www.sitema.de\/pt-br\/wp-json\/wp\/v2\/pages\/18175\/revisions"}],"predecessor-version":[{"id":18176,"href":"https:\/\/www.sitema.de\/pt-br\/wp-json\/wp\/v2\/pages\/18175\/revisions\/18176"}],"up":[{"embeddable":true,"href":"https:\/\/www.sitema.de\/pt-br\/wp-json\/wp\/v2\/pages\/17497"}],"wp:attachment":[{"href":"https:\/\/www.sitema.de\/pt-br\/wp-json\/wp\/v2\/media?parent=18175"}],"curies":[{"name":"wp","href":"https:\/\/api.w.org\/{rel}","templated":true}]}}