{"id":17516,"date":"2024-02-19T09:44:35","date_gmt":"2024-02-19T08:44:35","guid":{"rendered":"https:\/\/www.sitema.de\/produtos\/"},"modified":"2025-08-26T14:18:19","modified_gmt":"2025-08-26T12:18:19","slug":"produtos","status":"publish","type":"page","link":"https:\/\/www.sitema.de\/pt-br\/produtos\/","title":{"rendered":"Produtos"},"content":{"rendered":"\n<section class=\"wp-block-group alignfull header-generic has-global-padding is-layout-constrained wp-block-group-is-layout-constrained\" id=\"header-generic\">\n<div class=\"wp-block-cover alignfull\" style=\"min-height:350px;aspect-ratio:unset;\"><img decoding=\"async\" class=\"wp-block-cover__image-background wp-image-801\" alt=\"\" src=\"https:\/\/www.sitema.de\/wp-content\/themes\/sitema\/assets\/images\/custom-header.jpg\" style=\"object-position:50% 50%\" data-object-fit=\"cover\" data-object-position=\"50% 50%\"\/><span aria-hidden=\"true\" class=\"wp-block-cover__background has-background-dim-30 has-background-dim wp-block-cover__gradient-background has-background-gradient\" style=\"background:linear-gradient(90deg,rgb(128,128,128) 0%,rgba(0,0,0,0) 100%)\"><\/span><div class=\"wp-block-cover__inner-container has-global-padding is-layout-constrained wp-block-cover-is-layout-constrained\">\n<h1 class=\"wp-block-heading has-text-align-left has-blue-20-color has-text-color has-title-h-1-font-size\">Nossos Produtos<\/h1>\n\n\n\n<h2 class=\"wp-block-heading has-text-align-left has-blue-20-color has-text-color has-headline-h-2-font-size\">Vis\u00e3o geral do produto<\/h2>\n<\/div><\/div>\n<\/section>\n\n\n\n<div id=\"category-list\" class=\"wp-block-group category-list has-global-padding is-layout-constrained wp-block-group-is-layout-constrained\" style=\"margin-top:var(--wp--preset--spacing--5-rem);margin-bottom:var(--wp--preset--spacing--5-rem)\">\n<h2 class=\"wp-block-heading has-headline-h-3-font-size\">Vis\u00e3o geral do produto<\/h2>\n\n\n\r\n\r\n        <div class=\"wp-block-group category-element product-filter-container has-white-background-color has-background has-global-padding is-layout-constrained wp-container-core-group-is-layout-0189ff54 wp-block-group-is-layout-constrained\" style=\"border-radius:5px;padding-top:24px;padding-right:32px;padding-bottom:24px;padding-left:32px;z-index:1;\">\r\n    <div class=\"bootstrap-custom-container\">\r\n<div class=\"row\" id=\"filter-container\">\r\n\r\n<div id=\"filter-ansteuerung\" class=\"col-md-6 mb-3 d-none\">\r\n    <div class=\"title-container\">\r\n        <p><strong>Controle<\/strong><\/p>\r\n        <div id=\"loading-status\" class=\"spinner-border text-primary m-3\" role=\"status\" style=\"display:none;\">\r\n            <span><\/span>\r\n        <\/div>\r\n    <\/div>\r\n    <div class=\"btn-group d-flex flex-xl-row flex-column flex-wrap\" role=\"group\">\r\n        <input type=\"radio\" class=\"btn-check\" name=\"ansteuerung\" id=\"ansteuerung_all\" data-all=\"show\" checked=\"checked\">\r\n        <label class=\"btn btn-primary me-3 mb-2\" style=\"flex:initial;\" for=\"ansteuerung_all\" data-all-label=\"show\">Todos<\/label>\r\n\r\n        <input type=\"radio\" class=\"btn-check d-none\" name=\"ansteuerung\" id=\"elektrisch-pt-br\" data-count=\"actuation1\">\r\n        <label class=\"btn btn-outline-primary me-3 mb-2 d-none\" style=\"flex:initial;\" for=\"elektrisch-pt-br\" data-count=\"actuation1\">El\u00e9trica<\/label>\r\n        \r\n        <input type=\"radio\" class=\"btn-check d-none\" name=\"ansteuerung\" id=\"hydraulisch-pt-br\" data-count=\"actuation2\">\r\n        <label class=\"btn btn-outline-primary me-3 mb-2 d-none\" style=\"flex:initial;\" for=\"hydraulisch-pt-br\" data-count=\"actuation2\">Hidr\u00e1ulico<\/label>\r\n        \r\n        <input type=\"radio\" class=\"btn-check d-none\" name=\"ansteuerung\" id=\"pneumatisch-pt-br\" data-count=\"actuation3\">\r\n        <label class=\"btn btn-outline-primary me-3 mb-2 d-none\" style=\"flex:initial;\" for=\"pneumatisch-pt-br\" data-count=\"actuation3\">Pneum\u00e1tico<\/label>\r\n              \r\n    <\/div>\r\n<\/div>\r\n\r\n<div id=\"filter-funktion\" class=\"col-md-6 mb-3 d-none\">\r\n    <div class=\"title-container\">\r\n        <p><strong>Fun&ccedil;&otilde;es<\/strong><\/p>\r\n        <div id=\"loading-status\" class=\"spinner-border text-primary m-3\" role=\"status\" style=\"display:none;\">\r\n            <span><\/span>\r\n        <\/div>\r\n    <\/div>\r\n    <div class=\"btn-group d-flex flex-xl-row flex-column flex-wrap\" role=\"group\">\r\n        <input type=\"radio\" class=\"btn-check\" name=\"funktion\" id=\"funktion_all\" data-all=\"show\" checked=\"checked\">\r\n        <label class=\"btn btn-primary me-3 mb-2\" style=\"flex:initial;\" for=\"funktion_all\" data-all-label=\"show\">Todas<\/label>\r\n\r\n        <input type=\"radio\" class=\"btn-check\" name=\"funktion\" id=\"countering-pt-br\" data-count=\"function1\">\r\n        <label class=\"btn btn-outline-primary me-3 mb-2\" style=\"flex:initial;\" for=\"countering-pt-br\" data-count=\"function1\">Contrapress\u00e3o<\/label>\r\n        \r\n        <input type=\"radio\" class=\"btn-check\" name=\"funktion\" id=\"drive-pt-br\" data-count=\"function2\">\r\n        <label class=\"btn btn-outline-primary me-3 mb-2\" style=\"flex:initial;\" for=\"drive-pt-br\" data-count=\"function2\">Dirigir<\/label>\r\n        \r\n        <input type=\"radio\" class=\"btn-check\" name=\"funktion\" id=\"positioning-pt-br\" data-count=\"function3\">\r\n        <label class=\"btn btn-outline-primary me-3 mb-2\" style=\"flex:initial;\" for=\"positioning-pt-br\" data-count=\"function3\">Posicionamento<\/label>\r\n        \r\n        <input type=\"radio\" class=\"btn-check\" name=\"funktion\" id=\"securing-pt-br\" data-count=\"function4\">\r\n        <label class=\"btn btn-outline-primary me-3 mb-2\" style=\"flex:initial;\" for=\"securing-pt-br\" data-count=\"function4\">Prote\u00e7\u00e3o<\/label>\r\n        \r\n        <input type=\"radio\" class=\"btn-check\" name=\"funktion\" id=\"securing-with-siforce-pt-br\" data-count=\"function5\">\r\n        <label class=\"btn btn-outline-primary me-3 mb-2\" style=\"flex:initial;\" for=\"securing-with-siforce-pt-br\" data-count=\"function5\">Protegendo com o SiForce<\/label>\r\n              \r\n    <\/div>\r\n<\/div>\r\n\r\n<div id=\"no-results\" class=\"col-md-6 mb-3 d-none\">\r\n    <div class=\"title-container\">\r\n        <h2><strong>Nenhum resultado<\/strong><\/h2>\r\n    <\/div>\r\n<\/div>\r\n<\/div>\r\n<\/div>\r\n<\/div>\r\n<script type=\"text\/javascript\">\r\n    const allText = 'Todos'\r\n<\/script>\n\n\n<div class=\"wp-block-group category-list-grid has-global-padding is-layout-constrained wp-block-group-is-layout-constrained\" style=\"padding-bottom:125px\">\r\n        \r\n        <div class=\"wp-block-group category-element product-container has-white-background-color has-background has-global-padding is-layout-constrained wp-container-core-group-is-layout-0189ff54 wp-block-group-is-layout-constrained\" style=\"border-radius:5px;padding-top:24px;padding-right:32px;padding-bottom:55px;padding-left:32px\" data-ansteuerung=\"hydraulisch-pt-br pneumatisch-pt-br\" data-funktion=\"securing-pt-br securing-with-siforce-pt-br\" data-tragmittel=\"\" >\r\n            \r\n\r\n            <figure class=\"wp-block-image aligncenter size-large\">\r\n                <img decoding=\"async\" src=\"https:\/\/www.sitema.de\/wp-content\/uploads\/produkte\/product-absturzsicherungen-1.png\" alt=\"Absturzsicherungen\"\/>\r\n            <\/figure>\r\n            \r\n\r\n            \r\n            \r\n            <h3 class=\"wp-block-heading has-blue-20-color has-text-color has-headline-h-5-font-size\">\r\n                <a title=\"Siehe Prote\u00e7\u00f5es antiqueda\" href=\"https:\/\/www.sitema.de\/pt-br\/produto\/protecoes-antiqueda\/\" >Prote\u00e7\u00f5es antiqueda<\/a>\r\n            <\/h3>\r\n            \r\n\r\n            \r\n            <h5 class=\"wp-block-heading has-orange-50-color has-text-color has-base-font-size\" style=\"margin-top:32px\">\r\n                <strong>S\u00e9ries K, KR, KRP&#8230;<\/strong>\r\n            <\/h5>\r\n            \r\n            <ul class=\"has-small-font-size wp-block-list\" style=\"margin-top:48px;padding-left:20px\">\r\n            \r\n                \r\n                <li class=\"has-small-font-size\" style=\"line-height:1.7\">Uma dire\u00e7\u00e3o de carga<\/li>\r\n                \r\n                \r\n                \r\n                <li class=\"has-small-font-size\" style=\"line-height:1.7\">Controle hidr\u00e1ulico ou pneum\u00e1tico<\/li>\r\n                \r\n                \r\n                \r\n                <li class=\"has-small-font-size\" style=\"line-height:1.7\">Para cargas de 10 kN a 1000 kN<\/li>\r\n                \r\n                \r\n            <\/ul>\r\n            \r\n        <\/div>\r\n        \r\n        \r\n\r\n\n\n\r\n        \r\n        <div class=\"wp-block-group category-element product-container has-white-background-color has-background has-global-padding is-layout-constrained wp-container-core-group-is-layout-0189ff54 wp-block-group-is-layout-constrained\" style=\"border-radius:5px;padding-top:24px;padding-right:32px;padding-bottom:55px;padding-left:32px\" data-ansteuerung=\"elektrisch-pt-br pneumatisch-pt-br\" data-funktion=\"securing-pt-br securing-with-siforce-pt-br\" data-tragmittel=\"\" >\r\n            \r\n\r\n            <figure class=\"wp-block-image aligncenter size-large\">\r\n                <img decoding=\"async\" src=\"https:\/\/www.sitema.de\/wp-content\/uploads\/produkte\/product-sicherheitsbremsen-1.png\" alt=\"Sicherheitsbremsen\"\/>\r\n            <\/figure>\r\n            \r\n\r\n            \r\n            \r\n            <h3 class=\"wp-block-heading has-blue-20-color has-text-color has-headline-h-5-font-size\">\r\n                <a title=\"Siehe Freios de seguran\u00e7a\" href=\"https:\/\/www.sitema.de\/pt-br\/produto\/freios-de-seguranca\/\" >Freios de seguran\u00e7a<\/a>\r\n            <\/h3>\r\n            \r\n\r\n            \r\n            <h5 class=\"wp-block-heading has-orange-50-color has-text-color has-base-font-size\" style=\"margin-top:32px\">\r\n                <strong>S\u00e9ries KSP, KSE<\/strong>\r\n            <\/h5>\r\n            \r\n            <ul class=\"has-small-font-size wp-block-list\" style=\"margin-top:48px;padding-left:20px\">\r\n            \r\n                \r\n                <li class=\"has-small-font-size\" style=\"line-height:1.7\">Uma dire\u00e7\u00e3o de carga<\/li>\r\n                \r\n                \r\n                \r\n                <li class=\"has-small-font-size\" style=\"line-height:1.7\">Controle pneum\u00e1tico ou el\u00e9trico<\/li>\r\n                \r\n                \r\n                \r\n                <li class=\"has-small-font-size\" style=\"line-height:1.7\">Para cargas de at\u00e9 30 kN<\/li>\r\n                \r\n                \r\n            <\/ul>\r\n            \r\n        <\/div>\r\n        \r\n        \r\n\r\n\n\n\r\n        \r\n        <div class=\"wp-block-group category-element product-container has-white-background-color has-background has-global-padding is-layout-constrained wp-container-core-group-is-layout-0189ff54 wp-block-group-is-layout-constrained\" style=\"border-radius:5px;padding-top:24px;padding-right:32px;padding-bottom:55px;padding-left:32px\" data-ansteuerung=\"hydraulisch-pt-br\" data-funktion=\"countering-pt-br securing-pt-br\" data-tragmittel=\"\" >\r\n            \r\n\r\n            <figure class=\"wp-block-image aligncenter size-large\">\r\n                <img decoding=\"async\" src=\"https:\/\/www.sitema.de\/wp-content\/uploads\/produkte\/product-stangenblockierungen-1.png\" alt=\"stangenblockierungen\"\/>\r\n            <\/figure>\r\n            \r\n\r\n            \r\n            \r\n            <h3 class=\"wp-block-heading has-blue-20-color has-text-color has-headline-h-5-font-size\">\r\n                <a title=\"Siehe Dispositivos de bloqueio\" href=\"https:\/\/www.sitema.de\/pt-br\/produto\/dispositivos-de-bloqueio\/\" >Dispositivos de bloqueio<\/a>\r\n            <\/h3>\r\n            \r\n\r\n            \r\n            <h5 class=\"wp-block-heading has-orange-50-color has-text-color has-base-font-size\" style=\"margin-top:32px\">\r\n                <strong>S\u00e9rie KRG<\/strong>\r\n            <\/h5>\r\n            \r\n            <ul class=\"has-small-font-size wp-block-list\" style=\"margin-top:48px;padding-left:20px\">\r\n            \r\n                \r\n                <li class=\"has-small-font-size\" style=\"line-height:1.7\">Uma dire\u00e7\u00e3o de carga<\/li>\r\n                \r\n                \r\n                \r\n                <li class=\"has-small-font-size\" style=\"line-height:1.7\">Controle hidr\u00e1ulico<\/li>\r\n                \r\n                \r\n                \r\n                <li class=\"has-small-font-size\" style=\"line-height:1.7\">Para cargas de 10 kN a 400 kN<\/li>\r\n                \r\n                \r\n            <\/ul>\r\n            \r\n        <\/div>\r\n        \r\n        \r\n\r\n\n\n\r\n        \r\n        <div class=\"wp-block-group category-element product-container has-white-background-color has-background has-global-padding is-layout-constrained wp-container-core-group-is-layout-0189ff54 wp-block-group-is-layout-constrained\" style=\"border-radius:5px;padding-top:24px;padding-right:32px;padding-bottom:55px;padding-left:32px\" data-ansteuerung=\"hydraulisch-pt-br pneumatisch-pt-br\" data-funktion=\"countering-pt-br positioning-pt-br securing-pt-br\" data-tragmittel=\"\" >\r\n            \r\n\r\n            <figure class=\"wp-block-image aligncenter size-large\">\r\n                <img decoding=\"async\" src=\"https:\/\/www.sitema.de\/wp-content\/uploads\/produkte\/product-feststelleinheiten-1.png\" alt=\"feststelleinheiten\"\/>\r\n            <\/figure>\r\n            \r\n\r\n            \r\n            \r\n            <h3 class=\"wp-block-heading has-blue-20-color has-text-color has-headline-h-5-font-size\">\r\n                <a title=\"Siehe Unidades de fixa\u00e7\u00e3o\" href=\"https:\/\/www.sitema.de\/pt-br\/produto\/unidades-de-fixacao\/\" >Unidades de fixa\u00e7\u00e3o<\/a>\r\n            <\/h3>\r\n            \r\n\r\n            \r\n            <h5 class=\"wp-block-heading has-orange-50-color has-text-color has-base-font-size\" style=\"margin-top:32px\">\r\n                <strong>S\u00e9ries KFH, KFP, KB &#8230;<\/strong>\r\n            <\/h5>\r\n            \r\n            <ul class=\"has-small-font-size wp-block-list\" style=\"margin-top:48px;padding-left:20px\">\r\n            \r\n                \r\n                <li class=\"has-small-font-size\" style=\"line-height:1.7\">Ambas as dire\u00e7\u00f5es de carga<\/li>\r\n                \r\n                \r\n                \r\n                <li class=\"has-small-font-size\" style=\"line-height:1.7\">Controle hidr\u00e1ulico ou pneum\u00e1tico<\/li>\r\n                \r\n                \r\n                \r\n                <li class=\"has-small-font-size\" style=\"line-height:1.7\">For\u00e7as de reten\u00e7\u00e3o de 1 kN a 1500 kN<\/li>\r\n                \r\n                \r\n            <\/ul>\r\n            \r\n        <\/div>\r\n        \r\n        \r\n\r\n\n\n\r\n        \r\n        <div class=\"wp-block-group category-element product-container has-white-background-color has-background has-global-padding is-layout-constrained wp-container-core-group-is-layout-0189ff54 wp-block-group-is-layout-constrained\" style=\"border-radius:5px;padding-top:24px;padding-right:32px;padding-bottom:55px;padding-left:32px\" data-ansteuerung=\"hydraulisch-pt-br pneumatisch-pt-br\" data-funktion=\"drive-pt-br\" data-tragmittel=\"\" >\r\n            \r\n\r\n            <figure class=\"wp-block-image aligncenter size-large\">\r\n                <img decoding=\"async\" src=\"https:\/\/www.sitema.de\/wp-content\/uploads\/produkte\/PowerStroke_Produktabbildung.png\" alt=\"\"\/>\r\n            <\/figure>\r\n            \r\n\r\n            \r\n            \r\n            <h3 class=\"wp-block-heading has-blue-20-color has-text-color has-headline-h-5-font-size\">\r\n                <a title=\"Siehe PowerStroke\" href=\"https:\/\/www.sitema.de\/pt-br\/produto\/powerstroke\/\" >PowerStroke<\/a>\r\n            <\/h3>\r\n            \r\n\r\n            \r\n            <h5 class=\"wp-block-heading has-orange-50-color has-text-color has-base-font-size\" style=\"margin-top:32px\">\r\n                <strong>S\u00e9ries FSK, FSKP<\/strong>\r\n            <\/h5>\r\n            \r\n            <ul class=\"has-small-font-size wp-block-list\" style=\"margin-top:48px;padding-left:20px\">\r\n            \r\n                \r\n                <li class=\"has-small-font-size\" style=\"line-height:1.7\">Cabe\u00e7ote de fixa\u00e7\u00e3o com fun\u00e7\u00e3o de curso curto<\/li>\r\n                \r\n                \r\n                \r\n                <li class=\"has-small-font-size\" style=\"line-height:1.7\">Controle hidr\u00e1ulico ou pneum\u00e1tico<\/li>\r\n                \r\n                \r\n                \r\n                <li class=\"has-small-font-size\" style=\"line-height:1.7\">For\u00e7as de trabalho de at\u00e9 2000 kN<\/li>\r\n                \r\n                \r\n            <\/ul>\r\n            \r\n        <\/div>\r\n        \r\n        \r\n\r\n\n\n\n<div class=\"wp-block-group category-element has-white-background-color has-background has-global-padding is-layout-constrained wp-container-core-group-is-layout-0189ff54 wp-block-group-is-layout-constrained\" style=\"border-radius:5px;padding-top:24px;padding-right:32px;padding-bottom:55px;padding-left:32px\">\n<figure class=\"wp-block-image aligncenter size-full\"><img decoding=\"async\" width=\"272\" height=\"262\" src=\"https:\/\/www.sitema.de\/wp-content\/uploads\/produkte\/sonderlosungen.png\" alt=\"Solu\u00e7\u00f5es especiais\" class=\"wp-image-7506\"\/><\/figure>\n\n\n\n<h3 class=\"wp-block-heading has-blue-20-color has-text-color has-headline-h-5-font-size\"><a href=\"https:\/\/www.sitema.de\/pt-br\/solucoes-especiais\/\" data-type=\"page\" data-id=\"17088\">Solu\u00e7\u00f5es especiais<\/a><\/h3>\n\n\n\n<h5 class=\"wp-block-heading has-orange-50-color has-text-color has-base-font-size\" style=\"margin-top:32px\"><strong>da quantidade um<\/strong><\/h5>\n\n\n\n<ul style=\"margin-top:48px;padding-left:20px\" class=\"wp-block-list has-small-font-size\">\n<li class=\"has-small-font-size\" style=\"line-height:1.7\">Unidade de fixa\u00e7\u00e3o para torque<\/li>\n\n\n\n<li class=\"has-small-font-size\" style=\"line-height:1.7\">A barra sai do cabe\u00e7ote de fixa\u00e7\u00e3o<\/li>\n\n\n\n<li class=\"has-small-font-size\" style=\"line-height:1.7\">Prote\u00e7\u00e3o antiqueda mec\u00e2nica KRM<\/li>\n\n\n\n<li class=\"has-small-font-size\" style=\"line-height:1.7\">Unidade de fixa\u00e7\u00e3o el\u00e9trica KFE<\/li>\n\n\n\n<li class=\"has-small-font-size\" style=\"line-height:1.7\">Requisitos especiais do cliente<\/li>\n<\/ul>\n<\/div>\n\n\n\n<div class=\"wp-block-group category-element has-white-background-color has-background has-global-padding is-layout-constrained wp-container-core-group-is-layout-0189ff54 wp-block-group-is-layout-constrained\" style=\"border-radius:5px;padding-top:24px;padding-right:32px;padding-bottom:55px;padding-left:32px\">\n<figure class=\"wp-block-image aligncenter size-full\"><img decoding=\"async\" width=\"272\" height=\"262\" src=\"https:\/\/www.sitema.de\/wp-content\/uploads\/produkte\/zubehor.png\" alt=\"Acess\u00f3rios \" class=\"wp-image-7517\"\/><\/figure>\n\n\n\n<h3 class=\"wp-block-heading has-blue-20-color has-text-color has-headline-h-5-font-size\"><a href=\"https:\/\/www.sitema.de\/pt-br\/acessorios\/\" data-type=\"page\" data-id=\"7177\"><\/a><a href=\"https:\/\/www.sitema.de\/pt-br\/acessorios\/\" data-type=\"page\" data-id=\"17371\">Acess\u00f3rios<\/a><\/h3>\n\n\n\n<h5 class=\"wp-block-heading has-orange-50-color has-text-color has-base-font-size\" style=\"margin-top:32px\"><strong>para cabe\u00e7otes de fixa\u00e7\u00e3o da SITEMA<\/strong><\/h5>\n\n\n\n<ul style=\"margin-top:48px;padding-left:20px\" class=\"wp-block-list has-small-font-size\">\n<li class=\"has-small-font-size\" style=\"line-height:1.7\">M\u00f3dulo eletropneum\u00e1tico EPM<\/li>\n\n\n\n<li class=\"has-small-font-size\" style=\"line-height:1.7\">Atuador mec\u00e2nico da v\u00e1lvula MVA<\/li>\n\n\n\n<li class=\"has-small-font-size\" style=\"line-height:1.7\">Fixa\u00e7\u00e3o da barra STB<\/li>\n\n\n\n<li class=\"has-small-font-size\" style=\"line-height:1.7\">Sistema autom\u00e1tico de ventila\u00e7\u00e3o<\/li>\n\n\n\n<li class=\"has-small-font-size\" style=\"line-height:1.7\">Flanges e bases da mola<\/li>\n<\/ul>\n<\/div>\n<\/div>\n<\/div>\n","protected":false},"excerpt":{"rendered":"<p>Vis\u00e3o geral do produto Solu\u00e7\u00f5es especiais da quantidade um Acess\u00f3rios para cabe\u00e7otes de fixa\u00e7\u00e3o da SITEMA<\/p>\n","protected":false},"author":1,"featured_media":0,"parent":0,"menu_order":0,"comment_status":"closed","ping_status":"closed","template":"","meta":{"_acf_changed":false,"_seopress_robots_primary_cat":"","_seopress_titles_title":"Produtos - %%sitetitle%%","_seopress_titles_desc":"Conhe\u00e7a nossa ampla gama de produtos de seguran\u00e7a, incluindo trava-quedas, freios de seguran\u00e7a, dispositivos de intertravamento, dispositivos bidirecionais de prote\u00e7\u00e3o contra escalada, PowerStroke, solu\u00e7\u00f5es personalizadas e acess\u00f3rios para cabe\u00e7otes de fixa\u00e7\u00e3o.","_seopress_robots_index":"","footnotes":""},"class_list":["post-17516","page","type-page","status-publish","hentry"],"acf":[],"_links":{"self":[{"href":"https:\/\/www.sitema.de\/pt-br\/wp-json\/wp\/v2\/pages\/17516","targetHints":{"allow":["GET"]}}],"collection":[{"href":"https:\/\/www.sitema.de\/pt-br\/wp-json\/wp\/v2\/pages"}],"about":[{"href":"https:\/\/www.sitema.de\/pt-br\/wp-json\/wp\/v2\/types\/page"}],"author":[{"embeddable":true,"href":"https:\/\/www.sitema.de\/pt-br\/wp-json\/wp\/v2\/users\/1"}],"replies":[{"embeddable":true,"href":"https:\/\/www.sitema.de\/pt-br\/wp-json\/wp\/v2\/comments?post=17516"}],"version-history":[{"count":4,"href":"https:\/\/www.sitema.de\/pt-br\/wp-json\/wp\/v2\/pages\/17516\/revisions"}],"predecessor-version":[{"id":171512,"href":"https:\/\/www.sitema.de\/pt-br\/wp-json\/wp\/v2\/pages\/17516\/revisions\/171512"}],"wp:attachment":[{"href":"https:\/\/www.sitema.de\/pt-br\/wp-json\/wp\/v2\/media?parent=17516"}],"curies":[{"name":"wp","href":"https:\/\/api.w.org\/{rel}","templated":true}]}}