{"id":17371,"date":"2024-03-01T15:31:28","date_gmt":"2024-03-01T14:31:28","guid":{"rendered":"https:\/\/www.sitema.de\/acessorios\/"},"modified":"2024-10-02T09:53:58","modified_gmt":"2024-10-02T09:53:58","slug":"acessorios","status":"publish","type":"page","link":"https:\/\/www.sitema.de\/pt-br\/acessorios\/","title":{"rendered":"acess\u00f3rios"},"content":{"rendered":"\n<section class=\"wp-block-group alignfull header-generic has-global-padding is-layout-constrained wp-block-group-is-layout-constrained\" id=\"header-generic\">\n<div class=\"wp-block-cover alignfull is-light\" style=\"min-height:350px;aspect-ratio:unset;\"><span aria-hidden=\"true\" class=\"wp-block-cover__background has-background-dim-30 has-background-dim wp-block-cover__gradient-background has-background-gradient\" style=\"background:linear-gradient(90deg,rgb(128,128,128) 0%,rgba(0,0,0,0) 100%)\"><\/span><img decoding=\"async\" width=\"1920\" height=\"350\" class=\"wp-block-cover__image-background wp-image-29978\" alt=\"\" src=\"https:\/\/www.sitema.de\/wp-content\/uploads\/produkte\/zubehoer_header.jpg\" style=\"object-position:100% 50%\" data-object-fit=\"cover\" data-object-position=\"100% 50%\" srcset=\"https:\/\/www.sitema.de\/wp-content\/uploads\/produkte\/zubehoer_header.jpg 1920w, https:\/\/www.sitema.de\/wp-content\/uploads\/produkte\/zubehoer_header-300x55.jpg 300w, https:\/\/www.sitema.de\/wp-content\/uploads\/produkte\/zubehoer_header-1024x187.jpg 1024w, https:\/\/www.sitema.de\/wp-content\/uploads\/produkte\/zubehoer_header-768x140.jpg 768w, https:\/\/www.sitema.de\/wp-content\/uploads\/produkte\/zubehoer_header-1536x280.jpg 1536w\" sizes=\"(max-width: 1920px) 100vw, 1920px\" \/><div class=\"wp-block-cover__inner-container has-global-padding is-layout-constrained wp-block-cover-is-layout-constrained\">\n<h1 class=\"wp-block-heading has-text-align-left has-blue-20-color has-text-color has-title-h-1-font-size\">Acess\u00f3rios para<\/h1>\n\n\n\n<h2 class=\"wp-block-heading has-text-align-left has-blue-20-color has-text-color has-headline-h-2-font-size\">Cabe\u00e7otes de fixa\u00e7\u00e3o SITEMA<\/h2>\n<\/div><\/div>\n<\/section>\n\n<div id=\"category-list\" class=\"wp-block-group category-list has-global-padding is-layout-constrained wp-block-group-is-layout-constrained\" style=\"margin-top:var(--wp--preset--spacing--5-rem);margin-bottom:var(--wp--preset--spacing--5-rem)\">\n<h2 class=\"wp-block-heading has-headline-h-3-font-size\">Acess\u00f3rios para cabe\u00e7otes de fixa\u00e7\u00e3o SITEMA<\/h2>\n\n\n\n<div class=\"wp-block-group category-list-grid has-global-padding is-layout-constrained wp-block-group-is-layout-constrained\" style=\"padding-bottom:125px\">\r\n\r\n\r\n        \r\n        <div class=\"wp-block-group category-element has-white-background-color has-background has-global-padding is-layout-constrained wp-container-core-group-is-layout-0189ff54 wp-block-group-is-layout-constrained\" style=\"border-radius:5px;padding-top:24px;padding-right:32px;padding-bottom:55px;padding-left:32px\">\r\n        \r\n            \r\n            <figure class=\"wp-block-image aligncenter size-large\">\r\n                <a title=\"Siehe M\u00f3dulo eletropneum\u00e1tico\" href=\"https:\/\/www.sitema.de\/pt-br\/acessorios\/modulo-eletropneumatico\/\" >\r\n                    <img decoding=\"async\" src=\"https:\/\/www.sitema.de\/wp-content\/uploads\/produkte\/sonderloesungen-epmodul-list.png\" alt=\"Sonderloesungen epmodul\"\/>\r\n                <\/a>\r\n            <\/figure>\r\n            \r\n\r\n            \r\n            <h3 class=\"wp-block-heading has-blue-20-color has-text-color has-headline-h-5-font-size\">\r\n                <a title=\"Siehe M\u00f3dulo eletropneum\u00e1tico\" href=\"https:\/\/www.sitema.de\/pt-br\/acessorios\/modulo-eletropneumatico\/\" >\r\n                    M\u00f3dulo eletropneum\u00e1tico\r\n                <\/a>\r\n            <\/h3>\r\n            \r\n\r\n        \r\n        <\/div>\r\n        \r\n        \r\n\r\n\n\n\r\n\r\n\r\n        \r\n        <div class=\"wp-block-group category-element has-white-background-color has-background has-global-padding is-layout-constrained wp-container-core-group-is-layout-0189ff54 wp-block-group-is-layout-constrained\" style=\"border-radius:5px;padding-top:24px;padding-right:32px;padding-bottom:55px;padding-left:32px\">\r\n        \r\n            \r\n            <figure class=\"wp-block-image aligncenter size-large\">\r\n                <a title=\"Siehe Atuador mec\u00e2nico da v\u00e1lvula\" href=\"https:\/\/www.sitema.de\/pt-br\/acessorios\/atuador-mecanico-da-valvula\/\" >\r\n                    <img decoding=\"async\" src=\"https:\/\/www.sitema.de\/wp-content\/uploads\/produkte\/sonderloesungen-mva2-list.png\" alt=\"Mechanischer Ventilausl\u00f6ser MVA\"\/>\r\n                <\/a>\r\n            <\/figure>\r\n            \r\n\r\n            \r\n            <h3 class=\"wp-block-heading has-blue-20-color has-text-color has-headline-h-5-font-size\">\r\n                <a title=\"Siehe Atuador mec\u00e2nico da v\u00e1lvula\" href=\"https:\/\/www.sitema.de\/pt-br\/acessorios\/atuador-mecanico-da-valvula\/\" >\r\n                    Atuador mec\u00e2nico da v\u00e1lvula\r\n                <\/a>\r\n            <\/h3>\r\n            \r\n\r\n        \r\n        <\/div>\r\n        \r\n        \r\n\r\n\n\n\r\n\r\n\r\n        \r\n        <div class=\"wp-block-group category-element has-white-background-color has-background has-global-padding is-layout-constrained wp-container-core-group-is-layout-0189ff54 wp-block-group-is-layout-constrained\" style=\"border-radius:5px;padding-top:24px;padding-right:32px;padding-bottom:55px;padding-left:32px\">\r\n        \r\n            \r\n            <figure class=\"wp-block-image aligncenter size-large\">\r\n                <a title=\"Siehe Fixa\u00e7\u00e3o da barra STB\" href=\"https:\/\/www.sitema.de\/pt-br\/acessorios\/fixacao-da-barra-stb\/\" >\r\n                    <img decoding=\"async\" src=\"https:\/\/www.sitema.de\/wp-content\/uploads\/produkte\/stb-list.png\" alt=\"Stangenbefestigung STB\"\/>\r\n                <\/a>\r\n            <\/figure>\r\n            \r\n\r\n            \r\n            <h3 class=\"wp-block-heading has-blue-20-color has-text-color has-headline-h-5-font-size\">\r\n                <a title=\"Siehe Fixa\u00e7\u00e3o da barra STB\" href=\"https:\/\/www.sitema.de\/pt-br\/acessorios\/fixacao-da-barra-stb\/\" >\r\n                    Fixa\u00e7\u00e3o da barra STB\r\n                <\/a>\r\n            <\/h3>\r\n            \r\n\r\n        \r\n        <\/div>\r\n        \r\n        \r\n\r\n\n\n\r\n\r\n\r\n        \r\n        <div class=\"wp-block-group category-element has-white-background-color has-background has-global-padding is-layout-constrained wp-container-core-group-is-layout-0189ff54 wp-block-group-is-layout-constrained\" style=\"border-radius:5px;padding-top:24px;padding-right:32px;padding-bottom:55px;padding-left:32px\">\r\n        \r\n            \r\n            <figure class=\"wp-block-image aligncenter size-large\">\r\n                <a title=\"Siehe Sistema autom\u00e1tico de ventila\u00e7\u00e3o\" href=\"https:\/\/www.sitema.de\/pt-br\/acessorios\/sistema-automatico-de-ventilacao\/\" >\r\n                    <img decoding=\"async\" src=\"https:\/\/www.sitema.de\/wp-content\/uploads\/produkte\/sonderloesungen-entlueftungsautomat-list.png\" alt=\"Entl\u00fcftungsautomat\"\/>\r\n                <\/a>\r\n            <\/figure>\r\n            \r\n\r\n            \r\n            <h3 class=\"wp-block-heading has-blue-20-color has-text-color has-headline-h-5-font-size\">\r\n                <a title=\"Siehe Sistema autom\u00e1tico de ventila\u00e7\u00e3o\" href=\"https:\/\/www.sitema.de\/pt-br\/acessorios\/sistema-automatico-de-ventilacao\/\" >\r\n                    Sistema autom\u00e1tico de ventila\u00e7\u00e3o\r\n                <\/a>\r\n            <\/h3>\r\n            \r\n\r\n        \r\n        <\/div>\r\n        \r\n        \r\n\r\n\n\n\r\n\r\n\r\n        \r\n        <div class=\"wp-block-group category-element has-white-background-color has-background has-global-padding is-layout-constrained wp-container-core-group-is-layout-0189ff54 wp-block-group-is-layout-constrained\" style=\"border-radius:5px;padding-top:24px;padding-right:32px;padding-bottom:55px;padding-left:32px\">\r\n        \r\n            \r\n            <figure class=\"wp-block-image aligncenter size-large\">\r\n                <a title=\"Siehe Flangespara Prote\u00e7\u00f5es antiqueda\" href=\"https:\/\/www.sitema.de\/pt-br\/acessorios\/flangespara-protecoes-antiqueda\/\" >\r\n                    <img decoding=\"async\" src=\"https:\/\/www.sitema.de\/wp-content\/uploads\/produkte\/KR_025_30_mit-geschlitzem-Flansch_stehend.jpg\" alt=\"\"\/>\r\n                <\/a>\r\n            <\/figure>\r\n            \r\n\r\n            \r\n            <h3 class=\"wp-block-heading has-blue-20-color has-text-color has-headline-h-5-font-size\">\r\n                <a title=\"Siehe Flangespara Prote\u00e7\u00f5es antiqueda\" href=\"https:\/\/www.sitema.de\/pt-br\/acessorios\/flangespara-protecoes-antiqueda\/\" >\r\n                    Flangespara Prote\u00e7\u00f5es antiqueda\r\n                <\/a>\r\n            <\/h3>\r\n            \r\n\r\n        \r\n        <\/div>\r\n        \r\n        \r\n\r\n\n\n\r\n\r\n\r\n        \r\n        <div class=\"wp-block-group category-element has-white-background-color has-background has-global-padding is-layout-constrained wp-container-core-group-is-layout-0189ff54 wp-block-group-is-layout-constrained\" style=\"border-radius:5px;padding-top:24px;padding-right:32px;padding-bottom:55px;padding-left:32px\">\r\n        \r\n            \r\n            <figure class=\"wp-block-image aligncenter size-large\">\r\n                <a title=\"Siehe Base da mola para Prote\u00e7\u00f5es antiqueda\" href=\"https:\/\/www.sitema.de\/pt-br\/acessorios\/base-da-mola\/\" >\r\n                    <img decoding=\"async\" src=\"https:\/\/www.sitema.de\/wp-content\/uploads\/produkte\/federsockel-absturzsicherungen-list.png\" alt=\"Flansche f\u00fcr Absturzsicherungen\"\/>\r\n                <\/a>\r\n            <\/figure>\r\n            \r\n\r\n            \r\n            <h3 class=\"wp-block-heading has-blue-20-color has-text-color has-headline-h-5-font-size\">\r\n                <a title=\"Siehe Base da mola para Prote\u00e7\u00f5es antiqueda\" href=\"https:\/\/www.sitema.de\/pt-br\/acessorios\/base-da-mola\/\" >\r\n                    Base da mola para Prote\u00e7\u00f5es antiqueda\r\n                <\/a>\r\n            <\/h3>\r\n            \r\n\r\n        \r\n        <\/div>\r\n        \r\n        \r\n\r\n\n\n\r\n\r\n\r\n        \r\n        <div class=\"wp-block-group category-element has-white-background-color has-background has-global-padding is-layout-constrained wp-container-core-group-is-layout-0189ff54 wp-block-group-is-layout-constrained\" style=\"border-radius:5px;padding-top:24px;padding-right:32px;padding-bottom:55px;padding-left:32px\">\r\n        \r\n            \r\n            <figure class=\"wp-block-image aligncenter size-large\">\r\n                <a title=\"Siehe Flanges para Dispositivos de bloqueio\" href=\"https:\/\/www.sitema.de\/pt-br\/acessorios\/flanges-para-dispositivos-de-bloqueio\/\" >\r\n                    <img decoding=\"async\" src=\"https:\/\/www.sitema.de\/wp-content\/uploads\/produkte\/flansche-stangenblockierungen-list.png\" alt=\"Flansche f\u00fcr Stangenblockierungen\"\/>\r\n                <\/a>\r\n            <\/figure>\r\n            \r\n\r\n            \r\n            <h3 class=\"wp-block-heading has-blue-20-color has-text-color has-headline-h-5-font-size\">\r\n                <a title=\"Siehe Flanges para Dispositivos de bloqueio\" href=\"https:\/\/www.sitema.de\/pt-br\/acessorios\/flanges-para-dispositivos-de-bloqueio\/\" >\r\n                    Flanges para Dispositivos de bloqueio\r\n                <\/a>\r\n            <\/h3>\r\n            \r\n\r\n        \r\n        <\/div>\r\n        \r\n        \r\n\r\n\n\n\r\n\r\n\r\n        \r\n        <div class=\"wp-block-group category-element has-white-background-color has-background has-global-padding is-layout-constrained wp-container-core-group-is-layout-0189ff54 wp-block-group-is-layout-constrained\" style=\"border-radius:5px;padding-top:24px;padding-right:32px;padding-bottom:55px;padding-left:32px\">\r\n        \r\n            \r\n            <figure class=\"wp-block-image aligncenter size-large\">\r\n                <a title=\"Siehe Base da mola para Freios de seguran\u00e7a\" href=\"https:\/\/www.sitema.de\/pt-br\/acessorios\/base-da-mola-para-freios-de-seguranca\/\" >\r\n                    <img decoding=\"async\" src=\"https:\/\/www.sitema.de\/wp-content\/uploads\/grafiken-animationen\/federsockel-sicherheitsbremsen-list.png\" alt=\"Federsockel f\u00fcr Sicherheitsbremsen\"\/>\r\n                <\/a>\r\n            <\/figure>\r\n            \r\n\r\n            \r\n            <h3 class=\"wp-block-heading has-blue-20-color has-text-color has-headline-h-5-font-size\">\r\n                <a title=\"Siehe Base da mola para Freios de seguran\u00e7a\" href=\"https:\/\/www.sitema.de\/pt-br\/acessorios\/base-da-mola-para-freios-de-seguranca\/\" >\r\n                    Base da mola para Freios de seguran\u00e7a\r\n                <\/a>\r\n            <\/h3>\r\n            \r\n\r\n        \r\n        <\/div>\r\n        \r\n        \r\n\r\n<\/div>\n<\/div>\n","protected":false},"excerpt":{"rendered":"<p>Acess\u00f3rios para cabe\u00e7otes de fixa\u00e7\u00e3o SITEMA<\/p>\n","protected":false},"author":1,"featured_media":7525,"parent":0,"menu_order":0,"comment_status":"closed","ping_status":"closed","template":"","meta":{"_acf_changed":false,"_seopress_robots_primary_cat":"","_seopress_titles_title":"Acess\u00f3rios para cabe\u00e7otes de fixa\u00e7\u00e3o da SITEMA - %%sitetitle%%","_seopress_titles_desc":"Conhe\u00e7a nossa sele\u00e7\u00e3o de acess\u00f3rios para cabe\u00e7otes de fixa\u00e7\u00e3o. Encontre suplementos e op\u00e7\u00f5es adicionais para melhorar a funcionalidade e a seguran\u00e7a de seus produtos de fixa\u00e7\u00e3o e seguran\u00e7a industrial. ","_seopress_robots_index":"","_seopress_analysis_target_kw":"","footnotes":""},"class_list":["post-17371","page","type-page","status-publish","has-post-thumbnail","hentry"],"acf":[],"_links":{"self":[{"href":"https:\/\/www.sitema.de\/pt-br\/wp-json\/wp\/v2\/pages\/17371","targetHints":{"allow":["GET"]}}],"collection":[{"href":"https:\/\/www.sitema.de\/pt-br\/wp-json\/wp\/v2\/pages"}],"about":[{"href":"https:\/\/www.sitema.de\/pt-br\/wp-json\/wp\/v2\/types\/page"}],"author":[{"embeddable":true,"href":"https:\/\/www.sitema.de\/pt-br\/wp-json\/wp\/v2\/users\/1"}],"replies":[{"embeddable":true,"href":"https:\/\/www.sitema.de\/pt-br\/wp-json\/wp\/v2\/comments?post=17371"}],"version-history":[{"count":6,"href":"https:\/\/www.sitema.de\/pt-br\/wp-json\/wp\/v2\/pages\/17371\/revisions"}],"predecessor-version":[{"id":29999,"href":"https:\/\/www.sitema.de\/pt-br\/wp-json\/wp\/v2\/pages\/17371\/revisions\/29999"}],"wp:featuredmedia":[{"embeddable":true,"href":"https:\/\/www.sitema.de\/pt-br\/wp-json\/wp\/v2\/media\/7525"}],"wp:attachment":[{"href":"https:\/\/www.sitema.de\/pt-br\/wp-json\/wp\/v2\/media?parent=17371"}],"curies":[{"name":"wp","href":"https:\/\/api.w.org\/{rel}","templated":true}]}}