{"id":17088,"date":"2024-03-04T16:03:18","date_gmt":"2024-03-04T15:03:18","guid":{"rendered":"https:\/\/www.sitema.de\/solucoes-especiais\/"},"modified":"2024-10-02T09:33:10","modified_gmt":"2024-10-02T09:33:10","slug":"solucoes-especiais","status":"publish","type":"page","link":"https:\/\/www.sitema.de\/pt-br\/solucoes-especiais\/","title":{"rendered":"Solu\u00e7\u00f5es especiais"},"content":{"rendered":"\n<section class=\"wp-block-group alignfull header-generic has-global-padding is-layout-constrained wp-block-group-is-layout-constrained\" id=\"header-generic\">\n<div class=\"wp-block-cover alignfull is-light\" style=\"min-height:350px;aspect-ratio:unset;\"><span aria-hidden=\"true\" class=\"wp-block-cover__background has-background-dim-30 has-background-dim wp-block-cover__gradient-background has-background-gradient\" style=\"background:linear-gradient(90deg,rgb(128,128,128) 0%,rgba(0,0,0,0) 100%)\"><\/span><img decoding=\"async\" width=\"1920\" height=\"350\" class=\"wp-block-cover__image-background wp-image-29960\" alt=\"\" src=\"https:\/\/www.sitema.de\/wp-content\/uploads\/produkte\/sonderloesungen_header.jpg\" style=\"object-position:100% 50%\" data-object-fit=\"cover\" data-object-position=\"100% 50%\"\/><div class=\"wp-block-cover__inner-container has-global-padding is-layout-constrained wp-block-cover-is-layout-constrained\">\n<h1 class=\"wp-block-heading has-text-align-left has-blue-20-color has-text-color has-title-h-1-font-size\">Acess\u00f3rios para<\/h1>\n\n\n\n<h2 class=\"wp-block-heading has-text-align-left has-blue-20-color has-text-color has-headline-h-2-font-size\">Cabe\u00e7otes de fixa\u00e7\u00e3o SITEMA<\/h2>\n<\/div><\/div>\n<\/section>\n\n\n\n<div id=\"category-list\" class=\"wp-block-group category-list has-global-padding is-layout-constrained wp-block-group-is-layout-constrained\" style=\"margin-top:var(--wp--preset--spacing--5-rem);margin-bottom:var(--wp--preset--spacing--5-rem)\">\n<h2 class=\"wp-block-heading has-headline-h-3-font-size\">Nossas solu\u00e7\u00f5es especiais<\/h2>\n\n\n\n<div class=\"wp-block-group category-list-grid has-global-padding is-layout-constrained wp-block-group-is-layout-constrained\" style=\"padding-bottom:125px\">\r\n        \r\n        <div class=\"wp-block-group category-element product-container has-white-background-color has-background has-global-padding is-layout-constrained wp-container-core-group-is-layout-0189ff54 wp-block-group-is-layout-constrained\" style=\"border-radius:5px;padding-top:24px;padding-right:32px;padding-bottom:55px;padding-left:32px\" data-ansteuerung=\"\" data-funktion=\"\" data-tragmittel=\"\" >\r\n            \r\n\r\n            <figure class=\"wp-block-image aligncenter size-large\">\r\n                <img decoding=\"async\" src=\"https:\/\/www.sitema.de\/wp-content\/uploads\/produkte\/sonderloesungen-feststelleinheiten-drehmoment.png\" alt=\"Feststelleinheit f\u00fcr Drehmoment\"\/>\r\n            <\/figure>\r\n            \r\n\r\n            \r\n            \r\n            <h3 class=\"wp-block-heading has-blue-20-color has-text-color has-headline-h-5-font-size\">\r\n                <a title=\"Siehe Unidade de fixa\u00e7\u00e3o para torque\" href=\"https:\/\/www.sitema.de\/pt-br\/produto\/unidade-de-fixacao-para-torque\/\" >Unidade de fixa\u00e7\u00e3o para torque<\/a>\r\n            <\/h3>\r\n            \r\n\r\n            \r\n            <h5 class=\"wp-block-heading has-orange-50-color has-text-color has-base-font-size\" style=\"margin-top:32px\">\r\n                <strong>S\u00e9ries KFH, KFP, KB &#8230;<\/strong>\r\n            <\/h5>\r\n            \r\n            <ul class=\"has-small-font-size wp-block-list\" style=\"margin-top:48px;padding-left:20px\">\r\n            \r\n                \r\n                <li class=\"has-small-font-size\" style=\"line-height:1.7\">Ambas as dire\u00e7\u00f5es de carga<\/li>\r\n                \r\n                \r\n                \r\n                <li class=\"has-small-font-size\" style=\"line-height:1.7\">Controle hidr\u00e1ulico ou pneum\u00e1tico<\/li>\r\n                \r\n                \r\n                \r\n                <li class=\"has-small-font-size\" style=\"line-height:1.7\">For\u00e7as de reten\u00e7\u00e3o de 1 kN a 1500 kN<\/li>\r\n                \r\n                \r\n            <\/ul>\r\n            \r\n        <\/div>\r\n        \r\n        \r\n\r\n\n\n\r\n        \r\n        <div class=\"wp-block-group category-element product-container has-white-background-color has-background has-global-padding is-layout-constrained wp-container-core-group-is-layout-0189ff54 wp-block-group-is-layout-constrained\" style=\"border-radius:5px;padding-top:24px;padding-right:32px;padding-bottom:55px;padding-left:32px\" data-ansteuerung=\"\" data-funktion=\"\" data-tragmittel=\"\" >\r\n            \r\n\r\n            <figure class=\"wp-block-image aligncenter size-large\">\r\n                <img decoding=\"async\" src=\"https:\/\/www.sitema.de\/wp-content\/uploads\/produkte\/sonderloesungen-stange-verlaesst-klemmkopf.png\" alt=\"Stange verl\u00e4sst Klemmkopf\"\/>\r\n            <\/figure>\r\n            \r\n\r\n            \r\n            \r\n            <h3 class=\"wp-block-heading has-blue-20-color has-text-color has-headline-h-5-font-size\">\r\n                <a title=\"Siehe A barra sai do cabe\u00e7ote de fixa\u00e7\u00e3o\" href=\"https:\/\/www.sitema.de\/pt-br\/produto\/a-barra-sai-do-cabecote-de-fixacao\/\" >A barra sai do cabe\u00e7ote de fixa\u00e7\u00e3o<\/a>\r\n            <\/h3>\r\n            \r\n\r\n            \r\n            <h5 class=\"wp-block-heading has-orange-50-color has-text-color has-base-font-size\" style=\"margin-top:32px\">\r\n                <strong><\/strong>\r\n            <\/h5>\r\n            \r\n        <\/div>\r\n        \r\n        \r\n\r\n\n\n\r\n        \r\n        <div class=\"wp-block-group category-element product-container has-white-background-color has-background has-global-padding is-layout-constrained wp-container-core-group-is-layout-0189ff54 wp-block-group-is-layout-constrained\" style=\"border-radius:5px;padding-top:24px;padding-right:32px;padding-bottom:55px;padding-left:32px\" data-ansteuerung=\"\" data-funktion=\"\" data-tragmittel=\"\" >\r\n            \r\n\r\n            <figure class=\"wp-block-image aligncenter size-large\">\r\n                <img decoding=\"async\" src=\"https:\/\/www.sitema.de\/wp-content\/uploads\/produkte\/sonderloesungen-absturzsicherungen-mechanisch.png\" alt=\"Absturzsicherungen mechanisch\"\/>\r\n            <\/figure>\r\n            \r\n\r\n            \r\n            \r\n            <h3 class=\"wp-block-heading has-blue-20-color has-text-color has-headline-h-5-font-size\">\r\n                <a title=\"Siehe Prote\u00e7\u00e3o antiqueda mec\u00e2nica\" href=\"https:\/\/www.sitema.de\/pt-br\/produto\/protecao-antiqueda-mecanica\/\" >Prote\u00e7\u00e3o antiqueda mec\u00e2nica<\/a>\r\n            <\/h3>\r\n            \r\n\r\n            \r\n            <h5 class=\"wp-block-heading has-orange-50-color has-text-color has-base-font-size\" style=\"margin-top:32px\">\r\n                <strong><\/strong>\r\n            <\/h5>\r\n            \r\n        <\/div>\r\n        \r\n        \r\n\r\n\n\n\r\n        \r\n        <div class=\"wp-block-group category-element product-container has-white-background-color has-background has-global-padding is-layout-constrained wp-container-core-group-is-layout-0189ff54 wp-block-group-is-layout-constrained\" style=\"border-radius:5px;padding-top:24px;padding-right:32px;padding-bottom:55px;padding-left:32px\" data-ansteuerung=\"\" data-funktion=\"\" data-tragmittel=\"\" >\r\n            \r\n\r\n            <figure class=\"wp-block-image aligncenter size-large\">\r\n                <img decoding=\"async\" src=\"https:\/\/www.sitema.de\/wp-content\/uploads\/produkte\/sonderloesungen-feststelleinheiten-elektrisch.png\" alt=\"Feststelleinheiten elektrisch\"\/>\r\n            <\/figure>\r\n            \r\n\r\n            \r\n            \r\n            <h3 class=\"wp-block-heading has-blue-20-color has-text-color has-headline-h-5-font-size\">\r\n                <a title=\"Siehe Unidade de fixa\u00e7\u00e3o el\u00e9trica\" href=\"https:\/\/www.sitema.de\/pt-br\/produto\/unidade-de-fixacao-eletrica\/\" >Unidade de fixa\u00e7\u00e3o el\u00e9trica<\/a>\r\n            <\/h3>\r\n            \r\n\r\n            \r\n            <h5 class=\"wp-block-heading has-orange-50-color has-text-color has-base-font-size\" style=\"margin-top:32px\">\r\n                <strong><\/strong>\r\n            <\/h5>\r\n            \r\n        <\/div>\r\n        \r\n        \r\n\r\n\n\n\r\n        \r\n        <div class=\"wp-block-group category-element product-container has-white-background-color has-background has-global-padding is-layout-constrained wp-container-core-group-is-layout-0189ff54 wp-block-group-is-layout-constrained\" style=\"border-radius:5px;padding-top:24px;padding-right:32px;padding-bottom:55px;padding-left:32px\" data-ansteuerung=\"\" data-funktion=\"\" data-tragmittel=\"\" >\r\n            \r\n\r\n            <figure class=\"wp-block-image aligncenter size-large\">\r\n                <img decoding=\"async\" src=\"https:\/\/www.sitema.de\/wp-content\/uploads\/produkte\/spezielle-kundenanforderungen-list.png\" alt=\"spezielle-kundenanforderungen-list\"\/>\r\n            <\/figure>\r\n            \r\n\r\n            \r\n            \r\n            <h3 class=\"wp-block-heading has-blue-20-color has-text-color has-headline-h-5-font-size\">\r\n                <a title=\"Siehe Requisitos do cliente\" href=\"https:\/\/www.sitema.de\/pt-br\/produto\/requisitos-do-cliente\/\" >Requisitos do cliente<\/a>\r\n            <\/h3>\r\n            \r\n\r\n            \r\n            <h5 class=\"wp-block-heading has-orange-50-color has-text-color has-base-font-size\" style=\"margin-top:32px\">\r\n                <strong><\/strong>\r\n            <\/h5>\r\n            \r\n        <\/div>\r\n        \r\n        \r\n\r\n<\/div>\n<\/div>\n","protected":false},"excerpt":{"rendered":"<p>Nossas solu\u00e7\u00f5es especiais<\/p>\n","protected":false},"author":1,"featured_media":198625,"parent":0,"menu_order":0,"comment_status":"closed","ping_status":"closed","template":"","meta":{"_acf_changed":false,"_seopress_robots_primary_cat":"","_seopress_titles_title":"Solu\u00e7\u00f5es especiais - %%sitetitle%%","_seopress_titles_desc":"A SITEMA lhe oferece solu\u00e7\u00f5es personalizadas para sua aplica\u00e7\u00e3o industrial, desde dispositivos de fixa\u00e7\u00e3o at\u00e9 sistemas de seguran\u00e7a.","_seopress_robots_index":"","footnotes":""},"class_list":["post-17088","page","type-page","status-publish","has-post-thumbnail","hentry"],"acf":[],"_links":{"self":[{"href":"https:\/\/www.sitema.de\/pt-br\/wp-json\/wp\/v2\/pages\/17088","targetHints":{"allow":["GET"]}}],"collection":[{"href":"https:\/\/www.sitema.de\/pt-br\/wp-json\/wp\/v2\/pages"}],"about":[{"href":"https:\/\/www.sitema.de\/pt-br\/wp-json\/wp\/v2\/types\/page"}],"author":[{"embeddable":true,"href":"https:\/\/www.sitema.de\/pt-br\/wp-json\/wp\/v2\/users\/1"}],"replies":[{"embeddable":true,"href":"https:\/\/www.sitema.de\/pt-br\/wp-json\/wp\/v2\/comments?post=17088"}],"version-history":[{"count":3,"href":"https:\/\/www.sitema.de\/pt-br\/wp-json\/wp\/v2\/pages\/17088\/revisions"}],"predecessor-version":[{"id":29972,"href":"https:\/\/www.sitema.de\/pt-br\/wp-json\/wp\/v2\/pages\/17088\/revisions\/29972"}],"wp:featuredmedia":[{"embeddable":true,"href":"https:\/\/www.sitema.de\/pt-br\/wp-json\/wp\/v2\/media\/198625"}],"wp:attachment":[{"href":"https:\/\/www.sitema.de\/pt-br\/wp-json\/wp\/v2\/media?parent=17088"}],"curies":[{"name":"wp","href":"https:\/\/api.w.org\/{rel}","templated":true}]}}