{"id":10747,"date":"2024-03-28T10:21:01","date_gmt":"2024-03-28T09:21:01","guid":{"rendered":"https:\/\/www.sitema.de\/ficha-tecnica\/"},"modified":"2025-11-28T08:33:13","modified_gmt":"2025-11-28T07:33:13","slug":"ficha-tecnica","status":"publish","type":"page","link":"https:\/\/www.sitema.de\/pt-br\/ficha-tecnica\/","title":{"rendered":"Ficha t\u00e9cnica"},"content":{"rendered":"\n<section class=\"wp-block-group alignfull header-generic has-global-padding is-layout-constrained wp-block-group-is-layout-constrained\" id=\"header-generic\">\n<div class=\"wp-block-cover alignfull\" style=\"min-height:350px;aspect-ratio:unset;\"><img decoding=\"async\" class=\"wp-block-cover__image-background wp-image-801\" alt=\"\" src=\"https:\/\/www.sitema.de\/wp-content\/themes\/sitema\/assets\/images\/custom-header.jpg\" style=\"object-position:50% 50%\" data-object-fit=\"cover\" data-object-position=\"50% 50%\"\/><span aria-hidden=\"true\" class=\"wp-block-cover__background has-background-dim-30 has-background-dim wp-block-cover__gradient-background has-background-gradient\" style=\"background:linear-gradient(90deg,rgb(128,128,128) 0%,rgba(0,0,0,0) 100%)\"><\/span><div class=\"wp-block-cover__inner-container has-global-padding is-layout-constrained wp-block-cover-is-layout-constrained\">\n<h1 class=\"wp-block-heading has-text-align-left has-blue-20-color has-text-color has-title-h-1-font-size\">Ficha t\u00e9cnica<\/h1>\n<\/div><\/div>\n<\/section>\n\n\n\n<section id=\"block-content-image-gallery\" class=\"wp-block-group pattern__image-gallery has-white-background-color has-background has-global-padding is-layout-constrained wp-container-core-group-is-layout-8b30ac19 wp-block-group-is-layout-constrained\" style=\"padding-top:var(--wp--preset--spacing--5-rem);padding-right:var(--wp--preset--spacing--5-rem);padding-bottom:var(--wp--preset--spacing--5-rem);padding-left:var(--wp--preset--spacing--5-rem)\">\n<div class=\"wp-block-columns is-layout-flex wp-container-core-columns-is-layout-28f84493 wp-block-columns-is-layout-flex\">\n<div class=\"wp-block-column is-layout-flow wp-block-column-is-layout-flow\">\n<p><strong>SITEMA GmbH &amp; Co. KG<\/strong><br>G.-Braun-Stra\u00dfe 13<br>76187 Karlsruhe<br>Alemanha<\/p>\n\n\n\n<p>Telefone: +49 (0)721\/98 66 10<br>E-mail: info@sitema.de<\/p>\n\n\n\n<p>S\u00f3cio com responsabilidade ilimitada: SITEMA Verwaltung GmbH<br>Diretor executivo representante autorizado: Moritz Schmalenbach<\/p>\n\n\n\n<p>Registro comercial no Tribunal Distrital de Mannheim, n.\u00ba HRA 104781<br>N\u00famero de identifica\u00e7\u00e3o de IVA: DE813329376<\/p>\n<\/div>\n<\/div>\n<\/section>\n","protected":false},"excerpt":{"rendered":"<p>SITEMA GmbH &amp; Co. KGG.-Braun-Stra\u00dfe 1376187 KarlsruheAlemanha Telefone: +49 (0)721\/98 66 10E-mail: info@sitema.de S\u00f3cio com responsabilidade ilimitada: SITEMA Verwaltung GmbHDiretor executivo representante autorizado: Moritz Schmalenbach Registro comercial no Tribunal Distrital de Mannheim, n.\u00ba HRA 104781N\u00famero de identifica\u00e7\u00e3o de IVA: DE813329376<\/p>\n","protected":false},"author":1,"featured_media":0,"parent":0,"menu_order":0,"comment_status":"closed","ping_status":"closed","template":"","meta":{"_acf_changed":false,"_seopress_robots_primary_cat":"","_seopress_titles_title":"","_seopress_titles_desc":"","_seopress_robots_index":"","footnotes":""},"class_list":["post-10747","page","type-page","status-publish","hentry"],"acf":[],"_links":{"self":[{"href":"https:\/\/www.sitema.de\/pt-br\/wp-json\/wp\/v2\/pages\/10747","targetHints":{"allow":["GET"]}}],"collection":[{"href":"https:\/\/www.sitema.de\/pt-br\/wp-json\/wp\/v2\/pages"}],"about":[{"href":"https:\/\/www.sitema.de\/pt-br\/wp-json\/wp\/v2\/types\/page"}],"author":[{"embeddable":true,"href":"https:\/\/www.sitema.de\/pt-br\/wp-json\/wp\/v2\/users\/1"}],"replies":[{"embeddable":true,"href":"https:\/\/www.sitema.de\/pt-br\/wp-json\/wp\/v2\/comments?post=10747"}],"version-history":[{"count":2,"href":"https:\/\/www.sitema.de\/pt-br\/wp-json\/wp\/v2\/pages\/10747\/revisions"}],"predecessor-version":[{"id":192925,"href":"https:\/\/www.sitema.de\/pt-br\/wp-json\/wp\/v2\/pages\/10747\/revisions\/192925"}],"wp:attachment":[{"href":"https:\/\/www.sitema.de\/pt-br\/wp-json\/wp\/v2\/media?parent=10747"}],"curies":[{"name":"wp","href":"https:\/\/api.w.org\/{rel}","templated":true}]}}