{"id":10723,"date":"2024-03-11T16:21:06","date_gmt":"2024-03-11T15:21:06","guid":{"rendered":"https:\/\/www.sitema.de\/empresa\/siforce-technology\/"},"modified":"2025-01-22T13:54:21","modified_gmt":"2025-01-22T13:54:21","slug":"siforce-technology","status":"publish","type":"page","link":"https:\/\/www.sitema.de\/pt-br\/empresa\/siforce-technology\/","title":{"rendered":"SiForce Technology"},"content":{"rendered":"\n<section class=\"wp-block-group alignfull header-generic has-global-padding is-layout-constrained wp-block-group-is-layout-constrained\" id=\"header-generic\">\n<div class=\"wp-block-cover alignfull\" style=\"min-height:350px;aspect-ratio:unset;\"><span aria-hidden=\"true\" class=\"wp-block-cover__background has-background-dim-30 has-background-dim wp-block-cover__gradient-background has-background-gradient\" style=\"background:linear-gradient(90deg,rgb(128,128,128) 0%,rgba(0,0,0,0) 100%)\"><\/span><img decoding=\"async\" width=\"1180\" height=\"330\" class=\"wp-block-cover__image-background wp-image-9466\" alt=\"\" src=\"https:\/\/www.sitema.de\/wp-content\/uploads\/siforce-tec\/siforce.jpeg\" data-object-fit=\"cover\" srcset=\"https:\/\/www.sitema.de\/wp-content\/uploads\/siforce-tec\/siforce.jpeg 1180w, https:\/\/www.sitema.de\/wp-content\/uploads\/siforce-tec\/siforce-300x84.jpeg 300w, https:\/\/www.sitema.de\/wp-content\/uploads\/siforce-tec\/siforce-1024x286.jpeg 1024w, https:\/\/www.sitema.de\/wp-content\/uploads\/siforce-tec\/siforce-768x215.jpeg 768w\" sizes=\"(max-width: 1180px) 100vw, 1180px\" \/><div class=\"wp-block-cover__inner-container has-global-padding is-layout-constrained wp-block-cover-is-layout-constrained\">\n<h1 class=\"wp-block-heading has-text-align-left has-blue-20-color has-text-color has-title-h-1-font-size\">UMA BOA DOSE DE<\/h1>\n\n\n\n<h2 class=\"wp-block-heading has-text-align-left has-blue-20-color has-text-color has-headline-h-2-font-size\">SEGURAN\u00c7A<\/h2>\n<\/div><\/div>\n<\/section>\n\n\n\n<div class=\"wp-block-group siforce-text-block box-shadow is-style-overlap border-radius-4 has-global-padding is-layout-constrained wp-block-group-is-layout-constrained\" style=\"margin-bottom:var(--wp--preset--spacing--5-rem)\">\n<div class=\"wp-block-media-text is-stacked-on-mobile has-background\" style=\"background-color:#f1f1f1;margin-top:0;margin-bottom:0;padding-top:0;padding-bottom:0\"><figure class=\"wp-block-media-text__media\"><img decoding=\"async\" width=\"648\" height=\"350\" src=\"https:\/\/www.sitema.de\/wp-content\/uploads\/siforce-tec\/product-extra-1.jpg\" alt=\"\" class=\"wp-image-13248 size-full\"\/><\/figure><div class=\"wp-block-media-text__content\">\n<h3 class=\"wp-block-heading\" style=\"margin-top:var(--wp--preset--spacing--4-rem)\">Uma marca forte para uma tecnologia \u00fanica<\/h3>\n\n\n\n<p style=\"margin-bottom:var(--wp--preset--spacing--3-rem)\">A tecnologia da fixa\u00e7\u00e3o autorrefor\u00e7ada mundialmente comprovada imprimiu sua marca. Esse reconhecimento nos permite garantir transpar\u00eancia no mercado de cabe\u00e7otes de fixa\u00e7\u00e3o e freios lineares. A SiForce Technology n\u00e3o est\u00e1 vinculada apenas \u00e0 seguran\u00e7a, mas tamb\u00e9m com o princ\u00edpio da for\u00e7a de autorrefor\u00e7o ou &#8220;Self Intensifying Force&#8221;.  <\/p>\n\n\n\n<p class=\"has-orange-50-color has-text-color\"><strong>Uma boa dose de seguran\u00e7a para pessoas e m\u00e1quinas<\/strong><\/p>\n\n\n\n<p style=\"margin-bottom:var(--wp--preset--spacing--4-rem)\">O principal campo de aplica\u00e7\u00e3o da fixa\u00e7\u00e3o autorrefor\u00e7ada, que \u00e9 utilizada em todo o mundo para garantir a m\u00e1xima seguran\u00e7a de m\u00e1quinas e, acima de tudo, das pessoas, \u00e9 a fixa\u00e7\u00e3o de grandes for\u00e7as e cargas axiais. Nossa prioridade n\u00e3o \u00e9 apenas a seguran\u00e7a absoluta, mas tamb\u00e9m a qualidade, que permite aumentar a vida \u00fatil dos cabe\u00e7otes de fixa\u00e7\u00e3o.  <\/p>\n<\/div><\/div>\n\n\n\n<div class=\"wp-block-media-text has-media-on-the-right is-stacked-on-mobile has-background\" style=\"background-color:#14abe0;margin-top:0;margin-bottom:0\"><div class=\"wp-block-media-text__content\">\n<h3 class=\"wp-block-heading\" style=\"margin-top:var(--wp--preset--spacing--4-rem)\">Resumo das vantagens<\/h3>\n\n\n\n<ul class=\"wp-block-list\">\n<li>N\u00e3o \u00e9 poss\u00edvel uma libera\u00e7\u00e3o quando estiver sob carga, portanto, \u00e9 seguro contra libera\u00e7\u00e3o n\u00e3o intencional.<\/li>\n\n\n\n<li>Enquanto o sistema de fixa\u00e7\u00e3o fechado estiver descarregado (estado seguro), basta aplicar press\u00e3o para liber\u00e1-lo (sem a necessidade de levantar a carga).<\/li>\n\n\n\n<li>A libera\u00e7\u00e3o do cabe\u00e7ote de fixa\u00e7\u00e3o carregado (por exemplo, ap\u00f3s uma parada de emerg\u00eancia) somente \u00e9 poss\u00edvel quando ele estiver sem carga. Isso garante a transfer\u00eancia autom\u00e1tica segura da carga por outro sistema (por ex., acionamento). Um simples levantamento da carga \u00e9 suficiente para alivi\u00e1-la, sem que seja necess\u00e1ria qualquer for\u00e7a adicional (nenhum &#8220;movimento de libera\u00e7\u00e3o&#8221;). <\/li>\n\n\n\n<li>Tudo isso tamb\u00e9m garante uma libera\u00e7\u00e3o autom\u00e1tica suave ao utilizar em um cilindro.<\/li>\n\n\n\n<li>Mesmo quando a fixa\u00e7\u00e3o estiver fechada, ela ainda poder\u00e1 ser deslocada para cima, por ex., para soltar uma pessoa presa.<\/li>\n\n\n\n<li>O sistema de fixa\u00e7\u00e3o somente \u00e9 carregado quando for realmente necess\u00e1rio.<\/li>\n\n\n\n<li>Isso significa uma longa vida \u00fatil (valores B<sub>10D<\/sub> de at\u00e9 6 milh\u00f5es).<\/li>\n\n\n\n<li>Fator de seguran\u00e7a> 2 inclu\u00eddo.<\/li>\n\n\n\n<li>Cargas de at\u00e9 220 kN tamb\u00e9m podem ser fixadas pneumaticamente.<\/li>\n<\/ul>\n\n\n\n<p class=\"has-orange-50-color has-text-color has-link-color wp-elements-25057a092c93c19739623ed02c1c4e1e\" style=\"margin-bottom:var(--wp--preset--spacing--4-rem)\"><strong>Explica\u00e7\u00f5es sobre cada um destes pontos podem ser encontradas mais adiante nesta p\u00e1gina.<\/strong><\/p>\n<\/div><figure class=\"wp-block-media-text__media\"><img decoding=\"async\" width=\"800\" height=\"640\" src=\"https:\/\/www.sitema.de\/wp-content\/uploads\/siforce-tec\/siforce-2-2.jpg\" alt=\"\" class=\"wp-image-13875 size-full\"\/><\/figure><\/div>\n\n\n\n<div class=\"wp-block-media-text is-stacked-on-mobile has-background\" style=\"background-color:#e1e6ea;margin-top:0;margin-bottom:0\"><figure class=\"wp-block-media-text__media\"><img decoding=\"async\" width=\"767\" height=\"511\" src=\"https:\/\/www.sitema.de\/wp-content\/uploads\/siforce-tec\/Bild-1-port.png\" alt=\"\" class=\"wp-image-17275 size-full\"\/><\/figure><div class=\"wp-block-media-text__content\">\n<h3 class=\"wp-block-heading\" style=\"margin-top:var(--wp--preset--spacing--4-rem)\">Longa vida \u00fatil<\/h3>\n\n\n\n<p style=\"margin-bottom:var(--wp--preset--spacing--4-rem)\">Nos cabe\u00e7otes de fixa\u00e7\u00e3o acionados por mola sem SiForce Technology, a for\u00e7a de reten\u00e7\u00e3o \u00e9 gerada por molas de disco ou helicoidais que pressionam o sistema de fixa\u00e7\u00e3o na barra de fixa\u00e7\u00e3o. Esta for\u00e7a \u00e9 sempre a mesma e depende exclusivamente das molas. Desta forma, cada vez que a fixa\u00e7\u00e3o \u00e9 ativada, toda a for\u00e7a de reten\u00e7\u00e3o \u00e9 aplicada e, portanto, o desgaste \u00e9 maior.  <br><br>Nas fixa\u00e7\u00f5es autorrefor\u00e7adas com SiForce Technology, tamb\u00e9m s\u00e3o utilizadas molas. No entanto, elas possuem uma for\u00e7a muito menor em compara\u00e7\u00e3o com a for\u00e7a de reten\u00e7\u00e3o e servem apenas para posicionar corretamente o sistema de fixa\u00e7\u00e3o de forma segura. Elas n\u00e3o interv\u00eam na gera\u00e7\u00e3o da for\u00e7a de reten\u00e7\u00e3o. Deste modo, o sistema de fixa\u00e7\u00e3o quase n\u00e3o \u00e9 carregado quando \u00e9 simplesmente fixado e, quando a carga \u00e9 aplicada, ele \u00e9 carregado apenas com a for\u00e7a do peso. Portanto, os cabe\u00e7otes de fixa\u00e7\u00e3o com SiForce Technology alcan\u00e7am uma vida \u00fatil significativamente mais longa do que as fixa\u00e7\u00f5es acionadas por mola sem essa tecnologia.     <\/p>\n<\/div><\/div>\n\n\n\n<div class=\"wp-block-media-text has-media-on-the-right is-stacked-on-mobile has-background\" style=\"background-color:#e1e6ea;margin-top:0;margin-bottom:0\"><div class=\"wp-block-media-text__content\">\n<h3 class=\"wp-block-heading\" style=\"margin-top:var(--wp--preset--spacing--4-rem)\">Forma construtiva compacta<\/h3>\n\n\n\n<p style=\"margin-bottom:var(--wp--preset--spacing--4-rem)\">Como n\u00e3o h\u00e1 necessidade de grandes conjuntos de molas, os cabe\u00e7otes de fixa\u00e7\u00e3o com SiForce Technology s\u00e3o muito compactos. Um exemplo: para fixar uma carga de 6 toneladas com fator de seguran\u00e7a &gt; 2, uma unidade convencional acionada por mola sem SiForce Technology \u00e9 constru\u00edda com um di\u00e2metro de aprox. 220 mm e um comprimento de aprox. 315 mm. Em compara\u00e7\u00e3o, o cabe\u00e7ote de fixa\u00e7\u00e3o SiForce (por ex., prote\u00e7\u00e3o antiqueda KR 56 da SITEMA) \u00e9 significativamente menor: apenas 140 mm de di\u00e2metro e um comprimento de 262 mm! <\/p>\n<\/div><figure class=\"wp-block-media-text__media\"><img decoding=\"async\" width=\"767\" height=\"511\" src=\"https:\/\/www.sitema.de\/wp-content\/uploads\/siforce-tec\/Bild-2-port.png\" alt=\"\" class=\"wp-image-17286 size-full\"\/><\/figure><\/div>\n\n\n\n<div class=\"wp-block-media-text is-stacked-on-mobile has-background\" style=\"background-color:#e1e6ea;margin-top:0;margin-bottom:0\"><figure class=\"wp-block-media-text__media\"><img decoding=\"async\" width=\"660\" height=\"418\" src=\"https:\/\/www.sitema.de\/wp-content\/uploads\/siforce-tec\/siforce-5.jpg\" alt=\"\" class=\"wp-image-9363 size-full\" srcset=\"https:\/\/www.sitema.de\/wp-content\/uploads\/siforce-tec\/siforce-5.jpg 660w, https:\/\/www.sitema.de\/wp-content\/uploads\/siforce-tec\/siforce-5-300x190.jpg 300w\" sizes=\"(max-width: 660px) 100vw, 660px\" \/><\/figure><div class=\"wp-block-media-text__content\">\n<h3 class=\"wp-block-heading\" style=\"margin-top:var(--wp--preset--spacing--4-rem)\">Forte como elefante tamb\u00e9m na vers\u00e3o pneum\u00e1tica<\/h3>\n\n\n\n<p style=\"margin-bottom:var(--wp--preset--spacing--4-rem)\">Para abrir e manter aberto um freio linear acionado por mola sem SiForce Technology, a for\u00e7a da mola total deve ser sempre excedida, o que significa que este princ\u00edpio de funcionamento limita o controle pneum\u00e1tico para for\u00e7as de reten\u00e7\u00e3o relativamente baixas. <br><br>Com a SiForce Technology, a press\u00e3o de libera\u00e7\u00e3o deve somente exceder o peso relativamente baixo do sistema de fixa\u00e7\u00e3o c\u00f4nico ou em forma de cunha e a for\u00e7a muito baixa das molas que posicionam o sistema de fixa\u00e7\u00e3o. Desta forma, as prote\u00e7\u00f5es antiqueda da SITEMA com tecnologia SiForce s\u00e3o capazes de fixar cargas de at\u00e9 22 toneladas de forma totalmente pneum\u00e1tica. <\/p>\n<\/div><\/div>\n\n\n\n<div class=\"wp-block-media-text has-media-on-the-right is-stacked-on-mobile has-background\" style=\"background-color:#e1e6ea;margin-top:0;margin-bottom:0\"><div class=\"wp-block-media-text__content\">\n<h3 class=\"wp-block-heading\" style=\"margin-top:var(--wp--preset--spacing--4-rem)\">Fator de seguran\u00e7a<\/h3>\n\n\n\n<p>Nossos cabe\u00e7otes de fixa\u00e7\u00e3o da SITEMA aprovados com SiForce Technology (prote\u00e7\u00f5es antiqueda e freios de seguran\u00e7a) t\u00eam uma carga permitida. A este respeito, a homologa\u00e7\u00e3o da DGUV exige uma for\u00e7a de reten\u00e7\u00e3o m\u00ednima garantida do Fator 2, o que significa que o sistema deve ser capaz de resistir ao dobro da carga nominal.<\/p>\n\n\n\n<p style=\"margin-bottom:var(--wp--preset--spacing--4-rem)\">Os padr\u00f5es internos da SITEMA exigem um fator de seguran\u00e7a ainda maior. Assim, por exemplo, uma prote\u00e7\u00e3o antiqueda KR 40 ou KRP 40 da SITEMA com SiForce Technology tem uma for\u00e7a de reten\u00e7\u00e3o real superior a 10 toneladas com uma carga nominal de 3,3 toneladas! <\/p>\n<\/div><figure class=\"wp-block-media-text__media\"><img decoding=\"async\" width=\"767\" height=\"489\" src=\"https:\/\/www.sitema.de\/wp-content\/uploads\/siforce-tec\/Bild-3-port.png\" alt=\"\" class=\"wp-image-17297 size-full\"\/><\/figure><\/div>\n\n\n\n<div class=\"wp-block-media-text is-stacked-on-mobile has-background\" style=\"background-color:#14abe0;margin-top:0;margin-bottom:0\"><figure class=\"wp-block-media-text__media\"><img decoding=\"async\" width=\"660\" height=\"508\" src=\"https:\/\/www.sitema.de\/wp-content\/uploads\/siforce-tec\/siforce-7.jpg\" alt=\"\" class=\"wp-image-9341 size-full\" srcset=\"https:\/\/www.sitema.de\/wp-content\/uploads\/siforce-tec\/siforce-7.jpg 660w, https:\/\/www.sitema.de\/wp-content\/uploads\/siforce-tec\/siforce-7-300x231.jpg 300w\" sizes=\"(max-width: 660px) 100vw, 660px\" \/><\/figure><div class=\"wp-block-media-text__content\">\n<h3 class=\"wp-block-heading\" style=\"margin-top:var(--wp--preset--spacing--4-rem)\">Resgate de pessoas<\/h3>\n\n\n\n<p style=\"margin-bottom:var(--wp--preset--spacing--4-rem)\">Assim como muitas m\u00e1quinas nas quais est\u00e3o instalados freios lineares, muitos cabe\u00e7otes de fixa\u00e7\u00e3o utilizam press\u00e3o hidr\u00e1ulica ou pneum\u00e1tica para permanecer abertos. Se houver queda de press\u00e3o neste sistema, a fixa\u00e7\u00e3o \u00e9 fechada. Se isso ocorrer devido a um mau funcionamento, a carga suportada por cabe\u00e7otes de fixa\u00e7\u00e3o acionados por mola sem SiForce Technology somente pode ser movida contra sua for\u00e7a de reten\u00e7\u00e3o total, o que muitas vezes n\u00e3o \u00e9 poss\u00edvel.  <br><br>Por outro lado, nos cabe\u00e7otes de fixa\u00e7\u00e3o com SiForce Technology, o eixo sempre pode ser movido contra a dire\u00e7\u00e3o da carga, mesmo em um estado despressurizado, ou seja, fechado. Assim, em caso de d\u00favida, as pessoas presas podem ser liberadas mais r\u00e1pida e facilmente, o que no final pode salvar vidas. <\/p>\n<\/div><\/div>\n\n\n\n<div class=\"wp-block-media-text has-media-on-the-right is-stacked-on-mobile has-background\" style=\"background-color:#e1e6ea;margin-top:0;margin-bottom:0\"><div class=\"wp-block-media-text__content\">\n<h3 class=\"wp-block-heading\" style=\"margin-top:var(--wp--preset--spacing--4-rem)\">Funcionamento<\/h3>\n\n\n\n<p>Um sistema de fixa\u00e7\u00e3o autorrefor\u00e7ado n\u00e3o obt\u00e9m sua for\u00e7a das molas, mas usa a energia de uma massa em queda para sua pr\u00f3pria fixa\u00e7\u00e3o. Em aplica\u00e7\u00f5es horizontais, ele usa a for\u00e7a do acionamento para ser fixado. O cabe\u00e7ote de fixa\u00e7\u00e3o SiForce \u00e9 mantido aberto por press\u00e3o hidr\u00e1ulica ou pneum\u00e1tica. Para fechar a fixa\u00e7\u00e3o, ele \u00e9 despressurizado.   <br>Ao fixar uma carga, ela \u00e9 parada em opera\u00e7\u00e3o normal pelo acionamento da m\u00e1quina e tamb\u00e9m fixada pelo cabe\u00e7ote de fixa\u00e7\u00e3o.<br>Para fixar a carga, o sistema de fixa\u00e7\u00e3o primeiro se apoia apenas na barra, sem gerar uma for\u00e7a de reten\u00e7\u00e3o. Neste estado, a carga j\u00e1 est\u00e1 fixada, o que o cabe\u00e7ote de fixa\u00e7\u00e3o indica atrav\u00e9s de um sinal correspondente. Neste caso, \u00e9 poss\u00edvel liberar a fixa\u00e7\u00e3o simplesmente aplicando press\u00e3o.  <\/p>\n\n\n\n<p>Maior for\u00e7a de reten\u00e7\u00e3o<\/p>\n\n\n\n<p style=\"margin-bottom:var(--wp--preset--spacing--4-rem)\">Se o freio de servi\u00e7o ou o acionamento falhar, ou seja, se a carga descer apesar de estar segura e fixa, o sistema de fixa\u00e7\u00e3o se contrai e gera uma for\u00e7a de reten\u00e7\u00e3o autorrefor\u00e7ada muito elevada. Aplica-se o seguinte: quanto maior for a for\u00e7a axial, mais bem fixada estar\u00e1 a fixa\u00e7\u00e3o e maior ser\u00e1 a for\u00e7a de reten\u00e7\u00e3o. <\/p>\n<\/div><figure class=\"wp-block-media-text__media\"><img decoding=\"async\" width=\"533\" height=\"260\" src=\"https:\/\/www.sitema.de\/wp-content\/uploads\/grafiken-animationen\/siforce-8.png\" alt=\"\" class=\"wp-image-13860 size-full\"\/><\/figure><\/div>\n\n\n\n<div class=\"wp-block-media-text is-stacked-on-mobile has-background\" style=\"background-color:#e1e6ea;margin-top:0;margin-bottom:0\"><figure class=\"wp-block-media-text__media\"><img decoding=\"async\" width=\"660\" height=\"508\" src=\"https:\/\/www.sitema.de\/wp-content\/uploads\/siforce-tec\/siforce-9.jpg\" alt=\"\" class=\"wp-image-9319 size-full\" srcset=\"https:\/\/www.sitema.de\/wp-content\/uploads\/siforce-tec\/siforce-9.jpg 660w, https:\/\/www.sitema.de\/wp-content\/uploads\/siforce-tec\/siforce-9-300x231.jpg 300w\" sizes=\"(max-width: 660px) 100vw, 660px\" \/><\/figure><div class=\"wp-block-media-text__content\">\n<h3 class=\"wp-block-heading\" style=\"margin-top:var(--wp--preset--spacing--4-rem)\">Seguran\u00e7a absoluta contra falhas<\/h3>\n\n\n\n<p style=\"margin-bottom:var(--wp--preset--spacing--4-rem)\">Enquanto um freio linear acionado por mola sem a SiForce Technology sempre pode ser aberto devido a uma falha ou opera\u00e7\u00e3o incorreta mesmo sob carga, com a SiForce Technology, a carga deve primeiro ser transferida com seguran\u00e7a para outro local. Somente (e exclusivamente) neste caso, a fixa\u00e7\u00e3o poder\u00e1 ser aliviada ap\u00f3s a transfer\u00eancia de carga antes de ser aberta. Normalmente, somente \u00e9 poss\u00edvel aliviar a fixa\u00e7\u00e3o, ou seja, levantar a carga, se houver algum elemento dispon\u00edvel que receba a carga, por ex., o acionamento intacto da m\u00e1quina. Desta forma, a SiForce Technology garante automaticamente que \u00e9 seguro liberar a fixa\u00e7\u00e3o, pois a carga deve ser suspendida por outros meios para essa finalidade. Informa\u00e7\u00e3o importante: se o cabe\u00e7ote de fixa\u00e7\u00e3o &#8220;apenas&#8221; fixou a carga com SiForce Technology, mas ainda n\u00e3o a recebeu, ele poder\u00e1 ser aberto simplesmente aplicando press\u00e3o, assim como um freio linear acionado por mola.    <\/p>\n<\/div><\/div>\n\n\n\n<div class=\"wp-block-media-text has-media-on-the-right is-stacked-on-mobile has-background\" style=\"background-color:#f1f1f1;margin-top:0;margin-bottom:0\"><div class=\"wp-block-media-text__content\">\n<h3 class=\"wp-block-heading\" style=\"margin-top:var(--wp--preset--spacing--4-rem)\">N\u00e3o h\u00e1 necessidade de &#8220;desbloqueio&#8221;<\/h3>\n\n\n\n<p>No setor circula o mito de que os sistemas de fixa\u00e7\u00e3o autorrefor\u00e7ados sempre devem ser &#8220;desbloqueados&#8221;, o que constitui uma desvantagem. No entanto, isso n\u00e3o \u00e9 verdade. N\u00e3o h\u00e1 necessidade de &#8220;desbloquear&#8221;, nem pode ser considerada uma desvantagem a prote\u00e7\u00e3o contra libera\u00e7\u00e3o n\u00e3o intencional como parte de uma an\u00e1lise de seguran\u00e7a.  <\/p>\n\n\n\n<p class=\"has-orange-50-color has-text-color has-link-color wp-elements-93319d7909a0d04bc235f0275b9022d4\" style=\"margin-bottom:var(--wp--preset--spacing--4-rem)\"><strong>Portanto, ao usar um freio linear, sempre procure o logotipo da SiForce para garantir a m\u00e1xima prote\u00e7\u00e3o para os operadores de seu sistema.<\/strong><\/p>\n<\/div><figure class=\"wp-block-media-text__media\"><img decoding=\"async\" width=\"660\" height=\"409\" src=\"https:\/\/www.sitema.de\/wp-content\/uploads\/icons-symbole-banner\/siforce-10.jpg\" alt=\"\" class=\"wp-image-9308 size-full\" srcset=\"https:\/\/www.sitema.de\/wp-content\/uploads\/icons-symbole-banner\/siforce-10.jpg 660w, https:\/\/www.sitema.de\/wp-content\/uploads\/icons-symbole-banner\/siforce-10-300x186.jpg 300w\" sizes=\"(max-width: 660px) 100vw, 660px\" \/><\/figure><\/div>\n<\/div>\n","protected":false},"excerpt":{"rendered":"<p>Uma marca forte para uma tecnologia \u00fanica A tecnologia da fixa\u00e7\u00e3o autorrefor\u00e7ada mundialmente comprovada imprimiu sua marca. Esse reconhecimento nos permite garantir transpar\u00eancia no mercado de cabe\u00e7otes de fixa\u00e7\u00e3o e freios lineares. A SiForce Technology n\u00e3o est\u00e1 vinculada apenas \u00e0 seguran\u00e7a, mas tamb\u00e9m com o princ\u00edpio da for\u00e7a de autorrefor\u00e7o ou &#8220;Self Intensifying Force&#8221;. Uma [&hellip;]<\/p>\n","protected":false},"author":1,"featured_media":0,"parent":10409,"menu_order":0,"comment_status":"closed","ping_status":"closed","template":"","meta":{"_acf_changed":false,"_seopress_robots_primary_cat":"","_seopress_titles_title":"SiForce Technology - %%sitetitle%%","_seopress_titles_desc":"Conhe\u00e7a a SiForce Technology, uma marca l\u00edder em tecnologia de fixa\u00e7\u00e3o. Nossos produtos garantem a m\u00e1xima seguran\u00e7a para o homem e a m\u00e1quina e oferecem benef\u00edcios como preven\u00e7\u00e3o de acidentes, libera\u00e7\u00e3o autom\u00e1tica segura e uma longa vida \u00fatil.","_seopress_robots_index":"","footnotes":""},"class_list":["post-10723","page","type-page","status-publish","hentry"],"acf":[],"_links":{"self":[{"href":"https:\/\/www.sitema.de\/pt-br\/wp-json\/wp\/v2\/pages\/10723","targetHints":{"allow":["GET"]}}],"collection":[{"href":"https:\/\/www.sitema.de\/pt-br\/wp-json\/wp\/v2\/pages"}],"about":[{"href":"https:\/\/www.sitema.de\/pt-br\/wp-json\/wp\/v2\/types\/page"}],"author":[{"embeddable":true,"href":"https:\/\/www.sitema.de\/pt-br\/wp-json\/wp\/v2\/users\/1"}],"replies":[{"embeddable":true,"href":"https:\/\/www.sitema.de\/pt-br\/wp-json\/wp\/v2\/comments?post=10723"}],"version-history":[{"count":5,"href":"https:\/\/www.sitema.de\/pt-br\/wp-json\/wp\/v2\/pages\/10723\/revisions"}],"predecessor-version":[{"id":66762,"href":"https:\/\/www.sitema.de\/pt-br\/wp-json\/wp\/v2\/pages\/10723\/revisions\/66762"}],"up":[{"embeddable":true,"href":"https:\/\/www.sitema.de\/pt-br\/wp-json\/wp\/v2\/pages\/10409"}],"wp:attachment":[{"href":"https:\/\/www.sitema.de\/pt-br\/wp-json\/wp\/v2\/media?parent=10723"}],"curies":[{"name":"wp","href":"https:\/\/api.w.org\/{rel}","templated":true}]}}