{"id":10431,"date":"2024-02-08T11:45:12","date_gmt":"2024-02-08T10:45:12","guid":{"rendered":"https:\/\/www.sitema.de\/empresa\/historia\/"},"modified":"2024-12-11T08:21:21","modified_gmt":"2024-12-11T08:21:21","slug":"historia","status":"publish","type":"page","link":"https:\/\/www.sitema.de\/pt-br\/empresa\/historia\/","title":{"rendered":"Hist\u00f3ria"},"content":{"rendered":"\n<section class=\"wp-block-group alignfull header-generic has-global-padding is-layout-constrained wp-block-group-is-layout-constrained\" id=\"header-generic\">\n<div class=\"wp-block-cover alignfull\" style=\"min-height:350px;aspect-ratio:unset;\"><span aria-hidden=\"true\" class=\"wp-block-cover__background has-background-dim-30 has-background-dim wp-block-cover__gradient-background has-background-gradient\" style=\"background:linear-gradient(90deg,rgb(128,128,128) 0%,rgba(0,0,0,0) 100%)\"><\/span><img decoding=\"async\" width=\"1180\" height=\"330\" class=\"wp-block-cover__image-background wp-image-7551\" alt=\"banner historie\" src=\"https:\/\/www.sitema.de\/wp-content\/uploads\/icons-symbole-banner\/banner-historie.jpg\" data-object-fit=\"cover\" srcset=\"https:\/\/www.sitema.de\/wp-content\/uploads\/icons-symbole-banner\/banner-historie.jpg 1180w, https:\/\/www.sitema.de\/wp-content\/uploads\/icons-symbole-banner\/banner-historie-300x84.jpg 300w, https:\/\/www.sitema.de\/wp-content\/uploads\/icons-symbole-banner\/banner-historie-1024x286.jpg 1024w, https:\/\/www.sitema.de\/wp-content\/uploads\/icons-symbole-banner\/banner-historie-768x215.jpg 768w\" sizes=\"(max-width: 1180px) 100vw, 1180px\" \/><div class=\"wp-block-cover__inner-container has-global-padding is-layout-constrained wp-block-cover-is-layout-constrained\">\n<h1 class=\"wp-block-heading has-text-align-left has-blue-20-color has-text-color has-title-h-1-font-size\">A HIST\u00d3RIA<\/h1>\n\n\n\n<h2 class=\"wp-block-heading has-text-align-left has-blue-20-color has-text-color has-headline-h-2-font-size\">DO CABE\u00c7OTE DE FIXA\u00c7\u00c3O<\/h2>\n<\/div><\/div>\n<\/section>\n\n\n\n<div class=\"wp-block-group is-style-overlap border-radius-4 has-global-padding is-layout-constrained wp-block-group-is-layout-constrained\">\n<div class=\"wp-block-media-text is-stacked-on-mobile is-image-fill-element has-white-background-color has-background\" style=\"margin-top:0;margin-bottom:0\"><figure class=\"wp-block-media-text__media\"><img decoding=\"async\" src=\"https:\/\/www.sitema.de\/wp-content\/themes\/sitema\/assets\/images\/historie-1.jpg\" alt=\"\" class=\"wp-image-5561 size-full\" style=\"object-position:50% 50%\"\/><\/figure><div class=\"wp-block-media-text__content\">\n<h3 class=\"wp-block-heading\">1979 &#8211; In\u00edcio<\/h3>\n\n\n\n<h5 class=\"wp-block-heading has-orange-50-color has-text-color has-headline-h-5-font-size\">Melhorar a seguran\u00e7a<\/h5>\n\n\n\n<p style=\"margin-bottom:var(--wp--preset--spacing--3-rem)\">A hist\u00f3ria do cabe\u00e7ote de fixa\u00e7\u00e3o est\u00e1 estreitamente ligada a duas pessoas: Dr. Erich Schmalenbach e Adolf Rastetter.<br>Tudo come\u00e7ou em 1979. Naquela \u00e9poca, Adolf Rastetter trabalhava como aut\u00f4nomo, fazendo trabalhos de manuten\u00e7\u00e3o em elevadores hidr\u00e1ulicos. Abalado por um tr\u00e1gico acidente ocorrido nos Estados Unidos, ele decidiu melhorar a seguran\u00e7a dos elevadores hidr\u00e1ulicos. <br><br>At\u00e9 ent\u00e3o, a carga ficava sobre a coluna de \u00f3leo de um cilindro hidr\u00e1ulico localizado diretamente abaixo da cabine e que a movia para cima. O elevador caiu devido a uma ruptura dos cabos ou falha das v\u00e1lvulas.   O Sr. Rastetter imaginou que, se conseguisse conduzir as elevadas for\u00e7as exercidas pelo peso da cabine do elevador para a carca\u00e7a do cilindro hidr\u00e1ulico, o elevador poderia ficar apoiado sobre a carca\u00e7a est\u00e1vel e, assim, estaria protegido contra uma queda.<\/p>\n<\/div><\/div>\n\n\n\n<div class=\"wp-block-media-text has-media-on-the-right is-stacked-on-mobile is-image-fill-element has-white-background-color has-background\" style=\"margin-top:0;margin-bottom:0\"><div class=\"wp-block-media-text__content\">\n<h5 class=\"wp-block-heading has-orange-50-color has-text-color has-headline-h-5-font-size\">A trava de seguran\u00e7a do pist\u00e3o<\/h5>\n\n\n\n<p>Ao procurar por uma solu\u00e7\u00e3o, ele teve uma ideia brilhante: da mesma forma que um lutador usa a energia e o pr\u00f3prio peso do oponente, a energia da massa a ser fixada deve ser usada para gerar as for\u00e7as necess\u00e1rias. Um sistema de fixa\u00e7\u00e3o autorrefor\u00e7ado, que \u00e9 retido pelo engate por fric\u00e7\u00e3o na barra do pist\u00e3o do cilindro, fixa a carga pressionando o sistema de fixa\u00e7\u00e3o que, desta forma, se contrai. Com isso, a for\u00e7a de reten\u00e7\u00e3o na barra aumentaria \u00e0 medida que a energia da carga do elevador aumentasse.  <br><\/p>\n\n\n\n<p>ele conseguiu, com base neste princ\u00edpio, construir os primeiros prot\u00f3tipos e apresent\u00e1-los \u00e0 T\u00dcV, que \u00e9 a respons\u00e1vel pela seguran\u00e7a dos elevadores. Os testes de aceita\u00e7\u00e3o necess\u00e1rios foram aprovados com sucesso. <br>Estas foram as primeiras &#8220;travas de seguran\u00e7a do pist\u00e3o&#8221;, como ainda s\u00e3o denominadas na terminologia da ind\u00fastria de elevadores.<br><\/p>\n<\/div><figure class=\"wp-block-media-text__media\"><img decoding=\"async\" src=\"https:\/\/www.sitema.de\/wp-content\/themes\/sitema\/assets\/images\/historie-2.jpg\" alt=\"\" class=\"wp-image-5572 size-full\" style=\"object-position:50% 50%\"\/><\/figure><\/div>\n\n\n\n<div class=\"wp-block-media-text is-stacked-on-mobile is-image-fill-element has-white-background-color has-background\" style=\"margin-top:0;margin-bottom:0\"><figure class=\"wp-block-media-text__media\"><img decoding=\"async\" src=\"https:\/\/www.sitema.de\/wp-content\/themes\/sitema\/assets\/images\/historie-3.jpg\" alt=\"\" class=\"wp-image-5617 size-full\" style=\"object-position:50% 50%\"\/><\/figure><div class=\"wp-block-media-text__content\">\n<h5 class=\"wp-block-heading has-orange-50-color has-text-color has-headline-h-5-font-size\">O cabe\u00e7ote de fixa\u00e7\u00e3o e o nascimento da SITEMA<\/h5>\n\n\n\n<p>E este foi o primeiro passo. No entanto, para que a tecnologia tivesse sucesso comercial e uma empresa de sucesso pudesse ser constru\u00edda, outros passos deveriam ser dados: a busca por outros campos de aplica\u00e7\u00e3o promissores, a estrutura\u00e7\u00e3o sistem\u00e1tica de uma gama abrangente de produtos, a elabora\u00e7\u00e3o de princ\u00edpios te\u00f3ricos, a organiza\u00e7\u00e3o da produ\u00e7\u00e3o e muito mais. <br>Adolf Rastetter finalmente encontrou no Dr. Erich Schmalenbach o parceiro ideal para seguir em frente. Sua experi\u00eancia nas \u00e1reas de constru\u00e7\u00e3o e desenvolvimento permitiu a Erich Schmalenbach colocar essas e outras ideias no papel e tamb\u00e9m em pr\u00e1tica. Para ele, era importante idealizar um conceito de marketing e de um nome para o produto mais atraente que se adequasse a todas as aplica\u00e7\u00f5es. Foi assim que nasceu o &#8220;cabe\u00e7ote de fixa\u00e7\u00e3o&#8221; como um termo gen\u00e9rico para as travas de seguran\u00e7a do pist\u00e3o, prote\u00e7\u00f5es antiqueda, dispositivos de reten\u00e7\u00e3o de seguran\u00e7a e muito mais. O nome da empresa fundada por eles tamb\u00e9m diz tudo: SITEMA significa SIcherheitsTEchnik im MAschinenbau (em portugu\u00eas: tecnologia de seguran\u00e7a em engenharia mec\u00e2nica).    <\/p>\n\n\n\n<h5 class=\"wp-block-heading has-orange-50-color has-text-color has-headline-h-5-font-size\">Em busca de um mercado<\/h5>\n\n\n\n<p style=\"margin-bottom:var(--wp--preset--spacing--3-rem)\">Apesar das boas ideias e da tecnologia funcional, o sucesso foi limitado no in\u00edcio. Os fabricantes de elevadores obviamente procuraram n\u00e3o depender da SITEMA e, desde ent\u00e3o, t\u00eam implementado muitas outras medidas de seguran\u00e7a que, de um ponto de vista objetivo, tamb\u00e9m garantem em conjunto um n\u00edvel suficientemente elevado de seguran\u00e7a contra acidentes causados por avarias do dispositivo de eleva\u00e7\u00e3o hidr\u00e1ulico. <br>Por este motivo, as &#8220;travas de seguran\u00e7a do pist\u00e3o&#8221; n\u00e3o se tornaram um neg\u00f3cio &#8220;vi\u00e1vel&#8221; para a SITEMA e, com exce\u00e7\u00e3o de projetos individuais, continuaram sendo um produto de nicho.<br>Assim, por exemplo, um elevador hidr\u00e1ulico no Bundeshaus (complexo de edif\u00edcios que serviu como Parlamento Provis\u00f3rio da Alemanha Ocidental) em Bonn foi equipado com uma trava de seguran\u00e7a do pist\u00e3o. Neste caso, pretendia-se que o elevador estivesse sempre dispon\u00edvel com a porta aberta no \u00faltimo andar para que fosse poss\u00edvel acess\u00e1-lo diretamente do gabinete do Presidente do Bundestag sem que fosse necess\u00e1rio esperar. Isso s\u00f3 era poss\u00edvel e, sobretudo, permitido mediante uso de uma prote\u00e7\u00e3o antiqueda mec\u00e2nica.  <br><br>No entanto, a sobreviv\u00eancia da SITEMA dependia, acima de tudo, da descoberta de outras aplica\u00e7\u00f5es para cabe\u00e7otes de fixa\u00e7\u00e3o.<\/p>\n<\/div><\/div>\n\n\n\n<div class=\"wp-block-media-text has-media-on-the-right is-stacked-on-mobile is-image-fill-element has-white-background-color has-background\" style=\"margin-top:0;margin-bottom:0\"><div class=\"wp-block-media-text__content\">\n<h3 class=\"wp-block-heading\">1984<\/h3>\n\n\n\n<h5 class=\"wp-block-heading has-orange-50-color has-text-color has-headline-h-5-font-size\">Estreia na engenharia mec\u00e2nica<\/h5>\n\n\n\n<p>O avan\u00e7o da tecnologia SITEMA ocorreu no campo das prensas hidr\u00e1ulicas. Todas as prensas que n\u00e3o s\u00e3o muito pequenas devem ter, de acordo com a norma EN 693 (atualmente ISO 16092), um dispositivo de reten\u00e7\u00e3o acionado mecanicamente montado permanentemente ou integrado na prensa para garantir que o \u00eambolo pesado da prensa n\u00e3o caia. Em compara\u00e7\u00e3o com outras solu\u00e7\u00f5es t\u00e9cnicas conhecidas, o cabe\u00e7ote de fixa\u00e7\u00e3o da SITEMA oferece in\u00fameras vantagens como prote\u00e7\u00e3o antiqueda. Entre outras coisas, ele pode funcionar continuamente em qualquer ponto e at\u00e9 ser ativado enquanto se move. O cabe\u00e7ote de fixa\u00e7\u00e3o oferece prote\u00e7\u00e3o contra sobrecarga, tamb\u00e9m trava em caso de falha de energia, \u00e9 seguro contra acionamento acidental e muito mais.    <\/p>\n\n\n\n<p>Estas caracter\u00edsticas t\u00e9cnicas tamb\u00e9m convenceram a associa\u00e7\u00e3o profissional respons\u00e1vel pela seguran\u00e7a da prensa (hoje a Associa\u00e7\u00e3o de Empresas de Seguros contra Acidentes da Alemanha &#8211; Deutsche Gesetzliche Unfallversicherung, DGUV) que aprovou oficialmente a prote\u00e7\u00e3o antiqueda da SITEMA como dispositivo de reten\u00e7\u00e3o. O primeiro certificado foi emitido em 1984, e a DGUV continua certificando regularmente que seus altos requisitos (que est\u00e3o entre os mais rigorosos da engenharia mec\u00e2nica alem\u00e3) sejam atendidos pelas prote\u00e7\u00f5es antiqueda, freios de seguran\u00e7a e unidades de fixa\u00e7\u00e3o da SITEMA. <\/p>\n\n\n\n<h5 class=\"wp-block-heading has-orange-50-color has-text-color has-headline-h-5-font-size\">Estabelecendo padr\u00f5es de seguran\u00e7a<\/h5>\n\n\n\n<p>A grande confian\u00e7a da DGUV nas prote\u00e7\u00f5es antiqueda da SITEMA foi rapidamente apreciada por clientes em todo o mundo. Assim, clientes de outras \u00e1reas da engenharia mec\u00e2nica tamb\u00e9m recorreram \u00e0 SITEMA para fixar suas cargas elevadas. Outras aplica\u00e7\u00f5es exigiam outras tecnologias e, portanto, logo surgiu o grupo de produtos de &#8220;dispositivos de bloqueio&#8221;, fixando cargas em movimento lento ou estacion\u00e1rias. Por exemplo, plataformas elevat\u00f3rias para salas de teatro ou mesas elevat\u00f3rias. Os dispositivos de bloqueio tamb\u00e9m utilizaram a tecnologia de autorrefor\u00e7o \u00fanica no mundo.    <\/p>\n\n\n\n<p style=\"margin-bottom:var(--wp--preset--spacing--3-rem)\">\u00c0 medida que aumentavam tamb\u00e9m os pedidos por fixa\u00e7\u00f5es com posicionamento preciso, como, por exemplo, para contrapress\u00e3o em processos de produ\u00e7\u00e3o, a empresa tamb\u00e9m desenvolveu rapidamente, com o grupo de produtos &#8220;Unidades de fixa\u00e7\u00e3o&#8221;, cabe\u00e7otes de fixa\u00e7\u00e3o acionados por mola que podem suportar for\u00e7as precisamente posicionadas em ambas as dire\u00e7\u00f5es. Com o passar do tempo, outras s\u00e9ries foram desenvolvidas para aplica\u00e7\u00f5es externas, adequadas para a forma construtiva de cilindros padr\u00e3o, para m\u00e1quinas-ferramentas e, por \u00faltimo, tamb\u00e9m outras s\u00e9ries aprovadas pelo Lloyd&#8217;s Register e pela DGUV. <\/p>\n<\/div><figure class=\"wp-block-media-text__media\"><img decoding=\"async\" src=\"https:\/\/www.sitema.de\/wp-content\/themes\/sitema\/assets\/images\/historie-4.jpg\" alt=\"\" class=\"wp-image-5583 size-full\" style=\"object-position:50% 50%\"\/><\/figure><\/div>\n\n\n\n<div class=\"wp-block-media-text is-stacked-on-mobile is-image-fill-element has-white-background-color has-background\" style=\"margin-top:0;margin-bottom:0\"><figure class=\"wp-block-media-text__media\"><img decoding=\"async\" src=\"https:\/\/www.sitema.de\/wp-content\/themes\/sitema\/assets\/images\/historie-5.jpg\" alt=\"\" class=\"wp-image-5594 size-full\" style=\"object-position:50% 50%\"\/><\/figure><div class=\"wp-block-media-text__content\">\n<h3 class=\"wp-block-heading\">Meados da d\u00e9cada de 2000<\/h3>\n\n\n\n<h5 class=\"wp-block-heading has-orange-50-color has-text-color has-headline-h-5-font-size\">Outras aplica\u00e7\u00f5es<\/h5>\n\n\n\n<p>Desde meados da d\u00e9cada de 2000, as consultas de fabricantes de sistemas de automa\u00e7\u00e3o aumentaram significativamente. Neste campo, a demanda por cabe\u00e7otes de fixa\u00e7\u00e3o pneum\u00e1ticos para fixar cargas menores tamb\u00e9m aumentou com a tecnologia de autorrefor\u00e7o comprovada. Devido aos cursos mais curtos e movimentos mais r\u00e1pidos que costumam existir na automa\u00e7\u00e3o, o desafio neste caso foi obter &#8220;cursos de tra\u00e7\u00e3o&#8221; menores do que com a prote\u00e7\u00e3o antiqueda. A SITEMA respondeu com o novo grupo de produtos &#8220;Freios de seguran\u00e7a&#8221;, que tamb\u00e9m recebeu rapidamente a aprova\u00e7\u00e3o da DGUV.   <\/p>\n\n\n\n<p style=\"margin-bottom:var(--wp--preset--spacing--3-rem)\">Mas as boas ideias da SITEMA n\u00e3o se limitaram somente \u00e0 fixa\u00e7\u00e3o de cargas e contrapress\u00e3o. Com o PowerStroke, a SITEMA oferece um tipo de cilindro de curso curto. Este cabe\u00e7ote de fixa\u00e7\u00e3o \u00e9 fixado em uma determinada posi\u00e7\u00e3o em uma barra redonda e pode pressionar ou puxar com grande for\u00e7a at\u00e9 20 mm. Essa tecnologia \u00e9 usada sempre que grandes e r\u00e1pidos deslocamentos s\u00e3o necess\u00e1rios e a for\u00e7a do processo real somente \u00e9 necess\u00e1ria em um curso curto, como \u00e9 o caso, por exemplo, ao fechar ou reter um molde em m\u00e1quinas de moldagem por inje\u00e7\u00e3o ou prensas de moldagem. Contudo, esses cabe\u00e7otes de fixa\u00e7\u00e3o tamb\u00e9m s\u00e3o adequados para processos de uni\u00e3o, sistemas de modelagem ou bancadas de teste. Em suma, onde quer que a separa\u00e7\u00e3o do curso r\u00e1pido e do curso potente seja recomendada para construir m\u00e1quinas mais compactas que requeiram significativamente menos energia do que as m\u00e1quinas de s\u00e9rie convencional.     <\/p>\n<\/div><\/div>\n\n\n\n<div class=\"wp-block-media-text has-media-on-the-right is-stacked-on-mobile is-image-fill-element has-white-background-color has-background\" style=\"margin-top:0;margin-bottom:0\"><div class=\"wp-block-media-text__content\">\n<h5 class=\"wp-block-heading has-orange-50-color has-text-color has-headline-h-5-font-size\">O que o futuro reserva?<\/h5>\n\n\n\n<p>Esta grande variedade de diferentes cabe\u00e7otes de fixa\u00e7\u00e3o pode ser encontrada em qualquer lugar onde movimentos lineares tenham que ser fixados, travados ou acionados com for\u00e7a. Eles n\u00e3o se limitam \u00e0s aplica\u00e7\u00f5es originais em engenharia mec\u00e2nica, como prensas hidr\u00e1ulicas, m\u00e1quinas-ferramentas, aplica\u00e7\u00f5es com cilindros pneum\u00e1ticos ou hidr\u00e1ulicos, portais, paletizadores, bancadas de teste, sistemas de automa\u00e7\u00e3o, etc. Tamb\u00e9m inclui sistemas como telef\u00e9ricos, britadores de carv\u00e3o, pisos de piscina regul\u00e1veis ou mesmo pontes. Voc\u00ea pode encontrar muitos outros exemplos na se\u00e7\u00e3o Aplica\u00e7\u00f5es do nosso site.  <\/p>\n\n\n\n<p style=\"margin-bottom:var(--wp--preset--spacing--3-rem)\">A hist\u00f3ria do cabe\u00e7ote de fixa\u00e7\u00e3o n\u00e3o termina aqui. A SITEMA est\u00e1 constantemente pesquisando novas tecnologias, n\u00e3o apenas para melhorar permanentemente os produtos existentes, mas tamb\u00e9m para desenvolver novos cabe\u00e7otes de fixa\u00e7\u00e3o que as m\u00e1quinas do futuro necessitar\u00e3o. <\/p>\n<\/div><figure class=\"wp-block-media-text__media\"><img decoding=\"async\" src=\"https:\/\/www.sitema.de\/wp-content\/themes\/sitema\/assets\/images\/historie-6.jpg\" alt=\"\" class=\"wp-image-5605 size-full\" style=\"object-position:50% 50%\"\/><\/figure><\/div>\n<\/div>\n\n\n\n<section class=\"wp-block-group alignfull has-global-padding is-layout-constrained wp-block-group-is-layout-constrained\" id=\"pattern-cover-section\" style=\"margin-top:var(--wp--preset--spacing--5-rem)\">\n<div class=\"wp-block-cover alignfull is-light\" style=\"margin-bottom:0px;min-height:360px;aspect-ratio:unset;\"><span aria-hidden=\"true\" class=\"wp-block-cover__background has-background-dim-0 has-background-dim\" style=\"background-color:#bbb9bc\"><\/span><img decoding=\"async\" class=\"wp-block-cover__image-background wp-image-32071\" alt=\"\" src=\"https:\/\/www.sitema.de\/wp-content\/uploads\/icons-symbole-banner\/home-slider-2-2.jpg\" data-object-fit=\"cover\"\/><div class=\"wp-block-cover__inner-container is-layout-flow wp-block-cover-is-layout-flow\">\n<div class=\"wp-block-group has-global-padding is-layout-constrained wp-block-group-is-layout-constrained\">\n<h3 class=\"wp-block-heading has-blue-20-color has-text-color\">Vis\u00e3o geral de nossas solu\u00e7\u00f5es<\/h3>\n\n\n\n<p>Conhe\u00e7a os produtos da SITEMA.<\/p>\n\n\n\n<div class=\"wp-block-buttons is-layout-flex wp-block-buttons-is-layout-flex\" style=\"margin-top:var(--wp--preset--spacing--2-rem);margin-bottom:var(--wp--preset--spacing--2-rem)\">\n<div class=\"wp-block-button has-custom-font-size is-style-default has-base-font-size\"><a class=\"wp-block-button__link wp-element-button\" href=\"https:\/\/www.sitema.de\/de\/produkte\/\"><strong>Vis\u00e3o geral do produto<\/strong><\/a><\/div>\n<\/div>\n<\/div>\n<\/div><\/div>\n<\/section>\n\n\n\n<div id=\"product-column-icons\" class=\"wp-block-group product-column-icons is-style-overlap has-global-padding is-layout-constrained wp-block-group-is-layout-constrained\">\n<div class=\"wp-block-columns is-layout-flex wp-container-core-columns-is-layout-fe0db1f2 wp-block-columns-is-layout-flex\" style=\"margin-bottom:var(--wp--preset--spacing--8-rem)\">\n<div class=\"wp-block-column border-radius-4 has-white-background-color has-background is-layout-flow wp-block-column-is-layout-flow\" style=\"padding-top:var(--wp--preset--spacing--2-rem);padding-right:var(--wp--preset--spacing--2-rem);padding-bottom:var(--wp--preset--spacing--2-rem);padding-left:var(--wp--preset--spacing--2-rem)\">\n<figure class=\"wp-block-image aligncenter size-full\"><img decoding=\"async\" width=\"50\" height=\"51\" src=\"https:\/\/www.sitema.de\/wp-content\/uploads\/powerstroke\/icon-product-1.png\" alt=\"\" class=\"wp-image-9725\"\/><\/figure>\n\n\n\n<h5 class=\"wp-block-heading has-text-align-center has-blue-20-color has-text-color has-link-color wp-elements-9fcc502a095897e892114897875d15c7\" style=\"margin-top:var(--wp--preset--spacing--2-rem);margin-bottom:var(--wp--preset--spacing--1-rem)\"><a href=\"https:\/\/www.sitema.de\/pt-br\/produtos\/?fp=function4\">Prote\u00e7\u00e3o<\/a><\/h5>\n\n\n\n<p class=\"has-text-align-center\">Proteger da carga elevada<\/p>\n<\/div>\n\n\n\n<div class=\"wp-block-column border-radius-4 has-white-background-color has-background is-layout-flow wp-block-column-is-layout-flow\" style=\"padding-top:var(--wp--preset--spacing--2-rem);padding-right:var(--wp--preset--spacing--2-rem);padding-bottom:var(--wp--preset--spacing--2-rem);padding-left:var(--wp--preset--spacing--2-rem)\">\n<figure class=\"wp-block-image aligncenter size-full\"><img decoding=\"async\" width=\"50\" height=\"51\" src=\"https:\/\/www.sitema.de\/wp-content\/uploads\/powerstroke\/icon-product-2.png\" alt=\"\" class=\"wp-image-9736\"\/><\/figure>\n\n\n\n<h5 class=\"wp-block-heading has-text-align-center has-blue-20-color has-text-color has-link-color wp-elements-19ae66e9b7ad4f532c00c1941e0704c4\" style=\"margin-top:var(--wp--preset--spacing--2-rem);margin-bottom:var(--wp--preset--spacing--1-rem)\"><a href=\"https:\/\/www.sitema.de\/produkte\/\"><\/a><a href=\"https:\/\/www.sitema.de\/pt-br\/produtos\/?fp=fun3\"><\/a><a href=\"https:\/\/www.sitema.de\/pt-br\/produtos\/?fp=function3\">Manter a posi\u00e7\u00e3o<\/a><\/h5>\n\n\n\n<p class=\"has-text-align-center\">Travamento de um eixo<\/p>\n<\/div>\n\n\n\n<div class=\"wp-block-column border-radius-4 has-white-background-color has-background is-layout-flow wp-block-column-is-layout-flow\" style=\"padding-top:var(--wp--preset--spacing--2-rem);padding-right:var(--wp--preset--spacing--2-rem);padding-bottom:var(--wp--preset--spacing--2-rem);padding-left:var(--wp--preset--spacing--2-rem)\">\n<figure class=\"wp-block-image aligncenter size-full\"><img decoding=\"async\" width=\"50\" height=\"51\" src=\"https:\/\/www.sitema.de\/wp-content\/uploads\/powerstroke\/icon-product-3.png\" alt=\"\" class=\"wp-image-9747\"\/><\/figure>\n\n\n\n<h5 class=\"wp-block-heading has-text-align-center has-blue-20-color has-text-color has-link-color wp-elements-4f5252ddb600e4fd0c1cd3d590916f17\" style=\"margin-top:var(--wp--preset--spacing--2-rem);margin-bottom:var(--wp--preset--spacing--1-rem)\"><a href=\"https:\/\/www.sitema.de\/produkte\/\"><\/a><a href=\"https:\/\/www.sitema.de\/pt-br\/produtos\/?fp=fun1\"><\/a><a href=\"https:\/\/www.sitema.de\/pt-br\/produtos\/?fp=function1\">Reten\u00e7\u00e3o<\/a><\/h5>\n\n\n\n<p class=\"has-text-align-center\">Manter contra uma for\u00e7a<\/p>\n<\/div>\n\n\n\n<div class=\"wp-block-column border-radius-4 has-white-background-color has-background is-layout-flow wp-block-column-is-layout-flow\" style=\"padding-top:var(--wp--preset--spacing--2-rem);padding-right:var(--wp--preset--spacing--2-rem);padding-bottom:var(--wp--preset--spacing--2-rem);padding-left:var(--wp--preset--spacing--2-rem)\">\n<figure class=\"wp-block-image aligncenter size-full\"><img decoding=\"async\" width=\"50\" height=\"51\" src=\"https:\/\/www.sitema.de\/wp-content\/uploads\/powerstroke\/icon-product-4.png\" alt=\"\" class=\"wp-image-9758\"\/><\/figure>\n\n\n\n<h5 class=\"wp-block-heading has-text-align-center has-blue-20-color has-text-color has-link-color wp-elements-5e9858aa7e238ea7019852d5e2fb8bd4\" style=\"margin-top:var(--wp--preset--spacing--2-rem);margin-bottom:var(--wp--preset--spacing--1-rem)\"><a href=\"https:\/\/www.sitema.de\/produkte\/\"><\/a><a href=\"https:\/\/www.sitema.de\/pt-br\/produtos\/?fp=fun2\"><\/a><a href=\"https:\/\/www.sitema.de\/pt-br\/produtos\/?fp=function1\">Condu\u00e7\u00e3o<\/a><\/h5>\n\n\n\n<p class=\"has-text-align-center\">Gera\u00e7\u00e3o de grandes for\u00e7as em uma curta dist\u00e2ncia<\/p>\n<\/div>\n<\/div>\n<\/div>\n\n\n\n<p><\/p>\n","protected":false},"excerpt":{"rendered":"<p>1979 &#8211; In\u00edcio Melhorar a seguran\u00e7a A hist\u00f3ria do cabe\u00e7ote de fixa\u00e7\u00e3o est\u00e1 estreitamente ligada a duas pessoas: Dr. Erich Schmalenbach e Adolf Rastetter.Tudo come\u00e7ou em 1979. Naquela \u00e9poca, Adolf Rastetter trabalhava como aut\u00f4nomo, fazendo trabalhos de manuten\u00e7\u00e3o em elevadores hidr\u00e1ulicos. Abalado por um tr\u00e1gico acidente ocorrido nos Estados Unidos, ele decidiu melhorar a seguran\u00e7a [&hellip;]<\/p>\n","protected":false},"author":1,"featured_media":0,"parent":10409,"menu_order":0,"comment_status":"closed","ping_status":"closed","template":"","meta":{"_acf_changed":false,"_seopress_robots_primary_cat":"","_seopress_titles_title":"Hist\u00f3ria - %%sitetitle%%","_seopress_titles_desc":"Descubra a hist\u00f3ria da SITEMA, pioneira no desenvolvimento de tecnologias inovadoras para fixa\u00e7\u00e3o e frenagem industrial desde 1979. Desde o in\u00edcio, com o primeiro sistema de frenagem de eleva\u00e7\u00e3o hidr\u00e1ulica, at\u00e9 a diversifica\u00e7\u00e3o atual em cabe\u00e7otes de fixa\u00e7\u00e3o com v\u00e1rios acionamentos, nosso compromisso com a excel\u00eancia continua a impulsionar o setor.","_seopress_robots_index":"","footnotes":""},"class_list":["post-10431","page","type-page","status-publish","hentry"],"acf":[],"_links":{"self":[{"href":"https:\/\/www.sitema.de\/pt-br\/wp-json\/wp\/v2\/pages\/10431","targetHints":{"allow":["GET"]}}],"collection":[{"href":"https:\/\/www.sitema.de\/pt-br\/wp-json\/wp\/v2\/pages"}],"about":[{"href":"https:\/\/www.sitema.de\/pt-br\/wp-json\/wp\/v2\/types\/page"}],"author":[{"embeddable":true,"href":"https:\/\/www.sitema.de\/pt-br\/wp-json\/wp\/v2\/users\/1"}],"replies":[{"embeddable":true,"href":"https:\/\/www.sitema.de\/pt-br\/wp-json\/wp\/v2\/comments?post=10431"}],"version-history":[{"count":7,"href":"https:\/\/www.sitema.de\/pt-br\/wp-json\/wp\/v2\/pages\/10431\/revisions"}],"predecessor-version":[{"id":49005,"href":"https:\/\/www.sitema.de\/pt-br\/wp-json\/wp\/v2\/pages\/10431\/revisions\/49005"}],"up":[{"embeddable":true,"href":"https:\/\/www.sitema.de\/pt-br\/wp-json\/wp\/v2\/pages\/10409"}],"wp:attachment":[{"href":"https:\/\/www.sitema.de\/pt-br\/wp-json\/wp\/v2\/media?parent=10431"}],"curies":[{"name":"wp","href":"https:\/\/api.w.org\/{rel}","templated":true}]}}