{"id":10409,"date":"2024-03-11T16:04:56","date_gmt":"2024-03-11T15:04:56","guid":{"rendered":"https:\/\/www.sitema.de\/empresa\/"},"modified":"2025-05-02T14:41:11","modified_gmt":"2025-05-02T12:41:11","slug":"empresa","status":"publish","type":"page","link":"https:\/\/www.sitema.de\/pt-br\/empresa\/","title":{"rendered":"Empresa"},"content":{"rendered":"\n<section class=\"wp-block-group alignfull header-generic has-global-padding is-layout-constrained wp-block-group-is-layout-constrained\" id=\"header-generic\">\n<div class=\"wp-block-cover alignfull\" style=\"min-height:350px;aspect-ratio:unset;\"><span aria-hidden=\"true\" class=\"wp-block-cover__background has-background-dim wp-block-cover__gradient-background has-background-gradient\" style=\"background:linear-gradient(90deg,rgb(128,128,128) 0%,rgba(0,0,0,0) 100%)\"><\/span><img decoding=\"async\" class=\"wp-block-cover__image-background wp-image-17960\" alt=\"\" src=\"https:\/\/www.sitema.de\/wp-content\/uploads\/unternehmen\/unternehmen_halle.jpg\" style=\"object-position:53% 61%\" data-object-fit=\"cover\" data-object-position=\"53% 61%\"\/><div class=\"wp-block-cover__inner-container has-global-padding is-layout-constrained wp-block-cover-is-layout-constrained\">\n<h1 class=\"wp-block-heading has-text-align-left has-blue-20-color has-text-color has-title-h-1-font-size\"><strong>Empresa<\/strong><\/h1>\n<\/div><\/div>\n<\/section>\n\n\n\n<div class=\"wp-block-group is-style-overlap has-global-padding is-layout-constrained wp-block-group-is-layout-constrained\">\r\n<section id=\"company-accordion\" class=\"company-accordion-container\">\r\n            <div class=\"company-accordion\">\r\n            <button type=\"button\">\r\n                <img decoding=\"async\" src=\"https:\/\/www.sitema.de\/wp-content\/themes\/sitema\/assets\/images\/icon-company-1.jpg\">\r\n                <h3>A transpar\u00eancia nos torna bem-sucedidos<\/h3>\r\n            <\/button>\r\n            <div class=\"company-accordion-content\">\r\n                <p>A sede de nossa empresa foi constru\u00edda da mesma forma que trabalhamos: direta e transparente. Com uma arquitetura aberta que cria conex\u00f5es e proporciona uma vis\u00e3o clara. Com um conceito espacial que promove o trabalho em equipe e ainda permite que nos concentremos em nosso sucesso conjunto.<\/p>\r\n            <\/div>\r\n        <\/div>\r\n            <div class=\"company-accordion\">\r\n            <button type=\"button\">\r\n                <img decoding=\"async\" src=\"https:\/\/www.sitema.de\/wp-content\/themes\/sitema\/assets\/images\/icon-company-2.jpg\">\r\n                <h3>Fazemos tudo para sua seguran\u00e7a<\/h3>\r\n            <\/button>\r\n            <div class=\"company-accordion-content\">\r\n                <p>Desenvolvimento e design. Gerenciamento de projetos e contato com o cliente. Produ\u00e7\u00e3o e montagem. Inspe\u00e7\u00e3o de sa\u00edda e expedi\u00e7\u00e3o. N\u00e3o entregamos sua seguran\u00e7a &#8211; n\u00f3s a realizamos de forma consistente sob nosso pr\u00f3prio gerenciamento.<\/p>\r\n            <\/div>\r\n        <\/div>\r\n            <div class=\"company-accordion\">\r\n            <button type=\"button\">\r\n                <img decoding=\"async\" src=\"https:\/\/www.sitema.de\/wp-content\/themes\/sitema\/assets\/images\/icon-company-3.jpg\">\r\n                <h3>Nossos valores garantem a confian\u00e7a<\/h3>\r\n            <\/button>\r\n            <div class=\"company-accordion-content\">\r\n                <p>\u201cO atendimento \u00e0s expectativas de qualidade de nossos clientes \u00e9 a prioridade m\u00e1xima em todos os processos da empresa\u201d &#8211; esse princ\u00edpio fundamental de nossa filosofia mostra que a qualidade \u00e9 um princ\u00edpio da empresa ao qual aderimos.<\/p>\r\n            <\/div>\r\n        <\/div>\r\n    <\/section><\/div>\n\n\n\n<div class=\"wp-block-group has-white-background-color has-background has-global-padding is-layout-constrained wp-container-core-group-is-layout-21e5db97 wp-block-group-is-layout-constrained\" style=\"border-radius:4px;margin-top:var(--wp--preset--spacing--4-rem);margin-bottom:0;padding-top:var(--wp--preset--spacing--4-rem);padding-right:var(--wp--preset--spacing--4-rem);padding-bottom:var(--wp--preset--spacing--4-rem);padding-left:var(--wp--preset--spacing--4-rem)\">\n<h3 class=\"wp-block-heading\">Empresa dedicada \u00e0 seguran\u00e7a<\/h3>\n\n\n\n<div class=\"wp-block-columns is-layout-flex wp-container-core-columns-is-layout-28f84493 wp-block-columns-is-layout-flex\">\n<div class=\"wp-block-column is-layout-flow wp-block-column-is-layout-flow\" style=\"flex-basis:100%\">\n<h5 class=\"wp-block-heading has-orange-50-color has-text-color has-link-color wp-elements-86ab38e62d6d6b4016c08871e953ddb7\">N\u00f3s somos os especialistas<\/h5>\n\n\n\n<p>A SITEMA \u00e9 a \u00fanica empresa global que se dedica exclusivamente ao desenvolvimento e produ\u00e7\u00e3o de unidades de fixa\u00e7\u00e3o e freios lineares sobre barras redondas. O resultado desta especializa\u00e7\u00e3o: a SITEMA \u00e9 um parceiro de renome internacional para a ind\u00fastria de engenharia mec\u00e2nica. A prote\u00e7\u00e3o, aperto e fixa\u00e7\u00e3o de cargas que se movem axialmente s\u00e3o nossa especialidade em que somos l\u00edderes h\u00e1 muitos anos \u2013 os cabe\u00e7otes de fixa\u00e7\u00e3o SITEMA s\u00e3o a nossa marca registrada aqui. Com nossa ampla oferta de produtos, oferecemos consultoria e know-how em solu\u00e7\u00f5es exclusivas para cada aplica\u00e7\u00e3o.   <\/p>\n<\/div>\n\n\n\n<div class=\"wp-block-column is-layout-flow wp-block-column-is-layout-flow\" style=\"flex-basis:100%\">\n<h5 class=\"wp-block-heading has-orange-50-color has-text-color has-link-color wp-elements-689fe11ccdd86f27e7df485e37e34963\">Experi\u00eancia de lideran\u00e7a<\/h5>\n\n\n\n<p>J\u00e1 em 1979, a SITEMA desenvolveu o primeiro sistema que tornou poss\u00edvel transferir as elevadas for\u00e7as de frenagem de elevadores hidr\u00e1ulicos diretamente para a barra do pist\u00e3o por meio de fric\u00e7\u00e3o. Esta nova tecnologia formou a base para o desenvolvimento cont\u00ednuo e diversifica\u00e7\u00e3o de uma ampla variedade de cabe\u00e7otes de fixa\u00e7\u00e3o. Atualmente, a SITEMA desenvolve e fabrica unidades de fixa\u00e7\u00e3o comutadas hidr\u00e1ulica, pneum\u00e1tica, mec\u00e2nica e eletricamente para um grande n\u00famero de \u00e1reas de aplica\u00e7\u00e3o.  <\/p>\n<\/div>\n<\/div>\n<\/div>\n\n\n\n<figure class=\"wp-block-video border-radius-4\" style=\"margin-top:var(--wp--preset--spacing--4-rem)\"><video height=\"658\" style=\"aspect-ratio: 1170 \/ 658;\" width=\"1170\" controls poster=\"https:\/\/www.sitema.de\/wp-content\/uploads\/unternehmen\/sitema-image-film_poster.jpg\" src=\"https:\/\/www.sitema.de\/wp-content\/uploads\/videos\/2016_15_16_projekt_sitema_imagefilm_ENGLISCH_WEB_1170p.mp4\"><\/video><\/figure>\n\n\n\n<div class=\"wp-block-media-text has-media-on-the-right is-stacked-on-mobile is-image-fill-element border-radius-4 has-white-background-color has-background\" style=\"margin-top:var(--wp--preset--spacing--5-rem);margin-bottom:var(--wp--preset--spacing--5-rem);grid-template-columns:auto 40%\"><div class=\"wp-block-media-text__content\">\n<div class=\"wp-block-group has-global-padding is-layout-constrained wp-block-group-is-layout-constrained\">\n<h3 class=\"wp-block-heading\" style=\"margin-top:var(--wp--preset--spacing--4-rem)\">A qualidade gera confian\u00e7a<\/h3>\n\n\n\n<h5 class=\"wp-block-heading has-orange-50-color has-text-color has-headline-h-5-font-size\">Confiabilidade garantida<\/h5>\n\n\n\n<p>Nosso sucesso prov\u00e9m das mais altas exig\u00eancias quanto \u00e0 qualidade de nossos produtos. Componentes de seguran\u00e7a requerem absoluta confiabilidade; \u00e9 de vital import\u00e2ncia que trabalhem com absoluta confiabilidade; isso \u00e9 \u00f3bvio para n\u00f3s. Os cabe\u00e7otes de fixa\u00e7\u00e3o da SITEMA foram aprovados como dispositivos de eleva\u00e7\u00e3o pelas autoridades europeias competentes. Como empresa certificada ISO 9001 e ISO 14001, a SITEMA possui um sistema de gest\u00e3o eficiente que atende aos padr\u00f5es internacionalmente reconhecidos e garante confiabilidade e qualidade tamb\u00e9m aos processos internos.   <\/p>\n\n\n\n<h5 class=\"wp-block-heading has-orange-50-color has-text-color has-headline-h-5-font-size\">100% inspe\u00e7\u00e3o final<\/h5>\n\n\n\n<p style=\"margin-bottom:var(--wp--preset--spacing--4-rem)\">Imediatamente ap\u00f3s a fabrica\u00e7\u00e3o, cada unidade de fixa\u00e7\u00e3o \u00e9 verificada quanto ao funcionamento e for\u00e7a de reten\u00e7\u00e3o com sistemas de teste internos. Toda a documenta de teste \u00e9 arquivada e est\u00e1 dispon\u00edvel para o cliente a qualquer momento. <\/p>\n<\/div>\n<\/div><figure class=\"wp-block-media-text__media\"><img decoding=\"async\" width=\"585\" height=\"410\" src=\"https:\/\/www.sitema.de\/wp-content\/uploads\/unternehmen\/edd694d93979af7b3cfe359ed6abc476.jpg\" alt=\"\" class=\"wp-image-7889 size-full\" style=\"object-position:50% 50%\" srcset=\"https:\/\/www.sitema.de\/wp-content\/uploads\/unternehmen\/edd694d93979af7b3cfe359ed6abc476.jpg 585w, https:\/\/www.sitema.de\/wp-content\/uploads\/unternehmen\/edd694d93979af7b3cfe359ed6abc476-300x210.jpg 300w\" sizes=\"(max-width: 585px) 100vw, 585px\" \/><\/figure><\/div>\n\n\n\n<div id=\"company-certifications\" class=\"wp-block-group company-certifications has-white-background-color has-background has-global-padding is-layout-constrained wp-container-core-group-is-layout-21e5db97 wp-block-group-is-layout-constrained\" style=\"border-radius:4px;margin-top:var(--wp--preset--spacing--4-rem);margin-bottom:0;padding-top:var(--wp--preset--spacing--4-rem);padding-right:var(--wp--preset--spacing--4-rem);padding-bottom:var(--wp--preset--spacing--4-rem);padding-left:var(--wp--preset--spacing--4-rem)\">\n<h3 class=\"wp-block-heading\">Aprova\u00e7\u00f5es e certifica\u00e7\u00f5es<\/h3>\n\n\n\n<div class=\"wp-block-columns is-layout-flex wp-container-core-columns-is-layout-28f84493 wp-block-columns-is-layout-flex\">\n<div class=\"wp-block-column is-layout-flow wp-block-column-is-layout-flow\">\n<figure class=\"wp-block-image aligncenter size-full\"><img decoding=\"async\" src=\"https:\/\/www.sitema.de\/wp-content\/themes\/sitema\/assets\/images\/certificate-1.jpg\" alt=\"\" class=\"wp-image-5948\"\/><\/figure>\n\n\n\n<p class=\"has-text-align-center has-small-font-size\" style=\"line-height:1.4\">Certificado de teste DGUV para prote\u00e7\u00f5es antiqueda (por ex., para prensas de acordo com ISO 16092 \/ EN 693)<\/p>\n<\/div>\n\n\n\n<div class=\"wp-block-column is-layout-flow wp-block-column-is-layout-flow\">\n<figure class=\"wp-block-image aligncenter size-full\"><img decoding=\"async\" src=\"https:\/\/www.sitema.de\/wp-content\/themes\/sitema\/assets\/images\/certificate-2.jpg\" alt=\"\" class=\"wp-image-6014\"\/><\/figure>\n\n\n\n<p class=\"has-text-align-center has-small-font-size\" style=\"line-height:1.4\">Certificado de teste DGUV para freios de seguran\u00e7a<\/p>\n<\/div>\n\n\n\n<div class=\"wp-block-column is-layout-flow wp-block-column-is-layout-flow\">\n<figure class=\"wp-block-image aligncenter size-full\"><img decoding=\"async\" src=\"https:\/\/www.sitema.de\/wp-content\/themes\/sitema\/assets\/images\/certificate-3.jpg\" alt=\"\" class=\"wp-image-6003\"\/><\/figure>\n\n\n\n<p class=\"has-text-align-center has-small-font-size\" style=\"line-height:1.4\">Certificado de teste DGUV para unidades de fixa\u00e7\u00e3o KFHS<\/p>\n<\/div>\n\n\n\n<div class=\"wp-block-column is-layout-flow wp-block-column-is-layout-flow\">\n<figure class=\"wp-block-image size-full\"><img decoding=\"async\" width=\"152\" height=\"146\" src=\"https:\/\/www.sitema.de\/wp-content\/uploads\/zertifikate\/certificate-8.jpg\" alt=\"\" class=\"wp-image-92026\"\/><\/figure>\n\n\n\n<p class=\"has-text-align-center has-small-font-size\" style=\"line-height:1.4\">Certificado T\u00dcV para conformidade CE e UL para freios de seguran\u00e7a KSE<\/p>\n<\/div>\n\n\n\n<div class=\"wp-block-column is-layout-flow wp-block-column-is-layout-flow\">\n<figure class=\"wp-block-image aligncenter size-full\"><img decoding=\"async\" src=\"https:\/\/www.sitema.de\/wp-content\/themes\/sitema\/assets\/images\/certificate-4.jpg\" alt=\"\" class=\"wp-image-5992\"\/><\/figure>\n\n\n\n<p class=\"has-text-align-center has-small-font-size\" style=\"line-height:1.4\">Certifica\u00e7\u00e3o da Lloyd&#8217;s Register para unidades de fixa\u00e7\u00e3o KFHL<\/p>\n<\/div>\n\n\n\n<div class=\"wp-block-column is-layout-flow wp-block-column-is-layout-flow\">\n<figure class=\"wp-block-image aligncenter size-full\"><img decoding=\"async\" src=\"https:\/\/www.sitema.de\/wp-content\/themes\/sitema\/assets\/images\/certificate-5.jpg\" alt=\"\" class=\"wp-image-5981\"\/><\/figure>\n\n\n\n<p class=\"has-text-align-center has-small-font-size\" style=\"line-height:1.4\">Certificado ISO 9001:2015 <a href=\"http:\/\/www.tuev-sued.de\/ms-zert\">www.tuev-sued.de\/ms-zert<\/a><\/p>\n<\/div>\n\n\n\n<div class=\"wp-block-column is-layout-flow wp-block-column-is-layout-flow\">\n<figure class=\"wp-block-image aligncenter size-full\"><img decoding=\"async\" src=\"https:\/\/www.sitema.de\/wp-content\/themes\/sitema\/assets\/images\/certificate-6.jpg\" alt=\"\" class=\"wp-image-5970\"\/><\/figure>\n\n\n\n<p class=\"has-text-align-center has-small-font-size\" style=\"line-height:1.4\">Certificado ISO 14001:2015 <a href=\"http:\/\/www.tuev-sued.de\/ms-zert\"> www.tuev-sued.de\/ms-zert<\/a><\/p>\n<\/div>\n\n\n\n<div class=\"wp-block-column is-layout-flow wp-block-column-is-layout-flow\">\n<figure class=\"wp-block-image aligncenter size-full\"><img decoding=\"async\" src=\"https:\/\/www.sitema.de\/wp-content\/themes\/sitema\/assets\/images\/certificate-7.jpg\" alt=\"\" class=\"wp-image-5959\"\/><\/figure>\n<\/div>\n<\/div>\n<\/div>\n\n\n\n<div class=\"wp-block-group border-radius-4 has-global-padding is-layout-constrained wp-block-group-is-layout-constrained\" style=\"border-radius:4px;margin-top:var(--wp--preset--spacing--5-rem);margin-bottom:var(--wp--preset--spacing--5-rem)\">\n<div class=\"wp-block-media-text is-stacked-on-mobile is-image-fill-element has-white-background-color has-background\" style=\"margin-top:0;margin-bottom:0\"><figure class=\"wp-block-media-text__media\"><img decoding=\"async\" width=\"585\" height=\"410\" src=\"https:\/\/www.sitema.de\/wp-content\/uploads\/unternehmen\/d2b0c040e92560f887a108eab806cf27.jpg\" alt=\"\" class=\"wp-image-7862 size-full\" style=\"object-position:50% 50%\" srcset=\"https:\/\/www.sitema.de\/wp-content\/uploads\/unternehmen\/d2b0c040e92560f887a108eab806cf27.jpg 585w, https:\/\/www.sitema.de\/wp-content\/uploads\/unternehmen\/d2b0c040e92560f887a108eab806cf27-300x210.jpg 300w\" sizes=\"(max-width: 585px) 100vw, 585px\" \/><\/figure><div class=\"wp-block-media-text__content\">\n<div class=\"wp-block-group has-global-padding is-layout-constrained wp-block-group-is-layout-constrained\" style=\"min-height:380px\">\n<h3 class=\"wp-block-heading\" style=\"margin-top:var(--wp--preset--spacing--4-rem)\">Nossa assist\u00eancia t\u00e9cnica para sua efici\u00eancia<\/h3>\n\n\n\n<h5 class=\"wp-block-heading has-orange-50-color has-text-color has-headline-h-5-font-size\">Resposta r\u00e1pida<\/h5>\n\n\n\n<p style=\"padding-bottom:var(--wp--preset--spacing--4-rem)\">Quer seja consultoria, repara\u00e7\u00e3o ou envio: a oferta de servi\u00e7os da SITEMA centra-se em rea\u00e7\u00f5es r\u00e1pidas. Por tr\u00e1s disso se encontra uma equipe comprometida e orientada para o cliente que soluciona os pedidos complexos dos clientes com rapidez e efici\u00eancia. Entrega r\u00e1pida de componentes completos em troca e assist\u00eancia t\u00e9cnica e suporte competentes garantem a produtividade de nossos clientes.  <\/p>\n<\/div>\n<\/div><\/div>\n\n\n\n<div class=\"wp-block-media-text has-media-on-the-right is-stacked-on-mobile is-image-fill-element has-white-background-color has-background\" style=\"margin-top:0;margin-bottom:0\"><div class=\"wp-block-media-text__content\">\n<div class=\"wp-block-group has-global-padding is-layout-constrained wp-block-group-is-layout-constrained\" style=\"min-height:380px\">\n<h3 class=\"wp-block-heading\" style=\"margin-top:var(--wp--preset--spacing--4-rem)\">Entregas r\u00e1pidas garantem sua produtividade<\/h3>\n\n\n\n<h5 class=\"wp-block-heading has-orange-50-color has-text-color has-headline-h-5-font-size\">Prazos de entrega curtos<\/h5>\n\n\n\n<p style=\"padding-bottom:var(--wp--preset--spacing--4-rem)\">Nossa alta disponibilidade de fornecimento de produtos padr\u00e3o \u00e9 garantida pelo grande estoque. Aproximadamente 2.000 cabe\u00e7otes de fixa\u00e7\u00e3o SITEMA com uma ampla variedade de for\u00e7as de reten\u00e7\u00e3o e para v\u00e1rios di\u00e2metros da barra est\u00e3o permanentemente dispon\u00edveis para entrega r\u00e1pida. Com o status &#8220;expedidor conhecido&#8221;, a SITEMA cumpre todos os requisitos para remessas r\u00e1pidas de cargas a\u00e9reas em todo o mundo.  <\/p>\n<\/div>\n<\/div><figure class=\"wp-block-media-text__media\"><img decoding=\"async\" width=\"585\" height=\"410\" src=\"https:\/\/www.sitema.de\/wp-content\/uploads\/unternehmen\/0719a23477fbd1480c57db87e69a00c9.jpg\" alt=\"\" class=\"wp-image-7851 size-full\" style=\"object-position:50% 50%\" srcset=\"https:\/\/www.sitema.de\/wp-content\/uploads\/unternehmen\/0719a23477fbd1480c57db87e69a00c9.jpg 585w, https:\/\/www.sitema.de\/wp-content\/uploads\/unternehmen\/0719a23477fbd1480c57db87e69a00c9-300x210.jpg 300w\" sizes=\"(max-width: 585px) 100vw, 585px\" \/><\/figure><\/div>\n\n\n\n<div class=\"wp-block-media-text is-stacked-on-mobile is-image-fill-element has-white-background-color has-background\" style=\"margin-top:0;margin-bottom:0\"><figure class=\"wp-block-media-text__media\"><img decoding=\"async\" width=\"585\" height=\"410\" src=\"https:\/\/www.sitema.de\/wp-content\/uploads\/unternehmen\/3351ed3e05e11e8f65261c883f30c11e.jpg\" alt=\"\" class=\"wp-image-7840 size-full\" style=\"object-position:50% 50%\" srcset=\"https:\/\/www.sitema.de\/wp-content\/uploads\/unternehmen\/3351ed3e05e11e8f65261c883f30c11e.jpg 585w, https:\/\/www.sitema.de\/wp-content\/uploads\/unternehmen\/3351ed3e05e11e8f65261c883f30c11e-300x210.jpg 300w\" sizes=\"(max-width: 585px) 100vw, 585px\" \/><\/figure><div class=\"wp-block-media-text__content\">\n<div class=\"wp-block-group has-global-padding is-layout-constrained wp-block-group-is-layout-constrained\" style=\"min-height:380px\">\n<h3 class=\"wp-block-heading\" style=\"margin-top:var(--wp--preset--spacing--4-rem)\">Solu\u00e7\u00f5es personalizadas<\/h3>\n\n\n\n<h5 class=\"wp-block-heading has-orange-50-color has-text-color has-headline-h-5-font-size\">Solu\u00e7\u00f5es especiais de forma individual e r\u00e1pida<\/h5>\n\n\n\n<p style=\"padding-bottom:var(--wp--preset--spacing--4-rem)\">A equipe de desenvolvimento da SITEMA analisa os requisitos t\u00e9cnicos para a produ\u00e7\u00e3o de pe\u00e7as individuais e pequenas s\u00e9ries rotineiramente e, com base nisso, concebe e implementa solu\u00e7\u00f5es especiais \u00e0 medida de forma individual com grande empenho. Quanto mais incomum for a aplica\u00e7\u00e3o de um cabe\u00e7ote de fixa\u00e7\u00e3o, mais isso desperta nossa ambi\u00e7\u00e3o de encontrar uma nova solu\u00e7\u00e3o. <\/p>\n<\/div>\n<\/div><\/div>\n\n\n\n<div class=\"wp-block-media-text has-media-on-the-right is-stacked-on-mobile is-image-fill-element has-white-background-color has-background\" style=\"margin-top:0;margin-bottom:0\"><div class=\"wp-block-media-text__content\">\n<div class=\"wp-block-group has-global-padding is-layout-constrained wp-block-group-is-layout-constrained\" style=\"min-height:380px\">\n<h3 class=\"wp-block-heading\" style=\"margin-top:var(--wp--preset--spacing--4-rem)\">Ser cada vez melhor<\/h3>\n\n\n\n<h5 class=\"wp-block-heading has-orange-50-color has-text-color has-headline-h-5-font-size\">Desenvolvimento cont\u00ednuo<\/h5>\n\n\n\n<p>Quando se trata de produtos maduros, as otimiza\u00e7\u00f5es come\u00e7am nos detalhes. A equipe de desenvolvimento da SITEMA garante especificamente a melhoria construtiva cont\u00ednua e a expans\u00e3o da gama de produtos. Por exemplo, o PowerStroke foi criado como uma solu\u00e7\u00e3o inovadora para manter os moldes fechados.  <\/p>\n\n\n\n<h5 class=\"wp-block-heading has-orange-50-color has-text-color has-headline-h-5-font-size\">Testar de forma orientada para o cliente<\/h5>\n\n\n\n<p style=\"padding-bottom:var(--wp--preset--spacing--4-rem)\">Para testes de for\u00e7a de fixa\u00e7\u00e3o, a SITEMA possui prensas com for\u00e7a de teste de at\u00e9 1.000 toneladas e uma bancada de teste din\u00e2mica para velocidades de queda de at\u00e9 3 m\/s. Em estreita coopera\u00e7\u00e3o com a equipe de desenvolvimento de nossos clientes, garantimos que um cabe\u00e7ote de fixa\u00e7\u00e3o SITEMA sempre atenda aos requisitos do cliente. <\/p>\n<\/div>\n<\/div><figure class=\"wp-block-media-text__media\"><img decoding=\"async\" width=\"585\" height=\"410\" src=\"https:\/\/www.sitema.de\/wp-content\/uploads\/unternehmen\/eb5c2ce06ebac46c6762ed0c4e3e0806.jpg\" alt=\"\" class=\"wp-image-7829 size-full\" style=\"object-position:50% 50%\" srcset=\"https:\/\/www.sitema.de\/wp-content\/uploads\/unternehmen\/eb5c2ce06ebac46c6762ed0c4e3e0806.jpg 585w, https:\/\/www.sitema.de\/wp-content\/uploads\/unternehmen\/eb5c2ce06ebac46c6762ed0c4e3e0806-300x210.jpg 300w\" sizes=\"(max-width: 585px) 100vw, 585px\" \/><\/figure><\/div>\n<\/div>\n\n\n\n<div class=\"wp-block-cover alignfull is-light\" style=\"min-height:500px;aspect-ratio:unset;\"><span aria-hidden=\"true\" class=\"wp-block-cover__background has-background-dim-0 has-background-dim\" style=\"background-color:#9da8b1\"><\/span><img decoding=\"async\" width=\"2000\" height=\"835\" class=\"wp-block-cover__image-background wp-image-10834\" alt=\"\" src=\"https:\/\/www.sitema.de\/wp-content\/uploads\/unternehmen\/vertrieb.jpg\" style=\"object-position:67% 29%\" data-object-fit=\"cover\" data-object-position=\"67% 29%\" srcset=\"https:\/\/www.sitema.de\/wp-content\/uploads\/unternehmen\/vertrieb.jpg 2000w, https:\/\/www.sitema.de\/wp-content\/uploads\/unternehmen\/vertrieb-300x125.jpg 300w, https:\/\/www.sitema.de\/wp-content\/uploads\/unternehmen\/vertrieb-1024x428.jpg 1024w, https:\/\/www.sitema.de\/wp-content\/uploads\/unternehmen\/vertrieb-768x321.jpg 768w, https:\/\/www.sitema.de\/wp-content\/uploads\/unternehmen\/vertrieb-1536x641.jpg 1536w\" sizes=\"(max-width: 2000px) 100vw, 2000px\" \/><div class=\"wp-block-cover__inner-container has-global-padding is-layout-constrained wp-block-cover-is-layout-constrained\">\n<p class=\"has-text-align-center has-large-font-size\"><\/p>\n<\/div><\/div>\n","protected":false},"excerpt":{"rendered":"<p>Empresa dedicada \u00e0 seguran\u00e7a N\u00f3s somos os especialistas A SITEMA \u00e9 a \u00fanica empresa global que se dedica exclusivamente ao desenvolvimento e produ\u00e7\u00e3o de unidades de fixa\u00e7\u00e3o e freios lineares sobre barras redondas. O resultado desta especializa\u00e7\u00e3o: a SITEMA \u00e9 um parceiro de renome internacional para a ind\u00fastria de engenharia mec\u00e2nica. A prote\u00e7\u00e3o, aperto e [&hellip;]<\/p>\n","protected":false},"author":1,"featured_media":0,"parent":0,"menu_order":0,"comment_status":"closed","ping_status":"closed","template":"","meta":{"_acf_changed":false,"_seopress_robots_primary_cat":"","_seopress_titles_title":"Empresa - %%sitetitle%%","_seopress_titles_desc":"A SITEMA \u00e9 a \u00fanica empresa no mundo especializada no desenvolvimento e na fabrica\u00e7\u00e3o de cabe\u00e7otes de fixa\u00e7\u00e3o e freios lineares. Gra\u00e7as a essa especializa\u00e7\u00e3o, a SITEMA \u00e9 um fornecedor de valor internacional no setor de engenharia mec\u00e2nica.","_seopress_robots_index":"","footnotes":""},"class_list":["post-10409","page","type-page","status-publish","hentry"],"acf":[],"_links":{"self":[{"href":"https:\/\/www.sitema.de\/pt-br\/wp-json\/wp\/v2\/pages\/10409","targetHints":{"allow":["GET"]}}],"collection":[{"href":"https:\/\/www.sitema.de\/pt-br\/wp-json\/wp\/v2\/pages"}],"about":[{"href":"https:\/\/www.sitema.de\/pt-br\/wp-json\/wp\/v2\/types\/page"}],"author":[{"embeddable":true,"href":"https:\/\/www.sitema.de\/pt-br\/wp-json\/wp\/v2\/users\/1"}],"replies":[{"embeddable":true,"href":"https:\/\/www.sitema.de\/pt-br\/wp-json\/wp\/v2\/comments?post=10409"}],"version-history":[{"count":8,"href":"https:\/\/www.sitema.de\/pt-br\/wp-json\/wp\/v2\/pages\/10409\/revisions"}],"predecessor-version":[{"id":118356,"href":"https:\/\/www.sitema.de\/pt-br\/wp-json\/wp\/v2\/pages\/10409\/revisions\/118356"}],"wp:attachment":[{"href":"https:\/\/www.sitema.de\/pt-br\/wp-json\/wp\/v2\/media?parent=10409"}],"curies":[{"name":"wp","href":"https:\/\/api.w.org\/{rel}","templated":true}]}}