{"id":10457,"date":"2024-03-11T16:21:06","date_gmt":"2024-03-11T15:21:06","guid":{"rendered":"https:\/\/www.sitema.de\/impresa\/siforce-technology\/"},"modified":"2025-01-22T13:43:43","modified_gmt":"2025-01-22T13:43:43","slug":"siforce-technology","status":"publish","type":"page","link":"https:\/\/www.sitema.de\/it\/impresa\/siforce-technology\/","title":{"rendered":"SiForce Technology"},"content":{"rendered":"\n<section class=\"wp-block-group alignfull header-generic has-global-padding is-layout-constrained wp-block-group-is-layout-constrained\" id=\"header-generic\">\n<div class=\"wp-block-cover alignfull\" style=\"min-height:350px;aspect-ratio:unset;\"><span aria-hidden=\"true\" class=\"wp-block-cover__background has-background-dim-30 has-background-dim wp-block-cover__gradient-background has-background-gradient\" style=\"background:linear-gradient(90deg,rgb(128,128,128) 0%,rgba(0,0,0,0) 100%)\"><\/span><img decoding=\"async\" width=\"1180\" height=\"330\" class=\"wp-block-cover__image-background wp-image-9466\" alt=\"\" src=\"https:\/\/www.sitema.de\/wp-content\/uploads\/siforce-tec\/siforce.jpeg\" data-object-fit=\"cover\" srcset=\"https:\/\/www.sitema.de\/wp-content\/uploads\/siforce-tec\/siforce.jpeg 1180w, https:\/\/www.sitema.de\/wp-content\/uploads\/siforce-tec\/siforce-300x84.jpeg 300w, https:\/\/www.sitema.de\/wp-content\/uploads\/siforce-tec\/siforce-1024x286.jpeg 1024w, https:\/\/www.sitema.de\/wp-content\/uploads\/siforce-tec\/siforce-768x215.jpeg 768w\" sizes=\"(max-width: 1180px) 100vw, 1180px\" \/><div class=\"wp-block-cover__inner-container has-global-padding is-layout-constrained wp-block-cover-is-layout-constrained\">\n<h1 class=\"wp-block-heading has-text-align-left has-blue-20-color has-text-color has-title-h-1-font-size\">UNA PIETRA MILIARE AL CAPITOLO<\/h1>\n\n\n\n<h2 class=\"wp-block-heading has-text-align-left has-blue-20-color has-text-color has-headline-h-2-font-size\">SICUREZZA<\/h2>\n<\/div><\/div>\n<\/section>\n\n\n\n<div class=\"wp-block-group siforce-text-block box-shadow is-style-overlap border-radius-4 has-global-padding is-layout-constrained wp-block-group-is-layout-constrained\" style=\"margin-bottom:var(--wp--preset--spacing--5-rem)\">\n<div class=\"wp-block-media-text is-stacked-on-mobile has-background\" style=\"background-color:#f1f1f1;margin-top:0;margin-bottom:0;padding-top:0;padding-bottom:0\"><figure class=\"wp-block-media-text__media\"><img decoding=\"async\" width=\"648\" height=\"350\" src=\"https:\/\/www.sitema.de\/wp-content\/uploads\/siforce-tec\/product-extra-1.jpg\" alt=\"\" class=\"wp-image-13245 size-full\"\/><\/figure><div class=\"wp-block-media-text__content\">\n<h3 class=\"wp-block-heading\" style=\"margin-top:var(--wp--preset--spacing--4-rem)\">Un marchio solido dietro ad una tecnologia unica nel suo genere<\/h3>\n\n\n\n<p style=\"margin-bottom:var(--wp--preset--spacing--3-rem)\">La tecnologia per il bloccaggio autostrigente, conosciuta a livello mondiale, ha un nome. La riconoscibilit\u00e0 ci consente di creare trasparenza sul mercato delle teste di serraggio e dei freni lineari. In questo contesto, SiForce Technology non \u00e8 soltanto sinonimo di sicurezza, ma, al contempo, anche del principio del serraggio autostringente, conosciuto anche come &#8220;Self Intensifying Force&#8221;.  <\/p>\n\n\n\n<p class=\"has-orange-50-color has-text-color\"><strong>Una pietra miliare al capitolo sicurezza per l&#8217;uomo e la macchina<\/strong><\/p>\n\n\n\n<p style=\"margin-bottom:var(--wp--preset--spacing--4-rem)\">Il campo d&#8217;impiego principale del bloccaggio autostringente, conosciuto in tutto il mondo per l&#8217;assoluta sicurezza offerta a macchinari e, soprattutto, alle persone, \u00e8 il fissaggio saldo di forze assiali e carichi enormi. Oltre ad una totale resistenza contro i guasti, la priorit\u00e0 assoluta riguarda anche la qualit\u00e0, assieme alla conseguente longevit\u00e0 delle teste di serraggio.  <\/p>\n<\/div><\/div>\n\n\n\n<div class=\"wp-block-media-text has-media-on-the-right is-stacked-on-mobile has-background\" style=\"background-color:#14abe0;margin-top:0;margin-bottom:0\"><div class=\"wp-block-media-text__content\">\n<h3 class=\"wp-block-heading\" style=\"margin-top:var(--wp--preset--spacing--4-rem)\">I vantaggi in un colpo d&#8217;occhio<\/h3>\n\n\n\n<ul class=\"wp-block-list\">\n<li>Non \u00e8 possibile il rilascio sotto carico, per la massima sicurezza contro il rilascio accidentale.<\/li>\n\n\n\n<li>Finch\u00e9 il sistema di serraggio chiuso non viene sottoposto a carico (stato di sicurezza), \u00e8 sufficiente pressurizzare per sganciare (non \u00e8 ecessario sollevare il carico).<\/li>\n\n\n\n<li>Lo sgancio della testa di serraggio sottoposta a carico (per es. dopo arresto di emergenza) \u00e8 soltanto possibile, se il arico \u00e8 stato rimosso Dalla stessa. Questo garantisce automaticamente il passaggio sicuro del carico ad un altro istema (per es. azionamento). Per scaricare \u00e8 sufficiente semplicemente sollevare il carico e non \u00e8 necessario esercitare ulteriori forze (nessuna corsa di svincolo). <\/li>\n\n\n\n<li>Rilascio automatico lento in caso di utilizzo su un cilindro.<\/li>\n\n\n\n<li>Anche con il serraggio bloccato, \u00e8 sempre possibile spostare il carico verso l&#8217;alto, per es., per liberare una persona incastrata.<\/li>\n\n\n\n<li>Il sistema di serraggio viene messo sotto carico solo se davvero necessario.<\/li>\n\n\n\n<li>Il risultato \u00e8 una lunga durata (valori B<sub>10D<\/sub> fino a 6 milioni).<\/li>\n\n\n\n<li>Fattore di sicurezza >2 incluso.<\/li>\n\n\n\n<li>I carichi fino a 220 kN possono essere bloccati anche con sistemi pneumatici.<\/li>\n<\/ul>\n\n\n\n<p class=\"has-orange-50-color has-text-color has-link-color wp-elements-365f5436610adb93f1de2af65fa00c37\" style=\"margin-bottom:var(--wp--preset--spacing--4-rem)\"><strong>Nella pagina seguente sono contenute ulteriori informazioni sulle singole voci.<\/strong><\/p>\n<\/div><figure class=\"wp-block-media-text__media\"><img decoding=\"async\" width=\"800\" height=\"640\" src=\"https:\/\/www.sitema.de\/wp-content\/uploads\/siforce-tec\/siforce-2-2.jpg\" alt=\"\" class=\"wp-image-13872 size-full\"\/><\/figure><\/div>\n\n\n\n<div class=\"wp-block-media-text is-stacked-on-mobile has-background\" style=\"background-color:#e1e6ea;margin-top:0;margin-bottom:0\"><figure class=\"wp-block-media-text__media\"><img decoding=\"async\" width=\"767\" height=\"511\" src=\"https:\/\/www.sitema.de\/wp-content\/uploads\/siforce-tec\/Bild-1-italienisch.png\" alt=\"\" class=\"wp-image-17254 size-full\" srcset=\"https:\/\/www.sitema.de\/wp-content\/uploads\/siforce-tec\/Bild-1-italienisch.png 767w, https:\/\/www.sitema.de\/wp-content\/uploads\/siforce-tec\/Bild-1-italienisch-300x200.png 300w\" sizes=\"(max-width: 767px) 100vw, 767px\" \/><\/figure><div class=\"wp-block-media-text__content\">\n<h3 class=\"wp-block-heading\" style=\"margin-top:var(--wp--preset--spacing--4-rem)\">Lunga durata<\/h3>\n\n\n\n<p style=\"margin-bottom:var(--wp--preset--spacing--4-rem)\">Nelle unit\u00e0 di serraggio sprovviste di SiForce Technology, la forza di chiusura viene generata da molle centrali a diaframma o molle a spirale che spingono il sistema di serraggio sullo stelo di serraggio. La forza esercitata \u00e8 costante e dipende esclusivamente dalle molle. Ad ogni inserimento del serraggio viene, pertanto, esercitata la forza di posizionamento massima e, in pari misura, l&#8217;usura \u00e8 massima.  <br><br>La tecnologia SiForce per bloccaggio autostringente prevede anche l&#8217;impiego di molle; in questo caso, le molle sono dotate di una forza di gran lunga inferiore alla forza di posizionamento e hanno esclusivamente la funzione di portare il sistema di bloccaggio nella posizione corretta. Non esercitano, quindi, in nessun modo alcuna forza di posizionamento. Questa oluzione consente di caricare il sistema di bloccaggio minimamente nelle semplici operazioni di fissaggio e soltanto con la forza peso, in caso di rilevamento di un carico. Ne consegue, che le teste di serraggio con SiForce Technology hanno una vita utile di molto superiore ai bloccaggi azionati a molla e sprovvisti di questa tecnologia.     <\/p>\n<\/div><\/div>\n\n\n\n<div class=\"wp-block-media-text has-media-on-the-right is-stacked-on-mobile has-background\" style=\"background-color:#e1e6ea;margin-top:0;margin-bottom:0\"><div class=\"wp-block-media-text__content\">\n<h3 class=\"wp-block-heading\" style=\"margin-top:var(--wp--preset--spacing--4-rem)\">Struttura compatta<\/h3>\n\n\n\n<p style=\"margin-bottom:var(--wp--preset--spacing--4-rem)\">La possibilit\u00e0 di fare a meno di ampi pacchetti di molle consente alle teste di serraggio con SiForce Technology di mantenere dimensioni molto contenute. Un esempio: per assicurare un carico di 6 tonnellate, con un fattore di sicurezza &gt;2, un&#8217;unit\u00e0 normale con azionamento a molle, senza SiForce Technology, deve avere un diametro di circa 220 mm con una lunghezza di ca. 315 mm. A titolo di confronto, la testa di serraggio SiForce (come il dispositivo anticaduta KR 56) \u00e8 nettamente pi\u00f9 piccola: diametro di soli 140 mm e una lunghezza di 262 mm! <\/p>\n<\/div><figure class=\"wp-block-media-text__media\"><img decoding=\"async\" width=\"767\" height=\"511\" src=\"https:\/\/www.sitema.de\/wp-content\/uploads\/siforce-tec\/Bild-2-italienisch.png\" alt=\"\" class=\"wp-image-17243 size-full\" srcset=\"https:\/\/www.sitema.de\/wp-content\/uploads\/siforce-tec\/Bild-2-italienisch.png 767w, https:\/\/www.sitema.de\/wp-content\/uploads\/siforce-tec\/Bild-2-italienisch-300x200.png 300w\" sizes=\"(max-width: 767px) 100vw, 767px\" \/><\/figure><\/div>\n\n\n\n<div class=\"wp-block-media-text is-stacked-on-mobile has-background\" style=\"background-color:#e1e6ea;margin-top:0;margin-bottom:0\"><figure class=\"wp-block-media-text__media\"><img decoding=\"async\" width=\"660\" height=\"418\" src=\"https:\/\/www.sitema.de\/wp-content\/uploads\/siforce-tec\/siforce-5.jpg\" alt=\"\" class=\"wp-image-9363 size-full\" srcset=\"https:\/\/www.sitema.de\/wp-content\/uploads\/siforce-tec\/siforce-5.jpg 660w, https:\/\/www.sitema.de\/wp-content\/uploads\/siforce-tec\/siforce-5-300x190.jpg 300w\" sizes=\"(max-width: 660px) 100vw, 660px\" \/><\/figure><div class=\"wp-block-media-text__content\">\n<h3 class=\"wp-block-heading\" style=\"margin-top:var(--wp--preset--spacing--4-rem)\">Forte come un toro, anche nella versione pneumatica<\/h3>\n\n\n\n<p style=\"margin-bottom:var(--wp--preset--spacing--4-rem)\">Per aprire e mantenere aperto un freno lineare con azionamento a molla, sprovvisto di SiForce Technology, \u00e8 necessario superare ogni volta tutta la forza delle molle; questo principio di funzionamento con azionamento pneumatico costringe, pertanto, ad adottare forze di azionamento relativamente contenute. <br><br>Con la SiForce Technology \u00e8 necessario esercitare una pressione di rilascio pari soltanto al peso ridotto del sistema di serraggio conico o a cuneo, oltre alla forza delle molle che tengono in posizione il sistema. Questa soluzione consente ai dispositivi anticaduta SITEMA con tecnologia SiForce di assicurare carichi fino a 22 tonnellate con la sola forza pneumatica. <\/p>\n<\/div><\/div>\n\n\n\n<div class=\"wp-block-media-text has-media-on-the-right is-stacked-on-mobile has-background\" style=\"background-color:#e1e6ea;margin-top:0;margin-bottom:0\"><div class=\"wp-block-media-text__content\">\n<h3 class=\"wp-block-heading\" style=\"margin-top:var(--wp--preset--spacing--4-rem)\">Fattore di sicurezza<\/h3>\n\n\n\n<p>Per le nostre teste di serraggio SITEMA omologate con SiForce Technology (dispositivi anticaduta e freni di sicurezza) \u00e8 previsto un carico ammissibile. L&#8217;omologazione DGUV prescrive, in tal senso, una forza di tenuta minima del fattore 2. In altre parole, il dispositivo deve essere in grado di resistere anche al doppio del carico nominale.<\/p>\n\n\n\n<p style=\"margin-bottom:var(--wp--preset--spacing--4-rem)\">Gli standard interni a SITEMA richiedono, addirittura, un fattore di sicurezza ancora pi\u00f9 elevato. Ne risulta, pertanto, che un dispositivo anticaduta SITEMA KR 40 o KRP 40, con Si Force Technology e una capacit\u00e0 di carico nominale di 3,3 t, abbia una forza di tenuta superiore alle 10 tonnellate! <\/p>\n<\/div><figure class=\"wp-block-media-text__media\"><img decoding=\"async\" width=\"1024\" height=\"652\" src=\"https:\/\/www.sitema.de\/wp-content\/uploads\/siforce-tec\/Bild-3-italienisch-1024x652.png\" alt=\"\" class=\"wp-image-17232 size-full\" srcset=\"https:\/\/www.sitema.de\/wp-content\/uploads\/siforce-tec\/Bild-3-italienisch-1024x652.png 1024w, https:\/\/www.sitema.de\/wp-content\/uploads\/siforce-tec\/Bild-3-italienisch-300x191.png 300w, https:\/\/www.sitema.de\/wp-content\/uploads\/siforce-tec\/Bild-3-italienisch-768x489.png 768w, https:\/\/www.sitema.de\/wp-content\/uploads\/siforce-tec\/Bild-3-italienisch-1536x978.png 1536w, https:\/\/www.sitema.de\/wp-content\/uploads\/siforce-tec\/Bild-3-italienisch-2048x1304.png 2048w\" sizes=\"(max-width: 1024px) 100vw, 1024px\" \/><\/figure><\/div>\n\n\n\n<div class=\"wp-block-media-text is-stacked-on-mobile has-background\" style=\"background-color:#14abe0;margin-top:0;margin-bottom:0\"><figure class=\"wp-block-media-text__media\"><img decoding=\"async\" width=\"660\" height=\"508\" src=\"https:\/\/www.sitema.de\/wp-content\/uploads\/siforce-tec\/siforce-7.jpg\" alt=\"\" class=\"wp-image-9341 size-full\" srcset=\"https:\/\/www.sitema.de\/wp-content\/uploads\/siforce-tec\/siforce-7.jpg 660w, https:\/\/www.sitema.de\/wp-content\/uploads\/siforce-tec\/siforce-7-300x231.jpg 300w\" sizes=\"(max-width: 660px) 100vw, 660px\" \/><\/figure><div class=\"wp-block-media-text__content\">\n<h3 class=\"wp-block-heading\" style=\"margin-top:var(--wp--preset--spacing--4-rem)\">Soccorso di persone<\/h3>\n\n\n\n<p style=\"margin-bottom:var(--wp--preset--spacing--4-rem)\">Cos\u00ec come avviene per molti macchinari, in cui sono installati freni lineari, molte unit\u00e0 di serraggio adottano la pressione idraulica o pneumatica per mantenere l&#8217;apertura. In presenza di una caduta di pressione nel sistema, il serraggio si chiude. Se ci\u00f2 avviene in virt\u00f9 di un malfunzionamento, nelle unit\u00e0 di serraggio con azionamento a molla e sprovviste di SiForce Technology, il carico precipitato pu\u00f2 essere movimentato solo contro la forza di tenuta totale dell&#8217;unit\u00e0, il che spesso \u00e8 impossibile.  <br><br>Nelle teste di serraggio con SiForce Technology, invece, l&#8217;asse pu\u00f2 essere movimentato sempre in direzione opposta al carico, anche in assenza di pressione (stato di chiusura). In questo modo, \u00e8 possibile liberare una persona incastrata in maniera pi\u00f9 veloce e facile, potendone anche salvare la vita. <\/p>\n<\/div><\/div>\n\n\n\n<div class=\"wp-block-media-text has-media-on-the-right is-stacked-on-mobile has-background\" style=\"background-color:#e1e6ea;margin-top:0;margin-bottom:0\"><div class=\"wp-block-media-text__content\">\n<h3 class=\"wp-block-heading\" style=\"margin-top:var(--wp--preset--spacing--4-rem)\">Modalit\u00e0 di funzionamento<\/h3>\n\n\n\n<p>La forza di un sistema di bloccaggio autostringente non deriva dalle molle, ma dall&#8217;energia del carico in discesa che deve essere frenato; mentre nelle applicazioni orizzontali si sfrutta la forza motrice da smorzare. La testa di serraggio SiForce viene mantenuta aperta da pressione idraulica o pneumatica, mentre per la chiusura viene depressurizzata.   <br>Durante il fissaggio di un carico in funzionamento normale, il carico viene fermato dall&#8217;azionamento del macchinario e bloccato dalla testa di serraggio.<br>Il sistema di bloccaggio si appoggia, a tal fine, in un primo momento solo allo stelo, senza accumulare forza di tenuta. Il carico \u00e8 comunque gi\u00e0 fissato, il che viene indicato dalla testa di serraggio con un apposito segnale. Il bloccaggio pu\u00f2 poi essere rimosso con una semplice pressurizzazione.  <\/p>\n\n\n\n<p>Forza di tenuta superiore.<\/p>\n\n\n\n<p style=\"margin-bottom:var(--wp--preset--spacing--4-rem)\">In caso di malfunzionamento del freno del macchinario o dell&#8217;azionamento, ovvero, quando il carico cade, nonostante sia fissato e assicurato, il sistema di serraggio si contrae e accumula un&#8217;elevata forza di tenuta autostringente. In questo caso vale: quanto maggiore \u00e8 la forza assiale, tanto pi\u00f9 saldo sar\u00e0 il serraggio e pi\u00f9 elevata la forza di tenuta. <\/p>\n<\/div><figure class=\"wp-block-media-text__media\"><img decoding=\"async\" width=\"533\" height=\"260\" src=\"https:\/\/www.sitema.de\/wp-content\/uploads\/grafiken-animationen\/siforce-8.png\" alt=\"\" class=\"wp-image-13857 size-full\"\/><\/figure><\/div>\n\n\n\n<div class=\"wp-block-media-text is-stacked-on-mobile has-background\" style=\"background-color:#e1e6ea;margin-top:0;margin-bottom:0\"><figure class=\"wp-block-media-text__media\"><img decoding=\"async\" width=\"660\" height=\"508\" src=\"https:\/\/www.sitema.de\/wp-content\/uploads\/siforce-tec\/siforce-9.jpg\" alt=\"\" class=\"wp-image-9319 size-full\" srcset=\"https:\/\/www.sitema.de\/wp-content\/uploads\/siforce-tec\/siforce-9.jpg 660w, https:\/\/www.sitema.de\/wp-content\/uploads\/siforce-tec\/siforce-9-300x231.jpg 300w\" sizes=\"(max-width: 660px) 100vw, 660px\" \/><\/figure><div class=\"wp-block-media-text__content\">\n<h3 class=\"wp-block-heading\" style=\"margin-top:var(--wp--preset--spacing--4-rem)\">Protezione da guasti assoluta<\/h3>\n\n\n\n<p style=\"margin-bottom:var(--wp--preset--spacing--4-rem)\">Mentre un freno lineare con azionamento a molla senza SiForce Technology pu\u00f2 sempre essere aperto sotto carico, a causa di un malfunzionamento o un uso scorretto, nei dispositivi con SiForce Technology \u00e8 prima necessario garantire il passaggio del carico ad un altro dispositivo. Il serraggio deve, pertanto, essere depressurizzato solo (e soltanto!) dopo aver assicurato il carico in altro modo, prima di procedere all&#8217;apertura del serraggio. Di giusta regola, il serraggio pu\u00f2 essere depressurizzato, ovvero sollevare il carico, quando \u00e8 stato predisposto un altro dispositivo che prenda in consegna il carico, come l&#8217;azionamento aggiustato del macchinario.La SiForce Technology garantisce, pertanto, in automatico, che \u00e8 sicuro rilasciare il serraggio, poich\u00e9 il carico deve prima essere stato fissato in altro modo. Ben da sapere: se la testa di serraggio con SiForce Technology ha &#8220;solo&#8221; assicurato il carico, ma non ancora effettuato il passaggio, \u00e8 possibile aprirla con una semplice pressurizzazione, proprio come un freno lineare ad azionamento a molla.    <\/p>\n<\/div><\/div>\n\n\n\n<div class=\"wp-block-media-text has-media-on-the-right is-stacked-on-mobile has-background\" style=\"background-color:#f1f1f1;margin-top:0;margin-bottom:0\"><div class=\"wp-block-media-text__content\">\n<h3 class=\"wp-block-heading\" style=\"margin-top:var(--wp--preset--spacing--4-rem)\">Nessuno &#8220;svincolo&#8221; necessario<\/h3>\n\n\n\n<p>Nel nostro settore si sente spesso la diceria, secondo cui i sistemi di serraggio autostringenti debbano essere &#8220;svincolati&#8221;, il che rappresenterebbe un aspetto negativo. Tuttavia, questa affermazione non \u00e8 corretta. Non esiste alcuna necessit\u00e0 di &#8220;svincolare&#8221;, tanto meno, dal punto di vista di un&#8217;analisi di sicurezza, si pu\u00f2 intendere una protezione contro la caduta accidentale come uno svantaggio.  <\/p>\n\n\n\n<p class=\"has-orange-50-color has-text-color has-link-color wp-elements-e21c9fcac4695f591f68b1026d80531d\" style=\"margin-bottom:var(--wp--preset--spacing--4-rem)\"><strong>Prestate, pertanto, sempre attenzione alla presenza del logo SiForce sul freno lineare da impiegare, per garantire la totale protezione degli operatori del vostro impianto.<\/strong><\/p>\n<\/div><figure class=\"wp-block-media-text__media\"><img decoding=\"async\" width=\"648\" height=\"350\" src=\"https:\/\/www.sitema.de\/wp-content\/uploads\/siforce-tec\/product-extra-1.jpg\" alt=\"\" class=\"wp-image-13245 size-full\"\/><\/figure><\/div>\n<\/div>\n","protected":false},"excerpt":{"rendered":"<p>Un marchio solido dietro ad una tecnologia unica nel suo genere La tecnologia per il bloccaggio autostrigente, conosciuta a livello mondiale, ha un nome. La riconoscibilit\u00e0 ci consente di creare trasparenza sul mercato delle teste di serraggio e dei freni lineari. In questo contesto, SiForce Technology non \u00e8 soltanto sinonimo di sicurezza, ma, al contempo, [&hellip;]<\/p>\n","protected":false},"author":1,"featured_media":0,"parent":10403,"menu_order":0,"comment_status":"closed","ping_status":"closed","template":"","meta":{"_acf_changed":false,"_seopress_robots_primary_cat":"","_seopress_titles_title":"SiForce Technology - %%sitetitle%%","_seopress_titles_desc":"Scoprite SiForce Technology, un marchio leader nella tecnologia di serraggio. I nostri prodotti garantiscono la massima sicurezza per l'uomo e la macchina e offrono vantaggi come la prevenzione degli incidenti, il rilascio automatico sicuro e una lunga durata.","_seopress_robots_index":"","footnotes":""},"class_list":["post-10457","page","type-page","status-publish","hentry"],"acf":[],"_links":{"self":[{"href":"https:\/\/www.sitema.de\/it\/wp-json\/wp\/v2\/pages\/10457","targetHints":{"allow":["GET"]}}],"collection":[{"href":"https:\/\/www.sitema.de\/it\/wp-json\/wp\/v2\/pages"}],"about":[{"href":"https:\/\/www.sitema.de\/it\/wp-json\/wp\/v2\/types\/page"}],"author":[{"embeddable":true,"href":"https:\/\/www.sitema.de\/it\/wp-json\/wp\/v2\/users\/1"}],"replies":[{"embeddable":true,"href":"https:\/\/www.sitema.de\/it\/wp-json\/wp\/v2\/comments?post=10457"}],"version-history":[{"count":7,"href":"https:\/\/www.sitema.de\/it\/wp-json\/wp\/v2\/pages\/10457\/revisions"}],"predecessor-version":[{"id":66760,"href":"https:\/\/www.sitema.de\/it\/wp-json\/wp\/v2\/pages\/10457\/revisions\/66760"}],"up":[{"embeddable":true,"href":"https:\/\/www.sitema.de\/it\/wp-json\/wp\/v2\/pages\/10403"}],"wp:attachment":[{"href":"https:\/\/www.sitema.de\/it\/wp-json\/wp\/v2\/media?parent=10457"}],"curies":[{"name":"wp","href":"https:\/\/api.w.org\/{rel}","templated":true}]}}