{"id":10422,"date":"2024-02-08T11:45:12","date_gmt":"2024-02-08T10:45:12","guid":{"rendered":"https:\/\/www.sitema.de\/impresa\/storia\/"},"modified":"2025-02-10T13:19:44","modified_gmt":"2025-02-10T13:19:44","slug":"storia","status":"publish","type":"page","link":"https:\/\/www.sitema.de\/it\/impresa\/storia\/","title":{"rendered":"Storia"},"content":{"rendered":"\n<section class=\"wp-block-group alignfull header-generic has-global-padding is-layout-constrained wp-block-group-is-layout-constrained\" id=\"header-generic\">\n<div class=\"wp-block-cover alignfull\" style=\"min-height:350px;aspect-ratio:unset;\"><span aria-hidden=\"true\" class=\"wp-block-cover__background has-background-dim-30 has-background-dim wp-block-cover__gradient-background has-background-gradient\" style=\"background:linear-gradient(90deg,rgb(128,128,128) 0%,rgba(0,0,0,0) 100%)\"><\/span><img decoding=\"async\" width=\"1180\" height=\"330\" class=\"wp-block-cover__image-background wp-image-7551\" alt=\"banner historie\" src=\"https:\/\/www.sitema.de\/wp-content\/uploads\/icons-symbole-banner\/banner-historie.jpg\" data-object-fit=\"cover\" srcset=\"https:\/\/www.sitema.de\/wp-content\/uploads\/icons-symbole-banner\/banner-historie.jpg 1180w, https:\/\/www.sitema.de\/wp-content\/uploads\/icons-symbole-banner\/banner-historie-300x84.jpg 300w, https:\/\/www.sitema.de\/wp-content\/uploads\/icons-symbole-banner\/banner-historie-1024x286.jpg 1024w, https:\/\/www.sitema.de\/wp-content\/uploads\/icons-symbole-banner\/banner-historie-768x215.jpg 768w\" sizes=\"(max-width: 1180px) 100vw, 1180px\" \/><div class=\"wp-block-cover__inner-container has-global-padding is-layout-constrained wp-block-cover-is-layout-constrained\">\n<h1 class=\"wp-block-heading has-text-align-left has-blue-20-color has-text-color has-title-h-1-font-size\">LA STORIA<\/h1>\n\n\n\n<h2 class=\"wp-block-heading has-text-align-left has-blue-20-color has-text-color has-headline-h-2-font-size\">DELLA TESTA DI SERRAGGIO<\/h2>\n<\/div><\/div>\n<\/section>\n\n\n\n<div class=\"wp-block-group is-style-overlap border-radius-4 has-global-padding is-layout-constrained wp-block-group-is-layout-constrained\">\n<div class=\"wp-block-media-text is-stacked-on-mobile is-image-fill-element has-white-background-color has-background\" style=\"margin-top:0;margin-bottom:0\"><figure class=\"wp-block-media-text__media\"><img decoding=\"async\" src=\"https:\/\/www.sitema.de\/wp-content\/themes\/sitema\/assets\/images\/historie-1.jpg\" alt=\"\" class=\"wp-image-5561 size-full\" style=\"object-position:50% 50%\"\/><\/figure><div class=\"wp-block-media-text__content\">\n<h3 class=\"wp-block-heading\">1979 &#8211; Inizio<\/h3>\n\n\n\n<h5 class=\"wp-block-heading has-orange-50-color has-text-color has-headline-h-5-font-size\">Migliorare la sicurezza<\/h5>\n\n\n\n<p style=\"margin-bottom:var(--wp--preset--spacing--3-rem)\">La storia della testa di serraggio \u00e8 inesorabilmente legata a due nomi: il Dr. Erich Schmalenbach e Adolf Rastetter.<br>Tutto ebbe inizio nel 1979, quando Adolf Rastetter lavorava come manutentore di ascensori. <br><br>Sconvolto da un tragico incidente negli USA, decise di migliorare la sicurezza degli ascensori idraulici. Fino ad allora, il carico era sostenuto dalla colonna d&#8217;olio di un cilindro idraulico installato direttamente sotto la cabina e responsabile del suo sollevamento. In seguito a guasto a una tubazione o a una valvola, l&#8217;ascensore precipitava.   Rastetter ebbe un&#8217;idea: se fosse riuscito a convogliare la notevole forza peso della cabina dell&#8217;ascensore nel corpo del cilindro idraulico, l&#8217;ascensore avrebbe potuto essere sostenuto dal corpo e sarebbe stato protetto dal pericolo di caduta.<\/p>\n<\/div><\/div>\n\n\n\n<div class=\"wp-block-media-text has-media-on-the-right is-stacked-on-mobile is-image-fill-element has-white-background-color has-background\" style=\"margin-top:0;margin-bottom:0\"><div class=\"wp-block-media-text__content\">\n<h5 class=\"wp-block-heading has-orange-50-color has-text-color has-headline-h-5-font-size\">Il dispositivo bloccapistone<\/h5>\n\n\n\n<p>Dopo lunghi ripensamenti, ecco l&#8217;idea geniale: proprio come un lottatore che sfrutta a suo favore l&#8217;energia e il peso dell&#8217;avversario, l&#8217;energia della massa da bloccare poteva essere utilizzata per generare le forze necessarie. Nacque cos\u00ec un sistema di serraggio ad autoalimentazione che aderiva alla barra del pistone e bloccava il carico spingendolo contro il sistema di serraggio, che di conseguenza si contraeva. La forza di tenuta sulla barra \u00e8 direttamente proporzionale al carico e all&#8217;energia dell&#8217;ascensore.  <br><\/p>\n\n\n\n<p>Sulla base di questo principio, Rastetter realizz\u00f2 i primi prototipi e li sottopose al T\u00dcV responsabile per la sicurezza degli ascensori. I test di collaudo vennero superati con successo. <br>Nacquero cos\u00ec i primi &#8220;dispositivi bloccapistone&#8221;, un nome ancora utilizzato nel gergo degli ascensori.<br><\/p>\n\n\n\n<p style=\"margin-bottom:var(--wp--preset--spacing--3-rem)\">oooooo<\/p>\n<\/div><figure class=\"wp-block-media-text__media\"><img decoding=\"async\" src=\"https:\/\/www.sitema.de\/wp-content\/themes\/sitema\/assets\/images\/historie-2.jpg\" alt=\"\" class=\"wp-image-5572 size-full\" style=\"object-position:50% 50%\"\/><\/figure><\/div>\n\n\n\n<div class=\"wp-block-media-text is-stacked-on-mobile is-image-fill-element has-white-background-color has-background\" style=\"margin-top:0;margin-bottom:0\"><figure class=\"wp-block-media-text__media\"><img decoding=\"async\" src=\"https:\/\/www.sitema.de\/wp-content\/themes\/sitema\/assets\/images\/historie-3.jpg\" alt=\"\" class=\"wp-image-5617 size-full\" style=\"object-position:50% 50%\"\/><\/figure><div class=\"wp-block-media-text__content\">\n<h5 class=\"wp-block-heading has-orange-50-color has-text-color has-headline-h-5-font-size\">La testa di serraggio e la nascita di SITEMA<\/h5>\n\n\n\n<p>Questo fu solo il primo passo. Per trasformare la tecnologia in un successo commerciale e per fondare un&#8217;azienda di successo, erano necessari una serie di step: definire altri campi applicativi promettenti, creare sistematicamente una gamma di prodotti completa, elaborare basi teoriche, organizzare la produzione e molto ancora. <br>Nella figura del Dr. Erich Schmalenbach, Adolf Rastetter trov\u00f2 il partner ideale per portare avanti il progetto. Grazie alla sua esperienza nelle costruzioni e nello sviluppo, Erich Schmalenbach riesc\u00ec a sviluppare e realizzare altre idee. Inoltre, serviva un concetto di marketing e un nome del prodotto adatto a tutti i campi applicativi. Nacque cos\u00ec il termine &#8220;testa di serraggio&#8221;, una definizione che accomunava dispositivi bloccapistone, dispositivi anticaduta, sistemi di ritenuta e molto ancora. Altrettanto ingegnoso il nome dell&#8217;azienda: SITEMA, composto da SIcherheitsTEchnik im MAschinenbau (sicurezza tecnica nelle costruzioni meccaniche).    <\/p>\n\n\n\n<h5 class=\"wp-block-heading has-orange-50-color has-text-color has-headline-h-5-font-size\">Alla ricerca di un mercato<\/h5>\n\n\n\n<p style=\"margin-bottom:var(--wp--preset--spacing--3-rem)\">Nonostante le idee brillanti e la tecnologia ingegnosa, il successo si fece attendere. I produttori di ascensori non volevano dipendere da SITEMA e preferivano installare una serie di sistemi di sicurezza che, obiettivamente, garantivano un grado di sicurezza sufficiente in caso di guasto al sistema idraulico. <br>I &#8220;dispositivi bloccapistone&#8221;, dunque, non divennero il prodotto di punta di SITEMA, ma restarono piuttosto articoli di nicchia, fatta eccezione per alcuni singoli progetti.<br>Come quello di un ascensore idraulico nella sede del Bundestag di Bonn, equipaggiato con un dispositivo bloccapistone. In questo particolare progetto, era necessario che la porta dell&#8217;ascensore rimanesse sempre aperta al piano pi\u00f9 alto, in modo che il presidente del Bundestag potesse entrare senza dover attendere. Questo era fattibile solo con un dispositivo anticaduta meccanico.  <br><br>La sopravvivenza di SITEMA dipese tuttavia dalla scoperta di altri campi applicativi per le teste di serraggio.<\/p>\n<\/div><\/div>\n\n\n\n<div class=\"wp-block-media-text has-media-on-the-right is-stacked-on-mobile is-image-fill-element has-white-background-color has-background\" style=\"margin-top:0;margin-bottom:0\"><div class=\"wp-block-media-text__content\">\n<h3 class=\"wp-block-heading\">1984<\/h3>\n\n\n\n<h5 class=\"wp-block-heading has-orange-50-color has-text-color has-headline-h-5-font-size\">L&#8217;esordio nel settore meccanico<\/h5>\n\n\n\n<p>Il successo della tecnologia SITEMA \u00e8 legato al settore delle presse idrauliche. Per tutte le presse, la norma EN 693 (oggi: ISO 16092) prevede l&#8217;impiego di un dispositivo meccanico di ritenuta costantemente fissato alla pressa o montato al suo interno, per prevenire la caduta del pesante corsoio della pressa. Rispetto alle soluzioni tecniche tradizionali, la testa di serraggio SITEMA offre diversi vantaggi. Per esempio, pu\u00f2 agire in continuo su qualsiasi punto e pu\u00f2 essere attivata persino dal movimento. La testa di serraggio garantisce protezione da sovraccarico, funziona anche in caso di interruzione di energia e rilascio accidentale e molto ancora.    <\/p>\n\n\n\n<p>Queste caratteristiche tecniche convinsero anche le associazioni di categoria responsabili per la sicurezza delle presse (l&#8217;attuale DGUV, ossia l&#8217;assicurazione legale tedesca contro gli infortuni), che approv\u00f2 ufficialmente il dispositivo anticaduta SITEMA. Nel 1984 fu emessa la prima certificazione e, ancora oggi, il DGUV attesta regolarmente la conformit\u00e0 dei dispositivi anticaduta, dei freni e dei sistemi di ritenuta SITEMA con i pi\u00f9 severi requisiti &#8211; anche per il settore della meccanica in Germania. <\/p>\n\n\n\n<h5 class=\"wp-block-heading has-orange-50-color has-text-color has-headline-h-5-font-size\">Definizione degli standard di sicurezza<\/h5>\n\n\n\n<p>La fiducia del DGUV nei dispositivi anticaduta SITEMA fu presto condivisa anche dai clienti in tutto il mondo. Fu cos\u00ec che clienti provenienti da altri settori delle costruzioni meccaniche si rivolsero a SITEMA per la messa in sicurezza dei carichi sospesi. Applicazioni diverse richiedevano tecnologie differenti, il che port\u00f2 alla nascita di un altro gruppo di prodotti: i &#8220;dispositivi bloccastelo&#8221;, per il blocco di carichi in lento movimento o fermi. Per esempio, i sipari teatrali o i piani elevatori. Anche i dispositivi bloccastelo si avvalevano della tecnologia ad autoalimentazione, unica al mondo.    <\/p>\n\n\n\n<p style=\"margin-bottom:var(--wp--preset--spacing--3-rem)\">In seguito alla crescente richiesta di un sistema di serraggio preciso in termini di posizionamento, ad esempio per la ritenuta nei processi di produzione, l&#8217;azienda svilupp\u00f2, con il gruppo di prodotti &#8220;unit\u00e0 di arresto&#8221;, teste di serraggio azionate a molla, in grado di sostenere la forza in entrambe le direzioni in una posizione ben precisa. Col tempo furono sviluppate altre serie di prodotti per applicazioni esterne, su misura per la forma dei cilindri standard e per macchine utensili, nonch\u00e9 serie omologate da Lloyd&#8217;s Register e dal DGUV. <\/p>\n<\/div><figure class=\"wp-block-media-text__media\"><img decoding=\"async\" src=\"https:\/\/www.sitema.de\/wp-content\/themes\/sitema\/assets\/images\/historie-4.jpg\" alt=\"\" class=\"wp-image-5583 size-full\" style=\"object-position:50% 50%\"\/><\/figure><\/div>\n\n\n\n<div class=\"wp-block-media-text is-stacked-on-mobile is-image-fill-element has-white-background-color has-background\" style=\"margin-top:0;margin-bottom:0\"><figure class=\"wp-block-media-text__media\"><img decoding=\"async\" src=\"https:\/\/www.sitema.de\/wp-content\/themes\/sitema\/assets\/images\/historie-5.jpg\" alt=\"\" class=\"wp-image-5594 size-full\" style=\"object-position:50% 50%\"\/><\/figure><div class=\"wp-block-media-text__content\">\n<h3 class=\"wp-block-heading\">Met\u00e0 degli anni 2000<\/h3>\n\n\n\n<h5 class=\"wp-block-heading has-orange-50-color has-text-color has-headline-h-5-font-size\">Altre applicazioni<\/h5>\n\n\n\n<p>Recentemente le richieste dei costruttori di sistemi di automazione sono vertiginosamente aumentate. In particolare la richiesta di teste di serraggio pneumatiche per il fissaggio di piccoli carichi, sempre con l&#8217;affermata tecnologia ad autoalimentazione. In seguito alle corse ridotte e ai movimenti rapidi tipici dei sistemi di automazione, la sfida era realizzare &#8220;spostamenti&#8221; inferiori rispetto al dispositivo anticaduta tradizionale. SITEMA rispose alla sfida con un nuovo gruppo di prodotti, ossia i freni di sicurezza, che ottennero in breve tempo l&#8217;omologazione DGUV.   <\/p>\n\n\n\n<p style=\"margin-bottom:var(--wp--preset--spacing--3-rem)\">Ma l&#8217;ingegno di SITEMA non era limitato alla sicurezza e alla ritenuta dei carichi. Con il PowerStroke, SITEMA ha realizzato una sorta di cilindro a corsa breve. Questa testa di serraggio si ferma in un punto qualsiasi di una barra a sezione tonda, dove \u00e8 in grado di comprimere o estendere fino a 20 mm esercitando una forza notevole. Questa tecnologia trova impiego nelle applicazioni che richiedono spostamenti grandi e veloci e la forza di processo vera e propria \u00e8 necessaria solo su una breve distanza, come nella chiusura di uno stampo nelle macchine per iniettofusione o nelle presse per stampi. Queste teste di serraggio sono adatte anche per processi di assemblaggio, impianti a deformazione o banchi di prova. In breve, ovunque ci sia una separazione tra corsa di espansione e corsa di lavoro, per costruire macchine pi\u00f9 compatte, che richiedono meno energia rispetto alle macchine tradizionali.     <\/p>\n<\/div><\/div>\n\n\n\n<div class=\"wp-block-media-text has-media-on-the-right is-stacked-on-mobile is-image-fill-element has-white-background-color has-background\" style=\"margin-top:0;margin-bottom:0\"><div class=\"wp-block-media-text__content\">\n<h5 class=\"wp-block-heading has-orange-50-color has-text-color has-headline-h-5-font-size\">Cosa ci riserva il futuro?<\/h5>\n\n\n\n<p>Grazie all&#8217;ampia variet\u00e0, le teste di serraggio trovano impiego laddove \u00e8 necessario assicurare, arrestare o azionare con forza i movimenti lineari. I campi di applicazione non si limitano al settore della meccanica, come la produzione di presse idrauliche, macchine utensili, applicazioni con cilindri pneumatici e idraulici, portali, pallettizzatori, banchi di prova, sistemi di automazione e cos\u00ec via, ma comprendono anche impianti come seggiovie, scavatrici per fratturazione carbone, fondi mobili per piscine e ponti. Nell&#8217;area Applicazioni del nostro sito web trovate molti altri esempi.  <\/p>\n\n\n\n<p style=\"margin-bottom:var(--wp--preset--spacing--3-rem)\">La storia della testa di serraggio non \u00e8 ancora finita. SITEMA investe costantemente nella ricerca di nuove tecnologie, non solo per migliorare i prodotti esistenti, ma anche per sviluppare nuove teste di serraggio, che serviranno per le macchine del futuro. <\/p>\n<\/div><figure class=\"wp-block-media-text__media\"><img decoding=\"async\" src=\"https:\/\/www.sitema.de\/wp-content\/themes\/sitema\/assets\/images\/historie-6.jpg\" alt=\"\" class=\"wp-image-5605 size-full\" style=\"object-position:50% 50%\"\/><\/figure><\/div>\n<\/div>\n\n\n\n<section class=\"wp-block-group alignfull has-global-padding is-layout-constrained wp-block-group-is-layout-constrained\" id=\"pattern-cover-section\" style=\"margin-top:var(--wp--preset--spacing--5-rem)\">\n<div class=\"wp-block-cover alignfull is-light\" style=\"margin-bottom:0px;min-height:360px;aspect-ratio:unset;\"><span aria-hidden=\"true\" class=\"wp-block-cover__background has-background-dim-0 has-background-dim\" style=\"background-color:#bbb9bc\"><\/span><img decoding=\"async\" class=\"wp-block-cover__image-background wp-image-32068\" alt=\"\" src=\"https:\/\/www.sitema.de\/wp-content\/uploads\/icons-symbole-banner\/home-slider-2-2.jpg\" data-object-fit=\"cover\"\/><div class=\"wp-block-cover__inner-container is-layout-flow wp-block-cover-is-layout-flow\">\n<div class=\"wp-block-group has-global-padding is-layout-constrained wp-block-group-is-layout-constrained\">\n<h3 class=\"wp-block-heading has-blue-20-color has-text-color\">Le nostre soluzioni in sintesi<\/h3>\n\n\n\n<p>Conoscete i prodotti SITEMA.<\/p>\n\n\n\n<div class=\"wp-block-buttons is-layout-flex wp-block-buttons-is-layout-flex\" style=\"margin-top:var(--wp--preset--spacing--2-rem);margin-bottom:var(--wp--preset--spacing--2-rem)\">\n<div class=\"wp-block-button has-custom-font-size is-style-default has-base-font-size\"><a class=\"wp-block-button__link wp-element-button\" href=\"https:\/\/www.sitema.de\/de\/produkte\/\"><strong>Sommario dei prodotti<\/strong><\/a><\/div>\n<\/div>\n<\/div>\n<\/div><\/div>\n<\/section>\n\n\n\n<div id=\"product-column-icons\" class=\"wp-block-group product-column-icons is-style-overlap has-global-padding is-layout-constrained wp-block-group-is-layout-constrained\">\n<div class=\"wp-block-columns is-layout-flex wp-container-core-columns-is-layout-fe0db1f2 wp-block-columns-is-layout-flex\" style=\"margin-bottom:var(--wp--preset--spacing--8-rem)\">\n<div class=\"wp-block-column border-radius-4 has-white-background-color has-background is-layout-flow wp-block-column-is-layout-flow\" style=\"padding-top:var(--wp--preset--spacing--2-rem);padding-right:var(--wp--preset--spacing--2-rem);padding-bottom:var(--wp--preset--spacing--2-rem);padding-left:var(--wp--preset--spacing--2-rem)\">\n<figure class=\"wp-block-image aligncenter size-full\"><img decoding=\"async\" width=\"50\" height=\"51\" src=\"https:\/\/www.sitema.de\/wp-content\/uploads\/powerstroke\/icon-product-1.png\" alt=\"\" class=\"wp-image-9725\"\/><\/figure>\n\n\n\n<h5 class=\"wp-block-heading has-text-align-center has-blue-20-color has-text-color has-link-color wp-elements-62fecf7788a8c3959d3b594db3c40c88\" style=\"margin-top:var(--wp--preset--spacing--2-rem);margin-bottom:var(--wp--preset--spacing--1-rem)\"><a href=\"https:\/\/www.sitema.de\/it\/produkte\/?fp=function4\">Assicurare<\/a><\/h5>\n\n\n\n<p class=\"has-text-align-center\">Proteggere dall carico sollevato<\/p>\n<\/div>\n\n\n\n<div class=\"wp-block-column border-radius-4 has-white-background-color has-background is-layout-flow wp-block-column-is-layout-flow\" style=\"padding-top:var(--wp--preset--spacing--2-rem);padding-right:var(--wp--preset--spacing--2-rem);padding-bottom:var(--wp--preset--spacing--2-rem);padding-left:var(--wp--preset--spacing--2-rem)\">\n<figure class=\"wp-block-image aligncenter size-full\"><img decoding=\"async\" width=\"50\" height=\"51\" src=\"https:\/\/www.sitema.de\/wp-content\/uploads\/powerstroke\/icon-product-2.png\" alt=\"\" class=\"wp-image-9736\"\/><\/figure>\n\n\n\n<h5 class=\"wp-block-heading has-text-align-center has-blue-20-color has-text-color has-link-color wp-elements-b792d66fa049c38c05f663842ad46941\" style=\"margin-top:var(--wp--preset--spacing--2-rem);margin-bottom:var(--wp--preset--spacing--1-rem)\"><a href=\"https:\/\/www.sitema.de\/it\/produkte\/?fp=function3\">Mantenere la posizione<\/a><\/h5>\n\n\n\n<p class=\"has-text-align-center\">Bloccare un asse<\/p>\n<\/div>\n\n\n\n<div class=\"wp-block-column border-radius-4 has-white-background-color has-background is-layout-flow wp-block-column-is-layout-flow\" style=\"padding-top:var(--wp--preset--spacing--2-rem);padding-right:var(--wp--preset--spacing--2-rem);padding-bottom:var(--wp--preset--spacing--2-rem);padding-left:var(--wp--preset--spacing--2-rem)\">\n<figure class=\"wp-block-image aligncenter size-full\"><img decoding=\"async\" width=\"50\" height=\"51\" src=\"https:\/\/www.sitema.de\/wp-content\/uploads\/powerstroke\/icon-product-3.png\" alt=\"\" class=\"wp-image-9747\"\/><\/figure>\n\n\n\n<h5 class=\"wp-block-heading has-text-align-center has-blue-20-color has-text-color has-link-color wp-elements-1d5bbbb6076a9d1b05d986c3419ca12a\" style=\"margin-top:var(--wp--preset--spacing--2-rem);margin-bottom:var(--wp--preset--spacing--1-rem)\"><a href=\"https:\/\/www.sitema.de\/it\/produkte\/?fp=function1\">Contropresa<\/a><\/h5>\n\n\n\n<p class=\"has-text-align-center\">Tenere contro una forza<\/p>\n<\/div>\n\n\n\n<div class=\"wp-block-column border-radius-4 has-white-background-color has-background is-layout-flow wp-block-column-is-layout-flow\" style=\"padding-top:var(--wp--preset--spacing--2-rem);padding-right:var(--wp--preset--spacing--2-rem);padding-bottom:var(--wp--preset--spacing--2-rem);padding-left:var(--wp--preset--spacing--2-rem)\">\n<figure class=\"wp-block-image aligncenter size-full\"><img decoding=\"async\" width=\"50\" height=\"51\" src=\"https:\/\/www.sitema.de\/wp-content\/uploads\/powerstroke\/icon-product-4.png\" alt=\"\" class=\"wp-image-9758\"\/><\/figure>\n\n\n\n<h5 class=\"wp-block-heading has-text-align-center has-blue-20-color has-text-color has-link-color wp-elements-908f92290c674c31176a002c4efc14fb\" style=\"margin-top:var(--wp--preset--spacing--2-rem);margin-bottom:var(--wp--preset--spacing--1-rem)\"><a href=\"https:\/\/www.sitema.de\/it\/produkte\/?fp=function2\">Azionare<\/a><\/h5>\n\n\n\n<p class=\"has-text-align-center\">Generare grandi forze su una breve distanza<\/p>\n<\/div>\n<\/div>\n<\/div>\n","protected":false},"excerpt":{"rendered":"<p>1979 &#8211; Inizio Migliorare la sicurezza La storia della testa di serraggio \u00e8 inesorabilmente legata a due nomi: il Dr. Erich Schmalenbach e Adolf Rastetter.Tutto ebbe inizio nel 1979, quando Adolf Rastetter lavorava come manutentore di ascensori. Sconvolto da un tragico incidente negli USA, decise di migliorare la sicurezza degli ascensori idraulici. Fino ad allora, [&hellip;]<\/p>\n","protected":false},"author":1,"featured_media":0,"parent":10403,"menu_order":0,"comment_status":"closed","ping_status":"closed","template":"","meta":{"_acf_changed":false,"_seopress_robots_primary_cat":"","_seopress_titles_title":"Storia - %%sitetitle%%","_seopress_titles_desc":"Scoprite la storia di SITEMA, pioniere nello sviluppo di tecnologie innovative per il bloccaggio e la frenatura industriale dal 1979. Dagli inizi con il primo sistema di frenatura idraulica per ascensori alla diversificazione odierna nelle teste di bloccaggio multi-drive, il nostro impegno per l'eccellenza continua a guidare l'industria in avanti.","_seopress_robots_index":"","footnotes":""},"class_list":["post-10422","page","type-page","status-publish","hentry"],"acf":[],"_links":{"self":[{"href":"https:\/\/www.sitema.de\/it\/wp-json\/wp\/v2\/pages\/10422","targetHints":{"allow":["GET"]}}],"collection":[{"href":"https:\/\/www.sitema.de\/it\/wp-json\/wp\/v2\/pages"}],"about":[{"href":"https:\/\/www.sitema.de\/it\/wp-json\/wp\/v2\/types\/page"}],"author":[{"embeddable":true,"href":"https:\/\/www.sitema.de\/it\/wp-json\/wp\/v2\/users\/1"}],"replies":[{"embeddable":true,"href":"https:\/\/www.sitema.de\/it\/wp-json\/wp\/v2\/comments?post=10422"}],"version-history":[{"count":9,"href":"https:\/\/www.sitema.de\/it\/wp-json\/wp\/v2\/pages\/10422\/revisions"}],"predecessor-version":[{"id":75318,"href":"https:\/\/www.sitema.de\/it\/wp-json\/wp\/v2\/pages\/10422\/revisions\/75318"}],"up":[{"embeddable":true,"href":"https:\/\/www.sitema.de\/it\/wp-json\/wp\/v2\/pages\/10403"}],"wp:attachment":[{"href":"https:\/\/www.sitema.de\/it\/wp-json\/wp\/v2\/media?parent=10422"}],"curies":[{"name":"wp","href":"https:\/\/api.w.org\/{rel}","templated":true}]}}