{"id":18167,"date":"2024-02-02T12:19:48","date_gmt":"2024-02-02T12:19:48","guid":{"rendered":"https:\/\/www.sitema.de\/contact\/demande-concrete\/"},"modified":"2024-08-19T06:50:31","modified_gmt":"2024-08-19T06:50:31","slug":"demande-concrete","status":"publish","type":"page","link":"https:\/\/www.sitema.de\/fr\/contact\/demande-concrete\/","title":{"rendered":"Demande concr\u00e8te"},"content":{"rendered":"\n<section class=\"wp-block-group alignfull header-generic has-global-padding is-layout-constrained wp-block-group-is-layout-constrained\" id=\"header-generic\">\n<div class=\"wp-block-cover alignfull\" style=\"min-height:350px;aspect-ratio:unset;\"><span aria-hidden=\"true\" class=\"wp-block-cover__background has-background-dim-60 has-background-dim wp-block-cover__gradient-background has-background-gradient\" style=\"background:linear-gradient(90deg,rgb(255,255,255) 0%,rgba(0,0,0,0) 100%)\"><\/span><img decoding=\"async\" width=\"1180\" height=\"330\" class=\"wp-block-cover__image-background wp-image-9381\" alt=\"\" src=\"https:\/\/www.sitema.de\/wp-content\/uploads\/icons-symbole-banner\/sitema.jpg\" data-object-fit=\"cover\" srcset=\"https:\/\/www.sitema.de\/wp-content\/uploads\/icons-symbole-banner\/sitema.jpg 1180w, https:\/\/www.sitema.de\/wp-content\/uploads\/icons-symbole-banner\/sitema-300x84.jpg 300w, https:\/\/www.sitema.de\/wp-content\/uploads\/icons-symbole-banner\/sitema-1024x286.jpg 1024w, https:\/\/www.sitema.de\/wp-content\/uploads\/icons-symbole-banner\/sitema-768x215.jpg 768w\" sizes=\"(max-width: 1180px) 100vw, 1180px\" \/><div class=\"wp-block-cover__inner-container has-global-padding is-layout-constrained wp-block-cover-is-layout-constrained\">\n<h1 class=\"wp-block-heading has-text-align-left has-blue-20-color has-text-color has-title-h-1-font-size\">Demande concr\u00e8te<\/h1>\n<\/div><\/div>\n<\/section>\n\n<div class=\"wp-block-group is-style-overlap has-global-padding is-layout-constrained wp-block-group-is-layout-constrained\">\r\n\r\n\r\n<div class=\"bootstrap-custom-container\">\r\n    <div id=\"cookie-error\" class=\"col-12 d-none\">\r\n        <div class=\"alert alert-danger alert-dismissible fade show\" role=\"alert\">\r\n            Erreur : Les cookies doivent \u00eatre accept\u00e9s pour pouvoir envoyer le formulaire.            <a title=\"Param\u00e8tres des cookies\" href=\"javascript:cookiePreference();\" class=\"text-primary\">Param\u00e8tres des cookies<\/a>\r\n            <button type=\"button\" class=\"btn-close\" data-bs-dismiss=\"alert\" aria-label=\"Close\"><\/button>\r\n        <\/div>\r\n    <\/div>\r\n<\/div>\r\n\r\n<div class=\"wp-block-group has-white-background-color has-background has-global-padding is-layout-constrained wp-container-core-group-layout-11 wp-block-group-is-layout-constrained\" style=\"border-radius:4px;padding-top:var(--wp--preset--spacing--1-rem);padding-right:var(--wp--preset--spacing--1-rem);padding-bottom:var(--wp--preset--spacing--1-rem);padding-left:var(--wp--preset--spacing--1-rem)\">\r\n    <div class=\"bootstrap-custom-container\">\r\n\r\n        <div id=\"formContainer\" class=\"col-12 py-4 px-3\">\r\n                        <form action=\"\/fr\/wp-json\/wp\/v2\/pages\/18167\" id=\"konkrete-form\" method=\"post\" class=\"needs-validation g-3\" name=\"specific-inquiry\" novalidate>\r\n                <div class=\"row\">\r\n                    <h2 class=\"title\">1. Produit<\/h2>\r\n                    <div class=\"d-flex flex-row-reverse mb-3\">\r\n                        <p class=\"float-end mb-0\">* Les champs marqu\u00e9s d\u2019un * sont obligatoires<\/p>\r\n                    <\/div>\r\n                    <div class=\"col-md-3 mb-3\">\r\n                        <label>*Produit :<\/label>\r\n                    <\/div>\r\n                    <div class=\"col-md-9 mb-3\">\r\n                        <div class=\"col-md-12 mb-3\">\r\n                            <label for=\"s_product_type\" class=\"form-label\">Type<\/label>\r\n                            <input type=\"text\" name=\"s_product_type\" class=\"form-control\" id=\"s_product_type\" placeholder=\"z.B. KR 80, KFH 56, KFPA 80-25, KSP 22\" value=\"\" title=\"Veuillez indiquer une valeur valide\" required>\r\n\r\n                            <div id=\"typHelp\" class=\"form-text\">(Nom commun pour diff\u00e9rentes versions d\u2019un m\u00eame mod\u00e8le et diam\u00e8tre de tige)\r\n                            <\/div>\r\n                            <div class=\"invalid-feedback\">\r\n                                Veuillez indiquer une valeur valide                            <\/div>\r\n                        <\/div>\r\n\r\n                        <div class=\"col-md-12 mb-3\">\r\n                            <label for=\"s_product_ident_no\" class=\"form-label\">R\u00e9f. (n\u00b0 de commande)<\/label>\r\n                            <input type=\"text\" name=\"s_product_ident_no\" class=\"form-control\" id=\"s_product_ident_no\" placeholder=\"z.B. SK 056 051, KFPA 080 025-1, KSP 022 02\" value=\"\" title=\"Veuillez indiquer une valeur valide\" required>\r\n\r\n                            <div id=\"typHelp\" class=\"form-text\">(D\u00e9signation unique, sert \u00e9galement de num\u00e9ro de commande)                            <\/div>\r\n                            <div class=\"invalid-feedback\">\r\n                                Veuillez indiquer une valeur valide                            <\/div>\r\n                        <\/div>\r\n\r\n                        <div class=\"col-md-12 mb-3\">\r\n                            <label for=\"s_serial_no\" class=\"form-label\">Num\u00e9ro de s\u00e9rie (absolument n\u00e9cessaire en cas de demande d&rsquo;assistance) :<\/label>\r\n                            <input type=\"text\" name=\"s_serial_no\" class=\"form-control\" id=\"s_serial_no\" placeholder=\"z.B. 1234, 12345, 123456\" title=\"Veuillez indiquer une valeur valide\">\r\n                            <div id=\"typHelp\" class=\"form-text\">(Le num\u00e9ro de s\u00e9rie se trouve sur la plaque signal\u00e9tique ou sur le bo\u00eetier)                            <\/div>\r\n\r\n                        <\/div>\r\n                    <\/div>\r\n                <\/div>\r\n                <hr>\r\n\r\n                <div class=\"row\">\r\n                    <div class=\"col-md-12 mb-3\">\r\n                        <h2 class=\"title\">2. Votre demande<\/h2>\r\n                    <\/div>\r\n                    <div class=\"d-flex flex-row-reverse mb-3\">\r\n                        <p class=\"float-end mb-0\">* Les champs marqu\u00e9s d\u2019un * sont obligatoires<\/p>\r\n                    <\/div>\r\n                    <div class=\"row fieldset-container\">\r\n                        <div class=\"col-md-3 mb-3 input-fieldset-switch\">\r\n                            <div class=\"form-check\">\r\n                                <input name=\"s_request\" value=\"Demande\" class=\"form-check-input ena-dis-fieldset radio-ena-dis-fieldset\" type=\"radio\" id=\"s_request_1\" checked>\r\n                                <label class=\"form-check-label\" for=\"s_request_1\">Demande<\/label>\r\n                            <\/div>\r\n                        <\/div>\r\n                        <div class=\"col-md-9\">\r\n                            <fieldset>\r\n                                <div class=\"col-md-12 specific-fieldset\">\r\n                                    <div class=\"row\">\r\n                                        <div class=\"col-md-3\">\r\n                                            *<label class=\"form-label\">Quantit\u00e9 :<\/label>\r\n                                        <\/div>\r\n                                        <div class=\"col-md-7\">\r\n                                            <div class=\"col-md-12 mb-1 fieldset-container\">\r\n                                                <div class=\"form-check\">\r\n                                                    <input name=\"s_quantity\" id=\"s_quantity_1\" value=\"une fois\" class=\"form-check-input mt-0 specific-radio\" type=\"radio\" required>\r\n                                                    <label class=\"form-check-label\" for=\"s_quantity_1\">une fois<\/label>\r\n\r\n                                                <\/div>\r\n                                                <div class=\"input-group mb-3\">\r\n                                                    <fieldset disabled>\r\n                                                        <input name=\"s_once\" type=\"text\" class=\"form-control specific-inputs\" required>\r\n                                                    <\/fieldset>\r\n                                                    <span class=\"input-group-text\">unit\u00e9(s)<\/span>\r\n                                                    <div class=\"invalid-feedback\">\r\n                                                        Veuillez indiquer une valeur valide                                                    <\/div>\r\n                                                <\/div>\r\n                                            <\/div>\r\n\r\n                                            <div class=\"col-md-12 mb-1 fieldset-container\">\r\n                                                <div class=\"form-check\">\r\n                                                    <input name=\"s_quantity\" id=\"s_quantity_2\" value=\"par mois\" class=\"form-check-input mt-0 specific-radio\" type=\"radio\" required>\r\n                                                    <label class=\"form-check-label\" for=\"s_quantity_2\">par mois<\/label>\r\n                                                <\/div>\r\n                                                <div class=\"input-group mb-3\">\r\n                                                    <fieldset disabled>\r\n                                                        <input name=\"s_month\" type=\"text\" class=\"form-control specific-inputs\" required>\r\n                                                    <\/fieldset>\r\n                                                    <span class=\"input-group-text\">unit\u00e9(s)<\/span>\r\n                                                    <div class=\"invalid-feedback\">\r\n                                                        Veuillez indiquer une valeur valide                                                    <\/div>\r\n                                                <\/div>\r\n                                            <\/div>\r\n\r\n                                            <div class=\"col-md-12 mb-1 fieldset-container\">\r\n                                                <div class=\"form-check\">\r\n                                                    <input name=\"s_quantity\" id=\"s_quantity_3\" value=\"par an\" class=\"form-check-input mt-0 specific-radio\" type=\"radio\" required>\r\n                                                    <label class=\"form-check-label\" for=\"s_quantity_3\">par an<\/label>\r\n                                                <\/div>\r\n                                                <div class=\"input-group\">\r\n                                                    <fieldset disabled>\r\n                                                        <input name=\"s_year\" type=\"text\" class=\"form-control specific-inputs\" required>\r\n                                                    <\/fieldset>\r\n                                                    <span class=\"input-group-text\">unit\u00e9(s)<\/span>\r\n                                                    <div class=\"invalid-feedback\">\r\n                                                        Veuillez indiquer une valeur valide                                                    <\/div>\r\n                                                <\/div>\r\n                                            <\/div>\r\n                                            <div class=\"col-12 mt-2\">\r\n                                                <input name=\"s_quantity\" value=\"\" class=\"d-none\" type=\"radio\" required>\r\n                                                <div class=\"invalid-feedback\">\r\n                                                    Merci de choisir une option                                                <\/div>\r\n                                            <\/div>\r\n                                        <\/div>\r\n                                    <\/div>\r\n\r\n                                    <div class=\"row mt-2\">\r\n                                        <div class=\"col-md-3\">\r\n                                            <label for=\"s_date\" class=\"form-label\">Date de livraison souhait\u00e9e :<\/label>\r\n                                        <\/div>\r\n                                        <div class=\"col-md-6\" id=\"datepicker-container\">\r\n                                            <div class=\"input-group mb-3\">\r\n                                                <input name=\"s_date\" type=\"text\" class=\"form-control\" id=\"s_date\">\r\n                                                <label for=\"s_date\" class=\"input-group-text\"><i class=\"bi bi-calendar\"><\/i><\/label>\r\n                                            <\/div>\r\n                                        <\/div>\r\n                                    <\/div>\r\n                                <\/div>\r\n                            <\/fieldset>\r\n                        <\/div>\r\n                        <hr>\r\n                        <div class=\"col-md-3 input-fieldset-switch\">\r\n                            <div class=\"form-check\">\r\n                                <input name=\"s_request\" class=\"form-check-input ena-dis-fieldset radio-ena-dis-fieldset\" type=\"radio\" id=\"s_request_2\" value=\"Assistance technique\">\r\n                                <label class=\"form-check-label\" for=\"s_request_2\">Assistance technique<\/label>\r\n                            <\/div>\r\n                        <\/div>\r\n                        <div class=\"col-md-9 multiple_check_validation fieldset-container\">\r\n                            <fieldset disabled>\r\n                                <div class=\"col-md-12 mb-3\">\r\n                                    <div class=\"form-check\">\r\n                                        <input name=\"s_delivery\" class=\"form-check-input ena-dis-fieldset\" type=\"checkbox\" id=\"s_delivery\" required>\r\n                                        <label class=\"form-check-label\" for=\"s_delivery\">\r\n                                            Veuillez m&rsquo;envoyer le mode d&#8217;emploi du produit susmentionn\u00e9                                        <\/label>\r\n                                    <\/div>\r\n                                <\/div>\r\n                                <div class=\"col-md-12 mb-3 input-fieldset-switch\">\r\n                                    <div class=\"form-check\">\r\n                                        <input name=\"s_help\" class=\"form-check-input ena-dis-fieldset\" type=\"checkbox\" id=\"s_help\" required>\r\n                                        <label class=\"form-check-label\" for=\"s_help\">\r\n                                            Veuillez m&rsquo;aider \u00e0 r\u00e9soudre le probl\u00e8me suivant (description pr\u00e9cise et indication du num\u00e9ro de s\u00e9rie n\u00e9cessaires)                                        <\/label>\r\n                                    <\/div>\r\n                                <\/div>\r\n                                <div class=\"col-md-10\">\r\n                                    <fieldset disabled>\r\n                                        <div class=\"form-group\">\r\n                                            <textarea name=\"s_help_text\" class=\"form-control\"><\/textarea>\r\n                                        <\/div>\r\n                                    <\/fieldset>\r\n                                <\/div>\r\n                            <\/fieldset>\r\n                        <\/div>\r\n                    <\/div>\r\n                <\/div>\r\n                <hr>\r\n\r\n                <div class=\"row\">\r\n                    <div class=\"col-md-12 mb-3\">\r\n                        <h2 class=\"title\">3. Donn\u00e9es personnelles<\/h2>\r\n                    <\/div>\r\n                    <div class=\"d-flex flex-row-reverse mb-3\">\r\n                        <p class=\"float-end mb-0\">* Les champs marqu\u00e9s d\u2019un * sont obligatoires<\/p>\r\n                    <\/div>\r\n                    <div class=\"col-md-4 mb-3\">\r\n                        <label for=\"s_company\" class=\"form-label\">*Soci\u00e9t\u00e9<\/label>\r\n                        <input name=\"s_company\" type=\"text\" class=\"form-control\" id=\"s_company\" title=\"Veuillez indiquer un nom d'entreprise\" required>\r\n                        <div class=\"invalid-feedback\">\r\n                            Veuillez indiquer un nom d&rsquo;entreprise                        <\/div>\r\n                    <\/div>\r\n                    <div class=\"col-md-4 mb-3\">\r\n                        <label for=\"s_name\" class=\"form-label\">*Interlocuteur \/ interlocutrice<\/label>\r\n                        <input name=\"s_name\" type=\"text\" class=\"form-control\" id=\"s_name\" title=\"Veuillez indiquer un nom\" required>\r\n                        <div class=\"invalid-feedback\">\r\n                            Veuillez indiquer un nom                        <\/div>\r\n                    <\/div>\r\n                    <div class=\"col-md-4 mb-3\">\r\n                        <label for=\"s_dept\" class=\"form-label\">D\u00e9partement<\/label>\r\n                        <input name=\"s_dept\" type=\"text\" class=\"form-control\" id=\"s_dept\">\r\n                    <\/div>\r\n                    <div class=\"col-md-4 mb-3\">\r\n                        <label for=\"s_email\" class=\"form-label\">*E-mail<\/label>\r\n                        <input name=\"s_email\" type=\"email\" class=\"form-control\" id=\"s_email\" title=\"Veuillez indiquer une adresse e-mail valide\" required>\r\n                        <div class=\"invalid-feedback\">\r\n                            Veuillez indiquer une adresse e-mail valide                        <\/div>\r\n                    <\/div>\r\n                    <div class=\"col-md-4 mb-3\">\r\n                        <label for=\"s_phone\" class=\"form-label\">T\u00e9l\u00e9phone<\/label>\r\n                        <input name=\"s_phone\" type=\"text\" class=\"form-control\" id=\"s_phone\">\r\n                    <\/div>\r\n                    <div class=\"col-md-4 mb-3\">\r\n                        <label for=\"s_street\" class=\"form-label\">N\u00b0 \/ voie<\/label>\r\n                        <input name=\"s_street\" type=\"text\" class=\"form-control\" id=\"s_street\">\r\n                    <\/div>\r\n                    <div class=\"col-md-4 mb-3\">\r\n                        <label for=\"s_postal\" class=\"form-label\">Code postal \/ Lieu<\/label>\r\n                        <input name=\"s_postal\" type=\"text\" class=\"form-control\" id=\"s_postal\">\r\n                    <\/div>\r\n                    <div class=\"col-md-4 mb-3\">\r\n                        <label for=\"s_country\" class=\"form-label\">Pays<\/label>\r\n                        <input name=\"s_country\" type=\"text\" class=\"form-control\" id=\"s_country\">\r\n                    <\/div>\r\n                    <div class=\"col-md-12 mb-3\">\r\n                        <div class=\"form-group\">\r\n                            <label class=\"form-check-label mb-3\" for=\"s_other\">Autres remarques :<\/label>\r\n                            <textarea name=\"s_other\" class=\"form-control\"><\/textarea>\r\n                            <input class=\"visually-hidden\" type=\"text\" name=\"company_fax\">\r\n                        <\/div>\r\n                    <\/div>\r\n                    <div class=\"col-md-12\">\r\n                        <div class=\"form-check\">\r\n                            <input name=\"s_call_me\" class=\"form-check-input\" type=\"checkbox\" id=\"s_call_me\">\r\n                            <label class=\"form-check-label\" for=\"s_call_me\">\r\n                                Merci de me rappeler                            <\/label>\r\n                        <\/div>\r\n                    <\/div>\r\n                    <div class=\"col-md-12\">\r\n                        <div class=\"form-check\">\r\n                            <input name=\"s_email_me\" class=\"form-check-input\" type=\"checkbox\" id=\"s_email_me\">\r\n                            <label class=\"form-check-label\" for=\"s_email_me\">\r\n                                Merci de m\u2019envoyer un e-mail                            <\/label>\r\n                        <\/div>\r\n                    <\/div>\r\n                    <div class=\"col-md-12 mb-3\">\r\n                        <div class=\"form-check\">\r\n                            <input name=\"s_legal\" class=\"form-check-input\" type=\"checkbox\" id=\"s_legal\" required>\r\n                            <label class=\"form-check-label\" for=\"s_legal\">\r\n                                *J&rsquo;accepte la <a target=\"_blank\" href=\"https:\/\/www.sitema.de\/fr\/\/datenschutz\"> d\u00e9claration de protection des donn\u00e9es de SITEMA<\/a>\r\n                            <\/label>\r\n                            <div class=\"invalid-feedback\">\r\n                                Veuillez lire et accepter la d\u00e9claration de confidentialit\u00e9                            <\/div>\r\n                        <\/div>\r\n                    <\/div>\r\n                <\/div>\r\n\r\n\r\n                <div class=\"row\">\r\n                    <div class=\"col-12 mb-3\">\r\n                        <div class=\"g-recaptcha\" data-sitekey=\"6Ldy_GQqAAAAAPgA0xqwS1y_BFkGuejQKZJzUOJi\"><\/div>\r\n                        <noscript>\r\n                            <div style=\"width: 302px; height: 352px;\">\r\n                                <div style=\"width: 302px; height: 352px; position: relative;\">\r\n                                    <div style=\"width: 302px; height: 352px; position: absolute;\">\r\n                                        <iframe src=\"https:\/\/www.google.com\/recaptcha\/api\/fallback?k=6Ldy_GQqAAAAAPgA0xqwS1y_BFkGuejQKZJzUOJi\"\r\n                                            frameborder=\"0\" scrolling=\"no\"\r\n                                            style=\"width: 302px; height:352px; border-style: none;\">\r\n                                        <\/iframe>\r\n                                    <\/div>\r\n                                    <div style=\"width: 250px; height: 80px; position: absolute; border-style: none;\r\n             bottom: 21px; left: 25px; margin: 0px; padding: 0px; right: 25px;\">\r\n                                        <textarea id=\"g-recaptcha-response\" name=\"g-recaptcha-response\"\r\n                                            class=\"g-recaptcha-response\"\r\n                                            style=\"width: 250px; height: 80px; border: 1px solid #c1c1c1;\r\n                      margin: 0px; padding: 0px; resize: none;\" value=\"\">\r\n            <\/textarea>\r\n                                    <\/div>\r\n                                <\/div>\r\n                            <\/div>\r\n                        <\/noscript>\r\n                        <span id=\"recaptcha_alert\" style=\"display:none; float:left; font-size:12px; color:#EA1F26;\"><\/span>\r\n                        <div class=\"recaptcha-error-msg invalid-feedback\">\r\n                            Merci de choisir une option                        <\/div>\r\n                    <\/div>\r\n                <\/div>\r\n\r\n                <div class=\"row\">\r\n                    <div class=\"col-12\">\r\n                        <button id=\"submit-button\" class=\"btn btn-primary\" type=\"submit\">Envoyer le formulaire<\/button>\r\n                    <\/div>\r\n                    <div id=\"loading-status\" class=\"spinner-border text-primary m-3 d-none\" role=\"status\">\r\n                        <span class=\"visually-hidden\"><\/span>\r\n                    <\/div>\r\n                <\/div>\r\n                <input type=\"hidden\" name=\"s_contact\">\r\n                <input type=\"hidden\" id=\"specific_contact_nonce\" name=\"specific_contact_nonce\" value=\"e4097e17c0\" \/><input type=\"hidden\" name=\"_wp_http_referer\" value=\"\/fr\/wp-json\/wp\/v2\/pages\/18167\" \/>            <\/form>\r\n        <\/div>\r\n\r\n        <div id=\"cookiesAcceptModal\" class=\"col-12 d-none\">\r\n            <div class=\"bootstrap-custom-container\">\r\n                <div class=\"col-12 py-5 my-5 px-3 text-center\">\r\n                    <p class=\"mb-0\">Pour envoyer ce formulaire, vous devez accepter les cookies de recaptcha.<br> Cliquez sur le bouton suivant <a title=\"Gestion des cookies\" href=\"javascript:cookiePreference();\" class=\"primary\"> lien<\/a>, activez l&rsquo;utilisation de <strong>reCAPTCHA<\/strong> et cliquez sur Autoriser<\/p>\r\n                <\/div>\r\n            <\/div>\r\n        <\/div>\r\n\r\n    <\/div>\r\n<\/div><\/div>\n","protected":false},"excerpt":{"rendered":"","protected":false},"author":1,"featured_media":0,"parent":17489,"menu_order":0,"comment_status":"closed","ping_status":"closed","template":"","meta":{"_acf_changed":false,"_seopress_robots_primary_cat":"","_seopress_titles_title":"Demande d'offre concr\u00e8te - %%sitetitle%%","_seopress_titles_desc":"Remplissez notre formulaire de contact pour toute demande de renseignements sur les produits ou d'assistance technique. Que vous souhaitiez acheter l'un de nos produits ou que vous ayez besoin d'une assistance technique pour un produit existant, nous sommes l\u00e0 pour vous. ","_seopress_robots_index":"","footnotes":""},"class_list":["post-18167","page","type-page","status-publish","hentry"],"acf":[],"_links":{"self":[{"href":"https:\/\/www.sitema.de\/fr\/wp-json\/wp\/v2\/pages\/18167","targetHints":{"allow":["GET"]}}],"collection":[{"href":"https:\/\/www.sitema.de\/fr\/wp-json\/wp\/v2\/pages"}],"about":[{"href":"https:\/\/www.sitema.de\/fr\/wp-json\/wp\/v2\/types\/page"}],"author":[{"embeddable":true,"href":"https:\/\/www.sitema.de\/fr\/wp-json\/wp\/v2\/users\/1"}],"replies":[{"embeddable":true,"href":"https:\/\/www.sitema.de\/fr\/wp-json\/wp\/v2\/comments?post=18167"}],"version-history":[{"count":1,"href":"https:\/\/www.sitema.de\/fr\/wp-json\/wp\/v2\/pages\/18167\/revisions"}],"predecessor-version":[{"id":18168,"href":"https:\/\/www.sitema.de\/fr\/wp-json\/wp\/v2\/pages\/18167\/revisions\/18168"}],"up":[{"embeddable":true,"href":"https:\/\/www.sitema.de\/fr\/wp-json\/wp\/v2\/pages\/17489"}],"wp:attachment":[{"href":"https:\/\/www.sitema.de\/fr\/wp-json\/wp\/v2\/media?parent=18167"}],"curies":[{"name":"wp","href":"https:\/\/api.w.org\/{rel}","templated":true}]}}