{"id":17122,"date":"2024-03-01T15:31:28","date_gmt":"2024-03-01T14:31:28","guid":{"rendered":"https:\/\/www.sitema.de\/accessoires\/"},"modified":"2024-10-02T09:51:44","modified_gmt":"2024-10-02T09:51:44","slug":"accessoires","status":"publish","type":"page","link":"https:\/\/www.sitema.de\/fr\/accessoires\/","title":{"rendered":"Accessoires"},"content":{"rendered":"\n<section class=\"wp-block-group alignfull header-generic has-global-padding is-layout-constrained wp-block-group-is-layout-constrained\" id=\"header-generic\">\n<div class=\"wp-block-cover alignfull is-light\" style=\"min-height:350px;aspect-ratio:unset;\"><span aria-hidden=\"true\" class=\"wp-block-cover__background has-background-dim-30 has-background-dim wp-block-cover__gradient-background has-background-gradient\" style=\"background:linear-gradient(90deg,rgb(128,128,128) 0%,rgba(0,0,0,0) 100%)\"><\/span><img decoding=\"async\" class=\"wp-block-cover__image-background wp-image-29982\" alt=\"\" src=\"https:\/\/www.sitema.de\/wp-content\/uploads\/produkte\/zubehoer_header.jpg\" style=\"object-position:100% 50%\" data-object-fit=\"cover\" data-object-position=\"100% 50%\"\/><div class=\"wp-block-cover__inner-container has-global-padding is-layout-constrained wp-block-cover-is-layout-constrained\">\n<h1 class=\"wp-block-heading has-text-align-left has-blue-20-color has-text-color has-title-h-1-font-size\">Accessoires pour<\/h1>\n\n\n\n<h2 class=\"wp-block-heading has-text-align-left has-blue-20-color has-text-color has-headline-h-2-font-size\">T\u00eates de serrage SITEMA<\/h2>\n<\/div><\/div>\n<\/section>\n\n\n\n<div id=\"category-list\" class=\"wp-block-group category-list has-global-padding is-layout-constrained wp-block-group-is-layout-constrained\" style=\"margin-top:var(--wp--preset--spacing--5-rem);margin-bottom:var(--wp--preset--spacing--5-rem)\">\n<h2 class=\"wp-block-heading has-headline-h-3-font-size\">Accessoires pour t\u00eates de serrage SITEMA<\/h2>\n\n\n\n<div class=\"wp-block-group category-list-grid has-global-padding is-layout-constrained wp-block-group-is-layout-constrained\" style=\"padding-bottom:125px\">\r\n\r\n\r\n        \r\n        <div class=\"wp-block-group category-element has-white-background-color has-background has-global-padding is-layout-constrained wp-container-core-group-is-layout-0189ff54 wp-block-group-is-layout-constrained\" style=\"border-radius:5px;padding-top:24px;padding-right:32px;padding-bottom:55px;padding-left:32px\">\r\n        \r\n            \r\n            <figure class=\"wp-block-image aligncenter size-large\">\r\n                <a title=\"Siehe Module \u00e9lectro-pneumatique\" href=\"https:\/\/www.sitema.de\/fr\/accessoires\/module-electro-pneumatique\/\" >\r\n                    <img decoding=\"async\" src=\"https:\/\/www.sitema.de\/wp-content\/uploads\/produkte\/sonderloesungen-epmodul-list.png\" alt=\"Sonderloesungen epmodul\"\/>\r\n                <\/a>\r\n            <\/figure>\r\n            \r\n\r\n            \r\n            <h3 class=\"wp-block-heading has-blue-20-color has-text-color has-headline-h-5-font-size\">\r\n                <a title=\"Siehe Module \u00e9lectro-pneumatique\" href=\"https:\/\/www.sitema.de\/fr\/accessoires\/module-electro-pneumatique\/\" >\r\n                    Module \u00e9lectro-pneumatique\r\n                <\/a>\r\n            <\/h3>\r\n            \r\n\r\n        \r\n        <\/div>\r\n        \r\n        \r\n\r\n\n\n\r\n\r\n\r\n        \r\n        <div class=\"wp-block-group category-element has-white-background-color has-background has-global-padding is-layout-constrained wp-container-core-group-is-layout-0189ff54 wp-block-group-is-layout-constrained\" style=\"border-radius:5px;padding-top:24px;padding-right:32px;padding-bottom:55px;padding-left:32px\">\r\n        \r\n            \r\n            <figure class=\"wp-block-image aligncenter size-large\">\r\n                <a title=\"Siehe D\u00e9clencheur m\u00e9canique\" href=\"https:\/\/www.sitema.de\/fr\/accessoires\/declencheur-mecanique\/\" >\r\n                    <img decoding=\"async\" src=\"https:\/\/www.sitema.de\/wp-content\/uploads\/produkte\/sonderloesungen-mva2-list.png\" alt=\"Mechanischer Ventilausl\u00f6ser MVA\"\/>\r\n                <\/a>\r\n            <\/figure>\r\n            \r\n\r\n            \r\n            <h3 class=\"wp-block-heading has-blue-20-color has-text-color has-headline-h-5-font-size\">\r\n                <a title=\"Siehe D\u00e9clencheur m\u00e9canique\" href=\"https:\/\/www.sitema.de\/fr\/accessoires\/declencheur-mecanique\/\" >\r\n                    D\u00e9clencheur m\u00e9canique\r\n                <\/a>\r\n            <\/h3>\r\n            \r\n\r\n        \r\n        <\/div>\r\n        \r\n        \r\n\r\n\n\n\r\n\r\n\r\n        \r\n        <div class=\"wp-block-group category-element has-white-background-color has-background has-global-padding is-layout-constrained wp-container-core-group-is-layout-0189ff54 wp-block-group-is-layout-constrained\" style=\"border-radius:5px;padding-top:24px;padding-right:32px;padding-bottom:55px;padding-left:32px\">\r\n        \r\n            \r\n            <figure class=\"wp-block-image aligncenter size-large\">\r\n                <a title=\"Siehe Fixation STB pour tige\" href=\"https:\/\/www.sitema.de\/fr\/accessoires\/fixation-stb-pour-tige\/\" >\r\n                    <img decoding=\"async\" src=\"https:\/\/www.sitema.de\/wp-content\/uploads\/produkte\/stb-list.png\" alt=\"Stangenbefestigung STB\"\/>\r\n                <\/a>\r\n            <\/figure>\r\n            \r\n\r\n            \r\n            <h3 class=\"wp-block-heading has-blue-20-color has-text-color has-headline-h-5-font-size\">\r\n                <a title=\"Siehe Fixation STB pour tige\" href=\"https:\/\/www.sitema.de\/fr\/accessoires\/fixation-stb-pour-tige\/\" >\r\n                    Fixation STB pour tige\r\n                <\/a>\r\n            <\/h3>\r\n            \r\n\r\n        \r\n        <\/div>\r\n        \r\n        \r\n\r\n\n\n\r\n\r\n\r\n        \r\n        <div class=\"wp-block-group category-element has-white-background-color has-background has-global-padding is-layout-constrained wp-container-core-group-is-layout-0189ff54 wp-block-group-is-layout-constrained\" style=\"border-radius:5px;padding-top:24px;padding-right:32px;padding-bottom:55px;padding-left:32px\">\r\n        \r\n            \r\n            <figure class=\"wp-block-image aligncenter size-large\">\r\n                <a title=\"Siehe Soupape de purge automatique\" href=\"https:\/\/www.sitema.de\/fr\/accessoires\/soupape-de-purge-automatique\/\" >\r\n                    <img decoding=\"async\" src=\"https:\/\/www.sitema.de\/wp-content\/uploads\/produkte\/sonderloesungen-entlueftungsautomat-list.png\" alt=\"Entl\u00fcftungsautomat\"\/>\r\n                <\/a>\r\n            <\/figure>\r\n            \r\n\r\n            \r\n            <h3 class=\"wp-block-heading has-blue-20-color has-text-color has-headline-h-5-font-size\">\r\n                <a title=\"Siehe Soupape de purge automatique\" href=\"https:\/\/www.sitema.de\/fr\/accessoires\/soupape-de-purge-automatique\/\" >\r\n                    Soupape de purge automatique\r\n                <\/a>\r\n            <\/h3>\r\n            \r\n\r\n        \r\n        <\/div>\r\n        \r\n        \r\n\r\n\n\n\r\n\r\n\r\n        \r\n        <div class=\"wp-block-group category-element has-white-background-color has-background has-global-padding is-layout-constrained wp-container-core-group-is-layout-0189ff54 wp-block-group-is-layout-constrained\" style=\"border-radius:5px;padding-top:24px;padding-right:32px;padding-bottom:55px;padding-left:32px\">\r\n        \r\n            \r\n            <figure class=\"wp-block-image aligncenter size-large\">\r\n                <a title=\"Siehe Brides pour dispositifs antichute PARA\" href=\"https:\/\/www.sitema.de\/fr\/accessoires\/brides-pour-dispositifs-antichute-para\/\" >\r\n                    <img decoding=\"async\" src=\"https:\/\/www.sitema.de\/wp-content\/uploads\/produkte\/KR_025_30_mit-geschlitzem-Flansch_stehend.jpg\" alt=\"\"\/>\r\n                <\/a>\r\n            <\/figure>\r\n            \r\n\r\n            \r\n            <h3 class=\"wp-block-heading has-blue-20-color has-text-color has-headline-h-5-font-size\">\r\n                <a title=\"Siehe Brides pour dispositifs antichute PARA\" href=\"https:\/\/www.sitema.de\/fr\/accessoires\/brides-pour-dispositifs-antichute-para\/\" >\r\n                    Brides pour dispositifs antichute PARA\r\n                <\/a>\r\n            <\/h3>\r\n            \r\n\r\n        \r\n        <\/div>\r\n        \r\n        \r\n\r\n\n\n\r\n\r\n\r\n        \r\n        <div class=\"wp-block-group category-element has-white-background-color has-background has-global-padding is-layout-constrained wp-container-core-group-is-layout-0189ff54 wp-block-group-is-layout-constrained\" style=\"border-radius:5px;padding-top:24px;padding-right:32px;padding-bottom:55px;padding-left:32px\">\r\n        \r\n            \r\n            <figure class=\"wp-block-image aligncenter size-large\">\r\n                <a title=\"Siehe Base \u00e9lastique pour dispositifs antichute PARA\" href=\"https:\/\/www.sitema.de\/fr\/accessoires\/base-elastique-pour-dispositifs-antichute-para\/\" >\r\n                    <img decoding=\"async\" src=\"https:\/\/www.sitema.de\/wp-content\/uploads\/produkte\/federsockel-absturzsicherungen-list.png\" alt=\"Flansche f\u00fcr Absturzsicherungen\"\/>\r\n                <\/a>\r\n            <\/figure>\r\n            \r\n\r\n            \r\n            <h3 class=\"wp-block-heading has-blue-20-color has-text-color has-headline-h-5-font-size\">\r\n                <a title=\"Siehe Base \u00e9lastique pour dispositifs antichute PARA\" href=\"https:\/\/www.sitema.de\/fr\/accessoires\/base-elastique-pour-dispositifs-antichute-para\/\" >\r\n                    Base \u00e9lastique pour dispositifs antichute PARA\r\n                <\/a>\r\n            <\/h3>\r\n            \r\n\r\n        \r\n        <\/div>\r\n        \r\n        \r\n\r\n\n\n\r\n\r\n\r\n        \r\n        <div class=\"wp-block-group category-element has-white-background-color has-background has-global-padding is-layout-constrained wp-container-core-group-is-layout-0189ff54 wp-block-group-is-layout-constrained\" style=\"border-radius:5px;padding-top:24px;padding-right:32px;padding-bottom:55px;padding-left:32px\">\r\n        \r\n            \r\n            <figure class=\"wp-block-image aligncenter size-large\">\r\n                <a title=\"Siehe Brides pour dispositifs de verrouillage\" href=\"https:\/\/www.sitema.de\/fr\/accessoires\/brides-pour-dispositifs-de-verrouillage\/\" >\r\n                    <img decoding=\"async\" src=\"https:\/\/www.sitema.de\/wp-content\/uploads\/produkte\/flansche-stangenblockierungen-list.png\" alt=\"Flansche f\u00fcr Stangenblockierungen\"\/>\r\n                <\/a>\r\n            <\/figure>\r\n            \r\n\r\n            \r\n            <h3 class=\"wp-block-heading has-blue-20-color has-text-color has-headline-h-5-font-size\">\r\n                <a title=\"Siehe Brides pour dispositifs de verrouillage\" href=\"https:\/\/www.sitema.de\/fr\/accessoires\/brides-pour-dispositifs-de-verrouillage\/\" >\r\n                    Brides pour dispositifs de verrouillage\r\n                <\/a>\r\n            <\/h3>\r\n            \r\n\r\n        \r\n        <\/div>\r\n        \r\n        \r\n\r\n\n\n\r\n\r\n\r\n        \r\n        <div class=\"wp-block-group category-element has-white-background-color has-background has-global-padding is-layout-constrained wp-container-core-group-is-layout-0189ff54 wp-block-group-is-layout-constrained\" style=\"border-radius:5px;padding-top:24px;padding-right:32px;padding-bottom:55px;padding-left:32px\">\r\n        \r\n            \r\n            <figure class=\"wp-block-image aligncenter size-large\">\r\n                <a title=\"Siehe Base \u00e9lastique pour freins de s\u00e9curit\u00e9\" href=\"https:\/\/www.sitema.de\/fr\/accessoires\/base-elastique-pour-freins-de-securite\/\" >\r\n                    <img decoding=\"async\" src=\"https:\/\/www.sitema.de\/wp-content\/uploads\/grafiken-animationen\/federsockel-sicherheitsbremsen-list.png\" alt=\"Federsockel f\u00fcr Sicherheitsbremsen\"\/>\r\n                <\/a>\r\n            <\/figure>\r\n            \r\n\r\n            \r\n            <h3 class=\"wp-block-heading has-blue-20-color has-text-color has-headline-h-5-font-size\">\r\n                <a title=\"Siehe Base \u00e9lastique pour freins de s\u00e9curit\u00e9\" href=\"https:\/\/www.sitema.de\/fr\/accessoires\/base-elastique-pour-freins-de-securite\/\" >\r\n                    Base \u00e9lastique pour freins de s\u00e9curit\u00e9\r\n                <\/a>\r\n            <\/h3>\r\n            \r\n\r\n        \r\n        <\/div>\r\n        \r\n        \r\n\r\n<\/div>\n<\/div>\n","protected":false},"excerpt":{"rendered":"<p>Accessoires pour t\u00eates de serrage SITEMA<\/p>\n","protected":false},"author":1,"featured_media":7521,"parent":0,"menu_order":0,"comment_status":"closed","ping_status":"closed","template":"","meta":{"_acf_changed":false,"_seopress_robots_primary_cat":"","_seopress_titles_title":"Accessoires pour t\u00eates de serrage - %%sitetitle%%","_seopress_titles_desc":"D\u00e9couvrez notre s\u00e9lection d'accessoires pour t\u00eates de serrage. Trouvez des compl\u00e9ments et des options suppl\u00e9mentaires pour am\u00e9liorer la fonctionnalit\u00e9 et la s\u00e9curit\u00e9 de vos produits de fixation et de protection au travail.","_seopress_robots_index":"","footnotes":""},"class_list":["post-17122","page","type-page","status-publish","has-post-thumbnail","hentry"],"acf":[],"_links":{"self":[{"href":"https:\/\/www.sitema.de\/fr\/wp-json\/wp\/v2\/pages\/17122","targetHints":{"allow":["GET"]}}],"collection":[{"href":"https:\/\/www.sitema.de\/fr\/wp-json\/wp\/v2\/pages"}],"about":[{"href":"https:\/\/www.sitema.de\/fr\/wp-json\/wp\/v2\/types\/page"}],"author":[{"embeddable":true,"href":"https:\/\/www.sitema.de\/fr\/wp-json\/wp\/v2\/users\/1"}],"replies":[{"embeddable":true,"href":"https:\/\/www.sitema.de\/fr\/wp-json\/wp\/v2\/comments?post=17122"}],"version-history":[{"count":3,"href":"https:\/\/www.sitema.de\/fr\/wp-json\/wp\/v2\/pages\/17122\/revisions"}],"predecessor-version":[{"id":29991,"href":"https:\/\/www.sitema.de\/fr\/wp-json\/wp\/v2\/pages\/17122\/revisions\/29991"}],"wp:featuredmedia":[{"embeddable":true,"href":"https:\/\/www.sitema.de\/fr\/wp-json\/wp\/v2\/media\/7521"}],"wp:attachment":[{"href":"https:\/\/www.sitema.de\/fr\/wp-json\/wp\/v2\/media?parent=17122"}],"curies":[{"name":"wp","href":"https:\/\/api.w.org\/{rel}","templated":true}]}}