{"id":17102,"date":"2024-03-14T14:51:34","date_gmt":"2024-03-14T14:51:34","guid":{"rendered":"https:\/\/www.sitema.de\/simulation-3d-interactive\/"},"modified":"2024-08-05T07:21:51","modified_gmt":"2024-08-05T07:21:51","slug":"simulation-3d-interactive","status":"publish","type":"page","link":"https:\/\/www.sitema.de\/fr\/simulation-3d-interactive\/","title":{"rendered":"Simulation 3D interactive"},"content":{"rendered":"\n<section class=\"wp-block-group alignfull header-generic has-global-padding is-layout-constrained wp-block-group-is-layout-constrained\" id=\"header-generic\">\n<div class=\"wp-block-cover alignfull\" style=\"min-height:350px;aspect-ratio:unset;\"><span aria-hidden=\"true\" class=\"wp-block-cover__background has-background-dim-30 has-background-dim wp-block-cover__gradient-background has-background-gradient\" style=\"background:linear-gradient(90deg,rgb(128,128,128) 0%,rgba(0,0,0,0) 100%)\"><\/span><img decoding=\"async\" class=\"wp-block-cover__image-background wp-image-801\" alt=\"\" src=\"https:\/\/www.sitema.de\/wp-content\/themes\/sitema\/assets\/images\/custom-header.jpg\" style=\"object-position:50% 50%\" data-object-fit=\"cover\" data-object-position=\"50% 50%\"\/><div class=\"wp-block-cover__inner-container has-global-padding is-layout-constrained wp-block-cover-is-layout-constrained\">\n<h1 class=\"wp-block-heading has-text-align-left has-blue-20-color has-text-color has-title-h-1-font-size\">Interactive et 3D<\/h1>\n<\/div><\/div>\n<\/section>\n\n<section id=\"block-content-image-gallery\" class=\"wp-block-group pattern__image-gallery has-white-background-color has-background has-global-padding is-layout-constrained wp-container-core-group-is-layout-8b30ac19 wp-block-group-is-layout-constrained\" style=\"padding-top:var(--wp--preset--spacing--5-rem);padding-right:var(--wp--preset--spacing--5-rem);padding-bottom:var(--wp--preset--spacing--5-rem);padding-left:var(--wp--preset--spacing--5-rem)\">\n<div class=\"wp-block-columns is-layout-flex wp-container-core-columns-is-layout-28f84493 wp-block-columns-is-layout-flex\">\n<div class=\"wp-block-column is-layout-flow wp-block-column-is-layout-flow\">\n<h3 class=\"wp-block-heading has-blue-20-color has-text-color has-headline-h-3-font-size\">o\u00f9 et comment est-ce que l&rsquo;on utilise des t\u00eates de serrage SITEMA ? &#8211; Simulation 3D-interactive<\/h3>\n\n\n\n<p>(Fonctionne avec les versions actuelles de MS Edge, Firefox, Chrome, Opera. Selon la vitesse de connexion, le temps de chargement peut \u00eatre de quelques minutes).<\/p>\n<\/div>\n<\/div>\n<\/section>\n<div class=\"bootstrap-custom-container\">\r\n    <div class=\"row\">\r\n        <div class=\"col-md-6\">\r\n            <div class=\"video-modal-box cf mod-modal-link\" data-modal-link=\"animation_1\">\r\n                <video src=\"https:\/\/www.sitema.de\/wp-content\/themes\/sitema\/assets\/videos\/sitema_maschinen.mp4\" autoplay=\"\" muted=\"\" loop=\"\"><\/video>\r\n                <div class=\"description-title\">Machines typiques<\/div>\r\n                <img decoding=\"async\" id=\"play-button\" class=\"play-button\" src=\"https:\/\/www.sitema.de\/wp-content\/themes\/sitema\/assets\/images\/play-button.svg\" alt=\"play\">\r\n            <\/div>\r\n        <\/div>\r\n        <div class=\"col-md-6\">\r\n            <div class=\"video-modal-box cf mod-modal-link\" data-modal-link=\"animation_2\">\r\n                <video src=\"https:\/\/www.sitema.de\/wp-content\/themes\/sitema\/assets\/videos\/sitema_maritim.mp4\" autoplay=\"\" muted=\"\" loop=\"\"><\/video>\r\n                <div class=\"description-title\">Construction navale \/ applications maritimes<\/div>\r\n                <img decoding=\"async\" id=\"play-button\" class=\"play-button\" src=\"https:\/\/www.sitema.de\/wp-content\/themes\/sitema\/assets\/images\/play-button.svg\" alt=\"play\">\r\n            <\/div>\r\n        <\/div>\r\n    <\/div>\r\n    <\/div>\r\n    \r\n    <div class=\"mod-modal\" data-modal-content=\"animation_1\">\r\n    <div class=\"mod-modal-close icon-close\"><\/div>\r\n    <div class=\"webgl-wrapper\">\r\n        <div class=\"webgl-content\">\r\n            <div id=\"gameContainer_1\" style=\"width: 100%; height: auto\"><\/div>\r\n            <div class=\"footer\">\r\n                <div class=\"fullscreen\"><\/div>\r\n                <div class=\"title\">Plein \u00e9cran<\/div>\r\n            <\/div>\r\n        <\/div>\r\n    <\/div>\r\n    <\/div>\r\n    <div class=\"mod-modal\" data-modal-content=\"animation_2\">\r\n    <div class=\"mod-modal-close icon-close\"><\/div>\r\n    <div class=\"webgl-wrapper\">\r\n        <div class=\"webgl-content\">\r\n            <div id=\"gameContainer_2\" style=\"width: 100%; height: auto\"><\/div>\r\n            <div class=\"footer\">\r\n                <div class=\"fullscreen\"><\/div>\r\n                <div class=\"title\">Plein \u00e9cran<\/div>\r\n            <\/div>\r\n        <\/div>\r\n    <\/div>\r\n    <\/div>\r\n\n<section id=\"block-content-image-gallery\" class=\"wp-block-group pattern__image-gallery has-white-background-color has-background has-global-padding is-layout-constrained wp-container-core-group-is-layout-8b30ac19 wp-block-group-is-layout-constrained\" style=\"padding-top:var(--wp--preset--spacing--5-rem);padding-right:var(--wp--preset--spacing--5-rem);padding-bottom:var(--wp--preset--spacing--5-rem);padding-left:var(--wp--preset--spacing--5-rem)\">\n<div class=\"wp-block-columns is-layout-flex wp-container-core-columns-is-layout-28f84493 wp-block-columns-is-layout-flex\">\n<div class=\"wp-block-column is-layout-flow wp-block-column-is-layout-flow\">\n<h3 class=\"wp-block-heading has-blue-20-color has-text-color has-headline-h-3-font-size\">Quelle mission est-ce qu&rsquo;un \u00ab bloqueur \u00bb SITEMA accomplit dans une machine ?<\/h3>\n\n\n\n<p>Essayez vous-m\u00eame dans notre usine virtuelle et interactive en 3D :<\/p>\n\n\n\n<ul class=\"wp-block-list\">\n<li>Voyez des domaines d&rsquo;application typiques<\/li>\n\n\n\n<li>Apprenez comment les bloqueurs SITEMA y sont utilis\u00e9es<\/li>\n\n\n\n<li>Prot\u00e9gez les op\u00e9rateurs des machines<\/li>\n\n\n\n<li>Vivez en direct ce qui se passe dans un cas d&rsquo;urgence &#8211; sans et avec bloqueur<\/li>\n\n\n\n<li>D\u00e9couvrez une technologie d&rsquo;entra\u00eenement innovatrice avec notre PowerStroke<\/li>\n<\/ul>\n\n\n\n<p>Vous pouvez aussi installer ces applis gratuitement sur votre smartphone ou tablette. Simplement, effectuez une recherche pour \u00ab\u00a0SITEMA\u00a0\u00bb dans Goole Play Store ou Apple App Store.<br\/> <br\/> <\/p>\n<\/div>\n<\/div>\n<\/section>\n","protected":false},"excerpt":{"rendered":"<p>o\u00f9 et comment est-ce que l&rsquo;on utilise des t\u00eates de serrage SITEMA ? &#8211; Simulation 3D-interactive (Fonctionne avec les versions actuelles de MS Edge, Firefox, Chrome, Opera. Selon la vitesse de connexion, le temps de chargement peut \u00eatre de quelques minutes). Quelle mission est-ce qu&rsquo;un \u00ab bloqueur \u00bb SITEMA accomplit dans une machine ? Essayez [&hellip;]<\/p>\n","protected":false},"author":1,"featured_media":0,"parent":0,"menu_order":0,"comment_status":"closed","ping_status":"closed","template":"","meta":{"_acf_changed":false,"_seopress_robots_primary_cat":"","_seopress_titles_title":"Exploration interactive : Cas d'utilisation des t\u00eates de serrage - %%sitetitle%%","_seopress_titles_desc":"D\u00e9couvrez dans des vid\u00e9os interactives comment les t\u00eates de blocage SITEMA sont utilis\u00e9es dans diff\u00e9rents sc\u00e9narios. Prot\u00e9gez les op\u00e9rateurs et comprenez comment ils travaillent dans des situations d'urgence. ","_seopress_robots_index":"","footnotes":""},"class_list":["post-17102","page","type-page","status-publish","hentry"],"acf":[],"_links":{"self":[{"href":"https:\/\/www.sitema.de\/fr\/wp-json\/wp\/v2\/pages\/17102","targetHints":{"allow":["GET"]}}],"collection":[{"href":"https:\/\/www.sitema.de\/fr\/wp-json\/wp\/v2\/pages"}],"about":[{"href":"https:\/\/www.sitema.de\/fr\/wp-json\/wp\/v2\/types\/page"}],"author":[{"embeddable":true,"href":"https:\/\/www.sitema.de\/fr\/wp-json\/wp\/v2\/users\/1"}],"replies":[{"embeddable":true,"href":"https:\/\/www.sitema.de\/fr\/wp-json\/wp\/v2\/comments?post=17102"}],"version-history":[{"count":1,"href":"https:\/\/www.sitema.de\/fr\/wp-json\/wp\/v2\/pages\/17102\/revisions"}],"predecessor-version":[{"id":17103,"href":"https:\/\/www.sitema.de\/fr\/wp-json\/wp\/v2\/pages\/17102\/revisions\/17103"}],"wp:attachment":[{"href":"https:\/\/www.sitema.de\/fr\/wp-json\/wp\/v2\/media?parent=17102"}],"curies":[{"name":"wp","href":"https:\/\/api.w.org\/{rel}","templated":true}]}}