{"id":17082,"date":"2024-03-04T16:03:18","date_gmt":"2024-03-04T15:03:18","guid":{"rendered":"https:\/\/www.sitema.de\/solutions-speciales\/"},"modified":"2024-10-02T09:32:29","modified_gmt":"2024-10-02T09:32:29","slug":"solutions-speciales","status":"publish","type":"page","link":"https:\/\/www.sitema.de\/fr\/solutions-speciales\/","title":{"rendered":"Solutions sp\u00e9ciales"},"content":{"rendered":"\n<section class=\"wp-block-group alignfull header-generic has-global-padding is-layout-constrained wp-block-group-is-layout-constrained\" id=\"header-generic\">\n<div class=\"wp-block-cover alignfull is-light\" style=\"min-height:350px;aspect-ratio:unset;\"><span aria-hidden=\"true\" class=\"wp-block-cover__background has-background-dim-30 has-background-dim wp-block-cover__gradient-background has-background-gradient\" style=\"background:linear-gradient(90deg,rgb(128,128,128) 0%,rgba(0,0,0,0) 100%)\"><\/span><img decoding=\"async\" width=\"1920\" height=\"350\" class=\"wp-block-cover__image-background wp-image-29956\" alt=\"\" src=\"https:\/\/www.sitema.de\/wp-content\/uploads\/produkte\/sonderloesungen_header.jpg\" style=\"object-position:100% 50%\" data-object-fit=\"cover\" data-object-position=\"100% 50%\"\/><div class=\"wp-block-cover__inner-container has-global-padding is-layout-constrained wp-block-cover-is-layout-constrained\">\n<h1 class=\"wp-block-heading has-text-align-left has-blue-20-color has-text-color has-title-h-1-font-size\">Accessoires pour<\/h1>\n\n\n\n<h2 class=\"wp-block-heading has-text-align-left has-blue-20-color has-text-color has-headline-h-2-font-size\">T\u00eates de serrage SITEMA<\/h2>\n<\/div><\/div>\n<\/section>\n\n\n\n<div id=\"category-list\" class=\"wp-block-group category-list has-global-padding is-layout-constrained wp-block-group-is-layout-constrained\" style=\"margin-top:var(--wp--preset--spacing--5-rem);margin-bottom:var(--wp--preset--spacing--5-rem)\">\n<h2 class=\"wp-block-heading has-headline-h-3-font-size\">Nos solutions sp\u00e9ciales<\/h2>\n\n\n\n<div class=\"wp-block-group category-list-grid has-global-padding is-layout-constrained wp-block-group-is-layout-constrained\" style=\"padding-bottom:125px\">\r\n        \r\n        <div class=\"wp-block-group category-element product-container has-white-background-color has-background has-global-padding is-layout-constrained wp-container-core-group-is-layout-0189ff54 wp-block-group-is-layout-constrained\" style=\"border-radius:5px;padding-top:24px;padding-right:32px;padding-bottom:55px;padding-left:32px\" data-ansteuerung=\"\" data-funktion=\"\" data-tragmittel=\"\" >\r\n            \r\n\r\n            <figure class=\"wp-block-image aligncenter size-large\">\r\n                <img decoding=\"async\" src=\"https:\/\/www.sitema.de\/wp-content\/uploads\/produkte\/sonderloesungen-feststelleinheiten-drehmoment.png\" alt=\"Feststelleinheit f\u00fcr Drehmoment\"\/>\r\n            <\/figure>\r\n            \r\n\r\n            \r\n            \r\n            <h3 class=\"wp-block-heading has-blue-20-color has-text-color has-headline-h-5-font-size\">\r\n                <a title=\"Siehe Dispositif SERRA pour couples de rotation\" href=\"https:\/\/www.sitema.de\/fr\/produit\/dispositif-serra-pour-couples-de-rotation\/\" >Dispositif SERRA pour couples de rotation<\/a>\r\n            <\/h3>\r\n            \r\n\r\n            \r\n            <h5 class=\"wp-block-heading has-orange-50-color has-text-color has-base-font-size\" style=\"margin-top:32px\">\r\n                <strong>S\u00e9ries KFH, KFP, KB &#8230;<\/strong>\r\n            <\/h5>\r\n            \r\n            <ul class=\"has-small-font-size wp-block-list\" style=\"margin-top:48px;padding-left:20px\">\r\n            \r\n                \r\n                <li class=\"has-small-font-size\" style=\"line-height:1.7\">Les deux directions de la charge<\/li>\r\n                \r\n                \r\n                \r\n                <li class=\"has-small-font-size\" style=\"line-height:1.7\">Commande hydraulique ou pneumatique<\/li>\r\n                \r\n                \r\n                \r\n                <li class=\"has-small-font-size\" style=\"line-height:1.7\">Forces de maintien de 1 kN \u00e0 1500 kN<\/li>\r\n                \r\n                \r\n            <\/ul>\r\n            \r\n        <\/div>\r\n        \r\n        \r\n\r\n\n\n\r\n        \r\n        <div class=\"wp-block-group category-element product-container has-white-background-color has-background has-global-padding is-layout-constrained wp-container-core-group-is-layout-0189ff54 wp-block-group-is-layout-constrained\" style=\"border-radius:5px;padding-top:24px;padding-right:32px;padding-bottom:55px;padding-left:32px\" data-ansteuerung=\"\" data-funktion=\"\" data-tragmittel=\"\" >\r\n            \r\n\r\n            <figure class=\"wp-block-image aligncenter size-large\">\r\n                <img decoding=\"async\" src=\"https:\/\/www.sitema.de\/wp-content\/uploads\/produkte\/sonderloesungen-stange-verlaesst-klemmkopf.png\" alt=\"Stange verl\u00e4sst Klemmkopf\"\/>\r\n            <\/figure>\r\n            \r\n\r\n            \r\n            \r\n            <h3 class=\"wp-block-heading has-blue-20-color has-text-color has-headline-h-5-font-size\">\r\n                <a title=\"Siehe La tige sort de la t\u00eate de serrage\" href=\"https:\/\/www.sitema.de\/fr\/produit\/la-tige-sort-de-la-tete-de-serrage\/\" >La tige sort de la t\u00eate de serrage<\/a>\r\n            <\/h3>\r\n            \r\n\r\n            \r\n            <h5 class=\"wp-block-heading has-orange-50-color has-text-color has-base-font-size\" style=\"margin-top:32px\">\r\n                <strong><\/strong>\r\n            <\/h5>\r\n            \r\n        <\/div>\r\n        \r\n        \r\n\r\n\n\n\r\n        \r\n        <div class=\"wp-block-group category-element product-container has-white-background-color has-background has-global-padding is-layout-constrained wp-container-core-group-is-layout-0189ff54 wp-block-group-is-layout-constrained\" style=\"border-radius:5px;padding-top:24px;padding-right:32px;padding-bottom:55px;padding-left:32px\" data-ansteuerung=\"\" data-funktion=\"\" data-tragmittel=\"\" >\r\n            \r\n\r\n            <figure class=\"wp-block-image aligncenter size-large\">\r\n                <img decoding=\"async\" src=\"https:\/\/www.sitema.de\/wp-content\/uploads\/produkte\/sonderloesungen-absturzsicherungen-mechanisch.png\" alt=\"Absturzsicherungen mechanisch\"\/>\r\n            <\/figure>\r\n            \r\n\r\n            \r\n            \r\n            <h3 class=\"wp-block-heading has-blue-20-color has-text-color has-headline-h-5-font-size\">\r\n                <a title=\"Siehe Dispositif antichute PARA m\u00e9canique\" href=\"https:\/\/www.sitema.de\/fr\/produit\/dispositif-antichute-para-mecanique\/\" >Dispositif antichute PARA m\u00e9canique<\/a>\r\n            <\/h3>\r\n            \r\n\r\n            \r\n            <h5 class=\"wp-block-heading has-orange-50-color has-text-color has-base-font-size\" style=\"margin-top:32px\">\r\n                <strong><\/strong>\r\n            <\/h5>\r\n            \r\n        <\/div>\r\n        \r\n        \r\n\r\n\n\n\r\n        \r\n        <div class=\"wp-block-group category-element product-container has-white-background-color has-background has-global-padding is-layout-constrained wp-container-core-group-is-layout-0189ff54 wp-block-group-is-layout-constrained\" style=\"border-radius:5px;padding-top:24px;padding-right:32px;padding-bottom:55px;padding-left:32px\" data-ansteuerung=\"\" data-funktion=\"\" data-tragmittel=\"\" >\r\n            \r\n\r\n            <figure class=\"wp-block-image aligncenter size-large\">\r\n                <img decoding=\"async\" src=\"https:\/\/www.sitema.de\/wp-content\/uploads\/produkte\/sonderloesungen-feststelleinheiten-elektrisch.png\" alt=\"Feststelleinheiten elektrisch\"\/>\r\n            <\/figure>\r\n            \r\n\r\n            \r\n            \r\n            <h3 class=\"wp-block-heading has-blue-20-color has-text-color has-headline-h-5-font-size\">\r\n                <a title=\"Siehe Dispositif de serrage SERRA \u00e9lectrique\" href=\"https:\/\/www.sitema.de\/fr\/produit\/dispositif-de-serrage-serra-electrique\/\" >Dispositif de serrage SERRA \u00e9lectrique<\/a>\r\n            <\/h3>\r\n            \r\n\r\n            \r\n            <h5 class=\"wp-block-heading has-orange-50-color has-text-color has-base-font-size\" style=\"margin-top:32px\">\r\n                <strong><\/strong>\r\n            <\/h5>\r\n            \r\n        <\/div>\r\n        \r\n        \r\n\r\n\n\n\r\n        \r\n        <div class=\"wp-block-group category-element product-container has-white-background-color has-background has-global-padding is-layout-constrained wp-container-core-group-is-layout-0189ff54 wp-block-group-is-layout-constrained\" style=\"border-radius:5px;padding-top:24px;padding-right:32px;padding-bottom:55px;padding-left:32px\" data-ansteuerung=\"\" data-funktion=\"\" data-tragmittel=\"\" >\r\n            \r\n\r\n            <figure class=\"wp-block-image aligncenter size-large\">\r\n                <img decoding=\"async\" src=\"https:\/\/www.sitema.de\/wp-content\/uploads\/produkte\/spezielle-kundenanforderungen-list.png\" alt=\"spezielle-kundenanforderungen-list\"\/>\r\n            <\/figure>\r\n            \r\n\r\n            \r\n            \r\n            <h3 class=\"wp-block-heading has-blue-20-color has-text-color has-headline-h-5-font-size\">\r\n                <a title=\"Siehe Exigences particuli\u00e8res\" href=\"https:\/\/www.sitema.de\/fr\/produit\/exigences-particulieres\/\" >Exigences particuli\u00e8res<\/a>\r\n            <\/h3>\r\n            \r\n\r\n            \r\n            <h5 class=\"wp-block-heading has-orange-50-color has-text-color has-base-font-size\" style=\"margin-top:32px\">\r\n                <strong><\/strong>\r\n            <\/h5>\r\n            \r\n        <\/div>\r\n        \r\n        \r\n\r\n<\/div>\n<\/div>\n","protected":false},"excerpt":{"rendered":"<p>Nos solutions sp\u00e9ciales<\/p>\n","protected":false},"author":1,"featured_media":198621,"parent":0,"menu_order":0,"comment_status":"closed","ping_status":"closed","template":"","meta":{"_acf_changed":false,"_seopress_robots_primary_cat":"","_seopress_titles_title":"Solutions sp\u00e9ciales - %%sitetitle%%","_seopress_titles_desc":"SITEMA vous propose des solutions sur mesure pour vos applications industrielles, du dispositif de serrage au syst\u00e8me de s\u00e9curit\u00e9.","_seopress_robots_index":"","footnotes":""},"class_list":["post-17082","page","type-page","status-publish","has-post-thumbnail","hentry"],"acf":[],"_links":{"self":[{"href":"https:\/\/www.sitema.de\/fr\/wp-json\/wp\/v2\/pages\/17082","targetHints":{"allow":["GET"]}}],"collection":[{"href":"https:\/\/www.sitema.de\/fr\/wp-json\/wp\/v2\/pages"}],"about":[{"href":"https:\/\/www.sitema.de\/fr\/wp-json\/wp\/v2\/types\/page"}],"author":[{"embeddable":true,"href":"https:\/\/www.sitema.de\/fr\/wp-json\/wp\/v2\/users\/1"}],"replies":[{"embeddable":true,"href":"https:\/\/www.sitema.de\/fr\/wp-json\/wp\/v2\/comments?post=17082"}],"version-history":[{"count":3,"href":"https:\/\/www.sitema.de\/fr\/wp-json\/wp\/v2\/pages\/17082\/revisions"}],"predecessor-version":[{"id":29969,"href":"https:\/\/www.sitema.de\/fr\/wp-json\/wp\/v2\/pages\/17082\/revisions\/29969"}],"wp:featuredmedia":[{"embeddable":true,"href":"https:\/\/www.sitema.de\/fr\/wp-json\/wp\/v2\/media\/198621"}],"wp:attachment":[{"href":"https:\/\/www.sitema.de\/fr\/wp-json\/wp\/v2\/media?parent=17082"}],"curies":[{"name":"wp","href":"https:\/\/api.w.org\/{rel}","templated":true}]}}