{"id":10451,"date":"2024-03-11T16:21:06","date_gmt":"2024-03-11T15:21:06","guid":{"rendered":"https:\/\/www.sitema.de\/lentreprise\/siforce-technology\/"},"modified":"2025-01-22T13:42:28","modified_gmt":"2025-01-22T13:42:28","slug":"siforce-technology","status":"publish","type":"page","link":"https:\/\/www.sitema.de\/fr\/lentreprise\/siforce-technology\/","title":{"rendered":"SiForce Technology"},"content":{"rendered":"\n<section class=\"wp-block-group alignfull header-generic has-global-padding is-layout-constrained wp-block-group-is-layout-constrained\" id=\"header-generic\">\n<div class=\"wp-block-cover alignfull\" style=\"min-height:350px;aspect-ratio:unset;\"><span aria-hidden=\"true\" class=\"wp-block-cover__background has-background-dim-30 has-background-dim wp-block-cover__gradient-background has-background-gradient\" style=\"background:linear-gradient(90deg,rgb(128,128,128) 0%,rgba(0,0,0,0) 100%)\"><\/span><img decoding=\"async\" width=\"1180\" height=\"330\" class=\"wp-block-cover__image-background wp-image-9466\" alt=\"\" src=\"https:\/\/www.sitema.de\/wp-content\/uploads\/siforce-tec\/siforce.jpeg\" data-object-fit=\"cover\" srcset=\"https:\/\/www.sitema.de\/wp-content\/uploads\/siforce-tec\/siforce.jpeg 1180w, https:\/\/www.sitema.de\/wp-content\/uploads\/siforce-tec\/siforce-300x84.jpeg 300w, https:\/\/www.sitema.de\/wp-content\/uploads\/siforce-tec\/siforce-1024x286.jpeg 1024w, https:\/\/www.sitema.de\/wp-content\/uploads\/siforce-tec\/siforce-768x215.jpeg 768w\" sizes=\"(max-width: 1180px) 100vw, 1180px\" \/><div class=\"wp-block-cover__inner-container has-global-padding is-layout-constrained wp-block-cover-is-layout-constrained\">\n<h1 class=\"wp-block-heading has-text-align-left has-blue-20-color has-text-color has-title-h-1-font-size\">UNE GRANDE PORTION DE<\/h1>\n\n\n\n<h2 class=\"wp-block-heading has-text-align-left has-blue-20-color has-text-color has-headline-h-2-font-size\">S\u00c9CURIT\u00c9<\/h2>\n<\/div><\/div>\n<\/section>\n\n\n\n<div class=\"wp-block-group siforce-text-block box-shadow is-style-overlap border-radius-4 has-global-padding is-layout-constrained wp-block-group-is-layout-constrained\" style=\"margin-bottom:var(--wp--preset--spacing--5-rem)\">\n<div class=\"wp-block-media-text is-stacked-on-mobile has-background\" style=\"background-color:#f1f1f1;margin-top:0;margin-bottom:0;padding-top:0;padding-bottom:0\"><figure class=\"wp-block-media-text__media\"><img decoding=\"async\" width=\"648\" height=\"350\" src=\"https:\/\/www.sitema.de\/wp-content\/uploads\/siforce-tec\/product-extra-1.jpg\" alt=\"\" class=\"wp-image-13244 size-full\"\/><\/figure><div class=\"wp-block-media-text__content\">\n<h3 class=\"wp-block-heading\" style=\"margin-top:var(--wp--preset--spacing--4-rem)\">Une marque forte pour une technologie unique<\/h3>\n\n\n\n<p style=\"margin-bottom:var(--wp--preset--spacing--3-rem)\">La technologie mondialement reconnue du serrage \u00ab Auto-Croissant \u00bb a d\u00e9sormais un nom. Nous instaurons ainsi de la transparence sur le march\u00e9 des unit\u00e9s de serrage et des freins lin\u00e9aires. La \u00ab SiForce Technology \u00bb est non seulement un gage de s\u00e9curit\u00e9, mais d\u00e9signe \u00e9galement le principe de la force \u00ab Auto-Croissante \u00bb ou \u00ab Self Intensifying Force \u00bb.  <\/p>\n\n\n\n<p class=\"has-orange-50-color has-text-color\"><strong>Une \u00ab bonne portion \u00bb de s\u00e9curit\u00e9 pour les Hommes et leurs machines<\/strong><\/p>\n\n\n\n<p style=\"margin-bottom:var(--wp--preset--spacing--4-rem)\">Les principaux domaines d&rsquo;applications du serrage \u00ab Auto-Croissant \u00bb, mondialement reconnus pour l&rsquo;excellent niveau de s\u00e9curit\u00e9 apport\u00e9 aux machines, mais surtout aux personnes, se concentrent essentiellement aux grandes forces et charges axiales qui doivent \u00eatre s\u00e9curis\u00e9es de mani\u00e8re infaillible. Outre l\u2019absolue s\u00e9curit\u00e9 apr\u00e8s dysfonctionnement, c&rsquo;est aussi la qualit\u00e9 \u2013 et, par cons\u00e9quent, la long\u00e9vit\u00e9 des t\u00eates de serrage \u2013 qui \u00e9gale la priorit\u00e9 absolue.  <\/p>\n<\/div><\/div>\n\n\n\n<div class=\"wp-block-media-text has-media-on-the-right is-stacked-on-mobile has-background\" style=\"background-color:#14abe0;margin-top:0;margin-bottom:0\"><div class=\"wp-block-media-text__content\">\n<h3 class=\"wp-block-heading\" style=\"margin-top:var(--wp--preset--spacing--4-rem)\">De nombreux avantages<\/h3>\n\n\n\n<ul class=\"wp-block-list\">\n<li>Desserrage impossible sous charge, ce qui prot\u00e8ge contre les desserrages involontaires.<\/li>\n\n\n\n<li>Tant que le syst\u00e8me de serrage activ\u00e9 (charge \u00e0 l\u2019\u00e9tat s\u00e9curis\u00e9e) n&rsquo;est pas charg\u00e9, une simple application de la pression suffit \u00e0 le d\u00e9sactiver (aucune remont\u00e9e de charge n\u00e9cessaire).<\/li>\n\n\n\n<li>Le desserrage de la t\u00eate de serrage, sollicit\u00e9e ou charg\u00e9e (p. ex. apr\u00e8s un arr\u00eat d&rsquo;urgence), est uniquement possible que lorsque celle-ci a \u00e9t\u00e9 d\u00e9lest\u00e9e de sa charge. Cela garantit automatiquement la prise en charge, en toute s\u00e9curit\u00e9, par un autre syst\u00e8me de levage (p. ex. son syst\u00e8me d&rsquo;entra\u00eenement). D\u00e8s lors, une simple remont\u00e9e de la charge suffit pour assurer le d\u00e9lestage, et aucun effort suppl\u00e9mentaire (\u00ab de d\u00e9coincement \u00bb) n&rsquo;est n\u00e9cessaire. <\/li>\n\n\n\n<li>Le desserrage se fait donc automatiquement en douceur en cas d&rsquo;utilisation directe sur un v\u00e9rin.<\/li>\n\n\n\n<li>Un d\u00e9placement de la charge vers le haut est encore possible m\u00eame lorsque le syst\u00e8me de serrage est activ\u00e9, p. ex. pour d\u00e9gager une personne bloqu\u00e9e.<\/li>\n\n\n\n<li>Le syst\u00e8me de serrage n&rsquo;est sollicit\u00e9 que lorsque cela est r\u00e9ellement n\u00e9cessaire.<\/li>\n\n\n\n<li>Il offre donc une longue dur\u00e9e de vie (valeurs B<sub>10D<\/sub> jusqu&rsquo;\u00e0 6 millions).<\/li>\n\n\n\n<li>Coefficient de s\u00e9curit\u00e9 > 2 inclus d\u2019origine.<\/li>\n\n\n\n<li>Possibilit\u00e9 de s\u00e9curiser des charges jusqu&rsquo;\u00e0 220 kN \u00e9galement \u00e0 l\u2019aide d\u2019une simple commande pneumatique.<\/li>\n<\/ul>\n\n\n\n<p class=\"has-orange-50-color has-text-color has-link-color wp-elements-de42ce192f2b725267c19557bcbb81cf\" style=\"margin-bottom:var(--wp--preset--spacing--4-rem)\"><strong>Vous trouverez des explications relatives \u00e0 ces diff\u00e9rents points ci-apr\u00e8s sur cette page.<\/strong><\/p>\n<\/div><figure class=\"wp-block-media-text__media\"><img decoding=\"async\" width=\"800\" height=\"640\" src=\"https:\/\/www.sitema.de\/wp-content\/uploads\/siforce-tec\/siforce-2-2.jpg\" alt=\"\" class=\"wp-image-13871 size-full\"\/><\/figure><\/div>\n\n\n\n<div class=\"wp-block-media-text is-stacked-on-mobile has-background\" style=\"background-color:#e1e6ea;margin-top:0;margin-bottom:0\"><figure class=\"wp-block-media-text__media\"><img decoding=\"async\" width=\"767\" height=\"511\" src=\"https:\/\/www.sitema.de\/wp-content\/uploads\/siforce-tec\/Bild-1-franz.png\" alt=\"\" class=\"wp-image-17161 size-full\" srcset=\"https:\/\/www.sitema.de\/wp-content\/uploads\/siforce-tec\/Bild-1-franz.png 767w, https:\/\/www.sitema.de\/wp-content\/uploads\/siforce-tec\/Bild-1-franz-300x200.png 300w\" sizes=\"(max-width: 767px) 100vw, 767px\" \/><\/figure><div class=\"wp-block-media-text__content\">\n<h3 class=\"wp-block-heading\" style=\"margin-top:var(--wp--preset--spacing--4-rem)\">Longue dur\u00e9e de vie<\/h3>\n\n\n\n<p style=\"margin-bottom:var(--wp--preset--spacing--4-rem)\">Dans le cas d&rsquo;une unit\u00e9 de serrage \u00e0 ressorts sans \u00ab SiForce Technology \u00bb, la force de maintien est totalement cr\u00e9\u00e9e par des rondelles ressorts ou ressorts h\u00e9lico\u00efdaux, qui compriment les \u00e9l\u00e9ments de serrage contre la tige \u00e0 immobiliser. Cette force est constante et d\u00e9pend exclusivement des ressorts. \u00c0 chaque activation du syst\u00e8me de serrage, la force de maintien et l\u2019usure sont, par cons\u00e9quent, maximales.  <br><br>Pour le serrage \u00ab Auto-Croissant \u00bb reposant sur le principe de la technologie \u00ab SiForce \u00bb, des ressorts sont \u00e9galement mis en \u0153uvre. Toutefois, ils cr\u00e9ent une force (tr\u00e8s faible comparativement \u00e0 la force de maintien) et servent uniquement \u00e0 positionner de fa\u00e7on correcte et fiable le syst\u00e8me de serrage. Ils ne contribuent en rien \u00e0 la cr\u00e9ation de la force de maintien. Ainsi, le syst\u00e8me de serrage ne subit pratiquement aucune sollicitation lors de l\u2019activation pour s\u00e9curiser la charge, et ne devient r\u00e9ellement sollicit\u00e9 que lors du freinage \u00e0 hauteur de la charge \u00e0 absorber si n\u00e9cessaire. C&rsquo;est pourquoi les t\u00eates de serrage int\u00e9grant la \u00ab SiForce Technology \u00bb ont une dur\u00e9e de vie beaucoup plus longue que les autres syst\u00e8mes de serrage \u00e0 ressorts dont le fonctionnement ne repose pas sur cette technologie.     <\/p>\n<\/div><\/div>\n\n\n\n<div class=\"wp-block-media-text has-media-on-the-right is-stacked-on-mobile has-background\" style=\"background-color:#e1e6ea;margin-top:0;margin-bottom:0\"><div class=\"wp-block-media-text__content\">\n<h3 class=\"wp-block-heading\" style=\"margin-top:var(--wp--preset--spacing--4-rem)\">Encombrement r\u00e9duit<\/h3>\n\n\n\n<p style=\"margin-bottom:var(--wp--preset--spacing--4-rem)\">D\u00e8s lors que les \u00ab gros paquets \u00bb de ressorts ne sont plus n\u00e9cessaires, les t\u00eates de serrage int\u00e9grant la \u00ab SiForce Technology \u00bb sont extr\u00eamement compactes. Exemple\u00a0: pour s\u00e9curiser une charge de 6 tonnes avec un coefficient de s\u00e9curit\u00e9 > 2, une unit\u00e9 de serrage traditionnelle, sans \u00ab SiForce Technology \u00bb, a un diam\u00e8tre d&rsquo;environ 220 mm et une longueur d&rsquo;environ 315 mm. Comparativement, la t\u00eate de serrage int\u00e9grant \u00ab SiForce Technology \u00bb (p.ex. dispositif antichute PARA type KR 56) est beaucoup moins encombrante\u00a0: 140 mm de diam\u00e8tre et une longueur de 262 mm seulement !<\/p>\n<\/div><figure class=\"wp-block-media-text__media\"><img decoding=\"async\" width=\"767\" height=\"511\" src=\"https:\/\/www.sitema.de\/wp-content\/uploads\/siforce-tec\/Bild-2-franz.png\" alt=\"\" class=\"wp-image-17172 size-full\" srcset=\"https:\/\/www.sitema.de\/wp-content\/uploads\/siforce-tec\/Bild-2-franz.png 767w, https:\/\/www.sitema.de\/wp-content\/uploads\/siforce-tec\/Bild-2-franz-300x200.png 300w\" sizes=\"(max-width: 767px) 100vw, 767px\" \/><\/figure><\/div>\n\n\n\n<div class=\"wp-block-media-text is-stacked-on-mobile has-background\" style=\"background-color:#e1e6ea;margin-top:0;margin-bottom:0\"><figure class=\"wp-block-media-text__media\"><img decoding=\"async\" width=\"660\" height=\"418\" src=\"https:\/\/www.sitema.de\/wp-content\/uploads\/siforce-tec\/siforce-5.jpg\" alt=\"\" class=\"wp-image-9363 size-full\" srcset=\"https:\/\/www.sitema.de\/wp-content\/uploads\/siforce-tec\/siforce-5.jpg 660w, https:\/\/www.sitema.de\/wp-content\/uploads\/siforce-tec\/siforce-5-300x190.jpg 300w\" sizes=\"(max-width: 660px) 100vw, 660px\" \/><\/figure><div class=\"wp-block-media-text__content\">\n<h3 class=\"wp-block-heading\" style=\"margin-top:var(--wp--preset--spacing--4-rem)\">Une puissance \u00ab d\u2019\u00e9l\u00e9phant \u00bb en pneumatique<\/h3>\n\n\n\n<p style=\"margin-bottom:var(--wp--preset--spacing--4-rem)\">Pour ouvrir et maintenir ouvert un frein lin\u00e9aire sans \u00ab SiForce Technology \u00bb, il faut vaincre \u00e0 chaque fois toute la force des ressorts, ce qui se traduit, dans le cadre d\u2019une commande pneumatique, par une limitation \u00e0 des forces de maintien relativement faibles. <br><br>Avec la \u00ab SiForce Technology \u00bb, la pression de desserrage doit uniquement contrer la masse relativement faible des \u00e9l\u00e9ments coniques (ou en forme de coins) du syst\u00e8me de serrage, ainsi que la faible force des ressorts qui positionnent le syst\u00e8me de serrage. Ainsi, les dispositifs antichute PARA avec \u00ab SiForce Technology \u00bb permettent de s\u00e9curiser des charges allant jusqu&rsquo;\u00e0 22 tonnes avec une simple alimentation pneumatique. <\/p>\n<\/div><\/div>\n\n\n\n<div class=\"wp-block-media-text has-media-on-the-right is-stacked-on-mobile has-background\" style=\"background-color:#e1e6ea;margin-top:0;margin-bottom:0\"><div class=\"wp-block-media-text__content\">\n<h3 class=\"wp-block-heading\" style=\"margin-top:var(--wp--preset--spacing--4-rem)\">Coefficient de s\u00e9curit\u00e9<\/h3>\n\n\n\n<p>Les t\u00eates de serrage certifi\u00e9es int\u00e9grant la \u00ab SiForce Technology \u00bb (dispositifs antichute PARA et freins de s\u00e9curit\u00e9 FRENAX) ont une charge admissible. Pour la certification D.G.U.V. (Assurance Sociale Allemande des Accidents du Travail), il est exig\u00e9 une force de maintien minimale garantie au double de la charge autoris\u00e9e. Cela signifie que ces t\u00eates de serrage doivent \u00e9galement pouvoir absorber le double de la charge nominale.<\/p>\n\n\n\n<p style=\"margin-bottom:var(--wp--preset--spacing--4-rem)\">Toutefois, les proc\u00e9dures internes SITEMA imposent m\u00eame un coefficient de s\u00e9curit\u00e9 nettement sup\u00e9rieur. \u00c0 titre d&rsquo;exemple, un dispositif antichute PARA type KR40 ou KRP40 avec \u00ab SiForce Technology \u00bb, et dont la charge maximale autoris\u00e9e est de 3,3 tonnes, offre une force de maintien effective de plus de 10 tonnes ! <\/p>\n<\/div><figure class=\"wp-block-media-text__media\"><img decoding=\"async\" width=\"1024\" height=\"652\" src=\"https:\/\/www.sitema.de\/wp-content\/uploads\/siforce-tec\/Bild-3-franz-1024x652.png\" alt=\"\" class=\"wp-image-17183 size-full\" srcset=\"https:\/\/www.sitema.de\/wp-content\/uploads\/siforce-tec\/Bild-3-franz-1024x652.png 1024w, https:\/\/www.sitema.de\/wp-content\/uploads\/siforce-tec\/Bild-3-franz-300x191.png 300w, https:\/\/www.sitema.de\/wp-content\/uploads\/siforce-tec\/Bild-3-franz-768x489.png 768w, https:\/\/www.sitema.de\/wp-content\/uploads\/siforce-tec\/Bild-3-franz-1536x978.png 1536w, https:\/\/www.sitema.de\/wp-content\/uploads\/siforce-tec\/Bild-3-franz-2048x1304.png 2048w\" sizes=\"(max-width: 1024px) 100vw, 1024px\" \/><\/figure><\/div>\n\n\n\n<div class=\"wp-block-media-text is-stacked-on-mobile has-background\" style=\"background-color:#14abe0;margin-top:0;margin-bottom:0\"><figure class=\"wp-block-media-text__media\"><img decoding=\"async\" width=\"660\" height=\"508\" src=\"https:\/\/www.sitema.de\/wp-content\/uploads\/siforce-tec\/siforce-7.jpg\" alt=\"\" class=\"wp-image-9341 size-full\" srcset=\"https:\/\/www.sitema.de\/wp-content\/uploads\/siforce-tec\/siforce-7.jpg 660w, https:\/\/www.sitema.de\/wp-content\/uploads\/siforce-tec\/siforce-7-300x231.jpg 300w\" sizes=\"(max-width: 660px) 100vw, 660px\" \/><\/figure><div class=\"wp-block-media-text__content\">\n<h3 class=\"wp-block-heading\" style=\"margin-top:var(--wp--preset--spacing--4-rem)\">Sauvetage de personnes<\/h3>\n\n\n\n<p style=\"margin-bottom:var(--wp--preset--spacing--4-rem)\">Comme sur de nombreuses machines sur lesquelles des freins lin\u00e9aires sont mont\u00e9s, le maintien en position \u00ab desserr\u00e9e \u00bb d\u2019unit\u00e9s de serrage est assur\u00e9 par une pression cr\u00e9\u00e9e dans un syst\u00e8me hydraulique ou pneumatique. En cas de coupure de cette pression dans ce syst\u00e8me, l&rsquo;unit\u00e9 de serrage se ferme (serrage de l\u2019axe). Si cette chute de pression est due \u00e0 un dysfonctionnement de l\u2019alimentation en \u00e9nergie, il faut pourvoir, en cas de n\u00e9cessit\u00e9 absolue, contrer toute la force de maintien de l&rsquo;unit\u00e9 de serrage \u00e0 ressorts pour tenter de d\u00e9placer la charge, ce qui est souvent impossible sans la \u00ab SiForce Technology \u00bb.  <br><br>En revanche, s&rsquo;il s&rsquo;agit d&rsquo;une t\u00eate de serrage avec \u00ab SiForce Technology \u00bb, l&rsquo;axe peut encore \u00eatre d\u00e9plac\u00e9 ais\u00e9ment dans le sens contraire \u00e0 la direction de la charge, m\u00eame lorsque la t\u00eate de serrage est hors pression, c&rsquo;est-\u00e0-dire activ\u00e9e. Il est ainsi encore possible, en cas de doute, de lib\u00e9rer rapidement et plus facilement des personnes bloqu\u00e9es, ce qui pourrait, en fin de compte, sauver des vies humaines. <\/p>\n<\/div><\/div>\n\n\n\n<div class=\"wp-block-media-text has-media-on-the-right is-stacked-on-mobile has-background\" style=\"background-color:#e1e6ea;margin-top:0;margin-bottom:0\"><div class=\"wp-block-media-text__content\">\n<h3 class=\"wp-block-heading\" style=\"margin-top:var(--wp--preset--spacing--4-rem)\">Fonctionnement<\/h3>\n\n\n\n<p>Un syst\u00e8me de serrage \u00ab Auto-Croissant \u00bb n\u2019utilise pas \u00e0 son profit la force g\u00e9n\u00e9r\u00e9e par des ressorts mais \u00ab rassemble \u00bb l&rsquo;\u00e9nergie d&rsquo;une masse tombante pour s\u2019immobiliser elle-m\u00eame. Pour les applications horizontales, il utilise simplement la force motrice de l\u2019entra\u00eenement mobile \u00e0 s\u00e9curiser. La t\u00eate de serrage \u00ab SiForce Technology \u00bb est maintenue \u00e0 l\u2019\u00e9tat \u00ab d\u00e9sactiv\u00e9 \u00bb par une pression hydraulique ou pneumatique. Pour l\u2019activer, elle est simplement mise hors pression.   <br>Pour s\u00e9curiser une charge en cycle normal de fonctionnement, celle-ci est d\u2019abord stopp\u00e9e par l&rsquo;entra\u00eenement de la machine, puis s\u00e9curis\u00e9e par la t\u00eate de serrage.<br>La s\u00e9curisation de la charge est tout d&rsquo;abord assur\u00e9e par \u00ab l&rsquo;arrimage du syst\u00e8me de serrage \u00bb contre la tige, sans toutefois qu&rsquo;une force de maintien ai \u00e9t\u00e9 cr\u00e9\u00e9e. Dans cet \u00e9tat-l\u00e0 d\u00e9j\u00e0, la charge est s\u00e9curis\u00e9e, ce que la t\u00eate de serrage indique par un signal respectif. Une simple remise sous pression permet de lib\u00e9rer le syst\u00e8me de serrage.  <\/p>\n\n\n\n<p>Force de maintien nettement sup\u00e9rieure.<\/p>\n\n\n\n<p style=\"margin-bottom:var(--wp--preset--spacing--4-rem)\">En cas de d\u00e9faillance du frein de fonctionnement normal ou de l&rsquo;entra\u00eenement \u2013 c&rsquo;est-\u00e0-dire lorsque la charge s&rsquo;affaisse alors qu&rsquo;elle est d\u00e9j\u00e0 s\u00e9curis\u00e9e par le syst\u00e8me de serrage appliqu\u00e9 \u00e0 la tige \u2013, le syst\u00e8me de serrage se comprime et cr\u00e9e une force de maintien tr\u00e8s \u00e9lev\u00e9e par auto-croissance. Plus la force axiale est grande, plus le serrage est puissant, et plus la force de maintien est \u00e9lev\u00e9e. <\/p>\n<\/div><figure class=\"wp-block-media-text__media\"><img decoding=\"async\" width=\"533\" height=\"260\" src=\"https:\/\/www.sitema.de\/wp-content\/uploads\/grafiken-animationen\/siforce-8.png\" alt=\"\" class=\"wp-image-13856 size-full\"\/><\/figure><\/div>\n\n\n\n<div class=\"wp-block-media-text is-stacked-on-mobile has-background\" style=\"background-color:#e1e6ea;margin-top:0;margin-bottom:0\"><figure class=\"wp-block-media-text__media\"><img decoding=\"async\" width=\"660\" height=\"508\" src=\"https:\/\/www.sitema.de\/wp-content\/uploads\/siforce-tec\/siforce-9.jpg\" alt=\"\" class=\"wp-image-9319 size-full\" srcset=\"https:\/\/www.sitema.de\/wp-content\/uploads\/siforce-tec\/siforce-9.jpg 660w, https:\/\/www.sitema.de\/wp-content\/uploads\/siforce-tec\/siforce-9-300x231.jpg 300w\" sizes=\"(max-width: 660px) 100vw, 660px\" \/><\/figure><div class=\"wp-block-media-text__content\">\n<h3 class=\"wp-block-heading\" style=\"margin-top:var(--wp--preset--spacing--4-rem)\">S\u00e9curit\u00e9 absolue apr\u00e8s d\u00e9faillance<\/h3>\n\n\n\n<p style=\"margin-bottom:var(--wp--preset--spacing--4-rem)\">Alors que l&rsquo;ouverture d&rsquo;un frein lin\u00e9aire classique \u00e0 ressorts sans \u00ab SiForce Technology \u00bb est toujours possible, m\u00eame sous charge, du fait d&rsquo;un dysfonctionnement ou d&rsquo;une mauvaise man\u0153uvre, elle ne peut toutefois se produire, avec un syst\u00e8me int\u00e9grant \u00ab SiForce Technology \u00bb, que si la charge a \u00e9t\u00e9 auparavant \u00ab reprise \u00bb en toute s\u00e9curit\u00e9 par un autre moyen de levage. En cons\u00e9quence, le syst\u00e8me de serrage ne doit \u00eatre d\u00e9lest\u00e9 qu\u2019apr\u00e8s avoir absorb\u00e9 la charge (et seulement \u00e0 ce moment-l\u00e0), avant qu&rsquo;il puisse \u00eatre ouvert. Vous pourrez, en r\u00e8gle g\u00e9n\u00e9rale, uniquement d\u00e9lester le syst\u00e8me de serrage, c&rsquo;est-\u00e0-dire remonter la charge, que s&rsquo;il existe un autre moyen pour soutenir la charge, p. ex. l&rsquo;entra\u00eenement fonctionnel de la machine. Ainsi, la \u00ab SiForce Technology \u00bb garantit automatiquement que le syst\u00e8me de serrage peut \u00eatre desserr\u00e9 en toute s\u00e9curit\u00e9, car la charge doit imp\u00e9rativement \u00eatre support\u00e9e d&rsquo;une autre mani\u00e8re pour cela. Bon \u00e0 savoir : si la t\u00eate de serrage int\u00e9grant \u00ab SiForce Technology \u00bb a \u00ab seulement \u00bb s\u00e9curis\u00e9 mais pas encore absorb\u00e9 la charge, il est toujours possible de l&rsquo;ouvrir par une simple application de la pression, comme un frein lin\u00e9aire \u00e0 ressorts classique.    <\/p>\n<\/div><\/div>\n\n\n\n<div class=\"wp-block-media-text has-media-on-the-right is-stacked-on-mobile has-background\" style=\"background-color:#f1f1f1;margin-top:0;margin-bottom:0\"><div class=\"wp-block-media-text__content\">\n<h3 class=\"wp-block-heading\" style=\"margin-top:var(--wp--preset--spacing--4-rem)\">Aucun \u00ab d\u00e9coincement \u00bb n\u00e9cessaire\u2026<\/h3>\n\n\n\n<p>Dans nos domaines d\u2019intervention, certains font courir le mythe\u2026 que les syst\u00e8mes de serrage \u00ab Auto-Croissants \u00bb doivent toujours \u00eatre \u00ab d\u00e9coinc\u00e9s \u00bb, ce qui serait un inconv\u00e9nient. Cette affirmation est totalement inexacte. Il n&rsquo;est, d&rsquo;une part, aucunement n\u00e9cessaire d&rsquo;effectuer un \u00ab d\u00e9coincement \u00bb, et, d&rsquo;autre part, la protection des personnes et des \u00e9quipements contre le desserrage involontaire ne saurait \u00eatre consid\u00e9r\u00e9e comme un inconv\u00e9nient dans le cadre d&rsquo;une \u00e9valuation des risques, bien au contraire !  <\/p>\n\n\n\n<p class=\"has-orange-50-color has-text-color has-link-color wp-elements-684484d0de0f380954e9f573be8ffa9c\" style=\"margin-bottom:var(--wp--preset--spacing--4-rem)\"><strong>Assurez-vous, par cons\u00e9quent, de ne mettre en \u0153uvre que des freins lin\u00e9aires munis du logo \u00ab SiForce \u00bb, afin de garantir LA protection optimale pour les op\u00e9rateurs de vos installations.<\/strong><\/p>\n<\/div><figure class=\"wp-block-media-text__media\"><img decoding=\"async\" width=\"648\" height=\"350\" src=\"https:\/\/www.sitema.de\/wp-content\/uploads\/siforce-tec\/product-extra-1.jpg\" alt=\"\" class=\"wp-image-13244 size-full\"\/><\/figure><\/div>\n<\/div>\n","protected":false},"excerpt":{"rendered":"<p>Une marque forte pour une technologie unique La technologie mondialement reconnue du serrage \u00ab Auto-Croissant \u00bb a d\u00e9sormais un nom. Nous instaurons ainsi de la transparence sur le march\u00e9 des unit\u00e9s de serrage et des freins lin\u00e9aires. La \u00ab SiForce Technology \u00bb est non seulement un gage de s\u00e9curit\u00e9, mais d\u00e9signe \u00e9galement le principe de [&hellip;]<\/p>\n","protected":false},"author":1,"featured_media":0,"parent":10389,"menu_order":0,"comment_status":"closed","ping_status":"closed","template":"","meta":{"_acf_changed":false,"_seopress_robots_primary_cat":"","_seopress_titles_title":"SiForce Technology - %%sitetitle%%","_seopress_titles_desc":"D\u00e9couvrez SiForce Technology, une marque leader dans le domaine des techniques de serrage. Nos produits garantissent une s\u00e9curit\u00e9 maximale pour l'homme et la machine et offrent des avantages tels que la pr\u00e9vention des accidents, un desserrage automatique s\u00fbr et une longue dur\u00e9e de vie.","_seopress_robots_index":"","footnotes":""},"class_list":["post-10451","page","type-page","status-publish","hentry"],"acf":[],"_links":{"self":[{"href":"https:\/\/www.sitema.de\/fr\/wp-json\/wp\/v2\/pages\/10451","targetHints":{"allow":["GET"]}}],"collection":[{"href":"https:\/\/www.sitema.de\/fr\/wp-json\/wp\/v2\/pages"}],"about":[{"href":"https:\/\/www.sitema.de\/fr\/wp-json\/wp\/v2\/types\/page"}],"author":[{"embeddable":true,"href":"https:\/\/www.sitema.de\/fr\/wp-json\/wp\/v2\/users\/1"}],"replies":[{"embeddable":true,"href":"https:\/\/www.sitema.de\/fr\/wp-json\/wp\/v2\/comments?post=10451"}],"version-history":[{"count":8,"href":"https:\/\/www.sitema.de\/fr\/wp-json\/wp\/v2\/pages\/10451\/revisions"}],"predecessor-version":[{"id":66757,"href":"https:\/\/www.sitema.de\/fr\/wp-json\/wp\/v2\/pages\/10451\/revisions\/66757"}],"up":[{"embeddable":true,"href":"https:\/\/www.sitema.de\/fr\/wp-json\/wp\/v2\/pages\/10389"}],"wp:attachment":[{"href":"https:\/\/www.sitema.de\/fr\/wp-json\/wp\/v2\/media?parent=10451"}],"curies":[{"name":"wp","href":"https:\/\/api.w.org\/{rel}","templated":true}]}}