{"id":10424,"date":"2024-02-08T11:45:12","date_gmt":"2024-02-08T10:45:12","guid":{"rendered":"https:\/\/www.sitema.de\/lentreprise\/histoire\/"},"modified":"2025-09-23T11:54:37","modified_gmt":"2025-09-23T09:54:37","slug":"histoire","status":"publish","type":"page","link":"https:\/\/www.sitema.de\/fr\/lentreprise\/histoire\/","title":{"rendered":"Histoire"},"content":{"rendered":"\n<section class=\"wp-block-group alignfull header-generic has-global-padding is-layout-constrained wp-block-group-is-layout-constrained\" id=\"header-generic\">\n<div class=\"wp-block-cover alignfull\" style=\"min-height:350px;aspect-ratio:unset;\"><img decoding=\"async\" width=\"1180\" height=\"330\" class=\"wp-block-cover__image-background wp-image-7551\" alt=\"banner historie\" src=\"https:\/\/www.sitema.de\/wp-content\/uploads\/icons-symbole-banner\/banner-historie.jpg\" data-object-fit=\"cover\" srcset=\"https:\/\/www.sitema.de\/wp-content\/uploads\/icons-symbole-banner\/banner-historie.jpg 1180w, https:\/\/www.sitema.de\/wp-content\/uploads\/icons-symbole-banner\/banner-historie-300x84.jpg 300w, https:\/\/www.sitema.de\/wp-content\/uploads\/icons-symbole-banner\/banner-historie-1024x286.jpg 1024w, https:\/\/www.sitema.de\/wp-content\/uploads\/icons-symbole-banner\/banner-historie-768x215.jpg 768w\" sizes=\"(max-width: 1180px) 100vw, 1180px\" \/><span aria-hidden=\"true\" class=\"wp-block-cover__background has-background-dim-30 has-background-dim wp-block-cover__gradient-background has-background-gradient\" style=\"background:linear-gradient(90deg,rgb(128,128,128) 0%,rgba(0,0,0,0) 100%)\"><\/span><div class=\"wp-block-cover__inner-container has-global-padding is-layout-constrained wp-block-cover-is-layout-constrained\">\n<h1 class=\"wp-block-heading has-text-align-left has-blue-20-color has-text-color has-title-h-1-font-size\">L&rsquo;HISTOIRE DE LA<\/h1>\n\n\n\n<h2 class=\"wp-block-heading has-text-align-left has-blue-20-color has-text-color has-headline-h-2-font-size\">T\u00caTE DE SERRAGE<\/h2>\n<\/div><\/div>\n<\/section>\n\n\n\n<div class=\"wp-block-group is-style-overlap border-radius-4 has-global-padding is-layout-constrained wp-block-group-is-layout-constrained\">\n<div class=\"wp-block-media-text is-stacked-on-mobile is-image-fill-element has-white-background-color has-background\" style=\"margin-top:0;margin-bottom:0\"><figure class=\"wp-block-media-text__media\"><img decoding=\"async\" src=\"https:\/\/www.sitema.de\/wp-content\/themes\/sitema\/assets\/images\/historie-1.jpg\" alt=\"\" class=\"wp-image-5561 size-full\" style=\"object-position:50% 50%\"\/><\/figure><div class=\"wp-block-media-text__content\">\n<h3 class=\"wp-block-heading\">1979 &#8211; D\u00e9but<\/h3>\n\n\n\n<h5 class=\"wp-block-heading has-orange-50-color has-text-color has-headline-h-5-font-size\">Am\u00e9liorer la s\u00e9curit\u00e9<\/h5>\n\n\n\n<p style=\"margin-bottom:var(--wp--preset--spacing--3-rem)\">L&rsquo;histoire de la t\u00eate de serrage est \u00e9troitement li\u00e9e \u00e0 deux noms : Messieurs Schmalenbach et Rastetter.<br>Tout commence en 1979. \u00c0 cette \u00e9poque, M. Rastetter effectue des op\u00e9rations de maintenance sur des ascenseurs hydrauliques en qualit\u00e9 d&rsquo;ind\u00e9pendant. <br><br>Affect\u00e9 par un tragique accident aux \u00c9tats-Unis, il d\u00e9cide d&rsquo;am\u00e9liorer la s\u00e9curit\u00e9 des ascenseurs hydrauliques. Jusqu&rsquo;alors, toute la charge reposait sur la colonne d&rsquo;huile d&rsquo;alimentation d&rsquo;un v\u00e9rin hydraulique situ\u00e9 directement sous la cabine et la d\u00e9pla\u00e7ant vers le haut. En cas de rupture du c\u00e2ble ou de d\u00e9faillance de la vanne, l&rsquo;ascenseur tombait.   Monsieur Rastetter a alors une id\u00e9e : s&rsquo;il arrivait \u00e0 transf\u00e9rer les \u00e9normes forces dues au poids de la cabine vers le corps du v\u00e9rin hydraulique, l&rsquo;ascenseur pourrait alors s&rsquo;appuyer sur le corps stable et serait ainsi prot\u00e9g\u00e9 des chutes.<\/p>\n<\/div><\/div>\n\n\n\n<div class=\"wp-block-media-text has-media-on-the-right is-stacked-on-mobile is-image-fill-element has-white-background-color has-background\" style=\"margin-top:0;margin-bottom:0\"><div class=\"wp-block-media-text__content\">\n<h5 class=\"wp-block-heading has-orange-50-color has-text-color has-headline-h-5-font-size\">Le parachute<\/h5>\n\n\n\n<p>Apr\u00e8s quelques t\u00e2tonnements lui vint l&rsquo;id\u00e9e g\u00e9niale : tout comme un boxeur tire profit de l&rsquo;\u00e9nergie et du poids de son adversaire, l&rsquo;\u00e9nergie de la masse \u00e0 s\u00e9curiser devait aussi \u00eatre employ\u00e9e pour g\u00e9n\u00e9rer les forces n\u00e9cessaires. Un syst\u00e8me de serrage auto-croissant, qui se maintient sur la tige du piston du v\u00e9rin par frottement, s\u00e9curiserait la charge en se resserrant lorsque cette charge appuie sur lui. La force de maintien au niveau de la tige serait alors d&rsquo;autant plus \u00e9lev\u00e9e que la charge de l&rsquo;ascenseur serait grande et riche en \u00e9nergie.  <br><\/p>\n\n\n\n<p>En se basant sur ce principe, il parvint \u00e0 construire de premiers prototypes qu&rsquo;il pr\u00e9senta \u00e0 l&rsquo;organisme de contr\u00f4le (T\u00dcV) charg\u00e9 de la s\u00e9curit\u00e9 des ascenseurs. Les essais de r\u00e9ception requis furent r\u00e9ussis. <br>Il s&rsquo;agissait des premiers \u00ab parachutes \u00bb tels qu&rsquo;ils sont encore appel\u00e9s aujourd&rsquo;hui dans le secteur des ascenseurs.<br><\/p>\n\n\n\n<p style=\"margin-bottom:var(--wp--preset--spacing--3-rem)\">oooooooooo<\/p>\n<\/div><figure class=\"wp-block-media-text__media\"><img decoding=\"async\" src=\"https:\/\/www.sitema.de\/wp-content\/themes\/sitema\/assets\/images\/historie-2.jpg\" alt=\"\" class=\"wp-image-5572 size-full\" style=\"object-position:50% 50%\"\/><\/figure><\/div>\n\n\n\n<div class=\"wp-block-media-text is-stacked-on-mobile is-image-fill-element has-white-background-color has-background\" style=\"margin-top:0;margin-bottom:0\"><figure class=\"wp-block-media-text__media\"><img decoding=\"async\" src=\"https:\/\/www.sitema.de\/wp-content\/themes\/sitema\/assets\/images\/historie-3.jpg\" alt=\"\" class=\"wp-image-5617 size-full\" style=\"object-position:50% 50%\"\/><\/figure><div class=\"wp-block-media-text__content\">\n<h5 class=\"wp-block-heading has-orange-50-color has-text-color has-headline-h-5-font-size\">La t\u00eate de serrage et la naissance de SITEMA<\/h5>\n\n\n\n<p>Le premier pas \u00e9tait ainsi fait. Cependant, pour transformer cette technologie en succ\u00e8s commercial et construire une entreprise prosp\u00e8re, d&rsquo;autres \u00e9tapes furent n\u00e9cessaires : il fallut rep\u00e9rer d&rsquo;autres domaines d&rsquo;application prometteurs, constituer une gamme compl\u00e8te de produits, \u00e9laborer des bases th\u00e9oriques, organiser la production et bien plus encore. <br><\/p>\n\n\n\n<p>Adolf Rastetter trouve finalement en Erich Schmalenbach le partenaire id\u00e9al pour poursuivre l&rsquo;aventure. Gr\u00e2ce \u00e0 son exp\u00e9rience en construction et en d\u00e9veloppement, Erich Schmalenbach parvient \u00e0 transposer cette id\u00e9e et d&rsquo;autres sur papier et \u00e0 les mettre en oeuvre. Il fallut en particulier trouver un concept marketing et un nom de produit accrocheur convenant \u00e0 toutes les applications. C&rsquo;est ainsi qu&rsquo;est n\u00e9 le terme \u00ab t\u00eate de serrage \u00bb pour d\u00e9signer l&rsquo;ensemble des parachutes, des dispositifs antichute PARA, des dispositifs de retenue de s\u00e9curit\u00e9, etc. Le nom de l&rsquo;entreprise que les deux hommes ont fond\u00e9e ensemble est \u00e9galement tout un programme : SITEMA est l&rsquo;abr\u00e9viation de l&rsquo;expression allemande <strong>SI<\/strong>cherheits<strong>TE<\/strong>chnik im <strong>MA<\/strong>schinenbau (technique de s\u00e9curit\u00e9 dans l&rsquo;industrie de construction des<br>machines).<br><\/p>\n\n\n\n<h5 class=\"wp-block-heading has-orange-50-color has-text-color has-headline-h-5-font-size\">La recherche du march\u00e9<\/h5>\n\n\n\n<p style=\"margin-bottom:var(--wp--preset--spacing--3-rem)\">Malgr\u00e9 ces bonnes id\u00e9es et la technologie fonctionnelle, le succ\u00e8s fut, dans un premier temps, limit\u00e9. Naturellement, les fabricants d&rsquo;ascenseurs ne voulaient pas \u00eatre d\u00e9pendants de SITEMA et install\u00e8rent donc un ensemble d&rsquo;autres dispositifs de s\u00e9curit\u00e9 qui, objectivement, garantissaient ensemble une s\u00e9curit\u00e9 suffisante contre les accidents dus \u00e0 une d\u00e9faillance du v\u00e9rin hydraulique. <br>Les \u00ab parachutes \u00bb ne furent donc pas un secteur \u00ab rentable \u00bb pour SITEMA et rest\u00e8rent un produit de niche, \u00e0 l&rsquo;exception de quelques projets.<br>Ainsi, par exemple, un ascenseur hydraulique dot\u00e9 d&rsquo;un parachute fut install\u00e9 dans le Bundeshaus \u00e0 Bonn. On souhaitait en effet, dans ce cas particulier, que l&rsquo;ascenseur reste toujours ouvert \u00e0 l&rsquo;\u00e9tage sup\u00e9rieur afin que toute personne, sortant du bureau du Pr\u00e9sident \/ de la Pr\u00e9sidente du Bundestag, puisse entrer directement dans l&rsquo;ascenseur sans attendre. Cela n&rsquo;\u00e9tait possible, et surtout homologu\u00e9, qu&rsquo;en utilisant un dispositif antichute m\u00e9canique.  <br><br>D\u00e8s lors, la survie de SITEMA allait \u00eatre li\u00e9e aux d\u00e9couvertes de nouvelles applications.<\/p>\n<\/div><\/div>\n\n\n\n<div class=\"wp-block-media-text has-media-on-the-right is-stacked-on-mobile is-image-fill-element has-white-background-color has-background\" style=\"margin-top:0;margin-bottom:0\"><div class=\"wp-block-media-text__content\">\n<h3 class=\"wp-block-heading\">1984<\/h3>\n\n\n\n<h5 class=\"wp-block-heading has-orange-50-color has-text-color has-headline-h-5-font-size\">L&rsquo;arriv\u00e9e dans l&rsquo;industrie de construction des machines<\/h5>\n\n\n\n<p>La perc\u00e9e de la technologie SITEMA eut lieu dans le secteur des presses hydrauliques. Sur toutes les presses \u00e0 partir d&rsquo;une certaine taille, il fallait \u00e0 l&rsquo;\u00e9poque, tout comme aujourd&rsquo;hui selon la norme EN 693 (aujourd&rsquo;hui\u00ad : ISO 16092), fixer un dispositif de retenue \u00e0 action m\u00e9canique sur la presse, ou l&rsquo;int\u00e9grer \u00e0 celle-ci, pour emp\u00eacher toute chute \u00e9ventuelle du lourd coulisseau de la presse. La t\u00eate de serrage de SITEMA offre ici de multiples avantages comme dispositif antichute PARA par rapport aux autres solutions techniques connues. Elle peut notamment agir progressivement \u00e0 n&rsquo;importe quel endroit et m\u00eame \u00eatre activ\u00e9e alors que la presse est en mouvement. La t\u00eate de serrage prot\u00e8ge contre les surcharges, continue de serrer m\u00eame en cas de coupure d&rsquo;\u00e9nergie, est prot\u00e9g\u00e9e contre tout desserrage involontaire, etc.    <\/p>\n\n\n\n<p>Ces propri\u00e9t\u00e9s techniques ont \u00e9galement convaincu l&rsquo;association professionnelle en charge de la s\u00e9curit\u00e9 des presses (aujourd&rsquo;hui la DGUV : caisse allemande d\u2019assurance des accidents du travail et des maladies professionnelles), qui homologua officiellement le dispositif antichute PARA de SITEMA comme dispositif de maintien en hauteur. Le premier certificat fut \u00e9tabli en 1984. La DGUV certifie r\u00e9guli\u00e8rement encore aujourd&rsquo;hui que les dispositifs antichute PARA, les freins de s\u00e9curit\u00e9 et les dispositifs de serrage SERRA de SITEMA respectent ses exigences \u00e9lev\u00e9es, parmi les plus strictes de l&rsquo;industrie de construction des machines. <\/p>\n\n\n\n<h5 class=\"wp-block-heading has-orange-50-color has-text-color has-headline-h-5-font-size\">D\u00e9finir des standards de s\u00e9curit\u00e9<\/h5>\n\n\n\n<p>Cette grande confiance de la DGUV envers les dispositifs antichute PARA de SITEMA fut bient\u00f4t appr\u00e9ci\u00e9e par des clients du monde entier. Ainsi, m\u00eame des clients d&rsquo;autres branches de l&rsquo;industrie de construction des machines se tourn\u00e8rent vers SITEMA pour s\u00e9curiser leurs charges soulev\u00e9es. L&rsquo;arriv\u00e9e d&rsquo;autres applications exigea d&rsquo;autres technologies et c&rsquo;est ainsi que naquit bient\u00f4t le groupe de produits \u00ab dispositifs de verrouillage VERROU \u00bb pour s\u00e9curiser les charges statiques ou se d\u00e9pla\u00e7ant lentement. Cela inclut par exemple les plateaux de th\u00e9\u00e2tre ou les tables \u00e9l\u00e9vatrices. Les dispositifs de verrouillage VERROU utilisent \u00e9galement la technologie de serrage auto-croissant unique au monde.    <\/p>\n\n\n\n<p style=\"margin-bottom:var(--wp--preset--spacing--3-rem)\">Comme les demandes d&rsquo;un serrage \u00e0 positionnement pr\u00e9cis se multipliaient, p.ex. pour le maintien en position dans des \u00ab\u00a0process\u00a0\u00bb de production, l&rsquo;entreprise d\u00e9veloppa ensuite le groupe de produits \u00ab dispositifs de serrage SERRA \u00bb, des t\u00eates de serrage \u00e0 actionnement par ressort qui pouvaient supporter des forces dans les deux sens dans une position pr\u00e9cise. Au fil du temps, d&rsquo;autres s\u00e9ries furent con\u00e7ues pour des applications en ext\u00e9rieur, ou adapt\u00e9es au mod\u00e8le de v\u00e9rins normalis\u00e9s, ou encore pour des machines-outils, s\u00e9ries qui furent homologu\u00e9es en particulier par Lloyd&rsquo;s Register et de nouveau par la DGUV. <\/p>\n<\/div><figure class=\"wp-block-media-text__media\"><img decoding=\"async\" src=\"https:\/\/www.sitema.de\/wp-content\/themes\/sitema\/assets\/images\/historie-4.jpg\" alt=\"\" class=\"wp-image-5583 size-full\" style=\"object-position:50% 50%\"\/><\/figure><\/div>\n\n\n\n<div class=\"wp-block-media-text is-stacked-on-mobile is-image-fill-element has-white-background-color has-background\" style=\"margin-top:0;margin-bottom:0\"><figure class=\"wp-block-media-text__media\"><img decoding=\"async\" src=\"https:\/\/www.sitema.de\/wp-content\/themes\/sitema\/assets\/images\/historie-5.jpg\" alt=\"\" class=\"wp-image-5594 size-full\" style=\"object-position:50% 50%\"\/><\/figure><div class=\"wp-block-media-text__content\">\n<h3 class=\"wp-block-heading\">Milieu des ann\u00e9es 2000<\/h3>\n\n\n\n<h5 class=\"wp-block-heading has-orange-50-color has-text-color has-headline-h-5-font-size\">Autres applications<\/h5>\n\n\n\n<p>Depuis le milieu des ann\u00e9es 2000, les demandes des fabricants d&rsquo;installations d&rsquo;automatisation ont fortement augment\u00e9. Ils souhaitaient notamment des t\u00eates de serrage pneumatiques pour s\u00e9curiser de plus petites charges, si possible avec la technologie de serrage auto-croissant \u00e9prouv\u00e9e. Le d\u00e9fi de cette application \u00e9tait d&rsquo;obtenir des \u00ab d\u00e9placements de serrage \u00bb plus petits que pour le dispositif antichute PARA en raison des courses plus courtes et des d\u00e9placements plus rapides observ\u00e9s en automatisation. SITEMA r\u00e9pondit \u00e0 ses demandes par son nouveau groupe de produits \u00ab freins de s\u00e9curit\u00e9 \u00bb qui obtint \u00e9galement rapidement l&rsquo;homologation DGUV.   <\/p>\n\n\n\n<p style=\"margin-bottom:var(--wp--preset--spacing--3-rem)\">Mais les bonnes id\u00e9es de SITEMA ne se limitaient pas \u00e0 la s\u00e9curisation de charges et au maintien. Avec le PowerStroke, SITEMA propose un type de v\u00e9rin \u00e0 faible course. Cette t\u00eate de serrage se fixe \u00e0 un endroit quelconque d&rsquo;une tige ronde et peut alors pousser ou tirer avec une force \u00e9lev\u00e9e sur 20 mm maxi. Cette technologie est utilis\u00e9e d\u00e8s que des d\u00e9placements importants et rapides sont requis et que la force de process effective n&rsquo;est requise que sur une courte distance, par exemple lors de la fermeture ou du maintien ferm\u00e9 d&rsquo;un moule sur des machines de moulage par injection ou de moulage par compression. Mais ces t\u00eates de serrage conviennent \u00e9galement pour les processus d&rsquo;assemblage, les installations de formage ou les bancs d&rsquo;essais. En r\u00e9sum\u00e9, partout o\u00f9 la s\u00e9paration entre course rapide et course d&rsquo;effort permet de construire des machines plus compactes n\u00e9cessitant beaucoup moins d&rsquo;\u00e9nergie que des machines de construction classique.     <\/p>\n<\/div><\/div>\n\n\n\n<div class=\"wp-block-media-text has-media-on-the-right is-stacked-on-mobile is-image-fill-element has-white-background-color has-background\" style=\"margin-top:0;margin-bottom:0\"><div class=\"wp-block-media-text__content\">\n<h5 class=\"wp-block-heading has-orange-50-color has-text-color has-headline-h-5-font-size\">Perspectives d&rsquo;avenir<\/h5>\n\n\n\n<p>En raison de leur diversit\u00e9 et du grand nombre de mod\u00e8les existants, les t\u00eates de serrage sont utilis\u00e9es d\u00e8s qu&rsquo;il s&rsquo;agit de s\u00e9curiser, d&rsquo;arr\u00eater ou d&rsquo;entra\u00eener par une force des mouvements lin\u00e9aires. Cela ne se limite pas aux applications initiales dans l&rsquo;industrie de construction des machines comme les presses hydrauliques, les machines-outils, les applications avec des v\u00e9rins hydrauliques ou pneumatiques, les portiques, les palettiseurs, les bancs d&rsquo;essais, les syst\u00e8mes d&rsquo;automatisation, etc. Cela comprend \u00e9galement des installations comme des remont\u00e9es m\u00e9caniques, des broyeurs de charbon, des fonds de bassins r\u00e9glables ou m\u00eame des ponts. Vous trouverez de nombreux autres exemples sur notre site Internet, \u00e0 la page Applications.  <\/p>\n\n\n\n<p style=\"margin-bottom:var(--wp--preset--spacing--3-rem)\">L&rsquo;histoire de la t\u00eate de serrage ne touche certainement pas \u00e0 sa fin. SITEMA travaille constamment sur de nouvelles technologies, pas seulement pour am\u00e9liorer sans cesse les produits existants, mais aussi pour d\u00e9velopper de nouvelles t\u00eates de serrage qui seront n\u00e9cessaires dans les machines de demain. <\/p>\n<\/div><figure class=\"wp-block-media-text__media\"><img decoding=\"async\" src=\"https:\/\/www.sitema.de\/wp-content\/themes\/sitema\/assets\/images\/historie-6.jpg\" alt=\"\" class=\"wp-image-5605 size-full\" style=\"object-position:50% 50%\"\/><\/figure><\/div>\n<\/div>\n\n\n\n<section class=\"wp-block-group alignfull has-global-padding is-layout-constrained wp-block-group-is-layout-constrained\" id=\"pattern-cover-section\" style=\"margin-top:var(--wp--preset--spacing--5-rem)\">\n<div class=\"wp-block-cover alignfull is-light\" style=\"margin-bottom:0px;min-height:360px;aspect-ratio:unset;\"><img decoding=\"async\" class=\"wp-block-cover__image-background wp-image-7589\" alt=\"Historie\" src=\"https:\/\/www.sitema.de\/wp-content\/themes\/sitema\/assets\/images\/cover-banner.jpg\" data-object-fit=\"cover\"\/><span aria-hidden=\"true\" class=\"wp-block-cover__background has-background-dim-0 has-background-dim\"><\/span><div class=\"wp-block-cover__inner-container is-layout-flow wp-block-cover-is-layout-flow\">\n<div class=\"wp-block-group has-global-padding is-layout-constrained wp-block-group-is-layout-constrained\">\n<h3 class=\"wp-block-heading has-blue-20-color has-text-color\">Aper\u00e7u de nos solutions<\/h3>\n\n\n\n<p>D\u00e9couvrez les produits SITEMA<\/p>\n\n\n\n<div class=\"wp-block-buttons is-layout-flex wp-block-buttons-is-layout-flex\" style=\"margin-top:var(--wp--preset--spacing--2-rem);margin-bottom:var(--wp--preset--spacing--2-rem)\">\n<div class=\"wp-block-button is-style-default\"><a class=\"wp-block-button__link has-base-font-size has-custom-font-size wp-element-button\" href=\"https:\/\/www.sitema.de\/fr\/produits\/\"><strong>Aper\u00e7u des produits<\/strong><\/a><\/div>\n<\/div>\n<\/div>\n<\/div><\/div>\n<\/section>\n\n\n\n<div id=\"product-column-icons\" class=\"wp-block-group product-column-icons is-style-overlap has-global-padding is-layout-constrained wp-block-group-is-layout-constrained\">\n<div class=\"wp-block-columns is-layout-flex wp-container-core-columns-is-layout-fe0db1f2 wp-block-columns-is-layout-flex\" style=\"margin-bottom:var(--wp--preset--spacing--8-rem)\">\n<div class=\"wp-block-column border-radius-4 has-white-background-color has-background is-layout-flow wp-block-column-is-layout-flow\" style=\"padding-top:var(--wp--preset--spacing--2-rem);padding-right:var(--wp--preset--spacing--2-rem);padding-bottom:var(--wp--preset--spacing--2-rem);padding-left:var(--wp--preset--spacing--2-rem)\">\n<figure class=\"wp-block-image aligncenter size-full\"><img decoding=\"async\" width=\"50\" height=\"51\" src=\"https:\/\/www.sitema.de\/wp-content\/uploads\/powerstroke\/icon-product-1.png\" alt=\"\" class=\"wp-image-9725\"\/><\/figure>\n\n\n\n<h5 class=\"wp-block-heading has-text-align-center has-blue-20-color has-text-color has-link-color wp-elements-3856dfff35f282d8bdc2ffdbf884015c\" style=\"margin-top:var(--wp--preset--spacing--2-rem);margin-bottom:var(--wp--preset--spacing--1-rem)\"><a href=\"https:\/\/www.sitema.de\/fr\/produkte\/?fp=function4\">S\u00e9curiser<\/a><\/h5>\n\n\n\n<p class=\"has-text-align-center\">Se prot\u00e9ger d&rsquo;une charge<\/p>\n<\/div>\n\n\n\n<div class=\"wp-block-column border-radius-4 has-white-background-color has-background is-layout-flow wp-block-column-is-layout-flow\" style=\"padding-top:var(--wp--preset--spacing--2-rem);padding-right:var(--wp--preset--spacing--2-rem);padding-bottom:var(--wp--preset--spacing--2-rem);padding-left:var(--wp--preset--spacing--2-rem)\">\n<figure class=\"wp-block-image aligncenter size-full\"><img decoding=\"async\" width=\"50\" height=\"51\" src=\"https:\/\/www.sitema.de\/wp-content\/uploads\/powerstroke\/icon-product-2.png\" alt=\"\" class=\"wp-image-9736\"\/><\/figure>\n\n\n\n<h5 class=\"wp-block-heading has-text-align-center has-blue-20-color has-text-color has-link-color wp-elements-6a1f891bf3db4872cae4bd1a856f2ef7\" style=\"margin-top:var(--wp--preset--spacing--2-rem);margin-bottom:var(--wp--preset--spacing--1-rem)\"><a href=\"https:\/\/www.sitema.de\/fr\/produkte\/?fp=function3\">Position<\/a>ner<\/h5>\n\n\n\n<p class=\"has-text-align-center\">Verrouillage pr\u00e9cis d&rsquo;axe<\/p>\n<\/div>\n\n\n\n<div class=\"wp-block-column border-radius-4 has-white-background-color has-background is-layout-flow wp-block-column-is-layout-flow\" style=\"padding-top:var(--wp--preset--spacing--2-rem);padding-right:var(--wp--preset--spacing--2-rem);padding-bottom:var(--wp--preset--spacing--2-rem);padding-left:var(--wp--preset--spacing--2-rem)\">\n<figure class=\"wp-block-image aligncenter size-full\"><img decoding=\"async\" width=\"50\" height=\"51\" src=\"https:\/\/www.sitema.de\/wp-content\/uploads\/powerstroke\/icon-product-3.png\" alt=\"\" class=\"wp-image-9747\"\/><\/figure>\n\n\n\n<h5 class=\"wp-block-heading has-text-align-center has-blue-20-color has-text-color has-link-color wp-elements-33b114c87b9c436c5b78eb642882c3fe\" style=\"margin-top:var(--wp--preset--spacing--2-rem);margin-bottom:var(--wp--preset--spacing--1-rem)\"><a href=\"https:\/\/www.sitema.de\/fr\/produkte\/?fp=function1\">Contrer<\/a><\/h5>\n\n\n\n<p class=\"has-text-align-center\">Maintenir contre un effort<\/p>\n<\/div>\n\n\n\n<div class=\"wp-block-column border-radius-4 has-white-background-color has-background is-layout-flow wp-block-column-is-layout-flow\" style=\"padding-top:var(--wp--preset--spacing--2-rem);padding-right:var(--wp--preset--spacing--2-rem);padding-bottom:var(--wp--preset--spacing--2-rem);padding-left:var(--wp--preset--spacing--2-rem)\">\n<figure class=\"wp-block-image aligncenter size-full\"><img decoding=\"async\" width=\"50\" height=\"51\" src=\"https:\/\/www.sitema.de\/wp-content\/uploads\/powerstroke\/icon-product-4.png\" alt=\"\" class=\"wp-image-9758\"\/><\/figure>\n\n\n\n<h5 class=\"wp-block-heading has-text-align-center has-blue-20-color has-text-color has-link-color wp-elements-09d26e3279f6c240cf8e89c8b82a44b5\" style=\"margin-top:var(--wp--preset--spacing--2-rem);margin-bottom:var(--wp--preset--spacing--1-rem)\"><a href=\"https:\/\/www.sitema.de\/fr\/produkte\/?fp=function2\">Entra\u00eener<\/a><\/h5>\n\n\n\n<p class=\"has-text-align-center\">G\u00e9n\u00e9rer de grandes forces sur une courte distance<\/p>\n<\/div>\n<\/div>\n<\/div>\n","protected":false},"excerpt":{"rendered":"<p>1979 &#8211; D\u00e9but Am\u00e9liorer la s\u00e9curit\u00e9 L&rsquo;histoire de la t\u00eate de serrage est \u00e9troitement li\u00e9e \u00e0 deux noms : Messieurs Schmalenbach et Rastetter.Tout commence en 1979. \u00c0 cette \u00e9poque, M. Rastetter effectue des op\u00e9rations de maintenance sur des ascenseurs hydrauliques en qualit\u00e9 d&rsquo;ind\u00e9pendant. Affect\u00e9 par un tragique accident aux \u00c9tats-Unis, il d\u00e9cide d&rsquo;am\u00e9liorer la s\u00e9curit\u00e9 [&hellip;]<\/p>\n","protected":false},"author":1,"featured_media":0,"parent":10389,"menu_order":0,"comment_status":"closed","ping_status":"closed","template":"","meta":{"_acf_changed":false,"_seopress_robots_primary_cat":"","_seopress_titles_title":"Histoire - %%sitetitle%%","_seopress_titles_desc":"D\u00e9couvrez l'histoire de SITEMA, pionnier depuis 1979 dans le d\u00e9veloppement de technologies innovantes pour le serrage et le freinage industriels. Depuis nos d\u00e9buts avec le premier syst\u00e8me de freinage hydraulique pour ascenseurs jusqu'\u00e0 la diversification actuelle dans les t\u00eates de blocage multi-entra\u00eenement, notre engagement pour l'excellence continue de faire avancer l'industrie.","_seopress_robots_index":"","footnotes":""},"class_list":["post-10424","page","type-page","status-publish","hentry"],"acf":[],"_links":{"self":[{"href":"https:\/\/www.sitema.de\/fr\/wp-json\/wp\/v2\/pages\/10424","targetHints":{"allow":["GET"]}}],"collection":[{"href":"https:\/\/www.sitema.de\/fr\/wp-json\/wp\/v2\/pages"}],"about":[{"href":"https:\/\/www.sitema.de\/fr\/wp-json\/wp\/v2\/types\/page"}],"author":[{"embeddable":true,"href":"https:\/\/www.sitema.de\/fr\/wp-json\/wp\/v2\/users\/1"}],"replies":[{"embeddable":true,"href":"https:\/\/www.sitema.de\/fr\/wp-json\/wp\/v2\/comments?post=10424"}],"version-history":[{"count":12,"href":"https:\/\/www.sitema.de\/fr\/wp-json\/wp\/v2\/pages\/10424\/revisions"}],"predecessor-version":[{"id":178505,"href":"https:\/\/www.sitema.de\/fr\/wp-json\/wp\/v2\/pages\/10424\/revisions\/178505"}],"up":[{"embeddable":true,"href":"https:\/\/www.sitema.de\/fr\/wp-json\/wp\/v2\/pages\/10389"}],"wp:attachment":[{"href":"https:\/\/www.sitema.de\/fr\/wp-json\/wp\/v2\/media?parent=10424"}],"curies":[{"name":"wp","href":"https:\/\/api.w.org\/{rel}","templated":true}]}}