{"id":10389,"date":"2024-03-11T16:04:56","date_gmt":"2024-03-11T15:04:56","guid":{"rendered":"https:\/\/www.sitema.de\/lentreprise\/"},"modified":"2025-05-02T11:24:42","modified_gmt":"2025-05-02T09:24:42","slug":"lentreprise","status":"publish","type":"page","link":"https:\/\/www.sitema.de\/fr\/lentreprise\/","title":{"rendered":"L&rsquo;entreprise"},"content":{"rendered":"\n<section class=\"wp-block-group alignfull header-generic has-global-padding is-layout-constrained wp-block-group-is-layout-constrained\" id=\"header-generic\">\n<div class=\"wp-block-cover alignfull\" style=\"min-height:350px;aspect-ratio:unset;\"><span aria-hidden=\"true\" class=\"wp-block-cover__background has-background-dim wp-block-cover__gradient-background has-background-gradient\" style=\"background:linear-gradient(90deg,rgb(128,128,128) 0%,rgba(0,0,0,0) 100%)\"><\/span><img decoding=\"async\" class=\"wp-block-cover__image-background wp-image-17956\" alt=\"\" src=\"https:\/\/www.sitema.de\/wp-content\/uploads\/unternehmen\/unternehmen_halle.jpg\" style=\"object-position:53% 61%\" data-object-fit=\"cover\" data-object-position=\"53% 61%\"\/><div class=\"wp-block-cover__inner-container has-global-padding is-layout-constrained wp-block-cover-is-layout-constrained\">\n<h1 class=\"wp-block-heading has-text-align-left has-blue-20-color has-text-color has-title-h-1-font-size\"><strong>L&rsquo;entreprise<\/strong><\/h1>\n<\/div><\/div>\n<\/section>\n\n\n\n<div class=\"wp-block-group is-style-overlap has-global-padding is-layout-constrained wp-block-group-is-layout-constrained\">\r\n<section id=\"company-accordion\" class=\"company-accordion-container\">\r\n            <div class=\"company-accordion\">\r\n            <button type=\"button\">\r\n                <img decoding=\"async\" src=\"https:\/\/www.sitema.de\/wp-content\/themes\/sitema\/assets\/images\/icon-company-1.jpg\">\r\n                <h3>La transparence, notre r\u00e9ussite<\/h3>\r\n            <\/button>\r\n            <div class=\"company-accordion-content\">\r\n                <p>Le si\u00e8ge de notre entreprise est construit conform\u00e9ment \u00e0 notre fa\u00e7on de travailler: droit et transparent. Avec une architecture ouverte qui cr\u00e9e des liens et de la visibilit\u00e9. Avec un concept d\u2019espace qui favorise le travail en \u00e9quipe, tout en permettant de nous concentrer sur notre succ\u00e8s commun.<\/p>\r\n            <\/div>\r\n        <\/div>\r\n            <div class=\"company-accordion\">\r\n            <button type=\"button\">\r\n                <img decoding=\"async\" src=\"https:\/\/www.sitema.de\/wp-content\/themes\/sitema\/assets\/images\/icon-company-2.jpg\">\r\n                <h3>Nous mettons tout en oeuvre pour votre s\u00e9curit\u00e9<\/h3>\r\n            <\/button>\r\n            <div class=\"company-accordion-content\">\r\n                <p>D\u00e9veloppement et construction. Pilotage de projet et contact avec le client. Fabrication et assemblage. Contr\u00f4le de sortie et exp\u00e9dition. Nous ne sous-traitons pas votre s\u00e9curit\u00e9 \u2013 nous la r\u00e9alisons avec coh\u00e9rence en interne.<\/p>\r\n            <\/div>\r\n        <\/div>\r\n            <div class=\"company-accordion\">\r\n            <button type=\"button\">\r\n                <img decoding=\"async\" src=\"https:\/\/www.sitema.de\/wp-content\/themes\/sitema\/assets\/images\/icon-company-3.jpg\">\r\n                <h3>Nos valeurs garantissent la confiance<\/h3>\r\n            <\/button>\r\n            <div class=\"company-accordion-content\">\r\n                <p>\u00ab L\u2019accomplissement des attentes en mati\u00e8re de qualit\u00e9 de nos clients est au centre de toutes les proc\u00e9dures de l\u2019entreprise \u00bb \u2013 cette phrase-cl\u00e9 de notre philosophie prouve : la qualit\u00e9 est un principe de l\u2019entreprise auquel nous tenons.<\/p>\r\n            <\/div>\r\n        <\/div>\r\n    <\/section><\/div>\n\n\n\n<div class=\"wp-block-group has-white-background-color has-background has-global-padding is-layout-constrained wp-container-core-group-is-layout-21e5db97 wp-block-group-is-layout-constrained\" style=\"border-radius:4px;margin-top:var(--wp--preset--spacing--4-rem);margin-bottom:0;padding-top:var(--wp--preset--spacing--4-rem);padding-right:var(--wp--preset--spacing--4-rem);padding-bottom:var(--wp--preset--spacing--4-rem);padding-left:var(--wp--preset--spacing--4-rem)\">\n<h3 class=\"wp-block-heading\">L\u2019entreprise vou\u00e9e \u00e0 la s\u00e9curit\u00e9<\/h3>\n\n\n\n<div class=\"wp-block-columns is-layout-flex wp-container-core-columns-is-layout-28f84493 wp-block-columns-is-layout-flex\">\n<div class=\"wp-block-column is-layout-flow wp-block-column-is-layout-flow\" style=\"flex-basis:100%\">\n<h5 class=\"wp-block-heading has-orange-50-color has-text-color has-link-color wp-elements-163f069cbc25c2c71b181f3c4dbdd5c4\">Nous sommes les sp\u00e9cialistes<\/h5>\n\n\n\n<p>SITEMA est la seule entreprise de taille mondiale qui s\u2019est sp\u00e9cialis\u00e9e exclusivement dans le d\u00e9veloppement et la production de t\u00eates de serrage et de freins lin\u00e9aires sur tiges rondes. Gr\u00e2ce \u00e0 cette expertise, SITEMA est aujourd\u2019hui un partenaire appr\u00e9ci\u00e9 \u00e0 l\u2019\u00e9chelle mondiale dans l\u2019industrie de construction des machines. La s\u00e9curisation, le serrage et la fixation de charges \u00e0 d\u00e9placement axial constituent notre sp\u00e9cialit\u00e9, dans laquelle nous sommes une entreprise leader depuis de nombreuses ann\u00e9es \u2013 dans ce secteur, les unit\u00e9s de serrage SITEMA sont une r\u00e9f\u00e9rence. Gr\u00e2ce \u00e0 notre offre \u00e9tendue de produits, nous proposons des comp\u00e9tences uniques en termes de conseil et de solution, quelle que soit la mission \u00e0 accomplir.   <\/p>\n<\/div>\n\n\n\n<div class=\"wp-block-column is-layout-flow wp-block-column-is-layout-flow\" style=\"flex-basis:100%\">\n<h5 class=\"wp-block-heading has-orange-50-color has-text-color has-link-color wp-elements-aaf4f2f884c94eeb81df6828a020c7a3\">Une exp\u00e9rience en tant que leader<\/h5>\n\n\n\n<p>D\u00e8s sa cr\u00e9ation en 1979, SITEMA d\u00e9veloppe le premier syst\u00e8me permettant de transmettre les forces de freinage \u00e9lev\u00e9es des \u00e9l\u00e9vateurs hydrauliques directement sur la tige de piston par frottement. Cette technologie novatrice a ensuite servi de base pour le d\u00e9veloppement continu et la diversification de diverses unit\u00e9s de serrage. Aujourd\u2019hui, la soci\u00e9t\u00e9 SITEMA d\u00e9veloppe et produit des t\u00eates de serrage \u00e0 commande hydraulique, pneumatique, m\u00e9canique et \u00e9lectrique pour une large vari\u00e9t\u00e9 de champs d\u2019application.  <\/p>\n<\/div>\n<\/div>\n<\/div>\n\n\n\n<figure class=\"wp-block-video border-radius-4\" style=\"margin-top:var(--wp--preset--spacing--4-rem)\"><video height=\"658\" style=\"aspect-ratio: 1170 \/ 658;\" width=\"1170\" controls poster=\"https:\/\/www.sitema.de\/wp-content\/uploads\/unternehmen\/sitema-image-film_poster.jpg\" src=\"https:\/\/www.sitema.de\/wp-content\/uploads\/videos\/2016_15_16_projekt_sitema_imagefilm_ENGLISCH_WEB_1170p.mp4\"><\/video><\/figure>\n\n\n\n<div class=\"wp-block-media-text has-media-on-the-right is-stacked-on-mobile is-image-fill-element border-radius-4 has-white-background-color has-background\" style=\"margin-top:var(--wp--preset--spacing--5-rem);margin-bottom:var(--wp--preset--spacing--5-rem);grid-template-columns:auto 40%\"><div class=\"wp-block-media-text__content\">\n<div class=\"wp-block-group has-global-padding is-layout-constrained wp-block-group-is-layout-constrained\">\n<h3 class=\"wp-block-heading\" style=\"margin-top:var(--wp--preset--spacing--4-rem)\">La qualit\u00e9 cr\u00e9e de la confiance<\/h3>\n\n\n\n<h5 class=\"wp-block-heading has-orange-50-color has-text-color has-headline-h-5-font-size\">Fiabilit\u00e9 certifi\u00e9e<\/h5>\n\n\n\n<p>Les exigences extr\u00eames apport\u00e9es \u00e0 la qualit\u00e9 de nos produits sont \u00e0 l\u2019origine de notre r\u00e9ussite. Car pour les composants de s\u00e9curit\u00e9, une s\u00e9curit\u00e9 de fonctionnement absolue est une obligation, et pour nous elle va de soi. Les unit\u00e9s de serrage SITEMA ont re\u00e7u la certification de \u00ab dispositif de retenue \u00bb par les autorit\u00e9s europ\u00e9ennes comp\u00e9tentes. La soci\u00e9t\u00e9 SITEMA est certifi\u00e9e selon les normes ISO 9001 &amp; ISO 14001 et dispose donc d\u2019un syst\u00e8me de management efficace qui r\u00e9pond \u00e0 des jalons reconnus \u00e0 l\u2019\u00e9chelle mondiale et garantit la fiabilit\u00e9 et la qualit\u00e9, \u00e9galement pour les proc\u00e9dures en interne.   <\/p>\n\n\n\n<h5 class=\"wp-block-heading has-orange-50-color has-text-color has-headline-h-5-font-size\">Un contr\u00f4le de sortie \u00e0 100 %<\/h5>\n\n\n\n<p style=\"margin-bottom:var(--wp--preset--spacing--4-rem)\">Imm\u00e9diatement apr\u00e8s la fabrication, chaque t\u00eate de serrage est contr\u00f4l\u00e9e quant \u00e0 son fonctionnement et sa force de maintien au moyen d\u2019installations de contr\u00f4le internes. L\u2019ensemble de la documentation de contr\u00f4le est archiv\u00e9e et peut \u00eatre mise \u00e0 la disposition des clients \u00e0 tout instant. <\/p>\n<\/div>\n<\/div><figure class=\"wp-block-media-text__media\"><img decoding=\"async\" width=\"585\" height=\"410\" src=\"https:\/\/www.sitema.de\/wp-content\/uploads\/unternehmen\/edd694d93979af7b3cfe359ed6abc476.jpg\" alt=\"\" class=\"wp-image-7889 size-full\" style=\"object-position:50% 50%\" srcset=\"https:\/\/www.sitema.de\/wp-content\/uploads\/unternehmen\/edd694d93979af7b3cfe359ed6abc476.jpg 585w, https:\/\/www.sitema.de\/wp-content\/uploads\/unternehmen\/edd694d93979af7b3cfe359ed6abc476-300x210.jpg 300w\" sizes=\"(max-width: 585px) 100vw, 585px\" \/><\/figure><\/div>\n\n\n\n<div id=\"company-certifications\" class=\"wp-block-group company-certifications has-white-background-color has-background has-global-padding is-layout-constrained wp-container-core-group-is-layout-21e5db97 wp-block-group-is-layout-constrained\" style=\"border-radius:4px;margin-top:var(--wp--preset--spacing--4-rem);margin-bottom:0;padding-top:var(--wp--preset--spacing--4-rem);padding-right:var(--wp--preset--spacing--4-rem);padding-bottom:var(--wp--preset--spacing--4-rem);padding-left:var(--wp--preset--spacing--4-rem)\">\n<h3 class=\"wp-block-heading\">Certifications<\/h3>\n\n\n\n<div class=\"wp-block-columns is-layout-flex wp-container-core-columns-is-layout-28f84493 wp-block-columns-is-layout-flex\">\n<div class=\"wp-block-column is-layout-flow wp-block-column-is-layout-flow\">\n<figure class=\"wp-block-image aligncenter size-full\"><img decoding=\"async\" src=\"https:\/\/www.sitema.de\/wp-content\/themes\/sitema\/assets\/images\/certificate-1.jpg\" alt=\"\" class=\"wp-image-5948\"\/><\/figure>\n\n\n\n<p class=\"has-text-align-center has-small-font-size\" style=\"line-height:1.4\">Certification DGUV pour les dispositifs antichute (par ex. pour les presses selon ISO 16092\/EN 693)<\/p>\n<\/div>\n\n\n\n<div class=\"wp-block-column is-layout-flow wp-block-column-is-layout-flow\">\n<figure class=\"wp-block-image aligncenter size-full\"><img decoding=\"async\" src=\"https:\/\/www.sitema.de\/wp-content\/themes\/sitema\/assets\/images\/certificate-2.jpg\" alt=\"\" class=\"wp-image-6014\"\/><\/figure>\n\n\n\n<p class=\"has-text-align-center has-small-font-size\" style=\"line-height:1.4\">Certification DGUV pour les freins de s\u00e9curit\u00e9 FRENAX<\/p>\n<\/div>\n\n\n\n<div class=\"wp-block-column is-layout-flow wp-block-column-is-layout-flow\">\n<figure class=\"wp-block-image aligncenter size-full\"><img decoding=\"async\" src=\"https:\/\/www.sitema.de\/wp-content\/themes\/sitema\/assets\/images\/certificate-3.jpg\" alt=\"\" class=\"wp-image-6003\"\/><\/figure>\n\n\n\n<p class=\"has-text-align-center has-small-font-size\" style=\"line-height:1.4\">Certification DGUV pour les dispositifs de serrage KFHS<\/p>\n<\/div>\n\n\n\n<div class=\"wp-block-column is-layout-flow wp-block-column-is-layout-flow\">\n<figure class=\"wp-block-image size-full\"><img decoding=\"async\" width=\"152\" height=\"146\" src=\"https:\/\/www.sitema.de\/wp-content\/uploads\/zertifikate\/certificate-8.jpg\" alt=\"\" class=\"wp-image-92026\"\/><\/figure>\n\n\n\n<p class=\"has-text-align-center has-small-font-size\" style=\"line-height:1.4\">Certificat T\u00dcV pour conformit\u00e9 CE et UL pour les freins de s\u00e9curit\u00e9 FRENAX KSE<\/p>\n<\/div>\n\n\n\n<div class=\"wp-block-column is-layout-flow wp-block-column-is-layout-flow\">\n<figure class=\"wp-block-image aligncenter size-full\"><img decoding=\"async\" src=\"https:\/\/www.sitema.de\/wp-content\/themes\/sitema\/assets\/images\/certificate-4.jpg\" alt=\"\" class=\"wp-image-5992\"\/><\/figure>\n\n\n\n<p class=\"has-text-align-center has-small-font-size\" style=\"line-height:1.4\">Certification Lloyd\u2019s pour les dispositifs de serrage KFHL<\/p>\n<\/div>\n\n\n\n<div class=\"wp-block-column is-layout-flow wp-block-column-is-layout-flow\">\n<figure class=\"wp-block-image aligncenter size-full\"><img decoding=\"async\" src=\"https:\/\/www.sitema.de\/wp-content\/themes\/sitema\/assets\/images\/certificate-5.jpg\" alt=\"\" class=\"wp-image-5981\"\/><\/figure>\n\n\n\n<p class=\"has-text-align-center has-small-font-size\" style=\"line-height:1.4\">Zertifikat ISO 9001:2015 <a href=\"http:\/\/www.tuev-sued.de\/ms-zert\">www.tuev-sued.de\/ms-zert <\/a><\/p>\n<\/div>\n\n\n\n<div class=\"wp-block-column is-layout-flow wp-block-column-is-layout-flow\">\n<figure class=\"wp-block-image aligncenter size-full\"><img decoding=\"async\" src=\"https:\/\/www.sitema.de\/wp-content\/themes\/sitema\/assets\/images\/certificate-6.jpg\" alt=\"\" class=\"wp-image-5970\"\/><\/figure>\n\n\n\n<p class=\"has-text-align-center has-small-font-size\" style=\"line-height:1.4\">Zertifikat ISO 14001:2015 <a href=\"http:\/\/www.tuev-sued.de\/ms-zert\">www.tuev-sued.de\/ms-zert<\/a><\/p>\n<\/div>\n\n\n\n<div class=\"wp-block-column is-layout-flow wp-block-column-is-layout-flow\">\n<figure class=\"wp-block-image aligncenter size-full\"><img decoding=\"async\" src=\"https:\/\/www.sitema.de\/wp-content\/themes\/sitema\/assets\/images\/certificate-7.jpg\" alt=\"\" class=\"wp-image-5959\"\/><\/figure>\n<\/div>\n<\/div>\n<\/div>\n\n\n\n<div class=\"wp-block-group border-radius-4 has-global-padding is-layout-constrained wp-block-group-is-layout-constrained\" style=\"border-radius:4px;margin-top:var(--wp--preset--spacing--4-rem);margin-bottom:var(--wp--preset--spacing--4-rem)\">\n<div class=\"wp-block-media-text is-stacked-on-mobile is-image-fill-element has-white-background-color has-background\" style=\"margin-top:0;margin-bottom:0\"><figure class=\"wp-block-media-text__media\"><img decoding=\"async\" width=\"585\" height=\"410\" src=\"https:\/\/www.sitema.de\/wp-content\/uploads\/unternehmen\/d2b0c040e92560f887a108eab806cf27.jpg\" alt=\"\" class=\"wp-image-7862 size-full\" style=\"object-position:50% 50%\" srcset=\"https:\/\/www.sitema.de\/wp-content\/uploads\/unternehmen\/d2b0c040e92560f887a108eab806cf27.jpg 585w, https:\/\/www.sitema.de\/wp-content\/uploads\/unternehmen\/d2b0c040e92560f887a108eab806cf27-300x210.jpg 300w\" sizes=\"(max-width: 585px) 100vw, 585px\" \/><\/figure><div class=\"wp-block-media-text__content\">\n<div class=\"wp-block-group has-global-padding is-layout-constrained wp-block-group-is-layout-constrained\" style=\"min-height:380px\">\n<h3 class=\"wp-block-heading\" style=\"margin-top:var(--wp--preset--spacing--4-rem)\">Notre service s\u2019engage pour votre efficacit\u00e9<\/h3>\n\n\n\n<h5 class=\"wp-block-heading has-orange-50-color has-text-color has-headline-h-5-font-size\">R\u00e9activit\u00e9 dans des d\u00e9lais courts<\/h5>\n\n\n\n<p style=\"padding-bottom:var(--wp--preset--spacing--4-rem)\">Conseils, r\u00e9parations ou envoi : les prestations de service propos\u00e9es par SITEMA mettent la r\u00e9activit\u00e9 au premier plan. Une \u00e9quipe engag\u00e9e et orient\u00e9e vers le client, qui r\u00e9sout les exigences complexes des clients dans les plus brefs d\u00e9lais et avec efficacit\u00e9, se cache derri\u00e8re cette rapidit\u00e9. Une livraison rapide de composants complets dans le cadre d\u2019un \u00e9change et un service apr\u00e8s-vente et une assistance comp\u00e9tents garantissent la productivit\u00e9 des clients SITEMA.  <\/p>\n<\/div>\n<\/div><\/div>\n\n\n\n<div class=\"wp-block-media-text has-media-on-the-right is-stacked-on-mobile is-image-fill-element has-white-background-color has-background\" style=\"margin-top:0;margin-bottom:0\"><div class=\"wp-block-media-text__content\">\n<div class=\"wp-block-group has-global-padding is-layout-constrained wp-block-group-is-layout-constrained\" style=\"min-height:380px\">\n<h3 class=\"wp-block-heading\" style=\"margin-top:var(--wp--preset--spacing--4-rem)\">Une fourniture rapide assure votre productivit\u00e9.<\/h3>\n\n\n\n<h5 class=\"wp-block-heading has-orange-50-color has-text-color has-headline-h-5-font-size\">Des d\u00e9lais de livraison rapides<\/h5>\n\n\n\n<p style=\"padding-bottom:var(--wp--preset--spacing--4-rem)\">Nos d\u00e9lais de livraison courts pour les produits standard sont assur\u00e9s gr\u00e2ce \u00e0 un stock \u00e9tendu. Nous disposons ainsi en permanence d\u2019environ 2 000 unit\u00e9s de serrage SITEMA avec des forces de maintien diff\u00e9rentes et pour de nombreux diam\u00e8tres de tige afin de garantir une livraison rapide. Gr\u00e2ce \u00e0 son statut de \u00ab chargeur connu \u00bb, SITEMA remplit toutes les conditions n\u00e9cessaires \u00e0 des exp\u00e9ditions par avion rapides partout dans le monde.  <\/p>\n<\/div>\n<\/div><figure class=\"wp-block-media-text__media\"><img decoding=\"async\" width=\"585\" height=\"410\" src=\"https:\/\/www.sitema.de\/wp-content\/uploads\/unternehmen\/0719a23477fbd1480c57db87e69a00c9.jpg\" alt=\"\" class=\"wp-image-7851 size-full\" style=\"object-position:50% 50%\" srcset=\"https:\/\/www.sitema.de\/wp-content\/uploads\/unternehmen\/0719a23477fbd1480c57db87e69a00c9.jpg 585w, https:\/\/www.sitema.de\/wp-content\/uploads\/unternehmen\/0719a23477fbd1480c57db87e69a00c9-300x210.jpg 300w\" sizes=\"(max-width: 585px) 100vw, 585px\" \/><\/figure><\/div>\n\n\n\n<div class=\"wp-block-media-text is-stacked-on-mobile is-image-fill-element has-white-background-color has-background\" style=\"margin-top:0;margin-bottom:0\"><figure class=\"wp-block-media-text__media\"><img decoding=\"async\" width=\"585\" height=\"410\" src=\"https:\/\/www.sitema.de\/wp-content\/uploads\/unternehmen\/3351ed3e05e11e8f65261c883f30c11e.jpg\" alt=\"\" class=\"wp-image-7840 size-full\" style=\"object-position:50% 50%\" srcset=\"https:\/\/www.sitema.de\/wp-content\/uploads\/unternehmen\/3351ed3e05e11e8f65261c883f30c11e.jpg 585w, https:\/\/www.sitema.de\/wp-content\/uploads\/unternehmen\/3351ed3e05e11e8f65261c883f30c11e-300x210.jpg 300w\" sizes=\"(max-width: 585px) 100vw, 585px\" \/><\/figure><div class=\"wp-block-media-text__content\">\n<div class=\"wp-block-group has-global-padding is-layout-constrained wp-block-group-is-layout-constrained\" style=\"min-height:380px\">\n<h3 class=\"wp-block-heading\" style=\"margin-top:var(--wp--preset--spacing--4-rem)\">Sur mesure pour vous<\/h3>\n\n\n\n<h5 class=\"wp-block-heading has-orange-50-color has-text-color has-headline-h-5-font-size\">Des solutions sp\u00e9ciales personnalis\u00e9es et r\u00e9actives<\/h5>\n\n\n\n<p style=\"padding-bottom:var(--wp--preset--spacing--4-rem)\">L\u2019\u00e9quipe de d\u00e9veloppement de SITEMA analyse les exigences techniques relevant de la fabrication de prototypes et de petites s\u00e9ries avec une routine toute \u00e9tablie, pour ainsi construire et r\u00e9aliser des solutions sp\u00e9ciales taill\u00e9es sur mesure en fonction des besoins de chaque client, et ce avec un grand engagement. Plus l\u2019application de la t\u00eate de serrage est inhabituelle, plus notre ambition nous pousse \u00e0 trouver une nouvelle solution. <\/p>\n<\/div>\n<\/div><\/div>\n\n\n\n<div class=\"wp-block-media-text has-media-on-the-right is-stacked-on-mobile is-image-fill-element has-white-background-color has-background\" style=\"margin-top:0;margin-bottom:0\"><div class=\"wp-block-media-text__content\">\n<div class=\"wp-block-group has-global-padding is-layout-constrained wp-block-group-is-layout-constrained\" style=\"min-height:380px\">\n<h3 class=\"wp-block-heading\" style=\"margin-top:var(--wp--preset--spacing--4-rem)\">Toujours s\u2019am\u00e9liorer<\/h3>\n\n\n\n<h5 class=\"wp-block-heading has-orange-50-color has-text-color has-headline-h-5-font-size\">Promouvoir un d\u00e9veloppement coh\u00e9rent<\/h5>\n\n\n\n<p>Sur les produits m\u00fbrement r\u00e9fl\u00e9chis, l\u2019optimisation r\u00e9side dans le d\u00e9tail. L\u2019\u00e9quipe de d\u00e9veloppement de SITEMA veille de mani\u00e8re cibl\u00e9e \u00e0 une am\u00e9lioration et une \u00e9volution constante et constructive de notre gamme de produits. C\u2019est ainsi, par exemple, que notre PowerStroke a pu voir le jour, une solution novatrice pour le maintien en position ferm\u00e9e de moules. Vous en apprendrez plus sur cette t\u00eate de serrage avec v\u00e9rin de course courte int\u00e9gr\u00e9.  <\/p>\n\n\n\n<h5 class=\"wp-block-heading has-orange-50-color has-text-color has-headline-h-5-font-size\">Tests orient\u00e9s client<\/h5>\n\n\n\n<p style=\"padding-bottom:var(--wp--preset--spacing--4-rem)\">Pour les contr\u00f4les de force de serrage, la soci\u00e9t\u00e9 SITEMA dispose de presses pr\u00e9sentant des forces de test jusqu\u2019\u00e0 1000 tonnes, ainsi qu\u2019un banc d\u2019essai dynamique avec des vitesses de chute pouvant atteindre 3 m\/s. En \u00e9troite collaboration avec les employ\u00e9s du service \u00ab d\u00e9veloppement \u00bb de nos clients, nous garantissons ainsi que les t\u00eates de serrage SITEMA r\u00e9pondent toujours aux exigences de nos clients. <\/p>\n<\/div>\n<\/div><figure class=\"wp-block-media-text__media\"><img decoding=\"async\" width=\"585\" height=\"410\" src=\"https:\/\/www.sitema.de\/wp-content\/uploads\/unternehmen\/eb5c2ce06ebac46c6762ed0c4e3e0806.jpg\" alt=\"\" class=\"wp-image-7829 size-full\" style=\"object-position:50% 50%\" srcset=\"https:\/\/www.sitema.de\/wp-content\/uploads\/unternehmen\/eb5c2ce06ebac46c6762ed0c4e3e0806.jpg 585w, https:\/\/www.sitema.de\/wp-content\/uploads\/unternehmen\/eb5c2ce06ebac46c6762ed0c4e3e0806-300x210.jpg 300w\" sizes=\"(max-width: 585px) 100vw, 585px\" \/><\/figure><\/div>\n<\/div>\n\n\n\n<div class=\"wp-block-cover alignfull is-light\" style=\"min-height:500px;aspect-ratio:unset;\"><span aria-hidden=\"true\" class=\"wp-block-cover__background has-background-dim-0 has-background-dim\" style=\"background-color:#9da8b1\"><\/span><img decoding=\"async\" width=\"2000\" height=\"835\" class=\"wp-block-cover__image-background wp-image-10834\" alt=\"\" src=\"https:\/\/www.sitema.de\/wp-content\/uploads\/unternehmen\/vertrieb.jpg\" style=\"object-position:67% 29%\" data-object-fit=\"cover\" data-object-position=\"67% 29%\" srcset=\"https:\/\/www.sitema.de\/wp-content\/uploads\/unternehmen\/vertrieb.jpg 2000w, https:\/\/www.sitema.de\/wp-content\/uploads\/unternehmen\/vertrieb-300x125.jpg 300w, https:\/\/www.sitema.de\/wp-content\/uploads\/unternehmen\/vertrieb-1024x428.jpg 1024w, https:\/\/www.sitema.de\/wp-content\/uploads\/unternehmen\/vertrieb-768x321.jpg 768w, https:\/\/www.sitema.de\/wp-content\/uploads\/unternehmen\/vertrieb-1536x641.jpg 1536w\" sizes=\"(max-width: 2000px) 100vw, 2000px\" \/><div class=\"wp-block-cover__inner-container has-global-padding is-layout-constrained wp-block-cover-is-layout-constrained\">\n<p class=\"has-text-align-center has-large-font-size\"><\/p>\n<\/div><\/div>\n","protected":false},"excerpt":{"rendered":"<p>L\u2019entreprise vou\u00e9e \u00e0 la s\u00e9curit\u00e9 Nous sommes les sp\u00e9cialistes SITEMA est la seule entreprise de taille mondiale qui s\u2019est sp\u00e9cialis\u00e9e exclusivement dans le d\u00e9veloppement et la production de t\u00eates de serrage et de freins lin\u00e9aires sur tiges rondes. Gr\u00e2ce \u00e0 cette expertise, SITEMA est aujourd\u2019hui un partenaire appr\u00e9ci\u00e9 \u00e0 l\u2019\u00e9chelle mondiale dans l\u2019industrie de construction [&hellip;]<\/p>\n","protected":false},"author":1,"featured_media":0,"parent":0,"menu_order":0,"comment_status":"closed","ping_status":"closed","template":"","meta":{"_acf_changed":false,"_seopress_robots_primary_cat":"","_seopress_titles_title":"L'entreprise - %%sitetitle%%","_seopress_titles_desc":"SITEMA est la seule entreprise au monde \u00e0 s'\u00eatre sp\u00e9cialis\u00e9e exclusivement dans le d\u00e9veloppement et la production de t\u00eates de serrage et de freins lin\u00e9aires sur des tiges rondes.","_seopress_robots_index":"","footnotes":""},"class_list":["post-10389","page","type-page","status-publish","hentry"],"acf":[],"_links":{"self":[{"href":"https:\/\/www.sitema.de\/fr\/wp-json\/wp\/v2\/pages\/10389","targetHints":{"allow":["GET"]}}],"collection":[{"href":"https:\/\/www.sitema.de\/fr\/wp-json\/wp\/v2\/pages"}],"about":[{"href":"https:\/\/www.sitema.de\/fr\/wp-json\/wp\/v2\/types\/page"}],"author":[{"embeddable":true,"href":"https:\/\/www.sitema.de\/fr\/wp-json\/wp\/v2\/users\/1"}],"replies":[{"embeddable":true,"href":"https:\/\/www.sitema.de\/fr\/wp-json\/wp\/v2\/comments?post=10389"}],"version-history":[{"count":11,"href":"https:\/\/www.sitema.de\/fr\/wp-json\/wp\/v2\/pages\/10389\/revisions"}],"predecessor-version":[{"id":118194,"href":"https:\/\/www.sitema.de\/fr\/wp-json\/wp\/v2\/pages\/10389\/revisions\/118194"}],"wp:attachment":[{"href":"https:\/\/www.sitema.de\/fr\/wp-json\/wp\/v2\/media?parent=10389"}],"curies":[{"name":"wp","href":"https:\/\/api.w.org\/{rel}","templated":true}]}}