{"id":5335,"date":"2024-02-08T11:45:12","date_gmt":"2024-02-08T10:45:12","guid":{"rendered":"https:\/\/www.sitema.de\/historia\/"},"modified":"2024-12-11T07:59:54","modified_gmt":"2024-12-11T07:59:54","slug":"historia","status":"publish","type":"page","link":"https:\/\/www.sitema.de\/es\/empresa\/historia\/","title":{"rendered":"Historia"},"content":{"rendered":"\n<section class=\"wp-block-group alignfull header-generic has-global-padding is-layout-constrained wp-block-group-is-layout-constrained\" id=\"header-generic\">\n<div class=\"wp-block-cover alignfull\" style=\"min-height:350px;aspect-ratio:unset;\"><span aria-hidden=\"true\" class=\"wp-block-cover__background has-background-dim-30 has-background-dim wp-block-cover__gradient-background has-background-gradient\" style=\"background:linear-gradient(90deg,rgb(128,128,128) 0%,rgba(0,0,0,0) 100%)\"><\/span><img decoding=\"async\" width=\"1180\" height=\"330\" class=\"wp-block-cover__image-background wp-image-7551\" alt=\"banner historie\" src=\"https:\/\/www.sitema.de\/wp-content\/uploads\/icons-symbole-banner\/banner-historie.jpg\" data-object-fit=\"cover\" srcset=\"https:\/\/www.sitema.de\/wp-content\/uploads\/icons-symbole-banner\/banner-historie.jpg 1180w, https:\/\/www.sitema.de\/wp-content\/uploads\/icons-symbole-banner\/banner-historie-300x84.jpg 300w, https:\/\/www.sitema.de\/wp-content\/uploads\/icons-symbole-banner\/banner-historie-1024x286.jpg 1024w, https:\/\/www.sitema.de\/wp-content\/uploads\/icons-symbole-banner\/banner-historie-768x215.jpg 768w\" sizes=\"(max-width: 1180px) 100vw, 1180px\" \/><div class=\"wp-block-cover__inner-container has-global-padding is-layout-constrained wp-block-cover-is-layout-constrained\">\n<h1 class=\"wp-block-heading has-text-align-left has-blue-20-color has-text-color has-title-h-1-font-size\">LA HISTORIA DE LA<\/h1>\n\n\n\n<h2 class=\"wp-block-heading has-text-align-left has-blue-20-color has-text-color has-headline-h-2-font-size\">CABEZA DE SUJECI\u00d3N<\/h2>\n<\/div><\/div>\n<\/section>\n\n\n\n<div class=\"wp-block-group is-style-overlap border-radius-4 has-global-padding is-layout-constrained wp-block-group-is-layout-constrained\">\n<div class=\"wp-block-media-text is-stacked-on-mobile is-image-fill-element has-white-background-color has-background\" style=\"margin-top:0;margin-bottom:0\"><figure class=\"wp-block-media-text__media\"><img decoding=\"async\" src=\"https:\/\/www.sitema.de\/wp-content\/themes\/sitema\/assets\/images\/historie-1.jpg\" alt=\"\" class=\"wp-image-5561 size-full\" style=\"object-position:50% 50%\"\/><\/figure><div class=\"wp-block-media-text__content\">\n<h3 class=\"wp-block-heading\">1979 &#8211; Inicio<\/h3>\n\n\n\n<h5 class=\"wp-block-heading has-orange-50-color has-text-color has-headline-h-5-font-size\">Mejorar la seguridad<\/h5>\n\n\n\n<p style=\"margin-bottom:var(--wp--preset--spacing--3-rem)\">La historia de la cabeza de sujeci\u00f3n va unida inseparablemente a dos nombres: el Dr. Erich Schmalenbach y Adolf Rastetter.<br>Todo comenz\u00f3 en el a\u00f1o 1979. Entonces Adolf Rastetter trabajaba como aut\u00f3nomo realizando trabajos de mantenimiento en ascensores hidr\u00e1ulicos. <br><br>Impresionado por un tr\u00e1gico accidente en EE.UU., se decidi\u00f3 a mejorar la seguridad de estos ascensores. Hasta ese momento, la carga descansaba en la columna de aceite de un cilindro hidr\u00e1ulico situado directamente debajo de la cabina que la desplazaba hacia arriba. Si se romp\u00eda un conducto o fallaba una v\u00e1lvula, el ascensor ca\u00eda.   El se\u00f1or Rastetter tuvo una idea: si lograra conducir las altas fuerzas del peso de la cabina del ascensor a la carcasa del cilindro hidr\u00e1ulico, el ascensor podr\u00eda apoyarse en una carcasa estable y estar\u00eda as\u00ed protegido contra la ca\u00edda.<\/p>\n<\/div><\/div>\n\n\n\n<div class=\"wp-block-media-text has-media-on-the-right is-stacked-on-mobile is-image-fill-element has-white-background-color has-background\" style=\"margin-top:0;margin-bottom:0\"><div class=\"wp-block-media-text__content\">\n<h5 class=\"wp-block-heading has-orange-50-color has-text-color has-headline-h-5-font-size\">El dispositivo para prevenir la ca\u00edda del \u00e9mbolo<\/h5>\n\n\n\n<p>ras darle muchas vueltas, se le ocurre algo genial: de igual manera que los luchadores se aprovechan de la energ\u00eda y el propio peso del contrincante, deber\u00eda utilizarse la energ\u00eda de la masa a asegurar para generar las fuerzas necesarias. Un sistema de sujeci\u00f3n autorreforzante que se aferre firmemente por rozamiento al v\u00e1stago del \u00e9mbolo asegura la carga presionando sobre el sistema de sujeci\u00f3n, que as\u00ed se aprieta. Con ello la fuerza de retenci\u00f3n al v\u00e1stago aumentar\u00eda en la misma medida que aumentara la energ\u00eda de la carga del ascensor.  <br><\/p>\n\n\n\n<p>Y logr\u00f3, bas\u00e1ndose en este principio, construir unos primeros prototipos y presentarlos a la inspecci\u00f3n T\u00dcV responsable de la seguridad de los ascensores. Pas\u00f3 los ensayos de homologaci\u00f3n necesarios con \u00e9xito. <br>Estos fueron los primeros \u00abdispositivos para prevenir la ca\u00edda del \u00e9mbolo\u00bb, como hoy siguen denomin\u00e1ndose en la terminolog\u00eda del sector de ascensores.<br><\/p>\n<\/div><figure class=\"wp-block-media-text__media\"><img decoding=\"async\" src=\"https:\/\/www.sitema.de\/wp-content\/themes\/sitema\/assets\/images\/historie-2.jpg\" alt=\"\" class=\"wp-image-5572 size-full\" style=\"object-position:50% 50%\"\/><\/figure><\/div>\n\n\n\n<div class=\"wp-block-media-text is-stacked-on-mobile is-image-fill-element has-white-background-color has-background\" style=\"margin-top:0;margin-bottom:0\"><figure class=\"wp-block-media-text__media\"><img decoding=\"async\" src=\"https:\/\/www.sitema.de\/wp-content\/themes\/sitema\/assets\/images\/historie-3.jpg\" alt=\"\" class=\"wp-image-5617 size-full\" style=\"object-position:50% 50%\"\/><\/figure><div class=\"wp-block-media-text__content\">\n<h5 class=\"wp-block-heading has-orange-50-color has-text-color has-headline-h-5-font-size\">La cabeza de sujeci\u00f3n y el nacimiento de SITEMA<\/h5>\n\n\n\n<p>Con ello se hab\u00eda dado el primer paso. Pero para que la tecnolog\u00eda tuviera \u00e9xito comercial y establecer as\u00ed una empresa exitosa, debieron seguir otros pasos: la b\u00fasqueda de otros campos de aplicaci\u00f3n prometedores, la estructuraci\u00f3n sistem\u00e1tica de un programa de productos completo, la definici\u00f3n de los fundamentos te\u00f3ricos, la organizaci\u00f3n de la producci\u00f3n y mucho m\u00e1s. <br>Adolf Rastetter encontr\u00f3 en el Dr. Erich Schmalenbach finalmente el socio ideal para seguir adelante. Su experiencia en los \u00e1mbitos de la construcci\u00f3n y el desarrollo, permitieron a Erich Schmalenbach plasmar estas y otras ideas en papel y adem\u00e1s ponerlas en pr\u00e1ctica. A su ver, relevante era disponer de un concepto de m\u00e1rketing y un nombre de producto sencillo adecuado para todas las aplicaciones. As\u00ed naci\u00f3 \u00abcabeza de sujeci\u00f3n\u00bb como t\u00e9rmino gen\u00e9rico para dispositivos para prevenir la ca\u00edda del \u00e9mbolo, protecciones antica\u00edda, dispositivos de retenci\u00f3n de seguridad y mucho m\u00e1s. Tambi\u00e9n el nombre de la empresa fundada conjuntamente es programa: SITEMA significa SIcherheitsTEchnik im MAschinenbau (t\u00e9cnica de seguridad en ingenier\u00eda mec\u00e1nica).    <\/p>\n\n\n\n<h5 class=\"wp-block-heading has-orange-50-color has-text-color has-headline-h-5-font-size\">La b\u00fasqueda del mercado<\/h5>\n\n\n\n<p style=\"margin-bottom:var(--wp--preset--spacing--3-rem)\">A pesar de las buenas ideas y de la tecnolog\u00eda funcional, al principio el \u00e9xito fue limitado. Los fabricantes de ascensores intentaban naturalmente no hacerse dependientes de SITEMA e instalaban desde entonces una gran variedad de otras medidas de seguridad, que objetivamente tambi\u00e9n garantizan juntas una elevada seguridad contra accidentes por fallo del elevador hidr\u00e1ulico. <br>Por ello, los \u00abdispositivos para prevenir la ca\u00edda del \u00e9mbolo\u00bb no se convirtieron en un negocio \u00abs\u00f3lido\u00bb para SITEMA y siguen siendo, dependiendo de proyectos individuales, un producto de nicho.<br>As\u00ed, por ejemplo, se equip\u00f3 con un dispositivo de captura de \u00e9mbolo un ascensor hidr\u00e1ulico de la Bundeshaus en Bonn. En este caso se deseaba que el ascensor siempre estuviera disponible con la puerta abierta en el piso superior para poder entrar a \u00e9l desde la oficina del presindente o la presidenta del parlamento alem\u00e1n directamente sin tener que esperar. Esto solo era posible con una protecci\u00f3n contra la ca\u00edda mec\u00e1nica y sobre todo, solo as\u00ed permitido.  <br><br>No obstante, la supervivencia de SITEMA depend\u00eda sobre todo de descubrir nuevas aplicaciones para las cabezas de sujeci\u00f3n.<\/p>\n<\/div><\/div>\n\n\n\n<div class=\"wp-block-media-text has-media-on-the-right is-stacked-on-mobile is-image-fill-element has-white-background-color has-background\" style=\"margin-top:0;margin-bottom:0\"><div class=\"wp-block-media-text__content\">\n<h3 class=\"wp-block-heading\">1984<\/h3>\n\n\n\n<h5 class=\"wp-block-heading has-orange-50-color has-text-color has-headline-h-5-font-size\">Llegada a la ingenier\u00eda mec\u00e1nica<\/h5>\n\n\n\n<p>La irrupci\u00f3n de la tecnolog\u00eda SITEMA se produjo en el campo de las prensas hidr\u00e1ulicas. Todas las prensas que no sean muy peque\u00f1as, entonces deben disponer seg\u00fan la norma EN 693 (ahora: ISO 16092) de un dispositivo de retenci\u00f3n de accionamiento mec\u00e1nico permanentemente montado en la prensa o integrado en ella con el fin de asegurar el pesado ariete de la prensa contra la ca\u00edda. La cabeza de sujeci\u00f3n SITEMA ofrece una gran cantidad de ventajas frente a otras soluciones t\u00e9cnicas de protecci\u00f3n contra la ca\u00edda. Entre otras, puede actuar continuamente en cualquier punto e incluso activarse desde el movimiento. La cabeza de sujeci\u00f3n ofrece una protecci\u00f3n contra sobrecarga, tambi\u00e9n act\u00faa en caso de fallo del suministro energ\u00e9tico, es segura contra el accionamiento accidental y mucho m\u00e1s&#8230;    <\/p>\n\n\n\n<p>Estas caracter\u00edsticas t\u00e9cnicas convencieron tambi\u00e9n a la mutua profesional responsable de la seguridad de prensas (hoy la aseguradora contra accidentes alemana Deutsche Gesetzliche Unfallversicherung &#8211; DGUV), que homolog\u00f3 el dispositivo antica\u00edda SITEMA como dispositivo de retenci\u00f3n. En 1984 se emiti\u00f3 el primer certificado y la DGUV sigue certificando hoy en d\u00eda regularmente que sus exigentes requisitos (entre los mayores de la ingenier\u00eda mec\u00e1nica alemana) se cumplen con los dispositivos antica\u00edda, los frenos de seguridad y los dispositivos de detenci\u00f3n bidireccionales SITEMA. <\/p>\n\n\n\n<h5 class=\"wp-block-heading has-orange-50-color has-text-color has-headline-h-5-font-size\">Establecer est\u00e1ndares de seguridad<\/h5>\n\n\n\n<p>Esta gran confianza de la DGUV en los dispositivos antica\u00edda SITEMA fue apreciada r\u00e1pidamente por clientes de todo el mundo. As\u00ed, tambi\u00e9n clientes de otros \u00e1mbitos de la ingenier\u00eda mec\u00e1nica se dirigieron a SITEMA para asegurar sus cargas elevadas. Otras aplicaciones requirieron otras tecnolog\u00edas, y as\u00ed surgi\u00f3 pronto el grupo de productos de \u00abdispositivos de bloqueo\u00bb, que aseguraban cargas detenidas o en desplazamiento lento. Ejemplos de ello son podios elevadores de teatro y mesas elevadoras. Tambi\u00e9n los dispositivos de bloqueo utilizaban la tecnolog\u00eda autorreforzante \u00fanica en el mundo.    <\/p>\n\n\n\n<p style=\"margin-bottom:var(--wp--preset--spacing--3-rem)\">Ya que tambi\u00e9n aumentaban las solicitudes de una fijaci\u00f3n de posicionamiento exacto, como por ejemplo, para retener en procesos de producci\u00f3n, la empresa desarroll\u00f3 enseguida con el grupo de productos \u00abdispositivos de detenci\u00f3n bidireccional\u00bb tambi\u00e9n cabezas de sujeci\u00f3n con accionamiento de resorte que pueden soportar fuerzas con posicionamiento exacto en ambas direcciones. Con el paso del tiempo fueron desarroll\u00e1ndose m\u00e1s series para aplicaciones exteriores, adecuadas para la forma constructiva de cilindros normativos, para m\u00e1quinas herramienta y tambi\u00e9n otras series homologadas por Lloyd&#8217;s Register y la DGUV. <\/p>\n<\/div><figure class=\"wp-block-media-text__media\"><img decoding=\"async\" src=\"https:\/\/www.sitema.de\/wp-content\/themes\/sitema\/assets\/images\/historie-4.jpg\" alt=\"\" class=\"wp-image-5583 size-full\" style=\"object-position:50% 50%\"\/><\/figure><\/div>\n\n\n\n<div class=\"wp-block-media-text is-stacked-on-mobile is-image-fill-element has-white-background-color has-background\" style=\"margin-top:0;margin-bottom:0\"><figure class=\"wp-block-media-text__media\"><img decoding=\"async\" src=\"https:\/\/www.sitema.de\/wp-content\/themes\/sitema\/assets\/images\/historie-5.jpg\" alt=\"\" class=\"wp-image-5594 size-full\" style=\"object-position:50% 50%\"\/><\/figure><div class=\"wp-block-media-text__content\">\n<h3 class=\"wp-block-heading\">Mediados de la d\u00e9cada de 2000<\/h3>\n\n\n\n<h5 class=\"wp-block-heading has-orange-50-color has-text-color has-headline-h-5-font-size\">Otras aplicaciones<\/h5>\n\n\n\n<p>Desde mediados de los a\u00f1os 2000 aumentan fuertemente las consultas de fabricantes de instalaciones automatizadas. En este campo aument\u00f3 la solicitud de cabezas de sujeci\u00f3n neum\u00e1ticas para asegurar cargas peque\u00f1as tambi\u00e9n con la probada tecnolog\u00eda autorreforzante. El reto en este caso era lograr, debido a las a menudo reducidas carreras y r\u00e1pidos movimientos de la automatizaci\u00f3n, \u00abdesplazamientos de inserci\u00f3n\u00bb m\u00e1s peque\u00f1os que con los dispositivos antica\u00edda. SITEMA respondi\u00f3 con el nuevo grupo de productos \u00abfrenos de seguridad\u00bb, que recibieron r\u00e1pidamente tambi\u00e9n la homologaci\u00f3n DGUV.   <\/p>\n\n\n\n<p style=\"margin-bottom:var(--wp--preset--spacing--3-rem)\">Pero no solo a la hora de asegurar cargas y retener tuvo SITEMA siempre una buena idea. Con el PowerStroke, SITEMA ofrece un tipo de cilindro de carrera corta. Esta cabeza de sujeci\u00f3n se mantiene en una posici\u00f3n determinada en un v\u00e1stago redondo y puede all\u00ed con gran fuerza presionar o traccionar hasta 20 mm. Esta tecnolog\u00eda se utiliza donde son necesarios grandes y r\u00e1pidos recorridos de desplazamiento y la fuerza de proceso en s\u00ed solo se necesita en un recorrido corto, como por ejemplo al cerrar o retener un molde en moldeadoras por inyecci\u00f3n o prensas conformadoras. Pero estas cabezas de sujeci\u00f3n tambi\u00e9n son adecuadas para procesos de ensamblaje, instalaciones de transformaci\u00f3n o bancos de pruebas. En fin, all\u00ed donde es recomendable la separaci\u00f3n de carrera r\u00e1pida y carrera de fuerza para construir m\u00e1quinas m\u00e1s compactas que necesitan notablemente menos energ\u00eda que las m\u00e1quinas tradicionales.     <\/p>\n<\/div><\/div>\n\n\n\n<div class=\"wp-block-media-text has-media-on-the-right is-stacked-on-mobile is-image-fill-element has-white-background-color has-background\" style=\"margin-top:0;margin-bottom:0\"><div class=\"wp-block-media-text__content\">\n<h5 class=\"wp-block-heading has-orange-50-color has-text-color has-headline-h-5-font-size\">\u00bfQu\u00e9 nos depara el futuro?<\/h5>\n\n\n\n<p>La gran variedad de cabezas de sujeci\u00f3n existente hace que se las pueda encontrar all\u00ed donde deben asegurarse, bloquearse o propulsarse con fuerza movimientos lineales. Estas no se limitan a las aplicaciones originales en la ingenier\u00eda mec\u00e1nica como prensas hidr\u00e1ulicas, m\u00e1quinas herramienta, aplicaciones con cilindros neum\u00e1ticos o hidr\u00e1ulicos, portales, paletizadoras, bancos de ensayo, sistemas de automatizaci\u00f3n, etc. Incluyen tambi\u00e9n instalaciones como telesillas, trituradoras de lignito, fondos de piscina regulables e incluso puentes. Encontrar\u00e1 m\u00e1s ejemplos en la secci\u00f3n de aplicaciones de nuestra p\u00e1gina web.  <\/p>\n\n\n\n<p style=\"margin-bottom:var(--wp--preset--spacing--3-rem)\">Pero la historia de la cabeza de sujeci\u00f3n no termina aqu\u00ed. SITEMA investiga continuamente nuevas tecnolog\u00edas, no solo para mejorar permanentemente los productos existentes, sino para desarrollar tambi\u00e9n las nuevas cabezas de sujeci\u00f3n que van a necesitar las m\u00e1quinas del futuro. <\/p>\n<\/div><figure class=\"wp-block-media-text__media\"><img decoding=\"async\" src=\"https:\/\/www.sitema.de\/wp-content\/themes\/sitema\/assets\/images\/historie-6.jpg\" alt=\"\" class=\"wp-image-5605 size-full\" style=\"object-position:50% 50%\"\/><\/figure><\/div>\n<\/div>\n\n\n\n<section class=\"wp-block-group alignfull has-global-padding is-layout-constrained wp-block-group-is-layout-constrained\" id=\"pattern-cover-section\" style=\"margin-top:var(--wp--preset--spacing--5-rem)\">\n<div class=\"wp-block-cover alignfull is-light\" style=\"margin-bottom:0px;min-height:360px;aspect-ratio:unset;\"><span aria-hidden=\"true\" class=\"wp-block-cover__background has-background-dim-0 has-background-dim\" style=\"background-color:#bbb9bc\"><\/span><img decoding=\"async\" width=\"1920\" height=\"450\" class=\"wp-block-cover__image-background wp-image-32062\" alt=\"\" src=\"https:\/\/www.sitema.de\/wp-content\/uploads\/icons-symbole-banner\/home-slider-2-2.jpg\" data-object-fit=\"cover\" srcset=\"https:\/\/www.sitema.de\/wp-content\/uploads\/icons-symbole-banner\/home-slider-2-2.jpg 1920w, https:\/\/www.sitema.de\/wp-content\/uploads\/icons-symbole-banner\/home-slider-2-2-300x70.jpg 300w, https:\/\/www.sitema.de\/wp-content\/uploads\/icons-symbole-banner\/home-slider-2-2-1024x240.jpg 1024w, https:\/\/www.sitema.de\/wp-content\/uploads\/icons-symbole-banner\/home-slider-2-2-768x180.jpg 768w, https:\/\/www.sitema.de\/wp-content\/uploads\/icons-symbole-banner\/home-slider-2-2-1536x360.jpg 1536w\" sizes=\"(max-width: 1920px) 100vw, 1920px\" \/><div class=\"wp-block-cover__inner-container is-layout-flow wp-block-cover-is-layout-flow\">\n<div class=\"wp-block-group has-global-padding is-layout-constrained wp-block-group-is-layout-constrained\">\n<h3 class=\"wp-block-heading has-blue-20-color has-text-color\">Nuestras soluciones<\/h3>\n\n\n\n<p>Conozca los productos de SITEMA.<\/p>\n\n\n\n<div class=\"wp-block-buttons is-layout-flex wp-block-buttons-is-layout-flex\" style=\"margin-top:var(--wp--preset--spacing--2-rem);margin-bottom:var(--wp--preset--spacing--2-rem)\">\n<div class=\"wp-block-button has-custom-font-size is-style-default has-base-font-size\"><a class=\"wp-block-button__link wp-element-button\" href=\"https:\/\/www.sitema.de\/de\/produkte\/\"><strong>Productos<\/strong><\/a><\/div>\n<\/div>\n<\/div>\n<\/div><\/div>\n<\/section>\n\n\n\n<div id=\"product-column-icons\" class=\"wp-block-group product-column-icons is-style-overlap has-global-padding is-layout-constrained wp-block-group-is-layout-constrained\">\n<div class=\"wp-block-columns is-layout-flex wp-container-core-columns-is-layout-fe0db1f2 wp-block-columns-is-layout-flex\" style=\"margin-bottom:var(--wp--preset--spacing--8-rem)\">\n<div class=\"wp-block-column border-radius-4 has-white-background-color has-background is-layout-flow wp-block-column-is-layout-flow\" style=\"padding-top:var(--wp--preset--spacing--2-rem);padding-right:var(--wp--preset--spacing--2-rem);padding-bottom:var(--wp--preset--spacing--2-rem);padding-left:var(--wp--preset--spacing--2-rem)\">\n<figure class=\"wp-block-image aligncenter size-full\"><img decoding=\"async\" width=\"50\" height=\"51\" src=\"https:\/\/www.sitema.de\/wp-content\/uploads\/powerstroke\/icon-product-1.png\" alt=\"\" class=\"wp-image-9725\"\/><\/figure>\n\n\n\n<h5 class=\"wp-block-heading has-text-align-center has-blue-20-color has-text-color has-link-color wp-elements-399391eda53e7a990c5cd90146cd96b1\" style=\"margin-top:var(--wp--preset--spacing--2-rem);margin-bottom:var(--wp--preset--spacing--1-rem)\"><a href=\"https:\/\/www.sitema.de\/produkte\/\"><\/a><a href=\"https:\/\/www.sitema.de\/es\/produkte\/?fp=function2\">Asegurar<\/a><\/h5>\n\n\n\n<p class=\"has-text-align-center\">Proteger de la carga elevada<\/p>\n<\/div>\n\n\n\n<div class=\"wp-block-column border-radius-4 has-white-background-color has-background is-layout-flow wp-block-column-is-layout-flow\" style=\"padding-top:var(--wp--preset--spacing--2-rem);padding-right:var(--wp--preset--spacing--2-rem);padding-bottom:var(--wp--preset--spacing--2-rem);padding-left:var(--wp--preset--spacing--2-rem)\">\n<figure class=\"wp-block-image aligncenter size-full\"><img decoding=\"async\" width=\"50\" height=\"51\" src=\"https:\/\/www.sitema.de\/wp-content\/uploads\/powerstroke\/icon-product-2.png\" alt=\"\" class=\"wp-image-9736\"\/><\/figure>\n\n\n\n<h5 class=\"wp-block-heading has-text-align-center has-blue-20-color has-text-color has-link-color wp-elements-18561863b1f65800fc406c1fb443879a\" style=\"margin-top:var(--wp--preset--spacing--2-rem);margin-bottom:var(--wp--preset--spacing--1-rem)\"><a href=\"https:\/\/www.sitema.de\/produkte\/\"><\/a><a href=\"https:\/\/www.sitema.de\/es\/produkte\/?fp=function3\">Mantener la posici\u00f3n<\/a><\/h5>\n\n\n\n<p class=\"has-text-align-center\">Bloquear un eje<\/p>\n<\/div>\n\n\n\n<div class=\"wp-block-column border-radius-4 has-white-background-color has-background is-layout-flow wp-block-column-is-layout-flow\" style=\"padding-top:var(--wp--preset--spacing--2-rem);padding-right:var(--wp--preset--spacing--2-rem);padding-bottom:var(--wp--preset--spacing--2-rem);padding-left:var(--wp--preset--spacing--2-rem)\">\n<figure class=\"wp-block-image aligncenter size-full\"><img decoding=\"async\" width=\"50\" height=\"51\" src=\"https:\/\/www.sitema.de\/wp-content\/uploads\/powerstroke\/icon-product-3.png\" alt=\"\" class=\"wp-image-9747\"\/><\/figure>\n\n\n\n<h5 class=\"wp-block-heading has-text-align-center has-blue-20-color has-text-color has-link-color wp-elements-a0c0faa43e431128a3dd5d6eab47aed8\" style=\"margin-top:var(--wp--preset--spacing--2-rem);margin-bottom:var(--wp--preset--spacing--1-rem)\"><a href=\"https:\/\/www.sitema.de\/es\/produkte\/?fp=function5\">Contra sujeci\u00f3n<\/a><\/h5>\n\n\n\n<p class=\"has-text-align-center\">Sujetar contra una fuerza<\/p>\n<\/div>\n\n\n\n<div class=\"wp-block-column border-radius-4 has-white-background-color has-background is-layout-flow wp-block-column-is-layout-flow\" style=\"padding-top:var(--wp--preset--spacing--2-rem);padding-right:var(--wp--preset--spacing--2-rem);padding-bottom:var(--wp--preset--spacing--2-rem);padding-left:var(--wp--preset--spacing--2-rem)\">\n<figure class=\"wp-block-image aligncenter size-full\"><img decoding=\"async\" width=\"50\" height=\"51\" src=\"https:\/\/www.sitema.de\/wp-content\/uploads\/powerstroke\/icon-product-4.png\" alt=\"\" class=\"wp-image-9758\"\/><\/figure>\n\n\n\n<h5 class=\"wp-block-heading has-text-align-center has-blue-20-color has-text-color has-link-color wp-elements-6f236df1f18453fd5250fd967c2d035d\" style=\"margin-top:var(--wp--preset--spacing--2-rem);margin-bottom:var(--wp--preset--spacing--1-rem)\"><a href=\"https:\/\/www.sitema.de\/es\/produkte\/?fp=function1\">Conducir<\/a><\/h5>\n\n\n\n<p class=\"has-text-align-center\">Generar grandes fuerzas en una distancia corta<\/p>\n<\/div>\n<\/div>\n<\/div>\n\n\n\n<p><\/p>\n","protected":false},"excerpt":{"rendered":"<p>1979 &#8211; Inicio Mejorar la seguridad La historia de la cabeza de sujeci\u00f3n va unida inseparablemente a dos nombres: el Dr. Erich Schmalenbach y Adolf Rastetter.Todo comenz\u00f3 en el a\u00f1o 1979. Entonces Adolf Rastetter trabajaba como aut\u00f3nomo realizando trabajos de mantenimiento en ascensores hidr\u00e1ulicos. Impresionado por un tr\u00e1gico accidente en EE.UU., se decidi\u00f3 a mejorar [&hellip;]<\/p>\n","protected":false},"author":1,"featured_media":0,"parent":10415,"menu_order":0,"comment_status":"closed","ping_status":"closed","template":"","meta":{"_acf_changed":false,"_seopress_robots_primary_cat":"","_seopress_titles_title":"Historia - %%sitetitle%%","_seopress_titles_desc":"Descubra la historia de SITEMA, pionera en el desarrollo de tecnolog\u00edas innovadoras de sujeci\u00f3n y frenado industrial desde 1979. Desde nuestros inicios con el primer sistema de frenado hidr\u00e1ulico por elevaci\u00f3n hasta la diversificaci\u00f3n actual en cabezales de sujeci\u00f3n multidrive, nuestro compromiso con la excelencia sigue impulsando el avance de la industria.","_seopress_robots_index":"","footnotes":""},"class_list":["post-5335","page","type-page","status-publish","hentry"],"acf":[],"_links":{"self":[{"href":"https:\/\/www.sitema.de\/es\/wp-json\/wp\/v2\/pages\/5335","targetHints":{"allow":["GET"]}}],"collection":[{"href":"https:\/\/www.sitema.de\/es\/wp-json\/wp\/v2\/pages"}],"about":[{"href":"https:\/\/www.sitema.de\/es\/wp-json\/wp\/v2\/types\/page"}],"author":[{"embeddable":true,"href":"https:\/\/www.sitema.de\/es\/wp-json\/wp\/v2\/users\/1"}],"replies":[{"embeddable":true,"href":"https:\/\/www.sitema.de\/es\/wp-json\/wp\/v2\/comments?post=5335"}],"version-history":[{"count":13,"href":"https:\/\/www.sitema.de\/es\/wp-json\/wp\/v2\/pages\/5335\/revisions"}],"predecessor-version":[{"id":48993,"href":"https:\/\/www.sitema.de\/es\/wp-json\/wp\/v2\/pages\/5335\/revisions\/48993"}],"up":[{"embeddable":true,"href":"https:\/\/www.sitema.de\/es\/wp-json\/wp\/v2\/pages\/10415"}],"wp:attachment":[{"href":"https:\/\/www.sitema.de\/es\/wp-json\/wp\/v2\/media?parent=5335"}],"curies":[{"name":"wp","href":"https:\/\/api.w.org\/{rel}","templated":true}]}}