{"id":18179,"date":"2024-02-02T12:19:48","date_gmt":"2024-02-02T12:19:48","guid":{"rendered":"https:\/\/www.sitema.de\/contacto\/consulta-concreta\/"},"modified":"2024-08-19T06:58:50","modified_gmt":"2024-08-19T06:58:50","slug":"consulta-concreta","status":"publish","type":"page","link":"https:\/\/www.sitema.de\/es\/contacto\/consulta-concreta\/","title":{"rendered":"Consulta concreta"},"content":{"rendered":"\n<section class=\"wp-block-group alignfull header-generic has-global-padding is-layout-constrained wp-block-group-is-layout-constrained\" id=\"header-generic\">\n<div class=\"wp-block-cover alignfull\" style=\"min-height:350px;aspect-ratio:unset;\"><span aria-hidden=\"true\" class=\"wp-block-cover__background has-background-dim-60 has-background-dim wp-block-cover__gradient-background has-background-gradient\" style=\"background:linear-gradient(90deg,rgb(255,255,255) 0%,rgba(0,0,0,0) 100%)\"><\/span><img decoding=\"async\" width=\"1180\" height=\"330\" class=\"wp-block-cover__image-background wp-image-9381\" alt=\"\" src=\"https:\/\/www.sitema.de\/wp-content\/uploads\/icons-symbole-banner\/sitema.jpg\" data-object-fit=\"cover\" srcset=\"https:\/\/www.sitema.de\/wp-content\/uploads\/icons-symbole-banner\/sitema.jpg 1180w, https:\/\/www.sitema.de\/wp-content\/uploads\/icons-symbole-banner\/sitema-300x84.jpg 300w, https:\/\/www.sitema.de\/wp-content\/uploads\/icons-symbole-banner\/sitema-1024x286.jpg 1024w, https:\/\/www.sitema.de\/wp-content\/uploads\/icons-symbole-banner\/sitema-768x215.jpg 768w\" sizes=\"(max-width: 1180px) 100vw, 1180px\" \/><div class=\"wp-block-cover__inner-container has-global-padding is-layout-constrained wp-block-cover-is-layout-constrained\">\n<h1 class=\"wp-block-heading has-text-align-left has-blue-20-color has-text-color has-title-h-1-font-size\">Consulta concreta<\/h1>\n<\/div><\/div>\n<\/section>\n\n<div class=\"wp-block-group is-style-overlap has-global-padding is-layout-constrained wp-block-group-is-layout-constrained\">\r\n\r\n\r\n<div class=\"bootstrap-custom-container\">\r\n    <div id=\"cookie-error\" class=\"col-12 d-none\">\r\n        <div class=\"alert alert-danger alert-dismissible fade show\" role=\"alert\">\r\n            Error: Las cookies deben ser aceptadas para poder enviar el formulario.            <a title=\"Configuraci\u00f3n de cookies\" href=\"javascript:cookiePreference();\" class=\"text-primary\">Configuraci\u00f3n de cookies<\/a>\r\n            <button type=\"button\" class=\"btn-close\" data-bs-dismiss=\"alert\" aria-label=\"Close\"><\/button>\r\n        <\/div>\r\n    <\/div>\r\n<\/div>\r\n\r\n<div class=\"wp-block-group has-white-background-color has-background has-global-padding is-layout-constrained wp-container-core-group-layout-11 wp-block-group-is-layout-constrained\" style=\"border-radius:4px;padding-top:var(--wp--preset--spacing--1-rem);padding-right:var(--wp--preset--spacing--1-rem);padding-bottom:var(--wp--preset--spacing--1-rem);padding-left:var(--wp--preset--spacing--1-rem)\">\r\n    <div class=\"bootstrap-custom-container\">\r\n\r\n        <div id=\"formContainer\" class=\"col-12 py-4 px-3\">\r\n                        <form action=\"\/es\/wp-json\/wp\/v2\/pages\/18179\" id=\"konkrete-form\" method=\"post\" class=\"needs-validation g-3\" name=\"specific-inquiry\" novalidate>\r\n                <div class=\"row\">\r\n                    <h2 class=\"title\">1. Producto<\/h2>\r\n                    <div class=\"d-flex flex-row-reverse mb-3\">\r\n                        <p class=\"float-end mb-0\">* Por favor, rellene todos estos campos<\/p>\r\n                    <\/div>\r\n                    <div class=\"col-md-3 mb-3\">\r\n                        <label>*Producto:<\/label>\r\n                    <\/div>\r\n                    <div class=\"col-md-9 mb-3\">\r\n                        <div class=\"col-md-12 mb-3\">\r\n                            <label for=\"s_product_type\" class=\"form-label\">Tipo<\/label>\r\n                            <input type=\"text\" name=\"s_product_type\" class=\"form-control\" id=\"s_product_type\" placeholder=\"z.B. KR 80, KFH 56, KFPA 80-25, KSP 22\" value=\"\" title=\"Introduzca un valor v\u00e1lido\" required>\r\n\r\n                            <div id=\"typHelp\" class=\"form-text\">(Denominaci\u00f3n general para las distintas versiones de la misma serie y di\u00e1metro de v\u00e1stago)\r\n                            <\/div>\r\n                            <div class=\"invalid-feedback\">\r\n                                Introduzca un valor v\u00e1lido                            <\/div>\r\n                        <\/div>\r\n\r\n                        <div class=\"col-md-12 mb-3\">\r\n                            <label for=\"s_product_ident_no\" class=\"form-label\">N.\u00b0 ident.:<\/label>\r\n                            <input type=\"text\" name=\"s_product_ident_no\" class=\"form-control\" id=\"s_product_ident_no\" placeholder=\"z.B. SK 056 051, KFPA 080 025-1, KSP 022 02\" value=\"\" title=\"Introduzca un valor v\u00e1lido\" required>\r\n\r\n                            <div id=\"typHelp\" class=\"form-text\">(Denominaci\u00f3n inequ\u00edvoca, tambi\u00e9n n\u00famero de pedido)                            <\/div>\r\n                            <div class=\"invalid-feedback\">\r\n                                Introduzca un valor v\u00e1lido                            <\/div>\r\n                        <\/div>\r\n\r\n                        <div class=\"col-md-12 mb-3\">\r\n                            <label for=\"s_serial_no\" class=\"form-label\">N\u00famero de serie (absolutamente necesario para las solicitudes de asistencia):<\/label>\r\n                            <input type=\"text\" name=\"s_serial_no\" class=\"form-control\" id=\"s_serial_no\" placeholder=\"z.B. 1234, 12345, 123456\" title=\"Introduzca un valor v\u00e1lido\">\r\n                            <div id=\"typHelp\" class=\"form-text\">(El n\u00famero de serie figura en la placa de caracter\u00edsticas o estampado en la carcasa)                            <\/div>\r\n\r\n                        <\/div>\r\n                    <\/div>\r\n                <\/div>\r\n                <hr>\r\n\r\n                <div class=\"row\">\r\n                    <div class=\"col-md-12 mb-3\">\r\n                        <h2 class=\"title\">2. Motivo de su consulta<\/h2>\r\n                    <\/div>\r\n                    <div class=\"d-flex flex-row-reverse mb-3\">\r\n                        <p class=\"float-end mb-0\">* Por favor, rellene todos estos campos<\/p>\r\n                    <\/div>\r\n                    <div class=\"row fieldset-container\">\r\n                        <div class=\"col-md-3 mb-3 input-fieldset-switch\">\r\n                            <div class=\"form-check\">\r\n                                <input name=\"s_request\" value=\"Consulta\" class=\"form-check-input ena-dis-fieldset radio-ena-dis-fieldset\" type=\"radio\" id=\"s_request_1\" checked>\r\n                                <label class=\"form-check-label\" for=\"s_request_1\">Consulta<\/label>\r\n                            <\/div>\r\n                        <\/div>\r\n                        <div class=\"col-md-9\">\r\n                            <fieldset>\r\n                                <div class=\"col-md-12 specific-fieldset\">\r\n                                    <div class=\"row\">\r\n                                        <div class=\"col-md-3\">\r\n                                            *<label class=\"form-label\">Cantidad:<\/label>\r\n                                        <\/div>\r\n                                        <div class=\"col-md-7\">\r\n                                            <div class=\"col-md-12 mb-1 fieldset-container\">\r\n                                                <div class=\"form-check\">\r\n                                                    <input name=\"s_quantity\" id=\"s_quantity_1\" value=\"una vez\" class=\"form-check-input mt-0 specific-radio\" type=\"radio\" required>\r\n                                                    <label class=\"form-check-label\" for=\"s_quantity_1\">una vez<\/label>\r\n\r\n                                                <\/div>\r\n                                                <div class=\"input-group mb-3\">\r\n                                                    <fieldset disabled>\r\n                                                        <input name=\"s_once\" type=\"text\" class=\"form-control specific-inputs\" required>\r\n                                                    <\/fieldset>\r\n                                                    <span class=\"input-group-text\">pieza(s)<\/span>\r\n                                                    <div class=\"invalid-feedback\">\r\n                                                        Introduzca un valor v\u00e1lido                                                    <\/div>\r\n                                                <\/div>\r\n                                            <\/div>\r\n\r\n                                            <div class=\"col-md-12 mb-1 fieldset-container\">\r\n                                                <div class=\"form-check\">\r\n                                                    <input name=\"s_quantity\" id=\"s_quantity_2\" value=\"al mes\" class=\"form-check-input mt-0 specific-radio\" type=\"radio\" required>\r\n                                                    <label class=\"form-check-label\" for=\"s_quantity_2\">al mes<\/label>\r\n                                                <\/div>\r\n                                                <div class=\"input-group mb-3\">\r\n                                                    <fieldset disabled>\r\n                                                        <input name=\"s_month\" type=\"text\" class=\"form-control specific-inputs\" required>\r\n                                                    <\/fieldset>\r\n                                                    <span class=\"input-group-text\">pieza(s)<\/span>\r\n                                                    <div class=\"invalid-feedback\">\r\n                                                        Introduzca un valor v\u00e1lido                                                    <\/div>\r\n                                                <\/div>\r\n                                            <\/div>\r\n\r\n                                            <div class=\"col-md-12 mb-1 fieldset-container\">\r\n                                                <div class=\"form-check\">\r\n                                                    <input name=\"s_quantity\" id=\"s_quantity_3\" value=\"al a\u00f1o\" class=\"form-check-input mt-0 specific-radio\" type=\"radio\" required>\r\n                                                    <label class=\"form-check-label\" for=\"s_quantity_3\">al a\u00f1o<\/label>\r\n                                                <\/div>\r\n                                                <div class=\"input-group\">\r\n                                                    <fieldset disabled>\r\n                                                        <input name=\"s_year\" type=\"text\" class=\"form-control specific-inputs\" required>\r\n                                                    <\/fieldset>\r\n                                                    <span class=\"input-group-text\">pieza(s)<\/span>\r\n                                                    <div class=\"invalid-feedback\">\r\n                                                        Introduzca un valor v\u00e1lido                                                    <\/div>\r\n                                                <\/div>\r\n                                            <\/div>\r\n                                            <div class=\"col-12 mt-2\">\r\n                                                <input name=\"s_quantity\" value=\"\" class=\"d-none\" type=\"radio\" required>\r\n                                                <div class=\"invalid-feedback\">\r\n                                                    Por favor, seleccione una opci\u00f3n.                                                <\/div>\r\n                                            <\/div>\r\n                                        <\/div>\r\n                                    <\/div>\r\n\r\n                                    <div class=\"row mt-2\">\r\n                                        <div class=\"col-md-3\">\r\n                                            <label for=\"s_date\" class=\"form-label\">Fecha de entrega deseada:<\/label>\r\n                                        <\/div>\r\n                                        <div class=\"col-md-6\" id=\"datepicker-container\">\r\n                                            <div class=\"input-group mb-3\">\r\n                                                <input name=\"s_date\" type=\"text\" class=\"form-control\" id=\"s_date\">\r\n                                                <label for=\"s_date\" class=\"input-group-text\"><i class=\"bi bi-calendar\"><\/i><\/label>\r\n                                            <\/div>\r\n                                        <\/div>\r\n                                    <\/div>\r\n                                <\/div>\r\n                            <\/fieldset>\r\n                        <\/div>\r\n                        <hr>\r\n                        <div class=\"col-md-3 input-fieldset-switch\">\r\n                            <div class=\"form-check\">\r\n                                <input name=\"s_request\" class=\"form-check-input ena-dis-fieldset radio-ena-dis-fieldset\" type=\"radio\" id=\"s_request_2\" value=\"Asistencia t\u00e9cnica\">\r\n                                <label class=\"form-check-label\" for=\"s_request_2\">Asistencia t\u00e9cnica<\/label>\r\n                            <\/div>\r\n                        <\/div>\r\n                        <div class=\"col-md-9 multiple_check_validation fieldset-container\">\r\n                            <fieldset disabled>\r\n                                <div class=\"col-md-12 mb-3\">\r\n                                    <div class=\"form-check\">\r\n                                        <input name=\"s_delivery\" class=\"form-check-input ena-dis-fieldset\" type=\"checkbox\" id=\"s_delivery\" required>\r\n                                        <label class=\"form-check-label\" for=\"s_delivery\">\r\n                                            Por favor, env\u00edenme el manual de instrucciones de este producto.                                        <\/label>\r\n                                    <\/div>\r\n                                <\/div>\r\n                                <div class=\"col-md-12 mb-3 input-fieldset-switch\">\r\n                                    <div class=\"form-check\">\r\n                                        <input name=\"s_help\" class=\"form-check-input ena-dis-fieldset\" type=\"checkbox\" id=\"s_help\" required>\r\n                                        <label class=\"form-check-label\" for=\"s_help\">\r\n                                            Por favor, ay\u00fadenme con el siguiente problema (se requiere descripci\u00f3n exacta y n\u00famero de serie)                                        <\/label>\r\n                                    <\/div>\r\n                                <\/div>\r\n                                <div class=\"col-md-10\">\r\n                                    <fieldset disabled>\r\n                                        <div class=\"form-group\">\r\n                                            <textarea name=\"s_help_text\" class=\"form-control\"><\/textarea>\r\n                                        <\/div>\r\n                                    <\/fieldset>\r\n                                <\/div>\r\n                            <\/fieldset>\r\n                        <\/div>\r\n                    <\/div>\r\n                <\/div>\r\n                <hr>\r\n\r\n                <div class=\"row\">\r\n                    <div class=\"col-md-12 mb-3\">\r\n                        <h2 class=\"title\">3. Datos personales<\/h2>\r\n                    <\/div>\r\n                    <div class=\"d-flex flex-row-reverse mb-3\">\r\n                        <p class=\"float-end mb-0\">* Por favor, rellene todos estos campos<\/p>\r\n                    <\/div>\r\n                    <div class=\"col-md-4 mb-3\">\r\n                        <label for=\"s_company\" class=\"form-label\">*Empresa<\/label>\r\n                        <input name=\"s_company\" type=\"text\" class=\"form-control\" id=\"s_company\" title=\"Introduzca el nombre de la empresa\" required>\r\n                        <div class=\"invalid-feedback\">\r\n                            Introduzca el nombre de la empresa                        <\/div>\r\n                    <\/div>\r\n                    <div class=\"col-md-4 mb-3\">\r\n                        <label for=\"s_name\" class=\"form-label\">*Nombre<\/label>\r\n                        <input name=\"s_name\" type=\"text\" class=\"form-control\" id=\"s_name\" title=\"Introduzca un nombre\" required>\r\n                        <div class=\"invalid-feedback\">\r\n                            Introduzca un nombre                        <\/div>\r\n                    <\/div>\r\n                    <div class=\"col-md-4 mb-3\">\r\n                        <label for=\"s_dept\" class=\"form-label\">Departamento<\/label>\r\n                        <input name=\"s_dept\" type=\"text\" class=\"form-control\" id=\"s_dept\">\r\n                    <\/div>\r\n                    <div class=\"col-md-4 mb-3\">\r\n                        <label for=\"s_email\" class=\"form-label\">*E-mail<\/label>\r\n                        <input name=\"s_email\" type=\"email\" class=\"form-control\" id=\"s_email\" title=\"Introduzca una direcci\u00f3n de correo electr\u00f3nico v\u00e1lida\" required>\r\n                        <div class=\"invalid-feedback\">\r\n                            Introduzca una direcci\u00f3n de correo electr\u00f3nico v\u00e1lida                        <\/div>\r\n                    <\/div>\r\n                    <div class=\"col-md-4 mb-3\">\r\n                        <label for=\"s_phone\" class=\"form-label\">Tel\u00e9fono<\/label>\r\n                        <input name=\"s_phone\" type=\"text\" class=\"form-control\" id=\"s_phone\">\r\n                    <\/div>\r\n                    <div class=\"col-md-4 mb-3\">\r\n                        <label for=\"s_street\" class=\"form-label\">Calle \/ No.<\/label>\r\n                        <input name=\"s_street\" type=\"text\" class=\"form-control\" id=\"s_street\">\r\n                    <\/div>\r\n                    <div class=\"col-md-4 mb-3\">\r\n                        <label for=\"s_postal\" class=\"form-label\">C\u00f3digo postal \/ Ciudad<\/label>\r\n                        <input name=\"s_postal\" type=\"text\" class=\"form-control\" id=\"s_postal\">\r\n                    <\/div>\r\n                    <div class=\"col-md-4 mb-3\">\r\n                        <label for=\"s_country\" class=\"form-label\">Pa\u00eds<\/label>\r\n                        <input name=\"s_country\" type=\"text\" class=\"form-control\" id=\"s_country\">\r\n                    <\/div>\r\n                    <div class=\"col-md-12 mb-3\">\r\n                        <div class=\"form-group\">\r\n                            <label class=\"form-check-label mb-3\" for=\"s_other\">Otras notas:<\/label>\r\n                            <textarea name=\"s_other\" class=\"form-control\"><\/textarea>\r\n                            <input class=\"visually-hidden\" type=\"text\" name=\"company_fax\">\r\n                        <\/div>\r\n                    <\/div>\r\n                    <div class=\"col-md-12\">\r\n                        <div class=\"form-check\">\r\n                            <input name=\"s_call_me\" class=\"form-check-input\" type=\"checkbox\" id=\"s_call_me\">\r\n                            <label class=\"form-check-label\" for=\"s_call_me\">\r\n                                Por favor, ll\u00e1mame                             <\/label>\r\n                        <\/div>\r\n                    <\/div>\r\n                    <div class=\"col-md-12\">\r\n                        <div class=\"form-check\">\r\n                            <input name=\"s_email_me\" class=\"form-check-input\" type=\"checkbox\" id=\"s_email_me\">\r\n                            <label class=\"form-check-label\" for=\"s_email_me\">\r\n                                Env\u00edeme un correo electr\u00f3nico                            <\/label>\r\n                        <\/div>\r\n                    <\/div>\r\n                    <div class=\"col-md-12 mb-3\">\r\n                        <div class=\"form-check\">\r\n                            <input name=\"s_legal\" class=\"form-check-input\" type=\"checkbox\" id=\"s_legal\" required>\r\n                            <label class=\"form-check-label\" for=\"s_legal\">\r\n                                *Acepto la <a target=\"_blank\" href=\"https:\/\/www.sitema.de\/es\/\/datenschutz\"> declaraci\u00f3n de protecci\u00f3n de datos de SITEMA<\/a>\r\n                            <\/label>\r\n                            <div class=\"invalid-feedback\">\r\n                                Lea y acepte la pol\u00edtica de privacidad                            <\/div>\r\n                        <\/div>\r\n                    <\/div>\r\n                <\/div>\r\n\r\n\r\n                <div class=\"row\">\r\n                    <div class=\"col-12 mb-3\">\r\n                        <div class=\"g-recaptcha\" data-sitekey=\"6Ldy_GQqAAAAAPgA0xqwS1y_BFkGuejQKZJzUOJi\"><\/div>\r\n                        <noscript>\r\n                            <div style=\"width: 302px; height: 352px;\">\r\n                                <div style=\"width: 302px; height: 352px; position: relative;\">\r\n                                    <div style=\"width: 302px; height: 352px; position: absolute;\">\r\n                                        <iframe src=\"https:\/\/www.google.com\/recaptcha\/api\/fallback?k=6Ldy_GQqAAAAAPgA0xqwS1y_BFkGuejQKZJzUOJi\"\r\n                                            frameborder=\"0\" scrolling=\"no\"\r\n                                            style=\"width: 302px; height:352px; border-style: none;\">\r\n                                        <\/iframe>\r\n                                    <\/div>\r\n                                    <div style=\"width: 250px; height: 80px; position: absolute; border-style: none;\r\n             bottom: 21px; left: 25px; margin: 0px; padding: 0px; right: 25px;\">\r\n                                        <textarea id=\"g-recaptcha-response\" name=\"g-recaptcha-response\"\r\n                                            class=\"g-recaptcha-response\"\r\n                                            style=\"width: 250px; height: 80px; border: 1px solid #c1c1c1;\r\n                      margin: 0px; padding: 0px; resize: none;\" value=\"\">\r\n            <\/textarea>\r\n                                    <\/div>\r\n                                <\/div>\r\n                            <\/div>\r\n                        <\/noscript>\r\n                        <span id=\"recaptcha_alert\" style=\"display:none; float:left; font-size:12px; color:#EA1F26;\"><\/span>\r\n                        <div class=\"recaptcha-error-msg invalid-feedback\">\r\n                            Por favor, seleccione una opci\u00f3n.                        <\/div>\r\n                    <\/div>\r\n                <\/div>\r\n\r\n                <div class=\"row\">\r\n                    <div class=\"col-12\">\r\n                        <button id=\"submit-button\" class=\"btn btn-primary\" type=\"submit\">Enviar<\/button>\r\n                    <\/div>\r\n                    <div id=\"loading-status\" class=\"spinner-border text-primary m-3 d-none\" role=\"status\">\r\n                        <span class=\"visually-hidden\"><\/span>\r\n                    <\/div>\r\n                <\/div>\r\n                <input type=\"hidden\" name=\"s_contact\">\r\n                <input type=\"hidden\" id=\"specific_contact_nonce\" name=\"specific_contact_nonce\" value=\"f5753d0cf7\" \/><input type=\"hidden\" name=\"_wp_http_referer\" value=\"\/es\/wp-json\/wp\/v2\/pages\/18179\" \/>            <\/form>\r\n        <\/div>\r\n\r\n        <div id=\"cookiesAcceptModal\" class=\"col-12 d-none\">\r\n            <div class=\"bootstrap-custom-container\">\r\n                <div class=\"col-12 py-5 my-5 px-3 text-center\">\r\n                    <p class=\"mb-0\">Para enviar este formulario, debe aceptar las cookies de recaptcha.<br> Haga clic en el siguiente bot\u00f3n. <a title=\"Gesti\u00f3n de cookies\" href=\"javascript:cookiePreference();\" class=\"primary\"> enlace<\/a>, activar el uso para <strong>reCAPTCHA<\/strong> y hacer clic en Permitir.<\/p>\r\n                <\/div>\r\n            <\/div>\r\n        <\/div>\r\n\r\n    <\/div>\r\n<\/div><\/div>\n","protected":false},"excerpt":{"rendered":"","protected":false},"author":1,"featured_media":0,"parent":17495,"menu_order":0,"comment_status":"closed","ping_status":"closed","template":"","meta":{"_acf_changed":false,"_seopress_robots_primary_cat":"","_seopress_titles_title":"Consulta concreta - %%sitetitle%%","_seopress_titles_desc":"Rellene nuestro formulario de contacto para realizar consultas sobre productos o solicitar asistencia t\u00e9cnica. Tanto si est\u00e1 interesado en adquirir uno de nuestros productos como si necesita asistencia t\u00e9cnica para un producto existente, estamos a su disposici\u00f3n. ","_seopress_robots_index":"","_seopress_analysis_target_kw":"","footnotes":""},"class_list":["post-18179","page","type-page","status-publish","hentry"],"acf":[],"_links":{"self":[{"href":"https:\/\/www.sitema.de\/es\/wp-json\/wp\/v2\/pages\/18179","targetHints":{"allow":["GET"]}}],"collection":[{"href":"https:\/\/www.sitema.de\/es\/wp-json\/wp\/v2\/pages"}],"about":[{"href":"https:\/\/www.sitema.de\/es\/wp-json\/wp\/v2\/types\/page"}],"author":[{"embeddable":true,"href":"https:\/\/www.sitema.de\/es\/wp-json\/wp\/v2\/users\/1"}],"replies":[{"embeddable":true,"href":"https:\/\/www.sitema.de\/es\/wp-json\/wp\/v2\/comments?post=18179"}],"version-history":[{"count":1,"href":"https:\/\/www.sitema.de\/es\/wp-json\/wp\/v2\/pages\/18179\/revisions"}],"predecessor-version":[{"id":18180,"href":"https:\/\/www.sitema.de\/es\/wp-json\/wp\/v2\/pages\/18179\/revisions\/18180"}],"up":[{"embeddable":true,"href":"https:\/\/www.sitema.de\/es\/wp-json\/wp\/v2\/pages\/17495"}],"wp:attachment":[{"href":"https:\/\/www.sitema.de\/es\/wp-json\/wp\/v2\/media?parent=18179"}],"curies":[{"name":"wp","href":"https:\/\/api.w.org\/{rel}","templated":true}]}}