{"id":17514,"date":"2024-02-19T09:44:35","date_gmt":"2024-02-19T08:44:35","guid":{"rendered":"https:\/\/www.sitema.de\/productos\/"},"modified":"2025-08-26T14:09:33","modified_gmt":"2025-08-26T12:09:33","slug":"productos","status":"publish","type":"page","link":"https:\/\/www.sitema.de\/es\/productos\/","title":{"rendered":"Productos"},"content":{"rendered":"\n<section class=\"wp-block-group alignfull header-generic has-global-padding is-layout-constrained wp-block-group-is-layout-constrained\" id=\"header-generic\">\n<div class=\"wp-block-cover alignfull\" style=\"min-height:350px;aspect-ratio:unset;\"><img decoding=\"async\" class=\"wp-block-cover__image-background wp-image-801\" alt=\"\" src=\"https:\/\/www.sitema.de\/wp-content\/themes\/sitema\/assets\/images\/custom-header.jpg\" style=\"object-position:50% 50%\" data-object-fit=\"cover\" data-object-position=\"50% 50%\"\/><span aria-hidden=\"true\" class=\"wp-block-cover__background has-background-dim-30 has-background-dim wp-block-cover__gradient-background has-background-gradient\" style=\"background:linear-gradient(90deg,rgb(128,128,128) 0%,rgba(0,0,0,0) 100%)\"><\/span><div class=\"wp-block-cover__inner-container has-global-padding is-layout-constrained wp-block-cover-is-layout-constrained\">\n<h1 class=\"wp-block-heading has-text-align-left has-blue-20-color has-text-color has-title-h-1-font-size\">Nuestros productos<\/h1>\n\n\n\n<h2 class=\"wp-block-heading has-text-align-left has-blue-20-color has-text-color has-headline-h-2-font-size\">en el resumen<\/h2>\n<\/div><\/div>\n<\/section>\n\n\n\n<div id=\"category-list\" class=\"wp-block-group category-list has-global-padding is-layout-constrained wp-block-group-is-layout-constrained\" style=\"margin-top:var(--wp--preset--spacing--5-rem);margin-bottom:var(--wp--preset--spacing--5-rem)\">\n<h2 class=\"wp-block-heading has-headline-h-3-font-size\">Resumen de productos<\/h2>\n\n\n\r\n\r\n        <div class=\"wp-block-group category-element product-filter-container has-white-background-color has-background has-global-padding is-layout-constrained wp-container-core-group-is-layout-0189ff54 wp-block-group-is-layout-constrained\" style=\"border-radius:5px;padding-top:24px;padding-right:32px;padding-bottom:24px;padding-left:32px;z-index:1;\">\r\n    <div class=\"bootstrap-custom-container\">\r\n<div class=\"row\" id=\"filter-container\">\r\n\r\n<div id=\"filter-ansteuerung\" class=\"col-md-6 mb-3 d-none\">\r\n    <div class=\"title-container\">\r\n        <p><strong>Control<\/strong><\/p>\r\n        <div id=\"loading-status\" class=\"spinner-border text-primary m-3\" role=\"status\" style=\"display:none;\">\r\n            <span><\/span>\r\n        <\/div>\r\n    <\/div>\r\n    <div class=\"btn-group d-flex flex-xl-row flex-column flex-wrap\" role=\"group\">\r\n        <input type=\"radio\" class=\"btn-check\" name=\"ansteuerung\" id=\"ansteuerung_all\" data-all=\"show\" checked=\"checked\">\r\n        <label class=\"btn btn-primary me-3 mb-2\" style=\"flex:initial;\" for=\"ansteuerung_all\" data-all-label=\"show\">Todos<\/label>\r\n\r\n        <input type=\"radio\" class=\"btn-check d-none\" name=\"ansteuerung\" id=\"elektrisch-es\" data-count=\"actuation1\">\r\n        <label class=\"btn btn-outline-primary me-3 mb-2 d-none\" style=\"flex:initial;\" for=\"elektrisch-es\" data-count=\"actuation1\">El\u00e9ctrico<\/label>\r\n        \r\n        <input type=\"radio\" class=\"btn-check d-none\" name=\"ansteuerung\" id=\"hydraulisch-es\" data-count=\"actuation2\">\r\n        <label class=\"btn btn-outline-primary me-3 mb-2 d-none\" style=\"flex:initial;\" for=\"hydraulisch-es\" data-count=\"actuation2\">Hidr\u00e1ulica<\/label>\r\n        \r\n        <input type=\"radio\" class=\"btn-check d-none\" name=\"ansteuerung\" id=\"pneumatisch-es\" data-count=\"actuation3\">\r\n        <label class=\"btn btn-outline-primary me-3 mb-2 d-none\" style=\"flex:initial;\" for=\"pneumatisch-es\" data-count=\"actuation3\">Neum\u00e1tica<\/label>\r\n              \r\n    <\/div>\r\n<\/div>\r\n\r\n<div id=\"filter-funktion\" class=\"col-md-6 mb-3 d-none\">\r\n    <div class=\"title-container\">\r\n        <p><strong>Funciones<\/strong><\/p>\r\n        <div id=\"loading-status\" class=\"spinner-border text-primary m-3\" role=\"status\" style=\"display:none;\">\r\n            <span><\/span>\r\n        <\/div>\r\n    <\/div>\r\n    <div class=\"btn-group d-flex flex-xl-row flex-column flex-wrap\" role=\"group\">\r\n        <input type=\"radio\" class=\"btn-check\" name=\"funktion\" id=\"funktion_all\" data-all=\"show\" checked=\"checked\">\r\n        <label class=\"btn btn-primary me-3 mb-2\" style=\"flex:initial;\" for=\"funktion_all\" data-all-label=\"show\">Todas<\/label>\r\n\r\n        <input type=\"radio\" class=\"btn-check\" name=\"funktion\" id=\"drive-es\" data-count=\"function1\">\r\n        <label class=\"btn btn-outline-primary me-3 mb-2\" style=\"flex:initial;\" for=\"drive-es\" data-count=\"function1\">Accionar<\/label>\r\n        \r\n        <input type=\"radio\" class=\"btn-check\" name=\"funktion\" id=\"securing-es\" data-count=\"function2\">\r\n        <label class=\"btn btn-outline-primary me-3 mb-2\" style=\"flex:initial;\" for=\"securing-es\" data-count=\"function2\">Asegurar<\/label>\r\n        \r\n        <input type=\"radio\" class=\"btn-check\" name=\"funktion\" id=\"positioning-es\" data-count=\"function3\">\r\n        <label class=\"btn btn-outline-primary me-3 mb-2\" style=\"flex:initial;\" for=\"positioning-es\" data-count=\"function3\">Mantener posici\u00f3n<\/label>\r\n        \r\n        <input type=\"radio\" class=\"btn-check\" name=\"funktion\" id=\"securing-with-siforce-es\" data-count=\"function4\">\r\n        <label class=\"btn btn-outline-primary me-3 mb-2\" style=\"flex:initial;\" for=\"securing-with-siforce-es\" data-count=\"function4\">Seguridad con SiForce<\/label>\r\n        \r\n        <input type=\"radio\" class=\"btn-check\" name=\"funktion\" id=\"countering-es\" data-count=\"function5\">\r\n        <label class=\"btn btn-outline-primary me-3 mb-2\" style=\"flex:initial;\" for=\"countering-es\" data-count=\"function5\">Sujetar<\/label>\r\n              \r\n    <\/div>\r\n<\/div>\r\n\r\n<div id=\"no-results\" class=\"col-md-6 mb-3 d-none\">\r\n    <div class=\"title-container\">\r\n        <h2><strong>Sin resultados<\/strong><\/h2>\r\n    <\/div>\r\n<\/div>\r\n<\/div>\r\n<\/div>\r\n<\/div>\r\n<script type=\"text\/javascript\">\r\n    const allText = 'Todos'\r\n<\/script>\n\n\n<div class=\"wp-block-group category-list-grid has-global-padding is-layout-constrained wp-block-group-is-layout-constrained\" style=\"padding-bottom:125px\">\r\n        \r\n        <div class=\"wp-block-group category-element product-container has-white-background-color has-background has-global-padding is-layout-constrained wp-container-core-group-is-layout-0189ff54 wp-block-group-is-layout-constrained\" style=\"border-radius:5px;padding-top:24px;padding-right:32px;padding-bottom:55px;padding-left:32px\" data-ansteuerung=\"hydraulisch-es pneumatisch-es\" data-funktion=\"securing-es securing-with-siforce-es\" data-tragmittel=\"\" >\r\n            \r\n\r\n            <figure class=\"wp-block-image aligncenter size-large\">\r\n                <img decoding=\"async\" src=\"https:\/\/www.sitema.de\/wp-content\/uploads\/produkte\/product-absturzsicherungen-1.png\" alt=\"Absturzsicherungen\"\/>\r\n            <\/figure>\r\n            \r\n\r\n            \r\n            \r\n            <h3 class=\"wp-block-heading has-blue-20-color has-text-color has-headline-h-5-font-size\">\r\n                <a title=\"Siehe Dispositivos antica\u00edda\" href=\"https:\/\/www.sitema.de\/es\/producto\/dispositivos-anticaida\/\" >Dispositivos antica\u00edda<\/a>\r\n            <\/h3>\r\n            \r\n\r\n            \r\n            <h5 class=\"wp-block-heading has-orange-50-color has-text-color has-base-font-size\" style=\"margin-top:32px\">\r\n                <strong>Serie K, KR, KRP&#8230;<\/strong>\r\n            <\/h5>\r\n            \r\n            <ul class=\"has-small-font-size wp-block-list\" style=\"margin-top:48px;padding-left:20px\">\r\n            \r\n                \r\n                <li class=\"has-small-font-size\" style=\"line-height:1.7\">Una direcci\u00f3n de carga<\/li>\r\n                \r\n                \r\n                \r\n                <li class=\"has-small-font-size\" style=\"line-height:1.7\">Control hidr\u00e1ulico o neum\u00e1tico<\/li>\r\n                \r\n                \r\n                \r\n                <li class=\"has-small-font-size\" style=\"line-height:1.7\">Para cargas de 10 kN a 1000 kN<\/li>\r\n                \r\n                \r\n            <\/ul>\r\n            \r\n        <\/div>\r\n        \r\n        \r\n\r\n\n\n\r\n        \r\n        <div class=\"wp-block-group category-element product-container has-white-background-color has-background has-global-padding is-layout-constrained wp-container-core-group-is-layout-0189ff54 wp-block-group-is-layout-constrained\" style=\"border-radius:5px;padding-top:24px;padding-right:32px;padding-bottom:55px;padding-left:32px\" data-ansteuerung=\"elektrisch-es pneumatisch-es\" data-funktion=\"securing-es securing-with-siforce-es\" data-tragmittel=\"\" >\r\n            \r\n\r\n            <figure class=\"wp-block-image aligncenter size-large\">\r\n                <img decoding=\"async\" src=\"https:\/\/www.sitema.de\/wp-content\/uploads\/produkte\/product-sicherheitsbremsen-1.png\" alt=\"Sicherheitsbremsen\"\/>\r\n            <\/figure>\r\n            \r\n\r\n            \r\n            \r\n            <h3 class=\"wp-block-heading has-blue-20-color has-text-color has-headline-h-5-font-size\">\r\n                <a title=\"Siehe Frenos de seguridad\" href=\"https:\/\/www.sitema.de\/es\/producto\/frenos-de-seguridad\/\" >Frenos de seguridad<\/a>\r\n            <\/h3>\r\n            \r\n\r\n            \r\n            <h5 class=\"wp-block-heading has-orange-50-color has-text-color has-base-font-size\" style=\"margin-top:32px\">\r\n                <strong>Series KSP, KSE<\/strong>\r\n            <\/h5>\r\n            \r\n            <ul class=\"has-small-font-size wp-block-list\" style=\"margin-top:48px;padding-left:20px\">\r\n            \r\n                \r\n                <li class=\"has-small-font-size\" style=\"line-height:1.7\">Una direcci\u00f3n de carga<\/li>\r\n                \r\n                \r\n                \r\n                <li class=\"has-small-font-size\" style=\"line-height:1.7\">Control neum\u00e1tico o el\u00e9ctrico<\/li>\r\n                \r\n                \r\n                \r\n                <li class=\"has-small-font-size\" style=\"line-height:1.7\">Para cargas hasta 30 kN<\/li>\r\n                \r\n                \r\n            <\/ul>\r\n            \r\n        <\/div>\r\n        \r\n        \r\n\r\n\n\n\r\n        \r\n        <div class=\"wp-block-group category-element product-container has-white-background-color has-background has-global-padding is-layout-constrained wp-container-core-group-is-layout-0189ff54 wp-block-group-is-layout-constrained\" style=\"border-radius:5px;padding-top:24px;padding-right:32px;padding-bottom:55px;padding-left:32px\" data-ansteuerung=\"hydraulisch-es\" data-funktion=\"securing-es countering-es\" data-tragmittel=\"\" >\r\n            \r\n\r\n            <figure class=\"wp-block-image aligncenter size-large\">\r\n                <img decoding=\"async\" src=\"https:\/\/www.sitema.de\/wp-content\/uploads\/produkte\/product-stangenblockierungen-1.png\" alt=\"stangenblockierungen\"\/>\r\n            <\/figure>\r\n            \r\n\r\n            \r\n            \r\n            <h3 class=\"wp-block-heading has-blue-20-color has-text-color has-headline-h-5-font-size\">\r\n                <a title=\"Siehe Dispositivos de bloqueo\" href=\"https:\/\/www.sitema.de\/es\/producto\/dispositivos-de-bloqueo\/\" >Dispositivos de bloqueo<\/a>\r\n            <\/h3>\r\n            \r\n\r\n            \r\n            <h5 class=\"wp-block-heading has-orange-50-color has-text-color has-base-font-size\" style=\"margin-top:32px\">\r\n                <strong>Serie KRG<\/strong>\r\n            <\/h5>\r\n            \r\n            <ul class=\"has-small-font-size wp-block-list\" style=\"margin-top:48px;padding-left:20px\">\r\n            \r\n                \r\n                <li class=\"has-small-font-size\" style=\"line-height:1.7\">Una direcci\u00f3n de carga<\/li>\r\n                \r\n                \r\n                \r\n                <li class=\"has-small-font-size\" style=\"line-height:1.7\">Control hidr\u00e1ulico<\/li>\r\n                \r\n                \r\n                \r\n                <li class=\"has-small-font-size\" style=\"line-height:1.7\">Para cargas de 10 kN a 400 kN<\/li>\r\n                \r\n                \r\n            <\/ul>\r\n            \r\n        <\/div>\r\n        \r\n        \r\n\r\n\n\n\r\n        \r\n        <div class=\"wp-block-group category-element product-container has-white-background-color has-background has-global-padding is-layout-constrained wp-container-core-group-is-layout-0189ff54 wp-block-group-is-layout-constrained\" style=\"border-radius:5px;padding-top:24px;padding-right:32px;padding-bottom:55px;padding-left:32px\" data-ansteuerung=\"hydraulisch-es pneumatisch-es\" data-funktion=\"securing-es positioning-es countering-es\" data-tragmittel=\"\" >\r\n            \r\n\r\n            <figure class=\"wp-block-image aligncenter size-large\">\r\n                <img decoding=\"async\" src=\"https:\/\/www.sitema.de\/wp-content\/uploads\/produkte\/product-feststelleinheiten-1.png\" alt=\"feststelleinheiten\"\/>\r\n            <\/figure>\r\n            \r\n\r\n            \r\n            \r\n            <h3 class=\"wp-block-heading has-blue-20-color has-text-color has-headline-h-5-font-size\">\r\n                <a title=\"Siehe Dispositivos de detenci\u00f3n bidireccionales\" href=\"https:\/\/www.sitema.de\/es\/producto\/dispositivos-de-detencion-bidireccionales\/\" >Dispositivos de detenci\u00f3n bidireccionales<\/a>\r\n            <\/h3>\r\n            \r\n\r\n            \r\n            <h5 class=\"wp-block-heading has-orange-50-color has-text-color has-base-font-size\" style=\"margin-top:32px\">\r\n                <strong>Series KFH, KFP, KB &#8230;<\/strong>\r\n            <\/h5>\r\n            \r\n            <ul class=\"has-small-font-size wp-block-list\" style=\"margin-top:48px;padding-left:20px\">\r\n            \r\n                \r\n                <li class=\"has-small-font-size\" style=\"line-height:1.7\">Ambas direcciones de carga<\/li>\r\n                \r\n                \r\n                \r\n                <li class=\"has-small-font-size\" style=\"line-height:1.7\">Control hidr\u00e1ulico o neum\u00e1tico<\/li>\r\n                \r\n                \r\n                \r\n                <li class=\"has-small-font-size\" style=\"line-height:1.7\">Fuerzas de retenci\u00f3n de 1 kN a 1500 kN<\/li>\r\n                \r\n                \r\n            <\/ul>\r\n            \r\n        <\/div>\r\n        \r\n        \r\n\r\n\n\n\r\n        \r\n        <div class=\"wp-block-group category-element product-container has-white-background-color has-background has-global-padding is-layout-constrained wp-container-core-group-is-layout-0189ff54 wp-block-group-is-layout-constrained\" style=\"border-radius:5px;padding-top:24px;padding-right:32px;padding-bottom:55px;padding-left:32px\" data-ansteuerung=\"hydraulisch-es pneumatisch-es\" data-funktion=\"drive-es\" data-tragmittel=\"\" >\r\n            \r\n\r\n            <figure class=\"wp-block-image aligncenter size-large\">\r\n                <img decoding=\"async\" src=\"https:\/\/www.sitema.de\/wp-content\/uploads\/produkte\/PowerStroke_Produktabbildung.png\" alt=\"\"\/>\r\n            <\/figure>\r\n            \r\n\r\n            \r\n            \r\n            <h3 class=\"wp-block-heading has-blue-20-color has-text-color has-headline-h-5-font-size\">\r\n                <a title=\"Siehe PowerStroke\" href=\"https:\/\/www.sitema.de\/es\/producto\/powerstroke\/\" >PowerStroke<\/a>\r\n            <\/h3>\r\n            \r\n\r\n            \r\n            <h5 class=\"wp-block-heading has-orange-50-color has-text-color has-base-font-size\" style=\"margin-top:32px\">\r\n                <strong>Serie FSK, FSKP<\/strong>\r\n            <\/h5>\r\n            \r\n            <ul class=\"has-small-font-size wp-block-list\" style=\"margin-top:48px;padding-left:20px\">\r\n            \r\n                \r\n                <li class=\"has-small-font-size\" style=\"line-height:1.7\">Cabezal de sujeci\u00f3n con funci\u00f3n de carrera corta<\/li>\r\n                \r\n                \r\n                \r\n                <li class=\"has-small-font-size\" style=\"line-height:1.7\">Control hidr\u00e1ulico o neum\u00e1tico<\/li>\r\n                \r\n                \r\n                \r\n                <li class=\"has-small-font-size\" style=\"line-height:1.7\">Fuerzas de trabajo de hasta 2000 kN<\/li>\r\n                \r\n                \r\n            <\/ul>\r\n            \r\n        <\/div>\r\n        \r\n        \r\n\r\n\n\n\n<div class=\"wp-block-group category-element has-white-background-color has-background has-global-padding is-layout-constrained wp-container-core-group-is-layout-0189ff54 wp-block-group-is-layout-constrained\" style=\"border-radius:5px;padding-top:24px;padding-right:32px;padding-bottom:55px;padding-left:32px\">\n<figure class=\"wp-block-image aligncenter size-full\"><img decoding=\"async\" width=\"272\" height=\"262\" src=\"https:\/\/www.sitema.de\/wp-content\/uploads\/produkte\/sonderlosungen.png\" alt=\"Soluciones especiales\" class=\"wp-image-7506\"\/><\/figure>\n\n\n\n<h3 class=\"wp-block-heading has-blue-20-color has-text-color has-headline-h-5-font-size\"><a href=\"https:\/\/www.sitema.de\/es\/soluciones-especiales\/\" data-type=\"page\" data-id=\"17086\">Soluciones especiales<\/a><\/h3>\n\n\n\n<h5 class=\"wp-block-heading has-orange-50-color has-text-color has-base-font-size\" style=\"margin-top:32px\">de la cantidad uno<\/h5>\n\n\n\n<ul style=\"margin-top:48px;padding-left:20px\" class=\"wp-block-list has-small-font-size\">\n<li class=\"has-small-font-size\" style=\"line-height:1.7\">Dispositivos de detenci\u00f3n bidireccional para el par de giro<\/li>\n\n\n\n<li class=\"has-small-font-size\" style=\"line-height:1.7\">El v\u00e1stago sale de la cabeza de sujeci\u00f3n<\/li>\n\n\n\n<li class=\"has-small-font-size\" style=\"line-height:1.7\">Dispositivo antica\u00edda mec\u00e1nico<\/li>\n\n\n\n<li class=\"has-small-font-size\" style=\"line-height:1.7\">Dispositivo de detenci\u00f3n bidireccional el\u00e9ctrico KFE<\/li>\n\n\n\n<li class=\"has-small-font-size\" style=\"line-height:1.7\">Requisitos especiales de cliente<\/li>\n<\/ul>\n<\/div>\n\n\n\n<div class=\"wp-block-group category-element has-white-background-color has-background has-global-padding is-layout-constrained wp-container-core-group-is-layout-0189ff54 wp-block-group-is-layout-constrained\" style=\"border-radius:5px;padding-top:24px;padding-right:32px;padding-bottom:55px;padding-left:32px\">\n<figure class=\"wp-block-image aligncenter size-full\"><img decoding=\"async\" width=\"272\" height=\"262\" src=\"https:\/\/www.sitema.de\/wp-content\/uploads\/produkte\/zubehor.png\" alt=\"Accesorios \" class=\"wp-image-7517\"\/><\/figure>\n\n\n\n<h3 class=\"wp-block-heading has-blue-20-color has-text-color has-headline-h-5-font-size\"><a href=\"https:\/\/www.sitema.de\/es\/accesorios\/\" data-type=\"page\" data-id=\"17196\">Accesorios<\/a><\/h3>\n\n\n\n<h5 class=\"wp-block-heading has-orange-50-color has-text-color has-base-font-size\" style=\"margin-top:32px\"><strong>para cabezas de sujeci\u00f3n SITEMA<\/strong><\/h5>\n\n\n\n<ul style=\"margin-top:48px;padding-left:20px\" class=\"wp-block-list has-small-font-size\">\n<li class=\"has-small-font-size\" style=\"line-height:1.7\">M\u00f3dulo electroneum\u00e1tico EPM<\/li>\n\n\n\n<li class=\"has-small-font-size\" style=\"line-height:1.7\">Disparador de v\u00e1lvula mec\u00e1nico<\/li>\n\n\n\n<li class=\"has-small-font-size\" style=\"line-height:1.7\">Fijaci\u00f3n de v\u00e1stago STB<\/li>\n\n\n\n<li class=\"has-small-font-size\" style=\"line-height:1.7\">Sistema autom\u00e1tico de desaireaci\u00f3n<\/li>\n\n\n\n<li class=\"has-small-font-size\" style=\"line-height:1.7\">Bridas y z\u00f3calos de resorte<\/li>\n<\/ul>\n<\/div>\n<\/div>\n<\/div>\n","protected":false},"excerpt":{"rendered":"<p>Resumen de productos Soluciones especiales de la cantidad uno Accesorios para cabezas de sujeci\u00f3n SITEMA<\/p>\n","protected":false},"author":1,"featured_media":0,"parent":0,"menu_order":0,"comment_status":"closed","ping_status":"closed","template":"","meta":{"_acf_changed":false,"_seopress_robots_primary_cat":"","_seopress_titles_title":"Productos - %%sitetitle%%","_seopress_titles_desc":"Descubra nuestra amplia gama de productos de seguridad, incluidos antica\u00eddas, frenos de seguridad, dispositivos de enclavamiento, dispositivos bidireccionales de protecci\u00f3n en escalada, PowerStroke, soluciones personalizadas y accesorios para cabezales de sujeci\u00f3n.","_seopress_robots_index":"","_seopress_analysis_target_kw":"","footnotes":""},"class_list":["post-17514","page","type-page","status-publish","hentry"],"acf":[],"_links":{"self":[{"href":"https:\/\/www.sitema.de\/es\/wp-json\/wp\/v2\/pages\/17514","targetHints":{"allow":["GET"]}}],"collection":[{"href":"https:\/\/www.sitema.de\/es\/wp-json\/wp\/v2\/pages"}],"about":[{"href":"https:\/\/www.sitema.de\/es\/wp-json\/wp\/v2\/types\/page"}],"author":[{"embeddable":true,"href":"https:\/\/www.sitema.de\/es\/wp-json\/wp\/v2\/users\/1"}],"replies":[{"embeddable":true,"href":"https:\/\/www.sitema.de\/es\/wp-json\/wp\/v2\/comments?post=17514"}],"version-history":[{"count":6,"href":"https:\/\/www.sitema.de\/es\/wp-json\/wp\/v2\/pages\/17514\/revisions"}],"predecessor-version":[{"id":171511,"href":"https:\/\/www.sitema.de\/es\/wp-json\/wp\/v2\/pages\/17514\/revisions\/171511"}],"wp:attachment":[{"href":"https:\/\/www.sitema.de\/es\/wp-json\/wp\/v2\/media?parent=17514"}],"curies":[{"name":"wp","href":"https:\/\/api.w.org\/{rel}","templated":true}]}}