{"id":17196,"date":"2024-03-01T15:31:28","date_gmt":"2024-03-01T14:31:28","guid":{"rendered":"https:\/\/www.sitema.de\/accesorios\/"},"modified":"2024-10-02T09:53:05","modified_gmt":"2024-10-02T09:53:05","slug":"accesorios","status":"publish","type":"page","link":"https:\/\/www.sitema.de\/es\/accesorios\/","title":{"rendered":"accesorios"},"content":{"rendered":"\n<section class=\"wp-block-group alignfull header-generic has-global-padding is-layout-constrained wp-block-group-is-layout-constrained\" id=\"header-generic\">\n<div class=\"wp-block-cover alignfull is-light\" style=\"min-height:350px;aspect-ratio:unset;\"><span aria-hidden=\"true\" class=\"wp-block-cover__background has-background-dim-30 has-background-dim wp-block-cover__gradient-background has-background-gradient\" style=\"background:linear-gradient(90deg,rgb(128,128,128) 0%,rgba(0,0,0,0) 100%)\"><\/span><img decoding=\"async\" width=\"1920\" height=\"350\" class=\"wp-block-cover__image-background wp-image-29978\" alt=\"\" src=\"https:\/\/www.sitema.de\/wp-content\/uploads\/produkte\/zubehoer_header.jpg\" style=\"object-position:100% 50%\" data-object-fit=\"cover\" data-object-position=\"100% 50%\" srcset=\"https:\/\/www.sitema.de\/wp-content\/uploads\/produkte\/zubehoer_header.jpg 1920w, https:\/\/www.sitema.de\/wp-content\/uploads\/produkte\/zubehoer_header-300x55.jpg 300w, https:\/\/www.sitema.de\/wp-content\/uploads\/produkte\/zubehoer_header-1024x187.jpg 1024w, https:\/\/www.sitema.de\/wp-content\/uploads\/produkte\/zubehoer_header-768x140.jpg 768w, https:\/\/www.sitema.de\/wp-content\/uploads\/produkte\/zubehoer_header-1536x280.jpg 1536w\" sizes=\"(max-width: 1920px) 100vw, 1920px\" \/><div class=\"wp-block-cover__inner-container has-global-padding is-layout-constrained wp-block-cover-is-layout-constrained\">\n<h1 class=\"wp-block-heading has-text-align-left has-blue-20-color has-text-color has-title-h-1-font-size\">Accesorios para<\/h1>\n\n\n\n<h2 class=\"wp-block-heading has-text-align-left has-blue-20-color has-text-color has-headline-h-2-font-size\">Cabezas de sujeci\u00f3n SITEMA<\/h2>\n<\/div><\/div>\n<\/section>\n\n<div id=\"category-list\" class=\"wp-block-group category-list has-global-padding is-layout-constrained wp-block-group-is-layout-constrained\" style=\"margin-top:var(--wp--preset--spacing--5-rem);margin-bottom:var(--wp--preset--spacing--5-rem)\">\n<h2 class=\"wp-block-heading has-headline-h-3-font-size\">Accesorios para cabezas de sujeci\u00f3n SITEMA<\/h2>\n\n\n\n<div class=\"wp-block-group category-list-grid has-global-padding is-layout-constrained wp-block-group-is-layout-constrained\" style=\"padding-bottom:125px\">\r\n\r\n\r\n        \r\n        <div class=\"wp-block-group category-element has-white-background-color has-background has-global-padding is-layout-constrained wp-container-core-group-is-layout-0189ff54 wp-block-group-is-layout-constrained\" style=\"border-radius:5px;padding-top:24px;padding-right:32px;padding-bottom:55px;padding-left:32px\">\r\n        \r\n            \r\n            <figure class=\"wp-block-image aligncenter size-large\">\r\n                <a title=\"Siehe M\u00f3dulo electroneum\u00e1tico\" href=\"https:\/\/www.sitema.de\/es\/accesorios\/modulo-electroneumatico\/\" >\r\n                    <img decoding=\"async\" src=\"https:\/\/www.sitema.de\/wp-content\/uploads\/produkte\/sonderloesungen-epmodul-list.png\" alt=\"Sonderloesungen epmodul\"\/>\r\n                <\/a>\r\n            <\/figure>\r\n            \r\n\r\n            \r\n            <h3 class=\"wp-block-heading has-blue-20-color has-text-color has-headline-h-5-font-size\">\r\n                <a title=\"Siehe M\u00f3dulo electroneum\u00e1tico\" href=\"https:\/\/www.sitema.de\/es\/accesorios\/modulo-electroneumatico\/\" >\r\n                    M\u00f3dulo electroneum\u00e1tico\r\n                <\/a>\r\n            <\/h3>\r\n            \r\n\r\n        \r\n        <\/div>\r\n        \r\n        \r\n\r\n\n\n\r\n\r\n\r\n        \r\n        <div class=\"wp-block-group category-element has-white-background-color has-background has-global-padding is-layout-constrained wp-container-core-group-is-layout-0189ff54 wp-block-group-is-layout-constrained\" style=\"border-radius:5px;padding-top:24px;padding-right:32px;padding-bottom:55px;padding-left:32px\">\r\n        \r\n            \r\n            <figure class=\"wp-block-image aligncenter size-large\">\r\n                <a title=\"Siehe Disparador de v\u00e1lvula mec\u00e1nico\" href=\"https:\/\/www.sitema.de\/es\/accesorios\/disparador-de-valvula-mecanico\/\" >\r\n                    <img decoding=\"async\" src=\"https:\/\/www.sitema.de\/wp-content\/uploads\/produkte\/sonderloesungen-mva2-list.png\" alt=\"Mechanischer Ventilausl\u00f6ser MVA\"\/>\r\n                <\/a>\r\n            <\/figure>\r\n            \r\n\r\n            \r\n            <h3 class=\"wp-block-heading has-blue-20-color has-text-color has-headline-h-5-font-size\">\r\n                <a title=\"Siehe Disparador de v\u00e1lvula mec\u00e1nico\" href=\"https:\/\/www.sitema.de\/es\/accesorios\/disparador-de-valvula-mecanico\/\" >\r\n                    Disparador de v\u00e1lvula mec\u00e1nico\r\n                <\/a>\r\n            <\/h3>\r\n            \r\n\r\n        \r\n        <\/div>\r\n        \r\n        \r\n\r\n\n\n\r\n\r\n\r\n        \r\n        <div class=\"wp-block-group category-element has-white-background-color has-background has-global-padding is-layout-constrained wp-container-core-group-is-layout-0189ff54 wp-block-group-is-layout-constrained\" style=\"border-radius:5px;padding-top:24px;padding-right:32px;padding-bottom:55px;padding-left:32px\">\r\n        \r\n            \r\n            <figure class=\"wp-block-image aligncenter size-large\">\r\n                <a title=\"Siehe Fijaci\u00f3n de v\u00e1stago STB\" href=\"https:\/\/www.sitema.de\/es\/accesorios\/fijacion-de-vastago-stb\/\" >\r\n                    <img decoding=\"async\" src=\"https:\/\/www.sitema.de\/wp-content\/uploads\/produkte\/stb-list.png\" alt=\"Stangenbefestigung STB\"\/>\r\n                <\/a>\r\n            <\/figure>\r\n            \r\n\r\n            \r\n            <h3 class=\"wp-block-heading has-blue-20-color has-text-color has-headline-h-5-font-size\">\r\n                <a title=\"Siehe Fijaci\u00f3n de v\u00e1stago STB\" href=\"https:\/\/www.sitema.de\/es\/accesorios\/fijacion-de-vastago-stb\/\" >\r\n                    Fijaci\u00f3n de v\u00e1stago STB\r\n                <\/a>\r\n            <\/h3>\r\n            \r\n\r\n        \r\n        <\/div>\r\n        \r\n        \r\n\r\n\n\n\r\n\r\n\r\n        \r\n        <div class=\"wp-block-group category-element has-white-background-color has-background has-global-padding is-layout-constrained wp-container-core-group-is-layout-0189ff54 wp-block-group-is-layout-constrained\" style=\"border-radius:5px;padding-top:24px;padding-right:32px;padding-bottom:55px;padding-left:32px\">\r\n        \r\n            \r\n            <figure class=\"wp-block-image aligncenter size-large\">\r\n                <a title=\"Siehe Sistema autom\u00e1tico de desaireaci\u00f3n\" href=\"https:\/\/www.sitema.de\/es\/accesorios\/sistema-automatico-de-desaireacion\/\" >\r\n                    <img decoding=\"async\" src=\"https:\/\/www.sitema.de\/wp-content\/uploads\/produkte\/sonderloesungen-entlueftungsautomat-list.png\" alt=\"Entl\u00fcftungsautomat\"\/>\r\n                <\/a>\r\n            <\/figure>\r\n            \r\n\r\n            \r\n            <h3 class=\"wp-block-heading has-blue-20-color has-text-color has-headline-h-5-font-size\">\r\n                <a title=\"Siehe Sistema autom\u00e1tico de desaireaci\u00f3n\" href=\"https:\/\/www.sitema.de\/es\/accesorios\/sistema-automatico-de-desaireacion\/\" >\r\n                    Sistema autom\u00e1tico de desaireaci\u00f3n\r\n                <\/a>\r\n            <\/h3>\r\n            \r\n\r\n        \r\n        <\/div>\r\n        \r\n        \r\n\r\n\n\n\r\n\r\n\r\n        \r\n        <div class=\"wp-block-group category-element has-white-background-color has-background has-global-padding is-layout-constrained wp-container-core-group-is-layout-0189ff54 wp-block-group-is-layout-constrained\" style=\"border-radius:5px;padding-top:24px;padding-right:32px;padding-bottom:55px;padding-left:32px\">\r\n        \r\n            \r\n            <figure class=\"wp-block-image aligncenter size-large\">\r\n                <a title=\"Siehe Bridaspara dispositivos antica\u00edda\" href=\"https:\/\/www.sitema.de\/es\/accesorios\/bridaspara-dispositivos-anticaida\/\" >\r\n                    <img decoding=\"async\" src=\"https:\/\/www.sitema.de\/wp-content\/uploads\/produkte\/KR_025_30_mit-geschlitzem-Flansch_stehend.jpg\" alt=\"\"\/>\r\n                <\/a>\r\n            <\/figure>\r\n            \r\n\r\n            \r\n            <h3 class=\"wp-block-heading has-blue-20-color has-text-color has-headline-h-5-font-size\">\r\n                <a title=\"Siehe Bridaspara dispositivos antica\u00edda\" href=\"https:\/\/www.sitema.de\/es\/accesorios\/bridaspara-dispositivos-anticaida\/\" >\r\n                    Bridaspara dispositivos antica\u00edda\r\n                <\/a>\r\n            <\/h3>\r\n            \r\n\r\n        \r\n        <\/div>\r\n        \r\n        \r\n\r\n\n\n\r\n\r\n\r\n        \r\n        <div class=\"wp-block-group category-element has-white-background-color has-background has-global-padding is-layout-constrained wp-container-core-group-is-layout-0189ff54 wp-block-group-is-layout-constrained\" style=\"border-radius:5px;padding-top:24px;padding-right:32px;padding-bottom:55px;padding-left:32px\">\r\n        \r\n            \r\n            <figure class=\"wp-block-image aligncenter size-large\">\r\n                <a title=\"Siehe Z\u00f3calo de resorte para dispositivos antica\u00edda\" href=\"https:\/\/www.sitema.de\/es\/accesorios\/zocalo-de-resorte-para-dispositivos-anticaida\/\" >\r\n                    <img decoding=\"async\" src=\"https:\/\/www.sitema.de\/wp-content\/uploads\/produkte\/federsockel-absturzsicherungen-list.png\" alt=\"Flansche f\u00fcr Absturzsicherungen\"\/>\r\n                <\/a>\r\n            <\/figure>\r\n            \r\n\r\n            \r\n            <h3 class=\"wp-block-heading has-blue-20-color has-text-color has-headline-h-5-font-size\">\r\n                <a title=\"Siehe Z\u00f3calo de resorte para dispositivos antica\u00edda\" href=\"https:\/\/www.sitema.de\/es\/accesorios\/zocalo-de-resorte-para-dispositivos-anticaida\/\" >\r\n                    Z\u00f3calo de resorte para dispositivos antica\u00edda\r\n                <\/a>\r\n            <\/h3>\r\n            \r\n\r\n        \r\n        <\/div>\r\n        \r\n        \r\n\r\n\n\n\r\n\r\n\r\n        \r\n        <div class=\"wp-block-group category-element has-white-background-color has-background has-global-padding is-layout-constrained wp-container-core-group-is-layout-0189ff54 wp-block-group-is-layout-constrained\" style=\"border-radius:5px;padding-top:24px;padding-right:32px;padding-bottom:55px;padding-left:32px\">\r\n        \r\n            \r\n            <figure class=\"wp-block-image aligncenter size-large\">\r\n                <a title=\"Siehe Bridas para dispositivos de bloqueo\" href=\"https:\/\/www.sitema.de\/es\/accesorios\/bridas-para-dispositivos-de-bloqueo\/\" >\r\n                    <img decoding=\"async\" src=\"https:\/\/www.sitema.de\/wp-content\/uploads\/produkte\/flansche-stangenblockierungen-list.png\" alt=\"Flansche f\u00fcr Stangenblockierungen\"\/>\r\n                <\/a>\r\n            <\/figure>\r\n            \r\n\r\n            \r\n            <h3 class=\"wp-block-heading has-blue-20-color has-text-color has-headline-h-5-font-size\">\r\n                <a title=\"Siehe Bridas para dispositivos de bloqueo\" href=\"https:\/\/www.sitema.de\/es\/accesorios\/bridas-para-dispositivos-de-bloqueo\/\" >\r\n                    Bridas para dispositivos de bloqueo\r\n                <\/a>\r\n            <\/h3>\r\n            \r\n\r\n        \r\n        <\/div>\r\n        \r\n        \r\n\r\n\n\n\r\n\r\n\r\n        \r\n        <div class=\"wp-block-group category-element has-white-background-color has-background has-global-padding is-layout-constrained wp-container-core-group-is-layout-0189ff54 wp-block-group-is-layout-constrained\" style=\"border-radius:5px;padding-top:24px;padding-right:32px;padding-bottom:55px;padding-left:32px\">\r\n        \r\n            \r\n            <figure class=\"wp-block-image aligncenter size-large\">\r\n                <a title=\"Siehe Z\u00f3calo de resorte para frenos de seguridad\" href=\"https:\/\/www.sitema.de\/es\/accesorios\/zocalo-de-resorte-para-frenos-de-seguridad\/\" >\r\n                    <img decoding=\"async\" src=\"https:\/\/www.sitema.de\/wp-content\/uploads\/grafiken-animationen\/federsockel-sicherheitsbremsen-list.png\" alt=\"Federsockel f\u00fcr Sicherheitsbremsen\"\/>\r\n                <\/a>\r\n            <\/figure>\r\n            \r\n\r\n            \r\n            <h3 class=\"wp-block-heading has-blue-20-color has-text-color has-headline-h-5-font-size\">\r\n                <a title=\"Siehe Z\u00f3calo de resorte para frenos de seguridad\" href=\"https:\/\/www.sitema.de\/es\/accesorios\/zocalo-de-resorte-para-frenos-de-seguridad\/\" >\r\n                    Z\u00f3calo de resorte para frenos de seguridad\r\n                <\/a>\r\n            <\/h3>\r\n            \r\n\r\n        \r\n        <\/div>\r\n        \r\n        \r\n\r\n<\/div>\n<\/div>\n","protected":false},"excerpt":{"rendered":"<p>Accesorios para cabezas de sujeci\u00f3n SITEMA<\/p>\n","protected":false},"author":1,"featured_media":7527,"parent":0,"menu_order":0,"comment_status":"closed","ping_status":"closed","template":"","meta":{"_acf_changed":false,"_seopress_robots_primary_cat":"","_seopress_titles_title":"Accesorios para cabezas de sujeci\u00f3n SITEMA<br> - %%sitetitle%%","_seopress_titles_desc":"Descubra nuestra selecci\u00f3n de accesorios para cabezales de sujeci\u00f3n. Encuentre complementos y opciones adicionales para mejorar la funcionalidad y la seguridad de sus productos de fijaci\u00f3n y seguridad industrial. ","_seopress_robots_index":"","footnotes":""},"class_list":["post-17196","page","type-page","status-publish","has-post-thumbnail","hentry"],"acf":[],"_links":{"self":[{"href":"https:\/\/www.sitema.de\/es\/wp-json\/wp\/v2\/pages\/17196","targetHints":{"allow":["GET"]}}],"collection":[{"href":"https:\/\/www.sitema.de\/es\/wp-json\/wp\/v2\/pages"}],"about":[{"href":"https:\/\/www.sitema.de\/es\/wp-json\/wp\/v2\/types\/page"}],"author":[{"embeddable":true,"href":"https:\/\/www.sitema.de\/es\/wp-json\/wp\/v2\/users\/1"}],"replies":[{"embeddable":true,"href":"https:\/\/www.sitema.de\/es\/wp-json\/wp\/v2\/comments?post=17196"}],"version-history":[{"count":6,"href":"https:\/\/www.sitema.de\/es\/wp-json\/wp\/v2\/pages\/17196\/revisions"}],"predecessor-version":[{"id":29995,"href":"https:\/\/www.sitema.de\/es\/wp-json\/wp\/v2\/pages\/17196\/revisions\/29995"}],"wp:featuredmedia":[{"embeddable":true,"href":"https:\/\/www.sitema.de\/es\/wp-json\/wp\/v2\/media\/7527"}],"wp:attachment":[{"href":"https:\/\/www.sitema.de\/es\/wp-json\/wp\/v2\/media?parent=17196"}],"curies":[{"name":"wp","href":"https:\/\/api.w.org\/{rel}","templated":true}]}}