{"id":17106,"date":"2024-03-14T14:51:34","date_gmt":"2024-03-14T14:51:34","guid":{"rendered":"https:\/\/www.sitema.de\/interactiva-3d-simulacion\/"},"modified":"2024-08-05T07:34:00","modified_gmt":"2024-08-05T07:34:00","slug":"interactiva-3d-simulacion","status":"publish","type":"page","link":"https:\/\/www.sitema.de\/es\/interactiva-3d-simulacion\/","title":{"rendered":"Simulaci\u00f3n 3D interactiva"},"content":{"rendered":"\n<section class=\"wp-block-group alignfull header-generic has-global-padding is-layout-constrained wp-block-group-is-layout-constrained\" id=\"header-generic\">\n<div class=\"wp-block-cover alignfull\" style=\"min-height:350px;aspect-ratio:unset;\"><span aria-hidden=\"true\" class=\"wp-block-cover__background has-background-dim-30 has-background-dim wp-block-cover__gradient-background has-background-gradient\" style=\"background:linear-gradient(90deg,rgb(128,128,128) 0%,rgba(0,0,0,0) 100%)\"><\/span><img decoding=\"async\" class=\"wp-block-cover__image-background wp-image-801\" alt=\"\" src=\"https:\/\/www.sitema.de\/wp-content\/themes\/sitema\/assets\/images\/custom-header.jpg\" style=\"object-position:50% 50%\" data-object-fit=\"cover\" data-object-position=\"50% 50%\"\/><div class=\"wp-block-cover__inner-container has-global-padding is-layout-constrained wp-block-cover-is-layout-constrained\">\n<h1 class=\"wp-block-heading has-text-align-left has-blue-20-color has-text-color has-title-h-1-font-size\">Interactiva y 3D<\/h1>\n<\/div><\/div>\n<\/section>\n\n<section id=\"block-content-image-gallery\" class=\"wp-block-group pattern__image-gallery has-white-background-color has-background has-global-padding is-layout-constrained wp-container-core-group-is-layout-8b30ac19 wp-block-group-is-layout-constrained\" style=\"padding-top:var(--wp--preset--spacing--5-rem);padding-right:var(--wp--preset--spacing--5-rem);padding-bottom:var(--wp--preset--spacing--5-rem);padding-left:var(--wp--preset--spacing--5-rem)\">\n<div class=\"wp-block-columns is-layout-flex wp-container-core-columns-is-layout-28f84493 wp-block-columns-is-layout-flex\">\n<div class=\"wp-block-column is-layout-flow wp-block-column-is-layout-flow\">\n<h3 class=\"wp-block-heading has-blue-20-color has-text-color has-headline-h-3-font-size\">\u00bfD\u00f3nde y c\u00f3mo se utilizan las cabezas de sujeci\u00f3n SITEMA? &#8211; Interactiva 3D-Simulaci\u00f3n<\/h3>\n\n\n\n<p>(Funciona en las versiones actuales de MS Edge, Firefox, Chrome y Opera. Dependiendo de la velocidad de conexi\u00f3n, el tiempo de carga puede tardar unos minutos).<\/p>\n<\/div>\n<\/div>\n<\/section>\n<div class=\"bootstrap-custom-container\">\r\n    <div class=\"row\">\r\n        <div class=\"col-md-6\">\r\n            <div class=\"video-modal-box cf mod-modal-link\" data-modal-link=\"animation_1\">\r\n                <video src=\"https:\/\/www.sitema.de\/wp-content\/themes\/sitema\/assets\/videos\/sitema_maschinen.mp4\" autoplay=\"\" muted=\"\" loop=\"\"><\/video>\r\n                <div class=\"description-title\">Construcci\u00f3n de m\u00e1quinas<\/div>\r\n                <img decoding=\"async\" id=\"play-button\" class=\"play-button\" src=\"https:\/\/www.sitema.de\/wp-content\/themes\/sitema\/assets\/images\/play-button.svg\" alt=\"play\">\r\n            <\/div>\r\n        <\/div>\r\n        <div class=\"col-md-6\">\r\n            <div class=\"video-modal-box cf mod-modal-link\" data-modal-link=\"animation_2\">\r\n                <video src=\"https:\/\/www.sitema.de\/wp-content\/themes\/sitema\/assets\/videos\/sitema_maritim.mp4\" autoplay=\"\" muted=\"\" loop=\"\"><\/video>\r\n                <div class=\"description-title\">Construcci\u00f3n naval \/ aplicaciones mar\u00edtimas<\/div>\r\n                <img decoding=\"async\" id=\"play-button\" class=\"play-button\" src=\"https:\/\/www.sitema.de\/wp-content\/themes\/sitema\/assets\/images\/play-button.svg\" alt=\"play\">\r\n            <\/div>\r\n        <\/div>\r\n    <\/div>\r\n    <\/div>\r\n    \r\n    <div class=\"mod-modal\" data-modal-content=\"animation_1\">\r\n    <div class=\"mod-modal-close icon-close\"><\/div>\r\n    <div class=\"webgl-wrapper\">\r\n        <div class=\"webgl-content\">\r\n            <div id=\"gameContainer_1\" style=\"width: 100%; height: auto\"><\/div>\r\n            <div class=\"footer\">\r\n                <div class=\"fullscreen\"><\/div>\r\n                <div class=\"title\">Pantalla completa<\/div>\r\n            <\/div>\r\n        <\/div>\r\n    <\/div>\r\n    <\/div>\r\n    <div class=\"mod-modal\" data-modal-content=\"animation_2\">\r\n    <div class=\"mod-modal-close icon-close\"><\/div>\r\n    <div class=\"webgl-wrapper\">\r\n        <div class=\"webgl-content\">\r\n            <div id=\"gameContainer_2\" style=\"width: 100%; height: auto\"><\/div>\r\n            <div class=\"footer\">\r\n                <div class=\"fullscreen\"><\/div>\r\n                <div class=\"title\">Pantalla completa<\/div>\r\n            <\/div>\r\n        <\/div>\r\n    <\/div>\r\n    <\/div>\r\n\n<section id=\"block-content-image-gallery\" class=\"wp-block-group pattern__image-gallery has-white-background-color has-background has-global-padding is-layout-constrained wp-container-core-group-is-layout-8b30ac19 wp-block-group-is-layout-constrained\" style=\"padding-top:var(--wp--preset--spacing--5-rem);padding-right:var(--wp--preset--spacing--5-rem);padding-bottom:var(--wp--preset--spacing--5-rem);padding-left:var(--wp--preset--spacing--5-rem)\">\n<div class=\"wp-block-columns is-layout-flex wp-container-core-columns-is-layout-28f84493 wp-block-columns-is-layout-flex\">\n<div class=\"wp-block-column is-layout-flow wp-block-column-is-layout-flow\">\n<h3 class=\"wp-block-heading has-blue-20-color has-text-color has-headline-h-3-font-size\">\u00bfQu\u00e9 tareas cumplen las cabezas de sujeci\u00f3n SITEMA en una m\u00e1quina?<\/h3>\n\n\n\n<p>Pru\u00e9belo usted mismo en nuestra sala de exposiciones interactiva en 3D:<\/p>\n\n\n\n<ul class=\"wp-block-list\">\n<li>Vea los campos de aplicaci\u00f3n t\u00edpicos<\/li>\n\n\n\n<li>\u2022 Descubra c\u00f3mo se utilizan las cabezas de sujeci\u00f3n SITEMA en este campo<\/li>\n\n\n\n<li>\u2022 Proteja a los operarios de la instalaci\u00f3n<\/li>\n\n\n\n<li>\u2022 Descubra en vivo lo que pasa en caso de emergencia, con y sin cabeza de sujeci\u00f3n<\/li>\n\n\n\n<li>\u2022 Descubra innovadores conceptos de accionamiento con nuestro PowerStroke<\/li>\n<\/ul>\n\n\n\n<p>Tambi\u00e9n puede descargar gratuitamente las aplicaciones en su smartphone o tableta. Solo tiene que buscar \u00abSITEMA\u00bb en la tienda de aplicaciones de Android o Apple. <\/p>\n<\/div>\n<\/div>\n<\/section>\n","protected":false},"excerpt":{"rendered":"<p>\u00bfD\u00f3nde y c\u00f3mo se utilizan las cabezas de sujeci\u00f3n SITEMA? &#8211; Interactiva 3D-Simulaci\u00f3n (Funciona en las versiones actuales de MS Edge, Firefox, Chrome y Opera. Dependiendo de la velocidad de conexi\u00f3n, el tiempo de carga puede tardar unos minutos). \u00bfQu\u00e9 tareas cumplen las cabezas de sujeci\u00f3n SITEMA en una m\u00e1quina? Pru\u00e9belo usted mismo en nuestra [&hellip;]<\/p>\n","protected":false},"author":1,"featured_media":0,"parent":0,"menu_order":0,"comment_status":"closed","ping_status":"closed","template":"","meta":{"_acf_changed":false,"_seopress_robots_primary_cat":"","_seopress_titles_title":"Exploraci\u00f3n interactiva: Aplicaciones de los mandriles de expansi\u00f3n - %%sitetitle%%","_seopress_titles_desc":"Descubra en v\u00eddeos interactivos c\u00f3mo se utilizan los cabezales de sujeci\u00f3n SITEMA en diferentes escenarios. Proteja a los operarios y comprenda c\u00f3mo funcionan en situaciones de emergencia. ","_seopress_robots_index":"","footnotes":""},"class_list":["post-17106","page","type-page","status-publish","hentry"],"acf":[],"_links":{"self":[{"href":"https:\/\/www.sitema.de\/es\/wp-json\/wp\/v2\/pages\/17106","targetHints":{"allow":["GET"]}}],"collection":[{"href":"https:\/\/www.sitema.de\/es\/wp-json\/wp\/v2\/pages"}],"about":[{"href":"https:\/\/www.sitema.de\/es\/wp-json\/wp\/v2\/types\/page"}],"author":[{"embeddable":true,"href":"https:\/\/www.sitema.de\/es\/wp-json\/wp\/v2\/users\/1"}],"replies":[{"embeddable":true,"href":"https:\/\/www.sitema.de\/es\/wp-json\/wp\/v2\/comments?post=17106"}],"version-history":[{"count":1,"href":"https:\/\/www.sitema.de\/es\/wp-json\/wp\/v2\/pages\/17106\/revisions"}],"predecessor-version":[{"id":17107,"href":"https:\/\/www.sitema.de\/es\/wp-json\/wp\/v2\/pages\/17106\/revisions\/17107"}],"wp:attachment":[{"href":"https:\/\/www.sitema.de\/es\/wp-json\/wp\/v2\/media?parent=17106"}],"curies":[{"name":"wp","href":"https:\/\/api.w.org\/{rel}","templated":true}]}}