{"id":10766,"date":"2024-02-28T11:35:18","date_gmt":"2024-02-28T11:35:18","guid":{"rendered":"https:\/\/www.sitema.de\/proteccion-de-datos\/"},"modified":"2024-07-17T11:36:07","modified_gmt":"2024-07-17T11:36:07","slug":"proteccion-de-datos","status":"publish","type":"page","link":"https:\/\/www.sitema.de\/es\/proteccion-de-datos\/","title":{"rendered":"Protecci\u00f3n de datos"},"content":{"rendered":"\n<section class=\"wp-block-group alignfull header-generic has-global-padding is-layout-constrained wp-block-group-is-layout-constrained\" id=\"header-generic\">\n<div class=\"wp-block-cover alignfull\" style=\"min-height:350px;aspect-ratio:unset;\"><span aria-hidden=\"true\" class=\"wp-block-cover__background has-background-dim-30 has-background-dim wp-block-cover__gradient-background has-background-gradient\" style=\"background:linear-gradient(90deg,rgb(128,128,128) 0%,rgba(0,0,0,0) 100%)\"><\/span><img decoding=\"async\" class=\"wp-block-cover__image-background wp-image-801\" alt=\"\" src=\"https:\/\/www.sitema.de\/wp-content\/themes\/sitema\/assets\/images\/custom-header.jpg\" style=\"object-position:50% 50%\" data-object-fit=\"cover\" data-object-position=\"50% 50%\"\/><div class=\"wp-block-cover__inner-container has-global-padding is-layout-constrained wp-block-cover-is-layout-constrained\">\n<h1 class=\"wp-block-heading has-text-align-left has-blue-20-color has-text-color has-title-h-1-font-size\">DECLARACI\u00d3N DE PROTECCI\u00d3N DE DATOS<\/h1>\n<\/div><\/div>\n<\/section>\n\n<section id=\"block-content-image-gallery\" class=\"wp-block-group pattern__image-gallery has-white-background-color has-background has-global-padding is-layout-constrained wp-container-core-group-is-layout-8b30ac19 wp-block-group-is-layout-constrained\" style=\"padding-top:var(--wp--preset--spacing--5-rem);padding-right:var(--wp--preset--spacing--5-rem);padding-bottom:var(--wp--preset--spacing--5-rem);padding-left:var(--wp--preset--spacing--5-rem)\">\n<div class=\"wp-block-columns is-layout-flex wp-container-core-columns-is-layout-28f84493 wp-block-columns-is-layout-flex\">\n<div class=\"wp-block-column is-layout-flow wp-block-column-is-layout-flow\">\n<h2 class=\"wp-block-heading\">Protecci\u00f3n de datos<\/h2>\n\n\n\n<p>Los propietarios de estas p\u00e1ginas se toman la protecci\u00f3n de sus datos personales muy en serio. Tratamos sus datos personales confidencialmente y de acuerdo a las disposiciones legales de protecci\u00f3n de datos y a esta declaraci\u00f3n de protecci\u00f3n de datos. <\/p>\n\n\n\n<p>Le informamos sobre el procesamiento de sus datos personales por parte de SITEMA GmbH &amp; Co. KG y de los derechos que le corresponden en este contexto.<\/p>\n\n\n\n<h2 class=\"wp-block-heading\">A. El responsable del procesamiento de datos es<\/h2>\n\n\n\n<p>SITEMA GmbH &amp; Co. KG<\/p>\n\n\n\n<p>G.-Braun-Stra\u00dfe 13<\/p>\n\n\n\n<p>D-76187 Karlsruhe<\/p>\n\n\n\n<p>Tel\u00e9fono: +49 721 98661-0<\/p>\n\n\n\n<p>Puede contactar al Responsable de Protecci\u00f3n de Datos del Grupo por correo postal en la direcci\u00f3n anterior con el asunto \u00abResponsable de Protecci\u00f3n de Datos\u00bb o por correo electr\u00f3nico (datenschutz@sitema.de).<\/p>\n\n\n\n<h2 class=\"wp-block-heading\">B. Categor\u00edas de datos, prop\u00f3sitos y base legal del procesamiento<\/h2>\n\n\n\n<p>Procesamos sus datos personales que recibimos en el curso de las relaciones comerciales de usted o de terceros. Por lo general, son datos de contacto (nombre, direcci\u00f3n, n\u00famero de tel\u00e9fono y direcci\u00f3n de correo electr\u00f3nico) y, seg\u00fan sea necesario en el contexto de las transacciones comerciales, datos bancarios y de pago (tr\u00e1fico), (datos bancarios, datos de la cuenta y, prop\u00f3sito y, llegado el caso, informaci\u00f3n de tarjeta de cr\u00e9dito), informaci\u00f3n de fuentes p\u00fablicamente disponibles, bases de datos de informaci\u00f3n y agencias de referencia de cr\u00e9dito (ej. Internet, registro comercial, agencia de referencia crediticia) as\u00ed como otros datos que voluntariamente nos proporcione en el curso de la ejecuci\u00f3n de un proyecto o relaci\u00f3n contractual o como parte de la iniciaci\u00f3n de un contrato. <\/p>\n\n\n\n<p>Procesamos sus datos personales exclusivamente de conformidad con las disposiciones legales, en particular de conformidad con las disposiciones del Reglamento general de protecci\u00f3n de datos (\u00abRGPD\u00bb) y la Ley alemana de transposici\u00f3n y aplicaci\u00f3n de la protecci\u00f3n de datos UE (\u00abBDSG nuevo\u00bb).<\/p>\n\n\n\n<p>Procesamos sus datos personales para los fines legales descritos a continuaci\u00f3n y para<\/p>\n\n\n\n<ul class=\"wp-block-list\">\n<li>la iniciaci\u00f3n del contrato, la ejecuci\u00f3n del contrato y la terminaci\u00f3n de las relaciones contractuales (Art. 6 (1) (b) RGPD), p. ej., cumplimiento de un contrato (p. ej. entrega o prestaci\u00f3n de un servicio y procesamiento de pagos), comunicaci\u00f3n general con socios comerciales, por ejemplo, respuesta a consultas sobre productos y servicios, negociaciones contractuales, etc.<\/li>\n\n\n\n<li>sobre la base del consentimiento otorgado (art\u00edculo 6 (1) del RGPD), por ejemplo, env\u00edo de boletines informativos o cartas de informaci\u00f3n, participaci\u00f3n en campa\u00f1as de marketing o encuestas, etc.<\/li>\n\n\n\n<li>debido a requisitos legales (art\u00edculo 6 (1) (c) del RGPD), por ejemplo, para el cumplimiento de requisitos de retenci\u00f3n comerciales o relacionados con impuestos, para el cumplimiento de las obligaciones de informaci\u00f3n o divulgaci\u00f3n a las autoridades, etc.<\/li>\n\n\n\n<li>sobre la base de un inter\u00e9s leg\u00edtimo (art\u00edculo 6 (1) (f) del RGPD); por ejemplo, medidas para la seguridad inform\u00e1tica o medidas para garantizar operaciones comerciales adecuadas, salvaguardar la normativa corporativa, hacer valer reclamaciones jur\u00eddicas o para la defensa de disputas legales, garantizar los requisitos de cumplimiento, etc.<\/li>\n<\/ul>\n\n\n\n<p>Dado que tambi\u00e9n utilizamos los datos de contacto de las personas que ha designado como personas de contacto, le pedimos que transmita esta informaci\u00f3n tambi\u00e9n a los empleados relevantes de su empresa.<\/p>\n\n\n\n<p><strong>Datos personales que recopilamos cuando visita nuestro sitio web<\/strong><\/p>\n\n\n\n<p>Si utiliza nuestro sitio web con fines meramente informativos y no nos proporciona ning\u00fan tipo de informaci\u00f3n, tan solo recopilamos los datos personales que su navegador env\u00eda a nuestro servidor. <\/p>\n\n\n\n<p>Nuestro sitio web utiliza el software de c\u00f3digo abierto Matomo para recopilar datos de uso an\u00f3nimos para el sitio web de SITEMA.<\/p>\n\n\n\n<p>Los datos sobre el comportamiento de los visitantes se recopilan para identificar cualquier problema, como p\u00e1ginas no encontradas, problemas con los motores de b\u00fasqueda o p\u00e1ginas impopulares. En cuanto se procesan los datos (p. ej., el n\u00famero de visitantes que ven p\u00e1ginas de error, etc.), Matomo genera informes para los operadores del sitio web de modo que puedan actuar en consecuencia (p. ej., cambiando el dise\u00f1o, a\u00f1adiendo nuevos contenidos, etc.). <\/p>\n\n\n\n<p>Cuando consulta nuestro sitio web, recogemos los siguientes datos, algunos de los cuales son procesados por Matomo, identificados con \u00ab(M)\u00bb:<\/p>\n\n\n\n<ul class=\"wp-block-list\">\n<li>Direcci\u00f3n IP anonimizada (M)<\/li>\n\n\n\n<li>Pa\u00eds, regi\u00f3n, ciudad determinados con baja precisi\u00f3n a partir de la direcci\u00f3n IP anonimizada (p. ej., para determinar el idioma del sitio web y mostrar los datos de contacto del respectivo representante de SITEMA) (M)<\/li>\n\n\n\n<li>Fecha y hora de la consulta (M)<\/li>\n\n\n\n<li>Diferencia horaria respecto al tiempo medio de Greenwich (GMT)<\/li>\n\n\n\n<li>Contenido de la solicitud (p\u00e1gina concreta)<\/li>\n\n\n\n<li>T\u00edtulo de la p\u00e1gina consultada (M)<\/li>\n\n\n\n<li>URL de la p\u00e1gina consultada (M)<\/li>\n\n\n\n<li>URL de la p\u00e1gina anterior (si esta lo permite) (M)<\/li>\n\n\n\n<li>Estado de acceso o c\u00f3digo de estado HTTP<\/li>\n\n\n\n<li>Cantidad de datos transmitidos<\/li>\n\n\n\n<li>Sitio web desde el que ha llegado a nuestro sitio web (URL remitente)<\/li>\n\n\n\n<li>Tipo de navegador, incluidos el idioma y la versi\u00f3n utilizada<\/li>\n\n\n\n<li>Idioma principal del navegador (M)<\/li>\n\n\n\n<li>Agente de usuario del navegador (M)<\/li>\n\n\n\n<li>Sistema operativo<\/li>\n\n\n\n<li>Resoluci\u00f3n de pantalla (M)<\/li>\n\n\n\n<li>Archivos en los que se ha clicado y se han descargado (M)<\/li>\n\n\n\n<li>Enlaces externos (M)<\/li>\n\n\n\n<li>Duraci\u00f3n de la carga de la p\u00e1gina (M)<\/li>\n\n\n\n<li>Interacciones con formularios (para Matomo, no su contenido) (M)<\/li>\n<\/ul>\n\n\n\n<p>Los datos se almacenan en los archivos de registro de nuestro sistema. Estos datos no se guardan junto con ninguna otra informaci\u00f3n personal del usuario. Los datos son necesarios por motivos t\u00e9cnicos y nos permiten mostrarle nuestro sitio web y garantizar su estabilidad y seguridad. Para ello es necesario guardar la direcci\u00f3n IP del usuario durante toda la sesi\u00f3n. Los datos se almacenan en archivos de registro para asegurar el buen funcionamiento del sitio web. Adem\u00e1s, los datos nos sirven para optimizar el sitio web y garantizar la seguridad de nuestros sistemas inform\u00e1ticos.     <\/p>\n\n\n\n<p>Los datos se almacenan de conformidad con el art. 6, apdo. 1, letra f del RGPD. Nuestro inter\u00e9s leg\u00edtimo reside en la mejora, la estabilidad, la funcionalidad y la seguridad de nuestro sitio web.   <\/p>\n\n\n\n<p>Los datos se eliminan en cuanto dejan de ser necesarios para la finalidad para la que fueron recopilados. Si los datos se recogen para poder mostrar el sitio web, dejan de ser necesarios cuando termina la sesi\u00f3n. Si los datos se almacenan en archivos de registro, dejan de ser necesarios como m\u00e1ximo al cabo de siete d\u00edas. Es posible conservar las datos durante m\u00e1s tiempo. En tal caso, las direcciones IP se eliminan o se anonimizan para que ya no sea posible relacionarlas con el cliente que realiza la consulta. La recopilaci\u00f3n de los datos es necesaria para poder mostrar el sitio web. El almacenamiento de los datos en archivos de registro es necesario para el funcionamiento del sitio web. Por lo tanto, el usuario no tiene la posibilidad de oponerse. Si no est\u00e1 de acuerdo, le recomendamos que salga del sitio web.        <\/p>\n\n\n\n<h2 class=\"wp-block-heading\">C. Cookies<\/h2>\n\n\n\n<p>Para que nuestro sitio web resulte atractivo y puedan usarse determinadas funciones, utilizamos en varias p\u00e1ginas las llamadas cookies, peque\u00f1os archivos de texto que se guardan en su equipo o dispositivo. La \u00fanica cookie que utilizamos directamente se borra en cuanto cierra el navegador (lo que se denomina cookie de sesi\u00f3n).  <\/p>\n\n\n\n<p>Utilizamos Matomo (v\u00e9ase el apartado B) sin el uso de cookies.<\/p>\n\n\n\n<p>Adem\u00e1s, usamos las dos cookies descritas a continuaci\u00f3n:<\/p>\n\n\n\n<p><strong>Google reCAPTCHA<\/strong><\/p>\n\n\n\n<p>En nuestros formularios de contacto empleamos la funci\u00f3n reCAPTCHA de Google, que sirve principalmente para determinar si los datos los ha introducido una persona real o est\u00e1n siendo utilizados indebidamente por una m\u00e1quina o un proceso automatizado. El servicio implica que se env\u00eda a Google la direcci\u00f3n IP y, en su caso, otros datos necesarios para dicha funci\u00f3n.  <\/p>\n\n\n\n<p><strong>Google Maps<\/strong><\/p>\n\n\n\n<p>En nuestra p\u00e1gina de contacto utilizamos Google Maps, un servicio web de visualizaci\u00f3n de mapas interactivos que permite representar informaci\u00f3n geogr\u00e1fica. Gracias a dicho servicio podemos proporcionarle informaci\u00f3n sobre nuestros distribuidores internacionales y mostrarle, entre otros datos, nuestra ubicaci\u00f3n en Karlsruhe.  <\/p>\n\n\n\n<p>Google env\u00eda el contenido del mapa directamente a su navegador y este lo integra en la p\u00e1gina, por lo que no tenemos ning\u00fan control sobre los datos recabados por Google de esta manera. Por lo que sabemos, los datos que se env\u00edan incluyen como m\u00ednimo la direcci\u00f3n IP, la fecha y la hora de la visita a la p\u00e1gina consultada y la direcci\u00f3n web o URL de la p\u00e1gina a la que se ha accedido.  <\/p>\n\n\n\n<p>Encontrar\u00e1 m\u00e1s informaci\u00f3n sobre Google reCAPTCHA y Google Maps en estos enlaces de Google: ReCAPTCHA: <a href=\"https:\/\/www.google.com\/recaptcha\/\" target=\"_blank\" rel=\"noreferrer noopener\">https:\/\/www.google.com\/recaptcha\/<\/a> Maps: <a href=\"https:\/\/www.google.com\/intl\/de_US\/help\/terms_maps.html\" target=\"_blank\" rel=\"noreferrer noopener\">https:\/\/www.google.com\/intl\/es_US\/help\/terms_maps.html<\/a> Puede consultar la pol\u00edtica de privacidad de Google en <a href=\"https:\/\/policies.google.com\/privacy?hl=de\" target=\"_blank\" rel=\"noreferrer noopener\">https:\/\/policies.google.com\/privacy?hl=es<\/a>.<\/p>\n\n\n\n<p>Por lo general, puede configurar el navegador para que le avise cuando se guarden cookies y pueda decidir cu\u00e1les acepta y cu\u00e1les no o para que bloquee la instalaci\u00f3n de cookies en todos los casos o solo en algunos. Cada navegador gestiona los ajustes de cookies de manera diferente. En el men\u00fa de ayuda de su navegador encontrar\u00e1 informaci\u00f3n sobre c\u00f3mo modificar la configuraci\u00f3n de cookies.  <\/p>\n\n\n\n<p>Tenga en cuenta que si no acepta las cookies, es posible que nuestro sitio web no funcione correctamente. Puede cambiar la configuraci\u00f3n en cualquier momento en la pesta\u00f1a \u00abAjustes de cookies\u00bb. <\/p>\n\n\n\n<h2 class=\"wp-block-heading\">D. Aplicaciones SITEMA<\/h2>\n\n\n\n<p>Las aplicaciones SITEMA no recopilan datos personales. Necesitan acceso a las siguientes \u00e1reas de su m\u00f3vil: <\/p>\n\n\n\n<p><strong>Memoria del dispositivo<\/strong><\/p>\n\n\n\n<p>La memoria del dispositivo se utiliza para instalar la aplicaci\u00f3n y para almacenar temporalmente (almacenamiento en cach\u00e9) la informaci\u00f3n y los datos mostrados.<\/p>\n\n\n\n<p><strong>Idioma del dispositivo<\/strong><\/p>\n\n\n\n<p>El idioma del dispositivo se utiliza para adaptar el idioma mostrado en la aplicaci\u00f3n.<\/p>\n\n\n\n<h2 class=\"wp-block-heading\">E. Destinatarios o categor\u00edas de destinatarios de datos personales<\/h2>\n\n\n\n<p>Transferimos sus datos personales a las autoridades\/autoridades p\u00fablicas, si as\u00ed lo exige la legislaci\u00f3n prioritaria. Si es necesario, transmitiremos su informaci\u00f3n personal a empresas dentro de nuestro grupo de empresas si esto es necesario para cumplir con los prop\u00f3sitos establecidos en la secci\u00f3n B anterior.<\/p>\n\n\n\n<p>Para diversas transacciones comerciales, utilizamos proveedores de servicios externos como encargados del tratamiento en el sentido del art\u00edculo 28 del RGPD. Se han celebrado contratos de procesamiento de datos contractuales con estos proveedores de servicios para garantizar la protecci\u00f3n de sus datos personales. <\/p>\n\n\n\n<p>Los destinatarios descritos anteriormente tambi\u00e9n pueden estar ubicados en pa\u00edses fuera del \u00c1rea Econ\u00f3mica Europea (\u00abterceros pa\u00edses\u00bb). En terceros pa\u00edses, es posible que no se garantice el mismo nivel de protecci\u00f3n de datos que en el Espacio Econ\u00f3mico Europeo. Si la transmisi\u00f3n de datos tiene lugar en un tercer pa\u00eds, nos aseguramos de que esta transmisi\u00f3n se realice \u00fanicamente de conformidad con las disposiciones legales (cap\u00edtulo V del RGPD).  <\/p>\n\n\n\n<h2 class=\"wp-block-heading\">F. Duraci\u00f3n del almacenamiento<\/h2>\n\n\n\n<p>Como regla general, los datos personales se eliminar\u00e1n despu\u00e9s de la expiraci\u00f3n de los per\u00edodos de retenci\u00f3n legales (principalmente comerciales y fiscales). A menos que los datos personales se vean afectados por las obligaciones de retenci\u00f3n legal, ser\u00e1n eliminados si ya no son necesarios para los fines descritos en la secci\u00f3n B anterior. Puede existir un per\u00edodo de retenci\u00f3n diferente si ha prestado su consentimiento para ello al recopilar los datos.  <\/p>\n\n\n\n<h2 class=\"wp-block-heading\">G. Derechos afectados<\/h2>\n\n\n\n<p>Tiene derecho a obtener informaci\u00f3n sobre sus datos personales almacenados por nosotros, a corregir datos personales incorrectamente almacenados o, si corresponde, a cambiar o revocar su consentimiento para el procesamiento de datos en cualquier momento, incluso sin indicar los motivos, con efecto para el futuro, restringir el procesamiento de sus datos personales con efecto futuro, oponerse al procesamiento de sus datos personales con efecto futuro o solicitar la eliminaci\u00f3n de sus datos personales. Tiene derecho, en las condiciones definidas en el art\u00edculo 20 del RGPD a recibir los datos personales, que se hayan guardado, en un formato estructurado, com\u00fan y legible por m\u00e1quina y a transmitir estos datos a otra persona responsable sin impedimentos por nuestra parte. <\/p>\n\n\n\n<p>Adem\u00e1s, puede contactar con el Responsable de Protecci\u00f3n de Datos mencionado en la secci\u00f3n A. A efectos de evitar posibles casos de abuso, podemos solicitar que las consultas se firmen a mano o que el solicitante se legitime por otros medios. <\/p>\n\n\n\n<p>Usted tiene derecho a presentar una queja ante una autoridad supervisora de protecci\u00f3n de datos. La autoridad de control responsable en nuestro caso es: El comisionado estatal para la protecci\u00f3n de datos y la libertad de informaci\u00f3n (Der Landesbeauftragte f\u00fcr den Datenschutz und die Informationsfreiheit) de Baden-W\u00fcrttemberg, K\u00f6nigstra\u00dfe 10 a, 70173 Stuttgart <\/p>\n<\/div>\n<\/div>\n<\/section>\n","protected":false},"excerpt":{"rendered":"<p>Protecci\u00f3n de datos Los propietarios de estas p\u00e1ginas se toman la protecci\u00f3n de sus datos personales muy en serio. Tratamos sus datos personales confidencialmente y de acuerdo a las disposiciones legales de protecci\u00f3n de datos y a esta declaraci\u00f3n de protecci\u00f3n de datos. Le informamos sobre el procesamiento de sus datos personales por parte de [&hellip;]<\/p>\n","protected":false},"author":1,"featured_media":0,"parent":0,"menu_order":0,"comment_status":"closed","ping_status":"closed","template":"","meta":{"_acf_changed":false,"_seopress_robots_primary_cat":"","_seopress_titles_title":"Protecci\u00f3n de datos - %%sitetitle%%","_seopress_titles_desc":"Descubra c\u00f3mo protegemos sus datos con nuestra pol\u00edtica de privacidad. En nuestra p\u00e1gina de protecci\u00f3n de datos encontrar\u00e1s informaci\u00f3n detallada sobre c\u00f3mo tratamos y protegemos tus datos personales. ","_seopress_robots_index":"","footnotes":""},"class_list":["post-10766","page","type-page","status-publish","hentry"],"acf":[],"_links":{"self":[{"href":"https:\/\/www.sitema.de\/es\/wp-json\/wp\/v2\/pages\/10766","targetHints":{"allow":["GET"]}}],"collection":[{"href":"https:\/\/www.sitema.de\/es\/wp-json\/wp\/v2\/pages"}],"about":[{"href":"https:\/\/www.sitema.de\/es\/wp-json\/wp\/v2\/types\/page"}],"author":[{"embeddable":true,"href":"https:\/\/www.sitema.de\/es\/wp-json\/wp\/v2\/users\/1"}],"replies":[{"embeddable":true,"href":"https:\/\/www.sitema.de\/es\/wp-json\/wp\/v2\/comments?post=10766"}],"version-history":[{"count":1,"href":"https:\/\/www.sitema.de\/es\/wp-json\/wp\/v2\/pages\/10766\/revisions"}],"predecessor-version":[{"id":10767,"href":"https:\/\/www.sitema.de\/es\/wp-json\/wp\/v2\/pages\/10766\/revisions\/10767"}],"wp:attachment":[{"href":"https:\/\/www.sitema.de\/es\/wp-json\/wp\/v2\/media?parent=10766"}],"curies":[{"name":"wp","href":"https:\/\/api.w.org\/{rel}","templated":true}]}}