{"id":10721,"date":"2024-03-11T16:21:06","date_gmt":"2024-03-11T15:21:06","guid":{"rendered":"https:\/\/www.sitema.de\/empresa\/siforce-technology\/"},"modified":"2025-01-22T13:53:47","modified_gmt":"2025-01-22T13:53:47","slug":"siforce-technology","status":"publish","type":"page","link":"https:\/\/www.sitema.de\/es\/empresa\/siforce-technology\/","title":{"rendered":"SiForce Technology"},"content":{"rendered":"\n<section class=\"wp-block-group alignfull header-generic has-global-padding is-layout-constrained wp-block-group-is-layout-constrained\" id=\"header-generic\">\n<div class=\"wp-block-cover alignfull\" style=\"min-height:350px;aspect-ratio:unset;\"><span aria-hidden=\"true\" class=\"wp-block-cover__background has-background-dim-30 has-background-dim wp-block-cover__gradient-background has-background-gradient\" style=\"background:linear-gradient(90deg,rgb(128,128,128) 0%,rgba(0,0,0,0) 100%)\"><\/span><img decoding=\"async\" width=\"1180\" height=\"330\" class=\"wp-block-cover__image-background wp-image-9466\" alt=\"\" src=\"https:\/\/www.sitema.de\/wp-content\/uploads\/siforce-tec\/siforce.jpeg\" data-object-fit=\"cover\" srcset=\"https:\/\/www.sitema.de\/wp-content\/uploads\/siforce-tec\/siforce.jpeg 1180w, https:\/\/www.sitema.de\/wp-content\/uploads\/siforce-tec\/siforce-300x84.jpeg 300w, https:\/\/www.sitema.de\/wp-content\/uploads\/siforce-tec\/siforce-1024x286.jpeg 1024w, https:\/\/www.sitema.de\/wp-content\/uploads\/siforce-tec\/siforce-768x215.jpeg 768w\" sizes=\"(max-width: 1180px) 100vw, 1180px\" \/><div class=\"wp-block-cover__inner-container has-global-padding is-layout-constrained wp-block-cover-is-layout-constrained\">\n<h1 class=\"wp-block-heading has-text-align-left has-blue-20-color has-text-color has-title-h-1-font-size\">UNA BUENA DOSIS DE<\/h1>\n\n\n\n<h2 class=\"wp-block-heading has-text-align-left has-blue-20-color has-text-color has-headline-h-2-font-size\">SEGURIDAD<\/h2>\n<\/div><\/div>\n<\/section>\n\n\n\n<div class=\"wp-block-group siforce-text-block box-shadow is-style-overlap border-radius-4 has-global-padding is-layout-constrained wp-block-group-is-layout-constrained\" style=\"margin-bottom:var(--wp--preset--spacing--5-rem)\">\n<div class=\"wp-block-media-text is-stacked-on-mobile has-background\" style=\"background-color:#f1f1f1;margin-top:0;margin-bottom:0;padding-top:0;padding-bottom:0\"><figure class=\"wp-block-media-text__media\"><img decoding=\"async\" width=\"648\" height=\"350\" src=\"https:\/\/www.sitema.de\/wp-content\/uploads\/siforce-tec\/product-extra-1.jpg\" alt=\"\" class=\"wp-image-13250 size-full\"\/><\/figure><div class=\"wp-block-media-text__content\">\n<h3 class=\"wp-block-heading\" style=\"margin-top:var(--wp--preset--spacing--4-rem)\">Una marca fuerte para una tecnolog\u00eda \u00fanica<\/h3>\n\n\n\n<p style=\"margin-bottom:var(--wp--preset--spacing--3-rem)\">La tecnolog\u00eda mundialmente probada de los mecanismos de sujeci\u00f3n autorreforzantes se ha labrado un nombre gracias al cual, por medio del reconocimiento de marca, podemos crear un mercado transparente para las unidades de sujeci\u00f3n y los frenos lineales. A este respecto, la SiForce Technology no solo est\u00e1 estrechamente vinculada con la seguridad, sino tambi\u00e9n con el principio autorreforzante.  <\/p>\n\n\n\n<p class=\"has-orange-50-color has-text-color\"><strong>Una buena dosis de seguridad para personas y m\u00e1quinas<\/strong><\/p>\n\n\n\n<p style=\"margin-bottom:var(--wp--preset--spacing--4-rem)\">El principal campo de aplicaci\u00f3n de los mecanismos de sujeci\u00f3n autorreforzantes, que se emplean en todo el mundo para garantizar la m\u00e1xima seguridad de las m\u00e1quinas y, sobre todo, de las personas, es el aseguramiento de grandes fuerzas y cargas axiales. Nuestra prioridad no es solo la fiabilidad absoluta, sino tambi\u00e9n la calidad, que permite alargar la vida \u00fatil de las cabezas de sujeci\u00f3n.  <\/p>\n<\/div><\/div>\n\n\n\n<div class=\"wp-block-media-text has-media-on-the-right is-stacked-on-mobile has-background\" style=\"background-color:#14abe0;margin-top:0;margin-bottom:0\"><div class=\"wp-block-media-text__content\">\n<h3 class=\"wp-block-heading\" style=\"margin-top:var(--wp--preset--spacing--4-rem)\">Las ventajas, de un vistazo<\/h3>\n\n\n\n<ul class=\"wp-block-list\">\n<li>El mecanismo no puede liberarse si est\u00e1 cargado, lo que evita accidentes.<\/li>\n\n\n\n<li>Cuando el sistema de sujeci\u00f3n est\u00e1 cerrado y sin carga (estado seguro), basta con aplicar presi\u00f3n para liberarlo, sin necesidad de elevar la carga.<\/li>\n\n\n\n<li>Cuando la cabeza de sujeci\u00f3n est\u00e1 cargada (por ejemplo, tras una parada de emergencia), no puede liberarse hasta que deja de soportar la carga, lo que garantiza el traspaso autom\u00e1tico seguro de la carga a otro sistema (por ejemplo, un accionamiento). Para descargar la cabeza basta con levantar la carga; no se necesita fuerza adicional ni es necesario \u00abdesbloquearla\u00bb. <\/li>\n\n\n\n<li>Todo ello garantiza tambi\u00e9n una liberaci\u00f3n autom\u00e1tica suave cuando se utiliza el mecanismo en un cilindro.<\/li>\n\n\n\n<li>Aunque el mecanismo de sujeci\u00f3n est\u00e9 cerrado, puede moverse hacia arriba en todo momento, por ejemplo, para liberar a una persona atrapada.<\/li>\n\n\n\n<li>El sistema de sujeci\u00f3n solo soporta la carga cuando es realmente necesario.<\/li>\n\n\n\n<li>Esto alarga su vida \u00fatil (valores B<sub>10D<\/sub> de hasta 6 millones).<\/li>\n\n\n\n<li>Factor de seguridad superior a > 2 incluido.<\/li>\n\n\n\n<li>Las cargas de hasta 220 kN pueden asegurarse tambi\u00e9n neum\u00e1ticamente.<\/li>\n<\/ul>\n\n\n\n<p class=\"has-orange-50-color has-text-color has-link-color wp-elements-7fade94e3a6020b2ae13769c574b20ad\" style=\"margin-bottom:var(--wp--preset--spacing--4-rem)\"><strong>Siga leyendo para conocer en detalle cada uno de estos puntos.<\/strong><\/p>\n<\/div><figure class=\"wp-block-media-text__media\"><img decoding=\"async\" width=\"800\" height=\"640\" src=\"https:\/\/www.sitema.de\/wp-content\/uploads\/siforce-tec\/siforce-2-2.jpg\" alt=\"\" class=\"wp-image-13877 size-full\"\/><\/figure><\/div>\n\n\n\n<div class=\"wp-block-media-text is-stacked-on-mobile has-background\" style=\"background-color:#e1e6ea;margin-top:0;margin-bottom:0\"><figure class=\"wp-block-media-text__media\"><img decoding=\"async\" width=\"767\" height=\"511\" src=\"https:\/\/www.sitema.de\/wp-content\/uploads\/siforce-tec\/Bild-1-spanisch.png\" alt=\"\" class=\"wp-image-17208 size-full\"\/><\/figure><div class=\"wp-block-media-text__content\">\n<h3 class=\"wp-block-heading\" style=\"margin-top:var(--wp--preset--spacing--4-rem)\">Larga vida \u00fatil<\/h3>\n\n\n\n<p style=\"margin-bottom:var(--wp--preset--spacing--4-rem)\">En las unidades de sujeci\u00f3n accionadas por resorte sin SiForce Technology, la fuerza de retenci\u00f3n es generada por resortes de disco o helicoidales que presionan el sistema contra el v\u00e1stago de cierre. La fuerza es siempre la misma y depende exclusivamente de los resortes. Por lo tanto, cada vez que se acciona el mecanismo, se aplica toda la fuerza de retenci\u00f3n y el desgaste es mayor.  <br><br>En los mecanismos de sujeci\u00f3n autorreforzantes con SiForce Technology tambi\u00e9n se usan resortes, pero estos tienen una fuerza mucho menor que la fuerza de retenci\u00f3n y solo sirven para posicionar correctamente el sistema de sujeci\u00f3n de manera segura. No intervienen en la generaci\u00f3n de la fuerza de retenci\u00f3n, por lo que cuando el sistema se utiliza meramente para asegurar la carga, apenas soporta ning\u00fan esfuerzo, mientras que cuando recibe una carga, tan solo ha de soportar su peso. De esta manera, las cabezas de sujeci\u00f3n con SiForce Technology duran mucho m\u00e1s que los mecanismos de sujeci\u00f3n accionados por resorte que carecen de esta tecnolog\u00eda.     <\/p>\n<\/div><\/div>\n\n\n\n<div class=\"wp-block-media-text has-media-on-the-right is-stacked-on-mobile has-background\" style=\"background-color:#e1e6ea;margin-top:0;margin-bottom:0\"><div class=\"wp-block-media-text__content\">\n<h3 class=\"wp-block-heading\" style=\"margin-top:var(--wp--preset--spacing--4-rem)\">Dise\u00f1o compacto<\/h3>\n\n\n\n<p style=\"margin-bottom:var(--wp--preset--spacing--4-rem)\">Como ya no se necesitan grandes paquetes de resortes, las cabezas de sujeci\u00f3n con SiForce Technology son muy compactas. Por ejemplo, para asegurar 6 toneladas de carga con un factor de seguridad superior a 2, una unidad convencional accionada por resorte sin SiForce Technology ocupa unos 220 mm de di\u00e1metro por unos 315 mm de largo. En cambio, una cabeza de sujeci\u00f3n SiForce (como el dispositivo antica\u00edda KR 56 de SITEMA) es mucho m\u00e1s peque\u00f1a: \u00a1solo 140 mm de di\u00e1metro y 262 mm de longitud! <\/p>\n<\/div><figure class=\"wp-block-media-text__media\"><img decoding=\"async\" width=\"767\" height=\"511\" src=\"https:\/\/www.sitema.de\/wp-content\/uploads\/siforce-tec\/Bild-2-spanisch.png\" alt=\"\" class=\"wp-image-17219 size-full\"\/><\/figure><\/div>\n\n\n\n<div class=\"wp-block-media-text is-stacked-on-mobile has-background\" style=\"background-color:#e1e6ea;margin-top:0;margin-bottom:0\"><figure class=\"wp-block-media-text__media\"><img decoding=\"async\" width=\"660\" height=\"418\" src=\"https:\/\/www.sitema.de\/wp-content\/uploads\/siforce-tec\/siforce-5.jpg\" alt=\"\" class=\"wp-image-9363 size-full\" srcset=\"https:\/\/www.sitema.de\/wp-content\/uploads\/siforce-tec\/siforce-5.jpg 660w, https:\/\/www.sitema.de\/wp-content\/uploads\/siforce-tec\/siforce-5-300x190.jpg 300w\" sizes=\"(max-width: 660px) 100vw, 660px\" \/><\/figure><div class=\"wp-block-media-text__content\">\n<h3 class=\"wp-block-heading\" style=\"margin-top:var(--wp--preset--spacing--4-rem)\">Fuerza de elefante tambi\u00e9n neum\u00e1tica<\/h3>\n\n\n\n<p style=\"margin-bottom:var(--wp--preset--spacing--4-rem)\">Para abrir y mantener abierto un freno lineal accionado por resorte sin SiForce Technology, debe superarse cada vez la fuerza de retenci\u00f3n m\u00e1xima. As\u00ed pues, este principio de funcionamiento limita el accionamiento neum\u00e1tico a fuerzas de retenci\u00f3n relativamente bajas. <br><br>Con la SiForce Technology, la presi\u00f3n de liberaci\u00f3n \u00fanicamente debe superar el peso relativamente reducido del sistema de sujeci\u00f3n c\u00f3nico o en forma de cu\u00f1a y la fuerza relativamente baja de los resortes que posicionan el sistema. Gracias a ello, los dispositivos antica\u00edda de SITEMA con la tecnolog\u00eda SiForce son capaces de asegurar cargas de hasta 22 toneladas de forma 100 % neum\u00e1tica. <\/p>\n<\/div><\/div>\n\n\n\n<div class=\"wp-block-media-text has-media-on-the-right is-stacked-on-mobile has-background\" style=\"background-color:#e1e6ea;margin-top:0;margin-bottom:0\"><div class=\"wp-block-media-text__content\">\n<h3 class=\"wp-block-heading\" style=\"margin-top:var(--wp--preset--spacing--4-rem)\">Factor de seguridad<\/h3>\n\n\n\n<p>Las cabezas de sujeci\u00f3n SITEMA homologadas con SiForce Technology (dispositivos antica\u00edda y frenos de seguridad) tienen una carga admisible. A este respecto, la homologaci\u00f3n de la DGUV exige una fuerza de retenci\u00f3n m\u00ednima garantizada de factor 2, lo que supone que el sistema debe poder absorber el doble de la carga nominal.<\/p>\n\n\n\n<p style=\"margin-bottom:var(--wp--preset--spacing--4-rem)\">Las normas internas de SITEMA exigen incluso un factor de seguridad mucho mayor. As\u00ed, un dispositivo antica\u00edda KR 40 o KRP 40 con SiForce Technology con una carga nominal de 3,3 toneladas tiene una fuerza de retenci\u00f3n efectiva de m\u00e1s de 10 toneladas. \u00a1Casi nada! <\/p>\n<\/div><figure class=\"wp-block-media-text__media\"><img decoding=\"async\" width=\"1024\" height=\"652\" src=\"https:\/\/www.sitema.de\/wp-content\/uploads\/siforce-tec\/Bild-3-spanisch-1024x652.png\" alt=\"\" class=\"wp-image-17230 size-full\"\/><\/figure><\/div>\n\n\n\n<div class=\"wp-block-media-text is-stacked-on-mobile has-background\" style=\"background-color:#14abe0;margin-top:0;margin-bottom:0\"><figure class=\"wp-block-media-text__media\"><img decoding=\"async\" width=\"660\" height=\"508\" src=\"https:\/\/www.sitema.de\/wp-content\/uploads\/siforce-tec\/siforce-7.jpg\" alt=\"\" class=\"wp-image-9341 size-full\" srcset=\"https:\/\/www.sitema.de\/wp-content\/uploads\/siforce-tec\/siforce-7.jpg 660w, https:\/\/www.sitema.de\/wp-content\/uploads\/siforce-tec\/siforce-7-300x231.jpg 300w\" sizes=\"(max-width: 660px) 100vw, 660px\" \/><\/figure><div class=\"wp-block-media-text__content\">\n<h3 class=\"wp-block-heading\" style=\"margin-top:var(--wp--preset--spacing--4-rem)\">Rescate de personas<\/h3>\n\n\n\n<p style=\"margin-bottom:var(--wp--preset--spacing--4-rem)\">Al igual que muchas m\u00e1quinas en las que se instalan frenos lineales, numerosas unidades de sujeci\u00f3n utilizan presi\u00f3n hidr\u00e1ulica o neum\u00e1tica para mantenerse abiertas. Cuando se produce una ca\u00edda de presi\u00f3n en el sistema, el mecanismo de sujeci\u00f3n se cierra. Si esto ocurre debido a un fallo de funcionamiento, la carga soportada por las unidades de sujeci\u00f3n accionadas por resorte sin SiForce Technology solo puede moverse venciendo su fuerza de re-tenci\u00f3n total, lo que muchas veces es imposible.  <br><br>En cambio, en las cabezas de sujeci\u00f3n con SiForce Technology, el eje puede desplazarse siempre en direcci\u00f3n contraria a la carga aun estando despresurizado, es decir, cerrado. As\u00ed, en caso de duda, las personas atrapadas pueden ser liberadas de forma m\u00e1s f\u00e1cil y r\u00e1pida, lo que puede llegar a salvar vidas. <\/p>\n<\/div><\/div>\n\n\n\n<div class=\"wp-block-media-text has-media-on-the-right is-stacked-on-mobile has-background\" style=\"background-color:#e1e6ea;margin-top:0;margin-bottom:0\"><div class=\"wp-block-media-text__content\">\n<h3 class=\"wp-block-heading\" style=\"margin-top:var(--wp--preset--spacing--4-rem)\">Funcionamiento<\/h3>\n\n\n\n<p>Para sostener una carga descendente, los sistema de sujeci\u00f3n autorreforzantes no obtienen su fuerza de resortes, sino de la energ\u00eda de la propia carga. En las aplicaciones horizontales aprovechan la fuerza de accionamiento que se quiere asegurar. Las cabezas de sujeci\u00f3n SiForce se mantienen abiertas mediante presi\u00f3n hidr\u00e1ulica o neum\u00e1tica y se despresurizan para cerrar el mecanismo.   <br>Cuando se asegura una carga en el modo de servicio normal, el accionamiento de la m\u00e1quina se encarga de detenerla y la cabeza de sujeci\u00f3n la asegura de forma adicional.<br>Para ello, el sistema de sujeci\u00f3n act\u00faa primero \u00fanicamente en el v\u00e1stago sin generar ninguna fuerza de retenci\u00f3n. En este estado, sin embargo, la carga ya est\u00e1 asegurada, lo que se indica mediante una se\u00f1al en la cabeza de sujeci\u00f3n. En este caso es posible liberar el mecanismo de sujeci\u00f3n con solo aplicar presi\u00f3n.  <\/p>\n\n\n\n<p>Mayor fuerza de retenci\u00f3n<\/p>\n\n\n\n<p style=\"margin-bottom:var(--wp--preset--spacing--4-rem)\">Si el freno de servicio o el accionamiento fallan, es decir, si la carga desciende aun estando asegurada con el mecanismo activado, el sistema de sujeci\u00f3n se contrae y genera una alt\u00edsima fuerza de retenci\u00f3n autorreforzante. Cuanto mayor sea la fuerza axial, mayores ser\u00e1n la sujeci\u00f3n y la fuerza de retenci\u00f3n. <\/p>\n<\/div><figure class=\"wp-block-media-text__media\"><img decoding=\"async\" width=\"533\" height=\"260\" src=\"https:\/\/www.sitema.de\/wp-content\/uploads\/grafiken-animationen\/siforce-8.png\" alt=\"\" class=\"wp-image-13862 size-full\"\/><\/figure><\/div>\n\n\n\n<div class=\"wp-block-media-text is-stacked-on-mobile has-background\" style=\"background-color:#e1e6ea;margin-top:0;margin-bottom:0\"><figure class=\"wp-block-media-text__media\"><img decoding=\"async\" width=\"660\" height=\"508\" src=\"https:\/\/www.sitema.de\/wp-content\/uploads\/siforce-tec\/siforce-9.jpg\" alt=\"\" class=\"wp-image-9319 size-full\" srcset=\"https:\/\/www.sitema.de\/wp-content\/uploads\/siforce-tec\/siforce-9.jpg 660w, https:\/\/www.sitema.de\/wp-content\/uploads\/siforce-tec\/siforce-9-300x231.jpg 300w\" sizes=\"(max-width: 660px) 100vw, 660px\" \/><\/figure><div class=\"wp-block-media-text__content\">\n<h3 class=\"wp-block-heading\" style=\"margin-top:var(--wp--preset--spacing--4-rem)\">Seguridad absoluta contra fallos<\/h3>\n\n\n\n<p style=\"margin-bottom:var(--wp--preset--spacing--4-rem)\">Mientras que un freno lineal accionado por resorte sin SiForce Technology puede abrirse en cualquier momento cuando se produce un fallo de funcionamiento o de manejo, incluso estando bajo carga, en los sistemas con SiForce Technology primero debe traspasarse la carga de forma segura a otro lugar. Entonces y solo entonces puede abrirse el mecanismo de sujeci\u00f3n, que primero debe aligerarse levantando la carga. Por regla general, esto solo es posible si hay alg\u00fan elemento que reciba la carga, como el accionamiento intacto de la m\u00e1quina. De esta forma, la SiForce Technology garantiza autom\u00e1ticamente que es seguro liberar el mecanismo de sujeci\u00f3n, ya que no es posible hacerlo sin que la carga est\u00e9 suspendida en otro lugar. Un apunte: si la cabeza de sujeci\u00f3n con SiForce Technology \u00absolamente\u00bb ha asegurado la carga, pero a\u00fan no la est\u00e1 soportando, puede abrirse simplemente aplicando presi\u00f3n, igual que un freno lineal accionado por resorte.    <\/p>\n<\/div><\/div>\n\n\n\n<div class=\"wp-block-media-text has-media-on-the-right is-stacked-on-mobile has-background\" style=\"background-color:#f1f1f1;margin-top:0;margin-bottom:0\"><div class=\"wp-block-media-text__content\">\n<h3 class=\"wp-block-heading\" style=\"margin-top:var(--wp--preset--spacing--4-rem)\">Sin necesidad de desbloqueo<\/h3>\n\n\n\n<p>Dentro del sector circula el mito de que los sistemas de sujeci\u00f3n autorreforzantes deben \u00abdesbloquearse\u00bb siempre, lo que es un inconveniente. Sin embargo, esto no es cierto. Ni existe la necesidad de \u00abdesbloqueo\u00bb ni puede considerarse una desventaja la protecci\u00f3n contra la liberaci\u00f3n accidental como parte de un an\u00e1lisis de seguridad.  <\/p>\n\n\n\n<p class=\"has-orange-50-color has-text-color has-link-color wp-elements-2000e41239fb9ccf9751a9a77eb7bb1a\" style=\"margin-bottom:var(--wp--preset--spacing--4-rem)\"><strong>Por eso, siempre que utilice un freno lineal, aseg\u00farese de que tenga el Logotipo SiForce para garantizar la m\u00e1xima protecci\u00f3n para los usuarios de su instalaci\u00f3n.<\/strong><\/p>\n<\/div><figure class=\"wp-block-media-text__media\"><img decoding=\"async\" width=\"648\" height=\"350\" src=\"https:\/\/www.sitema.de\/wp-content\/uploads\/siforce-tec\/product-extra-1.jpg\" alt=\"\" class=\"wp-image-13250 size-full\"\/><\/figure><\/div>\n<\/div>\n","protected":false},"excerpt":{"rendered":"<p>Una marca fuerte para una tecnolog\u00eda \u00fanica La tecnolog\u00eda mundialmente probada de los mecanismos de sujeci\u00f3n autorreforzantes se ha labrado un nombre gracias al cual, por medio del reconocimiento de marca, podemos crear un mercado transparente para las unidades de sujeci\u00f3n y los frenos lineales. A este respecto, la SiForce Technology no solo est\u00e1 estrechamente [&hellip;]<\/p>\n","protected":false},"author":1,"featured_media":0,"parent":10415,"menu_order":0,"comment_status":"closed","ping_status":"closed","template":"","meta":{"_acf_changed":false,"_seopress_robots_primary_cat":"","_seopress_titles_title":"SiForce Technology - %%sitetitle%%","_seopress_titles_desc":"Descubra SiForce Technology, una marca l\u00edder en tecnolog\u00eda de sujeci\u00f3n. Nuestros productos garantizan la m\u00e1xima seguridad para el hombre y la m\u00e1quina y ofrecen ventajas como la prevenci\u00f3n de accidentes, el desbloqueo autom\u00e1tico seguro y una larga vida \u00fatil.","_seopress_robots_index":"","footnotes":""},"class_list":["post-10721","page","type-page","status-publish","hentry"],"acf":[],"_links":{"self":[{"href":"https:\/\/www.sitema.de\/es\/wp-json\/wp\/v2\/pages\/10721","targetHints":{"allow":["GET"]}}],"collection":[{"href":"https:\/\/www.sitema.de\/es\/wp-json\/wp\/v2\/pages"}],"about":[{"href":"https:\/\/www.sitema.de\/es\/wp-json\/wp\/v2\/types\/page"}],"author":[{"embeddable":true,"href":"https:\/\/www.sitema.de\/es\/wp-json\/wp\/v2\/users\/1"}],"replies":[{"embeddable":true,"href":"https:\/\/www.sitema.de\/es\/wp-json\/wp\/v2\/comments?post=10721"}],"version-history":[{"count":7,"href":"https:\/\/www.sitema.de\/es\/wp-json\/wp\/v2\/pages\/10721\/revisions"}],"predecessor-version":[{"id":66761,"href":"https:\/\/www.sitema.de\/es\/wp-json\/wp\/v2\/pages\/10721\/revisions\/66761"}],"up":[{"embeddable":true,"href":"https:\/\/www.sitema.de\/es\/wp-json\/wp\/v2\/pages\/10415"}],"wp:attachment":[{"href":"https:\/\/www.sitema.de\/es\/wp-json\/wp\/v2\/media?parent=10721"}],"curies":[{"name":"wp","href":"https:\/\/api.w.org\/{rel}","templated":true}]}}