{"id":10415,"date":"2024-03-11T16:04:56","date_gmt":"2024-03-11T15:04:56","guid":{"rendered":"https:\/\/www.sitema.de\/empresa\/"},"modified":"2025-05-02T14:25:51","modified_gmt":"2025-05-02T12:25:51","slug":"empresa","status":"publish","type":"page","link":"https:\/\/www.sitema.de\/es\/empresa\/","title":{"rendered":"Empresa"},"content":{"rendered":"\n<section class=\"wp-block-group alignfull header-generic has-global-padding is-layout-constrained wp-block-group-is-layout-constrained\" id=\"header-generic\">\n<div class=\"wp-block-cover alignfull\" style=\"min-height:350px;aspect-ratio:unset;\"><span aria-hidden=\"true\" class=\"wp-block-cover__background has-background-dim wp-block-cover__gradient-background has-background-gradient\" style=\"background:linear-gradient(90deg,rgb(128,128,128) 0%,rgba(0,0,0,0) 100%)\"><\/span><img decoding=\"async\" width=\"1600\" height=\"800\" class=\"wp-block-cover__image-background wp-image-17962\" alt=\"\" src=\"https:\/\/www.sitema.de\/wp-content\/uploads\/unternehmen\/unternehmen_halle.jpg\" style=\"object-position:53% 61%\" data-object-fit=\"cover\" data-object-position=\"53% 61%\"\/><div class=\"wp-block-cover__inner-container has-global-padding is-layout-constrained wp-block-cover-is-layout-constrained\">\n<h1 class=\"wp-block-heading has-text-align-left has-blue-20-color has-text-color has-title-h-1-font-size\"><strong>Empresa<\/strong><\/h1>\n<\/div><\/div>\n<\/section>\n\n\n\n<div class=\"wp-block-group is-style-overlap has-global-padding is-layout-constrained wp-block-group-is-layout-constrained\">\r\n<section id=\"company-accordion\" class=\"company-accordion-container\">\r\n            <div class=\"company-accordion\">\r\n            <button type=\"button\">\r\n                <img decoding=\"async\" src=\"https:\/\/www.sitema.de\/wp-content\/themes\/sitema\/assets\/images\/icon-company-1.jpg\">\r\n                <h3>La transparencia nos hace triunfar<\/h3>\r\n            <\/button>\r\n            <div class=\"company-accordion-content\">\r\n                <p>La sede de nuestra empresa est\u00e1 construida como nosotros trabajamos: directa y transparente. Con una arquitectura abierta que crea conexiones y ofrece una visi\u00f3n clara. Con un concepto espacial que fomenta el trabajo en equipo y nos permite concentrarnos en nuestro \u00e9xito conjunto.<\/p>\r\n            <\/div>\r\n        <\/div>\r\n            <div class=\"company-accordion\">\r\n            <button type=\"button\">\r\n                <img decoding=\"async\" src=\"https:\/\/www.sitema.de\/wp-content\/themes\/sitema\/assets\/images\/icon-company-2.jpg\">\r\n                <h3>Hacemos todo lo posible por su seguridad<\/h3>\r\n            <\/button>\r\n            <div class=\"company-accordion-content\">\r\n                <p>Desarrollo y dise\u00f1o. Gesti\u00f3n de proyectos y contacto con el cliente. Producci\u00f3n y montaje. Inspecci\u00f3n y expedici\u00f3n. No entregamos su seguridad: la realizamos consecuentemente bajo nuestra propia direcci\u00f3n.<\/p>\r\n            <\/div>\r\n        <\/div>\r\n            <div class=\"company-accordion\">\r\n            <button type=\"button\">\r\n                <img decoding=\"async\" src=\"https:\/\/www.sitema.de\/wp-content\/themes\/sitema\/assets\/images\/icon-company-3.jpg\">\r\n                <h3>Nuestros valores garantizan la confianza<\/h3>\r\n            <\/button>\r\n            <div class=\"company-accordion-content\">\r\n                <p>\u00abEl cumplimiento de las expectativas de calidad de nuestros clientes es la m\u00e1xima prioridad en todos los procesos de la empresa\u00bb: este principio b\u00e1sico de nuestra filosof\u00eda demuestra que la calidad es un principio empresarial al que nos adherimos.<\/p>\r\n            <\/div>\r\n        <\/div>\r\n    <\/section><\/div>\n\n\n\n<div class=\"wp-block-group has-white-background-color has-background has-global-padding is-layout-constrained wp-container-core-group-is-layout-21e5db97 wp-block-group-is-layout-constrained\" style=\"border-radius:4px;margin-top:var(--wp--preset--spacing--4-rem);margin-bottom:0;padding-top:var(--wp--preset--spacing--4-rem);padding-right:var(--wp--preset--spacing--4-rem);padding-bottom:var(--wp--preset--spacing--4-rem);padding-left:var(--wp--preset--spacing--4-rem)\">\n<h3 class=\"wp-block-heading\">La empresa de la seguridad<\/h3>\n\n\n\n<div class=\"wp-block-columns is-layout-flex wp-container-core-columns-is-layout-28f84493 wp-block-columns-is-layout-flex\">\n<div class=\"wp-block-column is-layout-flow wp-block-column-is-layout-flow\" style=\"flex-basis:100%\">\n<h5 class=\"wp-block-heading has-orange-50-color has-text-color has-link-color wp-elements-2770bf11cea3a4bc92f824961eb05878\">Somos los expertos<\/h5>\n\n\n\n<p>SITEMA es la \u00fanica empresa del mundo especializada exclusivamente en el desarrollo y la fabricaci\u00f3n de cabezas de sujeci\u00f3n y frenos lineales para v\u00e1stagos redondos. Gracias a esta especializaci\u00f3n, SITEMA es un proveedor muy valorado a nivel internacional en el sector de la ingenier\u00eda mec\u00e1nica. Asegurar, sujetar y fijar cargas que se mueven axialmente es nuestra especialidad, un segmento en el que somos l\u00edderes desde hace muchos a\u00f1os. Por eso las cabezas de sujeci\u00f3n SITEMA se han hecho un referente a nivel internacional. Con nuestro amplio cat\u00e1logo de productos, ofrecemos las mejores soluciones y asesoramiento espec\u00edfico para cada aplicaci\u00f3n.   <\/p>\n<\/div>\n\n\n\n<div class=\"wp-block-column is-layout-flow wp-block-column-is-layout-flow\" style=\"flex-basis:100%\">\n<h5 class=\"wp-block-heading has-orange-50-color has-text-color has-link-color wp-elements-030a0b636d30a3e8e57667cfccdd3b00\">Experiencia pionera<\/h5>\n\n\n\n<p>Ya en 1979, SITEMA desarroll\u00f3 el primer sistema que permit\u00eda transmitir las elevadas fuerzas de frenado de los ascensores hidr\u00e1ulicos directamente por fricci\u00f3n con el v\u00e1stago del pist\u00f3n. Esta nueva tecnolog\u00eda constituy\u00f3 la base para mejorar y diversificar diferentes cabezas de sujeci\u00f3n. En la actualidad, SITEMA desarrolla y produce cabezas de sujeci\u00f3n con accionamiento hidr\u00e1ulico, neum\u00e1tico, mec\u00e1nico y el\u00e9ctrico para un gran n\u00famero de aplicaciones.  <\/p>\n<\/div>\n<\/div>\n<\/div>\n\n\n\n<figure class=\"wp-block-video border-radius-4\" style=\"margin-top:var(--wp--preset--spacing--4-rem)\"><video height=\"658\" style=\"aspect-ratio: 1170 \/ 658;\" width=\"1170\" controls poster=\"https:\/\/www.sitema.de\/wp-content\/uploads\/unternehmen\/sitema-image-film_poster.jpg\" src=\"https:\/\/www.sitema.de\/wp-content\/uploads\/videos\/2016_15_16_projekt_sitema_imagefilm_ENGLISCH_WEB_1170p.mp4\"><\/video><\/figure>\n\n\n\n<div class=\"wp-block-media-text has-media-on-the-right is-stacked-on-mobile is-image-fill-element border-radius-4 has-white-background-color has-background\" style=\"margin-top:var(--wp--preset--spacing--5-rem);margin-bottom:var(--wp--preset--spacing--5-rem);grid-template-columns:auto 40%\"><div class=\"wp-block-media-text__content\">\n<div class=\"wp-block-group has-global-padding is-layout-constrained wp-block-group-is-layout-constrained\">\n<h3 class=\"wp-block-heading\" style=\"margin-top:var(--wp--preset--spacing--4-rem)\">La calidad es la base de la confianza<\/h3>\n\n\n\n<h5 class=\"wp-block-heading has-orange-50-color has-text-color has-headline-h-5-font-size\">Fiabilidad garantizada<\/h5>\n\n\n\n<p>Nuestro \u00e9xito proviene de la exigente calidad de nuestros productos. A la hora de trabajar con componentes de seguridad, es de vital importancia que funcionen con absoluta fiabilidad; eso lo tenemos claro. Por eso, las cabezas de sujeci\u00f3n SITEMA han sido homologadas como dispositivos de retenci\u00f3n por organismos europeos competentes. SITEMA, empresa certificada conforme a las normas ISO 9001 e ISO 14001, cuenta con un sistema de gesti\u00f3n eficaz que cumple las normas internacionalmente reconocidas y garantiza la seguridad y la calidad tambi\u00e9n de los procesos internos.   <\/p>\n\n\n\n<h5 class=\"wp-block-heading has-orange-50-color has-text-color has-headline-h-5-font-size\">Comprobaci\u00f3n final exhaustiva<\/h5>\n\n\n\n<p style=\"margin-bottom:var(--wp--preset--spacing--4-rem)\">Inmediatamente despu\u00e9s de la fabricaci\u00f3n, se comprueban el funcionamiento y la fuerza de retenci\u00f3n de cada una de las cabezas de sujeci\u00f3n con equipos de ensayo propios. Toda la documentaci\u00f3n de prueba se archiva y est\u00e1 en todo momento a disposici\u00f3n del cliente. <\/p>\n<\/div>\n<\/div><figure class=\"wp-block-media-text__media\"><img decoding=\"async\" width=\"585\" height=\"410\" src=\"https:\/\/www.sitema.de\/wp-content\/uploads\/unternehmen\/edd694d93979af7b3cfe359ed6abc476.jpg\" alt=\"\" class=\"wp-image-7889 size-full\" style=\"object-position:50% 50%\" srcset=\"https:\/\/www.sitema.de\/wp-content\/uploads\/unternehmen\/edd694d93979af7b3cfe359ed6abc476.jpg 585w, https:\/\/www.sitema.de\/wp-content\/uploads\/unternehmen\/edd694d93979af7b3cfe359ed6abc476-300x210.jpg 300w\" sizes=\"(max-width: 585px) 100vw, 585px\" \/><\/figure><\/div>\n\n\n\n<div id=\"company-certifications\" class=\"wp-block-group company-certifications has-white-background-color has-background has-global-padding is-layout-constrained wp-container-core-group-is-layout-21e5db97 wp-block-group-is-layout-constrained\" style=\"border-radius:4px;margin-top:var(--wp--preset--spacing--4-rem);margin-bottom:0;padding-top:var(--wp--preset--spacing--4-rem);padding-right:var(--wp--preset--spacing--4-rem);padding-bottom:var(--wp--preset--spacing--4-rem);padding-left:var(--wp--preset--spacing--4-rem)\">\n<h3 class=\"wp-block-heading\">Homologaciones y certificaciones<\/h3>\n\n\n\n<div class=\"wp-block-columns is-layout-flex wp-container-core-columns-is-layout-28f84493 wp-block-columns-is-layout-flex\">\n<div class=\"wp-block-column is-layout-flow wp-block-column-is-layout-flow\">\n<figure class=\"wp-block-image aligncenter size-full\"><img decoding=\"async\" src=\"https:\/\/www.sitema.de\/wp-content\/themes\/sitema\/assets\/images\/certificate-1.jpg\" alt=\"\" class=\"wp-image-5948\"\/><\/figure>\n\n\n\n<p class=\"has-text-align-center has-small-font-size\" style=\"line-height:1.4\">Certificado de ensayo DGUV para dispositivos antica\u00edda (por ejemplo, para prensas conforme a ISO 16092\/EN 693)<\/p>\n<\/div>\n\n\n\n<div class=\"wp-block-column is-layout-flow wp-block-column-is-layout-flow\">\n<figure class=\"wp-block-image aligncenter size-full\"><img decoding=\"async\" src=\"https:\/\/www.sitema.de\/wp-content\/themes\/sitema\/assets\/images\/certificate-2.jpg\" alt=\"\" class=\"wp-image-6014\"\/><\/figure>\n\n\n\n<p class=\"has-text-align-center has-small-font-size\" style=\"line-height:1.4\">Certificado de ensayo DGUV para frenos de seguridad KSP<\/p>\n<\/div>\n\n\n\n<div class=\"wp-block-column is-layout-flow wp-block-column-is-layout-flow\">\n<figure class=\"wp-block-image aligncenter size-full\"><img decoding=\"async\" src=\"https:\/\/www.sitema.de\/wp-content\/themes\/sitema\/assets\/images\/certificate-3.jpg\" alt=\"\" class=\"wp-image-6003\"\/><\/figure>\n\n\n\n<p class=\"has-text-align-center has-small-font-size\" style=\"line-height:1.4\">Certificado de ensayo DGUV para dispositivos de detenci\u00f3n KFHS<\/p>\n<\/div>\n\n\n\n<div class=\"wp-block-column is-layout-flow wp-block-column-is-layout-flow\">\n<figure class=\"wp-block-image size-full\"><img decoding=\"async\" width=\"152\" height=\"146\" src=\"https:\/\/www.sitema.de\/wp-content\/uploads\/zertifikate\/certificate-8.jpg\" alt=\"\" class=\"wp-image-92026\"\/><\/figure>\n\n\n\n<p class=\"has-text-align-center has-small-font-size\" style=\"line-height:1.4\">Certificaci\u00f3n\u00a0T\u00dcV para conformidad\u00a0CE y UL para frenos de seguridad KSE<\/p>\n<\/div>\n\n\n\n<div class=\"wp-block-column is-layout-flow wp-block-column-is-layout-flow\">\n<figure class=\"wp-block-image aligncenter size-full\"><img decoding=\"async\" src=\"https:\/\/www.sitema.de\/wp-content\/themes\/sitema\/assets\/images\/certificate-4.jpg\" alt=\"\" class=\"wp-image-5992\"\/><\/figure>\n\n\n\n<p class=\"has-text-align-center has-small-font-size\" style=\"line-height:1.4\">Certificaci\u00f3n Lloyd\u2019s Register para dispositivos de detenci\u00f3n KFHL<\/p>\n<\/div>\n\n\n\n<div class=\"wp-block-column is-layout-flow wp-block-column-is-layout-flow\">\n<figure class=\"wp-block-image aligncenter size-full\"><img decoding=\"async\" src=\"https:\/\/www.sitema.de\/wp-content\/themes\/sitema\/assets\/images\/certificate-5.jpg\" alt=\"\" class=\"wp-image-5981\"\/><\/figure>\n\n\n\n<p class=\"has-text-align-center has-small-font-size\" style=\"line-height:1.4\">Certificado ISO 9001:2015 <a href=\"http:\/\/www.tuev-sued.de\/ms-zert\">www.tuev-sued.de\/ms-zert<\/a><\/p>\n<\/div>\n\n\n\n<div class=\"wp-block-column is-layout-flow wp-block-column-is-layout-flow\">\n<figure class=\"wp-block-image aligncenter size-full\"><img decoding=\"async\" src=\"https:\/\/www.sitema.de\/wp-content\/themes\/sitema\/assets\/images\/certificate-6.jpg\" alt=\"\" class=\"wp-image-5970\"\/><\/figure>\n\n\n\n<p class=\"has-text-align-center has-small-font-size\" style=\"line-height:1.4\">Certificado ISO 14001:2015 <a href=\"http:\/\/www.tuev-sued.de\/ms-zert\"> www.tuev-sued.de\/ms-zert<\/a><\/p>\n<\/div>\n\n\n\n<div class=\"wp-block-column is-layout-flow wp-block-column-is-layout-flow\">\n<figure class=\"wp-block-image aligncenter size-full\"><img decoding=\"async\" src=\"https:\/\/www.sitema.de\/wp-content\/themes\/sitema\/assets\/images\/certificate-7.jpg\" alt=\"\" class=\"wp-image-5959\"\/><\/figure>\n<\/div>\n<\/div>\n<\/div>\n\n\n\n<div class=\"wp-block-group border-radius-4 has-global-padding is-layout-constrained wp-block-group-is-layout-constrained\" style=\"border-radius:4px;margin-top:var(--wp--preset--spacing--4-rem);margin-bottom:var(--wp--preset--spacing--4-rem)\">\n<div class=\"wp-block-media-text is-stacked-on-mobile is-image-fill-element has-white-background-color has-background\" style=\"margin-top:0;margin-bottom:0\"><figure class=\"wp-block-media-text__media\"><img decoding=\"async\" width=\"585\" height=\"410\" src=\"https:\/\/www.sitema.de\/wp-content\/uploads\/unternehmen\/d2b0c040e92560f887a108eab806cf27.jpg\" alt=\"\" class=\"wp-image-7862 size-full\" style=\"object-position:50% 50%\" srcset=\"https:\/\/www.sitema.de\/wp-content\/uploads\/unternehmen\/d2b0c040e92560f887a108eab806cf27.jpg 585w, https:\/\/www.sitema.de\/wp-content\/uploads\/unternehmen\/d2b0c040e92560f887a108eab806cf27-300x210.jpg 300w\" sizes=\"(max-width: 585px) 100vw, 585px\" \/><\/figure><div class=\"wp-block-media-text__content\">\n<div class=\"wp-block-group has-global-padding is-layout-constrained wp-block-group-is-layout-constrained\" style=\"min-height:380px\">\n<h3 class=\"wp-block-heading\" style=\"margin-top:var(--wp--preset--spacing--4-rem)\">Le atendemos con la m\u00e1xima eficacia<\/h3>\n\n\n\n<h5 class=\"wp-block-heading has-orange-50-color has-text-color has-headline-h-5-font-size\">Respuesta r\u00e1pida<\/h5>\n\n\n\n<p style=\"padding-bottom:var(--wp--preset--spacing--4-rem)\">La oferta de servicios de SITEMA, desde el asesoramiento hasta las reparaciones y el env\u00edo, se centra ante todo en reaccionar con rapidez. Para ello contamos con un equipo comprometido y orientado al cliente que resuelve las peticiones de los clientes con diligencia y eficacia. La agilidad en la entrega de componentes completos y nuestra asistencia competente aseguran la productividad de nuestros clientes.  <\/p>\n<\/div>\n<\/div><\/div>\n\n\n\n<div class=\"wp-block-media-text has-media-on-the-right is-stacked-on-mobile is-image-fill-element has-white-background-color has-background\" style=\"margin-top:0;margin-bottom:0\"><div class=\"wp-block-media-text__content\">\n<div class=\"wp-block-group has-global-padding is-layout-constrained wp-block-group-is-layout-constrained\" style=\"min-height:380px\">\n<h3 class=\"wp-block-heading\" style=\"margin-top:var(--wp--preset--spacing--4-rem)\">Una r\u00e1pida entrega garantiza su productividad<\/h3>\n\n\n\n<h5 class=\"wp-block-heading has-orange-50-color has-text-color has-headline-h-5-font-size\">Plazos de entrega cortos<\/h5>\n\n\n\n<p style=\"padding-bottom:var(--wp--preset--spacing--4-rem)\">Gracias a nuestra gran cantidad de existencias, podemos entregar r\u00e1pidamente cualquier producto est\u00e1ndar. En nuestro almac\u00e9n disponemos permanentemente de unas 2000 cabezas de sujeci\u00f3n SITEMA con distintas fuerzas de retenci\u00f3n y para muchos di\u00e1metros de v\u00e1stago distintos, lo que garantiza una entrega r\u00e1pida. Gracias a nuestra condici\u00f3n de \u00abremitente conocido\u00bb, SITEMA cumple todos los requisitos necesarios para hacer env\u00edos r\u00e1pidos por transporte a\u00e9reo a cualquier lugar del mundo.  <\/p>\n<\/div>\n<\/div><figure class=\"wp-block-media-text__media\"><img decoding=\"async\" width=\"585\" height=\"410\" src=\"https:\/\/www.sitema.de\/wp-content\/uploads\/unternehmen\/0719a23477fbd1480c57db87e69a00c9.jpg\" alt=\"\" class=\"wp-image-7851 size-full\" style=\"object-position:50% 50%\" srcset=\"https:\/\/www.sitema.de\/wp-content\/uploads\/unternehmen\/0719a23477fbd1480c57db87e69a00c9.jpg 585w, https:\/\/www.sitema.de\/wp-content\/uploads\/unternehmen\/0719a23477fbd1480c57db87e69a00c9-300x210.jpg 300w\" sizes=\"(max-width: 585px) 100vw, 585px\" \/><\/figure><\/div>\n\n\n\n<div class=\"wp-block-media-text is-stacked-on-mobile is-image-fill-element has-white-background-color has-background\" style=\"margin-top:0;margin-bottom:0\"><figure class=\"wp-block-media-text__media\"><img decoding=\"async\" width=\"585\" height=\"410\" src=\"https:\/\/www.sitema.de\/wp-content\/uploads\/unternehmen\/3351ed3e05e11e8f65261c883f30c11e.jpg\" alt=\"\" class=\"wp-image-7840 size-full\" style=\"object-position:50% 50%\" srcset=\"https:\/\/www.sitema.de\/wp-content\/uploads\/unternehmen\/3351ed3e05e11e8f65261c883f30c11e.jpg 585w, https:\/\/www.sitema.de\/wp-content\/uploads\/unternehmen\/3351ed3e05e11e8f65261c883f30c11e-300x210.jpg 300w\" sizes=\"(max-width: 585px) 100vw, 585px\" \/><\/figure><div class=\"wp-block-media-text__content\">\n<div class=\"wp-block-group has-global-padding is-layout-constrained wp-block-group-is-layout-constrained\" style=\"min-height:380px\">\n<h3 class=\"wp-block-heading\" style=\"margin-top:var(--wp--preset--spacing--4-rem)\">Siempre a su medida<\/h3>\n\n\n\n<h5 class=\"wp-block-heading has-orange-50-color has-text-color has-headline-h-5-font-size\">Soluciones especiales personalizadas y r\u00e1pidas<\/h5>\n\n\n\n<p style=\"padding-bottom:var(--wp--preset--spacing--4-rem)\">El equipo de desarrollo de SITEMA analiza detenidamente los requisitos t\u00e9cnicos de la fabricaci\u00f3n de piezas individuales y series peque\u00f1as, y bas\u00e1ndose en esa informaci\u00f3n concibe y materializa con gran esfuerzo y dedicaci\u00f3n soluciones especiales a la medida de cada cliente. Cuanto m\u00e1s inusual es una aplicaci\u00f3n para una cabeza de sujeci\u00f3n, m\u00e1s nos estimula para encontrar una soluci\u00f3n nueva. <\/p>\n<\/div>\n<\/div><\/div>\n\n\n\n<div class=\"wp-block-media-text has-media-on-the-right is-stacked-on-mobile is-image-fill-element has-white-background-color has-background\" style=\"margin-top:0;margin-bottom:0\"><div class=\"wp-block-media-text__content\">\n<div class=\"wp-block-group has-global-padding is-layout-constrained wp-block-group-is-layout-constrained\" style=\"min-height:380px\">\n<h3 class=\"wp-block-heading\" style=\"margin-top:var(--wp--preset--spacing--4-rem)\">Ser cada vez mejores<\/h3>\n\n\n\n<h5 class=\"wp-block-heading has-orange-50-color has-text-color has-headline-h-5-font-size\">Desarrollo continuo y coherente<\/h5>\n\n\n\n<p>Cuando un producto ya est\u00e1 consolidado, la clave para optimizarlo reside en los detalles. El equipo de desarrollo de SITEMA trabaja continuamente para mejorar el dise\u00f1o y ampliar la gama de productos. As\u00ed naci\u00f3, por ejemplo, el PowerStroke, una soluci\u00f3n innovadora para mantener cerrados los moldes.  <\/p>\n\n\n\n<h5 class=\"wp-block-heading has-orange-50-color has-text-color has-headline-h-5-font-size\">Comprobaci\u00f3n pensando en el cliente<\/h5>\n\n\n\n<p style=\"padding-bottom:var(--wp--preset--spacing--4-rem)\">Para comprobar la fuerza de sujeci\u00f3n, SITEMA dispone de prensas con una fuerza de prueba de hasta 1000 toneladas y de un banco de ensayos din\u00e1mico para velocidades de ca\u00edda de hasta 3 m\/s. Asimismo, colaboramos estrechamente con los responsables de desarrollo de nuestros clientes para garantizar que las cabezas de sujeci\u00f3n SITEMA cumplen siempre sus requisitos. <\/p>\n<\/div>\n<\/div><figure class=\"wp-block-media-text__media\"><img decoding=\"async\" width=\"585\" height=\"410\" src=\"https:\/\/www.sitema.de\/wp-content\/uploads\/unternehmen\/eb5c2ce06ebac46c6762ed0c4e3e0806.jpg\" alt=\"\" class=\"wp-image-7829 size-full\" style=\"object-position:50% 50%\" srcset=\"https:\/\/www.sitema.de\/wp-content\/uploads\/unternehmen\/eb5c2ce06ebac46c6762ed0c4e3e0806.jpg 585w, https:\/\/www.sitema.de\/wp-content\/uploads\/unternehmen\/eb5c2ce06ebac46c6762ed0c4e3e0806-300x210.jpg 300w\" sizes=\"(max-width: 585px) 100vw, 585px\" \/><\/figure><\/div>\n<\/div>\n\n\n\n<div class=\"wp-block-cover alignfull is-light\" style=\"min-height:500px;aspect-ratio:unset;\"><span aria-hidden=\"true\" class=\"wp-block-cover__background has-background-dim-0 has-background-dim\" style=\"background-color:#9da8b1\"><\/span><img decoding=\"async\" width=\"2000\" height=\"835\" class=\"wp-block-cover__image-background wp-image-10834\" alt=\"\" src=\"https:\/\/www.sitema.de\/wp-content\/uploads\/unternehmen\/vertrieb.jpg\" style=\"object-position:67% 29%\" data-object-fit=\"cover\" data-object-position=\"67% 29%\" srcset=\"https:\/\/www.sitema.de\/wp-content\/uploads\/unternehmen\/vertrieb.jpg 2000w, https:\/\/www.sitema.de\/wp-content\/uploads\/unternehmen\/vertrieb-300x125.jpg 300w, https:\/\/www.sitema.de\/wp-content\/uploads\/unternehmen\/vertrieb-1024x428.jpg 1024w, https:\/\/www.sitema.de\/wp-content\/uploads\/unternehmen\/vertrieb-768x321.jpg 768w, https:\/\/www.sitema.de\/wp-content\/uploads\/unternehmen\/vertrieb-1536x641.jpg 1536w\" sizes=\"(max-width: 2000px) 100vw, 2000px\" \/><div class=\"wp-block-cover__inner-container has-global-padding is-layout-constrained wp-block-cover-is-layout-constrained\">\n<p class=\"has-text-align-center has-large-font-size\"><\/p>\n<\/div><\/div>\n","protected":false},"excerpt":{"rendered":"<p>La empresa de la seguridad Somos los expertos SITEMA es la \u00fanica empresa del mundo especializada exclusivamente en el desarrollo y la fabricaci\u00f3n de cabezas de sujeci\u00f3n y frenos lineales para v\u00e1stagos redondos. Gracias a esta especializaci\u00f3n, SITEMA es un proveedor muy valorado a nivel internacional en el sector de la ingenier\u00eda mec\u00e1nica. Asegurar, sujetar [&hellip;]<\/p>\n","protected":false},"author":1,"featured_media":0,"parent":0,"menu_order":0,"comment_status":"closed","ping_status":"closed","template":"","meta":{"_acf_changed":false,"_seopress_robots_primary_cat":"","_seopress_titles_title":"Empresa - %%sitetitle%%","_seopress_titles_desc":"SITEMA es la \u00fanica empresa del mundo especializada en el desarrollo y la fabricaci\u00f3n de cabezales de sujeci\u00f3n y frenos lineales. Gracias a esta especializaci\u00f3n, SITEMA es un proveedor valorado internacionalmente en el sector de la ingenier\u00eda mec\u00e1nica.","_seopress_robots_index":"","footnotes":""},"class_list":["post-10415","page","type-page","status-publish","hentry"],"acf":[],"_links":{"self":[{"href":"https:\/\/www.sitema.de\/es\/wp-json\/wp\/v2\/pages\/10415","targetHints":{"allow":["GET"]}}],"collection":[{"href":"https:\/\/www.sitema.de\/es\/wp-json\/wp\/v2\/pages"}],"about":[{"href":"https:\/\/www.sitema.de\/es\/wp-json\/wp\/v2\/types\/page"}],"author":[{"embeddable":true,"href":"https:\/\/www.sitema.de\/es\/wp-json\/wp\/v2\/users\/1"}],"replies":[{"embeddable":true,"href":"https:\/\/www.sitema.de\/es\/wp-json\/wp\/v2\/comments?post=10415"}],"version-history":[{"count":8,"href":"https:\/\/www.sitema.de\/es\/wp-json\/wp\/v2\/pages\/10415\/revisions"}],"predecessor-version":[{"id":118352,"href":"https:\/\/www.sitema.de\/es\/wp-json\/wp\/v2\/pages\/10415\/revisions\/118352"}],"wp:attachment":[{"href":"https:\/\/www.sitema.de\/es\/wp-json\/wp\/v2\/media?parent=10415"}],"curies":[{"name":"wp","href":"https:\/\/api.w.org\/{rel}","templated":true}]}}