{"id":7930,"date":"2024-03-14T14:51:34","date_gmt":"2024-03-14T14:51:34","guid":{"rendered":"https:\/\/www.sitema.de\/?page_id=7930"},"modified":"2024-12-17T08:17:46","modified_gmt":"2024-12-17T08:17:46","slug":"interactive-3d-simulation","status":"publish","type":"page","link":"https:\/\/www.sitema.de\/de\/interactive-3d-simulation\/","title":{"rendered":"Interaktive 3D-Simulation"},"content":{"rendered":"\n<section class=\"wp-block-group alignfull header-generic has-global-padding is-layout-constrained wp-block-group-is-layout-constrained\" id=\"header-generic\">\n<div class=\"wp-block-cover alignfull\" style=\"min-height:350px;aspect-ratio:unset;\"><span aria-hidden=\"true\" class=\"wp-block-cover__background has-background-dim-30 has-background-dim wp-block-cover__gradient-background has-background-gradient\" style=\"background:linear-gradient(90deg,rgb(128,128,128) 0%,rgba(0,0,0,0) 100%)\"><\/span><img decoding=\"async\" class=\"wp-block-cover__image-background wp-image-801\" alt=\"\" src=\"https:\/\/www.sitema.de\/wp-content\/themes\/sitema\/assets\/images\/custom-header.jpg\" style=\"object-position:50% 50%\" data-object-fit=\"cover\" data-object-position=\"50% 50%\"\/><div class=\"wp-block-cover__inner-container has-global-padding is-layout-constrained wp-block-cover-is-layout-constrained\">\n<h1 class=\"wp-block-heading has-text-align-left has-blue-20-color has-text-color has-title-h-1-font-size\">Interaktiv und 3D<\/h1>\n<\/div><\/div>\n<\/section>\n\n\n\n<section id=\"block-content-image-gallery\" class=\"wp-block-group pattern__image-gallery has-white-background-color has-background has-global-padding is-layout-constrained wp-container-core-group-is-layout-8b30ac19 wp-block-group-is-layout-constrained\" style=\"padding-top:var(--wp--preset--spacing--5-rem);padding-right:var(--wp--preset--spacing--5-rem);padding-bottom:var(--wp--preset--spacing--5-rem);padding-left:var(--wp--preset--spacing--5-rem)\">\n<div class=\"wp-block-columns is-layout-flex wp-container-core-columns-is-layout-28f84493 wp-block-columns-is-layout-flex\">\n<div class=\"wp-block-column is-layout-flow wp-block-column-is-layout-flow\">\n<h3 class=\"wp-block-heading has-blue-20-color has-text-color has-headline-h-3-font-size\">Wo und wie werden SITEMA-Klemmk\u00f6pfe eingesetzt? &#8211; Interaktive 3D-Simulation<\/h3>\n\n\n\n<p>(L\u00e4uft in aktuellen Versionen von MS Edge, Firefox, Chrome, Opera. Je nach Verbindungsgeschwindigkeit kann die Ladezeit einige Minuten betragen.)<\/p>\n<\/div>\n<\/div>\n<\/section>\n\n\n<div class=\"bootstrap-custom-container\">\r\n    <div class=\"row\">\r\n        <div class=\"col-md-6\">\r\n            <div class=\"video-modal-box cf mod-modal-link\" data-modal-link=\"animation_1\">\r\n                <video src=\"https:\/\/www.sitema.de\/wp-content\/themes\/sitema\/assets\/videos\/sitema_maschinen.mp4\" autoplay=\"\" muted=\"\" loop=\"\"><\/video>\r\n                <div class=\"description-title\">Maschinenbau<\/div>\r\n                <img decoding=\"async\" id=\"play-button\" class=\"play-button\" src=\"https:\/\/www.sitema.de\/wp-content\/themes\/sitema\/assets\/images\/play-button.svg\" alt=\"play\">\r\n            <\/div>\r\n        <\/div>\r\n        <div class=\"col-md-6\">\r\n            <div class=\"video-modal-box cf mod-modal-link\" data-modal-link=\"animation_2\">\r\n                <video src=\"https:\/\/www.sitema.de\/wp-content\/themes\/sitema\/assets\/videos\/sitema_maritim.mp4\" autoplay=\"\" muted=\"\" loop=\"\"><\/video>\r\n                <div class=\"description-title\">Schiffbau \/ maritime Anwendungen<\/div>\r\n                <img decoding=\"async\" id=\"play-button\" class=\"play-button\" src=\"https:\/\/www.sitema.de\/wp-content\/themes\/sitema\/assets\/images\/play-button.svg\" alt=\"play\">\r\n            <\/div>\r\n        <\/div>\r\n    <\/div>\r\n    <\/div>\r\n    \r\n    <div class=\"mod-modal\" data-modal-content=\"animation_1\">\r\n    <div class=\"mod-modal-close icon-close\"><\/div>\r\n    <div class=\"webgl-wrapper\">\r\n        <div class=\"webgl-content\">\r\n            <div id=\"gameContainer_1\" style=\"width: 100%; height: auto\"><\/div>\r\n            <div class=\"footer\">\r\n                <div class=\"fullscreen\"><\/div>\r\n                <div class=\"title\">Vollbildschirm<\/div>\r\n            <\/div>\r\n        <\/div>\r\n    <\/div>\r\n    <\/div>\r\n    <div class=\"mod-modal\" data-modal-content=\"animation_2\">\r\n    <div class=\"mod-modal-close icon-close\"><\/div>\r\n    <div class=\"webgl-wrapper\">\r\n        <div class=\"webgl-content\">\r\n            <div id=\"gameContainer_2\" style=\"width: 100%; height: auto\"><\/div>\r\n            <div class=\"footer\">\r\n                <div class=\"fullscreen\"><\/div>\r\n                <div class=\"title\">Vollbildschirm<\/div>\r\n            <\/div>\r\n        <\/div>\r\n    <\/div>\r\n    <\/div>\r\n\n\n\n<section id=\"block-content-image-gallery\" class=\"wp-block-group pattern__image-gallery has-white-background-color has-background has-global-padding is-layout-constrained wp-container-core-group-is-layout-8b30ac19 wp-block-group-is-layout-constrained\" style=\"padding-top:var(--wp--preset--spacing--5-rem);padding-right:var(--wp--preset--spacing--5-rem);padding-bottom:var(--wp--preset--spacing--5-rem);padding-left:var(--wp--preset--spacing--5-rem)\">\n<div class=\"wp-block-columns is-layout-flex wp-container-core-columns-is-layout-28f84493 wp-block-columns-is-layout-flex\">\n<div class=\"wp-block-column is-layout-flow wp-block-column-is-layout-flow\">\n<h3 class=\"wp-block-heading has-blue-20-color has-text-color has-headline-h-3-font-size\">Welche Aufgaben erf\u00fcllen SITEMA-Klemmk\u00f6pfe in einer Maschine?<\/h3>\n\n\n\n<p>Probieren Sie es selbst aus in unserem interaktiven 3D-Showroom:<\/p>\n\n\n\n<ul class=\"wp-block-list\">\n<li>Sehen Sie typische Anwendungsgebiete<\/li>\n\n\n\n<li>Erfahren Sie, wie SITEMA-Klemmk\u00f6pfe dort eingesetzt werden<\/li>\n\n\n\n<li>Sch\u00fctzen Sie die Bediener der Anlagen<\/li>\n\n\n\n<li>Erleben Sie live, was bei einem Notfall passiert &#8211; mit oder ohne Klemmkopf<\/li>\n\n\n\n<li>Entdecken Sie innovative Antriebskonzepte mit unserem PowerStroke<\/li>\n<\/ul>\n\n\n\n<p>Sie k\u00f6nnen die Apps auch kostenlos auf Ihr Smartphone oder Tablet herunterladen. Suchen Sie im App-Store von Android oder Apple einfach nach &#8222;SITEMA&#8220;.<\/p>\n<\/div>\n<\/div>\n<\/section>\n","protected":false},"excerpt":{"rendered":"<p>Wo und wie werden SITEMA-Klemmk\u00f6pfe eingesetzt? &#8211; Interaktive 3D-Simulation (L\u00e4uft in aktuellen Versionen von MS Edge, Firefox, Chrome, Opera. Je nach Verbindungsgeschwindigkeit kann die Ladezeit einige Minuten betragen.) Welche Aufgaben erf\u00fcllen SITEMA-Klemmk\u00f6pfe in einer Maschine? Probieren Sie es selbst aus in unserem interaktiven 3D-Showroom: Sie k\u00f6nnen die Apps auch kostenlos auf Ihr Smartphone oder Tablet [&hellip;]<\/p>\n","protected":false},"author":1,"featured_media":0,"parent":0,"menu_order":0,"comment_status":"closed","ping_status":"closed","template":"","meta":{"_acf_changed":false,"_seopress_robots_primary_cat":"","_seopress_titles_title":"Interaktive 3D-Animation: Anwendungen von Klemmk\u00f6pfen - %%sitetitle%%","_seopress_titles_desc":"Entdecken Sie in interaktiven Animationen, wie SITEMA-Klemmk\u00f6pfe in verschiedenen Anwendungen eingesetzt werden. Sch\u00fctzen Sie die Bediener und verstehen Sie, wie sie in Notsituationen arbeiten.","_seopress_robots_index":"","footnotes":""},"class_list":["post-7930","page","type-page","status-publish","hentry"],"acf":[],"_links":{"self":[{"href":"https:\/\/www.sitema.de\/de\/wp-json\/wp\/v2\/pages\/7930","targetHints":{"allow":["GET"]}}],"collection":[{"href":"https:\/\/www.sitema.de\/de\/wp-json\/wp\/v2\/pages"}],"about":[{"href":"https:\/\/www.sitema.de\/de\/wp-json\/wp\/v2\/types\/page"}],"author":[{"embeddable":true,"href":"https:\/\/www.sitema.de\/de\/wp-json\/wp\/v2\/users\/1"}],"replies":[{"embeddable":true,"href":"https:\/\/www.sitema.de\/de\/wp-json\/wp\/v2\/comments?post=7930"}],"version-history":[{"count":9,"href":"https:\/\/www.sitema.de\/de\/wp-json\/wp\/v2\/pages\/7930\/revisions"}],"predecessor-version":[{"id":51441,"href":"https:\/\/www.sitema.de\/de\/wp-json\/wp\/v2\/pages\/7930\/revisions\/51441"}],"wp:attachment":[{"href":"https:\/\/www.sitema.de\/de\/wp-json\/wp\/v2\/media?parent=7930"}],"curies":[{"name":"wp","href":"https:\/\/api.w.org\/{rel}","templated":true}]}}