{"id":7908,"date":"2024-03-11T16:21:06","date_gmt":"2024-03-11T16:21:06","guid":{"rendered":"https:\/\/www.sitema.de\/?page_id=7908"},"modified":"2025-10-01T10:11:25","modified_gmt":"2025-10-01T08:11:25","slug":"siforce-technology","status":"publish","type":"page","link":"https:\/\/www.sitema.de\/de\/unternehmen\/siforce-technology\/","title":{"rendered":"SiForce Technology"},"content":{"rendered":"\n<section class=\"wp-block-group alignfull header-generic has-global-padding is-layout-constrained wp-block-group-is-layout-constrained\" id=\"header-generic\">\n<div class=\"wp-block-cover alignfull\" style=\"min-height:350px;aspect-ratio:unset;\"><img decoding=\"async\" width=\"1180\" height=\"330\" class=\"wp-block-cover__image-background wp-image-9466\" alt=\"\" src=\"https:\/\/www.sitema.de\/wp-content\/uploads\/siforce-tec\/siforce.jpeg\" data-object-fit=\"cover\" srcset=\"https:\/\/www.sitema.de\/wp-content\/uploads\/siforce-tec\/siforce.jpeg 1180w, https:\/\/www.sitema.de\/wp-content\/uploads\/siforce-tec\/siforce-300x84.jpeg 300w, https:\/\/www.sitema.de\/wp-content\/uploads\/siforce-tec\/siforce-1024x286.jpeg 1024w, https:\/\/www.sitema.de\/wp-content\/uploads\/siforce-tec\/siforce-768x215.jpeg 768w\" sizes=\"(max-width: 1180px) 100vw, 1180px\" \/><span aria-hidden=\"true\" class=\"wp-block-cover__background has-background-dim-30 has-background-dim wp-block-cover__gradient-background has-background-gradient\" style=\"background:linear-gradient(90deg,rgb(128,128,128) 0%,rgba(0,0,0,0) 100%)\"><\/span><div class=\"wp-block-cover__inner-container has-global-padding is-layout-constrained wp-block-cover-is-layout-constrained\">\n<h1 class=\"wp-block-heading has-text-align-left has-blue-20-color has-text-color has-title-h-1-font-size\">Ein gro\u00dfes<\/h1>\n\n\n\n<h2 class=\"wp-block-heading has-text-align-left has-blue-20-color has-text-color has-headline-h-2-font-size\">St\u00fcck Sicherheit<\/h2>\n<\/div><\/div>\n<\/section>\n\n\n\n<div class=\"wp-block-group siforce-text-block box-shadow is-style-overlap border-radius-4 has-global-padding is-layout-constrained wp-block-group-is-layout-constrained\" style=\"margin-bottom:var(--wp--preset--spacing--5-rem)\">\n<div class=\"wp-block-media-text is-stacked-on-mobile has-background\" style=\"background-color:#f1f1f1;margin-top:0;margin-bottom:0;padding-top:0;padding-bottom:0\"><figure class=\"wp-block-media-text__media\"><img decoding=\"async\" width=\"648\" height=\"350\" src=\"https:\/\/www.sitema.de\/wp-content\/uploads\/siforce-tec\/product-extra-1.jpg\" alt=\"\" class=\"wp-image-13240 size-full\" srcset=\"https:\/\/www.sitema.de\/wp-content\/uploads\/siforce-tec\/product-extra-1.jpg 648w, https:\/\/www.sitema.de\/wp-content\/uploads\/siforce-tec\/product-extra-1-300x162.jpg 300w\" sizes=\"(max-width: 648px) 100vw, 648px\" \/><\/figure><div class=\"wp-block-media-text__content\">\n<h3 class=\"wp-block-heading\" style=\"margin-top:var(--wp--preset--spacing--4-rem)\">Eine starke Marke f\u00fcr eine einzigartige Technologie<\/h3>\n\n\n\n<p style=\"margin-bottom:var(--wp--preset--spacing--3-rem)\">Die weltweit bew\u00e4hrte Technologie der selbstverst\u00e4rkenden Klemmung hat einen Namen. So schaffen wir durch Wiedererkennung Transparenz auf dem Markt f\u00fcr Klemmeinheiten und Linearbremsen. Dabei steht&nbsp;SiForce Technology&nbsp;nicht nur f\u00fcr Sicherheit, sondern gleichzeitig auch f\u00fcr das Prinzip der selbstverst\u00e4rkenden Kraft oder auch \u201eSelf Intensifying Force\u201c.<\/p>\n\n\n\n<p class=\"has-orange-50-color has-text-color\"><strong>Ein gro\u00dfes St\u00fcck Sicherheit f\u00fcr Mensch und Maschine<\/strong><\/p>\n\n\n\n<p style=\"margin-bottom:var(--wp--preset--spacing--4-rem)\">Das Hauptanwendungsgebiet der selbstverst\u00e4rkenden Klemmung, die weltweit f\u00fcr \u00fcberragende Maschinen- und vor allem Personensicherheit steht, sind gro\u00dfe axiale Kr\u00e4fte und Lasten, die es zuverl\u00e4ssig zu sichern gilt. Neben absoluter Ausfallsicherheit hat Qualit\u00e4t \u2013 und die damit verbundene Langlebigkeit der Klemmk\u00f6pfe \u2013 oberste Priorit\u00e4t. <\/p>\n<\/div><\/div>\n\n\n\n<div class=\"wp-block-media-text has-media-on-the-right is-stacked-on-mobile has-background\" style=\"background-color:#14abe0;margin-top:0;margin-bottom:0\"><div class=\"wp-block-media-text__content\">\n<h3 class=\"wp-block-heading\" style=\"margin-top:var(--wp--preset--spacing--4-rem)\">Die Vorteile auf einen Blick<\/h3>\n\n\n\n<ul class=\"wp-block-list\">\n<li>L\u00f6sen unter Last nicht m\u00f6glich, somit sicher gegen unbeabsichtigtes L\u00f6sen.<\/li>\n\n\n\n<li>Solange das geschlossene Klemmsystem unbelastet ist (gesicherter Zustand), reicht einfaches Druckbeaufschlagen zum L\u00f6sen (kein Anheben der Last n\u00f6tig).<\/li>\n\n\n\n<li>Das L\u00f6sen des belasteten Klemmkopfes (z.\u00ad&nbsp;B. nach Not-Aus) ist erst m\u00f6glich, wenn der Klemmkopf entlastet wurde. Somit automatisch sichere \u00dcbernahme der Last durch anderes System (z.\u00ad&nbsp;B. Antrieb) gew\u00e4hrleistet. Zum Entlasten reicht ein einfaches Anheben der Last, es ist keine zus\u00e4tzliche Kraft (kein \u201eFreifahren\u201c) n\u00f6tig.<\/li>\n\n\n\n<li>Dadurch auch automatisch sanftes L\u00f6sen bei Verwendung auf einem Zylinder.<\/li>\n\n\n\n<li>Es kann auch bei geschlossener Klemmung immer noch nach oben gefahren werden, z.&nbsp;B. um eine eingeklemmte Person zu befreien.<\/li>\n\n\n\n<li>Das Klemmsystem wird nur belastet, wenn es wirklich n\u00f6tig ist.<\/li>\n\n\n\n<li>Dadurch hohe Lebensdauer (B<sub>10D<\/sub>-Werte bis 6 Mio.).<\/li>\n\n\n\n<li>Sicherheitsfaktor &gt; 2 inbegriffen.<\/li>\n\n\n\n<li>Lasten bis zu 220 kN k\u00f6nnen auch pneumatisch gesichert werden.<\/li>\n<\/ul>\n\n\n\n<p class=\"has-orange-50-color has-text-color has-link-color wp-elements-30afee5cfc0875c7c820968d5680276d\" style=\"margin-bottom:var(--wp--preset--spacing--4-rem)\"><strong>Erl\u00e4uterungen zu den einzelnen Punkten finden Sie weiter unten im Laufe dieser Seite.<\/strong><\/p>\n<\/div><figure class=\"wp-block-media-text__media\"><img decoding=\"async\" width=\"800\" height=\"640\" src=\"https:\/\/www.sitema.de\/wp-content\/uploads\/siforce-tec\/siforce-2-2.jpg\" alt=\"\" class=\"wp-image-13867 size-full\" srcset=\"https:\/\/www.sitema.de\/wp-content\/uploads\/siforce-tec\/siforce-2-2.jpg 800w, https:\/\/www.sitema.de\/wp-content\/uploads\/siforce-tec\/siforce-2-2-300x240.jpg 300w, https:\/\/www.sitema.de\/wp-content\/uploads\/siforce-tec\/siforce-2-2-768x614.jpg 768w\" sizes=\"(max-width: 800px) 100vw, 800px\" \/><\/figure><\/div>\n\n\n\n<div class=\"wp-block-media-text is-stacked-on-mobile has-background\" style=\"background-color:#e1e6ea;margin-top:0;margin-bottom:0\"><figure class=\"wp-block-media-text__media\"><img decoding=\"async\" width=\"660\" height=\"528\" src=\"https:\/\/www.sitema.de\/wp-content\/uploads\/siforce-tec\/siforce-3.jpg\" alt=\"\" class=\"wp-image-9275 size-full\" srcset=\"https:\/\/www.sitema.de\/wp-content\/uploads\/siforce-tec\/siforce-3.jpg 660w, https:\/\/www.sitema.de\/wp-content\/uploads\/siforce-tec\/siforce-3-300x240.jpg 300w\" sizes=\"(max-width: 660px) 100vw, 660px\" \/><\/figure><div class=\"wp-block-media-text__content\">\n<h3 class=\"wp-block-heading\" style=\"margin-top:var(--wp--preset--spacing--4-rem)\">Gro\u00dfe Lebensdauer<\/h3>\n\n\n\n<p style=\"margin-bottom:var(--wp--preset--spacing--4-rem)\">Bei einer federbet\u00e4tigten Klemmeinheit ohne SiForce Technology wird die Haltekraft durch Teller- oder Schraubenfedern erzeugt, die das Klemmsystem auf die Klemmstange dr\u00fccken. Diese Kraft ist immer gleich und ausschlie\u00dflich von den Federn abh\u00e4ngig. Bei jedem Aktivieren der Klemmung wirkt somit die volle Haltekraft und somit auch der volle Verschlei\u00df.<br><br>Bei einer selbstverst\u00e4rkenden Klemmung mit SiForce Technology werden zwar auch Federn verwendet. Diese haben jedoch eine weitaus kleinere Kraft im Vergleich zur Haltekraft und dienen nur dazu, das Klemmsystem zuverl\u00e4ssig in die richtige Position zu bringen. Mit dem Erzeugen der Haltekraft haben sie nichts zu tun. So wird das Klemmsystem beim reinen Sichern so gut wie gar nicht, und beim \u00dcbernehmen der Last nur entsprechend der Gewichtskraft belastet. Deshalb erreichen Klemmk\u00f6pfe mit SiForce Technology eine wesentlich h\u00f6here Lebensdauer als federbet\u00e4tigte Klemmungen ohne diese Technologie. <\/p>\n<\/div><\/div>\n\n\n\n<div class=\"wp-block-media-text has-media-on-the-right is-stacked-on-mobile has-background\" style=\"background-color:#e1e6ea;margin-top:0;margin-bottom:0\"><div class=\"wp-block-media-text__content\">\n<h3 class=\"wp-block-heading\" style=\"margin-top:var(--wp--preset--spacing--4-rem)\">Kompakte Bauform<\/h3>\n\n\n\n<p style=\"margin-bottom:var(--wp--preset--spacing--4-rem)\">Da die Notwendigkeit gro\u00dfer Federpakete entf\u00e4llt, bauen Klemmk\u00f6pfe mit SiForce Technology sehr kompakt. Ein Beispiel: Zum Sichern von 6 Tonnen Last mit Sicherheitsfaktor &gt; 2 baut eine herk\u00f6mmliche federbet\u00e4tigte Einheit ohne SiForce Technology im Durchmesser ca. 220 mm bei einer L\u00e4nge von ca. 315 mm. Im Vergleich dazu ist der SiForce-Klemmkopf (Beispiel SITEMA-Absturzsicherung KR 56) deutlich kleiner: nur 140 mm im Durchmesser bei einer L\u00e4nge von 262 mm!<\/p>\n<\/div><figure class=\"wp-block-media-text__media\"><img decoding=\"async\" width=\"660\" height=\"525\" src=\"https:\/\/www.sitema.de\/wp-content\/uploads\/siforce-tec\/siforce-4.jpg\" alt=\"\" class=\"wp-image-9264 size-full\" srcset=\"https:\/\/www.sitema.de\/wp-content\/uploads\/siforce-tec\/siforce-4.jpg 660w, https:\/\/www.sitema.de\/wp-content\/uploads\/siforce-tec\/siforce-4-300x239.jpg 300w\" sizes=\"(max-width: 660px) 100vw, 660px\" \/><\/figure><\/div>\n\n\n\n<div class=\"wp-block-media-text is-stacked-on-mobile has-background\" style=\"background-color:#e1e6ea;margin-top:0;margin-bottom:0\"><figure class=\"wp-block-media-text__media\"><img decoding=\"async\" width=\"660\" height=\"418\" src=\"https:\/\/www.sitema.de\/wp-content\/uploads\/siforce-tec\/siforce-5.jpg\" alt=\"\" class=\"wp-image-9363 size-full\" srcset=\"https:\/\/www.sitema.de\/wp-content\/uploads\/siforce-tec\/siforce-5.jpg 660w, https:\/\/www.sitema.de\/wp-content\/uploads\/siforce-tec\/siforce-5-300x190.jpg 300w\" sizes=\"(max-width: 660px) 100vw, 660px\" \/><\/figure><div class=\"wp-block-media-text__content\">\n<h3 class=\"wp-block-heading\" style=\"margin-top:var(--wp--preset--spacing--4-rem)\">Auch pneumatisch elefantenstark<\/h3>\n\n\n\n<p style=\"margin-bottom:var(--wp--preset--spacing--4-rem)\">Zum \u00d6ffnen und zum Offenhalten einer federbet\u00e4tigten Linearbremse ohne SiForce Technology muss jedes Mal die volle Federkraft \u00fcberwunden werden, wodurch man mit diesem Funktionsprinzip bei pneumatischer Ansteuerung auf relativ kleine Haltekr\u00e4fte begrenzt ist.&nbsp;<br><br>Mit SiForce Technology muss durch den L\u00f6sedruck nur das relativ geringe Gewicht des konischen oder keilf\u00f6rmigen Klemmsystems sowie die recht geringe Kraft der Federn, die das Klemmsystem positionieren, \u00fcberwunden werden. so k\u00f6nnen mit SITEMA-Absturzsicherungen mit SiForce-Technologie Lasten bis 22 Tonnen rein pneumatisch gesichert werden.<\/p>\n<\/div><\/div>\n\n\n\n<div class=\"wp-block-media-text has-media-on-the-right is-stacked-on-mobile has-background\" style=\"background-color:#e1e6ea;margin-top:0;margin-bottom:0\"><div class=\"wp-block-media-text__content\">\n<h3 class=\"wp-block-heading\" style=\"margin-top:var(--wp--preset--spacing--4-rem)\">Sicherheitsfaktor<\/h3>\n\n\n\n<p>Unsere zertifizierten SITEMA-Klemmk\u00f6pfe mit SiForce Technology (Absturzsicherungen und Sicherheitsbremsen) haben eine zul\u00e4ssige Last. Das DGUV Test Zertifikat verlangt in Bezug zu dieser eine garantierte Mindesthaltekraft vom Faktor 2. Das hei\u00dft, es muss auch die doppelte Nennlast \u00fcbernommen werden k\u00f6nnen.\u2028\u2028<\/p>\n\n\n\n<p style=\"margin-bottom:var(--wp--preset--spacing--4-rem)\">Die internen SITEMA-Standards verlangen sogar einen noch deutlich h\u00f6heren Sicherheitsfaktor. So kommt es, dass beispielsweise eine SITEMA-Absturzsicherung KR 40 oder KRP 40 mit SiForce Technology bei einer Nennlast von 3,3 Tonnen eine tats\u00e4chliche Haltekraft von \u00fcber 10 Tonnen aufweist!<\/p>\n<\/div><figure class=\"wp-block-media-text__media\"><img decoding=\"async\" width=\"660\" height=\"508\" src=\"https:\/\/www.sitema.de\/wp-content\/uploads\/siforce-tec\/siforce-6.jpg\" alt=\"\" class=\"wp-image-9352 size-full\" srcset=\"https:\/\/www.sitema.de\/wp-content\/uploads\/siforce-tec\/siforce-6.jpg 660w, https:\/\/www.sitema.de\/wp-content\/uploads\/siforce-tec\/siforce-6-300x231.jpg 300w\" sizes=\"(max-width: 660px) 100vw, 660px\" \/><\/figure><\/div>\n\n\n\n<div class=\"wp-block-media-text is-stacked-on-mobile has-background\" style=\"background-color:#14abe0;margin-top:0;margin-bottom:0\"><figure class=\"wp-block-media-text__media\"><img decoding=\"async\" width=\"660\" height=\"508\" src=\"https:\/\/www.sitema.de\/wp-content\/uploads\/siforce-tec\/siforce-7.jpg\" alt=\"\" class=\"wp-image-9341 size-full\" srcset=\"https:\/\/www.sitema.de\/wp-content\/uploads\/siforce-tec\/siforce-7.jpg 660w, https:\/\/www.sitema.de\/wp-content\/uploads\/siforce-tec\/siforce-7-300x231.jpg 300w\" sizes=\"(max-width: 660px) 100vw, 660px\" \/><\/figure><div class=\"wp-block-media-text__content\">\n<h3 class=\"wp-block-heading\" style=\"margin-top:var(--wp--preset--spacing--4-rem)\">Personenrettung<\/h3>\n\n\n\n<p style=\"margin-bottom:var(--wp--preset--spacing--4-rem)\">Ebenso wie viele Maschinen, in denen Linearbremsen verbaut sind, bedienen sich viele Klemmeinheiten zum Offenhalten eines hydraulischen oder pneumatischen Drucks. Gibt es einen Druckabfall in diesem System, wird die Klemmung geschlossen. Passiert dies aufgrund einer Fehlfunktion, l\u00e4sst sich die abgest\u00fcrzte Last bei federbet\u00e4tigten Klemmeinheiten ohne SiForce Technology nur gegen deren volle Haltekraft bewegen, was oftmals nicht m\u00f6glich ist.<br><br>Bei einem Klemmkopf mit SiForce Technology hingegen kann die Achse auch im druckfreien, d.&nbsp;h. geschlossenen Zustand immer gegen die Lastrichtung bewegt werden. So k\u00f6nnen im Zweifelsfall eingeklemmte Menschen schneller und leichter befreit werden, was am Ende lebensrettend sein kann.<\/p>\n<\/div><\/div>\n\n\n\n<div class=\"wp-block-media-text has-media-on-the-right is-stacked-on-mobile has-background\" style=\"background-color:#e1e6ea;margin-top:0;margin-bottom:0\"><div class=\"wp-block-media-text__content\">\n<h3 class=\"wp-block-heading\" style=\"margin-top:var(--wp--preset--spacing--4-rem)\">Funktionsweise<\/h3>\n\n\n\n<p>Ein selbstverst\u00e4rkendes Klemmsystem bezieht seine Kraft nicht aus Federn, sondern nutzt die Energie einer herabsinkenden Masse, um sie festzuhalten. In horizontalen Anwendungen nutzt sie die abzusichernde Antriebskraft. Der SiForce-Klemmkopf wird durch hydraulischen oder pneumatischen Druck offengehalten. Zum Schlie\u00dfen der Klemmung wird er drucklos geschaltet.\u2028<br>Beim Sichern einer Last wird diese im normalen Betrieb durch den Antrieb der Maschine angehalten und zus\u00e4tzlich durch den Klemmkopf gesichert.\u2028<br>Das Klemmsystem legt sich dabei zum Sichern der Last zun\u00e4chst nur an die Stange an, ohne eine Haltekraft aufzubauen. In diesem Zustand ist die Last dennoch bereits gesichert, was der Klemmkopf durch ein entsprechendes Signal anzeigt. Die Klemmung l\u00e4sst sich jetzt durch einfaches Druckbeaufschlagen wieder l\u00f6sen.<\/p>\n\n\n\n<p class=\"has-orange-50-color has-text-color has-link-color wp-elements-80f7630e9d6df06f3f08db80a51ba953\"><strong>\u00dcberlegene Haltekraft<\/strong><\/p>\n\n\n\n<p style=\"margin-bottom:var(--wp--preset--spacing--4-rem)\">Bei Versagen der Betriebsbremse oder des Antriebs \u2013 also wenn die Last in angelegtem und damit gesichertem Zustand absinkt \u2013 zieht sich das Klemmsystem zusammen und baut selbstverst\u00e4rkend eine sehr hohe Haltekraft auf. Dabei gilt: Je gr\u00f6\u00dfer die axiale Kraft, desto fester die Klemmung und desto h\u00f6her die Haltekraft.<\/p>\n<\/div><figure class=\"wp-block-media-text__media\"><img decoding=\"async\" width=\"533\" height=\"260\" src=\"https:\/\/www.sitema.de\/wp-content\/uploads\/grafiken-animationen\/siforce-8.png\" alt=\"\" class=\"wp-image-13852 size-full\" srcset=\"https:\/\/www.sitema.de\/wp-content\/uploads\/grafiken-animationen\/siforce-8.png 533w, https:\/\/www.sitema.de\/wp-content\/uploads\/grafiken-animationen\/siforce-8-300x146.png 300w\" sizes=\"(max-width: 533px) 100vw, 533px\" \/><\/figure><\/div>\n\n\n\n<div class=\"wp-block-media-text is-stacked-on-mobile has-background\" style=\"background-color:#e1e6ea;margin-top:0;margin-bottom:0\"><figure class=\"wp-block-media-text__media\"><img decoding=\"async\" width=\"660\" height=\"508\" src=\"https:\/\/www.sitema.de\/wp-content\/uploads\/siforce-tec\/siforce-9.jpg\" alt=\"\" class=\"wp-image-9319 size-full\" srcset=\"https:\/\/www.sitema.de\/wp-content\/uploads\/siforce-tec\/siforce-9.jpg 660w, https:\/\/www.sitema.de\/wp-content\/uploads\/siforce-tec\/siforce-9-300x231.jpg 300w\" sizes=\"(max-width: 660px) 100vw, 660px\" \/><\/figure><div class=\"wp-block-media-text__content\">\n<h3 class=\"wp-block-heading\" style=\"margin-top:var(--wp--preset--spacing--4-rem)\">Absolut ausfallsicher<\/h3>\n\n\n\n<p style=\"margin-bottom:var(--wp--preset--spacing--4-rem)\">W\u00e4hrend sich eine federbet\u00e4tigte Linearbremse ohne SiForce Technology durch eine Fehlfunktion oder Fehlbedienung auch&nbsp;unter Last&nbsp;immer \u00f6ffnen l\u00e4sst, muss bei der SiForce Technology zun\u00e4chst eine sichere, anderweitige \u00dcbernahme der Last gew\u00e4hrleistet sein. Die Klemmung muss also nach \u00dcbernahme der Last (und nur dann!) erst entlastet werden, bevor sie ge\u00f6ffnet werden kann. Sie k\u00f6nnen die Klemmung in der Regel nur dann entlasten, d.&nbsp;h. die Last anheben, wenn etwas vorhanden ist, das die Last \u00fcbernimmt, z.&nbsp;B. der intakte Antrieb der Maschine. \u2028\u2028Durch die SiForce Technology ist somit automatisch gew\u00e4hrleistet, dass es sicher ist, die Klemmung zu l\u00f6sen \u2013 denn die Last muss dazu anderweitig abgest\u00fctzt sein. Gut zu wissen: Hat der Klemmkopf mit SiForce Technology die Last &#8222;nur&#8220; gesichert, aber noch nicht \u00fcbernommen, l\u00e4sst er sich durch einfaches Druckbeaufschlagen \u00f6ffnen &#8211; ganz wie eine federbet\u00e4tigte Linearbremse auch.<\/p>\n<\/div><\/div>\n\n\n\n<div class=\"wp-block-media-text has-media-on-the-right is-stacked-on-mobile has-background\" style=\"background-color:#f1f1f1;margin-top:0;margin-bottom:0\"><div class=\"wp-block-media-text__content\">\n<h3 class=\"wp-block-heading\" style=\"margin-top:var(--wp--preset--spacing--4-rem)\">Kein &#8222;Freifahren&#8220; n\u00f6tig<\/h3>\n\n\n\n<p>Oft h\u00f6rt man in der Branche den Mythos, dass selbstverst\u00e4rkende Klemmsysteme immer \u201efreigefahren\u201c werden m\u00fcssten,&nbsp; was ein Nachteil sei. Diese Behauptung ist jedoch in der Sache nicht richtig. Es besteht weder die Notwendigkeit des \u201eFreifahrens\u201c, noch kann man im Zuge einer Sicherheitsanalyse den Schutz gegen unbeabsichtigtes L\u00f6sen als Nachteil verstehen.<\/p>\n\n\n\n<p class=\"has-orange-50-color has-text-color has-link-color wp-elements-45032459bd2f022dcd212620684412ab\" style=\"margin-bottom:var(--wp--preset--spacing--4-rem)\"><strong>Achten Sie beim Einsatz einer Linearbremse daher immer auf das SiForce-Logo, um optimalen Schutz f\u00fcr die Bediener Ihrer Anlage zu erhalten.<\/strong><\/p>\n<\/div><figure class=\"wp-block-media-text__media\"><img decoding=\"async\" width=\"648\" height=\"350\" src=\"https:\/\/www.sitema.de\/wp-content\/uploads\/siforce-tec\/product-extra-1.jpg\" alt=\"\" class=\"wp-image-13240 size-full\" srcset=\"https:\/\/www.sitema.de\/wp-content\/uploads\/siforce-tec\/product-extra-1.jpg 648w, https:\/\/www.sitema.de\/wp-content\/uploads\/siforce-tec\/product-extra-1-300x162.jpg 300w\" sizes=\"(max-width: 648px) 100vw, 648px\" \/><\/figure><\/div>\n<\/div>\n","protected":false},"excerpt":{"rendered":"<p>Eine starke Marke f\u00fcr eine einzigartige Technologie Die weltweit bew\u00e4hrte Technologie der selbstverst\u00e4rkenden Klemmung hat einen Namen. So schaffen wir durch Wiedererkennung Transparenz auf dem Markt f\u00fcr Klemmeinheiten und Linearbremsen. Dabei steht&nbsp;SiForce Technology&nbsp;nicht nur f\u00fcr Sicherheit, sondern gleichzeitig auch f\u00fcr das Prinzip der selbstverst\u00e4rkenden Kraft oder auch \u201eSelf Intensifying Force\u201c. Ein gro\u00dfes St\u00fcck Sicherheit f\u00fcr [&hellip;]<\/p>\n","protected":false},"author":1,"featured_media":0,"parent":7826,"menu_order":0,"comment_status":"closed","ping_status":"closed","template":"","meta":{"_acf_changed":false,"_seopress_robots_primary_cat":"","_seopress_titles_title":"SiForce Technology - %%sitetitle%%","_seopress_titles_desc":"Entdecken Sie SiForce Technology, eine f\u00fchrende Marke in der Spanntechnik. Unsere Produkte garantieren maximale Sicherheit f\u00fcr Mensch und Maschine und bieten Vorteile wie Unfallverh\u00fctung, sicheres automatisches L\u00f6sen und eine lange Lebensdauer.","_seopress_robots_index":"","footnotes":""},"class_list":["post-7908","page","type-page","status-publish","hentry"],"acf":[],"_links":{"self":[{"href":"https:\/\/www.sitema.de\/de\/wp-json\/wp\/v2\/pages\/7908","targetHints":{"allow":["GET"]}}],"collection":[{"href":"https:\/\/www.sitema.de\/de\/wp-json\/wp\/v2\/pages"}],"about":[{"href":"https:\/\/www.sitema.de\/de\/wp-json\/wp\/v2\/types\/page"}],"author":[{"embeddable":true,"href":"https:\/\/www.sitema.de\/de\/wp-json\/wp\/v2\/users\/1"}],"replies":[{"embeddable":true,"href":"https:\/\/www.sitema.de\/de\/wp-json\/wp\/v2\/comments?post=7908"}],"version-history":[{"count":28,"href":"https:\/\/www.sitema.de\/de\/wp-json\/wp\/v2\/pages\/7908\/revisions"}],"predecessor-version":[{"id":179468,"href":"https:\/\/www.sitema.de\/de\/wp-json\/wp\/v2\/pages\/7908\/revisions\/179468"}],"up":[{"embeddable":true,"href":"https:\/\/www.sitema.de\/de\/wp-json\/wp\/v2\/pages\/7826"}],"wp:attachment":[{"href":"https:\/\/www.sitema.de\/de\/wp-json\/wp\/v2\/media?parent=7908"}],"curies":[{"name":"wp","href":"https:\/\/api.w.org\/{rel}","templated":true}]}}