{"id":7826,"date":"2024-03-11T16:04:56","date_gmt":"2024-03-11T16:04:56","guid":{"rendered":"https:\/\/www.sitema.de\/?page_id=7826"},"modified":"2025-03-17T08:23:01","modified_gmt":"2025-03-17T08:23:01","slug":"unternehmen","status":"publish","type":"page","link":"https:\/\/www.sitema.de\/de\/unternehmen\/","title":{"rendered":"Unternehmen"},"content":{"rendered":"\n<section class=\"wp-block-group alignfull header-generic has-global-padding is-layout-constrained wp-block-group-is-layout-constrained\" id=\"header-generic\">\n<div class=\"wp-block-cover alignfull\" style=\"min-height:350px;aspect-ratio:unset;\"><span aria-hidden=\"true\" class=\"wp-block-cover__background has-background-dim wp-block-cover__gradient-background has-background-gradient\" style=\"background:linear-gradient(90deg,rgb(128,128,128) 0%,rgba(0,0,0,0) 100%)\"><\/span><img decoding=\"async\" width=\"1600\" height=\"800\" class=\"wp-block-cover__image-background wp-image-17952\" alt=\"\" src=\"https:\/\/www.sitema.de\/wp-content\/uploads\/unternehmen\/unternehmen_halle.jpg\" style=\"object-position:53% 61%\" data-object-fit=\"cover\" data-object-position=\"53% 61%\" srcset=\"https:\/\/www.sitema.de\/wp-content\/uploads\/unternehmen\/unternehmen_halle.jpg 1600w, https:\/\/www.sitema.de\/wp-content\/uploads\/unternehmen\/unternehmen_halle-300x150.jpg 300w, https:\/\/www.sitema.de\/wp-content\/uploads\/unternehmen\/unternehmen_halle-1024x512.jpg 1024w, https:\/\/www.sitema.de\/wp-content\/uploads\/unternehmen\/unternehmen_halle-768x384.jpg 768w, https:\/\/www.sitema.de\/wp-content\/uploads\/unternehmen\/unternehmen_halle-1536x768.jpg 1536w\" sizes=\"(max-width: 1600px) 100vw, 1600px\" \/><div class=\"wp-block-cover__inner-container has-global-padding is-layout-constrained wp-block-cover-is-layout-constrained\">\n<h1 class=\"wp-block-heading has-text-align-left has-blue-20-color has-text-color has-title-h-1-font-size\"><strong>Unternehmen<\/strong><\/h1>\n<\/div><\/div>\n<\/section>\n\n\n\n<div class=\"wp-block-group is-style-overlap has-global-padding is-layout-constrained wp-block-group-is-layout-constrained\">\r\n<section id=\"company-accordion\" class=\"company-accordion-container\">\r\n            <div class=\"company-accordion\">\r\n            <button type=\"button\">\r\n                <img decoding=\"async\" src=\"https:\/\/www.sitema.de\/wp-content\/themes\/sitema\/assets\/images\/icon-company-1.jpg\">\r\n                <h3>Transparenz macht uns erfolgreich<\/h3>\r\n            <\/button>\r\n            <div class=\"company-accordion-content\">\r\n                <p>Unser Firmensitz ist so gebaut, wie wir arbeiten: geradlinig und transparent. Mit einer offenen Architektur, die Verbindungen schafft und fu\u0308r Durchblick sorgt. Mit einem Raumkonzept, das Teamarbeit f\u00f6rdert und dabei doch die Konzentration auf unseren gemeinsamen Erfolg erm\u00f6glicht.<\/p>\r\n            <\/div>\r\n        <\/div>\r\n            <div class=\"company-accordion\">\r\n            <button type=\"button\">\r\n                <img decoding=\"async\" src=\"https:\/\/www.sitema.de\/wp-content\/themes\/sitema\/assets\/images\/icon-company-2.jpg\">\r\n                <h3>F\u00fcr Ihre Sicherheit tun wir alles<\/h3>\r\n            <\/button>\r\n            <div class=\"company-accordion-content\">\r\n                <p>Entwicklung und Konstruktion. Projektsteuerung und Kundenkontakt. Fertigung und Montage. Ausgangspr\u00fcfung und Versand. Ihre Sicherheit geben wir nicht aus der Hand &#8211; wir realisieren sie konsequent unter eigener Regie.<\/p>\r\n            <\/div>\r\n        <\/div>\r\n            <div class=\"company-accordion\">\r\n            <button type=\"button\">\r\n                <img decoding=\"async\" src=\"https:\/\/www.sitema.de\/wp-content\/themes\/sitema\/assets\/images\/icon-company-3.jpg\">\r\n                <h3>Unsere Werte sichern Vertrauen<\/h3>\r\n            <\/button>\r\n            <div class=\"company-accordion-content\">\r\n                <p>&#8222;Die Erf\u00fcllung der Qualit\u00e4tserwartungen unserer Kunden steht in allen Unternehmensprozessen an erster Stelle&#8220; &#8211; dieser Kernsatz unserer Philosophie zeigt: Qualit\u00e4t ist ein Unternehmensprinzip, an dem wir festhalten.<\/p>\r\n            <\/div>\r\n        <\/div>\r\n    <\/section><\/div>\n\n\n\n<div class=\"wp-block-group has-white-background-color has-background has-global-padding is-layout-constrained wp-container-core-group-is-layout-21e5db97 wp-block-group-is-layout-constrained\" style=\"border-radius:4px;margin-top:var(--wp--preset--spacing--4-rem);margin-bottom:0;padding-top:var(--wp--preset--spacing--4-rem);padding-right:var(--wp--preset--spacing--4-rem);padding-bottom:var(--wp--preset--spacing--4-rem);padding-left:var(--wp--preset--spacing--4-rem)\">\n<h3 class=\"wp-block-heading\">Unternehmen Sicherheit<\/h3>\n\n\n\n<div class=\"wp-block-columns is-layout-flex wp-container-core-columns-is-layout-28f84493 wp-block-columns-is-layout-flex\">\n<div class=\"wp-block-column is-layout-flow wp-block-column-is-layout-flow\" style=\"flex-basis:100%\">\n<h5 class=\"wp-block-heading has-orange-50-color has-text-color has-link-color wp-elements-4aedb21d66881888dfddab24b4caf5ba\">Wir sind die Spezialisten<\/h5>\n\n\n\n<p>SITEMA ist weltweit das einzige Unternehmen, das sich exklusiv auf die Entwicklung und Produktion von Klemmeinheiten und Linearbremsen auf runden Stangen konzentriert. Die Folge dieser Spezialisierung: SITEMA ist ein international gesch\u00e4tzter Partner f\u00fcr die Maschinenbau-Industrie. Das Sichern, Klemmen und Fixieren axial bewegter Lasten ist unser Spezialgebiet, auf dem wir seit vielen Jahren f\u00fchrend sind \u2013 hier sind SITEMA-Klemmk\u00f6pfe ein Markenbegriff. Mit unserem breiten Produktangebot bieten wir f\u00fcr jede Aufgabe eine einzigartige Beratungs- und L\u00f6sungskompetenz.<\/p>\n<\/div>\n\n\n\n<div class=\"wp-block-column is-layout-flow wp-block-column-is-layout-flow\" style=\"flex-basis:100%\">\n<h5 class=\"wp-block-heading has-orange-50-color has-text-color has-link-color wp-elements-807f61e453a011805a0eee02ece0532f\">F\u00fchrende Erfahrung<\/h5>\n\n\n\n<p>Schon 1979 entwickelte SITEMA das erste System, das es erm\u00f6glichte, die hohen Bremskr\u00e4fte von hydraulischen Aufz\u00fcgen durch Reibung direkt an der Kolbenstange zu \u00fcbertragen. Diese neue Technologie bildete die Basis f\u00fcr die Weiterentwicklung und Diversifikation unterschiedlichster Klemmk\u00f6pfe. Heute entwickelt und produziert SITEMA hydraulisch, pneumatisch, mechanisch und elektrisch geschaltete Klemmeinheiten f\u00fcr eine Vielzahl von Anwendungsgebieten.<\/p>\n<\/div>\n<\/div>\n<\/div>\n\n\n\n<figure class=\"wp-block-video border-radius-4\" style=\"margin-top:var(--wp--preset--spacing--4-rem)\"><video height=\"658\" style=\"aspect-ratio: 1170 \/ 658;\" width=\"1170\" controls poster=\"https:\/\/www.sitema.de\/wp-content\/uploads\/unternehmen\/sitema-image-film_poster.jpg\" src=\"https:\/\/www.sitema.de\/wp-content\/uploads\/videos\/28_11_2016_projekt_sitema_imagefilm_WEB_1170p.mp4\"><\/video><\/figure>\n\n\n\n<div class=\"wp-block-media-text has-media-on-the-right is-stacked-on-mobile is-image-fill-element border-radius-4 has-white-background-color has-background\" style=\"margin-top:var(--wp--preset--spacing--4-rem);margin-bottom:var(--wp--preset--spacing--4-rem);grid-template-columns:auto 40%\"><div class=\"wp-block-media-text__content\">\n<div class=\"wp-block-group has-global-padding is-layout-constrained wp-block-group-is-layout-constrained\">\n<h3 class=\"wp-block-heading\" style=\"margin-top:var(--wp--preset--spacing--4-rem)\">Qualit\u00e4t schafft Vertrauen<\/h3>\n\n\n\n<h5 class=\"wp-block-heading has-orange-50-color has-text-color has-headline-h-5-font-size\">Garantierte Zuverl\u00e4ssigkeit<\/h5>\n\n\n\n<p>H\u00f6chste Anspr\u00fcche an die Qualit\u00e4t unserer Produkte haben uns erfolgreich gemacht. Denn f\u00fcr sicherheitsrelevante Bauteile ist absolute Funktionssicherheit Pflicht \u2013 und f\u00fcr uns ist sie selbstverst\u00e4ndlich. SITEMA-Klemmk\u00f6pfe sind von zust\u00e4ndigen europ\u00e4ischen Stellen als Hochhalte-Einrichtungen zugelassen. Zertifiziert nach ISO 9001 &amp; ISO 14001 verf\u00fcgt SITEMA \u00fcber ein effizientes Managementsystem, das international anerkannten Ma\u00dfst\u00e4ben gen\u00fcgt und Zuverl\u00e4ssigkeit und Qualit\u00e4t auch f\u00fcr interne Abl\u00e4ufe sicherstellt.<\/p>\n\n\n\n<h5 class=\"wp-block-heading has-orange-50-color has-text-color has-headline-h-5-font-size\">100% Ausgangspr\u00fcfung<\/h5>\n\n\n\n<p style=\"margin-bottom:var(--wp--preset--spacing--4-rem)\">Direkt im Anschluss an die Fertigung wird jede einzelne Klemmeinheit mit hauseigenen Pr\u00fcfanlagen auf Funktion und Haltekraft \u00fcberpr\u00fcft. Die komplette Pr\u00fcfdokumentation \u2028wird archiviert und ist f\u00fcr den Kunden jederzeit verf\u00fcgbar.<\/p>\n<\/div>\n<\/div><figure class=\"wp-block-media-text__media\"><img decoding=\"async\" width=\"585\" height=\"410\" src=\"https:\/\/www.sitema.de\/wp-content\/uploads\/unternehmen\/edd694d93979af7b3cfe359ed6abc476.jpg\" alt=\"\" class=\"wp-image-7889 size-full\" style=\"object-position:50% 50%\" srcset=\"https:\/\/www.sitema.de\/wp-content\/uploads\/unternehmen\/edd694d93979af7b3cfe359ed6abc476.jpg 585w, https:\/\/www.sitema.de\/wp-content\/uploads\/unternehmen\/edd694d93979af7b3cfe359ed6abc476-300x210.jpg 300w\" sizes=\"(max-width: 585px) 100vw, 585px\" \/><\/figure><\/div>\n\n\n\n<div id=\"company-certifications\" class=\"wp-block-group company-certifications has-white-background-color has-background has-global-padding is-layout-constrained wp-container-core-group-is-layout-21e5db97 wp-block-group-is-layout-constrained\" style=\"border-radius:4px;margin-top:var(--wp--preset--spacing--4-rem);margin-bottom:0;padding-top:var(--wp--preset--spacing--4-rem);padding-right:var(--wp--preset--spacing--4-rem);padding-bottom:var(--wp--preset--spacing--4-rem);padding-left:var(--wp--preset--spacing--4-rem)\">\n<h3 class=\"wp-block-heading\">Zulassungen und Zertifizierungen<\/h3>\n\n\n\n<div class=\"wp-block-columns is-layout-flex wp-container-core-columns-is-layout-28f84493 wp-block-columns-is-layout-flex\">\n<div class=\"wp-block-column is-layout-flow wp-block-column-is-layout-flow\">\n<figure class=\"wp-block-image aligncenter size-full\"><img decoding=\"async\" src=\"https:\/\/www.sitema.de\/wp-content\/themes\/sitema\/assets\/images\/certificate-1.jpg\" alt=\"\" class=\"wp-image-5948\"\/><\/figure>\n\n\n\n<p class=\"has-text-align-center has-small-font-size\" style=\"line-height:1.4\">DGUV-Pr\u00fcfbescheinigung f\u00fcr Absturzsicherungen (z.B. f\u00fcr Pressen nach ISO 16092 oder EN 693)<\/p>\n<\/div>\n\n\n\n<div class=\"wp-block-column is-layout-flow wp-block-column-is-layout-flow\">\n<figure class=\"wp-block-image aligncenter size-full\"><img decoding=\"async\" src=\"https:\/\/www.sitema.de\/wp-content\/themes\/sitema\/assets\/images\/certificate-2.jpg\" alt=\"\" class=\"wp-image-6014\"\/><\/figure>\n\n\n\n<p class=\"has-text-align-center has-small-font-size\" style=\"line-height:1.4\">DGUV-Pr\u00fcfbescheinigung f\u00fcr Sicherheitsbremsen<\/p>\n<\/div>\n\n\n\n<div class=\"wp-block-column is-layout-flow wp-block-column-is-layout-flow\">\n<figure class=\"wp-block-image aligncenter size-full\"><img decoding=\"async\" src=\"https:\/\/www.sitema.de\/wp-content\/themes\/sitema\/assets\/images\/certificate-3.jpg\" alt=\"\" class=\"wp-image-6003\"\/><\/figure>\n\n\n\n<p class=\"has-text-align-center has-small-font-size\" style=\"line-height:1.4\">DGUV-Pr\u00fcfbescheinigung f\u00fcr Feststelleinheiten KFHS<\/p>\n<\/div>\n\n\n\n<div class=\"wp-block-column is-layout-flow wp-block-column-is-layout-flow\">\n<figure class=\"wp-block-image aligncenter size-full\"><img decoding=\"async\" width=\"152\" height=\"146\" src=\"https:\/\/www.sitema.de\/wp-content\/uploads\/zertifikate\/certificate-8.jpg\" alt=\"\" class=\"wp-image-92023\"\/><\/figure>\n\n\n\n<p class=\"has-text-align-center has-small-font-size\" style=\"line-height:1.4\">T\u00dcV-<br>Bescheinigung \u00fcber CE- und UL-Konformit\u00e4t der Sicherheitsbremse KSE<\/p>\n<\/div>\n\n\n\n<div class=\"wp-block-column is-layout-flow wp-block-column-is-layout-flow\">\n<figure class=\"wp-block-image aligncenter size-full\"><img decoding=\"async\" src=\"https:\/\/www.sitema.de\/wp-content\/themes\/sitema\/assets\/images\/certificate-4.jpg\" alt=\"\" class=\"wp-image-5992\"\/><\/figure>\n\n\n\n<p class=\"has-text-align-center has-small-font-size\" style=\"line-height:1.4\">Lloyd\u2019s Register Zertifizierung f\u00fcr Feststelleinheiten KFHL<\/p>\n<\/div>\n\n\n\n<div class=\"wp-block-column is-layout-flow wp-block-column-is-layout-flow\">\n<figure class=\"wp-block-image aligncenter size-full\"><img decoding=\"async\" src=\"https:\/\/www.sitema.de\/wp-content\/themes\/sitema\/assets\/images\/certificate-5.jpg\" alt=\"\" class=\"wp-image-5981\"\/><\/figure>\n\n\n\n<p class=\"has-text-align-center has-small-font-size\" style=\"line-height:1.4\">Zertifikat ISO 9001:2015 <a href=\"http:\/\/www.tuev-sued.de\/ms-zert\">www.tuev-sued.de\/ms-zert<\/a><\/p>\n<\/div>\n\n\n\n<div class=\"wp-block-column is-layout-flow wp-block-column-is-layout-flow\">\n<figure class=\"wp-block-image aligncenter size-full\"><img decoding=\"async\" src=\"https:\/\/www.sitema.de\/wp-content\/themes\/sitema\/assets\/images\/certificate-6.jpg\" alt=\"\" class=\"wp-image-5970\"\/><\/figure>\n\n\n\n<p class=\"has-text-align-center has-small-font-size\" style=\"line-height:1.4\">Zertifikat ISO 14001:2015 <a href=\"http:\/\/www.tuev-sued.de\/ms-zert\">www.tuev-sued.de\/ms-zert<\/a><\/p>\n<\/div>\n\n\n\n<div class=\"wp-block-column is-layout-flow wp-block-column-is-layout-flow\">\n<figure class=\"wp-block-image aligncenter size-full\"><img decoding=\"async\" src=\"https:\/\/www.sitema.de\/wp-content\/themes\/sitema\/assets\/images\/certificate-7.jpg\" alt=\"\" class=\"wp-image-5959\"\/><\/figure>\n<\/div>\n<\/div>\n<\/div>\n\n\n\n<div class=\"wp-block-group border-radius-4 has-global-padding is-layout-constrained wp-block-group-is-layout-constrained\" style=\"border-radius:4px;margin-top:var(--wp--preset--spacing--4-rem);margin-bottom:var(--wp--preset--spacing--4-rem)\">\n<div class=\"wp-block-media-text is-stacked-on-mobile is-image-fill-element has-white-background-color has-background\" style=\"margin-top:0;margin-bottom:0\"><figure class=\"wp-block-media-text__media\"><img decoding=\"async\" width=\"585\" height=\"410\" src=\"https:\/\/www.sitema.de\/wp-content\/uploads\/unternehmen\/d2b0c040e92560f887a108eab806cf27.jpg\" alt=\"\" class=\"wp-image-7862 size-full\" style=\"object-position:50% 50%\" srcset=\"https:\/\/www.sitema.de\/wp-content\/uploads\/unternehmen\/d2b0c040e92560f887a108eab806cf27.jpg 585w, https:\/\/www.sitema.de\/wp-content\/uploads\/unternehmen\/d2b0c040e92560f887a108eab806cf27-300x210.jpg 300w\" sizes=\"(max-width: 585px) 100vw, 585px\" \/><\/figure><div class=\"wp-block-media-text__content\">\n<div class=\"wp-block-group has-global-padding is-layout-constrained wp-block-group-is-layout-constrained\" style=\"min-height:380px\">\n<h3 class=\"wp-block-heading\" style=\"margin-top:var(--wp--preset--spacing--4-rem)\">Unser Service f\u00fcr Ihre Effizienz<\/h3>\n\n\n\n<h5 class=\"wp-block-heading has-orange-50-color has-text-color has-headline-h-5-font-size\">Schnelle Reaktion<\/h5>\n\n\n\n<p style=\"padding-bottom:var(--wp--preset--spacing--4-rem)\">Ob Beratung, Instandsetzung oder Versand: Das SITEMA-Dienstleistungsangebot stellt schnelle Reaktionen in den Vordergrund. Dahinter steht ein engagiertes und kundenorientiertes Team, das komplexe Kundenanforderungen zeitnah und effizient l\u00f6st. Schnelle Lieferung kompletter Komponenten im Austausch und kompetenter Service und Support sichern die Produktivit\u00e4t unserer Kunden.<\/p>\n<\/div>\n<\/div><\/div>\n\n\n\n<div class=\"wp-block-media-text has-media-on-the-right is-stacked-on-mobile is-image-fill-element has-white-background-color has-background\" style=\"margin-top:0;margin-bottom:0\"><div class=\"wp-block-media-text__content\">\n<div class=\"wp-block-group has-global-padding is-layout-constrained wp-block-group-is-layout-constrained\" style=\"min-height:380px\">\n<h3 class=\"wp-block-heading\" style=\"margin-top:var(--wp--preset--spacing--4-rem)\">Schnelle Lieferungen sichern Ihre Produktivit\u00e4t<\/h3>\n\n\n\n<h5 class=\"wp-block-heading has-orange-50-color has-text-color has-headline-h-5-font-size\">Kurze Lieferzeiten<\/h5>\n\n\n\n<p style=\"padding-bottom:var(--wp--preset--spacing--4-rem)\">Unsere hohe Lieferbereitschaft f\u00fcr Standardprodukte wird durch den gro\u00dfen Lagerbestand sichergestellt. Permanent stehen circa 2000 SITEMA-Klemmk\u00f6pfe mit unterschiedlichsten Haltekr\u00e4ften und f\u00fcr viele Stangendurchmesser zur schnellen Lieferung bereit. Mit dem Status \u201ebekannter Versender\u201c erf\u00fcllt SITEMA alle Voraussetzungen f\u00fcr schnelle Luftfrachtsendungen in alle Welt.<\/p>\n<\/div>\n<\/div><figure class=\"wp-block-media-text__media\"><img decoding=\"async\" width=\"585\" height=\"410\" src=\"https:\/\/www.sitema.de\/wp-content\/uploads\/unternehmen\/0719a23477fbd1480c57db87e69a00c9.jpg\" alt=\"\" class=\"wp-image-7851 size-full\" style=\"object-position:50% 50%\" srcset=\"https:\/\/www.sitema.de\/wp-content\/uploads\/unternehmen\/0719a23477fbd1480c57db87e69a00c9.jpg 585w, https:\/\/www.sitema.de\/wp-content\/uploads\/unternehmen\/0719a23477fbd1480c57db87e69a00c9-300x210.jpg 300w\" sizes=\"(max-width: 585px) 100vw, 585px\" \/><\/figure><\/div>\n\n\n\n<div class=\"wp-block-media-text is-stacked-on-mobile is-image-fill-element has-white-background-color has-background\" style=\"margin-top:0;margin-bottom:0\"><figure class=\"wp-block-media-text__media\"><img decoding=\"async\" width=\"585\" height=\"410\" src=\"https:\/\/www.sitema.de\/wp-content\/uploads\/unternehmen\/3351ed3e05e11e8f65261c883f30c11e.jpg\" alt=\"\" class=\"wp-image-7840 size-full\" style=\"object-position:50% 50%\" srcset=\"https:\/\/www.sitema.de\/wp-content\/uploads\/unternehmen\/3351ed3e05e11e8f65261c883f30c11e.jpg 585w, https:\/\/www.sitema.de\/wp-content\/uploads\/unternehmen\/3351ed3e05e11e8f65261c883f30c11e-300x210.jpg 300w\" sizes=\"(max-width: 585px) 100vw, 585px\" \/><\/figure><div class=\"wp-block-media-text__content\">\n<div class=\"wp-block-group has-global-padding is-layout-constrained wp-block-group-is-layout-constrained\" style=\"min-height:380px\">\n<h3 class=\"wp-block-heading\" style=\"margin-top:var(--wp--preset--spacing--4-rem)\">Ma\u00dfgeschneidert f\u00fcr Sie<\/h3>\n\n\n\n<h5 class=\"wp-block-heading has-orange-50-color has-text-color has-headline-h-5-font-size\">Sonderl\u00f6sungen individuell und schnell<\/h5>\n\n\n\n<p style=\"padding-bottom:var(--wp--preset--spacing--4-rem)\">Die technischen Anforderungen f\u00fcr die Anfertigung von Einzelst\u00fccken und Kleinserien analysiert das SITEMA-Entwicklungsteam mit viel Routine \u2013 und konstruiert und realisiert auf dieser Basis mit gro\u00dfem Engagement individuell zugeschnittene Sonderl\u00f6sungen. Je ungew\u00f6hnlicher eine Applikation f\u00fcr einen Klemmkopf, desto mehr weckt das unseren Ehrgeiz, eine neue L\u00f6sung zu finden.<\/p>\n<\/div>\n<\/div><\/div>\n\n\n\n<div class=\"wp-block-media-text has-media-on-the-right is-stacked-on-mobile is-image-fill-element has-white-background-color has-background\" style=\"margin-top:0;margin-bottom:0\"><div class=\"wp-block-media-text__content\">\n<div class=\"wp-block-group has-global-padding is-layout-constrained wp-block-group-is-layout-constrained\" style=\"min-height:380px\">\n<h3 class=\"wp-block-heading\" style=\"margin-top:var(--wp--preset--spacing--4-rem)\">Immer besser werden<\/h3>\n\n\n\n<h5 class=\"wp-block-heading has-orange-50-color has-text-color has-headline-h-5-font-size\">Konsequent weiterentwickeln<\/h5>\n\n\n\n<p>Bei ausgereiften Produkten setzen Optimierungen im Detail an. Das SITEMA-Entwicklungsteam sorgt gezielt f\u00fcr eine kontinuierliche konstruktive Verbesserung und Erweiterung des Produktprogramms. So entstand z. B. der PowerStroke als innovative L\u00f6sung f\u00fcr das Zuhalten von Formen.<\/p>\n\n\n\n<h5 class=\"wp-block-heading has-orange-50-color has-text-color has-headline-h-5-font-size\">Kundenorientiert testen<\/h5>\n\n\n\n<p style=\"padding-bottom:var(--wp--preset--spacing--4-rem)\">F\u00fcr Klemmkraftpr\u00fcfungen verf\u00fcgt SITEMA \u00fcber Pressen mit bis zu 1000 Tonnen Pr\u00fcfkraft und einen dynamischen Testpr\u00fcfstand f\u00fcr Fallgeschwindigkeiten bis 3 m\/s. In enger Zusammenarbeit mit den Entwicklungsmitarbeitern unserer Kunden stellen wir damit sicher, dass ein SITEMA-Klemmkopf die Kundenanforderungen immer erf\u00fcllt.<\/p>\n<\/div>\n<\/div><figure class=\"wp-block-media-text__media\"><img decoding=\"async\" width=\"585\" height=\"410\" src=\"https:\/\/www.sitema.de\/wp-content\/uploads\/unternehmen\/eb5c2ce06ebac46c6762ed0c4e3e0806.jpg\" alt=\"\" class=\"wp-image-7829 size-full\" style=\"object-position:50% 50%\" srcset=\"https:\/\/www.sitema.de\/wp-content\/uploads\/unternehmen\/eb5c2ce06ebac46c6762ed0c4e3e0806.jpg 585w, https:\/\/www.sitema.de\/wp-content\/uploads\/unternehmen\/eb5c2ce06ebac46c6762ed0c4e3e0806-300x210.jpg 300w\" sizes=\"(max-width: 585px) 100vw, 585px\" \/><\/figure><\/div>\n<\/div>\n\n\n\n<div class=\"wp-block-cover alignfull is-light\" style=\"min-height:500px;aspect-ratio:unset;\"><span aria-hidden=\"true\" class=\"wp-block-cover__background has-background-dim-0 has-background-dim\" style=\"background-color:#9da8b1\"><\/span><img decoding=\"async\" width=\"2000\" height=\"835\" class=\"wp-block-cover__image-background wp-image-10834\" alt=\"\" src=\"https:\/\/www.sitema.de\/wp-content\/uploads\/unternehmen\/vertrieb.jpg\" style=\"object-position:67% 29%\" data-object-fit=\"cover\" data-object-position=\"67% 29%\" srcset=\"https:\/\/www.sitema.de\/wp-content\/uploads\/unternehmen\/vertrieb.jpg 2000w, https:\/\/www.sitema.de\/wp-content\/uploads\/unternehmen\/vertrieb-300x125.jpg 300w, https:\/\/www.sitema.de\/wp-content\/uploads\/unternehmen\/vertrieb-1024x428.jpg 1024w, https:\/\/www.sitema.de\/wp-content\/uploads\/unternehmen\/vertrieb-768x321.jpg 768w, https:\/\/www.sitema.de\/wp-content\/uploads\/unternehmen\/vertrieb-1536x641.jpg 1536w\" sizes=\"(max-width: 2000px) 100vw, 2000px\" \/><div class=\"wp-block-cover__inner-container has-global-padding is-layout-constrained wp-block-cover-is-layout-constrained\">\n<p class=\"has-text-align-center has-large-font-size\"><\/p>\n<\/div><\/div>\n","protected":false},"excerpt":{"rendered":"<p>Unternehmen Sicherheit Wir sind die Spezialisten SITEMA ist weltweit das einzige Unternehmen, das sich exklusiv auf die Entwicklung und Produktion von Klemmeinheiten und Linearbremsen auf runden Stangen konzentriert. Die Folge dieser Spezialisierung: SITEMA ist ein international gesch\u00e4tzter Partner f\u00fcr die Maschinenbau-Industrie. Das Sichern, Klemmen und Fixieren axial bewegter Lasten ist unser Spezialgebiet, auf dem wir [&hellip;]<\/p>\n","protected":false},"author":1,"featured_media":0,"parent":0,"menu_order":0,"comment_status":"closed","ping_status":"closed","template":"","meta":{"_acf_changed":false,"_seopress_robots_primary_cat":"","_seopress_titles_title":"Unternehmen - %%sitetitle%%","_seopress_titles_desc":"SITEMA ist weltweit das einzige Unternehmen, das sich auf die Entwicklung und Herstellung von Klemmk\u00f6pfen und Linearbremsen spezialisiert hat. Dank dieser Spezialisierung ist SITEMA ein international gesch\u00e4tzter Partner im Maschinenbau.","_seopress_robots_index":"","footnotes":""},"class_list":["post-7826","page","type-page","status-publish","hentry"],"acf":[],"_links":{"self":[{"href":"https:\/\/www.sitema.de\/de\/wp-json\/wp\/v2\/pages\/7826","targetHints":{"allow":["GET"]}}],"collection":[{"href":"https:\/\/www.sitema.de\/de\/wp-json\/wp\/v2\/pages"}],"about":[{"href":"https:\/\/www.sitema.de\/de\/wp-json\/wp\/v2\/types\/page"}],"author":[{"embeddable":true,"href":"https:\/\/www.sitema.de\/de\/wp-json\/wp\/v2\/users\/1"}],"replies":[{"embeddable":true,"href":"https:\/\/www.sitema.de\/de\/wp-json\/wp\/v2\/comments?post=7826"}],"version-history":[{"count":29,"href":"https:\/\/www.sitema.de\/de\/wp-json\/wp\/v2\/pages\/7826\/revisions"}],"predecessor-version":[{"id":92035,"href":"https:\/\/www.sitema.de\/de\/wp-json\/wp\/v2\/pages\/7826\/revisions\/92035"}],"wp:attachment":[{"href":"https:\/\/www.sitema.de\/de\/wp-json\/wp\/v2\/media?parent=7826"}],"curies":[{"name":"wp","href":"https:\/\/api.w.org\/{rel}","templated":true}]}}