{"id":6619,"date":"2024-02-28T11:35:18","date_gmt":"2024-02-28T11:35:18","guid":{"rendered":"https:\/\/www.sitema.de\/?page_id=6619"},"modified":"2024-07-29T10:22:42","modified_gmt":"2024-07-29T10:22:42","slug":"datenschutz","status":"publish","type":"page","link":"https:\/\/www.sitema.de\/de\/datenschutz\/","title":{"rendered":"Datenschutz"},"content":{"rendered":"\n<section class=\"wp-block-group alignfull header-generic has-global-padding is-layout-constrained wp-block-group-is-layout-constrained\" id=\"header-generic\">\n<div class=\"wp-block-cover alignfull\" style=\"min-height:350px;aspect-ratio:unset;\"><span aria-hidden=\"true\" class=\"wp-block-cover__background has-background-dim-30 has-background-dim wp-block-cover__gradient-background has-background-gradient\" style=\"background:linear-gradient(90deg,rgb(128,128,128) 0%,rgba(0,0,0,0) 100%)\"><\/span><img decoding=\"async\" class=\"wp-block-cover__image-background wp-image-801\" alt=\"\" src=\"https:\/\/www.sitema.de\/wp-content\/themes\/sitema\/assets\/images\/custom-header.jpg\" style=\"object-position:50% 50%\" data-object-fit=\"cover\" data-object-position=\"50% 50%\"\/><div class=\"wp-block-cover__inner-container has-global-padding is-layout-constrained wp-block-cover-is-layout-constrained\">\n<h1 class=\"wp-block-heading has-text-align-left has-blue-20-color has-text-color has-title-h-1-font-size\">Datenschutzerkl\u00e4rung<\/h1>\n<\/div><\/div>\n<\/section>\n\n\n\n<section id=\"block-content-image-gallery\" class=\"wp-block-group pattern__image-gallery has-white-background-color has-background has-global-padding is-layout-constrained wp-container-core-group-is-layout-8b30ac19 wp-block-group-is-layout-constrained\" style=\"padding-top:var(--wp--preset--spacing--5-rem);padding-right:var(--wp--preset--spacing--5-rem);padding-bottom:var(--wp--preset--spacing--5-rem);padding-left:var(--wp--preset--spacing--5-rem)\">\n<div class=\"wp-block-columns is-layout-flex wp-container-core-columns-is-layout-28f84493 wp-block-columns-is-layout-flex\">\n<div class=\"wp-block-column is-layout-flow wp-block-column-is-layout-flow\">\n<h2 class=\"wp-block-heading\">Datenschutz<\/h2>\n\n\n\n<p>Die Betreiber dieser Seiten nehmen den Schutz Ihrer pers\u00f6nlichen Daten sehr ernst. Wir behandeln Ihre personenbezogenen Daten vertraulich und entsprechend der gesetzlichen Datenschutzvorschriften sowie dieser Datenschutzerkl\u00e4rung.<\/p>\n\n\n\n<p>Hiermit informieren wir Sie \u00fcber die Verarbeitung Ihrer personenbezogenen Daten durch die SITEMA GmbH &amp; Co. KG und Ihre Rechte, die Ihnen in diesem Zusammenhang zustehen.<\/p>\n\n\n\n<h2 class=\"wp-block-heading\">A. Verantwortlicher f\u00fcr die Datenverarbeitung ist die<\/h2>\n\n\n\n<p>SITEMA GmbH &amp; Co. KG<\/p>\n\n\n\n<p>G.-Braun-Stra\u00dfe 13<\/p>\n\n\n\n<p>D-76187 Karlsruhe<\/p>\n\n\n\n<p>Telefon: +49 721 98661-0<\/p>\n\n\n\n<p>Den Datenschutzbeauftragten erreichen Sie per Post unter der oben angegebenen Adresse mit dem Zusatz \u201eDatenschutzbeauftragter\u201c oder per E-Mail (datenschutz@sitema.de).<\/p>\n\n\n\n<h2 class=\"wp-block-heading\">B. Datenkategorien, Zwecke und Rechtsgrundlage der Verarbeitung<\/h2>\n\n\n\n<p>Wir verarbeiten Ihre personenbezogenen Daten, die wir im Rahmen von Gesch\u00e4ftsbeziehungen von Ihnen oder Dritten erhalten. Dies sind in der Regel Kontaktdaten (Name, Adresse, Telefonnummer und E-Mail-Adresse) und \u2013 soweit im Rahmen der Gesch\u00e4ftsabwicklung erforderlich \u2013 Bank- und Zahlungs-(verkehrs)-daten (Bank, Kontoverbindung, Verwendungszweck, ggf. Kreditkarteninformationen), Informationen aus \u00f6ffentlich verf\u00fcgbaren Quellen, Informationsdatenbanken und Auskunfteien (z.&nbsp;B. Internet, Handelsregister, Wirtschaftsauskunftei) sowie sonstige Daten, die Sie uns im Rahmen der Abwicklung eines Projekts oder einer Vertragsbeziehung bzw. im Rahmen einer Vertragsanbahnung freiwillig \u00fcberlassen.<\/p>\n\n\n\n<p>Wir verarbeiten Ihre personenbezogenen Daten ausschlie\u00dflich im Rahmen der gesetzlichen Bestimmungen, insbesondere unter Beachtung der Vorschriften der Datenschutzgrundverordnung (\u201eDSGVO\u201c) und des Datenschutzanpassungs- und Umsetzungsgesetzes EU (\u201eBDSG neu\u201c).<\/p>\n\n\n\n<p>Wir verarbeiten Ihre personenbezogenen Daten aufgrund der nachfolgend beschriebenen Rechtsgrundlagen und zu Zwecken<\/p>\n\n\n\n<ul class=\"wp-block-list\">\n<li>der Vertragsanbahnung, Vertragsdurchf\u00fchrung und Beendigung von Vertragsverh\u00e4ltnissen (Art. 6 Abs. 1 b DSGVO), z.&nbsp;B. Erf\u00fcllung eines Vertrages (wie z.&nbsp;B. Lieferung oder Erbringung einer Dienstleistung und Zahlungsabwicklung), allgemeine Kommunikation mit Gesch\u00e4ftspartnern, z.&nbsp;B. Beantwortung von Anfragen zu Produkten und Dienstleistungen, Vertragsverhandlungen etc.;<\/li>\n\n\n\n<li>aufgrund erteilter Einwilligungen (Art. 6 Abs. 1 a DSGVO), z.&nbsp;B. Zusendung von Newslettern oder Infoschreiben, Teilnahme an Marketingkampanien oder Umfragen etc.;<\/li>\n\n\n\n<li>aufgrund gesetzlicher Vorgaben (Art. 6 Abs. 1 c DSGVO), z.&nbsp;B. zur Erf\u00fcllung handelsrechtlicher oder steuerrechtliche Aufbewahrungspflichten, zur Erf\u00fcllung von Melde- oder Auskunftspflichten gegen\u00fcber Beh\u00f6rden etc;<\/li>\n\n\n\n<li>aufgrund eines berechtigten Interesses (Art. 6 Abs. 1 f DSGVO); z.&nbsp;B. Ma\u00dfnahmen zur IT-Sicherheit oder Ma\u00dfnahmen zur Sicherstellung eines ordnungsgem\u00e4\u00dfen Gesch\u00e4ftsbetriebes, zur Wahrung des Hausrechts, zur Geltendmachung rechtlicher Anspr\u00fcche oder zur Verteidigung bei rechtlichen Streitigkeiten, zur Sicherstellung von Compliance-Anforderungen etc.<\/li>\n<\/ul>\n\n\n\n<p>Da wir auch Kontaktdaten der uns von Ihnen als Ansprechpartner bezeichneten Personen nutzen, bitten wir Sie, diese Information auch innerhalb Ihres Unternehmens an die betreffenden Mitarbeiter weiterzugeben.<\/p>\n\n\n\n<p><strong>Erhebung personenbezogener Daten beim Besuch unserer Internetseite<\/strong><\/p>\n\n\n\n<p>Bei der rein informatorischen Nutzung der Internetseite, also wenn Sie uns keine Informationen \u00fcbermitteln, erheben wir nur die personenbezogenen Daten, die Ihr Browser an unseren Server \u00fcbermittelt.&nbsp;<\/p>\n\n\n\n<p>Unsere Internetseite verwendet die Open-Source-Software Matomo, um anonyme Nutzungsdaten f\u00fcr die SITEMA-Website zu sammeln.<\/p>\n\n\n\n<p>Die Daten zum Verhalten der Besucher werden gesammelt, um eventuelle Probleme wie nicht gefundene Seiten, Suchmaschinenprobleme oder unbeliebte Seiten herauszufinden. Sobald die Daten (z.B. Anzahl der Besucher, die Fehlerseiten sehen, etc.) verarbeitet werden, erzeugt Matomo Berichte f\u00fcr die Webseitenbetreiber, damit diese darauf reagieren k\u00f6nnen (z.B. durch Layoutver\u00e4nderungen, neue Inhalte, etc.).<\/p>\n\n\n\n<p>Wenn Sie unsere Internetseite aufrufen, erheben wir die folgenden Daten, von denen einige durch Matomo verarbeitet werden, gekennzeichnet durch \u201e(M)\u201c:<\/p>\n\n\n\n<ul class=\"wp-block-list\">\n<li>Anonymisierte IP-Adresse (M)<\/li>\n\n\n\n<li>Land, Region, Stadt, die mit niedriger Genauigkeit aus der anonymisierten IP-Adresse ermittelt werden (z.B. zur Bestimmung der Website-Sprache und zur Anzeige der Kontaktdaten des jeweiligen SITEMA-Gebietsvertreters) (M)<\/li>\n\n\n\n<li>Datum und Uhrzeit der Anfrage (M)<\/li>\n\n\n\n<li>Zeitzonendifferenz zur Greenwich Mean Time (GMT)<\/li>\n\n\n\n<li>Inhalt der Anforderung (konkrete Seite)<\/li>\n\n\n\n<li>Titel der aufgerufenen Seite (M)<\/li>\n\n\n\n<li>URL der aufgerufenen Seite (M)<\/li>\n\n\n\n<li>URL der vorhergehenden Seite (sofern diese das erlaubt) (M)<\/li>\n\n\n\n<li>Zugriffsstatus\/HTTP-Statuscode<\/li>\n\n\n\n<li>Jeweils \u00fcbertragene Datenmenge<\/li>\n\n\n\n<li>Internetseite, von der aus Sie unsere Internetseite aufgerufen haben (Referrer URL)<\/li>\n\n\n\n<li>Browsertyp, einschlie\u00dflich Sprache und verwendete Version<\/li>\n\n\n\n<li>Hauptsprache des Browsers (M)<\/li>\n\n\n\n<li>User Agent des Browsers (M)<\/li>\n\n\n\n<li>Betriebssystem<\/li>\n\n\n\n<li>Bildschirmaufl\u00f6sung (M)<\/li>\n\n\n\n<li>Dateien, die angeklickt und heruntergeladen wurden (M)<\/li>\n\n\n\n<li>Externe Links (M)<\/li>\n\n\n\n<li>Dauer des Seitenaufbaus (M)<\/li>\n\n\n\n<li>Interaktionen mit Formularen (f\u00fcr Matomo nicht deren Inhalt) (M)<\/li>\n<\/ul>\n\n\n\n<p>Die Daten werden in den Logfiles unseres Systems gespeichert. Eine Speicherung dieser Daten zusammen mit anderen personenbezogenen Daten des Nutzers findet nicht statt. Die Daten sind f\u00fcr uns technisch erforderlich, um Ihnen unsere Internetseite anzuzeigen und die Stabilit\u00e4t und Sicherheit zu gew\u00e4hrleisten. Hierf\u00fcr muss die IP-Adresse des Nutzers f\u00fcr die Dauer der Sitzung gespeichert bleiben. Die Speicherung in Logfiles erfolgt, um die Funktionsf\u00e4higkeit der Internetseite sicherzustellen. Zudem dienen uns die Daten zur Optimierung der Internetseite und zur Sicherstellung der Sicherheit unserer informationstechnischen Systeme.<\/p>\n\n\n\n<p>Diese Speicherung erfolgt auf der Rechtsgrundlage von Art. 6 Abs. 1 lit. f) DSGVO. Unser berechtigtes Interesse liegt in der Verbesserung, Stabilit\u00e4t, Funktionalit\u00e4t und Sicherheit unseres Internetauftritts.<\/p>\n\n\n\n<p>Die Daten werden gel\u00f6scht, sobald sie f\u00fcr die Erreichung des Zweckes ihrer Erhebung nicht mehr erforderlich sind. Im Falle der Erfassung der Daten zur Bereitstellung der Internetseite ist dies der Fall, wenn die jeweilige Sitzung beendet ist. Im Falle der Speicherung der Daten in Logfiles ist dies nach sp\u00e4testens sieben Tagen der Fall. Eine l\u00e4ngere Speicherung ist m\u00f6glich. In diesem Fall werden die IP-Adressen gel\u00f6scht oder verfremdet, sodass eine Zuordnung des aufrufenden Clients nicht mehr m\u00f6glich ist. Die Erfassung der Daten ist zur Bereitstellung der Internetseite erforderlich. Die Speicherung der Daten in Logfiles ist f\u00fcr den Betrieb der Internetseite n\u00f6tig. Es besteht folglich seitens des Nutzers keine Widerspruchsm\u00f6glichkeit. Wenn Sie hiermit nicht einverstanden sind, empfehlen wir, die Internetseite zu verlassen.<\/p>\n\n\n\n<h2 class=\"wp-block-heading\">C. Cookies<\/h2>\n\n\n\n<p>Um den Besuch unserer Website attraktiv zu gestalten und die Nutzung bestimmter Funktionen zu erm\u00f6glichen, verwenden wir auf verschiedenen Seiten sogenannte Cookies. Hierbei handelt es sich um kleine Textdateien, die auf Ihrem Endger\u00e4t abgelegt werden.Das einzige von uns direkt verwendete Cookie wird nach dem Ende der Browser-Sitzung, also nach Schlie\u00dfen Ihres Browsers, wieder gel\u00f6scht (sog. Sitzungs-Cookie).&nbsp;<\/p>\n\n\n\n<p>Wir nutzen Matomo (siehe Abschnitt B) ohne die Verwendung von Cookies.<\/p>\n\n\n\n<p>Dar\u00fcber hinaus verwenden wir die im Folgenden beschriebenen beiden Cookies:<\/p>\n\n\n\n<p><strong>Google reCAPTCHA<\/strong><\/p>\n\n\n\n<p>F\u00fcr unsere Kontaktformulare verwenden wir die reCAPTCHA Funktion von Google. Diese Funktion dient vor allem zur Unterscheidung, ob eine Eingabe durch eine nat\u00fcrliche Person erfolgt oder missbr\u00e4uchlich durch maschinelle und automatisierte Verarbeitung erfolgt. Der Dienst umfasst den Versand der IP-Adresse und ggf. weiterer von Google f\u00fcr den Dienst reCAPTCHA ben\u00f6tigter Daten an Google.<\/p>\n\n\n\n<p><strong>Google Maps<\/strong><\/p>\n\n\n\n<p>Auf unserer Kontaktseite verwenden wir Google Maps. Google Maps ist ein Webdienst zur Darstellung von interaktiven (Land-)Karten, um geographische Informationen visuell darzustellen. \u00dcber die Nutzung dieses Dienstes werden Ihnen Informationen zu unseren weltweiten Distributoren vermittelt und Ihnen u.a. unser Standort in Karlsruhe angezeigt.<\/p>\n\n\n\n<p>Der Karteninhalt wird von Google direkt an Ihren Browser \u00fcbermittelt und von diesem in die Seite eingebunden. Daher haben wir keinen Einfluss auf den Umfang der auf diese Weise von Google erhobenen Daten. Sie umfassen nach unserer Kenntnis mindestens den Versand der IP-Adresse, Datum und Uhrzeit des Besuchs auf der betreffenden Seite, Internetadresse oder URL der aufgerufenen Seite.<\/p>\n\n\n\n<p>Weiterf\u00fchrende Informationen zu Google reCAPTCHA und Google Maps finden Sie unter den folgenden Links direkt bei Google.ReCAPTCHA: <a href=\"https:\/\/www.google.com\/recaptcha\/\" target=\"_blank\" rel=\"noreferrer noopener\">https:\/\/www.google.com\/recaptcha\/<\/a>Maps: <a href=\"https:\/\/www.google.com\/intl\/de_US\/help\/terms_maps.html\" target=\"_blank\" rel=\"noreferrer noopener\">https:\/\/www.google.com\/intl\/de_US\/help\/terms_maps.html<\/a> Die Datenschutzerkl\u00e4rung von Google k\u00f6nnen Sie einsehen unter: <a href=\"https:\/\/policies.google.com\/privacy?hl=de\" target=\"_blank\" rel=\"noreferrer noopener\">https:\/\/policies.google.com\/privacy?hl=de<\/a><\/p>\n\n\n\n<p>Grunds\u00e4tzlich k\u00f6nnen Sie Ihren Browser so einstellen, dass Sie \u00fcber das Setzen von Cookies informiert werden und einzeln \u00fcber deren Annahme entscheiden oder die Annahme von Cookies f\u00fcr bestimmte F\u00e4lle oder generell ausschlie\u00dfen k\u00f6nnen. Jeder Browser unterscheidet sich in der Art, wie er die Cookie-Einstellungen verwaltet. Diese ist in dem Hilfemen\u00fc jedes Browsers beschrieben, welches Ihnen erl\u00e4utert, wie Sie Ihre Cookie-Einstellungen \u00e4ndern k\u00f6nnen.<\/p>\n\n\n\n<p>Bitte beachten Sie, dass bei Nichtannahme der Cookies die Funktionalit\u00e4t unserer Website eingeschr\u00e4nkt sein kann. Sie k\u00f6nnen Ihre Entscheidung \u00fcber den Reiter \u201eCookie-Einstellungen\u201c jederzeit \u00e4ndern.<\/p>\n\n\n\n<h2 class=\"wp-block-heading\">D. SITEMA-Apps<\/h2>\n\n\n\n<p>Die SITEMA-Apps erheben keine personenbezogenen Daten. Sie ben\u00f6tigen Zugriff auf die folgenden Bereiche Ihres Smartphones:<\/p>\n\n\n\n<p><strong>Ger\u00e4tespeicher<\/strong><\/p>\n\n\n\n<p>Der Ger\u00e4tespeicher wird f\u00fcr die Installation der App und zum Zwischenspeichern (\u201eCachen\u201c) von angezeigten Informationen und Daten genutzt.<\/p>\n\n\n\n<p><strong>Ger\u00e4tesprache<\/strong><\/p>\n\n\n\n<p>Die Ger\u00e4tesprache wird genutzt, um die angezeigte Sprache innerhalb der App anzupassen.<\/p>\n\n\n\n<h2 class=\"wp-block-heading\">E. Empf\u00e4nger oder Kategorien von Empf\u00e4ngern personenbezogener Daten<\/h2>\n\n\n\n<p>Wir \u00fcbermitteln Ihre personenbezogenen Daten an Beh\u00f6rden\/\u00f6ffentliche Stellen, sofern vorrangige Rechtsvorschriften dies erfordern.Gegebenenfalls \u00fcbermitteln wir Ihre personenbezogenen Daten an Gesellschaften unserer Unternehmensgruppe, wenn dies zur Erf\u00fcllung der oben in Abschnitt B. genannten Zwecke erforderlich ist.<\/p>\n\n\n\n<p>Wir setzten f\u00fcr verschiedene Gesch\u00e4ftsvorg\u00e4nge externe Dienstleister als Auftragsverarbeiter im Sinne von Art. 28 DSGVO ein. Mit diesen Dienstleistern wurden Auftragsdatenverarbeitungsvertr\u00e4ge abgeschlossen, um den Schutz Ihrer personenbezogenen Daten sicher zu stellen.<\/p>\n\n\n\n<p>Die vorstehend beschriebenen Empf\u00e4nger k\u00f6nnen sich auch in L\u00e4ndern au\u00dferhalb des europ\u00e4ischen Wirtschaftsraums (\u201eDrittl\u00e4nder\u201c) befinden. In Drittl\u00e4ndern ist unter Umst\u00e4nden nicht das gleiche Datenschutzniveau wie im europ\u00e4ischen Wirtschaftsraum gew\u00e4hrleistet. Sofern eine Daten\u00fcbermittlung in ein Drittland erfolgt, stellen wir sicher, dass diese \u00dcbermittlung nur nach Ma\u00dfgabe der gesetzlichen Bestimmungen erfolgt (Kapitel V DSGVO).<\/p>\n\n\n\n<h2 class=\"wp-block-heading\">F. Dauer der Speicherung<\/h2>\n\n\n\n<p>In der Regel werden personenbezogene Daten nach Ablauf der rechtlichen (vornehmlich der handels- und steuerrechtlichen) Aufbewahrungsfristen gel\u00f6scht. Sofern die personenbezogenen Daten nicht von den rechtlichen Aufbewahrungspflichten ber\u00fchrt sind, werden sie gel\u00f6scht, wenn sie f\u00fcr die oben in Abschnitt B. beschriebenen Zwecke nicht mehr erforderlich sind. Eine abweichende Speicherfrist kann vorliegen, wenn Sie hierin bei Erhebung der Daten eingewilligt haben.<\/p>\n\n\n\n<h2 class=\"wp-block-heading\">G. Betroffenenrechte<\/h2>\n\n\n\n<p>Sie haben das Recht, Auskunft \u00fcber Ihre bei uns gespeicherten personenbezogenen Daten zu erhalten, unrichtig gespeicherte personenbezogene Daten berichtigen zu lassen oder \u2013 sofern einschl\u00e4gig &#8211; Ihre Einwilligung in eine Datenverarbeitung jederzeit auch ohne Angaben von Gr\u00fcnden mit Wirkung f\u00fcr die Zukunft zu \u00e4ndern oder zu widerrufen, die Verarbeitung Ihrer personenbezogenen Daten mit Wirkung f\u00fcr die Zukunft einschr\u00e4nken zu lassen, der Verarbeitung Ihrer personenbezogenen Daten mit Wirkung f\u00fcr die Zukunft zu widersprechen oder die L\u00f6schung Ihrer personenbezogenen Daten zu verlangen. Sie sind unter den in Art. 20 DSGVO bestimmten Voraussetzungen berechtigt, die sie betreffenden personenbezogenen Daten, die gespeichert wurden, in einem strukturierten, g\u00e4ngigen und maschinenlesbaren Format zu erhalten und diese Daten einem anderen Verantwortlichen ohne Behinderung durch uns zu \u00fcbermitteln.<\/p>\n\n\n\n<p>Dar\u00fcber hinaus k\u00f6nnen Sie sich an den unter Abschnitt A. genannten Datenschutzbeauftragten wenden. Um etwaige Missbrauchsf\u00e4lle zu vermeiden, k\u00f6nnen wir verlangen, dass Anfragen mit einer handschriftlichen Unterschrift zu versehen sind oder sich der Anfragende anderweitig legitimiert.<\/p>\n\n\n\n<p>Sie haben das Recht, Beschwerde bei einer Datenschutzaufsichtsbeh\u00f6rde einzulegen. Die f\u00fcr uns zust\u00e4ndige Aufsichtsbeh\u00f6rde ist Der Landesbeauftragte f\u00fcr den Datenschutz und die Informationsfreiheit Baden-W\u00fcrttemberg, K\u00f6nigstra\u00dfe 10a, 70173 Stuttgart.<\/p>\n<\/div>\n<\/div>\n<\/section>\n","protected":false},"excerpt":{"rendered":"<p>Datenschutz Die Betreiber dieser Seiten nehmen den Schutz Ihrer pers\u00f6nlichen Daten sehr ernst. Wir behandeln Ihre personenbezogenen Daten vertraulich und entsprechend der gesetzlichen Datenschutzvorschriften sowie dieser Datenschutzerkl\u00e4rung. Hiermit informieren wir Sie \u00fcber die Verarbeitung Ihrer personenbezogenen Daten durch die SITEMA GmbH &amp; Co. KG und Ihre Rechte, die Ihnen in diesem Zusammenhang zustehen. A. Verantwortlicher [&hellip;]<\/p>\n","protected":false},"author":1,"featured_media":0,"parent":0,"menu_order":0,"comment_status":"closed","ping_status":"closed","template":"","meta":{"_acf_changed":false,"_seopress_robots_primary_cat":"","_seopress_titles_title":"Datenschutz - %%sitetitle%%","_seopress_titles_desc":"Erfahren Sie, wie wir Ihre Daten mit unserer Datenschutzrichtlinie sch\u00fctzen. Auf unserer Datenschutzseite finden Sie detaillierte Informationen dar\u00fcber, wie wir Ihre pers\u00f6nlichen Daten behandeln und sch\u00fctzen.","_seopress_robots_index":"","footnotes":""},"class_list":["post-6619","page","type-page","status-publish","hentry"],"acf":[],"_links":{"self":[{"href":"https:\/\/www.sitema.de\/de\/wp-json\/wp\/v2\/pages\/6619","targetHints":{"allow":["GET"]}}],"collection":[{"href":"https:\/\/www.sitema.de\/de\/wp-json\/wp\/v2\/pages"}],"about":[{"href":"https:\/\/www.sitema.de\/de\/wp-json\/wp\/v2\/types\/page"}],"author":[{"embeddable":true,"href":"https:\/\/www.sitema.de\/de\/wp-json\/wp\/v2\/users\/1"}],"replies":[{"embeddable":true,"href":"https:\/\/www.sitema.de\/de\/wp-json\/wp\/v2\/comments?post=6619"}],"version-history":[{"count":15,"href":"https:\/\/www.sitema.de\/de\/wp-json\/wp\/v2\/pages\/6619\/revisions"}],"predecessor-version":[{"id":13531,"href":"https:\/\/www.sitema.de\/de\/wp-json\/wp\/v2\/pages\/6619\/revisions\/13531"}],"wp:attachment":[{"href":"https:\/\/www.sitema.de\/de\/wp-json\/wp\/v2\/media?parent=6619"}],"curies":[{"name":"wp","href":"https:\/\/api.w.org\/{rel}","templated":true}]}}