{"id":5253,"date":"2024-02-19T09:44:35","date_gmt":"2024-02-19T09:44:35","guid":{"rendered":"https:\/\/www.sitema.de\/?page_id=5253"},"modified":"2025-08-26T08:59:18","modified_gmt":"2025-08-26T06:59:18","slug":"produkte","status":"publish","type":"page","link":"https:\/\/www.sitema.de\/de\/produkte\/","title":{"rendered":"Produkte"},"content":{"rendered":"\n<section class=\"wp-block-group alignfull header-generic has-global-padding is-layout-constrained wp-block-group-is-layout-constrained\" id=\"header-generic\">\n<div class=\"wp-block-cover alignfull\" style=\"min-height:350px;aspect-ratio:unset;\"><img decoding=\"async\" class=\"wp-block-cover__image-background wp-image-801\" alt=\"\" src=\"https:\/\/www.sitema.de\/wp-content\/themes\/sitema\/assets\/images\/custom-header.jpg\" style=\"object-position:50% 50%\" data-object-fit=\"cover\" data-object-position=\"50% 50%\"\/><span aria-hidden=\"true\" class=\"wp-block-cover__background has-background-dim-30 has-background-dim wp-block-cover__gradient-background has-background-gradient\" style=\"background:linear-gradient(90deg,rgb(128,128,128) 0%,rgba(0,0,0,0) 100%)\"><\/span><div class=\"wp-block-cover__inner-container has-global-padding is-layout-constrained wp-block-cover-is-layout-constrained\">\n<h1 class=\"wp-block-heading has-text-align-left has-blue-20-color has-text-color has-title-h-1-font-size\">Unsere Produkte<\/h1>\n\n\n\n<h2 class=\"wp-block-heading has-text-align-left has-blue-20-color has-text-color has-headline-h-2-font-size\">In der \u00dcbersicht<\/h2>\n<\/div><\/div>\n<\/section>\n\n\n\n<div id=\"category-list\" class=\"wp-block-group category-list has-global-padding is-layout-constrained wp-block-group-is-layout-constrained\" style=\"margin-top:var(--wp--preset--spacing--5-rem);margin-bottom:var(--wp--preset--spacing--5-rem)\">\r\n\r\n        <div class=\"wp-block-group category-element product-filter-container has-white-background-color has-background has-global-padding is-layout-constrained wp-container-core-group-is-layout-0189ff54 wp-block-group-is-layout-constrained\" style=\"border-radius:5px;padding-top:24px;padding-right:32px;padding-bottom:24px;padding-left:32px;z-index:1;\">\r\n    <div class=\"bootstrap-custom-container\">\r\n<div class=\"row\" id=\"filter-container\">\r\n\r\n<div id=\"filter-ansteuerung\" class=\"col-md-6 mb-3 d-none\">\r\n    <div class=\"title-container\">\r\n        <p><strong>Ansteuerung<\/strong><\/p>\r\n        <div id=\"loading-status\" class=\"spinner-border text-primary m-3\" role=\"status\" style=\"display:none;\">\r\n            <span><\/span>\r\n        <\/div>\r\n    <\/div>\r\n    <div class=\"btn-group d-flex flex-xl-row flex-column flex-wrap\" role=\"group\">\r\n        <input type=\"radio\" class=\"btn-check\" name=\"ansteuerung\" id=\"ansteuerung_all\" data-all=\"show\" checked=\"checked\">\r\n        <label class=\"btn btn-primary me-3 mb-2\" style=\"flex:initial;\" for=\"ansteuerung_all\" data-all-label=\"show\">Alle<\/label>\r\n\r\n        <input type=\"radio\" class=\"btn-check d-none\" name=\"ansteuerung\" id=\"elektrisch\" data-count=\"actuation1\">\r\n        <label class=\"btn btn-outline-primary me-3 mb-2 d-none\" style=\"flex:initial;\" for=\"elektrisch\" data-count=\"actuation1\">elektrisch<\/label>\r\n        \r\n        <input type=\"radio\" class=\"btn-check d-none\" name=\"ansteuerung\" id=\"hydraulisch\" data-count=\"actuation2\">\r\n        <label class=\"btn btn-outline-primary me-3 mb-2 d-none\" style=\"flex:initial;\" for=\"hydraulisch\" data-count=\"actuation2\">hydraulisch<\/label>\r\n        \r\n        <input type=\"radio\" class=\"btn-check d-none\" name=\"ansteuerung\" id=\"pneumatisch\" data-count=\"actuation3\">\r\n        <label class=\"btn btn-outline-primary me-3 mb-2 d-none\" style=\"flex:initial;\" for=\"pneumatisch\" data-count=\"actuation3\">pneumatisch<\/label>\r\n              \r\n    <\/div>\r\n<\/div>\r\n\r\n<div id=\"filter-funktion\" class=\"col-md-6 mb-3 d-none\">\r\n    <div class=\"title-container\">\r\n        <p><strong>Funktionen<\/strong><\/p>\r\n        <div id=\"loading-status\" class=\"spinner-border text-primary m-3\" role=\"status\" style=\"display:none;\">\r\n            <span><\/span>\r\n        <\/div>\r\n    <\/div>\r\n    <div class=\"btn-group d-flex flex-xl-row flex-column flex-wrap\" role=\"group\">\r\n        <input type=\"radio\" class=\"btn-check\" name=\"funktion\" id=\"funktion_all\" data-all=\"show\" checked=\"checked\">\r\n        <label class=\"btn btn-primary me-3 mb-2\" style=\"flex:initial;\" for=\"funktion_all\" data-all-label=\"show\">Alle<\/label>\r\n\r\n        <input type=\"radio\" class=\"btn-check\" name=\"funktion\" id=\"drive-de\" data-count=\"function1\">\r\n        <label class=\"btn btn-outline-primary me-3 mb-2\" style=\"flex:initial;\" for=\"drive-de\" data-count=\"function1\">Antreiben<\/label>\r\n        \r\n        <input type=\"radio\" class=\"btn-check\" name=\"funktion\" id=\"countering-de\" data-count=\"function2\">\r\n        <label class=\"btn btn-outline-primary me-3 mb-2\" style=\"flex:initial;\" for=\"countering-de\" data-count=\"function2\">Gegenhalten<\/label>\r\n        \r\n        <input type=\"radio\" class=\"btn-check\" name=\"funktion\" id=\"positioning-de\" data-count=\"function3\">\r\n        <label class=\"btn btn-outline-primary me-3 mb-2\" style=\"flex:initial;\" for=\"positioning-de\" data-count=\"function3\">Position halten<\/label>\r\n        \r\n        <input type=\"radio\" class=\"btn-check\" name=\"funktion\" id=\"securing-de\" data-count=\"function4\">\r\n        <label class=\"btn btn-outline-primary me-3 mb-2\" style=\"flex:initial;\" for=\"securing-de\" data-count=\"function4\">Sichern<\/label>\r\n        \r\n        <input type=\"radio\" class=\"btn-check\" name=\"funktion\" id=\"securing-with-siforce-de\" data-count=\"function5\">\r\n        <label class=\"btn btn-outline-primary me-3 mb-2\" style=\"flex:initial;\" for=\"securing-with-siforce-de\" data-count=\"function5\">Sichern mit SiForce<\/label>\r\n              \r\n    <\/div>\r\n<\/div>\r\n\r\n<div id=\"no-results\" class=\"col-md-6 mb-3 d-none\">\r\n    <div class=\"title-container\">\r\n        <h2><strong>Keine Ergebnisse<\/strong><\/h2>\r\n    <\/div>\r\n<\/div>\r\n<\/div>\r\n<\/div>\r\n<\/div>\r\n<script type=\"text\/javascript\">\r\n    const allText = 'Alle'\r\n<\/script>\n\n\n<h2 class=\"wp-block-heading has-headline-h-3-font-size\">Produkt\u00fcbersicht<\/h2>\n\n\n\n<div class=\"wp-block-group category-list-grid has-global-padding is-layout-constrained wp-block-group-is-layout-constrained\" style=\"padding-bottom:125px\">\r\n        \r\n        <div class=\"wp-block-group category-element product-container has-white-background-color has-background has-global-padding is-layout-constrained wp-container-core-group-is-layout-0189ff54 wp-block-group-is-layout-constrained\" style=\"border-radius:5px;padding-top:24px;padding-right:32px;padding-bottom:55px;padding-left:32px\" data-ansteuerung=\"hydraulisch pneumatisch\" data-funktion=\"securing-de securing-with-siforce-de\" data-tragmittel=\"\" >\r\n            \r\n\r\n            <figure class=\"wp-block-image aligncenter size-large\">\r\n                <img decoding=\"async\" src=\"https:\/\/www.sitema.de\/wp-content\/uploads\/produkte\/product-absturzsicherungen-1.png\" alt=\"Absturzsicherungen\"\/>\r\n            <\/figure>\r\n            \r\n\r\n            \r\n            \r\n            <h3 class=\"wp-block-heading has-blue-20-color has-text-color has-headline-h-5-font-size\">\r\n                <a title=\"Siehe Absturzsicherungen\" href=\"https:\/\/www.sitema.de\/de\/produkt\/absturzsicherungen\/\" >Absturzsicherungen<\/a>\r\n            <\/h3>\r\n            \r\n\r\n            \r\n            <h5 class=\"wp-block-heading has-orange-50-color has-text-color has-base-font-size\" style=\"margin-top:32px\">\r\n                <strong>Bauart K, KR, KRP &#8230;<\/strong>\r\n            <\/h5>\r\n            \r\n            <ul class=\"has-small-font-size wp-block-list\" style=\"margin-top:48px;padding-left:20px\">\r\n            \r\n                \r\n                <li class=\"has-small-font-size\" style=\"line-height:1.7\">Eine Lastrichtung<\/li>\r\n                \r\n                \r\n                \r\n                <li class=\"has-small-font-size\" style=\"line-height:1.7\">Hydraulische oder pneumatische Ansteuerung<\/li>\r\n                \r\n                \r\n                \r\n                <li class=\"has-small-font-size\" style=\"line-height:1.7\">F\u00fcr Lasten von 10 kN bis 1000 kN<\/li>\r\n                \r\n                \r\n            <\/ul>\r\n            \r\n        <\/div>\r\n        \r\n        \r\n\r\n\n\n\r\n        \r\n        <div class=\"wp-block-group category-element product-container has-white-background-color has-background has-global-padding is-layout-constrained wp-container-core-group-is-layout-0189ff54 wp-block-group-is-layout-constrained\" style=\"border-radius:5px;padding-top:24px;padding-right:32px;padding-bottom:55px;padding-left:32px\" data-ansteuerung=\"elektrisch pneumatisch\" data-funktion=\"securing-de securing-with-siforce-de\" data-tragmittel=\"\" >\r\n            \r\n\r\n            <figure class=\"wp-block-image aligncenter size-large\">\r\n                <img decoding=\"async\" src=\"https:\/\/www.sitema.de\/wp-content\/uploads\/produkte\/product-sicherheitsbremsen-1.png\" alt=\"Sicherheitsbremsen\"\/>\r\n            <\/figure>\r\n            \r\n\r\n            \r\n            \r\n            <h3 class=\"wp-block-heading has-blue-20-color has-text-color has-headline-h-5-font-size\">\r\n                <a title=\"Siehe Sicherheitsbremsen\" href=\"https:\/\/www.sitema.de\/de\/produkt\/sicherheitsbremsen\/\" >Sicherheitsbremsen<\/a>\r\n            <\/h3>\r\n            \r\n\r\n            \r\n            <h5 class=\"wp-block-heading has-orange-50-color has-text-color has-base-font-size\" style=\"margin-top:32px\">\r\n                <strong>Bauart KSP, KSE<\/strong>\r\n            <\/h5>\r\n            \r\n            <ul class=\"has-small-font-size wp-block-list\" style=\"margin-top:48px;padding-left:20px\">\r\n            \r\n                \r\n                <li class=\"has-small-font-size\" style=\"line-height:1.7\">Eine Lastrichtung<\/li>\r\n                \r\n                \r\n                \r\n                <li class=\"has-small-font-size\" style=\"line-height:1.7\">Pneumatische oder elektrische Ansteuerung<\/li>\r\n                \r\n                \r\n                \r\n                <li class=\"has-small-font-size\" style=\"line-height:1.7\">F\u00fcr Lasten bis 30 kN<\/li>\r\n                \r\n                \r\n            <\/ul>\r\n            \r\n        <\/div>\r\n        \r\n        \r\n\r\n\n\n\r\n        \r\n        <div class=\"wp-block-group category-element product-container has-white-background-color has-background has-global-padding is-layout-constrained wp-container-core-group-is-layout-0189ff54 wp-block-group-is-layout-constrained\" style=\"border-radius:5px;padding-top:24px;padding-right:32px;padding-bottom:55px;padding-left:32px\" data-ansteuerung=\"hydraulisch\" data-funktion=\"countering-de securing-de\" data-tragmittel=\"\" >\r\n            \r\n\r\n            <figure class=\"wp-block-image aligncenter size-large\">\r\n                <img decoding=\"async\" src=\"https:\/\/www.sitema.de\/wp-content\/uploads\/produkte\/product-stangenblockierungen-1.png\" alt=\"Stangenblockierungen\"\/>\r\n            <\/figure>\r\n            \r\n\r\n            \r\n            \r\n            <h3 class=\"wp-block-heading has-blue-20-color has-text-color has-headline-h-5-font-size\">\r\n                <a title=\"Siehe Stangenblockierungen\" href=\"https:\/\/www.sitema.de\/de\/produkt\/stangenblockierungen\/\" >Stangenblockierungen<\/a>\r\n            <\/h3>\r\n            \r\n\r\n            \r\n            <h5 class=\"wp-block-heading has-orange-50-color has-text-color has-base-font-size\" style=\"margin-top:32px\">\r\n                <strong>Bauart KRG<\/strong>\r\n            <\/h5>\r\n            \r\n            <ul class=\"has-small-font-size wp-block-list\" style=\"margin-top:48px;padding-left:20px\">\r\n            \r\n                \r\n                <li class=\"has-small-font-size\" style=\"line-height:1.7\">Eine Lastrichtung<\/li>\r\n                \r\n                \r\n                \r\n                <li class=\"has-small-font-size\" style=\"line-height:1.7\">Hydraulische Ansteuerung<\/li>\r\n                \r\n                \r\n                \r\n                <li class=\"has-small-font-size\" style=\"line-height:1.7\">F\u00fcr Lasten von 10 kN bis 400 kN<\/li>\r\n                \r\n                \r\n            <\/ul>\r\n            \r\n        <\/div>\r\n        \r\n        \r\n\r\n\n\n\r\n        \r\n        <div class=\"wp-block-group category-element product-container has-white-background-color has-background has-global-padding is-layout-constrained wp-container-core-group-is-layout-0189ff54 wp-block-group-is-layout-constrained\" style=\"border-radius:5px;padding-top:24px;padding-right:32px;padding-bottom:55px;padding-left:32px\" data-ansteuerung=\"hydraulisch pneumatisch\" data-funktion=\"countering-de positioning-de securing-de\" data-tragmittel=\"\" >\r\n            \r\n\r\n            <figure class=\"wp-block-image aligncenter size-large\">\r\n                <img decoding=\"async\" src=\"https:\/\/www.sitema.de\/wp-content\/uploads\/produkte\/product-feststelleinheiten-1.png\" alt=\"Feststelleinheiten\"\/>\r\n            <\/figure>\r\n            \r\n\r\n            \r\n            \r\n            <h3 class=\"wp-block-heading has-blue-20-color has-text-color has-headline-h-5-font-size\">\r\n                <a title=\"Siehe Feststelleinheiten\" href=\"https:\/\/www.sitema.de\/de\/produkt\/feststelleinheiten\/\" >Feststelleinheiten<\/a>\r\n            <\/h3>\r\n            \r\n\r\n            \r\n            <h5 class=\"wp-block-heading has-orange-50-color has-text-color has-base-font-size\" style=\"margin-top:32px\">\r\n                <strong>Bauart KFH, KFP, KB &#8230;<\/strong>\r\n            <\/h5>\r\n            \r\n            <ul class=\"has-small-font-size wp-block-list\" style=\"margin-top:48px;padding-left:20px\">\r\n            \r\n                \r\n                <li class=\"has-small-font-size\" style=\"line-height:1.7\">Beide Lastrichtungen<\/li>\r\n                \r\n                \r\n                \r\n                <li class=\"has-small-font-size\" style=\"line-height:1.7\">Hydraulische oder pneumatische\u00a0Ansteuerung<\/li>\r\n                \r\n                \r\n                \r\n                <li class=\"has-small-font-size\" style=\"line-height:1.7\">Haltekr\u00e4fte von 1 kN bis 1500 kN<\/li>\r\n                \r\n                \r\n            <\/ul>\r\n            \r\n        <\/div>\r\n        \r\n        \r\n\r\n\n\n\r\n        \r\n        <div class=\"wp-block-group category-element product-container has-white-background-color has-background has-global-padding is-layout-constrained wp-container-core-group-is-layout-0189ff54 wp-block-group-is-layout-constrained\" style=\"border-radius:5px;padding-top:24px;padding-right:32px;padding-bottom:55px;padding-left:32px\" data-ansteuerung=\"hydraulisch pneumatisch\" data-funktion=\"drive-de\" data-tragmittel=\"\" >\r\n            \r\n\r\n            <figure class=\"wp-block-image aligncenter size-large\">\r\n                <img decoding=\"async\" src=\"https:\/\/www.sitema.de\/wp-content\/uploads\/produkte\/PowerStroke_Produktabbildung.png\" alt=\"\"\/>\r\n            <\/figure>\r\n            \r\n\r\n            \r\n            \r\n            <h3 class=\"wp-block-heading has-blue-20-color has-text-color has-headline-h-5-font-size\">\r\n                <a title=\"Siehe PowerStroke\" href=\"https:\/\/www.sitema.de\/de\/produkt\/powerstroke\/\" >PowerStroke<\/a>\r\n            <\/h3>\r\n            \r\n\r\n            \r\n            <h5 class=\"wp-block-heading has-orange-50-color has-text-color has-base-font-size\" style=\"margin-top:32px\">\r\n                <strong>Bauart FSK, FSKP<\/strong>\r\n            <\/h5>\r\n            \r\n            <ul class=\"has-small-font-size wp-block-list\" style=\"margin-top:48px;padding-left:20px\">\r\n            \r\n                \r\n                <li class=\"has-small-font-size\" style=\"line-height:1.7\">Klemmkopf mit Kurzhubfunktion<\/li>\r\n                \r\n                \r\n                \r\n                <li class=\"has-small-font-size\" style=\"line-height:1.7\">Hydraulische oder pneumatische\u00a0Ansteuerung<\/li>\r\n                \r\n                \r\n                \r\n                <li class=\"has-small-font-size\" style=\"line-height:1.7\">Arbeitskr\u00e4fte bis 2000 kN<\/li>\r\n                \r\n                \r\n            <\/ul>\r\n            \r\n        <\/div>\r\n        \r\n        \r\n\r\n\n\n\n<div class=\"wp-block-group category-element has-white-background-color has-background has-global-padding is-layout-constrained wp-container-core-group-is-layout-0189ff54 wp-block-group-is-layout-constrained\" style=\"border-radius:5px;padding-top:24px;padding-right:32px;padding-bottom:55px;padding-left:32px\">\n<figure class=\"wp-block-image aligncenter size-full\"><img decoding=\"async\" width=\"272\" height=\"262\" src=\"https:\/\/www.sitema.de\/wp-content\/uploads\/produkte\/sonderlosungen.png\" alt=\"Sonderl\u00f6sungen\" class=\"wp-image-7506\"\/><\/figure>\n\n\n\n<h3 class=\"wp-block-heading has-blue-20-color has-text-color has-headline-h-5-font-size\"><a href=\"https:\/\/www.sitema.de\/de\/sonderloesungen\/\" data-type=\"page\" data-id=\"7531\">Sonderl\u00f6sungen<\/a><\/h3>\n\n\n\n<h5 class=\"wp-block-heading has-orange-50-color has-text-color has-base-font-size\" style=\"margin-top:32px\"><strong>ab St\u00fcckzahl eins<\/strong><\/h5>\n\n\n\n<ul style=\"margin-top:48px;padding-left:20px\" class=\"wp-block-list has-small-font-size\">\n<li class=\"has-small-font-size\" style=\"line-height:1.7\">Feststelleinheiten f\u00fcr Drehmoment<\/li>\n\n\n\n<li class=\"has-small-font-size\" style=\"line-height:1.7\">Stange verl\u00e4sst Klemmkopf<\/li>\n\n\n\n<li class=\"has-small-font-size\" style=\"line-height:1.7\">Absturzsicherung mechanisch bet\u00e4tigt<\/li>\n\n\n\n<li class=\"has-small-font-size\" style=\"line-height:1.7\">Feststelleinheit elektrisch bet\u00e4tigt<\/li>\n\n\n\n<li class=\"has-small-font-size\" style=\"line-height:1.7\">Spezielle Kundenanforderungen<\/li>\n<\/ul>\n<\/div>\n\n\n\n<div class=\"wp-block-group category-element has-white-background-color has-background has-global-padding is-layout-constrained wp-container-core-group-is-layout-0189ff54 wp-block-group-is-layout-constrained\" style=\"border-radius:5px;padding-top:24px;padding-right:32px;padding-bottom:55px;padding-left:32px\">\n<figure class=\"wp-block-image aligncenter size-full\"><img decoding=\"async\" width=\"272\" height=\"262\" src=\"https:\/\/www.sitema.de\/wp-content\/uploads\/produkte\/zubehor.png\" alt=\"Zubeh\u00f6r \" class=\"wp-image-7517\"\/><\/figure>\n\n\n\n<h3 class=\"wp-block-heading has-blue-20-color has-text-color has-headline-h-5-font-size\"><a href=\"https:\/\/www.sitema.de\/de\/zubehoer\/\" data-type=\"page\" data-id=\"7177\">Zubeh\u00f6r<\/a><\/h3>\n\n\n\n<h5 class=\"wp-block-heading has-orange-50-color has-text-color has-base-font-size\" style=\"margin-top:32px\"><strong>f\u00fcr SITEMA-Klemmk\u00f6pfe<\/strong><\/h5>\n\n\n\n<ul style=\"margin-top:48px;padding-left:20px\" class=\"wp-block-list has-small-font-size\">\n<li class=\"has-small-font-size\" style=\"line-height:1.7\">Elektropneumatik-Modul EPM<\/li>\n\n\n\n<li class=\"has-small-font-size\" style=\"line-height:1.7\">Mechanischer Ventilausl\u00f6ser<\/li>\n\n\n\n<li class=\"has-small-font-size\" style=\"line-height:1.7\">Stangenbefestigung STB<\/li>\n\n\n\n<li class=\"has-small-font-size\" style=\"line-height:1.7\">Entl\u00fcftungsautomat<\/li>\n\n\n\n<li class=\"has-small-font-size\" style=\"line-height:1.7\">Flansche und Federsockel<\/li>\n<\/ul>\n<\/div>\n<\/div>\n<\/div>\n","protected":false},"excerpt":{"rendered":"<p>Produkt\u00fcbersicht Sonderl\u00f6sungen ab St\u00fcckzahl eins Zubeh\u00f6r f\u00fcr SITEMA-Klemmk\u00f6pfe<\/p>\n","protected":false},"author":1,"featured_media":0,"parent":0,"menu_order":0,"comment_status":"closed","ping_status":"closed","template":"","meta":{"_acf_changed":false,"_seopress_robots_primary_cat":"","_seopress_titles_title":"Produkte - %%sitetitle%%","_seopress_titles_desc":"Entdecken Sie unsere breite Palette an Sicherheitsprodukten, darunter Absturzsicherungen, Sicherheitsbremsen, Stangenblockierungen, Feststelleinheiten, PowerStroke, kundenspezifische L\u00f6sungen und Zubeh\u00f6r.","_seopress_robots_index":"","_seopress_analysis_target_kw":"","footnotes":""},"class_list":["post-5253","page","type-page","status-publish","hentry"],"acf":[],"_links":{"self":[{"href":"https:\/\/www.sitema.de\/de\/wp-json\/wp\/v2\/pages\/5253","targetHints":{"allow":["GET"]}}],"collection":[{"href":"https:\/\/www.sitema.de\/de\/wp-json\/wp\/v2\/pages"}],"about":[{"href":"https:\/\/www.sitema.de\/de\/wp-json\/wp\/v2\/types\/page"}],"author":[{"embeddable":true,"href":"https:\/\/www.sitema.de\/de\/wp-json\/wp\/v2\/users\/1"}],"replies":[{"embeddable":true,"href":"https:\/\/www.sitema.de\/de\/wp-json\/wp\/v2\/comments?post=5253"}],"version-history":[{"count":36,"href":"https:\/\/www.sitema.de\/de\/wp-json\/wp\/v2\/pages\/5253\/revisions"}],"predecessor-version":[{"id":171493,"href":"https:\/\/www.sitema.de\/de\/wp-json\/wp\/v2\/pages\/5253\/revisions\/171493"}],"wp:attachment":[{"href":"https:\/\/www.sitema.de\/de\/wp-json\/wp\/v2\/media?parent=5253"}],"curies":[{"name":"wp","href":"https:\/\/api.w.org\/{rel}","templated":true}]}}