{"id":5221,"date":"2024-02-08T11:45:12","date_gmt":"2024-02-08T11:45:12","guid":{"rendered":"https:\/\/www.sitema.de\/?page_id=5221"},"modified":"2024-12-17T08:35:39","modified_gmt":"2024-12-17T08:35:39","slug":"historie","status":"publish","type":"page","link":"https:\/\/www.sitema.de\/de\/unternehmen\/historie\/","title":{"rendered":"Historie"},"content":{"rendered":"\n<section class=\"wp-block-group alignfull header-generic has-global-padding is-layout-constrained wp-block-group-is-layout-constrained\" id=\"header-generic\">\n<div class=\"wp-block-cover alignfull\" style=\"min-height:350px;aspect-ratio:unset;\"><span aria-hidden=\"true\" class=\"wp-block-cover__background has-background-dim-30 has-background-dim wp-block-cover__gradient-background has-background-gradient\" style=\"background:linear-gradient(90deg,rgb(128,128,128) 0%,rgba(0,0,0,0) 100%)\"><\/span><img decoding=\"async\" width=\"1180\" height=\"330\" class=\"wp-block-cover__image-background wp-image-7551\" alt=\"banner historie\" src=\"https:\/\/www.sitema.de\/wp-content\/uploads\/icons-symbole-banner\/banner-historie.jpg\" data-object-fit=\"cover\" srcset=\"https:\/\/www.sitema.de\/wp-content\/uploads\/icons-symbole-banner\/banner-historie.jpg 1180w, https:\/\/www.sitema.de\/wp-content\/uploads\/icons-symbole-banner\/banner-historie-300x84.jpg 300w, https:\/\/www.sitema.de\/wp-content\/uploads\/icons-symbole-banner\/banner-historie-1024x286.jpg 1024w, https:\/\/www.sitema.de\/wp-content\/uploads\/icons-symbole-banner\/banner-historie-768x215.jpg 768w\" sizes=\"(max-width: 1180px) 100vw, 1180px\" \/><div class=\"wp-block-cover__inner-container has-global-padding is-layout-constrained wp-block-cover-is-layout-constrained\">\n<h1 class=\"wp-block-heading has-text-align-left has-blue-20-color has-text-color has-title-h-1-font-size\">Die Geschichte<\/h1>\n\n\n\n<h2 class=\"wp-block-heading has-text-align-left has-blue-20-color has-text-color has-headline-h-2-font-size\">Des Klemmkopfes<\/h2>\n<\/div><\/div>\n<\/section>\n\n\n\n<div class=\"wp-block-group is-style-overlap border-radius-4 has-global-padding is-layout-constrained wp-block-group-is-layout-constrained\">\n<div class=\"wp-block-media-text is-stacked-on-mobile is-image-fill-element has-white-background-color has-background\" style=\"margin-top:0;margin-bottom:0\"><figure class=\"wp-block-media-text__media\"><img decoding=\"async\" src=\"https:\/\/www.sitema.de\/wp-content\/themes\/sitema\/assets\/images\/historie-1.jpg\" alt=\"\" class=\"wp-image-5561 size-full\" style=\"object-position:50% 50%\"\/><\/figure><div class=\"wp-block-media-text__content\">\n<h3 class=\"wp-block-heading\">1979 &#8211; Beginn<\/h3>\n\n\n\n<h5 class=\"wp-block-heading has-orange-50-color has-text-color has-headline-h-5-font-size\">Sicherheit verbessern<\/h5>\n\n\n\n<p style=\"margin-bottom:var(--wp--preset--spacing--3-rem)\">Die Geschichte des Klemmkopfes ist untrennbar mit zwei Namen verbunden: Dr. Erich Schmalenbach und Adolf Rastetter.<br>Alles beginnt im Jahre 1979. Zu dieser Zeit f\u00fchrt Adolf Rastetter als Selbst\u00e4ndiger Wartungsarbeiten an hydraulischen Aufz\u00fcgen durch.<br><br>Aufger\u00fcttelt durch einen tragischen Unfall in den USA, beschlie\u00dft er, die Sicherheit von hydraulischen Aufz\u00fcgen zu verbessern. Bislang ruhte die Last auf der \u00d6ls\u00e4ule eines Hydraulikzylinders, der direkt unter der Kabine sa\u00df und diese nach oben bewegte. Bei einem Leitungsbruch oder Ventil-versagen st\u00fcrzte der Aufzug ab. Herr Rastetter hat eine Idee: Wenn es ihm gel\u00e4nge, die gro\u00dfen Gewichtskr\u00e4fte der Aufzugskabine in das Ge-h\u00e4use des Hydraulikzylinders zu leiten, k\u00f6nnte sich der Aufzug auf dem stabilen Geh\u00e4use abst\u00fctzen und w\u00e4re so vor einem Absturz gesch\u00fctzt.<\/p>\n<\/div><\/div>\n\n\n\n<div class=\"wp-block-media-text has-media-on-the-right is-stacked-on-mobile is-image-fill-element has-white-background-color has-background\" style=\"margin-top:0;margin-bottom:0\"><div class=\"wp-block-media-text__content\">\n<h5 class=\"wp-block-heading has-orange-50-color has-text-color has-headline-h-5-font-size\">Die Kolbenfangvorrichtung<\/h5>\n\n\n\n<p>Nach einigem T\u00fcfteln kommt ihm der geniale Einfall: Ebenso wie ein Ringk\u00e4mpfer sich die Energie und das Eigengewicht des Gegners zu Nutze macht, solle die Energie der zu sichernden Masse dazu genutzt werden, die notwendigen Kr\u00e4fte zu generieren. Ein selbstverst\u00e4rkendes Klemmsystem, das sich \u00fcber Reibschluss an der Kolbenstange des Zylinders festh\u00e4lt, sichert die Last, indem sie auf das Klemmsystem dr\u00fcckt, welches sich dadurch zusammenzieht. Dabei w\u00fcrde die Haltekraft an der Stange umso gr\u00f6\u00dfer, je gr\u00f6\u00dfer und energiereicher die Last des Aufzugs w\u00e4re.<br><\/p>\n\n\n\n<p>In der Tat gelingt es ihm, auf der Grundlage dieses Prinzips erste Prototypen zu bauen und dem f\u00fcr die Sicherheit von Aufz\u00fcgen zust\u00e4ndigen T\u00dcV vorzustellen. Die n\u00f6tigen Abnahmepr\u00fcfungen werden erfolgreich bestanden.<br>Dies waren die ersten \u201eKolbenfangvorrichtungen\u201c, wie sie in der Terminologie der Aufzugsbranche bis heute genannt werden.<br><\/p>\n\n\n\n<p style=\"margin-bottom:var(--wp--preset--spacing--3-rem)\">Dieses Prinzip der selbstverst\u00e4rkenden Klemmung kombiniert mit der inh\u00e4renten Begrenzung der Reibkraft ist bis heute die Grundlage mehrerer erfolgreicher Baureihen, wir nennen es heute &#8222;SiForce&#8220;.<\/p>\n<\/div><figure class=\"wp-block-media-text__media\"><img decoding=\"async\" src=\"https:\/\/www.sitema.de\/wp-content\/themes\/sitema\/assets\/images\/historie-2.jpg\" alt=\"\" class=\"wp-image-5572 size-full\" style=\"object-position:50% 50%\"\/><\/figure><\/div>\n\n\n\n<div class=\"wp-block-media-text is-stacked-on-mobile is-image-fill-element has-white-background-color has-background\" style=\"margin-top:0;margin-bottom:0\"><figure class=\"wp-block-media-text__media\"><img decoding=\"async\" src=\"https:\/\/www.sitema.de\/wp-content\/themes\/sitema\/assets\/images\/historie-3.jpg\" alt=\"\" class=\"wp-image-5617 size-full\" style=\"object-position:50% 50%\"\/><\/figure><div class=\"wp-block-media-text__content\">\n<h5 class=\"wp-block-heading has-orange-50-color has-text-color has-headline-h-5-font-size\">Der Klemmkopf und die Geburt von SITEMA<\/h5>\n\n\n\n<p>Damit war der erste Schritt getan. Um allerdings der Technologie zu kommerziellem Erfolg zu verhelfen und ein erfolgreiches Unternehmen aufzubauen, w\u00fcrden weitere Schritte folgen m\u00fcssen: das Aufsp\u00fcren von weiteren erfolgversprechenden Anwendungsfeldern, der systematische Aufbau eines umfassenden Produktprogramms, die Erarbeitung theoretischer Grundlagen, die Organisation der Fertigung und vieles mehr.<br>In Dr. Erich Schmalenbach findet Adolf Rastetter endlich den idealen Partner f\u00fcr das weitere Vorgehen. Durch seine Erfahrung in Konstruktion und Entwicklung gelingt es Erich Schmalenbach, diese und weitere Ideen zu Papier zu bringen und auch umzusetzen. Nicht zuletzt brauchte man ein Marketingkonzept und einen eing\u00e4ngigeren Produktnamen, der f\u00fcr alle Anwendungen passt. So wurde der \u201eKlemmkopf\u201c geboren, als Obergriff f\u00fcr Kolbenfangvorrichtungen, Absturzsicherungen, Sicherheits-Haltevorrichtungen und vieles mehr. Auch der Name des gemeinsam gegr\u00fcndeten Unternehmens ist Programm: SITEMA steht f\u00fcr SIcherheitsTEchnik im MAschinenbau.<\/p>\n\n\n\n<h5 class=\"wp-block-heading has-orange-50-color has-text-color has-headline-h-5-font-size\">Die Suche nach dem Markt<\/h5>\n\n\n\n<p style=\"margin-bottom:var(--wp--preset--spacing--3-rem)\">Trotz der guten Ideen und der funktionst\u00fcchtigen Technologie hielt sich der Erfolg zun\u00e4chst in Grenzen. Die Aufzugshersteller waren nat\u00fcrlich bem\u00fcht, sich nicht von SITEMA abh\u00e4ngig zu machen und installieren seitdem ein ganzes B\u00fcndel anderer Sicherheitsma\u00dfnahmen, die \u2013 objektiv gesehen \u2013 zusammen auch tats\u00e4chlich eine ausreichend hohe Sicherheit gegen Unf\u00e4lle durch Versagen des hydraulischen Hebers gew\u00e4hrleisten.<br>\u201eKolbenfangvorrichtungen\u201c wurden daher kein \u201etragf\u00e4higes\u201c Gesch\u00e4ft f\u00fcr SITEMA, und blieben, von einzelnen Projekten abgesehen, ein Nischenprodukt.<br>So wurde z. B. ein hydraulischer Aufzug im Bundeshaus in Bonn mit einer Kolbenfangvorrichtung ausger\u00fcstet. Hier war gew\u00fcnscht, dass der Aufzug immer mit ge\u00f6ffneter T\u00fcr in der obersten Etage bereitsteht, damit man aus dem B\u00fcro des\/der Bundestagspr\u00e4sidenten\/in direkt und ohne zu warten in den Aufzug steigen konnte. Dies war nur mit einer mechanischen Absturzsicherung m\u00f6glich und vor allem auch nur so zul\u00e4ssig.<br><br>Das \u00dcberleben von SITEMA hing aber von dem Erschlie\u00dfen anderer Anwendungen f\u00fcr Klemmk\u00f6pfe ab.<\/p>\n<\/div><\/div>\n\n\n\n<div class=\"wp-block-media-text has-media-on-the-right is-stacked-on-mobile is-image-fill-element has-white-background-color has-background\" style=\"margin-top:0;margin-bottom:0\"><div class=\"wp-block-media-text__content\">\n<h3 class=\"wp-block-heading\">1984<\/h3>\n\n\n\n<h5 class=\"wp-block-heading has-orange-50-color has-text-color has-headline-h-5-font-size\">Ankunft im Maschinenbau<\/h5>\n\n\n\n<p>Der Durchbruch f\u00fcr die SITEMA-Technologie erfolgte dann auf dem Gebiet der hydraulischen Pressen. Bei allen nicht ganz kleinen Pressen musste damals wie heute nach der Norm EN 693 (heute ISO 16092) eine mechanisch wirkende Hochhalteeinrichtung dauerhaft an der Presse befestigt bzw. in diese eingebaut sein, um den schweren Pressenst\u00f6\u00dfel gegen Herabfallen zu sichern. Gegen\u00fcber bekannten anderen technischen L\u00f6sungen bietet der SITEMA-Klemmkopf als Absturzsicherung hier zahlreiche Vorteile. Unter anderem kann sie stufenlos an jeder beliebigen Stelle wirken und sogar aus der Bewegung heraus aktiviert werden. Der Klemmkopf bietet einen \u00dcberlastschutz, klemmt auch bei Energieausfall, ist sicher gegen unbeabsichtigtes L\u00f6sen und vieles mehr.<\/p>\n\n\n\n<p>Diese technischen Eigenschaften \u00fcberzeugten auch die f\u00fcr Pressensicherheit zust\u00e4ndige Berufsgenossenschaft (heute die Deutsche Gesetzliche Unfallversicherung &#8211; DGUV), welche die SITEMA-Absturzsicherung als Hochhalteeinrichtung offiziell zulie\u00df. 1984 wurde das erste Zertifikat ausgestellt, und noch heute bescheinigt die DGUV regelm\u00e4\u00dfig, dass ihre hohen Anforderungen \u2013 mit die h\u00f6chsten im deutschen Maschinenbau \u2013 von den SITEMA Absturzsicherungen, Sicherheitsbremsen und Feststelleinheiten eingehalten werden.<\/p>\n\n\n\n<h5 class=\"wp-block-heading has-orange-50-color has-text-color has-headline-h-5-font-size\">Sicherheitsstandards setzen<\/h5>\n\n\n\n<p>Dieses gro\u00dfe Vertrauen der DGUV in die SITEMA Absturzsicherungen wurde bald auch von Kunden in aller Welt gesch\u00e4tzt. So kam es, dass sich auch Kunden aus anderen Branchen des Maschinenbaus an SITEMA wandten, um ihre angehobenen Lasten zu sichern. Weitere Anwendungen erforderten andere Technologien, und so entstand bald die Produktgruppe der &#8222;Stangenblockierungen&#8220;, die langsam bewegte oder stillstehende Lasten sicherten. Beispiele sind Theaterhubpodien oder Hubtische. Auch die Stangenblockierungen verwendeten die weltweit einzigartige selbstverst\u00e4rkende Technologie.<\/p>\n\n\n\n<p style=\"margin-bottom:var(--wp--preset--spacing--3-rem)\">Da sich auch die Anfragen nach einer positionsgenauen Klemmung mehrten, beispielsweise zum Gegenhalten in Produktionsprozessen, entwickelte das Unternehmen mit der Produktgruppe &#8222;Feststelleinheiten&#8220; bald auch federbet\u00e4tigte Klemmk\u00f6pfe, die positionsgenau in beide Richtungen Kr\u00e4fte halten k\u00f6nnen. Hier wurden im Laufe der Zeit weitere Baureihen f\u00fcr Au\u00dfenanwendungen, passend zur Bauform von Normzylindern, f\u00fcr Werkzeugmaschinen und nicht zuletzt auch von Lloyd&#8217;s Register und wieder von der DGUV zugelassene Baureihen, entwickelt.<\/p>\n<\/div><figure class=\"wp-block-media-text__media\"><img decoding=\"async\" src=\"https:\/\/www.sitema.de\/wp-content\/themes\/sitema\/assets\/images\/historie-4.jpg\" alt=\"\" class=\"wp-image-5583 size-full\" style=\"object-position:50% 50%\"\/><\/figure><\/div>\n\n\n\n<div class=\"wp-block-media-text is-stacked-on-mobile is-image-fill-element has-white-background-color has-background\" style=\"margin-top:0;margin-bottom:0\"><figure class=\"wp-block-media-text__media\"><img decoding=\"async\" src=\"https:\/\/www.sitema.de\/wp-content\/themes\/sitema\/assets\/images\/historie-5.jpg\" alt=\"\" class=\"wp-image-5594 size-full\" style=\"object-position:50% 50%\"\/><\/figure><div class=\"wp-block-media-text__content\">\n<h3 class=\"wp-block-heading\">Mitte der 2000er<\/h3>\n\n\n\n<h5 class=\"wp-block-heading has-orange-50-color has-text-color has-headline-h-5-font-size\">Weitere Anwendungen<\/h5>\n\n\n\n<p>Seit Mitte der 2000er h\u00e4uften sich Anfragen durch Hersteller von Automationsanlagen stark. Hier wurde der Wunsch nach pneumatischen Klemmk\u00f6pfen zum Sichern von kleineren Lasten laut, gerne mit der bew\u00e4hrten selbstverst\u00e4rkenden Technologie. Dabei bestand die Herausforderung darin, wegen der in der Automation oft vorhandenen geringeren H\u00fcbe und schnelleren Bewegungen kleinere &#8222;Einzugswege&#8220; als mit der Absturzsicherung zu erzielen. SITEMA antwortete mit der neuen Produktgruppe Sicherheitsbremsen, die dann bald auch die DGUV-Zulassung erhielten.<\/p>\n\n\n\n<p style=\"margin-bottom:var(--wp--preset--spacing--3-rem)\">Doch nicht nur beim Sichern von Lasten und beim Gegenhalten hatte SITEMA immer eine gute Idee. Mit dem PowerStroke bietet SITEMA eine Art Kurzhubzylinder an. Dieser Klemmkopf h\u00e4lt sich an einer beliebigen Stelle an einer runden Stange fest und kann dort mit gro\u00dfer Kraft auf bis zu 20 mm dr\u00fccken oder ziehen. Diese Technologie wird \u00fcberall dort eingesetzt, wo gro\u00dfe und schnelle Verfahrwege n\u00f6tig sind, und die eigentliche Prozesskraft nur auf kurzem Weg ben\u00f6tigt wird, wie es zum Beispiel beim Schlie\u00dfen oder Zuhalten einer Form bei Spritzgie\u00dfmaschinen oder Formpressen der Fall ist. Aber auch f\u00fcr F\u00fcgeprozesse, Umformanlagen oder Pr\u00fcfst\u00e4nde sind diese Klemmk\u00f6pfe geeignet. Kurzum \u00fcberall dort, wo sich die Trennung von Eilhub und Krafthub anbietet, um kompaktere Maschinen zu bauen, die deutlich weniger Energie ben\u00f6tigen als Maschinen herk\u00f6mmlicher Bauart.<\/p>\n<\/div><\/div>\n\n\n\n<div class=\"wp-block-media-text has-media-on-the-right is-stacked-on-mobile is-image-fill-element has-white-background-color has-background\" style=\"margin-top:0;margin-bottom:0\"><div class=\"wp-block-media-text__content\">\n<h5 class=\"wp-block-heading has-orange-50-color has-text-color has-headline-h-5-font-size\">Was bringt die Zukunft?<\/h5>\n\n\n\n<p>Durch diese Vielfalt an verschiedenen Klemmk\u00f6pfen findet man sie \u00fcberall dort, wo lineare Bewegungen gesichert, arretiert oder mit Kraft angetrieben werden m\u00fcssen. Diese beschr\u00e4nken sich nicht nur auf die urspr\u00fcnglichen Anwendungen im Maschinenbau wie hydraulische Pressen, Werkzeugmaschinen, Anwendungen mit Pneumatik- oder Hydraulikzylindern, Portale, Palettierer, Pr\u00fcfst\u00e4nde, Automationssysteme etc. Sie umfasst auch Anlagen wie Sesselumlaufbahnen, Kohlebrecher, verstellbare Schwimmbeckenb\u00f6den oder gar Br\u00fccken. Im Bereich Anwendungen auf unserer Website finden Sie viele weitere Beispiele.<\/p>\n\n\n\n<p style=\"margin-bottom:var(--wp--preset--spacing--3-rem)\">Die Geschichte des Klemmkopfes ist an dieser Stelle noch lange nicht zu Ende. SITEMA forscht st\u00e4ndig an neuen Technologien, um nicht nur die bestehenden Produkte permanent zu verbessern, sondern auch neue Klemmk\u00f6pfe zu entwickeln, die in den Maschinen der Zukunft ben\u00f6tigt werden.<\/p>\n<\/div><figure class=\"wp-block-media-text__media\"><img decoding=\"async\" src=\"https:\/\/www.sitema.de\/wp-content\/themes\/sitema\/assets\/images\/historie-6.jpg\" alt=\"\" class=\"wp-image-5605 size-full\" style=\"object-position:50% 50%\"\/><\/figure><\/div>\n<\/div>\n\n\n\n<section class=\"wp-block-group alignfull has-global-padding is-layout-constrained wp-block-group-is-layout-constrained\" id=\"pattern-cover-section\" style=\"margin-top:var(--wp--preset--spacing--5-rem)\">\n<div class=\"wp-block-cover alignfull is-light\" style=\"margin-bottom:0px;min-height:360px;aspect-ratio:unset;\"><span aria-hidden=\"true\" class=\"wp-block-cover__background has-background-dim-0 has-background-dim\"><\/span><img decoding=\"async\" class=\"wp-block-cover__image-background wp-image-7589\" alt=\"Historie\" src=\"https:\/\/www.sitema.de\/wp-content\/themes\/sitema\/assets\/images\/cover-banner.jpg\" data-object-fit=\"cover\"\/><div class=\"wp-block-cover__inner-container is-layout-flow wp-block-cover-is-layout-flow\">\n<div class=\"wp-block-group has-global-padding is-layout-constrained wp-block-group-is-layout-constrained\">\n<h3 class=\"wp-block-heading has-blue-20-color has-text-color\">Unsere L\u00f6sungen im \u00dcberblick<\/h3>\n\n\n\n<p>Lernen Sie die Produkte von SITEMA kennen.<\/p>\n\n\n\n<div class=\"wp-block-buttons is-layout-flex wp-block-buttons-is-layout-flex\" style=\"margin-top:var(--wp--preset--spacing--2-rem);margin-bottom:var(--wp--preset--spacing--2-rem)\">\n<div class=\"wp-block-button has-custom-font-size is-style-default has-base-font-size\"><a class=\"wp-block-button__link wp-element-button\" href=\"https:\/\/www.sitema.de\/produkte\/\"><strong>Produkt\u00fcbersicht<\/strong><\/a><\/div>\n<\/div>\n<\/div>\n<\/div><\/div>\n<\/section>\n\n\n\n<div id=\"product-column-icons\" class=\"wp-block-group product-column-icons is-style-overlap has-global-padding is-layout-constrained wp-block-group-is-layout-constrained\">\n<div class=\"wp-block-columns is-layout-flex wp-container-core-columns-is-layout-fe0db1f2 wp-block-columns-is-layout-flex\" style=\"margin-bottom:var(--wp--preset--spacing--8-rem)\">\n<div class=\"wp-block-column border-radius-4 has-white-background-color has-background is-layout-flow wp-block-column-is-layout-flow\" style=\"padding-top:var(--wp--preset--spacing--2-rem);padding-right:var(--wp--preset--spacing--2-rem);padding-bottom:var(--wp--preset--spacing--2-rem);padding-left:var(--wp--preset--spacing--2-rem)\">\n<figure class=\"wp-block-image aligncenter size-full\"><img decoding=\"async\" width=\"50\" height=\"51\" src=\"https:\/\/www.sitema.de\/wp-content\/uploads\/powerstroke\/icon-product-1.png\" alt=\"\" class=\"wp-image-9725\"\/><\/figure>\n\n\n\n<h5 class=\"wp-block-heading has-text-align-center has-blue-20-color has-text-color has-link-color wp-elements-c166ce023e4e2cfaedc8d2ccb341916e\" style=\"margin-top:var(--wp--preset--spacing--2-rem);margin-bottom:var(--wp--preset--spacing--1-rem)\"><a href=\"https:\/\/www.sitema.de\/de\/produkte\/?fp=function4\">Sichern<\/a><\/h5>\n\n\n\n<p class=\"has-text-align-center\">Vor angehobener Last sch\u00fctzen<\/p>\n<\/div>\n\n\n\n<div class=\"wp-block-column border-radius-4 has-white-background-color has-background is-layout-flow wp-block-column-is-layout-flow\" style=\"padding-top:var(--wp--preset--spacing--2-rem);padding-right:var(--wp--preset--spacing--2-rem);padding-bottom:var(--wp--preset--spacing--2-rem);padding-left:var(--wp--preset--spacing--2-rem)\">\n<figure class=\"wp-block-image aligncenter size-full\"><img decoding=\"async\" width=\"50\" height=\"51\" src=\"https:\/\/www.sitema.de\/wp-content\/uploads\/powerstroke\/icon-product-2.png\" alt=\"\" class=\"wp-image-9736\"\/><\/figure>\n\n\n\n<h5 class=\"wp-block-heading has-text-align-center has-blue-20-color has-text-color has-link-color wp-elements-4355c1fe7fb41022fe280ecdcc9b4c8c\" style=\"margin-top:var(--wp--preset--spacing--2-rem);margin-bottom:var(--wp--preset--spacing--1-rem)\"><a href=\"https:\/\/www.sitema.de\/de\/produkte\/?fp=function3\">Position halten<\/a><\/h5>\n\n\n\n<p class=\"has-text-align-center\">Arretieren einer Achse<\/p>\n<\/div>\n\n\n\n<div class=\"wp-block-column border-radius-4 has-white-background-color has-background is-layout-flow wp-block-column-is-layout-flow\" style=\"padding-top:var(--wp--preset--spacing--2-rem);padding-right:var(--wp--preset--spacing--2-rem);padding-bottom:var(--wp--preset--spacing--2-rem);padding-left:var(--wp--preset--spacing--2-rem)\">\n<figure class=\"wp-block-image aligncenter size-full\"><img decoding=\"async\" width=\"50\" height=\"51\" src=\"https:\/\/www.sitema.de\/wp-content\/uploads\/powerstroke\/icon-product-3.png\" alt=\"\" class=\"wp-image-9747\"\/><\/figure>\n\n\n\n<h5 class=\"wp-block-heading has-text-align-center has-blue-20-color has-text-color has-link-color wp-elements-9a9dd83cea0a0272c9a70f9c0bbde587\" style=\"margin-top:var(--wp--preset--spacing--2-rem);margin-bottom:var(--wp--preset--spacing--1-rem)\"><a href=\"https:\/\/www.sitema.de\/de\/produkte\/?fp=function2\">Gegenhalten<\/a><\/h5>\n\n\n\n<p class=\"has-text-align-center\">Halten gegen eine Kraft<\/p>\n<\/div>\n\n\n\n<div class=\"wp-block-column border-radius-4 has-white-background-color has-background is-layout-flow wp-block-column-is-layout-flow\" style=\"padding-top:var(--wp--preset--spacing--2-rem);padding-right:var(--wp--preset--spacing--2-rem);padding-bottom:var(--wp--preset--spacing--2-rem);padding-left:var(--wp--preset--spacing--2-rem)\">\n<figure class=\"wp-block-image aligncenter size-full\"><img decoding=\"async\" width=\"50\" height=\"51\" src=\"https:\/\/www.sitema.de\/wp-content\/uploads\/powerstroke\/icon-product-4.png\" alt=\"\" class=\"wp-image-9758\"\/><\/figure>\n\n\n\n<h5 class=\"wp-block-heading has-text-align-center has-blue-20-color has-text-color has-link-color wp-elements-1a80a3d763c1a5766db7446dc7694cb1\" style=\"margin-top:var(--wp--preset--spacing--2-rem);margin-bottom:var(--wp--preset--spacing--1-rem)\"><a href=\"https:\/\/www.sitema.de\/de\/produkte\/?fp=function1\">Antreiben<\/a><\/h5>\n\n\n\n<p class=\"has-text-align-center\">Gro\u00dfe Kr\u00e4fte auf kurzem Weg erzeugen<\/p>\n<\/div>\n<\/div>\n<\/div>\n\n\n\n<p><\/p>\n","protected":false},"excerpt":{"rendered":"<p>1979 &#8211; Beginn Sicherheit verbessern Die Geschichte des Klemmkopfes ist untrennbar mit zwei Namen verbunden: Dr. Erich Schmalenbach und Adolf Rastetter.Alles beginnt im Jahre 1979. Zu dieser Zeit f\u00fchrt Adolf Rastetter als Selbst\u00e4ndiger Wartungsarbeiten an hydraulischen Aufz\u00fcgen durch. Aufger\u00fcttelt durch einen tragischen Unfall in den USA, beschlie\u00dft er, die Sicherheit von hydraulischen Aufz\u00fcgen zu verbessern. [&hellip;]<\/p>\n","protected":false},"author":1,"featured_media":0,"parent":7826,"menu_order":0,"comment_status":"closed","ping_status":"closed","template":"","meta":{"_acf_changed":false,"_seopress_robots_primary_cat":"","_seopress_titles_title":"Historie - %%sitetitle%%","_seopress_titles_desc":"Entdecken Sie die Geschichte von SITEMA, seit 1979 Pionier in der Entwicklung innovativer Linearbremsen. Von unseren Anf\u00e4ngen mit dem ersten hydraulischen Aufzugsbremssystem bis hin zur heutigen Diversifizierung in Klemmk\u00f6pfe aller Art treibt unser Engagement f\u00fcr Spitzenleistungen die Branche weiter voran.","_seopress_robots_index":"","footnotes":""},"class_list":["post-5221","page","type-page","status-publish","hentry"],"acf":[],"_links":{"self":[{"href":"https:\/\/www.sitema.de\/de\/wp-json\/wp\/v2\/pages\/5221","targetHints":{"allow":["GET"]}}],"collection":[{"href":"https:\/\/www.sitema.de\/de\/wp-json\/wp\/v2\/pages"}],"about":[{"href":"https:\/\/www.sitema.de\/de\/wp-json\/wp\/v2\/types\/page"}],"author":[{"embeddable":true,"href":"https:\/\/www.sitema.de\/de\/wp-json\/wp\/v2\/users\/1"}],"replies":[{"embeddable":true,"href":"https:\/\/www.sitema.de\/de\/wp-json\/wp\/v2\/comments?post=5221"}],"version-history":[{"count":16,"href":"https:\/\/www.sitema.de\/de\/wp-json\/wp\/v2\/pages\/5221\/revisions"}],"predecessor-version":[{"id":51457,"href":"https:\/\/www.sitema.de\/de\/wp-json\/wp\/v2\/pages\/5221\/revisions\/51457"}],"up":[{"embeddable":true,"href":"https:\/\/www.sitema.de\/de\/wp-json\/wp\/v2\/pages\/7826"}],"wp:attachment":[{"href":"https:\/\/www.sitema.de\/de\/wp-json\/wp\/v2\/media?parent=5221"}],"curies":[{"name":"wp","href":"https:\/\/api.w.org\/{rel}","templated":true}]}}