{"id":5205,"date":"2024-02-02T12:19:48","date_gmt":"2024-02-02T12:19:48","guid":{"rendered":"https:\/\/www.sitema.de\/?page_id=5205"},"modified":"2024-10-18T14:31:39","modified_gmt":"2024-10-18T14:31:39","slug":"konkrete-anfrage","status":"publish","type":"page","link":"https:\/\/www.sitema.de\/de\/kontakt\/konkrete-anfrage\/","title":{"rendered":"Konkrete Anfrage"},"content":{"rendered":"\n<section class=\"wp-block-group alignfull header-generic has-global-padding is-layout-constrained wp-block-group-is-layout-constrained\" id=\"header-generic\">\n<div class=\"wp-block-cover alignfull\" style=\"min-height:350px;aspect-ratio:unset;\"><span aria-hidden=\"true\" class=\"wp-block-cover__background has-background-dim-60 has-background-dim wp-block-cover__gradient-background has-background-gradient\" style=\"background:linear-gradient(90deg,rgb(255,255,255) 0%,rgba(0,0,0,0) 100%)\"><\/span><img decoding=\"async\" width=\"1920\" height=\"350\" class=\"wp-block-cover__image-background wp-image-33439\" alt=\"\" src=\"https:\/\/www.sitema.de\/wp-content\/uploads\/unternehmen\/kontakt_header.jpg\" style=\"object-position:100% 50%\" data-object-fit=\"cover\" data-object-position=\"100% 50%\" srcset=\"https:\/\/www.sitema.de\/wp-content\/uploads\/unternehmen\/kontakt_header.jpg 1920w, https:\/\/www.sitema.de\/wp-content\/uploads\/unternehmen\/kontakt_header-300x55.jpg 300w, https:\/\/www.sitema.de\/wp-content\/uploads\/unternehmen\/kontakt_header-1024x187.jpg 1024w, https:\/\/www.sitema.de\/wp-content\/uploads\/unternehmen\/kontakt_header-768x140.jpg 768w, https:\/\/www.sitema.de\/wp-content\/uploads\/unternehmen\/kontakt_header-1536x280.jpg 1536w\" sizes=\"(max-width: 1920px) 100vw, 1920px\" \/><div class=\"wp-block-cover__inner-container has-global-padding is-layout-constrained wp-block-cover-is-layout-constrained\">\n<h1 class=\"wp-block-heading has-text-align-left has-blue-20-color has-text-color has-title-h-1-font-size\">Konkrete Anfrage<\/h1>\n<\/div><\/div>\n<\/section>\n\n\n\n<div class=\"wp-block-group is-style-overlap has-global-padding is-layout-constrained wp-block-group-is-layout-constrained\">\r\n\r\n\r\n<div class=\"bootstrap-custom-container\">\r\n    <div id=\"cookie-error\" class=\"col-12 d-none\">\r\n        <div class=\"alert alert-danger alert-dismissible fade show\" role=\"alert\">\r\n            Fehler: Cookies m\u00fcssen akzeptiert werden, um das Formular zu senden.            <a title=\"Cookie-Einstellungen\" href=\"javascript:cookiePreference();\" class=\"text-primary\">Cookie-Einstellungen<\/a>\r\n            <button type=\"button\" class=\"btn-close\" data-bs-dismiss=\"alert\" aria-label=\"Close\"><\/button>\r\n        <\/div>\r\n    <\/div>\r\n<\/div>\r\n\r\n<div class=\"wp-block-group has-white-background-color has-background has-global-padding is-layout-constrained wp-container-core-group-layout-11 wp-block-group-is-layout-constrained\" style=\"border-radius:4px;padding-top:var(--wp--preset--spacing--1-rem);padding-right:var(--wp--preset--spacing--1-rem);padding-bottom:var(--wp--preset--spacing--1-rem);padding-left:var(--wp--preset--spacing--1-rem)\">\r\n    <div class=\"bootstrap-custom-container\">\r\n\r\n        <div id=\"formContainer\" class=\"col-12 py-4 px-3\">\r\n                            <div class=\"row col-md-12 mb-3\">\r\n                    <p>Falls das Formular wider Erwarten nicht funktionieren sollte, finden Sie <a href=\"https:\/\/www.sitema.de\/wp-content\/uploads\/datenblaetter\/de\/sonstiges\/SITEMA_DE_1_Konkrete_Anfrage.pdf\">hier ein PDF zum Ausf\u00fcllen<\/a> (ggf. vorher lokal speichern)<\/p>\r\n                <\/div>\r\n                        <form action=\"\/de\/wp-json\/wp\/v2\/pages\/5205\" id=\"konkrete-form\" method=\"post\" class=\"needs-validation g-3\" name=\"specific-inquiry\" novalidate>\r\n                <div class=\"row\">\r\n                    <h2 class=\"title\">1. Produkt<\/h2>\r\n                    <div class=\"d-flex flex-row-reverse mb-3\">\r\n                        <p class=\"float-end mb-0\">* Bitte f\u00fcllen Sie diese Felder auf jeden Fall aus <\/p>\r\n                    <\/div>\r\n                    <div class=\"col-md-3 mb-3\">\r\n                        <label>*Produkt:<\/label>\r\n                    <\/div>\r\n                    <div class=\"col-md-9 mb-3\">\r\n                        <div class=\"col-md-12 mb-3\">\r\n                            <label for=\"s_product_type\" class=\"form-label\">Typ<\/label>\r\n                            <input type=\"text\" name=\"s_product_type\" class=\"form-control\" id=\"s_product_type\" placeholder=\"z.B. KR 80, KFH 56, KFPA 80-25, KSP 22\" value=\"\" title=\"Bitte geben Sie einen g\u00fcltigen Wert an\" required>\r\n\r\n                            <div id=\"typHelp\" class=\"form-text\">(Sammelbezeichnung f\u00fcr unterschiedliche Ausf\u00fchrung gleicher Bauart und Stangendurchmesser)\r\n                            <\/div>\r\n                            <div class=\"invalid-feedback\">\r\n                                Bitte geben Sie einen g\u00fcltigen Wert an                            <\/div>\r\n                        <\/div>\r\n\r\n                        <div class=\"col-md-12 mb-3\">\r\n                            <label for=\"s_product_ident_no\" class=\"form-label\">ID no.<\/label>\r\n                            <input type=\"text\" name=\"s_product_ident_no\" class=\"form-control\" id=\"s_product_ident_no\" placeholder=\"z.B. SK 056 051, KFPA 080 025-1, KSP 022 02\" value=\"\" title=\"Bitte geben Sie einen g\u00fcltigen Wert an\" required>\r\n\r\n                            <div id=\"typHelp\" class=\"form-text\">(Eindeutige Bezeichnung, gleichzeitig Bestellnummer)                            <\/div>\r\n                            <div class=\"invalid-feedback\">\r\n                                Bitte geben Sie einen g\u00fcltigen Wert an                            <\/div>\r\n                        <\/div>\r\n\r\n                        <div class=\"col-md-12 mb-3\">\r\n                            <label for=\"s_serial_no\" class=\"form-label\">Seriennummer (bei Support-Anfrage unbedingt erforderlich):<\/label>\r\n                            <input type=\"text\" name=\"s_serial_no\" class=\"form-control\" id=\"s_serial_no\" placeholder=\"z.B. 1234, 12345, 123456\" title=\"Bitte geben Sie einen g\u00fcltigen Wert an\">\r\n                            <div id=\"typHelp\" class=\"form-text\">(Die Seriennummer finden Sie auf dem Typenschild oder als Schlagzahl im Geh\u00e4use)                             <\/div>\r\n\r\n                        <\/div>\r\n                    <\/div>\r\n                <\/div>\r\n                <hr>\r\n\r\n                <div class=\"row\">\r\n                    <div class=\"col-md-12 mb-3\">\r\n                        <h2 class=\"title\">2. Ihr Anliegen<\/h2>\r\n                    <\/div>\r\n                    <div class=\"d-flex flex-row-reverse mb-3\">\r\n                        <p class=\"float-end mb-0\">* Bitte f\u00fcllen Sie diese Felder auf jeden Fall aus <\/p>\r\n                    <\/div>\r\n                    <div class=\"row fieldset-container\">\r\n                        <div class=\"col-md-3 mb-3 input-fieldset-switch\">\r\n                            <div class=\"form-check\">\r\n                                <input name=\"s_request\" value=\"Anfrage\" class=\"form-check-input ena-dis-fieldset radio-ena-dis-fieldset\" type=\"radio\" id=\"s_request_1\" checked>\r\n                                <label class=\"form-check-label\" for=\"s_request_1\">Anfrage<\/label>\r\n                            <\/div>\r\n                        <\/div>\r\n                        <div class=\"col-md-9\">\r\n                            <fieldset>\r\n                                <div class=\"col-md-12 specific-fieldset\">\r\n                                    <div class=\"row\">\r\n                                        <div class=\"col-md-3\">\r\n                                            *<label class=\"form-label\">Menge:<\/label>\r\n                                        <\/div>\r\n                                        <div class=\"col-md-7\">\r\n                                            <div class=\"col-md-12 mb-1 fieldset-container\">\r\n                                                <div class=\"form-check\">\r\n                                                    <input name=\"s_quantity\" id=\"s_quantity_1\" value=\"einmalig\" class=\"form-check-input mt-0 specific-radio\" type=\"radio\" required>\r\n                                                    <label class=\"form-check-label\" for=\"s_quantity_1\">einmalig<\/label>\r\n\r\n                                                <\/div>\r\n                                                <div class=\"input-group mb-3\">\r\n                                                    <fieldset disabled>\r\n                                                        <input name=\"s_once\" type=\"text\" class=\"form-control specific-inputs\" required>\r\n                                                    <\/fieldset>\r\n                                                    <span class=\"input-group-text\">St\u00fcck<\/span>\r\n                                                    <div class=\"invalid-feedback\">\r\n                                                        Bitte geben Sie einen g\u00fcltigen Wert an                                                    <\/div>\r\n                                                <\/div>\r\n                                            <\/div>\r\n\r\n                                            <div class=\"col-md-12 mb-1 fieldset-container\">\r\n                                                <div class=\"form-check\">\r\n                                                    <input name=\"s_quantity\" id=\"s_quantity_2\" value=\"pro Monat\" class=\"form-check-input mt-0 specific-radio\" type=\"radio\" required>\r\n                                                    <label class=\"form-check-label\" for=\"s_quantity_2\">pro Monat<\/label>\r\n                                                <\/div>\r\n                                                <div class=\"input-group mb-3\">\r\n                                                    <fieldset disabled>\r\n                                                        <input name=\"s_month\" type=\"text\" class=\"form-control specific-inputs\" required>\r\n                                                    <\/fieldset>\r\n                                                    <span class=\"input-group-text\">St\u00fcck<\/span>\r\n                                                    <div class=\"invalid-feedback\">\r\n                                                        Bitte geben Sie einen g\u00fcltigen Wert an                                                    <\/div>\r\n                                                <\/div>\r\n                                            <\/div>\r\n\r\n                                            <div class=\"col-md-12 mb-1 fieldset-container\">\r\n                                                <div class=\"form-check\">\r\n                                                    <input name=\"s_quantity\" id=\"s_quantity_3\" value=\"pro Jahr\" class=\"form-check-input mt-0 specific-radio\" type=\"radio\" required>\r\n                                                    <label class=\"form-check-label\" for=\"s_quantity_3\">pro Jahr<\/label>\r\n                                                <\/div>\r\n                                                <div class=\"input-group\">\r\n                                                    <fieldset disabled>\r\n                                                        <input name=\"s_year\" type=\"text\" class=\"form-control specific-inputs\" required>\r\n                                                    <\/fieldset>\r\n                                                    <span class=\"input-group-text\">St\u00fcck<\/span>\r\n                                                    <div class=\"invalid-feedback\">\r\n                                                        Bitte geben Sie einen g\u00fcltigen Wert an                                                    <\/div>\r\n                                                <\/div>\r\n                                            <\/div>\r\n                                            <div class=\"col-12 mt-2\">\r\n                                                <input name=\"s_quantity\" value=\"\" class=\"d-none\" type=\"radio\" required>\r\n                                                <div class=\"invalid-feedback\">\r\n                                                    Bitte w\u00e4hlen Sie eine Option aus                                                <\/div>\r\n                                            <\/div>\r\n                                        <\/div>\r\n                                    <\/div>\r\n\r\n                                    <div class=\"row mt-2\">\r\n                                        <div class=\"col-md-3\">\r\n                                            <label for=\"s_date\" class=\"form-label\">Gew\u00fcnschter Liefertermin<\/label>\r\n                                        <\/div>\r\n                                        <div class=\"col-md-6\" id=\"datepicker-container\">\r\n                                            <div class=\"input-group mb-3\">\r\n                                                <input name=\"s_date\" type=\"text\" class=\"form-control\" id=\"s_date\">\r\n                                                <label for=\"s_date\" class=\"input-group-text\"><i class=\"bi bi-calendar\"><\/i><\/label>\r\n                                            <\/div>\r\n                                        <\/div>\r\n                                    <\/div>\r\n                                <\/div>\r\n                            <\/fieldset>\r\n                        <\/div>\r\n                        <hr>\r\n                        <div class=\"col-md-3 input-fieldset-switch\">\r\n                            <div class=\"form-check\">\r\n                                <input name=\"s_request\" class=\"form-check-input ena-dis-fieldset radio-ena-dis-fieldset\" type=\"radio\" id=\"s_request_2\" value=\"Technische Unterst\u00fctzung\">\r\n                                <label class=\"form-check-label\" for=\"s_request_2\">Technische Unterst\u00fctzung<\/label>\r\n                            <\/div>\r\n                        <\/div>\r\n                        <div class=\"col-md-9 multiple_check_validation fieldset-container\">\r\n                            <fieldset disabled>\r\n                                <div class=\"col-md-12 mb-3\">\r\n                                    <div class=\"form-check\">\r\n                                        <input name=\"s_delivery\" class=\"form-check-input ena-dis-fieldset\" type=\"checkbox\" id=\"s_delivery\" required>\r\n                                        <label class=\"form-check-label\" for=\"s_delivery\">\r\n                                            Bitte senden Sie mir die Betriebsanleitung zum o.g. Produkt                                        <\/label>\r\n                                    <\/div>\r\n                                <\/div>\r\n                                <div class=\"col-md-12 mb-3 input-fieldset-switch\">\r\n                                    <div class=\"form-check\">\r\n                                        <input name=\"s_help\" class=\"form-check-input ena-dis-fieldset\" type=\"checkbox\" id=\"s_help\" required>\r\n                                        <label class=\"form-check-label\" for=\"s_help\">\r\n                                            Bitte helfen Sie mir bei folgendem Problem (genaue Beschreibung und Angabe der Seriennummer erforderlich)                                        <\/label>\r\n                                    <\/div>\r\n                                <\/div>\r\n                                <div class=\"col-md-10\">\r\n                                    <fieldset disabled>\r\n                                        <div class=\"form-group\">\r\n                                            <textarea name=\"s_help_text\" class=\"form-control\"><\/textarea>\r\n                                        <\/div>\r\n                                    <\/fieldset>\r\n                                <\/div>\r\n                            <\/fieldset>\r\n                        <\/div>\r\n                    <\/div>\r\n                <\/div>\r\n                <hr>\r\n\r\n                <div class=\"row\">\r\n                    <div class=\"col-md-12 mb-3\">\r\n                        <h2 class=\"title\">3. Pers\u00f6nliche Daten<\/h2>\r\n                    <\/div>\r\n                    <div class=\"d-flex flex-row-reverse mb-3\">\r\n                        <p class=\"float-end mb-0\">* Bitte f\u00fcllen Sie diese Felder auf jeden Fall aus <\/p>\r\n                    <\/div>\r\n                    <div class=\"col-md-4 mb-3\">\r\n                        <label for=\"s_company\" class=\"form-label\">*Firma<\/label>\r\n                        <input name=\"s_company\" type=\"text\" class=\"form-control\" id=\"s_company\" title=\"Bitte geben Sie einen Firmennamen an\" required>\r\n                        <div class=\"invalid-feedback\">\r\n                            Bitte geben Sie einen Firmennamen an                        <\/div>\r\n                    <\/div>\r\n                    <div class=\"col-md-4 mb-3\">\r\n                        <label for=\"s_name\" class=\"form-label\">*Name Ansprechpartner<\/label>\r\n                        <input name=\"s_name\" type=\"text\" class=\"form-control\" id=\"s_name\" title=\"Bitte geben Sie einen Namen an\" required>\r\n                        <div class=\"invalid-feedback\">\r\n                            Bitte geben Sie einen Namen an                        <\/div>\r\n                    <\/div>\r\n                    <div class=\"col-md-4 mb-3\">\r\n                        <label for=\"s_dept\" class=\"form-label\">Abteilung<\/label>\r\n                        <input name=\"s_dept\" type=\"text\" class=\"form-control\" id=\"s_dept\">\r\n                    <\/div>\r\n                    <div class=\"col-md-4 mb-3\">\r\n                        <label for=\"s_email\" class=\"form-label\">*E-Mail<\/label>\r\n                        <input name=\"s_email\" type=\"email\" class=\"form-control\" id=\"s_email\" title=\"Bitte geben Sie eine g\u00fcltige E-Mail-Adresse an\" required>\r\n                        <div class=\"invalid-feedback\">\r\n                            Bitte geben Sie eine g\u00fcltige E-Mail-Adresse an                        <\/div>\r\n                    <\/div>\r\n                    <div class=\"col-md-4 mb-3\">\r\n                        <label for=\"s_phone\" class=\"form-label\">Telefon<\/label>\r\n                        <input name=\"s_phone\" type=\"text\" class=\"form-control\" id=\"s_phone\">\r\n                    <\/div>\r\n                    <div class=\"col-md-4 mb-3\">\r\n                        <label for=\"s_street\" class=\"form-label\">Stra\u00dfe \/ Nr.<\/label>\r\n                        <input name=\"s_street\" type=\"text\" class=\"form-control\" id=\"s_street\">\r\n                    <\/div>\r\n                    <div class=\"col-md-4 mb-3\">\r\n                        <label for=\"s_postal\" class=\"form-label\">PLZ \/ Ort<\/label>\r\n                        <input name=\"s_postal\" type=\"text\" class=\"form-control\" id=\"s_postal\">\r\n                    <\/div>\r\n                    <div class=\"col-md-4 mb-3\">\r\n                        <label for=\"s_country\" class=\"form-label\">Land<\/label>\r\n                        <input name=\"s_country\" type=\"text\" class=\"form-control\" id=\"s_country\">\r\n                    <\/div>\r\n                    <div class=\"col-md-12 mb-3\">\r\n                        <div class=\"form-group\">\r\n                            <label class=\"form-check-label mb-3\" for=\"s_other\">Sonstige Anmerkungen:<\/label>\r\n                            <textarea name=\"s_other\" class=\"form-control\"><\/textarea>\r\n                            <input class=\"visually-hidden\" type=\"text\" name=\"company_fax\">\r\n                        <\/div>\r\n                    <\/div>\r\n                    <div class=\"col-md-12\">\r\n                        <div class=\"form-check\">\r\n                            <input name=\"s_call_me\" class=\"form-check-input\" type=\"checkbox\" id=\"s_call_me\">\r\n                            <label class=\"form-check-label\" for=\"s_call_me\">\r\n                                Rufen Sie mich zur\u00fcck                            <\/label>\r\n                        <\/div>\r\n                    <\/div>\r\n                    <div class=\"col-md-12\">\r\n                        <div class=\"form-check\">\r\n                            <input name=\"s_email_me\" class=\"form-check-input\" type=\"checkbox\" id=\"s_email_me\">\r\n                            <label class=\"form-check-label\" for=\"s_email_me\">\r\n                                Schicken Sie mir eine E-Mail                            <\/label>\r\n                        <\/div>\r\n                    <\/div>\r\n                    <div class=\"col-md-12 mb-3\">\r\n                        <div class=\"form-check\">\r\n                            <input name=\"s_legal\" class=\"form-check-input\" type=\"checkbox\" id=\"s_legal\" required>\r\n                            <label class=\"form-check-label\" for=\"s_legal\">\r\n                                *Ich erkenne die  <a target=\"_blank\" href=\"https:\/\/www.sitema.de\/de\/\/datenschutz\"> Datenschutzbestimmungen von SITEMA an<\/a>\r\n                            <\/label>\r\n                            <div class=\"invalid-feedback\">\r\n                                Bitte lesen und akzeptieren Sie die Datenschutzerkl\u00e4rung                            <\/div>\r\n                        <\/div>\r\n                    <\/div>\r\n                <\/div>\r\n\r\n\r\n                <div class=\"row\">\r\n                    <div class=\"col-12 mb-3\">\r\n                        <div class=\"g-recaptcha\" data-sitekey=\"6Ldy_GQqAAAAAPgA0xqwS1y_BFkGuejQKZJzUOJi\"><\/div>\r\n                        <noscript>\r\n                            <div style=\"width: 302px; height: 352px;\">\r\n                                <div style=\"width: 302px; height: 352px; position: relative;\">\r\n                                    <div style=\"width: 302px; height: 352px; position: absolute;\">\r\n                                        <iframe src=\"https:\/\/www.google.com\/recaptcha\/api\/fallback?k=6Ldy_GQqAAAAAPgA0xqwS1y_BFkGuejQKZJzUOJi\"\r\n                                            frameborder=\"0\" scrolling=\"no\"\r\n                                            style=\"width: 302px; height:352px; border-style: none;\">\r\n                                        <\/iframe>\r\n                                    <\/div>\r\n                                    <div style=\"width: 250px; height: 80px; position: absolute; border-style: none;\r\n             bottom: 21px; left: 25px; margin: 0px; padding: 0px; right: 25px;\">\r\n                                        <textarea id=\"g-recaptcha-response\" name=\"g-recaptcha-response\"\r\n                                            class=\"g-recaptcha-response\"\r\n                                            style=\"width: 250px; height: 80px; border: 1px solid #c1c1c1;\r\n                      margin: 0px; padding: 0px; resize: none;\" value=\"\">\r\n            <\/textarea>\r\n                                    <\/div>\r\n                                <\/div>\r\n                            <\/div>\r\n                        <\/noscript>\r\n                        <span id=\"recaptcha_alert\" style=\"display:none; float:left; font-size:12px; color:#EA1F26;\"><\/span>\r\n                        <div class=\"recaptcha-error-msg invalid-feedback\">\r\n                            Bitte w\u00e4hlen Sie eine Option aus                        <\/div>\r\n                    <\/div>\r\n                <\/div>\r\n\r\n                <div class=\"row\">\r\n                    <div class=\"col-12\">\r\n                        <button id=\"submit-button\" class=\"btn btn-primary\" type=\"submit\">Formular senden<\/button>\r\n                    <\/div>\r\n                    <div id=\"loading-status\" class=\"spinner-border text-primary m-3 d-none\" role=\"status\">\r\n                        <span class=\"visually-hidden\"><\/span>\r\n                    <\/div>\r\n                <\/div>\r\n                <input type=\"hidden\" name=\"s_contact\">\r\n                <input type=\"hidden\" id=\"specific_contact_nonce\" name=\"specific_contact_nonce\" value=\"964375b32b\" \/><input type=\"hidden\" name=\"_wp_http_referer\" value=\"\/de\/wp-json\/wp\/v2\/pages\/5205\" \/>            <\/form>\r\n        <\/div>\r\n\r\n        <div id=\"cookiesAcceptModal\" class=\"col-12 d-none\">\r\n            <div class=\"bootstrap-custom-container\">\r\n                <div class=\"col-12 py-5 my-5 px-3 text-center\">\r\n                    <p class=\"mb-0\">Um dieses Formular abzusenden, m\u00fcssen Sie die Cookies von recaptcha akzeptieren.<br> Klicken Sie auf den folgenden <a title=\"Cookie-Verwaltung\" href=\"javascript:cookiePreference();\" class=\"primary\"> link<\/a>, aktivieren Sie die Verwendung f\u00fcr <strong>reCAPTCHA<\/strong> und klicken Sie auf Erlauben<\/p>\r\n                <\/div>\r\n            <\/div>\r\n        <\/div>\r\n\r\n    <\/div>\r\n<\/div><\/div>\n","protected":false},"excerpt":{"rendered":"","protected":false},"author":1,"featured_media":0,"parent":6615,"menu_order":0,"comment_status":"closed","ping_status":"closed","template":"","meta":{"_acf_changed":false,"_seopress_robots_primary_cat":"","_seopress_titles_title":"Konkrete Anfrage - %%sitetitle%%","_seopress_titles_desc":"F\u00fcllen Sie unser Kontaktformular f\u00fcr Produktanfragen oder Anfragen zum technischen Support aus. Ganz gleich, ob Sie am Kauf eines unserer Produkte interessiert sind oder technische Unterst\u00fctzung f\u00fcr ein bestehendes Produkt ben\u00f6tigen, wir sind f\u00fcr Sie da.","_seopress_robots_index":"","footnotes":""},"class_list":["post-5205","page","type-page","status-publish","hentry"],"acf":[],"_links":{"self":[{"href":"https:\/\/www.sitema.de\/de\/wp-json\/wp\/v2\/pages\/5205","targetHints":{"allow":["GET"]}}],"collection":[{"href":"https:\/\/www.sitema.de\/de\/wp-json\/wp\/v2\/pages"}],"about":[{"href":"https:\/\/www.sitema.de\/de\/wp-json\/wp\/v2\/types\/page"}],"author":[{"embeddable":true,"href":"https:\/\/www.sitema.de\/de\/wp-json\/wp\/v2\/users\/1"}],"replies":[{"embeddable":true,"href":"https:\/\/www.sitema.de\/de\/wp-json\/wp\/v2\/comments?post=5205"}],"version-history":[{"count":14,"href":"https:\/\/www.sitema.de\/de\/wp-json\/wp\/v2\/pages\/5205\/revisions"}],"predecessor-version":[{"id":266499,"href":"https:\/\/www.sitema.de\/de\/wp-json\/wp\/v2\/pages\/5205\/revisions\/266499"}],"up":[{"embeddable":true,"href":"https:\/\/www.sitema.de\/de\/wp-json\/wp\/v2\/pages\/6615"}],"wp:attachment":[{"href":"https:\/\/www.sitema.de\/de\/wp-json\/wp\/v2\/media?parent=5205"}],"curies":[{"name":"wp","href":"https:\/\/api.w.org\/{rel}","templated":true}]}}