{"id":10523,"date":"2024-07-11T11:43:53","date_gmt":"2024-07-11T11:43:53","guid":{"rendered":"https:\/\/www.sitema.de\/?page_id=10523"},"modified":"2025-03-14T11:01:01","modified_gmt":"2025-03-14T11:01:01","slug":"ausbildung","status":"publish","type":"page","link":"https:\/\/www.sitema.de\/de\/unternehmen\/ausbildung\/","title":{"rendered":"Ausbildung"},"content":{"rendered":"\n<section class=\"wp-block-group alignfull header-generic has-global-padding is-layout-constrained wp-block-group-is-layout-constrained\" id=\"header-generic\">\n<div class=\"wp-block-cover alignfull\" style=\"min-height:350px;aspect-ratio:unset;\"><span aria-hidden=\"true\" class=\"wp-block-cover__background has-background-dim-30 has-background-dim wp-block-cover__gradient-background has-background-gradient\" style=\"background:linear-gradient(90deg,rgb(128,128,128) 0%,rgba(0,0,0,0) 100%)\"><\/span><img decoding=\"async\" width=\"1600\" height=\"800\" class=\"wp-block-cover__image-background wp-image-17952\" alt=\"\" src=\"https:\/\/www.sitema.de\/wp-content\/uploads\/unternehmen\/unternehmen_halle.jpg\" style=\"object-position:53% 61%\" data-object-fit=\"cover\" data-object-position=\"53% 61%\" srcset=\"https:\/\/www.sitema.de\/wp-content\/uploads\/unternehmen\/unternehmen_halle.jpg 1600w, https:\/\/www.sitema.de\/wp-content\/uploads\/unternehmen\/unternehmen_halle-300x150.jpg 300w, https:\/\/www.sitema.de\/wp-content\/uploads\/unternehmen\/unternehmen_halle-1024x512.jpg 1024w, https:\/\/www.sitema.de\/wp-content\/uploads\/unternehmen\/unternehmen_halle-768x384.jpg 768w, https:\/\/www.sitema.de\/wp-content\/uploads\/unternehmen\/unternehmen_halle-1536x768.jpg 1536w\" sizes=\"(max-width: 1600px) 100vw, 1600px\" \/><div class=\"wp-block-cover__inner-container has-global-padding is-layout-constrained wp-block-cover-is-layout-constrained\">\n<h1 class=\"wp-block-heading has-text-align-left has-blue-20-color has-text-color has-title-h-1-font-size\"><strong>Join the SiForce!<\/strong><\/h1>\n\n\n\n<h2 class=\"wp-block-heading has-text-align-left has-blue-20-color has-text-color has-headline-h-2-font-size\"><strong>Arbeiten bei SITEMA<\/strong><\/h2>\n<\/div><\/div>\n<\/section>\n\n\n\n<div id=\"karriere-content\" class=\"wp-block-group karriere-content has-global-padding is-layout-constrained wp-block-group-is-layout-constrained\">\n<div class=\"wp-block-media-text has-media-on-the-right is-stacked-on-mobile is-vertically-aligned-center border-radius-4 has-white-background-color has-background\" style=\"margin-top:var(--wp--preset--spacing--4-rem);margin-bottom:var(--wp--preset--spacing--4-rem);padding-top:0;padding-right:0;padding-bottom:0;padding-left:0;grid-template-columns:auto 40%\"><div class=\"wp-block-media-text__content\">\n<h3 class=\"wp-block-heading\"><strong>Dein Talent. Deine Zukunft.<\/strong><br><strong>Deine Chance.<\/strong><\/h3>\n\n\n\n<p>Lerne gefragte F\u00e4higkeiten von echten Maschinenbau-Experten. Mit Fachwissen, handwerklichem Geschick und einem Auge f\u00fcr Perfektion setzen wir Ma\u00dfst\u00e4be. Nat\u00fcrlich nutzen wir modernste Technologien \u2013 wahre Pr\u00e4zision entsteht jedoch durch handwerkliches K\u00f6nnen. Doch nicht nur deswegen sind unsere Klemmk\u00f6pfe die Besten der Welt.<br>Entscheidend sind die K\u00f6pfe dahinter: Unsere Mitarbeiter in der Produktion, an den Maschinen und im B\u00fcro. <\/p>\n\n\n\n<p style=\"margin-bottom:var(--wp--preset--spacing--3-rem)\">Also starte jetzt deine berufliche Zukunft im Maschinenbau mit SITEMA!<\/p>\n<\/div><figure class=\"wp-block-media-text__media\"><img decoding=\"async\" width=\"585\" height=\"325\" src=\"https:\/\/www.sitema.de\/wp-content\/uploads\/karriere\/Typenschild.jpg\" alt=\"\" class=\"wp-image-10525 size-full\" srcset=\"https:\/\/www.sitema.de\/wp-content\/uploads\/karriere\/Typenschild.jpg 585w, https:\/\/www.sitema.de\/wp-content\/uploads\/karriere\/Typenschild-300x167.jpg 300w\" sizes=\"(max-width: 585px) 100vw, 585px\" \/><\/figure><\/div>\n\n\n\n<div class=\"wp-block-media-text is-stacked-on-mobile is-vertically-aligned-center is-image-fill-element border-radius-4 has-white-background-color has-background\" style=\"margin-top:var(--wp--preset--spacing--4-rem);margin-bottom:var(--wp--preset--spacing--4-rem);padding-top:0;padding-right:0;padding-bottom:0;padding-left:0;grid-template-columns:41% auto\"><figure class=\"wp-block-media-text__media\"><img decoding=\"async\" width=\"1988\" height=\"1322\" src=\"https:\/\/www.sitema.de\/wp-content\/uploads\/karriere\/24-09-12_Austausch-Azubis2-1.jpg\" alt=\"\" class=\"wp-image-22590 size-full\" style=\"object-position:24% 43%\" srcset=\"https:\/\/www.sitema.de\/wp-content\/uploads\/karriere\/24-09-12_Austausch-Azubis2-1.jpg 1988w, https:\/\/www.sitema.de\/wp-content\/uploads\/karriere\/24-09-12_Austausch-Azubis2-1-300x199.jpg 300w, https:\/\/www.sitema.de\/wp-content\/uploads\/karriere\/24-09-12_Austausch-Azubis2-1-1024x681.jpg 1024w, https:\/\/www.sitema.de\/wp-content\/uploads\/karriere\/24-09-12_Austausch-Azubis2-1-768x511.jpg 768w, https:\/\/www.sitema.de\/wp-content\/uploads\/karriere\/24-09-12_Austausch-Azubis2-1-1536x1021.jpg 1536w\" sizes=\"(max-width: 1988px) 100vw, 1988px\" \/><\/figure><div class=\"wp-block-media-text__content\">\n<h2 class=\"wp-block-heading has-green-40-color has-text-color has-link-color wp-elements-bc49551b057140b9c7a5fe28e435ee78\">Ausbildung zum Industriemechaniker (m\/w\/d)<\/h2>\n\n\n\n<p>In der Schule sind Technik, Mathematik und Physik deine Lieblingsf\u00e4cher? Du bist handwerklich begabt und hast Lust auf moderne Bearbeitungsmaschinen? Dann ist diese Ausbildung eine gute Entscheidung f\u00fcr dich.<\/p>\n\n\n\n<h4 class=\"wp-block-heading has-green-40-color has-text-color has-link-color wp-elements-32c5c494a1426ae863d4fa372861ca80\">So sieht dein Ausbildungsalltag aus<\/h4>\n\n\n\n<p>Du lernst alles \u00fcber die manuelle und maschinelle Bearbeitung von Werkstoffen und die Montage von unseren Produkten.<\/p>\n\n\n\n<h4 class=\"wp-block-heading has-green-40-color has-text-color has-link-color wp-elements-d1f4b52628f3a42f1f16419deeafcadc\">Das solltest du f\u00fcr die Ausbildung als Industriemechaniker mitbringen<\/h4>\n\n\n\n<p>F\u00fcr die Ausbildung zum Industriemechaniker musst du die Mittlere Reife an der Werkreal-, Real- oder Fachschule abgeschlossen haben. Auch ein guter Hauptschulabschluss erm\u00f6glicht dir eine Ausbildung zum Industriemechaniker.<\/p>\n\n\n\n<p>F\u00fcr uns ist es wichtig, dass deine pers\u00f6nlichen F\u00e4higkeiten zur Ausbildung und zu uns als Unternehmen passen. Dazu geh\u00f6ren Spa\u00df an der Arbeit und der Wille, die Dinge voranzubringen. Noten sind nicht alleine ausschlaggebend f\u00fcr die Vergabe des Ausbildungsplatzes, sie sind vielmehr deine Eintrittskarte zum Bewerbungsgespr\u00e4ch. Daher achten wir auf das Gesamtbild und insbesondere auf deine Noten in Mathematik, Technik und den naturwissenschaftlichen F\u00e4chern.<\/p>\n\n\n\n<div class=\"wp-block-columns is-layout-flex wp-container-core-columns-is-layout-28f84493 wp-block-columns-is-layout-flex\">\n<div class=\"wp-block-column is-layout-flow wp-block-column-is-layout-flow\" style=\"flex-basis:100%\">\n<div class=\"wp-block-columns is-layout-flex wp-container-core-columns-is-layout-28f84493 wp-block-columns-is-layout-flex\">\n<div class=\"wp-block-column is-layout-flow wp-block-column-is-layout-flow\" style=\"flex-basis:33.33%\">\n<figure class=\"wp-block-image size-full\"><img decoding=\"async\" width=\"139\" height=\"136\" src=\"https:\/\/www.sitema.de\/wp-content\/uploads\/karriere\/verdienst.png\" alt=\"\" class=\"wp-image-65818\"\/><\/figure>\n<\/div>\n\n\n\n<div class=\"wp-block-column is-vertically-aligned-center is-layout-flow wp-block-column-is-layout-flow\" style=\"flex-basis:66.66%\">\n<ol class=\"wp-block-list\">\n<li class=\"has-white-background-color has-background has-pre-headline-h-6-font-size\" style=\"border-style:none;border-width:0px\">Ausbildungsjahr 1200 \u20ac<\/li>\n\n\n\n<li class=\"has-pre-headline-h-6-font-size\" style=\"border-style:none;border-width:0px\">Ausbildungsjahr 1280 \u20ac<\/li>\n\n\n\n<li class=\"has-pre-headline-h-6-font-size\" style=\"border-style:none;border-width:0px\">Ausbildungsjahr 1400 \u20ac<\/li>\n\n\n\n<li class=\"has-pre-headline-h-6-font-size\" style=\"border-style:none;border-width:0px\">Ausbildungsjahr 1460 \u20ac<\/li>\n<\/ol>\n<\/div>\n<\/div>\n<\/div>\n<\/div>\n\n\n\n<div class=\"wp-block-buttons is-layout-flex wp-block-buttons-is-layout-flex\" style=\"margin-bottom:var(--wp--preset--spacing--3-rem)\">\n<div class=\"wp-block-button is-style-fillgreen\"><a class=\"wp-block-button__link wp-element-button\" href=\"mailto:ausbildung@sitema.de\">Jetzt bewerben \/ in Kontakt treten<\/a><\/div>\n<\/div>\n<\/div><\/div>\n<\/div>\n\n\n\r\n    <aside class=\"employment-slider-container\">\r\n        <div id=\"employment-slider\" class=\"employment-slider\">\r\n        \r\n                    <div class=\"employment-slide\">\r\n                        <img decoding=\"async\" alt=\"\" src=\"https:\/\/www.sitema.de\/wp-content\/uploads\/karriere\/Chanujan_testimonial.jpg\">\r\n                        <div class=\"employment-slider-content\">\r\n                            <p class=\"employment-slider-text\">\u201cIch wollte immer schon Industriemechaniker werden. SITEMA und Herr Maier haben mich \u00fcberzeugt.\u201d<\/p>\r\n                            <p class=\"employment-slider-author\"><span>Chanujan<\/span> Auszubildender<\/p>\r\n                        <\/div>\r\n                    <\/div>\r\n        \r\n                    <div class=\"employment-slide\">\r\n                        <img decoding=\"async\" alt=\"\" src=\"https:\/\/www.sitema.de\/wp-content\/uploads\/karriere\/tim_testimonial.jpg\">\r\n                        <div class=\"employment-slider-content\">\r\n                            <p class=\"employment-slider-text\">\u201cIch finde es toll, dass man in der Ausbildung die verschiedenen Abteilungen kennenlernt. Dazu sind die Kolleginnen und Kollegen super nett!\u201d<\/p>\r\n                            <p class=\"employment-slider-author\"><span>Tim<\/span> Auszubildender<\/p>\r\n                        <\/div>\r\n                    <\/div>\r\n        \r\n        <\/div>\r\n        <button id=\"employment-slide-prev-btn\" type=\"button\" class=\"employment-slider-btn\"><\/button>\r\n        <button id=\"employment-slide-next-btn\" type=\"button\" class=\"employment-slider-btn\"><\/button>\r\n        <div id=\"employment-slider-steps\" class=\"employment-slider-steps\">\r\n            <span class=\"current\"><\/span>\r\n            \r\n            <span><\/span>\r\n        \r\n    <\/div>\r\n    <\/aside>\r\n    \n\n\n<div id=\"karriere-content\" class=\"wp-block-group karriere-content has-global-padding is-layout-constrained wp-block-group-is-layout-constrained\">\n<div class=\"wp-block-media-text is-stacked-on-mobile is-vertically-aligned-center is-image-fill-element border-radius-4 has-white-background-color has-background\" style=\"margin-top:var(--wp--preset--spacing--4-rem);margin-bottom:var(--wp--preset--spacing--4-rem);padding-top:0;padding-right:0;padding-bottom:0;padding-left:0\"><figure class=\"wp-block-media-text__media\"><img decoding=\"async\" width=\"1024\" height=\"949\" src=\"https:\/\/www.sitema.de\/wp-content\/uploads\/karriere\/20211123_Sitema50495-1024x949.jpg\" alt=\"\" class=\"wp-image-16933 size-full\" style=\"object-position:58% 29%\" srcset=\"https:\/\/www.sitema.de\/wp-content\/uploads\/karriere\/20211123_Sitema50495-1024x949.jpg 1024w, https:\/\/www.sitema.de\/wp-content\/uploads\/karriere\/20211123_Sitema50495-300x278.jpg 300w, https:\/\/www.sitema.de\/wp-content\/uploads\/karriere\/20211123_Sitema50495-768x712.jpg 768w, https:\/\/www.sitema.de\/wp-content\/uploads\/karriere\/20211123_Sitema50495.jpg 1260w\" sizes=\"(max-width: 1024px) 100vw, 1024px\" \/><\/figure><div class=\"wp-block-media-text__content\">\n<h2 class=\"wp-block-heading\">Wie bewerbe ich mich?<\/h2>\n\n\n\n<p>Bei uns kannst du dich ganz einfach bewerben, entweder per E-Mail oder per Post. Ausbildungsbeginn ist der 1. September.<br><br>Wir f\u00fchren unsere Bewerbungsgespr\u00e4che auf Augenh\u00f6he.<\/p>\n\n\n\n<h2 class=\"wp-block-heading\">Was geh\u00f6rt in die Bewerbungsunterlagen?<\/h2>\n\n\n\n<p class=\"has-green-40-color has-text-color has-link-color wp-elements-4b66a5dc171db1fa1e0be77031232fa1\">Wir konnten dich begeistern? Dann \u00fcberzeug uns mit deiner Bewerbung! Wir unterst\u00fctzen dich gern: mit Bewerbungstipps und Informationen \u00fcber unser Bewerbungsverfahren.<\/p>\n\n\n\n<p>1. Ein Anschreiben (ca. eine DIN-A4-Seite), das Auskunft \u00fcber dich und deine Motivation f\u00fcr die jeweilige Ausbildungsrichtung\/den jeweiligen Studiengang gibt. Nutze das Anschreiben, um dich selbst vorzustellen.<br><br>2. Ein vollst\u00e4ndiger tabellarischer Lebenslauf mit optionalem Bewerbungsfoto \u2013 Hobbys, Ehren\u00e4mter, Engagement, besondere Kenntnisse etc. sollten ebenfalls hier vermerkt sein.<br><br>3. Scans der letzten beiden Zeugnisse sowie Scans von eventuell vorhandenen Abschlusszeugnissen. Dar\u00fcber hinaus k\u00f6nnen Bescheinigungen sinnvoll sein, die uns mehr \u00fcber dich mitteilen.<\/p>\n\n\n\n<div class=\"wp-block-buttons is-layout-flex wp-block-buttons-is-layout-flex\" style=\"margin-bottom:var(--wp--preset--spacing--3-rem)\">\n<div class=\"wp-block-button is-style-fillgreen\"><a class=\"wp-block-button__link wp-element-button\" href=\"mailto:ausbildung@sitema.de\">Jetzt bewerben \/ in Kontakt treten<\/a><\/div>\n<\/div>\n<\/div><\/div>\n\n\n\n<div class=\"wp-block-media-text has-media-on-the-right is-stacked-on-mobile is-vertically-aligned-center is-image-fill-element border-radius-4 has-white-background-color has-background\" style=\"margin-top:var(--wp--preset--spacing--4-rem);margin-bottom:var(--wp--preset--spacing--4-rem);padding-top:0;padding-right:0;padding-bottom:0;padding-left:0;grid-template-columns:auto 40%\"><div class=\"wp-block-media-text__content\">\n<h3 class=\"wp-block-heading\" id=\"wollt\">Ihr wollt mehr Infos?<\/h3>\n\n\n\n<p>Wir freuen uns \u00fcber dein Interesse und deine Fragen rund um die Ausbildung bei SITEMA.<\/p>\n\n\n\n<p>Dein Ansprechpartner:<\/p>\n\n\n\n<p>Herr Markus Becker<br>Telefon: +49 (0) 721 98661-40<br>E-Mail:&nbsp;<a href=\"mailto:ausbildung@sitema.de\">ausbildung@sitema.de<\/a><\/p>\n\n\n\n<p style=\"margin-bottom:var(--wp--preset--spacing--3-rem)\">SITEMA GmbH &amp; Co. KG<br>G.-Braun-Stra\u00dfe 13<br>76187 Karlsruhe<\/p>\n<\/div><figure class=\"wp-block-media-text__media\"><img decoding=\"async\" width=\"585\" height=\"430\" src=\"https:\/\/www.sitema.de\/wp-content\/uploads\/karriere\/jetzt-bewerben-ausbildung.jpg\" alt=\"\" class=\"wp-image-10561 size-full\" style=\"object-position:50% 50%\" srcset=\"https:\/\/www.sitema.de\/wp-content\/uploads\/karriere\/jetzt-bewerben-ausbildung.jpg 585w, https:\/\/www.sitema.de\/wp-content\/uploads\/karriere\/jetzt-bewerben-ausbildung-300x221.jpg 300w\" sizes=\"(max-width: 585px) 100vw, 585px\" \/><\/figure><\/div>\n<\/div>\n\n\n\n<div class=\"wp-block-cover alignfull is-light\"><span aria-hidden=\"true\" class=\"wp-block-cover__background has-background-dim-0 has-background-dim\" style=\"background-color:#9aa4b1\"><\/span><img decoding=\"async\" width=\"1678\" height=\"1122\" class=\"wp-block-cover__image-background wp-image-22579\" alt=\"\" src=\"https:\/\/www.sitema.de\/wp-content\/uploads\/karriere\/24-09-12_Austausch-Azubis1-1.jpg\" style=\"object-position:63% 53%\" data-object-fit=\"cover\" data-object-position=\"63% 53%\" srcset=\"https:\/\/www.sitema.de\/wp-content\/uploads\/karriere\/24-09-12_Austausch-Azubis1-1.jpg 1678w, https:\/\/www.sitema.de\/wp-content\/uploads\/karriere\/24-09-12_Austausch-Azubis1-1-300x201.jpg 300w, https:\/\/www.sitema.de\/wp-content\/uploads\/karriere\/24-09-12_Austausch-Azubis1-1-1024x685.jpg 1024w, https:\/\/www.sitema.de\/wp-content\/uploads\/karriere\/24-09-12_Austausch-Azubis1-1-768x514.jpg 768w, https:\/\/www.sitema.de\/wp-content\/uploads\/karriere\/24-09-12_Austausch-Azubis1-1-1536x1027.jpg 1536w\" sizes=\"(max-width: 1678px) 100vw, 1678px\" \/><div class=\"wp-block-cover__inner-container has-global-padding is-layout-constrained wp-block-cover-is-layout-constrained\">\n<p class=\"has-text-align-center has-large-font-size\"><\/p>\n<\/div><\/div>\n","protected":false},"excerpt":{"rendered":"<p>Dein Talent. Deine Zukunft.Deine Chance. Lerne gefragte F\u00e4higkeiten von echten Maschinenbau-Experten. Mit Fachwissen, handwerklichem Geschick und einem Auge f\u00fcr Perfektion setzen wir Ma\u00dfst\u00e4be. Nat\u00fcrlich nutzen wir modernste Technologien \u2013 wahre Pr\u00e4zision entsteht jedoch durch handwerkliches K\u00f6nnen. Doch nicht nur deswegen sind unsere Klemmk\u00f6pfe die Besten der Welt.Entscheidend sind die K\u00f6pfe dahinter: Unsere Mitarbeiter in der [&hellip;]<\/p>\n","protected":false},"author":1,"featured_media":0,"parent":7826,"menu_order":0,"comment_status":"closed","ping_status":"closed","template":"","meta":{"_acf_changed":false,"_seopress_robots_primary_cat":"","_seopress_titles_title":"","_seopress_titles_desc":"","_seopress_robots_index":"","footnotes":""},"class_list":["post-10523","page","type-page","status-publish","hentry"],"acf":[],"_links":{"self":[{"href":"https:\/\/www.sitema.de\/de\/wp-json\/wp\/v2\/pages\/10523","targetHints":{"allow":["GET"]}}],"collection":[{"href":"https:\/\/www.sitema.de\/de\/wp-json\/wp\/v2\/pages"}],"about":[{"href":"https:\/\/www.sitema.de\/de\/wp-json\/wp\/v2\/types\/page"}],"author":[{"embeddable":true,"href":"https:\/\/www.sitema.de\/de\/wp-json\/wp\/v2\/users\/1"}],"replies":[{"embeddable":true,"href":"https:\/\/www.sitema.de\/de\/wp-json\/wp\/v2\/comments?post=10523"}],"version-history":[{"count":46,"href":"https:\/\/www.sitema.de\/de\/wp-json\/wp\/v2\/pages\/10523\/revisions"}],"predecessor-version":[{"id":90465,"href":"https:\/\/www.sitema.de\/de\/wp-json\/wp\/v2\/pages\/10523\/revisions\/90465"}],"up":[{"embeddable":true,"href":"https:\/\/www.sitema.de\/de\/wp-json\/wp\/v2\/pages\/7826"}],"wp:attachment":[{"href":"https:\/\/www.sitema.de\/de\/wp-json\/wp\/v2\/media?parent=10523"}],"curies":[{"name":"wp","href":"https:\/\/api.w.org\/{rel}","templated":true}]}}