{"id":10467,"date":"2024-07-11T10:35:20","date_gmt":"2024-07-11T10:35:20","guid":{"rendered":"https:\/\/www.sitema.de\/?page_id=10467"},"modified":"2026-03-27T14:19:46","modified_gmt":"2026-03-27T13:19:46","slug":"stellenangebote","status":"publish","type":"page","link":"https:\/\/www.sitema.de\/de\/unternehmen\/stellenangebote\/","title":{"rendered":"Stellengebote"},"content":{"rendered":"\n<section class=\"wp-block-group alignfull header-generic has-global-padding is-layout-constrained wp-block-group-is-layout-constrained\" id=\"header-generic\">\n<div class=\"wp-block-cover alignfull\" style=\"min-height:350px;aspect-ratio:unset;\"><img decoding=\"async\" width=\"1600\" height=\"800\" class=\"wp-block-cover__image-background wp-image-17952\" alt=\"\" src=\"https:\/\/www.sitema.de\/wp-content\/uploads\/unternehmen\/unternehmen_halle.jpg\" style=\"object-position:53% 61%\" data-object-fit=\"cover\" data-object-position=\"53% 61%\" srcset=\"https:\/\/www.sitema.de\/wp-content\/uploads\/unternehmen\/unternehmen_halle.jpg 1600w, https:\/\/www.sitema.de\/wp-content\/uploads\/unternehmen\/unternehmen_halle-300x150.jpg 300w, https:\/\/www.sitema.de\/wp-content\/uploads\/unternehmen\/unternehmen_halle-1024x512.jpg 1024w, https:\/\/www.sitema.de\/wp-content\/uploads\/unternehmen\/unternehmen_halle-768x384.jpg 768w, https:\/\/www.sitema.de\/wp-content\/uploads\/unternehmen\/unternehmen_halle-1536x768.jpg 1536w\" sizes=\"(max-width: 1600px) 100vw, 1600px\" \/><span aria-hidden=\"true\" class=\"wp-block-cover__background has-background-dim-30 has-background-dim wp-block-cover__gradient-background has-background-gradient\" style=\"background:linear-gradient(90deg,rgb(128,128,128) 0%,rgba(0,0,0,0) 100%)\"><\/span><div class=\"wp-block-cover__inner-container has-global-padding is-layout-constrained wp-block-cover-is-layout-constrained\">\n<h1 class=\"wp-block-heading has-text-align-left has-blue-20-color has-text-color has-title-h-1-font-size\"><strong>Join the SiForce!<\/strong><\/h1>\n\n\n\n<h2 class=\"wp-block-heading has-text-align-left has-blue-20-color has-text-color has-headline-h-2-font-size\"><strong>Arbeiten bei SITEMA<\/strong><\/h2>\n<\/div><\/div>\n<\/section>\n\n\n\n<div class=\"wp-block-media-text has-media-on-the-right is-stacked-on-mobile is-vertically-aligned-center is-image-fill-element border-radius-4 has-white-background-color has-background\" style=\"margin-top:var(--wp--preset--spacing--4-rem);margin-bottom:var(--wp--preset--spacing--4-rem);padding-top:0;padding-right:0;padding-bottom:0;padding-left:0;grid-template-columns:auto 40%\"><div class=\"wp-block-media-text__content\">\n<h3 class=\"wp-block-heading\">Offene Stellen f\u00fcr BerufseinsteigerInnen und Erfahrene<\/h3>\n\n\n\n<p class=\"has-green-40-color has-text-color has-link-color wp-elements-882ea2df308b4d0aa143c26597c07d88\"><strong>Werden Sie Teil unserer gemeinsamen Zukunft<\/strong><\/p>\n\n\n\n<p style=\"margin-bottom:var(--wp--preset--spacing--3-rem)\">Als modernes und innovatives Unternehmen suchen wir dynamische, kompetente und teamf\u00e4hige MitarbeiterInnen, die mit uns gemeinsam am Erfolg von SITEMA feilen.<\/p>\n<\/div><figure class=\"wp-block-media-text__media\"><img decoding=\"async\" width=\"585\" height=\"430\" src=\"https:\/\/www.sitema.de\/wp-content\/uploads\/karriere\/In-Kontakt-treten.jpg\" alt=\"\" class=\"wp-image-10468 size-full\" style=\"object-position:53% 66%\" srcset=\"https:\/\/www.sitema.de\/wp-content\/uploads\/karriere\/In-Kontakt-treten.jpg 585w, https:\/\/www.sitema.de\/wp-content\/uploads\/karriere\/In-Kontakt-treten-300x221.jpg 300w\" sizes=\"(max-width: 585px) 100vw, 585px\" \/><\/figure><\/div>\n\n\n\n<div class=\"wp-block-media-text is-stacked-on-mobile is-vertically-aligned-center border-radius-4 has-white-background-color has-background\" style=\"margin-top:var(--wp--preset--spacing--4-rem);margin-bottom:var(--wp--preset--spacing--4-rem);padding-top:0;padding-right:0;padding-bottom:0;padding-left:0;grid-template-columns:41% auto\"><figure class=\"wp-block-media-text__media\"><img decoding=\"async\" width=\"585\" height=\"410\" src=\"https:\/\/www.sitema.de\/wp-content\/uploads\/unternehmen\/eb5c2ce06ebac46c6762ed0c4e3e0806.jpg\" alt=\"\" class=\"wp-image-7829 size-full\" srcset=\"https:\/\/www.sitema.de\/wp-content\/uploads\/unternehmen\/eb5c2ce06ebac46c6762ed0c4e3e0806.jpg 585w, https:\/\/www.sitema.de\/wp-content\/uploads\/unternehmen\/eb5c2ce06ebac46c6762ed0c4e3e0806-300x210.jpg 300w\" sizes=\"(max-width: 585px) 100vw, 585px\" \/><\/figure><div class=\"wp-block-media-text__content\">\n<h3 class=\"wp-block-heading\">Vom Markt ins Produkt &#8211; und zur\u00fcck<\/h3>\n\n\n\n<p>In typischen Anwendungsgebieten wie der Ausr\u00fcstung von Aufz\u00fcgen, Werkzeugmaschinen, Hydraulikpressen, Seilbahnen, Br\u00fccken oder Transferstra\u00dfen sch\u00fctzen SITEMA-Klemmk\u00f6pfe Menschen oder springen in Notf\u00e4llen ein. Wir schaffen eine Stabsstelle, die Produktmanagement und strategisches Marketing vereint \u2013 mit Durchblick auf das gesamte Portfolio und der Verantwortung, Marktchancen in erfolgreiche Produkte zu \u00fcbersetzen.<\/p>\n\n\n\n<p class=\"has-orange-50-color has-text-color has-link-color wp-elements-c4233db818c39a881024fbdf67ba291e\" style=\"font-size:clamp(14px, 0.875rem + ((1vw - 3.2px) * 0.469), 20px);\"><mark style=\"background-color:rgba(0, 0, 0, 0)\" class=\"has-inline-color has-orange-50-color\"><strong><strong>Produktmanager <mark style=\"background-color:rgba(0, 0, 0, 0)\" class=\"has-inline-color has-orange-50-color\"><strong><sup>(m\/w\/d)<\/sup><\/strong><\/mark><\/strong><\/strong><\/mark> <mark style=\"background-color:rgba(0, 0, 0, 0)\" class=\"has-inline-color has-orange-50-color\"><strong><strong>Maschinenbau<\/strong><\/strong><\/mark><br><mark style=\"background-color:rgba(0, 0, 0, 0)\" class=\"has-inline-color has-orange-50-color\"><strong><strong>Erkl\u00e4rungsbed\u00fcrftige B2B-Produkte<\/strong><\/strong><\/mark><\/p>\n\n\n\n<p><mark style=\"background-color:rgba(0, 0, 0, 0)\" class=\"has-inline-color has-orange-50-color\"><strong>Stabstelle<mark style=\"background-color:rgba(0, 0, 0, 0)\" class=\"has-inline-color has-orange-50-color\"><strong><strong> \u00b7<\/strong><\/strong><\/mark> Karlsruhe<\/strong><\/mark><\/p>\n\n\n\n<p>Sie f\u00fchren keine Mitarbeiter, aber Sie f\u00fchren Projekte von der Produktidee bis zur Markteinf\u00fchrung. Sie analysieren M\u00e4rkte, Trends und Wettbewerber, leiten daraus belastbare Empfehlungen ab und setzen Sie aktiv um. Dabei arbeiten Sie eng und ohne Hierarchiedenken mit Vertrieb und Entwicklung zusammen und pr\u00fcfen neue Produktideen gemeinsam auf technische Machbarkeit und wirtschaftliche Tragf\u00e4higkeit. Das bestehende Portfolio betreuen Sie aktiv \u00fcber den gesamten Lebenszyklus, erkennen L\u00fccken und Chancen, steuern Anpassungen und treiben Entscheidungen bis zum Erfolg.<\/p>\n\n\n\n<p><em>Unser Angebot f\u00fcr Sie<\/em><\/p>\n\n\n\n<ul class=\"wp-block-list\">\n<li>Sicherer Arbeitsplatz beim Technologief\u00fchrer<\/li>\n\n\n\n<li>Flache Hierarchien und kurze Entscheidungswege<\/li>\n\n\n\n<li>Hohe Eigenverantwortung und Gestaltungsspielraum<\/li>\n\n\n\n<li>Attraktives Einkommen<\/li>\n\n\n\n<li>Moderne Arbeitspl\u00e4tze und Arbeitsmittel<\/li>\n\n\n\n<li>Gezielte Fortbildung und berufliche Weiterentwicklung<\/li>\n<\/ul>\n\n\n\n<p><em>Lust, Verantwortung zu \u00fcbernehmen?<\/em><\/p>\n\n\n\n<p>Das Anforderungsprofil sowie weitere Details finden Sie in der Stellenanzeige zum Download als PDF.<\/p>\n\n\n\n<div class=\"wp-block-buttons is-layout-flex wp-block-buttons-is-layout-flex\" style=\"margin-bottom:var(--wp--preset--spacing--3-rem)\">\n<div class=\"wp-block-button is-style-fillgreen\"><a class=\"wp-block-button__link wp-element-button\" href=\"https:\/\/www.sitema.de\/wp-content\/uploads\/Stellenausschreibungen\/SITEMA-Anzeige-ProduktmanagerIn.pdf\" target=\"_blank\" rel=\"noreferrer noopener\">Stellenanzeige PDF<\/a><\/div>\n<\/div>\n<\/div><\/div>\n\n\n\n<div class=\"wp-block-media-text has-media-on-the-right is-stacked-on-mobile is-vertically-aligned-center border-radius-4 has-white-background-color has-background\" style=\"margin-top:var(--wp--preset--spacing--4-rem);margin-bottom:var(--wp--preset--spacing--4-rem);padding-top:0;padding-right:0;padding-bottom:0;padding-left:0;grid-template-columns:auto 41%\"><div class=\"wp-block-media-text__content\">\n<h3 class=\"wp-block-heading\">Technik-Talk auf Augenh\u00f6he<\/h3>\n\n\n\n<p>Als Technologief\u00fchrer f\u00fcr Klemmeinheiten und Linearbremsen sch\u00fctzen unsere Produkte Menschen \u2013 in Pressen, Werkzeugmaschinen, Seilbahnen, Theaterb\u00fchnen und sogar in U-Booten. Mit rund 60 Mitarbeitenden in Karlsruhe entwickeln und fertigen wir Produkte, die weltweit gefragt sind. F\u00fcr den systematischen Ausbau des deutschen Marktes und die Weiterentwicklung unseres Kundenstamms suchen wir einen hochmotivierten<\/p>\n\n\n\n<p class=\"has-orange-50-color has-text-color has-link-color wp-elements-7692c7243688e780768db338bc912a8c\" style=\"font-size:clamp(14px, 0.875rem + ((1vw - 3.2px) * 0.469), 20px);\"><mark style=\"background-color:rgba(0, 0, 0, 0)\" class=\"has-inline-color has-orange-50-color\"><strong><strong>Vertriebsingenieur \/ Vertriebstechniker <mark style=\"background-color:rgba(0, 0, 0, 0)\" class=\"has-inline-color has-orange-50-color\"><strong><sup>(m\/w\/d)<\/sup><\/strong><\/mark><\/strong><\/strong><\/mark><br><mark style=\"background-color:rgba(0, 0, 0, 0)\" class=\"has-inline-color has-orange-50-color\"><strong><strong>Au\u00dfendienst \/ Maschinen- und Anlagenbau<\/strong><\/strong><\/mark><\/p>\n\n\n\n<p><mark style=\"background-color:rgba(0, 0, 0, 0)\" class=\"has-inline-color has-orange-50-color\"><strong>50-70% Reiset\u00e4tigkeit in Deutschland<\/strong><\/mark><\/p>\n\n\n\n<p>Sie betreuen Kunden in ganz Deutschland \u2013 vom kleinen Maschinenbauer bis zum Konzern. Sie verstehen, was der Kunde baut, Sie lesen Zeichnungen und erkennen, wo unsere Produkte sinnvoll integriert werden k\u00f6nnen. Mal ein Gespr\u00e4ch, das h\u00e4ngen bleibt. Mal ein Kontakt, der Zeit braucht. Mal ein Projekt, das erst beim dritten Anlauf passt. Genau das reizt Sie.<\/p>\n\n\n\n<p>Der Schwerpunkt Ihrer Arbeit ist die systematische Neukundengewinnung \u2013 mit bew\u00e4hrten Methoden wie Branchenanalysen, Kaltakquise am Telefon und KI-gest\u00fctzter Leadrecherche. Ihre Aufgabe ist es, aus Kontakten Gespr\u00e4che zu machen \u2013 und aus Gespr\u00e4chen Auftr\u00e4ge. Der pers\u00f6nliche Kontakt ist unser zentraler Vertriebskanal. Ob telefonisch, digital oder auf Messen, wo man so vielversprechende Kontakte macht wie sonst nirgendwo. Gelegentlich f\u00fchren Sie technische Diskussionen auch auf Englisch.<\/p>\n\n\n\n<p><em>Unser Angebot f\u00fcr Sie<\/em><\/p>\n\n\n\n<ul class=\"wp-block-list\">\n<li>Sicherer Arbeitsplatz beim Technologief\u00fchrer<\/li>\n\n\n\n<li>Flache Hierarchien und direkter Draht zur Gesch\u00e4ftsf\u00fchrung<\/li>\n\n\n\n<li>Messeauftritte im In- und Ausland als fester Teil Ihrer Arbeit<\/li>\n\n\n\n<li>Attraktives Einkommen inkl. Erfolgsbeteiligung und Fahrzeug<\/li>\n\n\n\n<li>Fortbildung und berufliche Weiterentwicklung<\/li>\n\n\n\n<li>Wohnort bevorzugt in der N\u00e4he, aber flexibel; Einarbeitung<br>und regelm\u00e4\u00dfige B\u00fcrotage in Karlsruhe<\/li>\n<\/ul>\n\n\n\n<p><em>Werden Sie Teil unserer Erfolgsgeschichte<\/em><\/p>\n\n\n\n<p>Das Anforderungsprofil sowie weitere Details finden Sie in der Stellenanzeige zum Download als PDF.<\/p>\n\n\n\n<div class=\"wp-block-buttons is-layout-flex wp-block-buttons-is-layout-flex\" style=\"margin-bottom:var(--wp--preset--spacing--3-rem)\">\n<div class=\"wp-block-button is-style-fillgreen\"><a class=\"wp-block-button__link wp-element-button\" href=\"https:\/\/www.sitema.de\/wp-content\/uploads\/Stellenausschreibungen\/SITEMA-Anzeige-VertriebsmitarbeiterIn.pdf\" target=\"_blank\" rel=\"noreferrer noopener\">Stellenanzeige PDF<\/a><\/div>\n<\/div>\n<\/div><figure class=\"wp-block-media-text__media\"><img decoding=\"async\" width=\"791\" height=\"1024\" src=\"https:\/\/www.sitema.de\/wp-content\/uploads\/karriere\/gespraech_auf_dem_gang-791x1024.jpg\" alt=\"\" class=\"wp-image-52468 size-full\" srcset=\"https:\/\/www.sitema.de\/wp-content\/uploads\/karriere\/gespraech_auf_dem_gang-791x1024.jpg 791w, https:\/\/www.sitema.de\/wp-content\/uploads\/karriere\/gespraech_auf_dem_gang-232x300.jpg 232w, https:\/\/www.sitema.de\/wp-content\/uploads\/karriere\/gespraech_auf_dem_gang-768x994.jpg 768w, https:\/\/www.sitema.de\/wp-content\/uploads\/karriere\/gespraech_auf_dem_gang.jpg 1159w\" sizes=\"(max-width: 791px) 100vw, 791px\" \/><\/figure><\/div>\n\n\n\n<div class=\"wp-block-media-text is-stacked-on-mobile is-vertically-aligned-center border-radius-4 has-white-background-color has-background\" style=\"margin-top:var(--wp--preset--spacing--4-rem);margin-bottom:var(--wp--preset--spacing--4-rem);padding-top:0;padding-right:0;padding-bottom:0;padding-left:0;grid-template-columns:41% auto\"><figure class=\"wp-block-media-text__media\"><img decoding=\"async\" width=\"585\" height=\"410\" src=\"https:\/\/www.sitema.de\/wp-content\/uploads\/unternehmen\/0719a23477fbd1480c57db87e69a00c9.jpg\" alt=\"\" class=\"wp-image-7851 size-full\" srcset=\"https:\/\/www.sitema.de\/wp-content\/uploads\/unternehmen\/0719a23477fbd1480c57db87e69a00c9.jpg 585w, https:\/\/www.sitema.de\/wp-content\/uploads\/unternehmen\/0719a23477fbd1480c57db87e69a00c9-300x210.jpg 300w\" sizes=\"(max-width: 585px) 100vw, 585px\" \/><\/figure><div class=\"wp-block-media-text__content\">\n<h3 class=\"wp-block-heading\">Logistik bewegt \u2013 jeder Tag ist anders<\/h3>\n\n\n\n<p>Klemmk\u00f6pfe sind ein gro\u00dfes Universum, das wir mit unseren rund 60 Mitarbeitenden voll im Griff haben. Als Technologief\u00fchrer und Spezialist mit jahrzehntelanger Erfahrung in der Entwicklung und Fertigung von Klemmeinheiten und Linearbremsen sind wir weltweit pr\u00e4sent. Von Werkzeugmaschinen, Hydraulikpressen und Br\u00fccken bis hin zu Seilbahnen sch\u00fctzen unsere Produkte Menschen und greifen in Notf\u00e4llen ein. Zur Verst\u00e4rkung suchen wir Sie als<\/p>\n\n\n\n<p class=\"has-orange-50-color has-text-color has-link-color wp-elements-cd93614351061a1ac72f52627a04f944\" style=\"font-size:clamp(14px, 0.875rem + ((1vw - 3.2px) * 0.469), 20px);\"><mark style=\"background-color:rgba(0, 0, 0, 0)\" class=\"has-inline-color has-orange-50-color\"><strong><strong>Fachkraft f\u00fcr Lagerlogistik \/ Lagerist <mark style=\"background-color:rgba(0, 0, 0, 0)\" class=\"has-inline-color has-orange-50-color\"><strong><sup>(m\/w\/d)<\/sup><\/strong><\/mark><\/strong><\/strong><\/mark><br><mark style=\"background-color:rgba(0, 0, 0, 0)\" class=\"has-inline-color has-orange-50-color\"><strong><strong>Lager, Warenein- und ausgang<\/strong><\/strong><\/mark><\/p>\n\n\n\n<p><mark style=\"background-color:rgba(0, 0, 0, 0)\" class=\"has-inline-color has-orange-50-color\"><strong>Vollzeit, 38 Std. \/ Woche, Karlsruhe<\/strong><\/mark><\/p>\n\n\n\n<p>Alles, was die Fertigung verl\u00e4sst, landet auf Ihrem Tisch: Sie kommissionieren Auftr\u00e4ge EDV-gest\u00fctzt (Lagerverwaltungssoftware: viadat), stellen Sendungen zusammen, verpacken sie transportsicher und verladen sie fachgerecht. Eingehende Lieferungen pr\u00fcfen Sie auf Vollst\u00e4ndigkeit, Artikelidentit\u00e4t und \u00e4u\u00dferliche M\u00e4ngel. Lieferscheine buchen Sie per MDE-Scanner und messen Normteile oder Gewichte nach.<\/p>\n\n\n\n<p>Im kleinen Team arbeiten Sie selbstst\u00e4ndig und verantwortungsbewusst. Gemeinsam stellen Sie den reibungslosen Materialfluss in die Produktion und aus dem Versand sicher. Und bei Jahresinventuren helfen Sie, die Best\u00e4nde zu z\u00e4hlen. Bei Ihnen sitzt jeder Klick, weil Sie die Abl\u00e4ufe verstehen.<\/p>\n\n\n\n<p><em>Unser Angebot f\u00fcr Sie<\/em><\/p>\n\n\n\n<ul class=\"wp-block-list\">\n<li>Sicherer Arbeitsplatz beim Technologief\u00fchrer<\/li>\n\n\n\n<li>Moderne Arbeitspl\u00e4tze mit neuesten Arbeitsmitteln<\/li>\n\n\n\n<li>Sehr gutes Einkommen; Urlaubs- u. Weihnachtsgeld<\/li>\n\n\n\n<li>Fortbildung und Weiterentwicklung<\/li>\n\n\n\n<li>Flexible Arbeitszeiten<\/li>\n\n\n\n<li>30 Tage Jahresurlaub<\/li>\n\n\n\n<li>Unbefristetes Arbeitsverh\u00e4ltnis<\/li>\n\n\n\n<li>Kindergartenzuschuss<\/li>\n<\/ul>\n\n\n\n<p><em>Werden Sie Teil unserer Erfolgsgeschichte<\/em><\/p>\n\n\n\n<p>Das Anforderungsprofil sowie weitere Details finden Sie in der Stellenanzeige zum Download als PDF.<\/p>\n\n\n\n<div class=\"wp-block-buttons is-layout-flex wp-block-buttons-is-layout-flex\" style=\"margin-bottom:var(--wp--preset--spacing--3-rem)\">\n<div class=\"wp-block-button is-style-fillgreen\"><a class=\"wp-block-button__link wp-element-button\" href=\"https:\/\/www.sitema.de\/wp-content\/uploads\/Stellenausschreibungen\/SITEMA-Anzeige-LageristIn.pdf\" target=\"_blank\" rel=\"noreferrer noopener\">Stellenanzeige PDF<\/a><\/div>\n<\/div>\n<\/div><\/div>\n\n\n\n<div class=\"wp-block-media-text has-media-on-the-right is-stacked-on-mobile is-vertically-aligned-center border-radius-4 has-white-background-color has-background\" style=\"margin-top:var(--wp--preset--spacing--4-rem);margin-bottom:var(--wp--preset--spacing--4-rem);padding-top:0;padding-right:0;padding-bottom:0;padding-left:0;grid-template-columns:auto 41%\"><div class=\"wp-block-media-text__content\">\n<h3 class=\"wp-block-heading\">Im Weltall findet man unsere ber\u00fchmten Klemmk\u00f6pfe noch nicht, \u2026<\/h3>\n\n\n\n<p>aber davon abgesehen sind sie \u00fcberall auf dieser Welt im t\u00e4glichen Einsatz. Als gesch\u00e4tzter Partner f\u00fcr die Maschinenbauindustrie sind wir in der Entwicklung und Fertigung von Klemmeinheiten und Linearbremsen international f\u00fchrend.<\/p>\n\n\n\n<p>Die Ausr\u00fcstung von Hydraulikpressen, Werkzeugmaschinen, Aufz\u00fcgen, Seilbahnen, Br\u00fccken oder Transferstra\u00dfen sind typische Anwendungsgebiete, wo SITEMA-Klemmk\u00f6pfe Menschen sch\u00fctzen oder in Notf\u00e4llen einspringen.Als Technologief\u00fchrer ist es der Anspruch, uns fachlich permanent weiterzuentwickeln und den Markt mit innovativen Produkten zu begeistern. Wirken Sie mit bei der Erweiterung unserer Produktpalette und machen Sie bei uns ein(e) \u2026<\/p>\n\n\n\n<p class=\"has-green-40-color has-text-color has-link-color wp-elements-f3ac8164874962448e76159019505179\" style=\"font-size:clamp(14px, 0.875rem + ((1vw - 3.2px) * 0.469), 20px);\"><mark style=\"background-color:rgba(0, 0, 0, 0)\" class=\"has-inline-color has-orange-50-color\"><strong>Praktikum, Bachelor- oder Masterarbeit Produktentwicklung<\/strong><\/mark><\/p>\n\n\n\n<p>Mit unseren bew\u00e4hrten Klemmsystemen decken wir eine breite Palette von Anwendungen ab, die wir durch Neuentwicklungen stetig vergr\u00f6\u00dfern. Neue Produkte von Grund auf zu entwickeln und auf den Markt zu bringen, ist dabei ohne Versuche und Tests undenkbar. Unterst\u00fctzen Sie uns sowohl bei der Produktentwicklung als auch beim Aufbau von Pr\u00fcfst\u00e4nden. Sammeln Sie dazu kreative Ideen, erarbeiten Konzepte zur technischen Umsetzung, dimensionieren und w\u00e4hlen Komponenten aus, erstellen 3D-Modelle und schlie\u00dfen Sie Ihre erfolgreiche Entwicklung mit der Inbetriebnahme des Prototyps oder Pr\u00fcfaufbaus ab.<\/p>\n\n\n\n<p>Unser Angebot richtet sich an Studierende des Maschinenbaus, der Mechatronik oder einer vergleichbaren Fachrichtung, die Interesse und Spa\u00df am Entwickeln und Konstruieren haben. Idealerweise haben Sie bereits Erfahrung mit 3D-CAD-Systemen, insbesondere mit Solidworks.<br><br><em>Unser Angebot f\u00fcr Sie<\/em><\/p>\n\n\n\n<ul class=\"wp-block-list\">\n<li>Aufgabenstellung aus der Praxis<\/li>\n\n\n\n<li>Produktentwicklung von der Idee bis zum Produkt<\/li>\n\n\n\n<li>Gestaltungsfreiheit und Handlungsspielraum<\/li>\n\n\n\n<li>Moderne Arbeitspl\u00e4tze, neueste Arbeitsmittel<\/li>\n<\/ul>\n\n\n\n<p>Ihre strukturierte und selbstst\u00e4ndige Arbeitsweise erg\u00e4nzt Ihre Kreativit\u00e4t und passt gut zu dieser realen Entwicklungsaufgabe, an deren Ende ein sicht- und greifbares Ergebnis steht.<br>Eingebunden in ein Team von kompetenten Kollegen, die gerne bereit sind, im Austausch mit Ihnen ihr Wissen und ihre Erfahrung einzubringen, bietet sich Ihnen die Chance, sich mit Ihren Ideen am Ausbau unserer f\u00fchrenden Marktposition zu beteiligen.<br>Interesse? Weitere Details finden Sie in der Stellenanzeige zum Download als PDF.<\/p>\n\n\n\n<div class=\"wp-block-buttons is-layout-flex wp-block-buttons-is-layout-flex\" style=\"margin-bottom:var(--wp--preset--spacing--3-rem)\">\n<div class=\"wp-block-button is-style-fillgreen\"><a class=\"wp-block-button__link wp-element-button\" href=\"https:\/\/www.sitema.de\/wp-content\/uploads\/Stellenausschreibungen\/240313_SITEMA_Ausschreibung_Praktikum_Abschlussarbeit.pdf\" target=\"_blank\" rel=\"noreferrer noopener\">Stellenanzeige PDF<\/a><\/div>\n<\/div>\n<\/div><figure class=\"wp-block-media-text__media\"><img decoding=\"async\" width=\"1024\" height=\"683\" src=\"https:\/\/www.sitema.de\/wp-content\/uploads\/icons-symbole-banner\/Powerstroke-0047-2-1024x683.jpg\" alt=\"\" class=\"wp-image-16905 size-full\" srcset=\"https:\/\/www.sitema.de\/wp-content\/uploads\/icons-symbole-banner\/Powerstroke-0047-2-1024x683.jpg 1024w, https:\/\/www.sitema.de\/wp-content\/uploads\/icons-symbole-banner\/Powerstroke-0047-2-300x200.jpg 300w, https:\/\/www.sitema.de\/wp-content\/uploads\/icons-symbole-banner\/Powerstroke-0047-2-768x512.jpg 768w, https:\/\/www.sitema.de\/wp-content\/uploads\/icons-symbole-banner\/Powerstroke-0047-2-1536x1024.jpg 1536w, https:\/\/www.sitema.de\/wp-content\/uploads\/icons-symbole-banner\/Powerstroke-0047-2-2048x1365.jpg 2048w\" sizes=\"(max-width: 1024px) 100vw, 1024px\" \/><\/figure><\/div>\n\n\n\n<div class=\"wp-block-media-text has-media-on-the-right is-stacked-on-mobile is-vertically-aligned-center is-image-fill-element border-radius-4 has-white-background-color has-background\" style=\"margin-top:var(--wp--preset--spacing--4-rem);margin-bottom:var(--wp--preset--spacing--4-rem);padding-top:0;padding-right:0;padding-bottom:0;padding-left:0;grid-template-columns:auto 45%\"><div class=\"wp-block-media-text__content\">\n<h3 class=\"wp-block-heading\">Haben wir Ihr Interesse geweckt?<\/h3>\n\n\n\n<p>Dann schicken Sie uns Ihre aussagekr\u00e4ftigen Bewerbungsunterlagen vorzugsweise als PDF per Email an die unten aufgef\u00fchrten Kontaktdaten.<br><br>Wenn Sie Fragen allgemeiner Natur oder konkret zu einer offenen Stelle haben, dann rufen Sie uns gerne an. Die KollegInnen sind von 8:00 Uhr bis 17:00 Uhr f\u00fcr Sie da.<br><br>Wir freuen uns auf Ihre Nachricht!<\/p>\n\n\n\n<p>Telefon: +49 (0) 721 98661-0<br>E-Mail:&nbsp;<a href=\"mailto:personal@sitema.de\">personal@sitema.de<\/a><\/p>\n\n\n\n<p>SITEMA GmbH &amp; Co. KG<br>G.-Braun-Stra\u00dfe 13<br>76187 Karlsruhe<\/p>\n<\/div><figure class=\"wp-block-media-text__media\"><img decoding=\"async\" width=\"585\" height=\"430\" src=\"https:\/\/www.sitema.de\/wp-content\/uploads\/unternehmen\/jetzt-bewerben.jpg\" alt=\"\" class=\"wp-image-10495 size-full\" style=\"object-position:50% 50%\" srcset=\"https:\/\/www.sitema.de\/wp-content\/uploads\/unternehmen\/jetzt-bewerben.jpg 585w, https:\/\/www.sitema.de\/wp-content\/uploads\/unternehmen\/jetzt-bewerben-300x221.jpg 300w\" sizes=\"(max-width: 585px) 100vw, 585px\" \/><\/figure><\/div>\n\n\n\n<div id=\"karriere-content\" class=\"wp-block-group karriere-content has-global-padding is-layout-constrained wp-block-group-is-layout-constrained\"><\/div>\n","protected":false},"excerpt":{"rendered":"<p>Offene Stellen f\u00fcr BerufseinsteigerInnen und Erfahrene Werden Sie Teil unserer gemeinsamen Zukunft Als modernes und innovatives Unternehmen suchen wir dynamische, kompetente und teamf\u00e4hige MitarbeiterInnen, die mit uns gemeinsam am Erfolg von SITEMA feilen. Haben wir Ihr Interesse geweckt? Dann schicken Sie uns Ihre aussagekr\u00e4ftigen Bewerbungsunterlagen vorzugsweise als PDF per Email an die unten aufgef\u00fchrten Kontaktdaten. [&hellip;]<\/p>\n","protected":false},"author":1,"featured_media":0,"parent":7826,"menu_order":0,"comment_status":"closed","ping_status":"closed","template":"","meta":{"_acf_changed":false,"_seopress_robots_primary_cat":"","_seopress_titles_title":"","_seopress_titles_desc":"","_seopress_robots_index":"","_seopress_analysis_target_kw":"","footnotes":""},"class_list":["post-10467","page","type-page","status-publish","hentry"],"acf":[],"_links":{"self":[{"href":"https:\/\/www.sitema.de\/de\/wp-json\/wp\/v2\/pages\/10467","targetHints":{"allow":["GET"]}}],"collection":[{"href":"https:\/\/www.sitema.de\/de\/wp-json\/wp\/v2\/pages"}],"about":[{"href":"https:\/\/www.sitema.de\/de\/wp-json\/wp\/v2\/types\/page"}],"author":[{"embeddable":true,"href":"https:\/\/www.sitema.de\/de\/wp-json\/wp\/v2\/users\/1"}],"replies":[{"embeddable":true,"href":"https:\/\/www.sitema.de\/de\/wp-json\/wp\/v2\/comments?post=10467"}],"version-history":[{"count":35,"href":"https:\/\/www.sitema.de\/de\/wp-json\/wp\/v2\/pages\/10467\/revisions"}],"predecessor-version":[{"id":268748,"href":"https:\/\/www.sitema.de\/de\/wp-json\/wp\/v2\/pages\/10467\/revisions\/268748"}],"up":[{"embeddable":true,"href":"https:\/\/www.sitema.de\/de\/wp-json\/wp\/v2\/pages\/7826"}],"wp:attachment":[{"href":"https:\/\/www.sitema.de\/de\/wp-json\/wp\/v2\/media?parent=10467"}],"curies":[{"name":"wp","href":"https:\/\/api.w.org\/{rel}","templated":true}]}}